{"id":59804,"date":"2018-02-07T12:09:30","date_gmt":"2023-06-05T15:29:38","guid":{"rendered":"https:\/\/cardinal.pixel-tal.de\/klebebaender\/non%20class\u00e9\/tesaband-4651-ruban-tisse-premium\/"},"modified":"2025-07-03T14:55:37","modified_gmt":"2025-07-03T12:55:37","slug":"tesa-4651-bande-tissee-premium","status":"publish","type":"product","link":"https:\/\/cardinal-tapes.com\/fr\/rubans-adh\u00e9sifs\/rubans-adhesifs-simple-face\/gaffer-tape-fr\/tesa-4651-bande-tissee-premium\/","title":{"rendered":"tesaband\u00ae 4651 Ruban tiss\u00e9 Premium"},"content":{"rendered":"<p><sup>tesaband\u00ae<\/sup> 4651 est un ruban tiss\u00e9 performant de premi\u00e8re qualit\u00e9 avec rev\u00eatement plastique compos\u00e9 d&#8217;un support tiss\u00e9 en cellulose 148 mesh de tr\u00e8s haute qualit\u00e9 et d&#8217;une masse adh\u00e9sive en caoutchouc naturel.<\/p>\n<p><strong>Propri\u00e9t\u00e9s<\/strong><br \/>\n&#8211; Forte adh\u00e9rence, m\u00eame sur des surfaces rugueuses<br \/>\n&#8211; Excellente force de d\u00e9chirure<br \/>\n&#8211; Flexible et r\u00e9sistant \u00e0 l&#8217;abrasion<br \/>\n&#8211; R\u00e9sistant aux intemp\u00e9ries, \u00e0 l&#8217;eau et au vieillissement<br \/>\n&#8211; Facile \u00e0 \u00e9crire et \u00e0 d\u00e9chirer \u00e0 la main<\/p>\n<p><strong>Applications<\/strong><br \/>\n&#8211; Marquage en couleur, marquage<br \/>\n&#8211; Ficeler, attacher, banderoler, renforcer, ligaturer et fixer<br \/>\n&#8211; Fermer p. ex. des emballages, des bo\u00eetes, des douilles<br \/>\n&#8211; \u00c9tanch\u00e9ifier des trous de forage, des fentes, des ouvertures, des canaux d&#8217;a\u00e9ration et de ventilation<br \/>\n&#8211; Protection contre le bruit et l&#8217;abrasion Bande de socle sur les armoires frigorifiques et de cuisine<br \/>\n&#8211; Protection contre les objets \u00e0 ar\u00eates vives (protection du travail)<\/p>\n<p>&nbsp;<\/p>\n","protected":false},"excerpt":{"rendered":"<p>tesaband\u00ae 4651 est un ruban tiss\u00e9 performant de premi\u00e8re qualit\u00e9 avec rev\u00eatement plastique compos\u00e9 d&#8217;un support tiss\u00e9 en cellulose 148 mesh de tr\u00e8s haute qualit\u00e9 et d&#8217;une masse adh\u00e9sive en caoutchouc naturel. Propri\u00e9t\u00e9s &#8211; Forte adh\u00e9rence, m\u00eame sur des surfaces rugueuses &#8211; Excellente force de d\u00e9chirure &#8211; Flexible et r\u00e9sistant \u00e0 l&#8217;abrasion &#8211; R\u00e9sistant aux [&hellip;]<\/p>\n","protected":false},"featured_media":26080,"template":"","meta":{"_acf_changed":false},"pwb-brand":[2165],"product_brand":[],"product_cat":[1741,1768,1770,1836,1668,1837,1669,1670,1673,1735,1737,1738],"product_tag":[],"class_list":{"0":"post-59804","1":"product","2":"type-product","3":"status-publish","4":"has-post-thumbnail","6":"pwb-brand-tesa-fr","7":"product_cat-construction-de-machines","8":"product_cat-acier-et-verre","9":"product_cat-industrie-textile","10":"product_cat-rubans-adhesifs-simple-face","11":"product_cat-artisanat-du-batiment","12":"product_cat-gaffer-tape-fr","13":"product_cat-industrie-du-batiment","14":"product_cat-industrie-du-beton","15":"product_cat-industrie-electrique","16":"product_cat-ruban-adhesif-en-tissu","17":"product_cat-ruban-enduit-de-plastique","18":"product_cat-industrie-des-matieres-plastiques","20":"first","21":"instock","22":"featured","23":"taxable","24":"shipping-taxable","25":"purchasable","26":"product-type-variable"},"acf":[],"yoast_head":"<!-- This site is optimized with the Yoast SEO plugin v27.3 - https:\/\/yoast.com\/product\/yoast-seo-wordpress\/ -->\n<title>Tesa 4651 Premium ruban tiss\u00e9 | Cardinal TAPES<\/title>\n<meta name=\"description\" content=\"Tesa 4651 est un ruban tiss\u00e9 performant avec un rev\u00eatement plastique. Il poss\u00e8de un fort pouvoir adh\u00e9sif sur les surfaces rugueuses. Plus d&#039;infos sur tesa 4651.\" \/>\n<meta name=\"robots\" content=\"index, follow, max-snippet:-1, max-image-preview:large, max-video-preview:-1\" \/>\n<link rel=\"canonical\" href=\"https:\/\/cardinal-tapes.com\/fr\/rubans-adh\u00e9sifs\/rubans-adhesifs-simple-face\/gaffer-tape-fr\/tesa-4651-bande-tissee-premium\/\" \/>\n<meta property=\"og:locale\" content=\"fr_FR\" \/>\n<meta property=\"og:type\" content=\"article\" \/>\n<meta property=\"og:title\" content=\"Tesa 4651 Premium ruban tiss\u00e9 | Cardinal TAPES\" \/>\n<meta property=\"og:description\" content=\"Tesa 4651 est un ruban tiss\u00e9 performant avec un rev\u00eatement plastique. Il poss\u00e8de un fort pouvoir adh\u00e9sif sur les surfaces rugueuses. Plus d&#039;infos sur tesa 4651.\" \/>\n<meta property=\"og:url\" content=\"https:\/\/cardinal-tapes.com\/fr\/rubans-adh\u00e9sifs\/rubans-adhesifs-simple-face\/gaffer-tape-fr\/tesa-4651-bande-tissee-premium\/\" \/>\n<meta property=\"og:site_name\" content=\"cardinal TAPES\" \/>\n<meta property=\"article:modified_time\" content=\"2025-07-03T12:55:37+00:00\" \/>\n<meta property=\"og:image\" content=\"https:\/\/cardinal-tapes.com\/wp-content\/uploads\/tesa-04651.jpg\" \/>\n\t<meta property=\"og:image:width\" content=\"600\" \/>\n\t<meta property=\"og:image:height\" content=\"600\" \/>\n\t<meta property=\"og:image:type\" content=\"image\/jpeg\" \/>\n<meta name=\"twitter:card\" content=\"summary_large_image\" \/>\n<meta name=\"twitter:label1\" content=\"Dur\u00e9e de lecture estim\u00e9e\" \/>\n\t<meta name=\"twitter:data1\" content=\"1 minute\" \/>\n<script type=\"application\/ld+json\" class=\"yoast-schema-graph\">{\"@context\":\"https:\\\/\\\/schema.org\",\"@graph\":[{\"@type\":\"WebPage\",\"@id\":\"https:\\\/\\\/cardinal-tapes.com\\\/fr\\\/rubans-adh\u00e9sifs\\\/rubans-adhesifs-simple-face\\\/gaffer-tape-fr\\\/tesa-4651-bande-tissee-premium\\\/\",\"url\":\"https:\\\/\\\/cardinal-tapes.com\\\/fr\\\/rubans-adh\u00e9sifs\\\/rubans-adhesifs-simple-face\\\/gaffer-tape-fr\\\/tesa-4651-bande-tissee-premium\\\/\",\"name\":\"Tesa 4651 Premium ruban tiss\u00e9 | Cardinal TAPES\",\"isPartOf\":{\"@id\":\"https:\\\/\\\/cardinal-tapes.com\\\/#website\"},\"primaryImageOfPage\":{\"@id\":\"https:\\\/\\\/cardinal-tapes.com\\\/fr\\\/rubans-adh\u00e9sifs\\\/rubans-adhesifs-simple-face\\\/gaffer-tape-fr\\\/tesa-4651-bande-tissee-premium\\\/#primaryimage\"},\"image\":{\"@id\":\"https:\\\/\\\/cardinal-tapes.com\\\/fr\\\/rubans-adh\u00e9sifs\\\/rubans-adhesifs-simple-face\\\/gaffer-tape-fr\\\/tesa-4651-bande-tissee-premium\\\/#primaryimage\"},\"thumbnailUrl\":\"https:\\\/\\\/cardinal-tapes.com\\\/wp-content\\\/uploads\\\/tesa-04651.jpg\",\"datePublished\":\"2023-06-05T15:29:38+00:00\",\"dateModified\":\"2025-07-03T12:55:37+00:00\",\"description\":\"Tesa 4651 est un ruban tiss\u00e9 performant avec un rev\u00eatement plastique. Il poss\u00e8de un fort pouvoir adh\u00e9sif sur les surfaces rugueuses. Plus d'infos sur tesa 4651.\",\"breadcrumb\":{\"@id\":\"https:\\\/\\\/cardinal-tapes.com\\\/fr\\\/rubans-adh\u00e9sifs\\\/rubans-adhesifs-simple-face\\\/gaffer-tape-fr\\\/tesa-4651-bande-tissee-premium\\\/#breadcrumb\"},\"inLanguage\":\"fr-FR\",\"potentialAction\":[{\"@type\":\"ReadAction\",\"target\":[\"https:\\\/\\\/cardinal-tapes.com\\\/fr\\\/rubans-adh\u00e9sifs\\\/rubans-adhesifs-simple-face\\\/gaffer-tape-fr\\\/tesa-4651-bande-tissee-premium\\\/\"]}]},{\"@type\":\"ImageObject\",\"inLanguage\":\"fr-FR\",\"@id\":\"https:\\\/\\\/cardinal-tapes.com\\\/fr\\\/rubans-adh\u00e9sifs\\\/rubans-adhesifs-simple-face\\\/gaffer-tape-fr\\\/tesa-4651-bande-tissee-premium\\\/#primaryimage\",\"url\":\"https:\\\/\\\/cardinal-tapes.com\\\/wp-content\\\/uploads\\\/tesa-04651.jpg\",\"contentUrl\":\"https:\\\/\\\/cardinal-tapes.com\\\/wp-content\\\/uploads\\\/tesa-04651.jpg\",\"width\":600,\"height\":600,\"caption\":\"tesa 4651\"},{\"@type\":\"BreadcrumbList\",\"@id\":\"https:\\\/\\\/cardinal-tapes.com\\\/fr\\\/rubans-adh\u00e9sifs\\\/rubans-adhesifs-simple-face\\\/gaffer-tape-fr\\\/tesa-4651-bande-tissee-premium\\\/#breadcrumb\",\"itemListElement\":[{\"@type\":\"ListItem\",\"position\":1,\"name\":\"Startseite\",\"item\":\"https:\\\/\\\/cardinal-tapes.com\\\/fr\\\/accueil\\\/\"},{\"@type\":\"ListItem\",\"position\":2,\"name\":\"Rubans adh\u00e9sifs\",\"item\":\"https:\\\/\\\/cardinal-tapes.com\\\/fr\\\/rubans-adhesifs-fr\\\/\"},{\"@type\":\"ListItem\",\"position\":3,\"name\":\"Domaines d&#039;application\",\"item\":\"https:\\\/\\\/cardinal-tapes.com\\\/fr\\\/catgorie\\\/domaines-dapplication\\\/\"},{\"@type\":\"ListItem\",\"position\":4,\"name\":\"Artisanat du b\u00e2timent\",\"item\":\"https:\\\/\\\/cardinal-tapes.com\\\/fr\\\/catgorie\\\/artisanat-du-batiment\\\/\"},{\"@type\":\"ListItem\",\"position\":5,\"name\":\"tesaband\u00ae 4651 Ruban tiss\u00e9 Premium\"}]},{\"@type\":\"WebSite\",\"@id\":\"https:\\\/\\\/cardinal-tapes.com\\\/#website\",\"url\":\"https:\\\/\\\/cardinal-tapes.com\\\/\",\"name\":\"cardinal TAPES\",\"description\":\"Klebetechnik aus Wuppertal\",\"potentialAction\":[{\"@type\":\"SearchAction\",\"target\":{\"@type\":\"EntryPoint\",\"urlTemplate\":\"https:\\\/\\\/cardinal-tapes.com\\\/?s={search_term_string}\"},\"query-input\":{\"@type\":\"PropertyValueSpecification\",\"valueRequired\":true,\"valueName\":\"search_term_string\"}}],\"inLanguage\":\"fr-FR\"}]}<\/script>\n<!-- \/ Yoast SEO plugin. -->","yoast_head_json":{"title":"Tesa 4651 Premium ruban tiss\u00e9 | Cardinal TAPES","description":"Tesa 4651 est un ruban tiss\u00e9 performant avec un rev\u00eatement plastique. Il poss\u00e8de un fort pouvoir adh\u00e9sif sur les surfaces rugueuses. Plus d'infos sur tesa 4651.","robots":{"index":"index","follow":"follow","max-snippet":"max-snippet:-1","max-image-preview":"max-image-preview:large","max-video-preview":"max-video-preview:-1"},"canonical":"https:\/\/cardinal-tapes.com\/fr\/rubans-adh\u00e9sifs\/rubans-adhesifs-simple-face\/gaffer-tape-fr\/tesa-4651-bande-tissee-premium\/","og_locale":"fr_FR","og_type":"article","og_title":"Tesa 4651 Premium ruban tiss\u00e9 | Cardinal TAPES","og_description":"Tesa 4651 est un ruban tiss\u00e9 performant avec un rev\u00eatement plastique. Il poss\u00e8de un fort pouvoir adh\u00e9sif sur les surfaces rugueuses. Plus d'infos sur tesa 4651.","og_url":"https:\/\/cardinal-tapes.com\/fr\/rubans-adh\u00e9sifs\/rubans-adhesifs-simple-face\/gaffer-tape-fr\/tesa-4651-bande-tissee-premium\/","og_site_name":"cardinal TAPES","article_modified_time":"2025-07-03T12:55:37+00:00","og_image":[{"width":600,"height":600,"url":"https:\/\/cardinal-tapes.com\/wp-content\/uploads\/tesa-04651.jpg","type":"image\/jpeg"}],"twitter_card":"summary_large_image","twitter_misc":{"Dur\u00e9e de lecture estim\u00e9e":"1 minute"},"schema":{"@context":"https:\/\/schema.org","@graph":[{"@type":"WebPage","@id":"https:\/\/cardinal-tapes.com\/fr\/rubans-adh\u00e9sifs\/rubans-adhesifs-simple-face\/gaffer-tape-fr\/tesa-4651-bande-tissee-premium\/","url":"https:\/\/cardinal-tapes.com\/fr\/rubans-adh\u00e9sifs\/rubans-adhesifs-simple-face\/gaffer-tape-fr\/tesa-4651-bande-tissee-premium\/","name":"Tesa 4651 Premium ruban tiss\u00e9 | Cardinal TAPES","isPartOf":{"@id":"https:\/\/cardinal-tapes.com\/#website"},"primaryImageOfPage":{"@id":"https:\/\/cardinal-tapes.com\/fr\/rubans-adh\u00e9sifs\/rubans-adhesifs-simple-face\/gaffer-tape-fr\/tesa-4651-bande-tissee-premium\/#primaryimage"},"image":{"@id":"https:\/\/cardinal-tapes.com\/fr\/rubans-adh\u00e9sifs\/rubans-adhesifs-simple-face\/gaffer-tape-fr\/tesa-4651-bande-tissee-premium\/#primaryimage"},"thumbnailUrl":"https:\/\/cardinal-tapes.com\/wp-content\/uploads\/tesa-04651.jpg","datePublished":"2023-06-05T15:29:38+00:00","dateModified":"2025-07-03T12:55:37+00:00","description":"Tesa 4651 est un ruban tiss\u00e9 performant avec un rev\u00eatement plastique. Il poss\u00e8de un fort pouvoir adh\u00e9sif sur les surfaces rugueuses. Plus d'infos sur tesa 4651.","breadcrumb":{"@id":"https:\/\/cardinal-tapes.com\/fr\/rubans-adh\u00e9sifs\/rubans-adhesifs-simple-face\/gaffer-tape-fr\/tesa-4651-bande-tissee-premium\/#breadcrumb"},"inLanguage":"fr-FR","potentialAction":[{"@type":"ReadAction","target":["https:\/\/cardinal-tapes.com\/fr\/rubans-adh\u00e9sifs\/rubans-adhesifs-simple-face\/gaffer-tape-fr\/tesa-4651-bande-tissee-premium\/"]}]},{"@type":"ImageObject","inLanguage":"fr-FR","@id":"https:\/\/cardinal-tapes.com\/fr\/rubans-adh\u00e9sifs\/rubans-adhesifs-simple-face\/gaffer-tape-fr\/tesa-4651-bande-tissee-premium\/#primaryimage","url":"https:\/\/cardinal-tapes.com\/wp-content\/uploads\/tesa-04651.jpg","contentUrl":"https:\/\/cardinal-tapes.com\/wp-content\/uploads\/tesa-04651.jpg","width":600,"height":600,"caption":"tesa 4651"},{"@type":"BreadcrumbList","@id":"https:\/\/cardinal-tapes.com\/fr\/rubans-adh\u00e9sifs\/rubans-adhesifs-simple-face\/gaffer-tape-fr\/tesa-4651-bande-tissee-premium\/#breadcrumb","itemListElement":[{"@type":"ListItem","position":1,"name":"Startseite","item":"https:\/\/cardinal-tapes.com\/fr\/accueil\/"},{"@type":"ListItem","position":2,"name":"Rubans adh\u00e9sifs","item":"https:\/\/cardinal-tapes.com\/fr\/rubans-adhesifs-fr\/"},{"@type":"ListItem","position":3,"name":"Domaines d&#039;application","item":"https:\/\/cardinal-tapes.com\/fr\/catgorie\/domaines-dapplication\/"},{"@type":"ListItem","position":4,"name":"Artisanat du b\u00e2timent","item":"https:\/\/cardinal-tapes.com\/fr\/catgorie\/artisanat-du-batiment\/"},{"@type":"ListItem","position":5,"name":"tesaband\u00ae 4651 Ruban tiss\u00e9 Premium"}]},{"@type":"WebSite","@id":"https:\/\/cardinal-tapes.com\/#website","url":"https:\/\/cardinal-tapes.com\/","name":"cardinal TAPES","description":"Klebetechnik aus Wuppertal","potentialAction":[{"@type":"SearchAction","target":{"@type":"EntryPoint","urlTemplate":"https:\/\/cardinal-tapes.com\/?s={search_term_string}"},"query-input":{"@type":"PropertyValueSpecification","valueRequired":true,"valueName":"search_term_string"}}],"inLanguage":"fr-FR"}]}},"brands":[{"id":2165,"name":"tesa","slug":"tesa-fr"}],"_links":{"self":[{"href":"https:\/\/cardinal-tapes.com\/fr\/wp-json\/wp\/v2\/product\/59804","targetHints":{"allow":["GET"]}}],"collection":[{"href":"https:\/\/cardinal-tapes.com\/fr\/wp-json\/wp\/v2\/product"}],"about":[{"href":"https:\/\/cardinal-tapes.com\/fr\/wp-json\/wp\/v2\/types\/product"}],"wp:featuredmedia":[{"embeddable":true,"href":"https:\/\/cardinal-tapes.com\/fr\/wp-json\/wp\/v2\/media\/26080"}],"wp:attachment":[{"href":"https:\/\/cardinal-tapes.com\/fr\/wp-json\/wp\/v2\/media?parent=59804"}],"wp:term":[{"taxonomy":"pwb-brand","embeddable":true,"href":"https:\/\/cardinal-tapes.com\/fr\/wp-json\/wp\/v2\/pwb-brand?post=59804"},{"taxonomy":"product_brand","embeddable":true,"href":"https:\/\/cardinal-tapes.com\/fr\/wp-json\/wp\/v2\/product_brand?post=59804"},{"taxonomy":"product_cat","embeddable":true,"href":"https:\/\/cardinal-tapes.com\/fr\/wp-json\/wp\/v2\/product_cat?post=59804"},{"taxonomy":"product_tag","embeddable":true,"href":"https:\/\/cardinal-tapes.com\/fr\/wp-json\/wp\/v2\/product_tag?post=59804"}],"curies":[{"name":"wp","href":"https:\/\/api.w.org\/{rel}","templated":true}]}}