{"id":59802,"date":"2018-02-06T15:26:49","date_gmt":"2023-06-05T15:29:38","guid":{"rendered":"https:\/\/cardinal.pixel-tal.de\/klebebaender\/non%20class\u00e9\/tesakrepp-4319-ruban-adhesif-en-papier-hautement-crepe\/"},"modified":"2023-06-05T17:33:00","modified_gmt":"2023-06-05T15:33:00","slug":"tesa-4657-ruban-tisse-special-resistant-aux-hautes-temperatures","status":"publish","type":"product","link":"https:\/\/cardinal-tapes.com\/fr\/rubans-adh\u00e9sifs\/domaines-dapplication\/ruban-adhesif-en-papier\/tesa-4657-ruban-tisse-special-resistant-aux-hautes-temperatures\/","title":{"rendered":"tesakrepp\u00ae 4319 Ruban adh\u00e9sif en papier hautement cr\u00eap\u00e9"},"content":{"rendered":"<p><sup>tesakrepp\u00ae<\/sup> 4319 est un ruban adh\u00e9sif en papier fortement cr\u00eap\u00e9, souple et r\u00e9sistant \u00e0 la d\u00e9chirure, avec une grande r\u00e9serve d&#8217;\u00e9lasticit\u00e9. Il peut donc \u00eatre facilement coll\u00e9 dans les courbes ou en trois dimensions. Le produit poss\u00e8de un pouvoir adh\u00e9sif initial \u00e9lev\u00e9. Il doit toujours \u00eatre coll\u00e9 en l&#8217;\u00e9tirant afin d&#8217;\u00e9viter les sous-couches de peinture.<\/p>\n<p><strong>Caract\u00e9ristiques<\/strong><br \/>\n&#8211; R\u00e9sistant \u00e0 la temp\u00e9rature<br \/>\n&#8211; Bonne adh\u00e9rence sur les peintures<br \/>\n&#8211; D\u00e9chirable \u00e0 la main<br \/>\n&#8211; Pouvoir adh\u00e9sif tr\u00e8s \u00e9lev\u00e9, m\u00eame sur des supports rugueux<\/p>\n<p><strong>Applications<\/strong><br \/>\n&#8211; Couvrir les formes rondes lors de travaux de peinture<\/p>\n","protected":false},"excerpt":{"rendered":"<p>tesakrepp\u00ae 4319 est un ruban adh\u00e9sif en papier fortement cr\u00eap\u00e9, souple et r\u00e9sistant \u00e0 la d\u00e9chirure, avec une grande r\u00e9serve d&#8217;\u00e9lasticit\u00e9. Il peut donc \u00eatre facilement coll\u00e9 dans les courbes ou en trois dimensions. Le produit poss\u00e8de un pouvoir adh\u00e9sif initial \u00e9lev\u00e9. Il doit toujours \u00eatre coll\u00e9 en l&#8217;\u00e9tirant afin d&#8217;\u00e9viter les sous-couches de peinture. [&hellip;]<\/p>\n","protected":false},"featured_media":26212,"template":"","meta":{"_acf_changed":false},"pwb-brand":[2165],"product_brand":[],"product_cat":[1836,1766],"product_tag":[],"class_list":{"0":"post-59802","1":"product","2":"type-product","3":"status-publish","4":"has-post-thumbnail","6":"pwb-brand-tesa-fr","7":"product_cat-rubans-adhesifs-simple-face","8":"product_cat-ruban-adhesif-en-papier","10":"first","11":"instock","12":"featured","13":"taxable","14":"shipping-taxable","15":"purchasable","16":"product-type-variable"},"acf":[],"yoast_head":"<!-- This site is optimized with the Yoast SEO plugin v27.3 - https:\/\/yoast.com\/product\/yoast-seo-wordpress\/ -->\n<title>Tesa 4319 Ruban adh\u00e9sif en papier hautement cr\u00eap\u00e9 | Cardinal TAPES<\/title>\n<meta name=\"description\" content=\"Tesa 4319 est un ruban adh\u00e9sif en papier fortement cr\u00eap\u00e9, souple et r\u00e9sistant \u00e0 la d\u00e9chirure, avec une grande r\u00e9serve d&#039;\u00e9tirement. Apprenez-en plus sur tesa 4319 ici.\" \/>\n<meta name=\"robots\" content=\"index, follow, max-snippet:-1, max-image-preview:large, max-video-preview:-1\" \/>\n<link rel=\"canonical\" href=\"https:\/\/cardinal-tapes.com\/fr\/rubans-adh\u00e9sifs\/ruban-adhesif-en-papier\/tesa-4657-ruban-tisse-special-resistant-aux-hautes-temperatures\/\" \/>\n<meta property=\"og:locale\" content=\"fr_FR\" \/>\n<meta property=\"og:type\" content=\"article\" \/>\n<meta property=\"og:title\" content=\"Tesa 4319 Ruban adh\u00e9sif en papier hautement cr\u00eap\u00e9 | Cardinal TAPES\" \/>\n<meta property=\"og:description\" content=\"Tesa 4319 est un ruban adh\u00e9sif en papier fortement cr\u00eap\u00e9, souple et r\u00e9sistant \u00e0 la d\u00e9chirure, avec une grande r\u00e9serve d&#039;\u00e9tirement. Apprenez-en plus sur tesa 4319 ici.\" \/>\n<meta property=\"og:url\" content=\"https:\/\/cardinal-tapes.com\/fr\/rubans-adh\u00e9sifs\/ruban-adhesif-en-papier\/tesa-4657-ruban-tisse-special-resistant-aux-hautes-temperatures\/\" \/>\n<meta property=\"og:site_name\" content=\"cardinal TAPES\" \/>\n<meta property=\"article:modified_time\" content=\"2023-06-05T15:33:00+00:00\" \/>\n<meta property=\"og:image\" content=\"https:\/\/cardinal-tapes.com\/wp-content\/uploads\/tesa-4319.jpg\" \/>\n\t<meta property=\"og:image:width\" content=\"600\" \/>\n\t<meta property=\"og:image:height\" content=\"600\" \/>\n\t<meta property=\"og:image:type\" content=\"image\/jpeg\" \/>\n<meta name=\"twitter:card\" content=\"summary_large_image\" \/>\n<meta name=\"twitter:label1\" content=\"Dur\u00e9e de lecture estim\u00e9e\" \/>\n\t<meta name=\"twitter:data1\" content=\"1 minute\" \/>\n<script type=\"application\/ld+json\" class=\"yoast-schema-graph\">{\"@context\":\"https:\\\/\\\/schema.org\",\"@graph\":[{\"@type\":\"WebPage\",\"@id\":\"https:\\\/\\\/cardinal-tapes.com\\\/fr\\\/rubans-adh\u00e9sifs\\\/ruban-adhesif-en-papier\\\/tesa-4657-ruban-tisse-special-resistant-aux-hautes-temperatures\\\/\",\"url\":\"https:\\\/\\\/cardinal-tapes.com\\\/fr\\\/rubans-adh\u00e9sifs\\\/ruban-adhesif-en-papier\\\/tesa-4657-ruban-tisse-special-resistant-aux-hautes-temperatures\\\/\",\"name\":\"Tesa 4319 Ruban adh\u00e9sif en papier hautement cr\u00eap\u00e9 | Cardinal TAPES\",\"isPartOf\":{\"@id\":\"https:\\\/\\\/cardinal-tapes.com\\\/#website\"},\"primaryImageOfPage\":{\"@id\":\"https:\\\/\\\/cardinal-tapes.com\\\/fr\\\/rubans-adh\u00e9sifs\\\/ruban-adhesif-en-papier\\\/tesa-4657-ruban-tisse-special-resistant-aux-hautes-temperatures\\\/#primaryimage\"},\"image\":{\"@id\":\"https:\\\/\\\/cardinal-tapes.com\\\/fr\\\/rubans-adh\u00e9sifs\\\/ruban-adhesif-en-papier\\\/tesa-4657-ruban-tisse-special-resistant-aux-hautes-temperatures\\\/#primaryimage\"},\"thumbnailUrl\":\"https:\\\/\\\/cardinal-tapes.com\\\/wp-content\\\/uploads\\\/tesa-4319.jpg\",\"datePublished\":\"2023-06-05T15:29:38+00:00\",\"dateModified\":\"2023-06-05T15:33:00+00:00\",\"description\":\"Tesa 4319 est un ruban adh\u00e9sif en papier fortement cr\u00eap\u00e9, souple et r\u00e9sistant \u00e0 la d\u00e9chirure, avec une grande r\u00e9serve d'\u00e9tirement. Apprenez-en plus sur tesa 4319 ici.\",\"breadcrumb\":{\"@id\":\"https:\\\/\\\/cardinal-tapes.com\\\/fr\\\/rubans-adh\u00e9sifs\\\/ruban-adhesif-en-papier\\\/tesa-4657-ruban-tisse-special-resistant-aux-hautes-temperatures\\\/#breadcrumb\"},\"inLanguage\":\"fr-FR\",\"potentialAction\":[{\"@type\":\"ReadAction\",\"target\":[\"https:\\\/\\\/cardinal-tapes.com\\\/fr\\\/rubans-adh\u00e9sifs\\\/ruban-adhesif-en-papier\\\/tesa-4657-ruban-tisse-special-resistant-aux-hautes-temperatures\\\/\"]}]},{\"@type\":\"ImageObject\",\"inLanguage\":\"fr-FR\",\"@id\":\"https:\\\/\\\/cardinal-tapes.com\\\/fr\\\/rubans-adh\u00e9sifs\\\/ruban-adhesif-en-papier\\\/tesa-4657-ruban-tisse-special-resistant-aux-hautes-temperatures\\\/#primaryimage\",\"url\":\"https:\\\/\\\/cardinal-tapes.com\\\/wp-content\\\/uploads\\\/tesa-4319.jpg\",\"contentUrl\":\"https:\\\/\\\/cardinal-tapes.com\\\/wp-content\\\/uploads\\\/tesa-4319.jpg\",\"width\":600,\"height\":600,\"caption\":\"tesa 4319\"},{\"@type\":\"BreadcrumbList\",\"@id\":\"https:\\\/\\\/cardinal-tapes.com\\\/fr\\\/rubans-adh\u00e9sifs\\\/ruban-adhesif-en-papier\\\/tesa-4657-ruban-tisse-special-resistant-aux-hautes-temperatures\\\/#breadcrumb\",\"itemListElement\":[{\"@type\":\"ListItem\",\"position\":1,\"name\":\"Startseite\",\"item\":\"https:\\\/\\\/cardinal-tapes.com\\\/fr\\\/accueil\\\/\"},{\"@type\":\"ListItem\",\"position\":2,\"name\":\"Rubans adh\u00e9sifs\",\"item\":\"https:\\\/\\\/cardinal-tapes.com\\\/fr\\\/rubans-adhesifs-fr\\\/\"},{\"@type\":\"ListItem\",\"position\":3,\"name\":\"Ruban adh\u00e9sif en papier\",\"item\":\"https:\\\/\\\/cardinal-tapes.com\\\/fr\\\/catgorie\\\/ruban-adhesif-en-papier\\\/\"},{\"@type\":\"ListItem\",\"position\":4,\"name\":\"tesakrepp\u00ae 4319 Ruban adh\u00e9sif en papier hautement cr\u00eap\u00e9\"}]},{\"@type\":\"WebSite\",\"@id\":\"https:\\\/\\\/cardinal-tapes.com\\\/#website\",\"url\":\"https:\\\/\\\/cardinal-tapes.com\\\/\",\"name\":\"cardinal TAPES\",\"description\":\"Klebetechnik aus Wuppertal\",\"potentialAction\":[{\"@type\":\"SearchAction\",\"target\":{\"@type\":\"EntryPoint\",\"urlTemplate\":\"https:\\\/\\\/cardinal-tapes.com\\\/?s={search_term_string}\"},\"query-input\":{\"@type\":\"PropertyValueSpecification\",\"valueRequired\":true,\"valueName\":\"search_term_string\"}}],\"inLanguage\":\"fr-FR\"}]}<\/script>\n<!-- \/ Yoast SEO plugin. -->","yoast_head_json":{"title":"Tesa 4319 Ruban adh\u00e9sif en papier hautement cr\u00eap\u00e9 | Cardinal TAPES","description":"Tesa 4319 est un ruban adh\u00e9sif en papier fortement cr\u00eap\u00e9, souple et r\u00e9sistant \u00e0 la d\u00e9chirure, avec une grande r\u00e9serve d'\u00e9tirement. Apprenez-en plus sur tesa 4319 ici.","robots":{"index":"index","follow":"follow","max-snippet":"max-snippet:-1","max-image-preview":"max-image-preview:large","max-video-preview":"max-video-preview:-1"},"canonical":"https:\/\/cardinal-tapes.com\/fr\/rubans-adh\u00e9sifs\/ruban-adhesif-en-papier\/tesa-4657-ruban-tisse-special-resistant-aux-hautes-temperatures\/","og_locale":"fr_FR","og_type":"article","og_title":"Tesa 4319 Ruban adh\u00e9sif en papier hautement cr\u00eap\u00e9 | Cardinal TAPES","og_description":"Tesa 4319 est un ruban adh\u00e9sif en papier fortement cr\u00eap\u00e9, souple et r\u00e9sistant \u00e0 la d\u00e9chirure, avec une grande r\u00e9serve d'\u00e9tirement. Apprenez-en plus sur tesa 4319 ici.","og_url":"https:\/\/cardinal-tapes.com\/fr\/rubans-adh\u00e9sifs\/ruban-adhesif-en-papier\/tesa-4657-ruban-tisse-special-resistant-aux-hautes-temperatures\/","og_site_name":"cardinal TAPES","article_modified_time":"2023-06-05T15:33:00+00:00","og_image":[{"width":600,"height":600,"url":"https:\/\/cardinal-tapes.com\/wp-content\/uploads\/tesa-4319.jpg","type":"image\/jpeg"}],"twitter_card":"summary_large_image","twitter_misc":{"Dur\u00e9e de lecture estim\u00e9e":"1 minute"},"schema":{"@context":"https:\/\/schema.org","@graph":[{"@type":"WebPage","@id":"https:\/\/cardinal-tapes.com\/fr\/rubans-adh\u00e9sifs\/ruban-adhesif-en-papier\/tesa-4657-ruban-tisse-special-resistant-aux-hautes-temperatures\/","url":"https:\/\/cardinal-tapes.com\/fr\/rubans-adh\u00e9sifs\/ruban-adhesif-en-papier\/tesa-4657-ruban-tisse-special-resistant-aux-hautes-temperatures\/","name":"Tesa 4319 Ruban adh\u00e9sif en papier hautement cr\u00eap\u00e9 | Cardinal TAPES","isPartOf":{"@id":"https:\/\/cardinal-tapes.com\/#website"},"primaryImageOfPage":{"@id":"https:\/\/cardinal-tapes.com\/fr\/rubans-adh\u00e9sifs\/ruban-adhesif-en-papier\/tesa-4657-ruban-tisse-special-resistant-aux-hautes-temperatures\/#primaryimage"},"image":{"@id":"https:\/\/cardinal-tapes.com\/fr\/rubans-adh\u00e9sifs\/ruban-adhesif-en-papier\/tesa-4657-ruban-tisse-special-resistant-aux-hautes-temperatures\/#primaryimage"},"thumbnailUrl":"https:\/\/cardinal-tapes.com\/wp-content\/uploads\/tesa-4319.jpg","datePublished":"2023-06-05T15:29:38+00:00","dateModified":"2023-06-05T15:33:00+00:00","description":"Tesa 4319 est un ruban adh\u00e9sif en papier fortement cr\u00eap\u00e9, souple et r\u00e9sistant \u00e0 la d\u00e9chirure, avec une grande r\u00e9serve d'\u00e9tirement. Apprenez-en plus sur tesa 4319 ici.","breadcrumb":{"@id":"https:\/\/cardinal-tapes.com\/fr\/rubans-adh\u00e9sifs\/ruban-adhesif-en-papier\/tesa-4657-ruban-tisse-special-resistant-aux-hautes-temperatures\/#breadcrumb"},"inLanguage":"fr-FR","potentialAction":[{"@type":"ReadAction","target":["https:\/\/cardinal-tapes.com\/fr\/rubans-adh\u00e9sifs\/ruban-adhesif-en-papier\/tesa-4657-ruban-tisse-special-resistant-aux-hautes-temperatures\/"]}]},{"@type":"ImageObject","inLanguage":"fr-FR","@id":"https:\/\/cardinal-tapes.com\/fr\/rubans-adh\u00e9sifs\/ruban-adhesif-en-papier\/tesa-4657-ruban-tisse-special-resistant-aux-hautes-temperatures\/#primaryimage","url":"https:\/\/cardinal-tapes.com\/wp-content\/uploads\/tesa-4319.jpg","contentUrl":"https:\/\/cardinal-tapes.com\/wp-content\/uploads\/tesa-4319.jpg","width":600,"height":600,"caption":"tesa 4319"},{"@type":"BreadcrumbList","@id":"https:\/\/cardinal-tapes.com\/fr\/rubans-adh\u00e9sifs\/ruban-adhesif-en-papier\/tesa-4657-ruban-tisse-special-resistant-aux-hautes-temperatures\/#breadcrumb","itemListElement":[{"@type":"ListItem","position":1,"name":"Startseite","item":"https:\/\/cardinal-tapes.com\/fr\/accueil\/"},{"@type":"ListItem","position":2,"name":"Rubans adh\u00e9sifs","item":"https:\/\/cardinal-tapes.com\/fr\/rubans-adhesifs-fr\/"},{"@type":"ListItem","position":3,"name":"Ruban adh\u00e9sif en papier","item":"https:\/\/cardinal-tapes.com\/fr\/catgorie\/ruban-adhesif-en-papier\/"},{"@type":"ListItem","position":4,"name":"tesakrepp\u00ae 4319 Ruban adh\u00e9sif en papier hautement cr\u00eap\u00e9"}]},{"@type":"WebSite","@id":"https:\/\/cardinal-tapes.com\/#website","url":"https:\/\/cardinal-tapes.com\/","name":"cardinal TAPES","description":"Klebetechnik aus Wuppertal","potentialAction":[{"@type":"SearchAction","target":{"@type":"EntryPoint","urlTemplate":"https:\/\/cardinal-tapes.com\/?s={search_term_string}"},"query-input":{"@type":"PropertyValueSpecification","valueRequired":true,"valueName":"search_term_string"}}],"inLanguage":"fr-FR"}]}},"brands":[{"id":2165,"name":"tesa","slug":"tesa-fr"}],"_links":{"self":[{"href":"https:\/\/cardinal-tapes.com\/fr\/wp-json\/wp\/v2\/product\/59802","targetHints":{"allow":["GET"]}}],"collection":[{"href":"https:\/\/cardinal-tapes.com\/fr\/wp-json\/wp\/v2\/product"}],"about":[{"href":"https:\/\/cardinal-tapes.com\/fr\/wp-json\/wp\/v2\/types\/product"}],"wp:featuredmedia":[{"embeddable":true,"href":"https:\/\/cardinal-tapes.com\/fr\/wp-json\/wp\/v2\/media\/26212"}],"wp:attachment":[{"href":"https:\/\/cardinal-tapes.com\/fr\/wp-json\/wp\/v2\/media?parent=59802"}],"wp:term":[{"taxonomy":"pwb-brand","embeddable":true,"href":"https:\/\/cardinal-tapes.com\/fr\/wp-json\/wp\/v2\/pwb-brand?post=59802"},{"taxonomy":"product_brand","embeddable":true,"href":"https:\/\/cardinal-tapes.com\/fr\/wp-json\/wp\/v2\/product_brand?post=59802"},{"taxonomy":"product_cat","embeddable":true,"href":"https:\/\/cardinal-tapes.com\/fr\/wp-json\/wp\/v2\/product_cat?post=59802"},{"taxonomy":"product_tag","embeddable":true,"href":"https:\/\/cardinal-tapes.com\/fr\/wp-json\/wp\/v2\/product_tag?post=59802"}],"curies":[{"name":"wp","href":"https:\/\/api.w.org\/{rel}","templated":true}]}}