{"id":59798,"date":"2018-02-07T09:50:49","date_gmt":"2023-06-05T15:29:38","guid":{"rendered":"https:\/\/cardinal.pixel-tal.de\/klebebaender\/non%20class\u00e9\/tesakrepp-4317-ruban-de-masquage-en-papier-crepe-plat\/"},"modified":"2023-06-05T17:33:00","modified_gmt":"2023-06-05T15:33:00","slug":"tesa-4317-ruban-de-masquage-en-papier-crepe-plat","status":"publish","type":"product","link":"https:\/\/cardinal-tapes.com\/fr\/rubans-adh\u00e9sifs\/domaines-dapplication\/industrie-automobile\/tesa-4317-ruban-de-masquage-en-papier-crepe-plat\/","title":{"rendered":"tesakrepp\u00ae 4317 Ruban de masquage en papier cr\u00eap\u00e9 plat"},"content":{"rendered":"<p><sup>tesakrepp\u00ae<\/sup> 4317 est un ruban de masquage en papier faiblement cr\u00eap\u00e9 avec un support fin et flexible.<br \/>\nLe produit est r\u00e9sistant au pon\u00e7age humide et se caract\u00e9rise par une bonne adh\u00e9rence du mastic sur la face sup\u00e9rieure de la bande.<br \/>\nApr\u00e8s s\u00e9chage, <sup>tesakrepp\u00ae<\/sup> 4317 s&#8217;enl\u00e8ve facilement.<\/p>\n<p><strong>Caract\u00e9ristiques<\/strong><br \/>\n&#8211; R\u00e9sistant \u00e0 la temp\u00e9rature<br \/>\n&#8211; Bonne adh\u00e9rence sur les peintures<br \/>\n&#8211; D\u00e9chirable \u00e0 la main<\/p>\n<p><strong>Applications<\/strong><br \/>\n&#8211; masquage lors des travaux de peinture habituels, suivi d&#8217;un s\u00e9chage jusqu&#8217;\u00e0 une temp\u00e9rature de 80 \u00b0C<\/p>\n","protected":false},"excerpt":{"rendered":"<p>tesakrepp\u00ae 4317 est un ruban de masquage en papier faiblement cr\u00eap\u00e9 avec un support fin et flexible. Le produit est r\u00e9sistant au pon\u00e7age humide et se caract\u00e9rise par une bonne adh\u00e9rence du mastic sur la face sup\u00e9rieure de la bande. Apr\u00e8s s\u00e9chage, tesakrepp\u00ae 4317 s&#8217;enl\u00e8ve facilement. Caract\u00e9ristiques &#8211; R\u00e9sistant \u00e0 la temp\u00e9rature &#8211; Bonne adh\u00e9rence [&hellip;]<\/p>\n","protected":false},"featured_media":26208,"template":"","meta":{"_acf_changed":false},"pwb-brand":[2165],"product_brand":[],"product_cat":[1667,1766,1836],"product_tag":[],"class_list":{"0":"post-59798","1":"product","2":"type-product","3":"status-publish","4":"has-post-thumbnail","6":"pwb-brand-tesa-fr","7":"product_cat-industrie-automobile","8":"product_cat-ruban-adhesif-en-papier","9":"product_cat-rubans-adhesifs-simple-face","11":"first","12":"instock","13":"taxable","14":"shipping-taxable","15":"purchasable","16":"product-type-variable"},"acf":[],"yoast_head":"<!-- This site is optimized with the Yoast SEO plugin v27.3 - https:\/\/yoast.com\/product\/yoast-seo-wordpress\/ -->\n<title>Tesa 4317 Ruban de masquage en papier cr\u00eap\u00e9 plat | Cardinal TAPES<\/title>\n<meta name=\"description\" content=\"Tesa 4317 est un ruban de masquage universel en papier l\u00e9g\u00e8rement cr\u00eap\u00e9 avec un pouvoir adh\u00e9sif tr\u00e8s \u00e9lev\u00e9. Apprenez-en plus sur le ruban adh\u00e9sif ici.\" \/>\n<meta name=\"robots\" content=\"index, follow, max-snippet:-1, max-image-preview:large, max-video-preview:-1\" \/>\n<link rel=\"canonical\" href=\"https:\/\/cardinal-tapes.com\/fr\/rubans-adh\u00e9sifs\/industrie-automobile\/tesa-4317-ruban-de-masquage-en-papier-crepe-plat\/\" \/>\n<meta property=\"og:locale\" content=\"fr_FR\" \/>\n<meta property=\"og:type\" content=\"article\" \/>\n<meta property=\"og:title\" content=\"Tesa 4317 Ruban de masquage en papier cr\u00eap\u00e9 plat | Cardinal TAPES\" \/>\n<meta property=\"og:description\" content=\"Tesa 4317 est un ruban de masquage universel en papier l\u00e9g\u00e8rement cr\u00eap\u00e9 avec un pouvoir adh\u00e9sif tr\u00e8s \u00e9lev\u00e9. Apprenez-en plus sur le ruban adh\u00e9sif ici.\" \/>\n<meta property=\"og:url\" content=\"https:\/\/cardinal-tapes.com\/fr\/rubans-adh\u00e9sifs\/industrie-automobile\/tesa-4317-ruban-de-masquage-en-papier-crepe-plat\/\" \/>\n<meta property=\"og:site_name\" content=\"cardinal TAPES\" \/>\n<meta property=\"article:modified_time\" content=\"2023-06-05T15:33:00+00:00\" \/>\n<meta property=\"og:image\" content=\"https:\/\/cardinal-tapes.com\/wp-content\/uploads\/tesa-04317.jpg\" \/>\n\t<meta property=\"og:image:width\" content=\"600\" \/>\n\t<meta property=\"og:image:height\" content=\"600\" \/>\n\t<meta property=\"og:image:type\" content=\"image\/jpeg\" \/>\n<meta name=\"twitter:card\" content=\"summary_large_image\" \/>\n<script type=\"application\/ld+json\" class=\"yoast-schema-graph\">{\"@context\":\"https:\\\/\\\/schema.org\",\"@graph\":[{\"@type\":\"WebPage\",\"@id\":\"https:\\\/\\\/cardinal-tapes.com\\\/fr\\\/rubans-adh\u00e9sifs\\\/industrie-automobile\\\/tesa-4317-ruban-de-masquage-en-papier-crepe-plat\\\/\",\"url\":\"https:\\\/\\\/cardinal-tapes.com\\\/fr\\\/rubans-adh\u00e9sifs\\\/industrie-automobile\\\/tesa-4317-ruban-de-masquage-en-papier-crepe-plat\\\/\",\"name\":\"Tesa 4317 Ruban de masquage en papier cr\u00eap\u00e9 plat | Cardinal TAPES\",\"isPartOf\":{\"@id\":\"https:\\\/\\\/cardinal-tapes.com\\\/#website\"},\"primaryImageOfPage\":{\"@id\":\"https:\\\/\\\/cardinal-tapes.com\\\/fr\\\/rubans-adh\u00e9sifs\\\/industrie-automobile\\\/tesa-4317-ruban-de-masquage-en-papier-crepe-plat\\\/#primaryimage\"},\"image\":{\"@id\":\"https:\\\/\\\/cardinal-tapes.com\\\/fr\\\/rubans-adh\u00e9sifs\\\/industrie-automobile\\\/tesa-4317-ruban-de-masquage-en-papier-crepe-plat\\\/#primaryimage\"},\"thumbnailUrl\":\"https:\\\/\\\/cardinal-tapes.com\\\/wp-content\\\/uploads\\\/tesa-04317.jpg\",\"datePublished\":\"2023-06-05T15:29:38+00:00\",\"dateModified\":\"2023-06-05T15:33:00+00:00\",\"description\":\"Tesa 4317 est un ruban de masquage universel en papier l\u00e9g\u00e8rement cr\u00eap\u00e9 avec un pouvoir adh\u00e9sif tr\u00e8s \u00e9lev\u00e9. Apprenez-en plus sur le ruban adh\u00e9sif ici.\",\"breadcrumb\":{\"@id\":\"https:\\\/\\\/cardinal-tapes.com\\\/fr\\\/rubans-adh\u00e9sifs\\\/industrie-automobile\\\/tesa-4317-ruban-de-masquage-en-papier-crepe-plat\\\/#breadcrumb\"},\"inLanguage\":\"fr-FR\",\"potentialAction\":[{\"@type\":\"ReadAction\",\"target\":[\"https:\\\/\\\/cardinal-tapes.com\\\/fr\\\/rubans-adh\u00e9sifs\\\/industrie-automobile\\\/tesa-4317-ruban-de-masquage-en-papier-crepe-plat\\\/\"]}]},{\"@type\":\"ImageObject\",\"inLanguage\":\"fr-FR\",\"@id\":\"https:\\\/\\\/cardinal-tapes.com\\\/fr\\\/rubans-adh\u00e9sifs\\\/industrie-automobile\\\/tesa-4317-ruban-de-masquage-en-papier-crepe-plat\\\/#primaryimage\",\"url\":\"https:\\\/\\\/cardinal-tapes.com\\\/wp-content\\\/uploads\\\/tesa-04317.jpg\",\"contentUrl\":\"https:\\\/\\\/cardinal-tapes.com\\\/wp-content\\\/uploads\\\/tesa-04317.jpg\",\"width\":600,\"height\":600,\"caption\":\"tesa 4317\"},{\"@type\":\"BreadcrumbList\",\"@id\":\"https:\\\/\\\/cardinal-tapes.com\\\/fr\\\/rubans-adh\u00e9sifs\\\/industrie-automobile\\\/tesa-4317-ruban-de-masquage-en-papier-crepe-plat\\\/#breadcrumb\",\"itemListElement\":[{\"@type\":\"ListItem\",\"position\":1,\"name\":\"Startseite\",\"item\":\"https:\\\/\\\/cardinal-tapes.com\\\/fr\\\/accueil\\\/\"},{\"@type\":\"ListItem\",\"position\":2,\"name\":\"Rubans adh\u00e9sifs\",\"item\":\"https:\\\/\\\/cardinal-tapes.com\\\/fr\\\/rubans-adhesifs-fr\\\/\"},{\"@type\":\"ListItem\",\"position\":3,\"name\":\"Industrie automobile\",\"item\":\"https:\\\/\\\/cardinal-tapes.com\\\/fr\\\/catgorie\\\/industrie-automobile\\\/\"},{\"@type\":\"ListItem\",\"position\":4,\"name\":\"tesakrepp\u00ae 4317 Ruban de masquage en papier cr\u00eap\u00e9 plat\"}]},{\"@type\":\"WebSite\",\"@id\":\"https:\\\/\\\/cardinal-tapes.com\\\/#website\",\"url\":\"https:\\\/\\\/cardinal-tapes.com\\\/\",\"name\":\"cardinal TAPES\",\"description\":\"Klebetechnik aus Wuppertal\",\"potentialAction\":[{\"@type\":\"SearchAction\",\"target\":{\"@type\":\"EntryPoint\",\"urlTemplate\":\"https:\\\/\\\/cardinal-tapes.com\\\/?s={search_term_string}\"},\"query-input\":{\"@type\":\"PropertyValueSpecification\",\"valueRequired\":true,\"valueName\":\"search_term_string\"}}],\"inLanguage\":\"fr-FR\"}]}<\/script>\n<!-- \/ Yoast SEO plugin. -->","yoast_head_json":{"title":"Tesa 4317 Ruban de masquage en papier cr\u00eap\u00e9 plat | Cardinal TAPES","description":"Tesa 4317 est un ruban de masquage universel en papier l\u00e9g\u00e8rement cr\u00eap\u00e9 avec un pouvoir adh\u00e9sif tr\u00e8s \u00e9lev\u00e9. Apprenez-en plus sur le ruban adh\u00e9sif ici.","robots":{"index":"index","follow":"follow","max-snippet":"max-snippet:-1","max-image-preview":"max-image-preview:large","max-video-preview":"max-video-preview:-1"},"canonical":"https:\/\/cardinal-tapes.com\/fr\/rubans-adh\u00e9sifs\/industrie-automobile\/tesa-4317-ruban-de-masquage-en-papier-crepe-plat\/","og_locale":"fr_FR","og_type":"article","og_title":"Tesa 4317 Ruban de masquage en papier cr\u00eap\u00e9 plat | Cardinal TAPES","og_description":"Tesa 4317 est un ruban de masquage universel en papier l\u00e9g\u00e8rement cr\u00eap\u00e9 avec un pouvoir adh\u00e9sif tr\u00e8s \u00e9lev\u00e9. Apprenez-en plus sur le ruban adh\u00e9sif ici.","og_url":"https:\/\/cardinal-tapes.com\/fr\/rubans-adh\u00e9sifs\/industrie-automobile\/tesa-4317-ruban-de-masquage-en-papier-crepe-plat\/","og_site_name":"cardinal TAPES","article_modified_time":"2023-06-05T15:33:00+00:00","og_image":[{"width":600,"height":600,"url":"https:\/\/cardinal-tapes.com\/wp-content\/uploads\/tesa-04317.jpg","type":"image\/jpeg"}],"twitter_card":"summary_large_image","schema":{"@context":"https:\/\/schema.org","@graph":[{"@type":"WebPage","@id":"https:\/\/cardinal-tapes.com\/fr\/rubans-adh\u00e9sifs\/industrie-automobile\/tesa-4317-ruban-de-masquage-en-papier-crepe-plat\/","url":"https:\/\/cardinal-tapes.com\/fr\/rubans-adh\u00e9sifs\/industrie-automobile\/tesa-4317-ruban-de-masquage-en-papier-crepe-plat\/","name":"Tesa 4317 Ruban de masquage en papier cr\u00eap\u00e9 plat | Cardinal TAPES","isPartOf":{"@id":"https:\/\/cardinal-tapes.com\/#website"},"primaryImageOfPage":{"@id":"https:\/\/cardinal-tapes.com\/fr\/rubans-adh\u00e9sifs\/industrie-automobile\/tesa-4317-ruban-de-masquage-en-papier-crepe-plat\/#primaryimage"},"image":{"@id":"https:\/\/cardinal-tapes.com\/fr\/rubans-adh\u00e9sifs\/industrie-automobile\/tesa-4317-ruban-de-masquage-en-papier-crepe-plat\/#primaryimage"},"thumbnailUrl":"https:\/\/cardinal-tapes.com\/wp-content\/uploads\/tesa-04317.jpg","datePublished":"2023-06-05T15:29:38+00:00","dateModified":"2023-06-05T15:33:00+00:00","description":"Tesa 4317 est un ruban de masquage universel en papier l\u00e9g\u00e8rement cr\u00eap\u00e9 avec un pouvoir adh\u00e9sif tr\u00e8s \u00e9lev\u00e9. Apprenez-en plus sur le ruban adh\u00e9sif ici.","breadcrumb":{"@id":"https:\/\/cardinal-tapes.com\/fr\/rubans-adh\u00e9sifs\/industrie-automobile\/tesa-4317-ruban-de-masquage-en-papier-crepe-plat\/#breadcrumb"},"inLanguage":"fr-FR","potentialAction":[{"@type":"ReadAction","target":["https:\/\/cardinal-tapes.com\/fr\/rubans-adh\u00e9sifs\/industrie-automobile\/tesa-4317-ruban-de-masquage-en-papier-crepe-plat\/"]}]},{"@type":"ImageObject","inLanguage":"fr-FR","@id":"https:\/\/cardinal-tapes.com\/fr\/rubans-adh\u00e9sifs\/industrie-automobile\/tesa-4317-ruban-de-masquage-en-papier-crepe-plat\/#primaryimage","url":"https:\/\/cardinal-tapes.com\/wp-content\/uploads\/tesa-04317.jpg","contentUrl":"https:\/\/cardinal-tapes.com\/wp-content\/uploads\/tesa-04317.jpg","width":600,"height":600,"caption":"tesa 4317"},{"@type":"BreadcrumbList","@id":"https:\/\/cardinal-tapes.com\/fr\/rubans-adh\u00e9sifs\/industrie-automobile\/tesa-4317-ruban-de-masquage-en-papier-crepe-plat\/#breadcrumb","itemListElement":[{"@type":"ListItem","position":1,"name":"Startseite","item":"https:\/\/cardinal-tapes.com\/fr\/accueil\/"},{"@type":"ListItem","position":2,"name":"Rubans adh\u00e9sifs","item":"https:\/\/cardinal-tapes.com\/fr\/rubans-adhesifs-fr\/"},{"@type":"ListItem","position":3,"name":"Industrie automobile","item":"https:\/\/cardinal-tapes.com\/fr\/catgorie\/industrie-automobile\/"},{"@type":"ListItem","position":4,"name":"tesakrepp\u00ae 4317 Ruban de masquage en papier cr\u00eap\u00e9 plat"}]},{"@type":"WebSite","@id":"https:\/\/cardinal-tapes.com\/#website","url":"https:\/\/cardinal-tapes.com\/","name":"cardinal TAPES","description":"Klebetechnik aus Wuppertal","potentialAction":[{"@type":"SearchAction","target":{"@type":"EntryPoint","urlTemplate":"https:\/\/cardinal-tapes.com\/?s={search_term_string}"},"query-input":{"@type":"PropertyValueSpecification","valueRequired":true,"valueName":"search_term_string"}}],"inLanguage":"fr-FR"}]}},"brands":[{"id":2165,"name":"tesa","slug":"tesa-fr"}],"_links":{"self":[{"href":"https:\/\/cardinal-tapes.com\/fr\/wp-json\/wp\/v2\/product\/59798","targetHints":{"allow":["GET"]}}],"collection":[{"href":"https:\/\/cardinal-tapes.com\/fr\/wp-json\/wp\/v2\/product"}],"about":[{"href":"https:\/\/cardinal-tapes.com\/fr\/wp-json\/wp\/v2\/types\/product"}],"wp:featuredmedia":[{"embeddable":true,"href":"https:\/\/cardinal-tapes.com\/fr\/wp-json\/wp\/v2\/media\/26208"}],"wp:attachment":[{"href":"https:\/\/cardinal-tapes.com\/fr\/wp-json\/wp\/v2\/media?parent=59798"}],"wp:term":[{"taxonomy":"pwb-brand","embeddable":true,"href":"https:\/\/cardinal-tapes.com\/fr\/wp-json\/wp\/v2\/pwb-brand?post=59798"},{"taxonomy":"product_brand","embeddable":true,"href":"https:\/\/cardinal-tapes.com\/fr\/wp-json\/wp\/v2\/product_brand?post=59798"},{"taxonomy":"product_cat","embeddable":true,"href":"https:\/\/cardinal-tapes.com\/fr\/wp-json\/wp\/v2\/product_cat?post=59798"},{"taxonomy":"product_tag","embeddable":true,"href":"https:\/\/cardinal-tapes.com\/fr\/wp-json\/wp\/v2\/product_tag?post=59798"}],"curies":[{"name":"wp","href":"https:\/\/api.w.org\/{rel}","templated":true}]}}