{"id":59797,"date":"2018-02-06T14:00:05","date_gmt":"2018-02-06T13:00:05","guid":{"rendered":"https:\/\/cardinal.pixel-tal.de\/klebebaender\/non%20class\u00e9\/tesa-4954-ruban-adhesif-double-face-tisse\/"},"modified":"2025-07-03T14:35:14","modified_gmt":"2025-07-03T12:35:14","slug":"tesa-4954-adhesif-double-face-en-tissu","status":"publish","type":"product","link":"https:\/\/cardinal-tapes.com\/fr\/rubans-adh\u00e9sifs\/rubans-adhesifs-double-face\/tesa-4954-adhesif-double-face-en-tissu\/","title":{"rendered":"tesa\u00ae 4954 Ruban adh\u00e9sif double face tiss\u00e9"},"content":{"rendered":"<p><sup>tesafix\u00ae<\/sup> 4954 est compos\u00e9 d&#8217;un support en tissu blanc r\u00e9sistant \u00e0 la d\u00e9chirure et d&#8217;une masse de caoutchouc. Il est universel et sp\u00e9cialement adapt\u00e9 au collage sur des surfaces rugueuses. <sup>tesafix\u00ae<\/sup> 4954 se caract\u00e9rise par une r\u00e9sistance au cisaillement extr\u00eamement bonne et un tr\u00e8s bon pouvoir adh\u00e9sif initial. <\/p>\n<p><strong>Caract\u00e9ristiques<\/strong><br \/>\n&#8211; <strong>Extr\u00eamement <\/strong>bonne r\u00e9sistance au cisaillement<br \/>\n&#8211; <strong>Tr\u00e8s <\/strong>bon pouvoir adh\u00e9sif initial<br \/>\n&#8211; <strong>Haute <\/strong>r\u00e9sistance \u00e0 la temp\u00e9rature<\/p>\n<p><strong>Applications<\/strong><br \/>\n&#8211; <strong>Fixation <\/strong>de pi\u00e8ces en aluminium, en cuir et en plastique pendant le traitement.<\/p>\n","protected":false},"excerpt":{"rendered":"<p>tesafix\u00ae 4954 est compos\u00e9 d&#8217;un support en tissu blanc r\u00e9sistant \u00e0 la d\u00e9chirure et d&#8217;une masse de caoutchouc. Il est universel et sp\u00e9cialement adapt\u00e9 au collage sur des surfaces rugueuses. tesafix\u00ae 4954 se caract\u00e9rise par une r\u00e9sistance au cisaillement extr\u00eamement bonne et un tr\u00e8s bon pouvoir adh\u00e9sif initial. Caract\u00e9ristiques &#8211; Extr\u00eamement bonne r\u00e9sistance au cisaillement [&hellip;]<\/p>\n","protected":false},"featured_media":26176,"template":"","meta":{"_acf_changed":false},"pwb-brand":[2165],"product_brand":[],"product_cat":[1834],"product_tag":[],"class_list":{"0":"post-59797","1":"product","2":"type-product","3":"status-publish","4":"has-post-thumbnail","6":"pwb-brand-tesa-fr","7":"product_cat-rubans-adhesifs-double-face","9":"first","10":"instock","11":"taxable","12":"shipping-taxable","13":"purchasable","14":"product-type-variable"},"acf":[],"yoast_head":"<!-- This site is optimized with the Yoast SEO plugin v27.3 - https:\/\/yoast.com\/product\/yoast-seo-wordpress\/ -->\n<title>tesa\u00ae 4954 Ruban adh\u00e9sif double face tiss\u00e9 | Cardinal TAPES<\/title>\n<meta name=\"description\" content=\"tesa\u00ae 4954 est un ruban adh\u00e9sif tiss\u00e9 r\u00e9sistant \u00e0 la d\u00e9chirure. Il est universel et offre en outre un bon pouvoir adh\u00e9sif sur les supports rugueux. En savoir plus.\" \/>\n<meta name=\"robots\" content=\"index, follow, max-snippet:-1, max-image-preview:large, max-video-preview:-1\" \/>\n<link rel=\"canonical\" href=\"https:\/\/cardinal-tapes.com\/fr\/rubans-adh\u00e9sifs\/rubans-adhesifs-double-face\/tesa-4954-adhesif-double-face-en-tissu\/\" \/>\n<meta property=\"og:locale\" content=\"fr_FR\" \/>\n<meta property=\"og:type\" content=\"article\" \/>\n<meta property=\"og:title\" content=\"tesa\u00ae 4954 Ruban adh\u00e9sif double face tiss\u00e9 | Cardinal TAPES\" \/>\n<meta property=\"og:description\" content=\"tesa\u00ae 4954 est un ruban adh\u00e9sif tiss\u00e9 r\u00e9sistant \u00e0 la d\u00e9chirure. Il est universel et offre en outre un bon pouvoir adh\u00e9sif sur les supports rugueux. En savoir plus.\" \/>\n<meta property=\"og:url\" content=\"https:\/\/cardinal-tapes.com\/fr\/rubans-adh\u00e9sifs\/rubans-adhesifs-double-face\/tesa-4954-adhesif-double-face-en-tissu\/\" \/>\n<meta property=\"og:site_name\" content=\"cardinal TAPES\" \/>\n<meta property=\"article:modified_time\" content=\"2025-07-03T12:35:14+00:00\" \/>\n<meta property=\"og:image\" content=\"https:\/\/cardinal-tapes.com\/wp-content\/uploads\/tesa_tesafix_4954.jpg\" \/>\n\t<meta property=\"og:image:width\" content=\"600\" \/>\n\t<meta property=\"og:image:height\" content=\"600\" \/>\n\t<meta property=\"og:image:type\" content=\"image\/jpeg\" \/>\n<meta name=\"twitter:card\" content=\"summary_large_image\" \/>\n<script type=\"application\/ld+json\" class=\"yoast-schema-graph\">{\"@context\":\"https:\\\/\\\/schema.org\",\"@graph\":[{\"@type\":\"WebPage\",\"@id\":\"https:\\\/\\\/cardinal-tapes.com\\\/fr\\\/rubans-adh\u00e9sifs\\\/rubans-adhesifs-double-face\\\/tesa-4954-adhesif-double-face-en-tissu\\\/\",\"url\":\"https:\\\/\\\/cardinal-tapes.com\\\/fr\\\/rubans-adh\u00e9sifs\\\/rubans-adhesifs-double-face\\\/tesa-4954-adhesif-double-face-en-tissu\\\/\",\"name\":\"tesa\u00ae 4954 Ruban adh\u00e9sif double face tiss\u00e9 | Cardinal TAPES\",\"isPartOf\":{\"@id\":\"https:\\\/\\\/cardinal-tapes.com\\\/#website\"},\"primaryImageOfPage\":{\"@id\":\"https:\\\/\\\/cardinal-tapes.com\\\/fr\\\/rubans-adh\u00e9sifs\\\/rubans-adhesifs-double-face\\\/tesa-4954-adhesif-double-face-en-tissu\\\/#primaryimage\"},\"image\":{\"@id\":\"https:\\\/\\\/cardinal-tapes.com\\\/fr\\\/rubans-adh\u00e9sifs\\\/rubans-adhesifs-double-face\\\/tesa-4954-adhesif-double-face-en-tissu\\\/#primaryimage\"},\"thumbnailUrl\":\"https:\\\/\\\/cardinal-tapes.com\\\/wp-content\\\/uploads\\\/tesa_tesafix_4954.jpg\",\"datePublished\":\"2018-02-06T13:00:05+00:00\",\"dateModified\":\"2025-07-03T12:35:14+00:00\",\"description\":\"tesa\u00ae 4954 est un ruban adh\u00e9sif tiss\u00e9 r\u00e9sistant \u00e0 la d\u00e9chirure. Il est universel et offre en outre un bon pouvoir adh\u00e9sif sur les supports rugueux. En savoir plus.\",\"breadcrumb\":{\"@id\":\"https:\\\/\\\/cardinal-tapes.com\\\/fr\\\/rubans-adh\u00e9sifs\\\/rubans-adhesifs-double-face\\\/tesa-4954-adhesif-double-face-en-tissu\\\/#breadcrumb\"},\"inLanguage\":\"fr-FR\",\"potentialAction\":[{\"@type\":\"ReadAction\",\"target\":[\"https:\\\/\\\/cardinal-tapes.com\\\/fr\\\/rubans-adh\u00e9sifs\\\/rubans-adhesifs-double-face\\\/tesa-4954-adhesif-double-face-en-tissu\\\/\"]}]},{\"@type\":\"ImageObject\",\"inLanguage\":\"fr-FR\",\"@id\":\"https:\\\/\\\/cardinal-tapes.com\\\/fr\\\/rubans-adh\u00e9sifs\\\/rubans-adhesifs-double-face\\\/tesa-4954-adhesif-double-face-en-tissu\\\/#primaryimage\",\"url\":\"https:\\\/\\\/cardinal-tapes.com\\\/wp-content\\\/uploads\\\/tesa_tesafix_4954.jpg\",\"contentUrl\":\"https:\\\/\\\/cardinal-tapes.com\\\/wp-content\\\/uploads\\\/tesa_tesafix_4954.jpg\",\"width\":600,\"height\":600,\"caption\":\"tesa tesafix 4954\"},{\"@type\":\"BreadcrumbList\",\"@id\":\"https:\\\/\\\/cardinal-tapes.com\\\/fr\\\/rubans-adh\u00e9sifs\\\/rubans-adhesifs-double-face\\\/tesa-4954-adhesif-double-face-en-tissu\\\/#breadcrumb\",\"itemListElement\":[{\"@type\":\"ListItem\",\"position\":1,\"name\":\"Startseite\",\"item\":\"https:\\\/\\\/cardinal-tapes.com\\\/fr\\\/accueil\\\/\"},{\"@type\":\"ListItem\",\"position\":2,\"name\":\"Rubans adh\u00e9sifs\",\"item\":\"https:\\\/\\\/cardinal-tapes.com\\\/fr\\\/rubans-adhesifs-fr\\\/\"},{\"@type\":\"ListItem\",\"position\":3,\"name\":\"Rubans adh\u00e9sifs double face\",\"item\":\"https:\\\/\\\/cardinal-tapes.com\\\/fr\\\/catgorie\\\/rubans-adhesifs-double-face\\\/\"},{\"@type\":\"ListItem\",\"position\":4,\"name\":\"tesa\u00ae 4954 Ruban adh\u00e9sif double face tiss\u00e9\"}]},{\"@type\":\"WebSite\",\"@id\":\"https:\\\/\\\/cardinal-tapes.com\\\/#website\",\"url\":\"https:\\\/\\\/cardinal-tapes.com\\\/\",\"name\":\"cardinal TAPES\",\"description\":\"Klebetechnik aus Wuppertal\",\"potentialAction\":[{\"@type\":\"SearchAction\",\"target\":{\"@type\":\"EntryPoint\",\"urlTemplate\":\"https:\\\/\\\/cardinal-tapes.com\\\/?s={search_term_string}\"},\"query-input\":{\"@type\":\"PropertyValueSpecification\",\"valueRequired\":true,\"valueName\":\"search_term_string\"}}],\"inLanguage\":\"fr-FR\"}]}<\/script>\n<!-- \/ Yoast SEO plugin. -->","yoast_head_json":{"title":"tesa\u00ae 4954 Ruban adh\u00e9sif double face tiss\u00e9 | Cardinal TAPES","description":"tesa\u00ae 4954 est un ruban adh\u00e9sif tiss\u00e9 r\u00e9sistant \u00e0 la d\u00e9chirure. Il est universel et offre en outre un bon pouvoir adh\u00e9sif sur les supports rugueux. En savoir plus.","robots":{"index":"index","follow":"follow","max-snippet":"max-snippet:-1","max-image-preview":"max-image-preview:large","max-video-preview":"max-video-preview:-1"},"canonical":"https:\/\/cardinal-tapes.com\/fr\/rubans-adh\u00e9sifs\/rubans-adhesifs-double-face\/tesa-4954-adhesif-double-face-en-tissu\/","og_locale":"fr_FR","og_type":"article","og_title":"tesa\u00ae 4954 Ruban adh\u00e9sif double face tiss\u00e9 | Cardinal TAPES","og_description":"tesa\u00ae 4954 est un ruban adh\u00e9sif tiss\u00e9 r\u00e9sistant \u00e0 la d\u00e9chirure. Il est universel et offre en outre un bon pouvoir adh\u00e9sif sur les supports rugueux. En savoir plus.","og_url":"https:\/\/cardinal-tapes.com\/fr\/rubans-adh\u00e9sifs\/rubans-adhesifs-double-face\/tesa-4954-adhesif-double-face-en-tissu\/","og_site_name":"cardinal TAPES","article_modified_time":"2025-07-03T12:35:14+00:00","og_image":[{"width":600,"height":600,"url":"https:\/\/cardinal-tapes.com\/wp-content\/uploads\/tesa_tesafix_4954.jpg","type":"image\/jpeg"}],"twitter_card":"summary_large_image","schema":{"@context":"https:\/\/schema.org","@graph":[{"@type":"WebPage","@id":"https:\/\/cardinal-tapes.com\/fr\/rubans-adh\u00e9sifs\/rubans-adhesifs-double-face\/tesa-4954-adhesif-double-face-en-tissu\/","url":"https:\/\/cardinal-tapes.com\/fr\/rubans-adh\u00e9sifs\/rubans-adhesifs-double-face\/tesa-4954-adhesif-double-face-en-tissu\/","name":"tesa\u00ae 4954 Ruban adh\u00e9sif double face tiss\u00e9 | Cardinal TAPES","isPartOf":{"@id":"https:\/\/cardinal-tapes.com\/#website"},"primaryImageOfPage":{"@id":"https:\/\/cardinal-tapes.com\/fr\/rubans-adh\u00e9sifs\/rubans-adhesifs-double-face\/tesa-4954-adhesif-double-face-en-tissu\/#primaryimage"},"image":{"@id":"https:\/\/cardinal-tapes.com\/fr\/rubans-adh\u00e9sifs\/rubans-adhesifs-double-face\/tesa-4954-adhesif-double-face-en-tissu\/#primaryimage"},"thumbnailUrl":"https:\/\/cardinal-tapes.com\/wp-content\/uploads\/tesa_tesafix_4954.jpg","datePublished":"2018-02-06T13:00:05+00:00","dateModified":"2025-07-03T12:35:14+00:00","description":"tesa\u00ae 4954 est un ruban adh\u00e9sif tiss\u00e9 r\u00e9sistant \u00e0 la d\u00e9chirure. Il est universel et offre en outre un bon pouvoir adh\u00e9sif sur les supports rugueux. En savoir plus.","breadcrumb":{"@id":"https:\/\/cardinal-tapes.com\/fr\/rubans-adh\u00e9sifs\/rubans-adhesifs-double-face\/tesa-4954-adhesif-double-face-en-tissu\/#breadcrumb"},"inLanguage":"fr-FR","potentialAction":[{"@type":"ReadAction","target":["https:\/\/cardinal-tapes.com\/fr\/rubans-adh\u00e9sifs\/rubans-adhesifs-double-face\/tesa-4954-adhesif-double-face-en-tissu\/"]}]},{"@type":"ImageObject","inLanguage":"fr-FR","@id":"https:\/\/cardinal-tapes.com\/fr\/rubans-adh\u00e9sifs\/rubans-adhesifs-double-face\/tesa-4954-adhesif-double-face-en-tissu\/#primaryimage","url":"https:\/\/cardinal-tapes.com\/wp-content\/uploads\/tesa_tesafix_4954.jpg","contentUrl":"https:\/\/cardinal-tapes.com\/wp-content\/uploads\/tesa_tesafix_4954.jpg","width":600,"height":600,"caption":"tesa tesafix 4954"},{"@type":"BreadcrumbList","@id":"https:\/\/cardinal-tapes.com\/fr\/rubans-adh\u00e9sifs\/rubans-adhesifs-double-face\/tesa-4954-adhesif-double-face-en-tissu\/#breadcrumb","itemListElement":[{"@type":"ListItem","position":1,"name":"Startseite","item":"https:\/\/cardinal-tapes.com\/fr\/accueil\/"},{"@type":"ListItem","position":2,"name":"Rubans adh\u00e9sifs","item":"https:\/\/cardinal-tapes.com\/fr\/rubans-adhesifs-fr\/"},{"@type":"ListItem","position":3,"name":"Rubans adh\u00e9sifs double face","item":"https:\/\/cardinal-tapes.com\/fr\/catgorie\/rubans-adhesifs-double-face\/"},{"@type":"ListItem","position":4,"name":"tesa\u00ae 4954 Ruban adh\u00e9sif double face tiss\u00e9"}]},{"@type":"WebSite","@id":"https:\/\/cardinal-tapes.com\/#website","url":"https:\/\/cardinal-tapes.com\/","name":"cardinal TAPES","description":"Klebetechnik aus Wuppertal","potentialAction":[{"@type":"SearchAction","target":{"@type":"EntryPoint","urlTemplate":"https:\/\/cardinal-tapes.com\/?s={search_term_string}"},"query-input":{"@type":"PropertyValueSpecification","valueRequired":true,"valueName":"search_term_string"}}],"inLanguage":"fr-FR"}]}},"brands":[{"id":2165,"name":"tesa","slug":"tesa-fr"}],"_links":{"self":[{"href":"https:\/\/cardinal-tapes.com\/fr\/wp-json\/wp\/v2\/product\/59797","targetHints":{"allow":["GET"]}}],"collection":[{"href":"https:\/\/cardinal-tapes.com\/fr\/wp-json\/wp\/v2\/product"}],"about":[{"href":"https:\/\/cardinal-tapes.com\/fr\/wp-json\/wp\/v2\/types\/product"}],"wp:featuredmedia":[{"embeddable":true,"href":"https:\/\/cardinal-tapes.com\/fr\/wp-json\/wp\/v2\/media\/26176"}],"wp:attachment":[{"href":"https:\/\/cardinal-tapes.com\/fr\/wp-json\/wp\/v2\/media?parent=59797"}],"wp:term":[{"taxonomy":"pwb-brand","embeddable":true,"href":"https:\/\/cardinal-tapes.com\/fr\/wp-json\/wp\/v2\/pwb-brand?post=59797"},{"taxonomy":"product_brand","embeddable":true,"href":"https:\/\/cardinal-tapes.com\/fr\/wp-json\/wp\/v2\/product_brand?post=59797"},{"taxonomy":"product_cat","embeddable":true,"href":"https:\/\/cardinal-tapes.com\/fr\/wp-json\/wp\/v2\/product_cat?post=59797"},{"taxonomy":"product_tag","embeddable":true,"href":"https:\/\/cardinal-tapes.com\/fr\/wp-json\/wp\/v2\/product_tag?post=59797"}],"curies":[{"name":"wp","href":"https:\/\/api.w.org\/{rel}","templated":true}]}}