{"id":59782,"date":"2018-02-06T14:50:04","date_gmt":"2023-06-05T15:29:38","guid":{"rendered":"https:\/\/cardinal.pixel-tal.de\/klebebaender\/non%20class\u00e9\/tesa-50525-ruban-adhesif-en-aluminium-avec-liner\/"},"modified":"2023-06-05T17:32:58","modified_gmt":"2023-06-05T15:32:58","slug":"tesa-50525-bande-adhesive-aluminium-avec-liner","status":"publish","type":"product","link":"https:\/\/cardinal-tapes.com\/fr\/rubans-adh\u00e9sifs\/domaines-dapplication\/ruban-adhesif-en-aluminium\/tesa-50525-bande-adhesive-aluminium-avec-liner\/","title":{"rendered":"tesa\u00ae 50525 Ruban adh\u00e9sif en aluminium avec liner"},"content":{"rendered":"<p>tesa 50525 est un ruban adh\u00e9sif flexible en aluminium, compos\u00e9 d&#8217;une feuille d&#8217;aluminium et d&#8217;une masse adh\u00e9sive en acrylate.<br \/>\nLe ruban adh\u00e9sif poss\u00e8de un bon pouvoir adh\u00e9sif, il est r\u00e9sistant \u00e0 l&#8217;humidit\u00e9, \u00e9tanche \u00e0 la vapeur d&#8217;eau et hautement conducteur de chaleur.<\/p>\n","protected":false},"excerpt":{"rendered":"<p>tesa 50525 est un ruban adh\u00e9sif flexible en aluminium, compos\u00e9 d&#8217;une feuille d&#8217;aluminium et d&#8217;une masse adh\u00e9sive en acrylate. Le ruban adh\u00e9sif poss\u00e8de un bon pouvoir adh\u00e9sif, il est r\u00e9sistant \u00e0 l&#8217;humidit\u00e9, \u00e9tanche \u00e0 la vapeur d&#8217;eau et hautement conducteur de chaleur.<\/p>\n","protected":false},"featured_media":26136,"template":"","meta":{"_acf_changed":false},"pwb-brand":[2165],"product_brand":[],"product_cat":[1666,1836],"product_tag":[],"class_list":{"0":"post-59782","1":"product","2":"type-product","3":"status-publish","4":"has-post-thumbnail","6":"pwb-brand-tesa-fr","7":"product_cat-ruban-adhesif-en-aluminium","8":"product_cat-rubans-adhesifs-simple-face","10":"first","11":"instock","12":"taxable","13":"shipping-taxable","14":"purchasable","15":"product-type-simple"},"acf":[],"yoast_head":"<!-- This site is optimized with the Yoast SEO plugin v27.3 - https:\/\/yoast.com\/product\/yoast-seo-wordpress\/ -->\n<title>tesa\u00ae 50525 Ruban adh\u00e9sif en aluminium avec liner| Cardinal TAPES<\/title>\n<meta name=\"description\" content=\"tesa\u00ae 50525 est un ruban adh\u00e9sif flexible en aluminium, compos\u00e9 d&#039;une feuille d&#039;aluminium et d&#039;une masse adh\u00e9sive en acrylate. En savoir plus.\" \/>\n<meta name=\"robots\" content=\"index, follow, max-snippet:-1, max-image-preview:large, max-video-preview:-1\" \/>\n<link rel=\"canonical\" href=\"https:\/\/cardinal-tapes.com\/fr\/rubans-adh\u00e9sifs\/ruban-adhesif-en-aluminium\/tesa-50525-bande-adhesive-aluminium-avec-liner\/\" \/>\n<meta property=\"og:locale\" content=\"fr_FR\" \/>\n<meta property=\"og:type\" content=\"article\" \/>\n<meta property=\"og:title\" content=\"tesa\u00ae 50525 Ruban adh\u00e9sif en aluminium avec liner| Cardinal TAPES\" \/>\n<meta property=\"og:description\" content=\"tesa\u00ae 50525 est un ruban adh\u00e9sif flexible en aluminium, compos\u00e9 d&#039;une feuille d&#039;aluminium et d&#039;une masse adh\u00e9sive en acrylate. En savoir plus.\" \/>\n<meta property=\"og:url\" content=\"https:\/\/cardinal-tapes.com\/fr\/rubans-adh\u00e9sifs\/ruban-adhesif-en-aluminium\/tesa-50525-bande-adhesive-aluminium-avec-liner\/\" \/>\n<meta property=\"og:site_name\" content=\"cardinal TAPES\" \/>\n<meta property=\"article:modified_time\" content=\"2023-06-05T15:32:58+00:00\" \/>\n<meta property=\"og:image\" content=\"https:\/\/cardinal-tapes.com\/wp-content\/uploads\/tesa-50525.jpg\" \/>\n\t<meta property=\"og:image:width\" content=\"600\" \/>\n\t<meta property=\"og:image:height\" content=\"600\" \/>\n\t<meta property=\"og:image:type\" content=\"image\/jpeg\" \/>\n<meta name=\"twitter:card\" content=\"summary_large_image\" \/>\n<script type=\"application\/ld+json\" class=\"yoast-schema-graph\">{\"@context\":\"https:\\\/\\\/schema.org\",\"@graph\":[{\"@type\":\"WebPage\",\"@id\":\"https:\\\/\\\/cardinal-tapes.com\\\/fr\\\/rubans-adh\u00e9sifs\\\/ruban-adhesif-en-aluminium\\\/tesa-50525-bande-adhesive-aluminium-avec-liner\\\/\",\"url\":\"https:\\\/\\\/cardinal-tapes.com\\\/fr\\\/rubans-adh\u00e9sifs\\\/ruban-adhesif-en-aluminium\\\/tesa-50525-bande-adhesive-aluminium-avec-liner\\\/\",\"name\":\"tesa\u00ae 50525 Ruban adh\u00e9sif en aluminium avec liner| Cardinal TAPES\",\"isPartOf\":{\"@id\":\"https:\\\/\\\/cardinal-tapes.com\\\/#website\"},\"primaryImageOfPage\":{\"@id\":\"https:\\\/\\\/cardinal-tapes.com\\\/fr\\\/rubans-adh\u00e9sifs\\\/ruban-adhesif-en-aluminium\\\/tesa-50525-bande-adhesive-aluminium-avec-liner\\\/#primaryimage\"},\"image\":{\"@id\":\"https:\\\/\\\/cardinal-tapes.com\\\/fr\\\/rubans-adh\u00e9sifs\\\/ruban-adhesif-en-aluminium\\\/tesa-50525-bande-adhesive-aluminium-avec-liner\\\/#primaryimage\"},\"thumbnailUrl\":\"https:\\\/\\\/cardinal-tapes.com\\\/wp-content\\\/uploads\\\/tesa-50525.jpg\",\"datePublished\":\"2023-06-05T15:29:38+00:00\",\"dateModified\":\"2023-06-05T15:32:58+00:00\",\"description\":\"tesa\u00ae 50525 est un ruban adh\u00e9sif flexible en aluminium, compos\u00e9 d'une feuille d'aluminium et d'une masse adh\u00e9sive en acrylate. En savoir plus.\",\"breadcrumb\":{\"@id\":\"https:\\\/\\\/cardinal-tapes.com\\\/fr\\\/rubans-adh\u00e9sifs\\\/ruban-adhesif-en-aluminium\\\/tesa-50525-bande-adhesive-aluminium-avec-liner\\\/#breadcrumb\"},\"inLanguage\":\"fr-FR\",\"potentialAction\":[{\"@type\":\"ReadAction\",\"target\":[\"https:\\\/\\\/cardinal-tapes.com\\\/fr\\\/rubans-adh\u00e9sifs\\\/ruban-adhesif-en-aluminium\\\/tesa-50525-bande-adhesive-aluminium-avec-liner\\\/\"]}]},{\"@type\":\"ImageObject\",\"inLanguage\":\"fr-FR\",\"@id\":\"https:\\\/\\\/cardinal-tapes.com\\\/fr\\\/rubans-adh\u00e9sifs\\\/ruban-adhesif-en-aluminium\\\/tesa-50525-bande-adhesive-aluminium-avec-liner\\\/#primaryimage\",\"url\":\"https:\\\/\\\/cardinal-tapes.com\\\/wp-content\\\/uploads\\\/tesa-50525.jpg\",\"contentUrl\":\"https:\\\/\\\/cardinal-tapes.com\\\/wp-content\\\/uploads\\\/tesa-50525.jpg\",\"width\":600,\"height\":600,\"caption\":\"tesa 50525\"},{\"@type\":\"BreadcrumbList\",\"@id\":\"https:\\\/\\\/cardinal-tapes.com\\\/fr\\\/rubans-adh\u00e9sifs\\\/ruban-adhesif-en-aluminium\\\/tesa-50525-bande-adhesive-aluminium-avec-liner\\\/#breadcrumb\",\"itemListElement\":[{\"@type\":\"ListItem\",\"position\":1,\"name\":\"Startseite\",\"item\":\"https:\\\/\\\/cardinal-tapes.com\\\/fr\\\/accueil\\\/\"},{\"@type\":\"ListItem\",\"position\":2,\"name\":\"Rubans adh\u00e9sifs\",\"item\":\"https:\\\/\\\/cardinal-tapes.com\\\/fr\\\/rubans-adhesifs-fr\\\/\"},{\"@type\":\"ListItem\",\"position\":3,\"name\":\"Ruban adh\u00e9sif en aluminium\",\"item\":\"https:\\\/\\\/cardinal-tapes.com\\\/fr\\\/catgorie\\\/ruban-adhesif-en-aluminium\\\/\"},{\"@type\":\"ListItem\",\"position\":4,\"name\":\"tesa\u00ae 50525 Ruban adh\u00e9sif en aluminium avec liner\"}]},{\"@type\":\"WebSite\",\"@id\":\"https:\\\/\\\/cardinal-tapes.com\\\/#website\",\"url\":\"https:\\\/\\\/cardinal-tapes.com\\\/\",\"name\":\"cardinal TAPES\",\"description\":\"Klebetechnik aus Wuppertal\",\"potentialAction\":[{\"@type\":\"SearchAction\",\"target\":{\"@type\":\"EntryPoint\",\"urlTemplate\":\"https:\\\/\\\/cardinal-tapes.com\\\/?s={search_term_string}\"},\"query-input\":{\"@type\":\"PropertyValueSpecification\",\"valueRequired\":true,\"valueName\":\"search_term_string\"}}],\"inLanguage\":\"fr-FR\"}]}<\/script>\n<!-- \/ Yoast SEO plugin. -->","yoast_head_json":{"title":"tesa\u00ae 50525 Ruban adh\u00e9sif en aluminium avec liner| Cardinal TAPES","description":"tesa\u00ae 50525 est un ruban adh\u00e9sif flexible en aluminium, compos\u00e9 d'une feuille d'aluminium et d'une masse adh\u00e9sive en acrylate. En savoir plus.","robots":{"index":"index","follow":"follow","max-snippet":"max-snippet:-1","max-image-preview":"max-image-preview:large","max-video-preview":"max-video-preview:-1"},"canonical":"https:\/\/cardinal-tapes.com\/fr\/rubans-adh\u00e9sifs\/ruban-adhesif-en-aluminium\/tesa-50525-bande-adhesive-aluminium-avec-liner\/","og_locale":"fr_FR","og_type":"article","og_title":"tesa\u00ae 50525 Ruban adh\u00e9sif en aluminium avec liner| Cardinal TAPES","og_description":"tesa\u00ae 50525 est un ruban adh\u00e9sif flexible en aluminium, compos\u00e9 d'une feuille d'aluminium et d'une masse adh\u00e9sive en acrylate. En savoir plus.","og_url":"https:\/\/cardinal-tapes.com\/fr\/rubans-adh\u00e9sifs\/ruban-adhesif-en-aluminium\/tesa-50525-bande-adhesive-aluminium-avec-liner\/","og_site_name":"cardinal TAPES","article_modified_time":"2023-06-05T15:32:58+00:00","og_image":[{"width":600,"height":600,"url":"https:\/\/cardinal-tapes.com\/wp-content\/uploads\/tesa-50525.jpg","type":"image\/jpeg"}],"twitter_card":"summary_large_image","schema":{"@context":"https:\/\/schema.org","@graph":[{"@type":"WebPage","@id":"https:\/\/cardinal-tapes.com\/fr\/rubans-adh\u00e9sifs\/ruban-adhesif-en-aluminium\/tesa-50525-bande-adhesive-aluminium-avec-liner\/","url":"https:\/\/cardinal-tapes.com\/fr\/rubans-adh\u00e9sifs\/ruban-adhesif-en-aluminium\/tesa-50525-bande-adhesive-aluminium-avec-liner\/","name":"tesa\u00ae 50525 Ruban adh\u00e9sif en aluminium avec liner| Cardinal TAPES","isPartOf":{"@id":"https:\/\/cardinal-tapes.com\/#website"},"primaryImageOfPage":{"@id":"https:\/\/cardinal-tapes.com\/fr\/rubans-adh\u00e9sifs\/ruban-adhesif-en-aluminium\/tesa-50525-bande-adhesive-aluminium-avec-liner\/#primaryimage"},"image":{"@id":"https:\/\/cardinal-tapes.com\/fr\/rubans-adh\u00e9sifs\/ruban-adhesif-en-aluminium\/tesa-50525-bande-adhesive-aluminium-avec-liner\/#primaryimage"},"thumbnailUrl":"https:\/\/cardinal-tapes.com\/wp-content\/uploads\/tesa-50525.jpg","datePublished":"2023-06-05T15:29:38+00:00","dateModified":"2023-06-05T15:32:58+00:00","description":"tesa\u00ae 50525 est un ruban adh\u00e9sif flexible en aluminium, compos\u00e9 d'une feuille d'aluminium et d'une masse adh\u00e9sive en acrylate. En savoir plus.","breadcrumb":{"@id":"https:\/\/cardinal-tapes.com\/fr\/rubans-adh\u00e9sifs\/ruban-adhesif-en-aluminium\/tesa-50525-bande-adhesive-aluminium-avec-liner\/#breadcrumb"},"inLanguage":"fr-FR","potentialAction":[{"@type":"ReadAction","target":["https:\/\/cardinal-tapes.com\/fr\/rubans-adh\u00e9sifs\/ruban-adhesif-en-aluminium\/tesa-50525-bande-adhesive-aluminium-avec-liner\/"]}]},{"@type":"ImageObject","inLanguage":"fr-FR","@id":"https:\/\/cardinal-tapes.com\/fr\/rubans-adh\u00e9sifs\/ruban-adhesif-en-aluminium\/tesa-50525-bande-adhesive-aluminium-avec-liner\/#primaryimage","url":"https:\/\/cardinal-tapes.com\/wp-content\/uploads\/tesa-50525.jpg","contentUrl":"https:\/\/cardinal-tapes.com\/wp-content\/uploads\/tesa-50525.jpg","width":600,"height":600,"caption":"tesa 50525"},{"@type":"BreadcrumbList","@id":"https:\/\/cardinal-tapes.com\/fr\/rubans-adh\u00e9sifs\/ruban-adhesif-en-aluminium\/tesa-50525-bande-adhesive-aluminium-avec-liner\/#breadcrumb","itemListElement":[{"@type":"ListItem","position":1,"name":"Startseite","item":"https:\/\/cardinal-tapes.com\/fr\/accueil\/"},{"@type":"ListItem","position":2,"name":"Rubans adh\u00e9sifs","item":"https:\/\/cardinal-tapes.com\/fr\/rubans-adhesifs-fr\/"},{"@type":"ListItem","position":3,"name":"Ruban adh\u00e9sif en aluminium","item":"https:\/\/cardinal-tapes.com\/fr\/catgorie\/ruban-adhesif-en-aluminium\/"},{"@type":"ListItem","position":4,"name":"tesa\u00ae 50525 Ruban adh\u00e9sif en aluminium avec liner"}]},{"@type":"WebSite","@id":"https:\/\/cardinal-tapes.com\/#website","url":"https:\/\/cardinal-tapes.com\/","name":"cardinal TAPES","description":"Klebetechnik aus Wuppertal","potentialAction":[{"@type":"SearchAction","target":{"@type":"EntryPoint","urlTemplate":"https:\/\/cardinal-tapes.com\/?s={search_term_string}"},"query-input":{"@type":"PropertyValueSpecification","valueRequired":true,"valueName":"search_term_string"}}],"inLanguage":"fr-FR"}]}},"brands":[{"id":2165,"name":"tesa","slug":"tesa-fr"}],"_links":{"self":[{"href":"https:\/\/cardinal-tapes.com\/fr\/wp-json\/wp\/v2\/product\/59782","targetHints":{"allow":["GET"]}}],"collection":[{"href":"https:\/\/cardinal-tapes.com\/fr\/wp-json\/wp\/v2\/product"}],"about":[{"href":"https:\/\/cardinal-tapes.com\/fr\/wp-json\/wp\/v2\/types\/product"}],"wp:featuredmedia":[{"embeddable":true,"href":"https:\/\/cardinal-tapes.com\/fr\/wp-json\/wp\/v2\/media\/26136"}],"wp:attachment":[{"href":"https:\/\/cardinal-tapes.com\/fr\/wp-json\/wp\/v2\/media?parent=59782"}],"wp:term":[{"taxonomy":"pwb-brand","embeddable":true,"href":"https:\/\/cardinal-tapes.com\/fr\/wp-json\/wp\/v2\/pwb-brand?post=59782"},{"taxonomy":"product_brand","embeddable":true,"href":"https:\/\/cardinal-tapes.com\/fr\/wp-json\/wp\/v2\/product_brand?post=59782"},{"taxonomy":"product_cat","embeddable":true,"href":"https:\/\/cardinal-tapes.com\/fr\/wp-json\/wp\/v2\/product_cat?post=59782"},{"taxonomy":"product_tag","embeddable":true,"href":"https:\/\/cardinal-tapes.com\/fr\/wp-json\/wp\/v2\/product_tag?post=59782"}],"curies":[{"name":"wp","href":"https:\/\/api.w.org\/{rel}","templated":true}]}}