{"id":59510,"date":"2018-02-08T14:39:12","date_gmt":"2023-06-05T15:28:17","guid":{"rendered":"https:\/\/cardinal.pixel-tal.de\/klebebaender\/non%20class\u00e9\/tesapack-4089-ruban-adhesif-demballage-universel-en-pp\/"},"modified":"2025-07-03T15:07:47","modified_gmt":"2025-07-03T13:07:47","slug":"tesa-4089-universel-pp-ruban-demballage","status":"publish","type":"product","link":"https:\/\/cardinal-tapes.com\/fr\/rubans-adh\u00e9sifs\/rubans-adhesifs-simple-face\/film-pp-fr\/tesa-4089-universel-pp-ruban-demballage\/","title":{"rendered":"tesapack\u00ae 4089 Ruban adh\u00e9sif d&#8217;emballage universel en PP"},"content":{"rendered":"<p><sup>tesapack\u00ae<\/sup> 4089 est un ruban adh\u00e9sif d&#8217;emballage \u00e0 base de film PP avec une forte masse adh\u00e9sive en caoutchouc naturel.<\/p>\n<p><strong>propri\u00e9t\u00e9s<\/strong><br \/>\n&#8211; Bruyant, mais se d\u00e9roule facilement<br \/>\n&#8211; Convient tr\u00e8s bien \u00e0 la transformation m\u00e9canique et \u00e0 la transformation avec tous les d\u00e9rouleurs manuels courants<\/p>\n<p><strong>applications<\/strong><br \/>\n&#8211; Transformation manuelle et m\u00e9canique sans probl\u00e8me<br \/>\n&#8211; Utilisation universelle pour la fermeture de bo\u00eetes d&#8217;exp\u00e9dition l\u00e9g\u00e8res \u00e0 moyennement lourdes<\/p>\n<p>&nbsp;<\/p>\n","protected":false},"excerpt":{"rendered":"<p>tesapack\u00ae 4089 est un ruban adh\u00e9sif d&#8217;emballage \u00e0 base de film PP avec une forte masse adh\u00e9sive en caoutchouc naturel. propri\u00e9t\u00e9s &#8211; Bruyant, mais se d\u00e9roule facilement &#8211; Convient tr\u00e8s bien \u00e0 la transformation m\u00e9canique et \u00e0 la transformation avec tous les d\u00e9rouleurs manuels courants applications &#8211; Transformation manuelle et m\u00e9canique sans probl\u00e8me &#8211; Utilisation [&hellip;]<\/p>\n","protected":false},"featured_media":26180,"template":"","meta":{"_acf_changed":false},"pwb-brand":[2165],"product_brand":[],"product_cat":[1772,1836,1840,1859],"product_tag":[],"class_list":{"0":"post-59510","1":"product","2":"type-product","3":"status-publish","4":"has-post-thumbnail","6":"pwb-brand-tesa-fr","7":"product_cat-secteur-du-transport","8":"product_cat-rubans-adhesifs-simple-face","9":"product_cat-film-pp-fr","10":"product_cat-systemes-demballage","12":"first","13":"instock","14":"taxable","15":"shipping-taxable","16":"purchasable","17":"product-type-variable"},"acf":[],"yoast_head":"<!-- This site is optimized with the Yoast SEO plugin v27.3 - https:\/\/yoast.com\/product\/yoast-seo-wordpress\/ -->\n<title>Tesa 4089 Ruban adh\u00e9sif universel d&#039;emballage PP | Cardinal TAPES<\/title>\n<meta name=\"description\" content=\"Tesa 4089 est un ruban adh\u00e9sif d&#039;emballage \u00e0 base de film PP. Il se caract\u00e9rise par sa facilit\u00e9 de d\u00e9roulement. En savoir plus.\" \/>\n<meta name=\"robots\" content=\"index, follow, max-snippet:-1, max-image-preview:large, max-video-preview:-1\" \/>\n<link rel=\"canonical\" href=\"https:\/\/cardinal-tapes.com\/fr\/rubans-adh\u00e9sifs\/rubans-adhesifs-simple-face\/film-pp-fr\/tesa-4089-universel-pp-ruban-demballage\/\" \/>\n<meta property=\"og:locale\" content=\"fr_FR\" \/>\n<meta property=\"og:type\" content=\"article\" \/>\n<meta property=\"og:title\" content=\"Tesa 4089 Ruban adh\u00e9sif universel d&#039;emballage PP | Cardinal TAPES\" \/>\n<meta property=\"og:description\" content=\"Tesa 4089 est un ruban adh\u00e9sif d&#039;emballage \u00e0 base de film PP. Il se caract\u00e9rise par sa facilit\u00e9 de d\u00e9roulement. En savoir plus.\" \/>\n<meta property=\"og:url\" content=\"https:\/\/cardinal-tapes.com\/fr\/rubans-adh\u00e9sifs\/rubans-adhesifs-simple-face\/film-pp-fr\/tesa-4089-universel-pp-ruban-demballage\/\" \/>\n<meta property=\"og:site_name\" content=\"cardinal TAPES\" \/>\n<meta property=\"article:modified_time\" content=\"2025-07-03T13:07:47+00:00\" \/>\n<meta property=\"og:image\" content=\"https:\/\/cardinal-tapes.com\/wp-content\/uploads\/tesa-4089-1.jpg\" \/>\n\t<meta property=\"og:image:width\" content=\"600\" \/>\n\t<meta property=\"og:image:height\" content=\"600\" \/>\n\t<meta property=\"og:image:type\" content=\"image\/jpeg\" \/>\n<meta name=\"twitter:card\" content=\"summary_large_image\" \/>\n<script type=\"application\/ld+json\" class=\"yoast-schema-graph\">{\"@context\":\"https:\\\/\\\/schema.org\",\"@graph\":[{\"@type\":\"WebPage\",\"@id\":\"https:\\\/\\\/cardinal-tapes.com\\\/fr\\\/rubans-adh\u00e9sifs\\\/rubans-adhesifs-simple-face\\\/film-pp-fr\\\/tesa-4089-universel-pp-ruban-demballage\\\/\",\"url\":\"https:\\\/\\\/cardinal-tapes.com\\\/fr\\\/rubans-adh\u00e9sifs\\\/rubans-adhesifs-simple-face\\\/film-pp-fr\\\/tesa-4089-universel-pp-ruban-demballage\\\/\",\"name\":\"Tesa 4089 Ruban adh\u00e9sif universel d'emballage PP | Cardinal TAPES\",\"isPartOf\":{\"@id\":\"https:\\\/\\\/cardinal-tapes.com\\\/#website\"},\"primaryImageOfPage\":{\"@id\":\"https:\\\/\\\/cardinal-tapes.com\\\/fr\\\/rubans-adh\u00e9sifs\\\/rubans-adhesifs-simple-face\\\/film-pp-fr\\\/tesa-4089-universel-pp-ruban-demballage\\\/#primaryimage\"},\"image\":{\"@id\":\"https:\\\/\\\/cardinal-tapes.com\\\/fr\\\/rubans-adh\u00e9sifs\\\/rubans-adhesifs-simple-face\\\/film-pp-fr\\\/tesa-4089-universel-pp-ruban-demballage\\\/#primaryimage\"},\"thumbnailUrl\":\"https:\\\/\\\/cardinal-tapes.com\\\/wp-content\\\/uploads\\\/tesa-4089-1.jpg\",\"datePublished\":\"2023-06-05T15:28:17+00:00\",\"dateModified\":\"2025-07-03T13:07:47+00:00\",\"description\":\"Tesa 4089 est un ruban adh\u00e9sif d'emballage \u00e0 base de film PP. Il se caract\u00e9rise par sa facilit\u00e9 de d\u00e9roulement. En savoir plus.\",\"breadcrumb\":{\"@id\":\"https:\\\/\\\/cardinal-tapes.com\\\/fr\\\/rubans-adh\u00e9sifs\\\/rubans-adhesifs-simple-face\\\/film-pp-fr\\\/tesa-4089-universel-pp-ruban-demballage\\\/#breadcrumb\"},\"inLanguage\":\"fr-FR\",\"potentialAction\":[{\"@type\":\"ReadAction\",\"target\":[\"https:\\\/\\\/cardinal-tapes.com\\\/fr\\\/rubans-adh\u00e9sifs\\\/rubans-adhesifs-simple-face\\\/film-pp-fr\\\/tesa-4089-universel-pp-ruban-demballage\\\/\"]}]},{\"@type\":\"ImageObject\",\"inLanguage\":\"fr-FR\",\"@id\":\"https:\\\/\\\/cardinal-tapes.com\\\/fr\\\/rubans-adh\u00e9sifs\\\/rubans-adhesifs-simple-face\\\/film-pp-fr\\\/tesa-4089-universel-pp-ruban-demballage\\\/#primaryimage\",\"url\":\"https:\\\/\\\/cardinal-tapes.com\\\/wp-content\\\/uploads\\\/tesa-4089-1.jpg\",\"contentUrl\":\"https:\\\/\\\/cardinal-tapes.com\\\/wp-content\\\/uploads\\\/tesa-4089-1.jpg\",\"width\":600,\"height\":600,\"caption\":\"tesa 4089\"},{\"@type\":\"BreadcrumbList\",\"@id\":\"https:\\\/\\\/cardinal-tapes.com\\\/fr\\\/rubans-adh\u00e9sifs\\\/rubans-adhesifs-simple-face\\\/film-pp-fr\\\/tesa-4089-universel-pp-ruban-demballage\\\/#breadcrumb\",\"itemListElement\":[{\"@type\":\"ListItem\",\"position\":1,\"name\":\"Startseite\",\"item\":\"https:\\\/\\\/cardinal-tapes.com\\\/fr\\\/accueil\\\/\"},{\"@type\":\"ListItem\",\"position\":2,\"name\":\"Rubans adh\u00e9sifs\",\"item\":\"https:\\\/\\\/cardinal-tapes.com\\\/fr\\\/rubans-adhesifs-fr\\\/\"},{\"@type\":\"ListItem\",\"position\":3,\"name\":\"Domaines d&#039;application\",\"item\":\"https:\\\/\\\/cardinal-tapes.com\\\/fr\\\/catgorie\\\/domaines-dapplication\\\/\"},{\"@type\":\"ListItem\",\"position\":4,\"name\":\"Secteur du transport\",\"item\":\"https:\\\/\\\/cardinal-tapes.com\\\/fr\\\/catgorie\\\/secteur-du-transport\\\/\"},{\"@type\":\"ListItem\",\"position\":5,\"name\":\"tesapack\u00ae 4089 Ruban adh\u00e9sif d&#8217;emballage universel en PP\"}]},{\"@type\":\"WebSite\",\"@id\":\"https:\\\/\\\/cardinal-tapes.com\\\/#website\",\"url\":\"https:\\\/\\\/cardinal-tapes.com\\\/\",\"name\":\"cardinal TAPES\",\"description\":\"Klebetechnik aus Wuppertal\",\"potentialAction\":[{\"@type\":\"SearchAction\",\"target\":{\"@type\":\"EntryPoint\",\"urlTemplate\":\"https:\\\/\\\/cardinal-tapes.com\\\/?s={search_term_string}\"},\"query-input\":{\"@type\":\"PropertyValueSpecification\",\"valueRequired\":true,\"valueName\":\"search_term_string\"}}],\"inLanguage\":\"fr-FR\"}]}<\/script>\n<!-- \/ Yoast SEO plugin. -->","yoast_head_json":{"title":"Tesa 4089 Ruban adh\u00e9sif universel d'emballage PP | Cardinal TAPES","description":"Tesa 4089 est un ruban adh\u00e9sif d'emballage \u00e0 base de film PP. Il se caract\u00e9rise par sa facilit\u00e9 de d\u00e9roulement. En savoir plus.","robots":{"index":"index","follow":"follow","max-snippet":"max-snippet:-1","max-image-preview":"max-image-preview:large","max-video-preview":"max-video-preview:-1"},"canonical":"https:\/\/cardinal-tapes.com\/fr\/rubans-adh\u00e9sifs\/rubans-adhesifs-simple-face\/film-pp-fr\/tesa-4089-universel-pp-ruban-demballage\/","og_locale":"fr_FR","og_type":"article","og_title":"Tesa 4089 Ruban adh\u00e9sif universel d'emballage PP | Cardinal TAPES","og_description":"Tesa 4089 est un ruban adh\u00e9sif d'emballage \u00e0 base de film PP. Il se caract\u00e9rise par sa facilit\u00e9 de d\u00e9roulement. En savoir plus.","og_url":"https:\/\/cardinal-tapes.com\/fr\/rubans-adh\u00e9sifs\/rubans-adhesifs-simple-face\/film-pp-fr\/tesa-4089-universel-pp-ruban-demballage\/","og_site_name":"cardinal TAPES","article_modified_time":"2025-07-03T13:07:47+00:00","og_image":[{"width":600,"height":600,"url":"https:\/\/cardinal-tapes.com\/wp-content\/uploads\/tesa-4089-1.jpg","type":"image\/jpeg"}],"twitter_card":"summary_large_image","schema":{"@context":"https:\/\/schema.org","@graph":[{"@type":"WebPage","@id":"https:\/\/cardinal-tapes.com\/fr\/rubans-adh\u00e9sifs\/rubans-adhesifs-simple-face\/film-pp-fr\/tesa-4089-universel-pp-ruban-demballage\/","url":"https:\/\/cardinal-tapes.com\/fr\/rubans-adh\u00e9sifs\/rubans-adhesifs-simple-face\/film-pp-fr\/tesa-4089-universel-pp-ruban-demballage\/","name":"Tesa 4089 Ruban adh\u00e9sif universel d'emballage PP | Cardinal TAPES","isPartOf":{"@id":"https:\/\/cardinal-tapes.com\/#website"},"primaryImageOfPage":{"@id":"https:\/\/cardinal-tapes.com\/fr\/rubans-adh\u00e9sifs\/rubans-adhesifs-simple-face\/film-pp-fr\/tesa-4089-universel-pp-ruban-demballage\/#primaryimage"},"image":{"@id":"https:\/\/cardinal-tapes.com\/fr\/rubans-adh\u00e9sifs\/rubans-adhesifs-simple-face\/film-pp-fr\/tesa-4089-universel-pp-ruban-demballage\/#primaryimage"},"thumbnailUrl":"https:\/\/cardinal-tapes.com\/wp-content\/uploads\/tesa-4089-1.jpg","datePublished":"2023-06-05T15:28:17+00:00","dateModified":"2025-07-03T13:07:47+00:00","description":"Tesa 4089 est un ruban adh\u00e9sif d'emballage \u00e0 base de film PP. Il se caract\u00e9rise par sa facilit\u00e9 de d\u00e9roulement. En savoir plus.","breadcrumb":{"@id":"https:\/\/cardinal-tapes.com\/fr\/rubans-adh\u00e9sifs\/rubans-adhesifs-simple-face\/film-pp-fr\/tesa-4089-universel-pp-ruban-demballage\/#breadcrumb"},"inLanguage":"fr-FR","potentialAction":[{"@type":"ReadAction","target":["https:\/\/cardinal-tapes.com\/fr\/rubans-adh\u00e9sifs\/rubans-adhesifs-simple-face\/film-pp-fr\/tesa-4089-universel-pp-ruban-demballage\/"]}]},{"@type":"ImageObject","inLanguage":"fr-FR","@id":"https:\/\/cardinal-tapes.com\/fr\/rubans-adh\u00e9sifs\/rubans-adhesifs-simple-face\/film-pp-fr\/tesa-4089-universel-pp-ruban-demballage\/#primaryimage","url":"https:\/\/cardinal-tapes.com\/wp-content\/uploads\/tesa-4089-1.jpg","contentUrl":"https:\/\/cardinal-tapes.com\/wp-content\/uploads\/tesa-4089-1.jpg","width":600,"height":600,"caption":"tesa 4089"},{"@type":"BreadcrumbList","@id":"https:\/\/cardinal-tapes.com\/fr\/rubans-adh\u00e9sifs\/rubans-adhesifs-simple-face\/film-pp-fr\/tesa-4089-universel-pp-ruban-demballage\/#breadcrumb","itemListElement":[{"@type":"ListItem","position":1,"name":"Startseite","item":"https:\/\/cardinal-tapes.com\/fr\/accueil\/"},{"@type":"ListItem","position":2,"name":"Rubans adh\u00e9sifs","item":"https:\/\/cardinal-tapes.com\/fr\/rubans-adhesifs-fr\/"},{"@type":"ListItem","position":3,"name":"Domaines d&#039;application","item":"https:\/\/cardinal-tapes.com\/fr\/catgorie\/domaines-dapplication\/"},{"@type":"ListItem","position":4,"name":"Secteur du transport","item":"https:\/\/cardinal-tapes.com\/fr\/catgorie\/secteur-du-transport\/"},{"@type":"ListItem","position":5,"name":"tesapack\u00ae 4089 Ruban adh\u00e9sif d&#8217;emballage universel en PP"}]},{"@type":"WebSite","@id":"https:\/\/cardinal-tapes.com\/#website","url":"https:\/\/cardinal-tapes.com\/","name":"cardinal TAPES","description":"Klebetechnik aus Wuppertal","potentialAction":[{"@type":"SearchAction","target":{"@type":"EntryPoint","urlTemplate":"https:\/\/cardinal-tapes.com\/?s={search_term_string}"},"query-input":{"@type":"PropertyValueSpecification","valueRequired":true,"valueName":"search_term_string"}}],"inLanguage":"fr-FR"}]}},"brands":[{"id":2165,"name":"tesa","slug":"tesa-fr"}],"_links":{"self":[{"href":"https:\/\/cardinal-tapes.com\/fr\/wp-json\/wp\/v2\/product\/59510","targetHints":{"allow":["GET"]}}],"collection":[{"href":"https:\/\/cardinal-tapes.com\/fr\/wp-json\/wp\/v2\/product"}],"about":[{"href":"https:\/\/cardinal-tapes.com\/fr\/wp-json\/wp\/v2\/types\/product"}],"wp:featuredmedia":[{"embeddable":true,"href":"https:\/\/cardinal-tapes.com\/fr\/wp-json\/wp\/v2\/media\/26180"}],"wp:attachment":[{"href":"https:\/\/cardinal-tapes.com\/fr\/wp-json\/wp\/v2\/media?parent=59510"}],"wp:term":[{"taxonomy":"pwb-brand","embeddable":true,"href":"https:\/\/cardinal-tapes.com\/fr\/wp-json\/wp\/v2\/pwb-brand?post=59510"},{"taxonomy":"product_brand","embeddable":true,"href":"https:\/\/cardinal-tapes.com\/fr\/wp-json\/wp\/v2\/product_brand?post=59510"},{"taxonomy":"product_cat","embeddable":true,"href":"https:\/\/cardinal-tapes.com\/fr\/wp-json\/wp\/v2\/product_cat?post=59510"},{"taxonomy":"product_tag","embeddable":true,"href":"https:\/\/cardinal-tapes.com\/fr\/wp-json\/wp\/v2\/product_tag?post=59510"}],"curies":[{"name":"wp","href":"https:\/\/api.w.org\/{rel}","templated":true}]}}