{"id":59486,"date":"2018-02-07T14:28:17","date_gmt":"2023-06-05T15:28:16","guid":{"rendered":"https:\/\/cardinal.pixel-tal.de\/klebebaender\/non class\u00e9\/tesaband-4657-ruban-tisse-special-resistant-aux-hautes-temperatures\/"},"modified":"2023-06-05T17:28:16","modified_gmt":"2023-06-05T15:28:16","slug":"tesa-4657-ruban-en-tissu-special-resistant-aux-hautes-temperatures-2","status":"publish","type":"product","link":"https:\/\/cardinal-tapes.com\/fr\/rubans-adh\u00e9sifs\/domaines-dapplication\/industrie-electrique\/tesa-4657-ruban-en-tissu-special-resistant-aux-hautes-temperatures-2\/","title":{"rendered":"tesaband\u00ae 4657 Ruban tiss\u00e9 sp\u00e9cial r\u00e9sistant aux hautes temp\u00e9ratures"},"content":{"rendered":"<p><sup>tesaband\u00ae<\/sup> 4657 est un ruban tiss\u00e9 sp\u00e9cial de tr\u00e8s haute qualit\u00e9, enduit de plastique, compos\u00e9 d&#8217;un support en tissu de coton 145 et d&#8217;une masse adh\u00e9sive en caoutchouc naturel thermodurcissable. <sup>tesaband\u00ae<\/sup> 4657 r\u00e9siste \u00e0 des contraintes thermiques et m\u00e9caniques \u00e9lev\u00e9es, tout en pr\u00e9sentant une structure flexible.<\/p>\n<p><strong>Caract\u00e9ristiques<\/strong><br \/>\n&#8211; R\u00e9sistance thermique extr\u00eamement \u00e9lev\u00e9e<br \/>\n&#8211; Tr\u00e8s grande r\u00e9sistance au vieillissement<br \/>\n&#8211; retrait facile et rapide (g\u00e9n\u00e9ralement avantageux lorsqu&#8217;il est chaud)<br \/>\n&#8211; Tr\u00e8s facile \u00e0 travailler, flexible et stable<br \/>\n&#8211; Excellente r\u00e9sistance aux solvants de peinture<\/p>\n<p><strong>Applications<\/strong><br \/>\n&#8211; Fabrication de pi\u00e8ces d\u00e9coup\u00e9es<\/p>\n","protected":false},"excerpt":{"rendered":"<p>tesaband\u00ae 4657 est un ruban tiss\u00e9 sp\u00e9cial de tr\u00e8s haute qualit\u00e9, enduit de plastique, compos\u00e9 d&#8217;un support en tissu de coton 145 et d&#8217;une masse adh\u00e9sive en caoutchouc naturel thermodurcissable. tesaband\u00ae 4657 r\u00e9siste \u00e0 des contraintes thermiques et m\u00e9caniques \u00e9lev\u00e9es, tout en pr\u00e9sentant une structure flexible. Caract\u00e9ristiques &#8211; R\u00e9sistance thermique extr\u00eamement \u00e9lev\u00e9e &#8211; Tr\u00e8s grande [&hellip;]<\/p>\n","protected":false},"featured_media":26088,"template":"","meta":{"_acf_changed":false},"pwb-brand":[2165],"product_brand":[],"product_cat":[1673,1741,1836],"product_tag":[],"class_list":{"0":"post-59486","1":"product","2":"type-product","3":"status-publish","4":"has-post-thumbnail","6":"pwb-brand-tesa-fr","7":"product_cat-industrie-electrique","8":"product_cat-construction-de-machines","9":"product_cat-rubans-adhesifs-simple-face","11":"first","12":"instock","13":"taxable","14":"shipping-taxable","15":"purchasable","16":"product-type-variable"},"acf":[],"yoast_head":"<!-- This site is optimized with the Yoast SEO plugin v27.3 - https:\/\/yoast.com\/product\/yoast-seo-wordpress\/ -->\n<title>Tesa 4657 Ruban tiss\u00e9 sp\u00e9cial r\u00e9sistant aux hautes temp\u00e9ratures<\/title>\n<meta name=\"description\" content=\"Tesa 4657 est un ruban tiss\u00e9 sp\u00e9cial de tr\u00e8s haute qualit\u00e9, rev\u00eatu de mati\u00e8re plastique. Apprenez-en plus sur le ruban adh\u00e9sif ici.\" \/>\n<meta name=\"robots\" content=\"index, follow, max-snippet:-1, max-image-preview:large, max-video-preview:-1\" \/>\n<link rel=\"canonical\" href=\"https:\/\/cardinal-tapes.com\/fr\/rubans-adh\u00e9sifs\/industrie-electrique\/tesa-4657-ruban-en-tissu-special-resistant-aux-hautes-temperatures-2\/\" \/>\n<meta property=\"og:locale\" content=\"fr_FR\" \/>\n<meta property=\"og:type\" content=\"article\" \/>\n<meta property=\"og:title\" content=\"Tesa 4657 Ruban tiss\u00e9 sp\u00e9cial r\u00e9sistant aux hautes temp\u00e9ratures\" \/>\n<meta property=\"og:description\" content=\"Tesa 4657 est un ruban tiss\u00e9 sp\u00e9cial de tr\u00e8s haute qualit\u00e9, rev\u00eatu de mati\u00e8re plastique. Apprenez-en plus sur le ruban adh\u00e9sif ici.\" \/>\n<meta property=\"og:url\" content=\"https:\/\/cardinal-tapes.com\/fr\/rubans-adh\u00e9sifs\/industrie-electrique\/tesa-4657-ruban-en-tissu-special-resistant-aux-hautes-temperatures-2\/\" \/>\n<meta property=\"og:site_name\" content=\"cardinal TAPES\" \/>\n<meta property=\"og:image\" content=\"https:\/\/cardinal-tapes.com\/wp-content\/uploads\/tesa-04657_2.jpg\" \/>\n\t<meta property=\"og:image:width\" content=\"600\" \/>\n\t<meta property=\"og:image:height\" content=\"600\" \/>\n\t<meta property=\"og:image:type\" content=\"image\/jpeg\" \/>\n<meta name=\"twitter:card\" content=\"summary_large_image\" \/>\n<meta name=\"twitter:label1\" content=\"Dur\u00e9e de lecture estim\u00e9e\" \/>\n\t<meta name=\"twitter:data1\" content=\"1 minute\" \/>\n<script type=\"application\/ld+json\" class=\"yoast-schema-graph\">{\"@context\":\"https:\\\/\\\/schema.org\",\"@graph\":[{\"@type\":\"WebPage\",\"@id\":\"https:\\\/\\\/cardinal-tapes.com\\\/fr\\\/rubans-adh\u00e9sifs\\\/industrie-electrique\\\/tesa-4657-ruban-en-tissu-special-resistant-aux-hautes-temperatures-2\\\/\",\"url\":\"https:\\\/\\\/cardinal-tapes.com\\\/fr\\\/rubans-adh\u00e9sifs\\\/industrie-electrique\\\/tesa-4657-ruban-en-tissu-special-resistant-aux-hautes-temperatures-2\\\/\",\"name\":\"Tesa 4657 Ruban tiss\u00e9 sp\u00e9cial r\u00e9sistant aux hautes temp\u00e9ratures\",\"isPartOf\":{\"@id\":\"https:\\\/\\\/cardinal-tapes.com\\\/#website\"},\"primaryImageOfPage\":{\"@id\":\"https:\\\/\\\/cardinal-tapes.com\\\/fr\\\/rubans-adh\u00e9sifs\\\/industrie-electrique\\\/tesa-4657-ruban-en-tissu-special-resistant-aux-hautes-temperatures-2\\\/#primaryimage\"},\"image\":{\"@id\":\"https:\\\/\\\/cardinal-tapes.com\\\/fr\\\/rubans-adh\u00e9sifs\\\/industrie-electrique\\\/tesa-4657-ruban-en-tissu-special-resistant-aux-hautes-temperatures-2\\\/#primaryimage\"},\"thumbnailUrl\":\"https:\\\/\\\/cardinal-tapes.com\\\/wp-content\\\/uploads\\\/tesa-04657_2.jpg\",\"datePublished\":\"2023-06-05T15:28:16+00:00\",\"description\":\"Tesa 4657 est un ruban tiss\u00e9 sp\u00e9cial de tr\u00e8s haute qualit\u00e9, rev\u00eatu de mati\u00e8re plastique. Apprenez-en plus sur le ruban adh\u00e9sif ici.\",\"breadcrumb\":{\"@id\":\"https:\\\/\\\/cardinal-tapes.com\\\/fr\\\/rubans-adh\u00e9sifs\\\/industrie-electrique\\\/tesa-4657-ruban-en-tissu-special-resistant-aux-hautes-temperatures-2\\\/#breadcrumb\"},\"inLanguage\":\"fr-FR\",\"potentialAction\":[{\"@type\":\"ReadAction\",\"target\":[\"https:\\\/\\\/cardinal-tapes.com\\\/fr\\\/rubans-adh\u00e9sifs\\\/industrie-electrique\\\/tesa-4657-ruban-en-tissu-special-resistant-aux-hautes-temperatures-2\\\/\"]}]},{\"@type\":\"ImageObject\",\"inLanguage\":\"fr-FR\",\"@id\":\"https:\\\/\\\/cardinal-tapes.com\\\/fr\\\/rubans-adh\u00e9sifs\\\/industrie-electrique\\\/tesa-4657-ruban-en-tissu-special-resistant-aux-hautes-temperatures-2\\\/#primaryimage\",\"url\":\"https:\\\/\\\/cardinal-tapes.com\\\/wp-content\\\/uploads\\\/tesa-04657_2.jpg\",\"contentUrl\":\"https:\\\/\\\/cardinal-tapes.com\\\/wp-content\\\/uploads\\\/tesa-04657_2.jpg\",\"width\":600,\"height\":600,\"caption\":\"tesa 4657\"},{\"@type\":\"BreadcrumbList\",\"@id\":\"https:\\\/\\\/cardinal-tapes.com\\\/fr\\\/rubans-adh\u00e9sifs\\\/industrie-electrique\\\/tesa-4657-ruban-en-tissu-special-resistant-aux-hautes-temperatures-2\\\/#breadcrumb\",\"itemListElement\":[{\"@type\":\"ListItem\",\"position\":1,\"name\":\"Startseite\",\"item\":\"https:\\\/\\\/cardinal-tapes.com\\\/fr\\\/accueil\\\/\"},{\"@type\":\"ListItem\",\"position\":2,\"name\":\"Rubans adh\u00e9sifs\",\"item\":\"https:\\\/\\\/cardinal-tapes.com\\\/fr\\\/rubans-adhesifs-fr\\\/\"},{\"@type\":\"ListItem\",\"position\":3,\"name\":\"Industrie \u00e9lectrique\",\"item\":\"https:\\\/\\\/cardinal-tapes.com\\\/fr\\\/catgorie\\\/industrie-electrique\\\/\"},{\"@type\":\"ListItem\",\"position\":4,\"name\":\"tesaband\u00ae 4657 Ruban tiss\u00e9 sp\u00e9cial r\u00e9sistant aux hautes temp\u00e9ratures\"}]},{\"@type\":\"WebSite\",\"@id\":\"https:\\\/\\\/cardinal-tapes.com\\\/#website\",\"url\":\"https:\\\/\\\/cardinal-tapes.com\\\/\",\"name\":\"cardinal TAPES\",\"description\":\"Klebetechnik aus Wuppertal\",\"potentialAction\":[{\"@type\":\"SearchAction\",\"target\":{\"@type\":\"EntryPoint\",\"urlTemplate\":\"https:\\\/\\\/cardinal-tapes.com\\\/?s={search_term_string}\"},\"query-input\":{\"@type\":\"PropertyValueSpecification\",\"valueRequired\":true,\"valueName\":\"search_term_string\"}}],\"inLanguage\":\"fr-FR\"}]}<\/script>\n<!-- \/ Yoast SEO plugin. -->","yoast_head_json":{"title":"Tesa 4657 Ruban tiss\u00e9 sp\u00e9cial r\u00e9sistant aux hautes temp\u00e9ratures","description":"Tesa 4657 est un ruban tiss\u00e9 sp\u00e9cial de tr\u00e8s haute qualit\u00e9, rev\u00eatu de mati\u00e8re plastique. Apprenez-en plus sur le ruban adh\u00e9sif ici.","robots":{"index":"index","follow":"follow","max-snippet":"max-snippet:-1","max-image-preview":"max-image-preview:large","max-video-preview":"max-video-preview:-1"},"canonical":"https:\/\/cardinal-tapes.com\/fr\/rubans-adh\u00e9sifs\/industrie-electrique\/tesa-4657-ruban-en-tissu-special-resistant-aux-hautes-temperatures-2\/","og_locale":"fr_FR","og_type":"article","og_title":"Tesa 4657 Ruban tiss\u00e9 sp\u00e9cial r\u00e9sistant aux hautes temp\u00e9ratures","og_description":"Tesa 4657 est un ruban tiss\u00e9 sp\u00e9cial de tr\u00e8s haute qualit\u00e9, rev\u00eatu de mati\u00e8re plastique. Apprenez-en plus sur le ruban adh\u00e9sif ici.","og_url":"https:\/\/cardinal-tapes.com\/fr\/rubans-adh\u00e9sifs\/industrie-electrique\/tesa-4657-ruban-en-tissu-special-resistant-aux-hautes-temperatures-2\/","og_site_name":"cardinal TAPES","og_image":[{"width":600,"height":600,"url":"https:\/\/cardinal-tapes.com\/wp-content\/uploads\/tesa-04657_2.jpg","type":"image\/jpeg"}],"twitter_card":"summary_large_image","twitter_misc":{"Dur\u00e9e de lecture estim\u00e9e":"1 minute"},"schema":{"@context":"https:\/\/schema.org","@graph":[{"@type":"WebPage","@id":"https:\/\/cardinal-tapes.com\/fr\/rubans-adh\u00e9sifs\/industrie-electrique\/tesa-4657-ruban-en-tissu-special-resistant-aux-hautes-temperatures-2\/","url":"https:\/\/cardinal-tapes.com\/fr\/rubans-adh\u00e9sifs\/industrie-electrique\/tesa-4657-ruban-en-tissu-special-resistant-aux-hautes-temperatures-2\/","name":"Tesa 4657 Ruban tiss\u00e9 sp\u00e9cial r\u00e9sistant aux hautes temp\u00e9ratures","isPartOf":{"@id":"https:\/\/cardinal-tapes.com\/#website"},"primaryImageOfPage":{"@id":"https:\/\/cardinal-tapes.com\/fr\/rubans-adh\u00e9sifs\/industrie-electrique\/tesa-4657-ruban-en-tissu-special-resistant-aux-hautes-temperatures-2\/#primaryimage"},"image":{"@id":"https:\/\/cardinal-tapes.com\/fr\/rubans-adh\u00e9sifs\/industrie-electrique\/tesa-4657-ruban-en-tissu-special-resistant-aux-hautes-temperatures-2\/#primaryimage"},"thumbnailUrl":"https:\/\/cardinal-tapes.com\/wp-content\/uploads\/tesa-04657_2.jpg","datePublished":"2023-06-05T15:28:16+00:00","description":"Tesa 4657 est un ruban tiss\u00e9 sp\u00e9cial de tr\u00e8s haute qualit\u00e9, rev\u00eatu de mati\u00e8re plastique. Apprenez-en plus sur le ruban adh\u00e9sif ici.","breadcrumb":{"@id":"https:\/\/cardinal-tapes.com\/fr\/rubans-adh\u00e9sifs\/industrie-electrique\/tesa-4657-ruban-en-tissu-special-resistant-aux-hautes-temperatures-2\/#breadcrumb"},"inLanguage":"fr-FR","potentialAction":[{"@type":"ReadAction","target":["https:\/\/cardinal-tapes.com\/fr\/rubans-adh\u00e9sifs\/industrie-electrique\/tesa-4657-ruban-en-tissu-special-resistant-aux-hautes-temperatures-2\/"]}]},{"@type":"ImageObject","inLanguage":"fr-FR","@id":"https:\/\/cardinal-tapes.com\/fr\/rubans-adh\u00e9sifs\/industrie-electrique\/tesa-4657-ruban-en-tissu-special-resistant-aux-hautes-temperatures-2\/#primaryimage","url":"https:\/\/cardinal-tapes.com\/wp-content\/uploads\/tesa-04657_2.jpg","contentUrl":"https:\/\/cardinal-tapes.com\/wp-content\/uploads\/tesa-04657_2.jpg","width":600,"height":600,"caption":"tesa 4657"},{"@type":"BreadcrumbList","@id":"https:\/\/cardinal-tapes.com\/fr\/rubans-adh\u00e9sifs\/industrie-electrique\/tesa-4657-ruban-en-tissu-special-resistant-aux-hautes-temperatures-2\/#breadcrumb","itemListElement":[{"@type":"ListItem","position":1,"name":"Startseite","item":"https:\/\/cardinal-tapes.com\/fr\/accueil\/"},{"@type":"ListItem","position":2,"name":"Rubans adh\u00e9sifs","item":"https:\/\/cardinal-tapes.com\/fr\/rubans-adhesifs-fr\/"},{"@type":"ListItem","position":3,"name":"Industrie \u00e9lectrique","item":"https:\/\/cardinal-tapes.com\/fr\/catgorie\/industrie-electrique\/"},{"@type":"ListItem","position":4,"name":"tesaband\u00ae 4657 Ruban tiss\u00e9 sp\u00e9cial r\u00e9sistant aux hautes temp\u00e9ratures"}]},{"@type":"WebSite","@id":"https:\/\/cardinal-tapes.com\/#website","url":"https:\/\/cardinal-tapes.com\/","name":"cardinal TAPES","description":"Klebetechnik aus Wuppertal","potentialAction":[{"@type":"SearchAction","target":{"@type":"EntryPoint","urlTemplate":"https:\/\/cardinal-tapes.com\/?s={search_term_string}"},"query-input":{"@type":"PropertyValueSpecification","valueRequired":true,"valueName":"search_term_string"}}],"inLanguage":"fr-FR"}]}},"brands":[{"id":2165,"name":"tesa","slug":"tesa-fr"}],"_links":{"self":[{"href":"https:\/\/cardinal-tapes.com\/fr\/wp-json\/wp\/v2\/product\/59486","targetHints":{"allow":["GET"]}}],"collection":[{"href":"https:\/\/cardinal-tapes.com\/fr\/wp-json\/wp\/v2\/product"}],"about":[{"href":"https:\/\/cardinal-tapes.com\/fr\/wp-json\/wp\/v2\/types\/product"}],"wp:featuredmedia":[{"embeddable":true,"href":"https:\/\/cardinal-tapes.com\/fr\/wp-json\/wp\/v2\/media\/26088"}],"wp:attachment":[{"href":"https:\/\/cardinal-tapes.com\/fr\/wp-json\/wp\/v2\/media?parent=59486"}],"wp:term":[{"taxonomy":"pwb-brand","embeddable":true,"href":"https:\/\/cardinal-tapes.com\/fr\/wp-json\/wp\/v2\/pwb-brand?post=59486"},{"taxonomy":"product_brand","embeddable":true,"href":"https:\/\/cardinal-tapes.com\/fr\/wp-json\/wp\/v2\/product_brand?post=59486"},{"taxonomy":"product_cat","embeddable":true,"href":"https:\/\/cardinal-tapes.com\/fr\/wp-json\/wp\/v2\/product_cat?post=59486"},{"taxonomy":"product_tag","embeddable":true,"href":"https:\/\/cardinal-tapes.com\/fr\/wp-json\/wp\/v2\/product_tag?post=59486"}],"curies":[{"name":"wp","href":"https:\/\/api.w.org\/{rel}","templated":true}]}}