{"id":59465,"date":"2018-02-07T16:12:23","date_gmt":"2023-06-05T15:28:15","guid":{"rendered":"https:\/\/cardinal.pixel-tal.de\/klebebaender\/non class\u00e9\/tesa-6400-devidoir-manuel-premium\/"},"modified":"2023-06-05T17:28:15","modified_gmt":"2023-06-05T15:28:15","slug":"tesa-6400-derouleur-manuel-premium","status":"publish","type":"product","link":"https:\/\/cardinal-tapes.com\/fr\/rubans-adh\u00e9sifs\/domaines-dapplication\/secteur-du-transport\/tesa-6400-derouleur-manuel-premium\/","title":{"rendered":"tesa\u00ae 6400 D\u00e9vidoir manuel Premium"},"content":{"rendered":"<p>Le d\u00e9rouleur de ruban d&#8217;emballage <sup>tesapack\u00ae<\/sup> Comfort de haute qualit\u00e9 est une r\u00e9f\u00e9rence lorsqu&#8217;il s&#8217;agit de fermer proprement et en toute s\u00e9curit\u00e9 des paquets de toutes sortes. Il est tr\u00e8s robuste gr\u00e2ce \u00e0 un cadre m\u00e9tallique solide et est pr\u00e9vu pour une utilisation durable. La lame tranchante est r\u00e9tractable, ce qui r\u00e9duit le risque de blessure. La poign\u00e9e caoutchout\u00e9e permet une utilisation confortable du d\u00e9rouleur de ruban d&#8217;emballage<\/p>\n<p><strong>Caract\u00e9ristiques<\/strong><br \/>\n&#8211; D\u00e9vidoir manuel tr\u00e8s robuste et professionnel avec un cadre m\u00e9tallique solide<br \/>\n&#8211; Avec lame r\u00e9tractable pour une utilisation s\u00fbre (protection contre les blessures)<br \/>\n&#8211; frein de d\u00e9roulement r\u00e9glable \u00e0 la main<br \/>\n&#8211; Poign\u00e9e caoutchout\u00e9e pour une prise en main s\u00fbre et confortable<br \/>\n&#8211; Rouleau en caoutchouc pour une utilisation facile<br \/>\n&#8211; Service de pi\u00e8ces de rechange<\/p>\n<p><strong>Applications<\/strong><br \/>\n&#8211; Convient au d\u00e9roulement de feuillards pour paquets jusqu&#8217;\u00e0 50 mm de large<\/p>\n","protected":false},"excerpt":{"rendered":"<p>Le d\u00e9rouleur de ruban d&#8217;emballage tesapack\u00ae Comfort de haute qualit\u00e9 est une r\u00e9f\u00e9rence lorsqu&#8217;il s&#8217;agit de fermer proprement et en toute s\u00e9curit\u00e9 des paquets de toutes sortes. Il est tr\u00e8s robuste gr\u00e2ce \u00e0 un cadre m\u00e9tallique solide et est pr\u00e9vu pour une utilisation durable. La lame tranchante est r\u00e9tractable, ce qui r\u00e9duit le risque de [&hellip;]<\/p>\n","protected":false},"featured_media":25888,"template":"","meta":{"_acf_changed":false},"pwb-brand":[2165],"product_brand":[],"product_cat":[1772,1836,1859],"product_tag":[],"class_list":{"0":"post-59465","1":"product","2":"type-product","3":"status-publish","4":"has-post-thumbnail","6":"pwb-brand-tesa-fr","7":"product_cat-secteur-du-transport","8":"product_cat-rubans-adhesifs-simple-face","9":"product_cat-systemes-demballage","11":"first","12":"instock","13":"taxable","14":"shipping-taxable","15":"purchasable","16":"product-type-variable"},"acf":[],"yoast_head":"<!-- This site is optimized with the Yoast SEO plugin v27.3 - https:\/\/yoast.com\/product\/yoast-seo-wordpress\/ -->\n<title>tesa\u00ae 6400 Premium D\u00e9vidoir manuel | Cardinal TAPES<\/title>\n<meta name=\"description\" content=\"tesa\u00ae 6400 est un d\u00e9vidoir manuel robuste pour l&#039;utilisation de rubans adh\u00e9sifs d&#039;emballage jusqu&#039;\u00e0 50 mm de large. Pour en savoir plus sur tesa 6400, cliquez ici.\" \/>\n<meta name=\"robots\" content=\"index, follow, max-snippet:-1, max-image-preview:large, max-video-preview:-1\" \/>\n<link rel=\"canonical\" href=\"https:\/\/cardinal-tapes.com\/fr\/rubans-adh\u00e9sifs\/secteur-du-transport\/tesa-6400-derouleur-manuel-premium\/\" \/>\n<meta property=\"og:locale\" content=\"fr_FR\" \/>\n<meta property=\"og:type\" content=\"article\" \/>\n<meta property=\"og:title\" content=\"tesa\u00ae 6400 Premium D\u00e9vidoir manuel | Cardinal TAPES\" \/>\n<meta property=\"og:description\" content=\"tesa\u00ae 6400 est un d\u00e9vidoir manuel robuste pour l&#039;utilisation de rubans adh\u00e9sifs d&#039;emballage jusqu&#039;\u00e0 50 mm de large. Pour en savoir plus sur tesa 6400, cliquez ici.\" \/>\n<meta property=\"og:url\" content=\"https:\/\/cardinal-tapes.com\/fr\/rubans-adh\u00e9sifs\/secteur-du-transport\/tesa-6400-derouleur-manuel-premium\/\" \/>\n<meta property=\"og:site_name\" content=\"cardinal TAPES\" \/>\n<meta property=\"og:image\" content=\"https:\/\/cardinal-tapes.com\/wp-content\/uploads\/xxtesa-06400int-pr-2-fullsize170336_canvas1x1_6.jpg\" \/>\n\t<meta property=\"og:image:width\" content=\"567\" \/>\n\t<meta property=\"og:image:height\" content=\"640\" \/>\n\t<meta property=\"og:image:type\" content=\"image\/jpeg\" \/>\n<meta name=\"twitter:card\" content=\"summary_large_image\" \/>\n<meta name=\"twitter:label1\" content=\"Dur\u00e9e de lecture estim\u00e9e\" \/>\n\t<meta name=\"twitter:data1\" content=\"1 minute\" \/>\n<script type=\"application\/ld+json\" class=\"yoast-schema-graph\">{\"@context\":\"https:\\\/\\\/schema.org\",\"@graph\":[{\"@type\":\"WebPage\",\"@id\":\"https:\\\/\\\/cardinal-tapes.com\\\/fr\\\/rubans-adh\u00e9sifs\\\/secteur-du-transport\\\/tesa-6400-derouleur-manuel-premium\\\/\",\"url\":\"https:\\\/\\\/cardinal-tapes.com\\\/fr\\\/rubans-adh\u00e9sifs\\\/secteur-du-transport\\\/tesa-6400-derouleur-manuel-premium\\\/\",\"name\":\"tesa\u00ae 6400 Premium D\u00e9vidoir manuel | Cardinal TAPES\",\"isPartOf\":{\"@id\":\"https:\\\/\\\/cardinal-tapes.com\\\/#website\"},\"primaryImageOfPage\":{\"@id\":\"https:\\\/\\\/cardinal-tapes.com\\\/fr\\\/rubans-adh\u00e9sifs\\\/secteur-du-transport\\\/tesa-6400-derouleur-manuel-premium\\\/#primaryimage\"},\"image\":{\"@id\":\"https:\\\/\\\/cardinal-tapes.com\\\/fr\\\/rubans-adh\u00e9sifs\\\/secteur-du-transport\\\/tesa-6400-derouleur-manuel-premium\\\/#primaryimage\"},\"thumbnailUrl\":\"https:\\\/\\\/cardinal-tapes.com\\\/wp-content\\\/uploads\\\/xxtesa-06400int-pr-2-fullsize170336_canvas1x1_6.jpg\",\"datePublished\":\"2023-06-05T15:28:15+00:00\",\"description\":\"tesa\u00ae 6400 est un d\u00e9vidoir manuel robuste pour l'utilisation de rubans adh\u00e9sifs d'emballage jusqu'\u00e0 50 mm de large. Pour en savoir plus sur tesa 6400, cliquez ici.\",\"breadcrumb\":{\"@id\":\"https:\\\/\\\/cardinal-tapes.com\\\/fr\\\/rubans-adh\u00e9sifs\\\/secteur-du-transport\\\/tesa-6400-derouleur-manuel-premium\\\/#breadcrumb\"},\"inLanguage\":\"fr-FR\",\"potentialAction\":[{\"@type\":\"ReadAction\",\"target\":[\"https:\\\/\\\/cardinal-tapes.com\\\/fr\\\/rubans-adh\u00e9sifs\\\/secteur-du-transport\\\/tesa-6400-derouleur-manuel-premium\\\/\"]}]},{\"@type\":\"ImageObject\",\"inLanguage\":\"fr-FR\",\"@id\":\"https:\\\/\\\/cardinal-tapes.com\\\/fr\\\/rubans-adh\u00e9sifs\\\/secteur-du-transport\\\/tesa-6400-derouleur-manuel-premium\\\/#primaryimage\",\"url\":\"https:\\\/\\\/cardinal-tapes.com\\\/wp-content\\\/uploads\\\/xxtesa-06400int-pr-2-fullsize170336_canvas1x1_6.jpg\",\"contentUrl\":\"https:\\\/\\\/cardinal-tapes.com\\\/wp-content\\\/uploads\\\/xxtesa-06400int-pr-2-fullsize170336_canvas1x1_6.jpg\",\"width\":567,\"height\":640,\"caption\":\"xxtesa 6400\"},{\"@type\":\"BreadcrumbList\",\"@id\":\"https:\\\/\\\/cardinal-tapes.com\\\/fr\\\/rubans-adh\u00e9sifs\\\/secteur-du-transport\\\/tesa-6400-derouleur-manuel-premium\\\/#breadcrumb\",\"itemListElement\":[{\"@type\":\"ListItem\",\"position\":1,\"name\":\"Startseite\",\"item\":\"https:\\\/\\\/cardinal-tapes.com\\\/fr\\\/accueil\\\/\"},{\"@type\":\"ListItem\",\"position\":2,\"name\":\"Rubans adh\u00e9sifs\",\"item\":\"https:\\\/\\\/cardinal-tapes.com\\\/fr\\\/rubans-adhesifs-fr\\\/\"},{\"@type\":\"ListItem\",\"position\":3,\"name\":\"Rubans adh\u00e9sifs simple face\",\"item\":\"https:\\\/\\\/cardinal-tapes.com\\\/fr\\\/catgorie\\\/rubans-adhesifs-simple-face\\\/\"},{\"@type\":\"ListItem\",\"position\":4,\"name\":\"tesa\u00ae 6400 D\u00e9vidoir manuel Premium\"}]},{\"@type\":\"WebSite\",\"@id\":\"https:\\\/\\\/cardinal-tapes.com\\\/#website\",\"url\":\"https:\\\/\\\/cardinal-tapes.com\\\/\",\"name\":\"cardinal TAPES\",\"description\":\"Klebetechnik aus Wuppertal\",\"potentialAction\":[{\"@type\":\"SearchAction\",\"target\":{\"@type\":\"EntryPoint\",\"urlTemplate\":\"https:\\\/\\\/cardinal-tapes.com\\\/?s={search_term_string}\"},\"query-input\":{\"@type\":\"PropertyValueSpecification\",\"valueRequired\":true,\"valueName\":\"search_term_string\"}}],\"inLanguage\":\"fr-FR\"}]}<\/script>\n<!-- \/ Yoast SEO plugin. -->","yoast_head_json":{"title":"tesa\u00ae 6400 Premium D\u00e9vidoir manuel | Cardinal TAPES","description":"tesa\u00ae 6400 est un d\u00e9vidoir manuel robuste pour l'utilisation de rubans adh\u00e9sifs d'emballage jusqu'\u00e0 50 mm de large. Pour en savoir plus sur tesa 6400, cliquez ici.","robots":{"index":"index","follow":"follow","max-snippet":"max-snippet:-1","max-image-preview":"max-image-preview:large","max-video-preview":"max-video-preview:-1"},"canonical":"https:\/\/cardinal-tapes.com\/fr\/rubans-adh\u00e9sifs\/secteur-du-transport\/tesa-6400-derouleur-manuel-premium\/","og_locale":"fr_FR","og_type":"article","og_title":"tesa\u00ae 6400 Premium D\u00e9vidoir manuel | Cardinal TAPES","og_description":"tesa\u00ae 6400 est un d\u00e9vidoir manuel robuste pour l'utilisation de rubans adh\u00e9sifs d'emballage jusqu'\u00e0 50 mm de large. Pour en savoir plus sur tesa 6400, cliquez ici.","og_url":"https:\/\/cardinal-tapes.com\/fr\/rubans-adh\u00e9sifs\/secteur-du-transport\/tesa-6400-derouleur-manuel-premium\/","og_site_name":"cardinal TAPES","og_image":[{"width":567,"height":640,"url":"https:\/\/cardinal-tapes.com\/wp-content\/uploads\/xxtesa-06400int-pr-2-fullsize170336_canvas1x1_6.jpg","type":"image\/jpeg"}],"twitter_card":"summary_large_image","twitter_misc":{"Dur\u00e9e de lecture estim\u00e9e":"1 minute"},"schema":{"@context":"https:\/\/schema.org","@graph":[{"@type":"WebPage","@id":"https:\/\/cardinal-tapes.com\/fr\/rubans-adh\u00e9sifs\/secteur-du-transport\/tesa-6400-derouleur-manuel-premium\/","url":"https:\/\/cardinal-tapes.com\/fr\/rubans-adh\u00e9sifs\/secteur-du-transport\/tesa-6400-derouleur-manuel-premium\/","name":"tesa\u00ae 6400 Premium D\u00e9vidoir manuel | Cardinal TAPES","isPartOf":{"@id":"https:\/\/cardinal-tapes.com\/#website"},"primaryImageOfPage":{"@id":"https:\/\/cardinal-tapes.com\/fr\/rubans-adh\u00e9sifs\/secteur-du-transport\/tesa-6400-derouleur-manuel-premium\/#primaryimage"},"image":{"@id":"https:\/\/cardinal-tapes.com\/fr\/rubans-adh\u00e9sifs\/secteur-du-transport\/tesa-6400-derouleur-manuel-premium\/#primaryimage"},"thumbnailUrl":"https:\/\/cardinal-tapes.com\/wp-content\/uploads\/xxtesa-06400int-pr-2-fullsize170336_canvas1x1_6.jpg","datePublished":"2023-06-05T15:28:15+00:00","description":"tesa\u00ae 6400 est un d\u00e9vidoir manuel robuste pour l'utilisation de rubans adh\u00e9sifs d'emballage jusqu'\u00e0 50 mm de large. Pour en savoir plus sur tesa 6400, cliquez ici.","breadcrumb":{"@id":"https:\/\/cardinal-tapes.com\/fr\/rubans-adh\u00e9sifs\/secteur-du-transport\/tesa-6400-derouleur-manuel-premium\/#breadcrumb"},"inLanguage":"fr-FR","potentialAction":[{"@type":"ReadAction","target":["https:\/\/cardinal-tapes.com\/fr\/rubans-adh\u00e9sifs\/secteur-du-transport\/tesa-6400-derouleur-manuel-premium\/"]}]},{"@type":"ImageObject","inLanguage":"fr-FR","@id":"https:\/\/cardinal-tapes.com\/fr\/rubans-adh\u00e9sifs\/secteur-du-transport\/tesa-6400-derouleur-manuel-premium\/#primaryimage","url":"https:\/\/cardinal-tapes.com\/wp-content\/uploads\/xxtesa-06400int-pr-2-fullsize170336_canvas1x1_6.jpg","contentUrl":"https:\/\/cardinal-tapes.com\/wp-content\/uploads\/xxtesa-06400int-pr-2-fullsize170336_canvas1x1_6.jpg","width":567,"height":640,"caption":"xxtesa 6400"},{"@type":"BreadcrumbList","@id":"https:\/\/cardinal-tapes.com\/fr\/rubans-adh\u00e9sifs\/secteur-du-transport\/tesa-6400-derouleur-manuel-premium\/#breadcrumb","itemListElement":[{"@type":"ListItem","position":1,"name":"Startseite","item":"https:\/\/cardinal-tapes.com\/fr\/accueil\/"},{"@type":"ListItem","position":2,"name":"Rubans adh\u00e9sifs","item":"https:\/\/cardinal-tapes.com\/fr\/rubans-adhesifs-fr\/"},{"@type":"ListItem","position":3,"name":"Rubans adh\u00e9sifs simple face","item":"https:\/\/cardinal-tapes.com\/fr\/catgorie\/rubans-adhesifs-simple-face\/"},{"@type":"ListItem","position":4,"name":"tesa\u00ae 6400 D\u00e9vidoir manuel Premium"}]},{"@type":"WebSite","@id":"https:\/\/cardinal-tapes.com\/#website","url":"https:\/\/cardinal-tapes.com\/","name":"cardinal TAPES","description":"Klebetechnik aus Wuppertal","potentialAction":[{"@type":"SearchAction","target":{"@type":"EntryPoint","urlTemplate":"https:\/\/cardinal-tapes.com\/?s={search_term_string}"},"query-input":{"@type":"PropertyValueSpecification","valueRequired":true,"valueName":"search_term_string"}}],"inLanguage":"fr-FR"}]}},"brands":[{"id":2165,"name":"tesa","slug":"tesa-fr"}],"_links":{"self":[{"href":"https:\/\/cardinal-tapes.com\/fr\/wp-json\/wp\/v2\/product\/59465","targetHints":{"allow":["GET"]}}],"collection":[{"href":"https:\/\/cardinal-tapes.com\/fr\/wp-json\/wp\/v2\/product"}],"about":[{"href":"https:\/\/cardinal-tapes.com\/fr\/wp-json\/wp\/v2\/types\/product"}],"wp:featuredmedia":[{"embeddable":true,"href":"https:\/\/cardinal-tapes.com\/fr\/wp-json\/wp\/v2\/media\/25888"}],"wp:attachment":[{"href":"https:\/\/cardinal-tapes.com\/fr\/wp-json\/wp\/v2\/media?parent=59465"}],"wp:term":[{"taxonomy":"pwb-brand","embeddable":true,"href":"https:\/\/cardinal-tapes.com\/fr\/wp-json\/wp\/v2\/pwb-brand?post=59465"},{"taxonomy":"product_brand","embeddable":true,"href":"https:\/\/cardinal-tapes.com\/fr\/wp-json\/wp\/v2\/product_brand?post=59465"},{"taxonomy":"product_cat","embeddable":true,"href":"https:\/\/cardinal-tapes.com\/fr\/wp-json\/wp\/v2\/product_cat?post=59465"},{"taxonomy":"product_tag","embeddable":true,"href":"https:\/\/cardinal-tapes.com\/fr\/wp-json\/wp\/v2\/product_tag?post=59465"}],"curies":[{"name":"wp","href":"https:\/\/api.w.org\/{rel}","templated":true}]}}