{"id":58789,"date":"2018-02-20T08:11:14","date_gmt":"2018-02-20T07:11:14","guid":{"rendered":"https:\/\/cardinal.pixel-tal.de\/klebebaender\/non%20class\u00e9\/tesa-fix-4965-ruban-adhesif-double-face\/"},"modified":"2025-07-03T15:35:29","modified_gmt":"2025-07-03T13:35:29","slug":"tesa-4965-adhesif-double-face","status":"publish","type":"product","link":"https:\/\/cardinal-tapes.com\/fr\/rubans-adh\u00e9sifs\/domaines-dapplication\/production-daluminium-traitement\/tesa-4965-adhesif-double-face\/","title":{"rendered":"tesafix\u00ae 4965 ruban adh\u00e9sif double face Next Gen"},"content":{"rendered":"<p><span class=\"lowercase hyphens-manual\">tesa\u00ae<\/span>4965 Original Next Gen est un adh\u00e9sif industriel double face transparent avec une masse adh\u00e9sive \u00e0 base de biomasse et un support PCR-PET \u00e0 90%, qui r\u00e9duit les \u00e9missions de CO\u2082 de 40% par rapport \u00e0 <span class=\"lowercase hyphens-manual\">tesa\u00ae<\/span>4965 Original. La technologie adh\u00e9sive de la soci\u00e9t\u00e9 est bas\u00e9e sur une formulation de produit brevet\u00e9e et prot\u00e9g\u00e9e. <span class=\"lowercase hyphens-manual\">tesa\u00ae<\/span>4965 Original Next Gen est utilis\u00e9 dans tous les secteurs pour am\u00e9liorer les processus et les applications. Bas\u00e9 sur la technologie brevet\u00e9e et prot\u00e9g\u00e9e de <span class=\"lowercase hyphens-manual\">tesa\u00ae<\/span>4965, il est extr\u00eamement performant gr\u00e2ce \u00e0 ses propri\u00e9t\u00e9s exceptionnelles de polyvalence, de durabilit\u00e9 et de s\u00e9curit\u00e9. L&#8217;adh\u00e9sif industriel double face r\u00e9siste \u00e0 de nombreuses influences environnementales telles que l&#8217;humidit\u00e9, la lumi\u00e8re UV et des temp\u00e9ratures allant jusqu&#8217;\u00e0 200 \u00b0C pendant une dur\u00e9e limit\u00e9e. L&#8217;adh\u00e9sif acrylique modifi\u00e9, \u00e9quilibr\u00e9 en biomasse, offre une excellente adh\u00e9rence sur diff\u00e9rentes surfaces, un pouvoir adh\u00e9sif \u00e9lev\u00e9 et une bonne r\u00e9sistance au cisaillement.    <\/p>\n<p><strong>Caract\u00e9ristiques du produit<\/strong><br \/>\n&#8211; Convient aux exigences critiques telles que les fortes contraintes et les temp\u00e9ratures \u00e9lev\u00e9es<br \/>\n&#8211; Certification de contact cutan\u00e9 selon ISO 10993-5 et ISO 10993-10<br \/>\n&#8211; Conforme \u00e0 la norme UL 969. Fichier UL : MH 18055<br \/>\n&#8211; Adh\u00e9rence fiable, m\u00eame sur les surfaces \u00e0 faible \u00e9nergie de surface<br \/>\n&#8211; Utilisable imm\u00e9diatement apr\u00e8s le montage<br \/>\n&#8211; Test\u00e9 selon DIN EN 45545-2, satisfait \u00e0 2R1+HL3<br \/>\n&#8211; Faible teneur en COV &#8211; mesur\u00e9e selon l&#8217;analyse VDA 278 <\/p>\n<p><strong>Application<\/strong><br \/>\n&#8211; tesa\u00ae 4965 Original Next Gen est utilis\u00e9 dans tous les secteurs<br \/>\n&#8211; Fixation de lampes LED au sol ou d&#8217;enseignes sur les portes d&#8217;avions de ligne<br \/>\n&#8211; Fixation de mat\u00e9riel de PLV d\u00e9coratif et de pr\u00e9sentoirs<\/p>\n","protected":false},"excerpt":{"rendered":"<p>tesa\u00ae4965 Original Next Gen est un adh\u00e9sif industriel double face transparent avec une masse adh\u00e9sive \u00e0 base de biomasse et un support PCR-PET \u00e0 90%, qui r\u00e9duit les \u00e9missions de CO\u2082 de 40% par rapport \u00e0 tesa\u00ae4965 Original. La technologie adh\u00e9sive de la soci\u00e9t\u00e9 est bas\u00e9e sur une formulation de produit brevet\u00e9e et prot\u00e9g\u00e9e. tesa\u00ae4965 [&hellip;]<\/p>\n","protected":false},"featured_media":76425,"template":"","meta":{"_acf_changed":false},"pwb-brand":[2165],"product_brand":[],"product_cat":[1665,1667,1673,1734,1738,1741,1743,7726,1770,1834],"product_tag":[],"class_list":{"0":"post-58789","1":"product","2":"type-product","3":"status-publish","4":"has-post-thumbnail","6":"pwb-brand-tesa-fr","7":"product_cat-production-daluminium-traitement","8":"product_cat-industrie-automobile","9":"product_cat-industrie-electrique","10":"product_cat-fabrication-de-films","11":"product_cat-industrie-des-matieres-plastiques","12":"product_cat-construction-de-machines","13":"product_cat-industrie-du-meuble","14":"product_cat-nouvelles_tesa","15":"product_cat-industrie-textile","16":"product_cat-rubans-adhesifs-double-face","18":"first","19":"instock","20":"taxable","21":"shipping-taxable","22":"purchasable","23":"product-type-variable"},"acf":[],"yoast_head":"<!-- This site is optimized with the Yoast SEO plugin v27.3 - https:\/\/yoast.com\/product\/yoast-seo-wordpress\/ -->\n<title>tesafix\u00ae 4965 ruban adh\u00e9sif double face | Cardinal TAPES<\/title>\n<meta name=\"description\" content=\"tesa fix\u00ae 4965 est un ruban adh\u00e9sif double face en polyester transparent avec une masse adh\u00e9sive en acrylate. Il est recouvert d&#039;un film rouge. tesa fix\u00ae 4965 se caract\u00e9rise par un bon pouvoir adh\u00e9sif sur diff\u00e9rents plastiques comme l&#039;ABS et m\u00eame l&#039;EPDM.\" \/>\n<meta name=\"robots\" content=\"index, follow, max-snippet:-1, max-image-preview:large, max-video-preview:-1\" \/>\n<link rel=\"canonical\" href=\"https:\/\/cardinal-tapes.com\/fr\/rubans-adh\u00e9sifs\/domaines-dapplication\/production-daluminium-traitement\/tesa-4965-adhesif-double-face\/\" \/>\n<meta property=\"og:locale\" content=\"fr_FR\" \/>\n<meta property=\"og:type\" content=\"article\" \/>\n<meta property=\"og:title\" content=\"tesafix\u00ae 4965 ruban adh\u00e9sif double face | Cardinal TAPES\" \/>\n<meta property=\"og:description\" content=\"tesa fix\u00ae 4965 est un ruban adh\u00e9sif double face en polyester transparent avec une masse adh\u00e9sive en acrylate. Il est recouvert d&#039;un film rouge. tesa fix\u00ae 4965 se caract\u00e9rise par un bon pouvoir adh\u00e9sif sur diff\u00e9rents plastiques comme l&#039;ABS et m\u00eame l&#039;EPDM.\" \/>\n<meta property=\"og:url\" content=\"https:\/\/cardinal-tapes.com\/fr\/rubans-adh\u00e9sifs\/domaines-dapplication\/production-daluminium-traitement\/tesa-4965-adhesif-double-face\/\" \/>\n<meta property=\"og:site_name\" content=\"cardinal TAPES\" \/>\n<meta property=\"article:modified_time\" content=\"2025-07-03T13:35:29+00:00\" \/>\n<meta property=\"og:image\" content=\"https:\/\/cardinal-tapes.com\/wp-content\/uploads\/medium-11168653.jpg\" \/>\n\t<meta property=\"og:image:width\" content=\"2560\" \/>\n\t<meta property=\"og:image:height\" content=\"2560\" \/>\n\t<meta property=\"og:image:type\" content=\"image\/jpeg\" \/>\n<meta name=\"twitter:card\" content=\"summary_large_image\" \/>\n<meta name=\"twitter:label1\" content=\"Dur\u00e9e de lecture estim\u00e9e\" \/>\n\t<meta name=\"twitter:data1\" content=\"1 minute\" \/>\n<script type=\"application\/ld+json\" class=\"yoast-schema-graph\">{\"@context\":\"https:\\\/\\\/schema.org\",\"@graph\":[{\"@type\":\"WebPage\",\"@id\":\"https:\\\/\\\/cardinal-tapes.com\\\/fr\\\/rubans-adh\u00e9sifs\\\/domaines-dapplication\\\/production-daluminium-traitement\\\/tesa-4965-adhesif-double-face\\\/\",\"url\":\"https:\\\/\\\/cardinal-tapes.com\\\/fr\\\/rubans-adh\u00e9sifs\\\/domaines-dapplication\\\/production-daluminium-traitement\\\/tesa-4965-adhesif-double-face\\\/\",\"name\":\"tesafix\u00ae 4965 ruban adh\u00e9sif double face | Cardinal TAPES\",\"isPartOf\":{\"@id\":\"https:\\\/\\\/cardinal-tapes.com\\\/#website\"},\"primaryImageOfPage\":{\"@id\":\"https:\\\/\\\/cardinal-tapes.com\\\/fr\\\/rubans-adh\u00e9sifs\\\/domaines-dapplication\\\/production-daluminium-traitement\\\/tesa-4965-adhesif-double-face\\\/#primaryimage\"},\"image\":{\"@id\":\"https:\\\/\\\/cardinal-tapes.com\\\/fr\\\/rubans-adh\u00e9sifs\\\/domaines-dapplication\\\/production-daluminium-traitement\\\/tesa-4965-adhesif-double-face\\\/#primaryimage\"},\"thumbnailUrl\":\"https:\\\/\\\/cardinal-tapes.com\\\/wp-content\\\/uploads\\\/medium-11168653.jpg\",\"datePublished\":\"2018-02-20T07:11:14+00:00\",\"dateModified\":\"2025-07-03T13:35:29+00:00\",\"description\":\"tesa fix\u00ae 4965 est un ruban adh\u00e9sif double face en polyester transparent avec une masse adh\u00e9sive en acrylate. Il est recouvert d'un film rouge. tesa fix\u00ae 4965 se caract\u00e9rise par un bon pouvoir adh\u00e9sif sur diff\u00e9rents plastiques comme l'ABS et m\u00eame l'EPDM.\",\"breadcrumb\":{\"@id\":\"https:\\\/\\\/cardinal-tapes.com\\\/fr\\\/rubans-adh\u00e9sifs\\\/domaines-dapplication\\\/production-daluminium-traitement\\\/tesa-4965-adhesif-double-face\\\/#breadcrumb\"},\"inLanguage\":\"fr-FR\",\"potentialAction\":[{\"@type\":\"ReadAction\",\"target\":[\"https:\\\/\\\/cardinal-tapes.com\\\/fr\\\/rubans-adh\u00e9sifs\\\/domaines-dapplication\\\/production-daluminium-traitement\\\/tesa-4965-adhesif-double-face\\\/\"]}]},{\"@type\":\"ImageObject\",\"inLanguage\":\"fr-FR\",\"@id\":\"https:\\\/\\\/cardinal-tapes.com\\\/fr\\\/rubans-adh\u00e9sifs\\\/domaines-dapplication\\\/production-daluminium-traitement\\\/tesa-4965-adhesif-double-face\\\/#primaryimage\",\"url\":\"https:\\\/\\\/cardinal-tapes.com\\\/wp-content\\\/uploads\\\/medium-11168653.jpg\",\"contentUrl\":\"https:\\\/\\\/cardinal-tapes.com\\\/wp-content\\\/uploads\\\/medium-11168653.jpg\",\"width\":2560,\"height\":2560},{\"@type\":\"BreadcrumbList\",\"@id\":\"https:\\\/\\\/cardinal-tapes.com\\\/fr\\\/rubans-adh\u00e9sifs\\\/domaines-dapplication\\\/production-daluminium-traitement\\\/tesa-4965-adhesif-double-face\\\/#breadcrumb\",\"itemListElement\":[{\"@type\":\"ListItem\",\"position\":1,\"name\":\"Startseite\",\"item\":\"https:\\\/\\\/cardinal-tapes.com\\\/fr\\\/accueil\\\/\"},{\"@type\":\"ListItem\",\"position\":2,\"name\":\"Rubans adh\u00e9sifs\",\"item\":\"https:\\\/\\\/cardinal-tapes.com\\\/fr\\\/rubans-adhesifs-fr\\\/\"},{\"@type\":\"ListItem\",\"position\":3,\"name\":\"Domaines d&#039;application\",\"item\":\"https:\\\/\\\/cardinal-tapes.com\\\/fr\\\/catgorie\\\/domaines-dapplication\\\/\"},{\"@type\":\"ListItem\",\"position\":4,\"name\":\"Production d&#039;aluminium \\\/ traitement\",\"item\":\"https:\\\/\\\/cardinal-tapes.com\\\/fr\\\/catgorie\\\/production-daluminium-traitement\\\/\"},{\"@type\":\"ListItem\",\"position\":5,\"name\":\"tesafix\u00ae 4965 ruban adh\u00e9sif double face Next Gen\"}]},{\"@type\":\"WebSite\",\"@id\":\"https:\\\/\\\/cardinal-tapes.com\\\/#website\",\"url\":\"https:\\\/\\\/cardinal-tapes.com\\\/\",\"name\":\"cardinal TAPES\",\"description\":\"Klebetechnik aus Wuppertal\",\"potentialAction\":[{\"@type\":\"SearchAction\",\"target\":{\"@type\":\"EntryPoint\",\"urlTemplate\":\"https:\\\/\\\/cardinal-tapes.com\\\/?s={search_term_string}\"},\"query-input\":{\"@type\":\"PropertyValueSpecification\",\"valueRequired\":true,\"valueName\":\"search_term_string\"}}],\"inLanguage\":\"fr-FR\"}]}<\/script>\n<!-- \/ Yoast SEO plugin. -->","yoast_head_json":{"title":"tesafix\u00ae 4965 ruban adh\u00e9sif double face | Cardinal TAPES","description":"tesa fix\u00ae 4965 est un ruban adh\u00e9sif double face en polyester transparent avec une masse adh\u00e9sive en acrylate. Il est recouvert d'un film rouge. tesa fix\u00ae 4965 se caract\u00e9rise par un bon pouvoir adh\u00e9sif sur diff\u00e9rents plastiques comme l'ABS et m\u00eame l'EPDM.","robots":{"index":"index","follow":"follow","max-snippet":"max-snippet:-1","max-image-preview":"max-image-preview:large","max-video-preview":"max-video-preview:-1"},"canonical":"https:\/\/cardinal-tapes.com\/fr\/rubans-adh\u00e9sifs\/domaines-dapplication\/production-daluminium-traitement\/tesa-4965-adhesif-double-face\/","og_locale":"fr_FR","og_type":"article","og_title":"tesafix\u00ae 4965 ruban adh\u00e9sif double face | Cardinal TAPES","og_description":"tesa fix\u00ae 4965 est un ruban adh\u00e9sif double face en polyester transparent avec une masse adh\u00e9sive en acrylate. Il est recouvert d'un film rouge. tesa fix\u00ae 4965 se caract\u00e9rise par un bon pouvoir adh\u00e9sif sur diff\u00e9rents plastiques comme l'ABS et m\u00eame l'EPDM.","og_url":"https:\/\/cardinal-tapes.com\/fr\/rubans-adh\u00e9sifs\/domaines-dapplication\/production-daluminium-traitement\/tesa-4965-adhesif-double-face\/","og_site_name":"cardinal TAPES","article_modified_time":"2025-07-03T13:35:29+00:00","og_image":[{"width":2560,"height":2560,"url":"https:\/\/cardinal-tapes.com\/wp-content\/uploads\/medium-11168653.jpg","type":"image\/jpeg"}],"twitter_card":"summary_large_image","twitter_misc":{"Dur\u00e9e de lecture estim\u00e9e":"1 minute"},"schema":{"@context":"https:\/\/schema.org","@graph":[{"@type":"WebPage","@id":"https:\/\/cardinal-tapes.com\/fr\/rubans-adh\u00e9sifs\/domaines-dapplication\/production-daluminium-traitement\/tesa-4965-adhesif-double-face\/","url":"https:\/\/cardinal-tapes.com\/fr\/rubans-adh\u00e9sifs\/domaines-dapplication\/production-daluminium-traitement\/tesa-4965-adhesif-double-face\/","name":"tesafix\u00ae 4965 ruban adh\u00e9sif double face | Cardinal TAPES","isPartOf":{"@id":"https:\/\/cardinal-tapes.com\/#website"},"primaryImageOfPage":{"@id":"https:\/\/cardinal-tapes.com\/fr\/rubans-adh\u00e9sifs\/domaines-dapplication\/production-daluminium-traitement\/tesa-4965-adhesif-double-face\/#primaryimage"},"image":{"@id":"https:\/\/cardinal-tapes.com\/fr\/rubans-adh\u00e9sifs\/domaines-dapplication\/production-daluminium-traitement\/tesa-4965-adhesif-double-face\/#primaryimage"},"thumbnailUrl":"https:\/\/cardinal-tapes.com\/wp-content\/uploads\/medium-11168653.jpg","datePublished":"2018-02-20T07:11:14+00:00","dateModified":"2025-07-03T13:35:29+00:00","description":"tesa fix\u00ae 4965 est un ruban adh\u00e9sif double face en polyester transparent avec une masse adh\u00e9sive en acrylate. Il est recouvert d'un film rouge. tesa fix\u00ae 4965 se caract\u00e9rise par un bon pouvoir adh\u00e9sif sur diff\u00e9rents plastiques comme l'ABS et m\u00eame l'EPDM.","breadcrumb":{"@id":"https:\/\/cardinal-tapes.com\/fr\/rubans-adh\u00e9sifs\/domaines-dapplication\/production-daluminium-traitement\/tesa-4965-adhesif-double-face\/#breadcrumb"},"inLanguage":"fr-FR","potentialAction":[{"@type":"ReadAction","target":["https:\/\/cardinal-tapes.com\/fr\/rubans-adh\u00e9sifs\/domaines-dapplication\/production-daluminium-traitement\/tesa-4965-adhesif-double-face\/"]}]},{"@type":"ImageObject","inLanguage":"fr-FR","@id":"https:\/\/cardinal-tapes.com\/fr\/rubans-adh\u00e9sifs\/domaines-dapplication\/production-daluminium-traitement\/tesa-4965-adhesif-double-face\/#primaryimage","url":"https:\/\/cardinal-tapes.com\/wp-content\/uploads\/medium-11168653.jpg","contentUrl":"https:\/\/cardinal-tapes.com\/wp-content\/uploads\/medium-11168653.jpg","width":2560,"height":2560},{"@type":"BreadcrumbList","@id":"https:\/\/cardinal-tapes.com\/fr\/rubans-adh\u00e9sifs\/domaines-dapplication\/production-daluminium-traitement\/tesa-4965-adhesif-double-face\/#breadcrumb","itemListElement":[{"@type":"ListItem","position":1,"name":"Startseite","item":"https:\/\/cardinal-tapes.com\/fr\/accueil\/"},{"@type":"ListItem","position":2,"name":"Rubans adh\u00e9sifs","item":"https:\/\/cardinal-tapes.com\/fr\/rubans-adhesifs-fr\/"},{"@type":"ListItem","position":3,"name":"Domaines d&#039;application","item":"https:\/\/cardinal-tapes.com\/fr\/catgorie\/domaines-dapplication\/"},{"@type":"ListItem","position":4,"name":"Production d&#039;aluminium \/ traitement","item":"https:\/\/cardinal-tapes.com\/fr\/catgorie\/production-daluminium-traitement\/"},{"@type":"ListItem","position":5,"name":"tesafix\u00ae 4965 ruban adh\u00e9sif double face Next Gen"}]},{"@type":"WebSite","@id":"https:\/\/cardinal-tapes.com\/#website","url":"https:\/\/cardinal-tapes.com\/","name":"cardinal TAPES","description":"Klebetechnik aus Wuppertal","potentialAction":[{"@type":"SearchAction","target":{"@type":"EntryPoint","urlTemplate":"https:\/\/cardinal-tapes.com\/?s={search_term_string}"},"query-input":{"@type":"PropertyValueSpecification","valueRequired":true,"valueName":"search_term_string"}}],"inLanguage":"fr-FR"}]}},"brands":[{"id":2165,"name":"tesa","slug":"tesa-fr"}],"_links":{"self":[{"href":"https:\/\/cardinal-tapes.com\/fr\/wp-json\/wp\/v2\/product\/58789","targetHints":{"allow":["GET"]}}],"collection":[{"href":"https:\/\/cardinal-tapes.com\/fr\/wp-json\/wp\/v2\/product"}],"about":[{"href":"https:\/\/cardinal-tapes.com\/fr\/wp-json\/wp\/v2\/types\/product"}],"wp:featuredmedia":[{"embeddable":true,"href":"https:\/\/cardinal-tapes.com\/fr\/wp-json\/wp\/v2\/media\/76425"}],"wp:attachment":[{"href":"https:\/\/cardinal-tapes.com\/fr\/wp-json\/wp\/v2\/media?parent=58789"}],"wp:term":[{"taxonomy":"pwb-brand","embeddable":true,"href":"https:\/\/cardinal-tapes.com\/fr\/wp-json\/wp\/v2\/pwb-brand?post=58789"},{"taxonomy":"product_brand","embeddable":true,"href":"https:\/\/cardinal-tapes.com\/fr\/wp-json\/wp\/v2\/product_brand?post=58789"},{"taxonomy":"product_cat","embeddable":true,"href":"https:\/\/cardinal-tapes.com\/fr\/wp-json\/wp\/v2\/product_cat?post=58789"},{"taxonomy":"product_tag","embeddable":true,"href":"https:\/\/cardinal-tapes.com\/fr\/wp-json\/wp\/v2\/product_tag?post=58789"}],"curies":[{"name":"wp","href":"https:\/\/api.w.org\/{rel}","templated":true}]}}