{"id":58741,"date":"2018-02-09T12:24:27","date_gmt":"2023-06-05T15:27:38","guid":{"rendered":"https:\/\/cardinal.pixel-tal.de\/klebebaender\/non%20class\u00e9\/tesa-57007-colle-universelle\/"},"modified":"2025-07-03T15:25:33","modified_gmt":"2025-07-03T13:25:33","slug":"tesa-60151-agent-adhesif","status":"publish","type":"product","link":"https:\/\/cardinal-tapes.com\/fr\/rubans-adh\u00e9sifs\/colle-liquide\/adhesifs\/tesa-60151-agent-adhesif\/","title":{"rendered":"tesa\u00ae 57007 Colle universelle"},"content":{"rendered":"<p>Pratique et transparente, la colle universelle <sup>tesa\u00ae<\/sup> est une aide indispensable pour tous les travaux de bricolage et de collage \u00e0 la maison, au bureau et \u00e0 l&#8217;atelier.<\/p>\n<ul>\n<li><i class=\"icon-checkmark-circle\"><\/i>colle presque tous les types de papier, de carton, de photos, de tissu, de feutre, de li\u00e8ge, de cuir et de bois entre eux, ainsi que sur le m\u00e9tal, le verre, la porcelaine, la c\u00e9ramique, de nombreux plastiques et les mousses rigides<\/li>\n<li><i class=\"icon-checkmark-circle\"><\/i>Haute r\u00e9sistance \u00e0 la lumi\u00e8re, au froid, \u00e0 la chaleur et \u00e0 l&#8217;eau<\/li>\n<li><i class=\"icon-checkmark-circle\"><\/i>Haute r\u00e9sistance au vieillissementDescription du produit<\/li>\n<\/ul>\n<h3 class=\"headline module-headline\">Description du produit<\/h3>\n<p>La colle universelle <sup>tesa\u00ae<\/sup> est une aide pratique au quotidien qui peut \u00eatre utilis\u00e9e pour presque tous les travaux de bricolage et de collage \u00e0 la maison, au bureau ou \u00e0 l&#8217;atelier. Qu&#8217;il s&#8217;agisse de papier, de carton, de feutre ou de cuir, la colle universelle colle avec pr\u00e9cision d&#8217;innombrables mat\u00e9riaux entre eux et adh\u00e8re de mani\u00e8re fiable \u00e0 diverses surfaces, par exemple le m\u00e9tal, le verre ou la c\u00e9ramique.<br \/>\nLa colle liquide transparente colle rapidement et fortement gr\u00e2ce \u00e0 la <span class=\"lowercase\">technologie de collage sup\u00e9rieure de<\/span><sup>tesa\u00ae<\/sup>.  Sa r\u00e9sistance \u00e0 la lumi\u00e8re, au froid, \u00e0 la chaleur et \u00e0 l&#8217;eau fait de la colle universelle un v\u00e9ritable talent polyvalent qui dure longtemps.<\/p>\n","protected":false},"excerpt":{"rendered":"<p>Pratique et transparente, la colle universelle tesa\u00ae est une aide indispensable pour tous les travaux de bricolage et de collage \u00e0 la maison, au bureau et \u00e0 l&#8217;atelier. colle presque tous les types de papier, de carton, de photos, de tissu, de feutre, de li\u00e8ge, de cuir et de bois entre eux, ainsi que sur [&hellip;]<\/p>\n","protected":false},"featured_media":26728,"template":"","meta":{"_acf_changed":false},"pwb-brand":[2165],"product_brand":[],"product_cat":[1856,1857],"product_tag":[],"class_list":{"0":"post-58741","1":"product","2":"type-product","3":"status-publish","4":"has-post-thumbnail","6":"pwb-brand-tesa-fr","7":"product_cat-colle-liquide","8":"product_cat-adhesifs","10":"first","11":"instock","12":"taxable","13":"shipping-taxable","14":"purchasable","15":"product-type-variable"},"acf":[],"yoast_head":"<!-- This site is optimized with the Yoast SEO plugin v27.3 - https:\/\/yoast.com\/product\/yoast-seo-wordpress\/ -->\n<title>Tesa 57007 Colle universelle pour d&#039;innombrables mat\u00e9riaux | Cardinal TAPES<\/title>\n<meta name=\"description\" content=\"La colle universelle Tesa 57007 s\u00e9duit par son large champ d&#039;application. De plus, le Tesa 57007 pr\u00e9sente une adh\u00e9rence initiale moyenne. En savoir plus.\" \/>\n<meta name=\"robots\" content=\"index, follow, max-snippet:-1, max-image-preview:large, max-video-preview:-1\" \/>\n<link rel=\"canonical\" href=\"https:\/\/cardinal-tapes.com\/fr\/rubans-adh\u00e9sifs\/colle-liquide\/adhesifs\/tesa-60151-agent-adhesif\/\" \/>\n<meta property=\"og:locale\" content=\"fr_FR\" \/>\n<meta property=\"og:type\" content=\"article\" \/>\n<meta property=\"og:title\" content=\"Tesa 57007 Colle universelle pour d&#039;innombrables mat\u00e9riaux | Cardinal TAPES\" \/>\n<meta property=\"og:description\" content=\"La colle universelle Tesa 57007 s\u00e9duit par son large champ d&#039;application. De plus, le Tesa 57007 pr\u00e9sente une adh\u00e9rence initiale moyenne. En savoir plus.\" \/>\n<meta property=\"og:url\" content=\"https:\/\/cardinal-tapes.com\/fr\/rubans-adh\u00e9sifs\/colle-liquide\/adhesifs\/tesa-60151-agent-adhesif\/\" \/>\n<meta property=\"og:site_name\" content=\"cardinal TAPES\" \/>\n<meta property=\"article:modified_time\" content=\"2025-07-03T13:25:33+00:00\" \/>\n<meta property=\"og:image\" content=\"https:\/\/cardinal-tapes.com\/wp-content\/uploads\/tesa-all-purpose-glue-nart.jpg\" \/>\n\t<meta property=\"og:image:width\" content=\"600\" \/>\n\t<meta property=\"og:image:height\" content=\"600\" \/>\n\t<meta property=\"og:image:type\" content=\"image\/jpeg\" \/>\n<meta name=\"twitter:card\" content=\"summary_large_image\" \/>\n<meta name=\"twitter:label1\" content=\"Dur\u00e9e de lecture estim\u00e9e\" \/>\n\t<meta name=\"twitter:data1\" content=\"1 minute\" \/>\n<script type=\"application\/ld+json\" class=\"yoast-schema-graph\">{\"@context\":\"https:\\\/\\\/schema.org\",\"@graph\":[{\"@type\":\"WebPage\",\"@id\":\"https:\\\/\\\/cardinal-tapes.com\\\/fr\\\/rubans-adh\u00e9sifs\\\/colle-liquide\\\/adhesifs\\\/tesa-60151-agent-adhesif\\\/\",\"url\":\"https:\\\/\\\/cardinal-tapes.com\\\/fr\\\/rubans-adh\u00e9sifs\\\/colle-liquide\\\/adhesifs\\\/tesa-60151-agent-adhesif\\\/\",\"name\":\"Tesa 57007 Colle universelle pour d'innombrables mat\u00e9riaux | Cardinal TAPES\",\"isPartOf\":{\"@id\":\"https:\\\/\\\/cardinal-tapes.com\\\/#website\"},\"primaryImageOfPage\":{\"@id\":\"https:\\\/\\\/cardinal-tapes.com\\\/fr\\\/rubans-adh\u00e9sifs\\\/colle-liquide\\\/adhesifs\\\/tesa-60151-agent-adhesif\\\/#primaryimage\"},\"image\":{\"@id\":\"https:\\\/\\\/cardinal-tapes.com\\\/fr\\\/rubans-adh\u00e9sifs\\\/colle-liquide\\\/adhesifs\\\/tesa-60151-agent-adhesif\\\/#primaryimage\"},\"thumbnailUrl\":\"https:\\\/\\\/cardinal-tapes.com\\\/wp-content\\\/uploads\\\/tesa-all-purpose-glue-nart.jpg\",\"datePublished\":\"2023-06-05T15:27:38+00:00\",\"dateModified\":\"2025-07-03T13:25:33+00:00\",\"description\":\"La colle universelle Tesa 57007 s\u00e9duit par son large champ d'application. De plus, le Tesa 57007 pr\u00e9sente une adh\u00e9rence initiale moyenne. En savoir plus.\",\"breadcrumb\":{\"@id\":\"https:\\\/\\\/cardinal-tapes.com\\\/fr\\\/rubans-adh\u00e9sifs\\\/colle-liquide\\\/adhesifs\\\/tesa-60151-agent-adhesif\\\/#breadcrumb\"},\"inLanguage\":\"fr-FR\",\"potentialAction\":[{\"@type\":\"ReadAction\",\"target\":[\"https:\\\/\\\/cardinal-tapes.com\\\/fr\\\/rubans-adh\u00e9sifs\\\/colle-liquide\\\/adhesifs\\\/tesa-60151-agent-adhesif\\\/\"]}]},{\"@type\":\"ImageObject\",\"inLanguage\":\"fr-FR\",\"@id\":\"https:\\\/\\\/cardinal-tapes.com\\\/fr\\\/rubans-adh\u00e9sifs\\\/colle-liquide\\\/adhesifs\\\/tesa-60151-agent-adhesif\\\/#primaryimage\",\"url\":\"https:\\\/\\\/cardinal-tapes.com\\\/wp-content\\\/uploads\\\/tesa-all-purpose-glue-nart.jpg\",\"contentUrl\":\"https:\\\/\\\/cardinal-tapes.com\\\/wp-content\\\/uploads\\\/tesa-all-purpose-glue-nart.jpg\",\"width\":600,\"height\":600,\"caption\":\"tesa colle universelle\"},{\"@type\":\"BreadcrumbList\",\"@id\":\"https:\\\/\\\/cardinal-tapes.com\\\/fr\\\/rubans-adh\u00e9sifs\\\/colle-liquide\\\/adhesifs\\\/tesa-60151-agent-adhesif\\\/#breadcrumb\",\"itemListElement\":[{\"@type\":\"ListItem\",\"position\":1,\"name\":\"Startseite\",\"item\":\"https:\\\/\\\/cardinal-tapes.com\\\/fr\\\/accueil\\\/\"},{\"@type\":\"ListItem\",\"position\":2,\"name\":\"Rubans adh\u00e9sifs\",\"item\":\"https:\\\/\\\/cardinal-tapes.com\\\/fr\\\/rubans-adhesifs-fr\\\/\"},{\"@type\":\"ListItem\",\"position\":3,\"name\":\"Fl\u00fcssigkleber\",\"item\":\"https:\\\/\\\/cardinal-tapes.com\\\/kategorie\\\/fluessigkleber\\\/\"},{\"@type\":\"ListItem\",\"position\":4,\"name\":\"Klebstoffe\",\"item\":\"https:\\\/\\\/cardinal-tapes.com\\\/kategorie\\\/fluessigkleber\\\/klebstoffe\\\/\"},{\"@type\":\"ListItem\",\"position\":5,\"name\":\"tesa\u00ae 57007 Colle universelle\"}]},{\"@type\":\"WebSite\",\"@id\":\"https:\\\/\\\/cardinal-tapes.com\\\/#website\",\"url\":\"https:\\\/\\\/cardinal-tapes.com\\\/\",\"name\":\"cardinal TAPES\",\"description\":\"Klebetechnik aus Wuppertal\",\"potentialAction\":[{\"@type\":\"SearchAction\",\"target\":{\"@type\":\"EntryPoint\",\"urlTemplate\":\"https:\\\/\\\/cardinal-tapes.com\\\/?s={search_term_string}\"},\"query-input\":{\"@type\":\"PropertyValueSpecification\",\"valueRequired\":true,\"valueName\":\"search_term_string\"}}],\"inLanguage\":\"fr-FR\"}]}<\/script>\n<!-- \/ Yoast SEO plugin. -->","yoast_head_json":{"title":"Tesa 57007 Colle universelle pour d'innombrables mat\u00e9riaux | Cardinal TAPES","description":"La colle universelle Tesa 57007 s\u00e9duit par son large champ d'application. De plus, le Tesa 57007 pr\u00e9sente une adh\u00e9rence initiale moyenne. En savoir plus.","robots":{"index":"index","follow":"follow","max-snippet":"max-snippet:-1","max-image-preview":"max-image-preview:large","max-video-preview":"max-video-preview:-1"},"canonical":"https:\/\/cardinal-tapes.com\/fr\/rubans-adh\u00e9sifs\/colle-liquide\/adhesifs\/tesa-60151-agent-adhesif\/","og_locale":"fr_FR","og_type":"article","og_title":"Tesa 57007 Colle universelle pour d'innombrables mat\u00e9riaux | Cardinal TAPES","og_description":"La colle universelle Tesa 57007 s\u00e9duit par son large champ d'application. De plus, le Tesa 57007 pr\u00e9sente une adh\u00e9rence initiale moyenne. En savoir plus.","og_url":"https:\/\/cardinal-tapes.com\/fr\/rubans-adh\u00e9sifs\/colle-liquide\/adhesifs\/tesa-60151-agent-adhesif\/","og_site_name":"cardinal TAPES","article_modified_time":"2025-07-03T13:25:33+00:00","og_image":[{"width":600,"height":600,"url":"https:\/\/cardinal-tapes.com\/wp-content\/uploads\/tesa-all-purpose-glue-nart.jpg","type":"image\/jpeg"}],"twitter_card":"summary_large_image","twitter_misc":{"Dur\u00e9e de lecture estim\u00e9e":"1 minute"},"schema":{"@context":"https:\/\/schema.org","@graph":[{"@type":"WebPage","@id":"https:\/\/cardinal-tapes.com\/fr\/rubans-adh\u00e9sifs\/colle-liquide\/adhesifs\/tesa-60151-agent-adhesif\/","url":"https:\/\/cardinal-tapes.com\/fr\/rubans-adh\u00e9sifs\/colle-liquide\/adhesifs\/tesa-60151-agent-adhesif\/","name":"Tesa 57007 Colle universelle pour d'innombrables mat\u00e9riaux | Cardinal TAPES","isPartOf":{"@id":"https:\/\/cardinal-tapes.com\/#website"},"primaryImageOfPage":{"@id":"https:\/\/cardinal-tapes.com\/fr\/rubans-adh\u00e9sifs\/colle-liquide\/adhesifs\/tesa-60151-agent-adhesif\/#primaryimage"},"image":{"@id":"https:\/\/cardinal-tapes.com\/fr\/rubans-adh\u00e9sifs\/colle-liquide\/adhesifs\/tesa-60151-agent-adhesif\/#primaryimage"},"thumbnailUrl":"https:\/\/cardinal-tapes.com\/wp-content\/uploads\/tesa-all-purpose-glue-nart.jpg","datePublished":"2023-06-05T15:27:38+00:00","dateModified":"2025-07-03T13:25:33+00:00","description":"La colle universelle Tesa 57007 s\u00e9duit par son large champ d'application. De plus, le Tesa 57007 pr\u00e9sente une adh\u00e9rence initiale moyenne. En savoir plus.","breadcrumb":{"@id":"https:\/\/cardinal-tapes.com\/fr\/rubans-adh\u00e9sifs\/colle-liquide\/adhesifs\/tesa-60151-agent-adhesif\/#breadcrumb"},"inLanguage":"fr-FR","potentialAction":[{"@type":"ReadAction","target":["https:\/\/cardinal-tapes.com\/fr\/rubans-adh\u00e9sifs\/colle-liquide\/adhesifs\/tesa-60151-agent-adhesif\/"]}]},{"@type":"ImageObject","inLanguage":"fr-FR","@id":"https:\/\/cardinal-tapes.com\/fr\/rubans-adh\u00e9sifs\/colle-liquide\/adhesifs\/tesa-60151-agent-adhesif\/#primaryimage","url":"https:\/\/cardinal-tapes.com\/wp-content\/uploads\/tesa-all-purpose-glue-nart.jpg","contentUrl":"https:\/\/cardinal-tapes.com\/wp-content\/uploads\/tesa-all-purpose-glue-nart.jpg","width":600,"height":600,"caption":"tesa colle universelle"},{"@type":"BreadcrumbList","@id":"https:\/\/cardinal-tapes.com\/fr\/rubans-adh\u00e9sifs\/colle-liquide\/adhesifs\/tesa-60151-agent-adhesif\/#breadcrumb","itemListElement":[{"@type":"ListItem","position":1,"name":"Startseite","item":"https:\/\/cardinal-tapes.com\/fr\/accueil\/"},{"@type":"ListItem","position":2,"name":"Rubans adh\u00e9sifs","item":"https:\/\/cardinal-tapes.com\/fr\/rubans-adhesifs-fr\/"},{"@type":"ListItem","position":3,"name":"Fl\u00fcssigkleber","item":"https:\/\/cardinal-tapes.com\/kategorie\/fluessigkleber\/"},{"@type":"ListItem","position":4,"name":"Klebstoffe","item":"https:\/\/cardinal-tapes.com\/kategorie\/fluessigkleber\/klebstoffe\/"},{"@type":"ListItem","position":5,"name":"tesa\u00ae 57007 Colle universelle"}]},{"@type":"WebSite","@id":"https:\/\/cardinal-tapes.com\/#website","url":"https:\/\/cardinal-tapes.com\/","name":"cardinal TAPES","description":"Klebetechnik aus Wuppertal","potentialAction":[{"@type":"SearchAction","target":{"@type":"EntryPoint","urlTemplate":"https:\/\/cardinal-tapes.com\/?s={search_term_string}"},"query-input":{"@type":"PropertyValueSpecification","valueRequired":true,"valueName":"search_term_string"}}],"inLanguage":"fr-FR"}]}},"brands":[{"id":2165,"name":"tesa","slug":"tesa-fr"}],"_links":{"self":[{"href":"https:\/\/cardinal-tapes.com\/fr\/wp-json\/wp\/v2\/product\/58741","targetHints":{"allow":["GET"]}}],"collection":[{"href":"https:\/\/cardinal-tapes.com\/fr\/wp-json\/wp\/v2\/product"}],"about":[{"href":"https:\/\/cardinal-tapes.com\/fr\/wp-json\/wp\/v2\/types\/product"}],"wp:featuredmedia":[{"embeddable":true,"href":"https:\/\/cardinal-tapes.com\/fr\/wp-json\/wp\/v2\/media\/26728"}],"wp:attachment":[{"href":"https:\/\/cardinal-tapes.com\/fr\/wp-json\/wp\/v2\/media?parent=58741"}],"wp:term":[{"taxonomy":"pwb-brand","embeddable":true,"href":"https:\/\/cardinal-tapes.com\/fr\/wp-json\/wp\/v2\/pwb-brand?post=58741"},{"taxonomy":"product_brand","embeddable":true,"href":"https:\/\/cardinal-tapes.com\/fr\/wp-json\/wp\/v2\/product_brand?post=58741"},{"taxonomy":"product_cat","embeddable":true,"href":"https:\/\/cardinal-tapes.com\/fr\/wp-json\/wp\/v2\/product_cat?post=58741"},{"taxonomy":"product_tag","embeddable":true,"href":"https:\/\/cardinal-tapes.com\/fr\/wp-json\/wp\/v2\/product_tag?post=58741"}],"curies":[{"name":"wp","href":"https:\/\/api.w.org\/{rel}","templated":true}]}}