{"id":58730,"date":"2018-02-09T12:01:53","date_gmt":"2023-06-05T15:27:38","guid":{"rendered":"https:\/\/cardinal.pixel-tal.de\/klebebaender\/non class\u00e9\/tesa-60021-adhesif-en-spray\/"},"modified":"2023-06-05T17:27:38","modified_gmt":"2023-06-05T15:27:38","slug":"tesa-60021-spruehkleber-300ml","status":"publish","type":"product","link":"https:\/\/cardinal-tapes.com\/fr\/rubans-adh\u00e9sifs\/colle-liquide\/adhesifs\/tesa-60021-spruehkleber-300ml\/","title":{"rendered":"tesa\u00ae 60021 Adh\u00e9sif en spray"},"content":{"rendered":"<p><sup>tesa\u00ae<\/sup> colle en a\u00e9rosol PERMANENT 60020 est une colle tr\u00e8s polyvalente pour l&#8217;assemblage permanent de mat\u00e9riaux tels que le papier, le carton, le feutre, le tissu, le film, le bois, le cuir, le <sup>Styropor\u00ae<\/sup> et de nombreux autres plastiques.<\/p>\n<ul>\n<li>Collage propre, \u00e9conomique, s\u00fbr et rapide de grandes surfaces<\/li>\n<li>S\u00e9chage rapide et r\u00e9sistance aux contraintes m\u00e9caniques et thermiques<\/li>\n<li>Convient particuli\u00e8rement aux mat\u00e9riaux l\u00e9gers \u00e0 moyennement lourds avec une surface lisse \u00e0 rugueuse<\/li>\n<li>Pulv\u00e9risation fine et uniforme<\/li>\n<li>Convient pour le collage du <sup>Styropor\u00ae<\/sup>.<\/li>\n<\/ul>\n","protected":false},"excerpt":{"rendered":"<p>tesa\u00ae colle en a\u00e9rosol PERMANENT 60020 est une colle tr\u00e8s polyvalente pour l&#8217;assemblage permanent de mat\u00e9riaux tels que le papier, le carton, le feutre, le tissu, le film, le bois, le cuir, le Styropor\u00ae et de nombreux autres plastiques. Collage propre, \u00e9conomique, s\u00fbr et rapide de grandes surfaces S\u00e9chage rapide et r\u00e9sistance aux contraintes m\u00e9caniques [&hellip;]<\/p>\n","protected":false},"featured_media":26144,"template":"","meta":{"_acf_changed":false},"pwb-brand":[2165],"product_brand":[],"product_cat":[1857],"product_tag":[],"class_list":{"0":"post-58730","1":"product","2":"type-product","3":"status-publish","4":"has-post-thumbnail","6":"pwb-brand-tesa-fr","7":"product_cat-adhesifs","9":"first","10":"instock","11":"taxable","12":"shipping-taxable","13":"purchasable","14":"product-type-variable"},"acf":[],"yoast_head":"<!-- This site is optimized with the Yoast SEO plugin v27.3 - https:\/\/yoast.com\/product\/yoast-seo-wordpress\/ -->\n<title>Tesa 60021 Adh\u00e9sif en spray 300ml | Cardinal TAPES<\/title>\n<meta name=\"description\" content=\"Tesa 60021 colle en spray PERMANENT est une colle tr\u00e8s efficace pour l&#039;assemblage permanent de mat\u00e9riaux tels que le papier, le carton, le feutre, le tissu et de nombreux autres plastiques.\" \/>\n<meta name=\"robots\" content=\"index, follow, max-snippet:-1, max-image-preview:large, max-video-preview:-1\" \/>\n<link rel=\"canonical\" href=\"https:\/\/cardinal-tapes.com\/fr\/rubans-adh\u00e9sifs\/adhesifs\/tesa-60021-spruehkleber-300ml\/\" \/>\n<meta property=\"og:locale\" content=\"fr_FR\" \/>\n<meta property=\"og:type\" content=\"article\" \/>\n<meta property=\"og:title\" content=\"Tesa 60021 Adh\u00e9sif en spray 300ml | Cardinal TAPES\" \/>\n<meta property=\"og:description\" content=\"Tesa 60021 colle en spray PERMANENT est une colle tr\u00e8s efficace pour l&#039;assemblage permanent de mat\u00e9riaux tels que le papier, le carton, le feutre, le tissu et de nombreux autres plastiques.\" \/>\n<meta property=\"og:url\" content=\"https:\/\/cardinal-tapes.com\/fr\/rubans-adh\u00e9sifs\/adhesifs\/tesa-60021-spruehkleber-300ml\/\" \/>\n<meta property=\"og:site_name\" content=\"cardinal TAPES\" \/>\n<meta property=\"og:image\" content=\"https:\/\/cardinal-tapes.com\/wp-content\/uploads\/tesa-60021-1.jpg\" \/>\n\t<meta property=\"og:image:width\" content=\"600\" \/>\n\t<meta property=\"og:image:height\" content=\"600\" \/>\n\t<meta property=\"og:image:type\" content=\"image\/jpeg\" \/>\n<meta name=\"twitter:card\" content=\"summary_large_image\" \/>\n<script type=\"application\/ld+json\" class=\"yoast-schema-graph\">{\"@context\":\"https:\\\/\\\/schema.org\",\"@graph\":[{\"@type\":\"WebPage\",\"@id\":\"https:\\\/\\\/cardinal-tapes.com\\\/fr\\\/rubans-adh\u00e9sifs\\\/adhesifs\\\/tesa-60021-spruehkleber-300ml\\\/\",\"url\":\"https:\\\/\\\/cardinal-tapes.com\\\/fr\\\/rubans-adh\u00e9sifs\\\/adhesifs\\\/tesa-60021-spruehkleber-300ml\\\/\",\"name\":\"Tesa 60021 Adh\u00e9sif en spray 300ml | Cardinal TAPES\",\"isPartOf\":{\"@id\":\"https:\\\/\\\/cardinal-tapes.com\\\/#website\"},\"primaryImageOfPage\":{\"@id\":\"https:\\\/\\\/cardinal-tapes.com\\\/fr\\\/rubans-adh\u00e9sifs\\\/adhesifs\\\/tesa-60021-spruehkleber-300ml\\\/#primaryimage\"},\"image\":{\"@id\":\"https:\\\/\\\/cardinal-tapes.com\\\/fr\\\/rubans-adh\u00e9sifs\\\/adhesifs\\\/tesa-60021-spruehkleber-300ml\\\/#primaryimage\"},\"thumbnailUrl\":\"https:\\\/\\\/cardinal-tapes.com\\\/wp-content\\\/uploads\\\/tesa-60021-1.jpg\",\"datePublished\":\"2023-06-05T15:27:38+00:00\",\"description\":\"Tesa 60021 colle en spray PERMANENT est une colle tr\u00e8s efficace pour l'assemblage permanent de mat\u00e9riaux tels que le papier, le carton, le feutre, le tissu et de nombreux autres plastiques.\",\"breadcrumb\":{\"@id\":\"https:\\\/\\\/cardinal-tapes.com\\\/fr\\\/rubans-adh\u00e9sifs\\\/adhesifs\\\/tesa-60021-spruehkleber-300ml\\\/#breadcrumb\"},\"inLanguage\":\"fr-FR\",\"potentialAction\":[{\"@type\":\"ReadAction\",\"target\":[\"https:\\\/\\\/cardinal-tapes.com\\\/fr\\\/rubans-adh\u00e9sifs\\\/adhesifs\\\/tesa-60021-spruehkleber-300ml\\\/\"]}]},{\"@type\":\"ImageObject\",\"inLanguage\":\"fr-FR\",\"@id\":\"https:\\\/\\\/cardinal-tapes.com\\\/fr\\\/rubans-adh\u00e9sifs\\\/adhesifs\\\/tesa-60021-spruehkleber-300ml\\\/#primaryimage\",\"url\":\"https:\\\/\\\/cardinal-tapes.com\\\/wp-content\\\/uploads\\\/tesa-60021-1.jpg\",\"contentUrl\":\"https:\\\/\\\/cardinal-tapes.com\\\/wp-content\\\/uploads\\\/tesa-60021-1.jpg\",\"width\":600,\"height\":600,\"caption\":\"tesa 60021\"},{\"@type\":\"BreadcrumbList\",\"@id\":\"https:\\\/\\\/cardinal-tapes.com\\\/fr\\\/rubans-adh\u00e9sifs\\\/adhesifs\\\/tesa-60021-spruehkleber-300ml\\\/#breadcrumb\",\"itemListElement\":[{\"@type\":\"ListItem\",\"position\":1,\"name\":\"Startseite\",\"item\":\"https:\\\/\\\/cardinal-tapes.com\\\/fr\\\/accueil\\\/\"},{\"@type\":\"ListItem\",\"position\":2,\"name\":\"Rubans adh\u00e9sifs\",\"item\":\"https:\\\/\\\/cardinal-tapes.com\\\/fr\\\/rubans-adhesifs-fr\\\/\"},{\"@type\":\"ListItem\",\"position\":3,\"name\":\"Adh\u00e9sifs\",\"item\":\"https:\\\/\\\/cardinal-tapes.com\\\/fr\\\/catgorie\\\/adhesifs\\\/\"},{\"@type\":\"ListItem\",\"position\":4,\"name\":\"tesa\u00ae 60021 Adh\u00e9sif en spray\"}]},{\"@type\":\"WebSite\",\"@id\":\"https:\\\/\\\/cardinal-tapes.com\\\/#website\",\"url\":\"https:\\\/\\\/cardinal-tapes.com\\\/\",\"name\":\"cardinal TAPES\",\"description\":\"Klebetechnik aus Wuppertal\",\"potentialAction\":[{\"@type\":\"SearchAction\",\"target\":{\"@type\":\"EntryPoint\",\"urlTemplate\":\"https:\\\/\\\/cardinal-tapes.com\\\/?s={search_term_string}\"},\"query-input\":{\"@type\":\"PropertyValueSpecification\",\"valueRequired\":true,\"valueName\":\"search_term_string\"}}],\"inLanguage\":\"fr-FR\"}]}<\/script>\n<!-- \/ Yoast SEO plugin. -->","yoast_head_json":{"title":"Tesa 60021 Adh\u00e9sif en spray 300ml | Cardinal TAPES","description":"Tesa 60021 colle en spray PERMANENT est une colle tr\u00e8s efficace pour l'assemblage permanent de mat\u00e9riaux tels que le papier, le carton, le feutre, le tissu et de nombreux autres plastiques.","robots":{"index":"index","follow":"follow","max-snippet":"max-snippet:-1","max-image-preview":"max-image-preview:large","max-video-preview":"max-video-preview:-1"},"canonical":"https:\/\/cardinal-tapes.com\/fr\/rubans-adh\u00e9sifs\/adhesifs\/tesa-60021-spruehkleber-300ml\/","og_locale":"fr_FR","og_type":"article","og_title":"Tesa 60021 Adh\u00e9sif en spray 300ml | Cardinal TAPES","og_description":"Tesa 60021 colle en spray PERMANENT est une colle tr\u00e8s efficace pour l'assemblage permanent de mat\u00e9riaux tels que le papier, le carton, le feutre, le tissu et de nombreux autres plastiques.","og_url":"https:\/\/cardinal-tapes.com\/fr\/rubans-adh\u00e9sifs\/adhesifs\/tesa-60021-spruehkleber-300ml\/","og_site_name":"cardinal TAPES","og_image":[{"width":600,"height":600,"url":"https:\/\/cardinal-tapes.com\/wp-content\/uploads\/tesa-60021-1.jpg","type":"image\/jpeg"}],"twitter_card":"summary_large_image","schema":{"@context":"https:\/\/schema.org","@graph":[{"@type":"WebPage","@id":"https:\/\/cardinal-tapes.com\/fr\/rubans-adh\u00e9sifs\/adhesifs\/tesa-60021-spruehkleber-300ml\/","url":"https:\/\/cardinal-tapes.com\/fr\/rubans-adh\u00e9sifs\/adhesifs\/tesa-60021-spruehkleber-300ml\/","name":"Tesa 60021 Adh\u00e9sif en spray 300ml | Cardinal TAPES","isPartOf":{"@id":"https:\/\/cardinal-tapes.com\/#website"},"primaryImageOfPage":{"@id":"https:\/\/cardinal-tapes.com\/fr\/rubans-adh\u00e9sifs\/adhesifs\/tesa-60021-spruehkleber-300ml\/#primaryimage"},"image":{"@id":"https:\/\/cardinal-tapes.com\/fr\/rubans-adh\u00e9sifs\/adhesifs\/tesa-60021-spruehkleber-300ml\/#primaryimage"},"thumbnailUrl":"https:\/\/cardinal-tapes.com\/wp-content\/uploads\/tesa-60021-1.jpg","datePublished":"2023-06-05T15:27:38+00:00","description":"Tesa 60021 colle en spray PERMANENT est une colle tr\u00e8s efficace pour l'assemblage permanent de mat\u00e9riaux tels que le papier, le carton, le feutre, le tissu et de nombreux autres plastiques.","breadcrumb":{"@id":"https:\/\/cardinal-tapes.com\/fr\/rubans-adh\u00e9sifs\/adhesifs\/tesa-60021-spruehkleber-300ml\/#breadcrumb"},"inLanguage":"fr-FR","potentialAction":[{"@type":"ReadAction","target":["https:\/\/cardinal-tapes.com\/fr\/rubans-adh\u00e9sifs\/adhesifs\/tesa-60021-spruehkleber-300ml\/"]}]},{"@type":"ImageObject","inLanguage":"fr-FR","@id":"https:\/\/cardinal-tapes.com\/fr\/rubans-adh\u00e9sifs\/adhesifs\/tesa-60021-spruehkleber-300ml\/#primaryimage","url":"https:\/\/cardinal-tapes.com\/wp-content\/uploads\/tesa-60021-1.jpg","contentUrl":"https:\/\/cardinal-tapes.com\/wp-content\/uploads\/tesa-60021-1.jpg","width":600,"height":600,"caption":"tesa 60021"},{"@type":"BreadcrumbList","@id":"https:\/\/cardinal-tapes.com\/fr\/rubans-adh\u00e9sifs\/adhesifs\/tesa-60021-spruehkleber-300ml\/#breadcrumb","itemListElement":[{"@type":"ListItem","position":1,"name":"Startseite","item":"https:\/\/cardinal-tapes.com\/fr\/accueil\/"},{"@type":"ListItem","position":2,"name":"Rubans adh\u00e9sifs","item":"https:\/\/cardinal-tapes.com\/fr\/rubans-adhesifs-fr\/"},{"@type":"ListItem","position":3,"name":"Adh\u00e9sifs","item":"https:\/\/cardinal-tapes.com\/fr\/catgorie\/adhesifs\/"},{"@type":"ListItem","position":4,"name":"tesa\u00ae 60021 Adh\u00e9sif en spray"}]},{"@type":"WebSite","@id":"https:\/\/cardinal-tapes.com\/#website","url":"https:\/\/cardinal-tapes.com\/","name":"cardinal TAPES","description":"Klebetechnik aus Wuppertal","potentialAction":[{"@type":"SearchAction","target":{"@type":"EntryPoint","urlTemplate":"https:\/\/cardinal-tapes.com\/?s={search_term_string}"},"query-input":{"@type":"PropertyValueSpecification","valueRequired":true,"valueName":"search_term_string"}}],"inLanguage":"fr-FR"}]}},"brands":[{"id":2165,"name":"tesa","slug":"tesa-fr"}],"_links":{"self":[{"href":"https:\/\/cardinal-tapes.com\/fr\/wp-json\/wp\/v2\/product\/58730","targetHints":{"allow":["GET"]}}],"collection":[{"href":"https:\/\/cardinal-tapes.com\/fr\/wp-json\/wp\/v2\/product"}],"about":[{"href":"https:\/\/cardinal-tapes.com\/fr\/wp-json\/wp\/v2\/types\/product"}],"wp:featuredmedia":[{"embeddable":true,"href":"https:\/\/cardinal-tapes.com\/fr\/wp-json\/wp\/v2\/media\/26144"}],"wp:attachment":[{"href":"https:\/\/cardinal-tapes.com\/fr\/wp-json\/wp\/v2\/media?parent=58730"}],"wp:term":[{"taxonomy":"pwb-brand","embeddable":true,"href":"https:\/\/cardinal-tapes.com\/fr\/wp-json\/wp\/v2\/pwb-brand?post=58730"},{"taxonomy":"product_brand","embeddable":true,"href":"https:\/\/cardinal-tapes.com\/fr\/wp-json\/wp\/v2\/product_brand?post=58730"},{"taxonomy":"product_cat","embeddable":true,"href":"https:\/\/cardinal-tapes.com\/fr\/wp-json\/wp\/v2\/product_cat?post=58730"},{"taxonomy":"product_tag","embeddable":true,"href":"https:\/\/cardinal-tapes.com\/fr\/wp-json\/wp\/v2\/product_tag?post=58730"}],"curies":[{"name":"wp","href":"https:\/\/api.w.org\/{rel}","templated":true}]}}