{"id":58530,"date":"2018-02-19T15:15:44","date_gmt":"2023-06-05T15:27:33","guid":{"rendered":"https:\/\/cardinal.pixel-tal.de\/klebebaender\/non class\u00e9\/tesa-64958-ruban-adhesif-double-face-en-mousse-pe\/"},"modified":"2023-06-05T17:27:33","modified_gmt":"2023-06-05T15:27:33","slug":"tesa-64958-adhesif-double-face-pe-mousse","status":"publish","type":"product","link":"https:\/\/cardinal-tapes.com\/fr\/rubans-adh\u00e9sifs\/rubans-adhesifs-double-face\/ruban-adhesif-double-face-en-tissu\/tesa-64958-adhesif-double-face-pe-mousse\/","title":{"rendered":"tesa\u00ae 64958 Ruban adh\u00e9sif double face en mousse PE"},"content":{"rendered":"<p><sup>tesa\u00ae<\/sup> 64958 est un ruban adh\u00e9sif double face blanc en mousse de poly\u00e9thyl\u00e8ne, \u00e0 base de caoutchouc synth\u00e9tique.<\/p>\n<p><strong>Caract\u00e9ristiques<\/strong><br \/>\n&#8211; Tr\u00e8s bon pouvoir adh\u00e9sif initial et r\u00e9sistance au cisaillement<\/p>\n<p><strong>Applications<\/strong><br \/>\n&#8211; Collage de pr\u00e9sentoirs POS.<br \/>\n&#8211; Collage d&#8217;enseignes et d&#8217;affiches.<br \/>\n&#8211; Collage des bords de la pelouse.<\/p>\n","protected":false},"excerpt":{"rendered":"<p>tesa\u00ae 64958 est un ruban adh\u00e9sif double face blanc en mousse de poly\u00e9thyl\u00e8ne, \u00e0 base de caoutchouc synth\u00e9tique. Caract\u00e9ristiques &#8211; Tr\u00e8s bon pouvoir adh\u00e9sif initial et r\u00e9sistance au cisaillement Applications &#8211; Collage de pr\u00e9sentoirs POS. &#8211; Collage d&#8217;enseignes et d&#8217;affiches. &#8211; Collage des bords de la pelouse.<\/p>\n","protected":false},"featured_media":26056,"template":"","meta":{"_acf_changed":false},"pwb-brand":[2165],"product_brand":[],"product_cat":[1763,1834,1835],"product_tag":[],"class_list":{"0":"post-58530","1":"product","2":"type-product","3":"status-publish","4":"has-post-thumbnail","6":"pwb-brand-tesa-fr","7":"product_cat-bande-de-mousse-pe","8":"product_cat-rubans-adhesifs-double-face","9":"product_cat-ruban-adhesif-double-face-en-tissu","11":"first","12":"instock","13":"taxable","14":"shipping-taxable","15":"purchasable","16":"product-type-variable"},"acf":[],"yoast_head":"<!-- This site is optimized with the Yoast SEO plugin v27.3 - https:\/\/yoast.com\/product\/yoast-seo-wordpress\/ -->\n<title>Tesa 64958 Ruban adh\u00e9sif double face en mousse PE | Cardinal TAPES<\/title>\n<meta name=\"description\" content=\"Tesa 64958 est un ruban adh\u00e9sif double face en mousse PE \u00e0 base de caoutchouc synth\u00e9tique. Le produit poss\u00e8de un tr\u00e8s bon pouvoir adh\u00e9sif initial, m\u00eame sur des surfaces rugueuses.\" \/>\n<meta name=\"robots\" content=\"index, follow, max-snippet:-1, max-image-preview:large, max-video-preview:-1\" \/>\n<link rel=\"canonical\" href=\"https:\/\/cardinal-tapes.com\/fr\/rubans-adh\u00e9sifs\/bande-de-mousse-pe\/tesa-64958-adhesif-double-face-pe-mousse\/\" \/>\n<meta property=\"og:locale\" content=\"fr_FR\" \/>\n<meta property=\"og:type\" content=\"article\" \/>\n<meta property=\"og:title\" content=\"Tesa 64958 Ruban adh\u00e9sif double face en mousse PE | Cardinal TAPES\" \/>\n<meta property=\"og:description\" content=\"Tesa 64958 est un ruban adh\u00e9sif double face en mousse PE \u00e0 base de caoutchouc synth\u00e9tique. Le produit poss\u00e8de un tr\u00e8s bon pouvoir adh\u00e9sif initial, m\u00eame sur des surfaces rugueuses.\" \/>\n<meta property=\"og:url\" content=\"https:\/\/cardinal-tapes.com\/fr\/rubans-adh\u00e9sifs\/bande-de-mousse-pe\/tesa-64958-adhesif-double-face-pe-mousse\/\" \/>\n<meta property=\"og:site_name\" content=\"cardinal TAPES\" \/>\n<meta property=\"og:image\" content=\"https:\/\/cardinal-tapes.com\/wp-content\/uploads\/tesa-double-sided-pe-foam-white-liner-yellow-pr-001172014_canvas1x1_6.jpg\" \/>\n\t<meta property=\"og:image:width\" content=\"640\" \/>\n\t<meta property=\"og:image:height\" content=\"640\" \/>\n\t<meta property=\"og:image:type\" content=\"image\/jpeg\" \/>\n<meta name=\"twitter:card\" content=\"summary_large_image\" \/>\n<script type=\"application\/ld+json\" class=\"yoast-schema-graph\">{\"@context\":\"https:\\\/\\\/schema.org\",\"@graph\":[{\"@type\":\"WebPage\",\"@id\":\"https:\\\/\\\/cardinal-tapes.com\\\/fr\\\/rubans-adh\u00e9sifs\\\/bande-de-mousse-pe\\\/tesa-64958-adhesif-double-face-pe-mousse\\\/\",\"url\":\"https:\\\/\\\/cardinal-tapes.com\\\/fr\\\/rubans-adh\u00e9sifs\\\/bande-de-mousse-pe\\\/tesa-64958-adhesif-double-face-pe-mousse\\\/\",\"name\":\"Tesa 64958 Ruban adh\u00e9sif double face en mousse PE | Cardinal TAPES\",\"isPartOf\":{\"@id\":\"https:\\\/\\\/cardinal-tapes.com\\\/#website\"},\"primaryImageOfPage\":{\"@id\":\"https:\\\/\\\/cardinal-tapes.com\\\/fr\\\/rubans-adh\u00e9sifs\\\/bande-de-mousse-pe\\\/tesa-64958-adhesif-double-face-pe-mousse\\\/#primaryimage\"},\"image\":{\"@id\":\"https:\\\/\\\/cardinal-tapes.com\\\/fr\\\/rubans-adh\u00e9sifs\\\/bande-de-mousse-pe\\\/tesa-64958-adhesif-double-face-pe-mousse\\\/#primaryimage\"},\"thumbnailUrl\":\"https:\\\/\\\/cardinal-tapes.com\\\/wp-content\\\/uploads\\\/tesa-double-sided-pe-foam-white-liner-yellow-pr-001172014_canvas1x1_6.jpg\",\"datePublished\":\"2023-06-05T15:27:33+00:00\",\"description\":\"Tesa 64958 est un ruban adh\u00e9sif double face en mousse PE \u00e0 base de caoutchouc synth\u00e9tique. Le produit poss\u00e8de un tr\u00e8s bon pouvoir adh\u00e9sif initial, m\u00eame sur des surfaces rugueuses.\",\"breadcrumb\":{\"@id\":\"https:\\\/\\\/cardinal-tapes.com\\\/fr\\\/rubans-adh\u00e9sifs\\\/bande-de-mousse-pe\\\/tesa-64958-adhesif-double-face-pe-mousse\\\/#breadcrumb\"},\"inLanguage\":\"fr-FR\",\"potentialAction\":[{\"@type\":\"ReadAction\",\"target\":[\"https:\\\/\\\/cardinal-tapes.com\\\/fr\\\/rubans-adh\u00e9sifs\\\/bande-de-mousse-pe\\\/tesa-64958-adhesif-double-face-pe-mousse\\\/\"]}]},{\"@type\":\"ImageObject\",\"inLanguage\":\"fr-FR\",\"@id\":\"https:\\\/\\\/cardinal-tapes.com\\\/fr\\\/rubans-adh\u00e9sifs\\\/bande-de-mousse-pe\\\/tesa-64958-adhesif-double-face-pe-mousse\\\/#primaryimage\",\"url\":\"https:\\\/\\\/cardinal-tapes.com\\\/wp-content\\\/uploads\\\/tesa-double-sided-pe-foam-white-liner-yellow-pr-001172014_canvas1x1_6.jpg\",\"contentUrl\":\"https:\\\/\\\/cardinal-tapes.com\\\/wp-content\\\/uploads\\\/tesa-double-sided-pe-foam-white-liner-yellow-pr-001172014_canvas1x1_6.jpg\",\"width\":640,\"height\":640,\"caption\":\"tesa ruban adh\u00e9sif double face\"},{\"@type\":\"BreadcrumbList\",\"@id\":\"https:\\\/\\\/cardinal-tapes.com\\\/fr\\\/rubans-adh\u00e9sifs\\\/bande-de-mousse-pe\\\/tesa-64958-adhesif-double-face-pe-mousse\\\/#breadcrumb\",\"itemListElement\":[{\"@type\":\"ListItem\",\"position\":1,\"name\":\"Startseite\",\"item\":\"https:\\\/\\\/cardinal-tapes.com\\\/fr\\\/accueil\\\/\"},{\"@type\":\"ListItem\",\"position\":2,\"name\":\"Rubans adh\u00e9sifs\",\"item\":\"https:\\\/\\\/cardinal-tapes.com\\\/fr\\\/rubans-adhesifs-fr\\\/\"},{\"@type\":\"ListItem\",\"position\":3,\"name\":\"Bande de mousse PE\",\"item\":\"https:\\\/\\\/cardinal-tapes.com\\\/fr\\\/catgorie\\\/bande-de-mousse-pe\\\/\"},{\"@type\":\"ListItem\",\"position\":4,\"name\":\"tesa\u00ae 64958 Ruban adh\u00e9sif double face en mousse PE\"}]},{\"@type\":\"WebSite\",\"@id\":\"https:\\\/\\\/cardinal-tapes.com\\\/#website\",\"url\":\"https:\\\/\\\/cardinal-tapes.com\\\/\",\"name\":\"cardinal TAPES\",\"description\":\"Klebetechnik aus Wuppertal\",\"potentialAction\":[{\"@type\":\"SearchAction\",\"target\":{\"@type\":\"EntryPoint\",\"urlTemplate\":\"https:\\\/\\\/cardinal-tapes.com\\\/?s={search_term_string}\"},\"query-input\":{\"@type\":\"PropertyValueSpecification\",\"valueRequired\":true,\"valueName\":\"search_term_string\"}}],\"inLanguage\":\"fr-FR\"}]}<\/script>\n<!-- \/ Yoast SEO plugin. -->","yoast_head_json":{"title":"Tesa 64958 Ruban adh\u00e9sif double face en mousse PE | Cardinal TAPES","description":"Tesa 64958 est un ruban adh\u00e9sif double face en mousse PE \u00e0 base de caoutchouc synth\u00e9tique. Le produit poss\u00e8de un tr\u00e8s bon pouvoir adh\u00e9sif initial, m\u00eame sur des surfaces rugueuses.","robots":{"index":"index","follow":"follow","max-snippet":"max-snippet:-1","max-image-preview":"max-image-preview:large","max-video-preview":"max-video-preview:-1"},"canonical":"https:\/\/cardinal-tapes.com\/fr\/rubans-adh\u00e9sifs\/bande-de-mousse-pe\/tesa-64958-adhesif-double-face-pe-mousse\/","og_locale":"fr_FR","og_type":"article","og_title":"Tesa 64958 Ruban adh\u00e9sif double face en mousse PE | Cardinal TAPES","og_description":"Tesa 64958 est un ruban adh\u00e9sif double face en mousse PE \u00e0 base de caoutchouc synth\u00e9tique. Le produit poss\u00e8de un tr\u00e8s bon pouvoir adh\u00e9sif initial, m\u00eame sur des surfaces rugueuses.","og_url":"https:\/\/cardinal-tapes.com\/fr\/rubans-adh\u00e9sifs\/bande-de-mousse-pe\/tesa-64958-adhesif-double-face-pe-mousse\/","og_site_name":"cardinal TAPES","og_image":[{"width":640,"height":640,"url":"https:\/\/cardinal-tapes.com\/wp-content\/uploads\/tesa-double-sided-pe-foam-white-liner-yellow-pr-001172014_canvas1x1_6.jpg","type":"image\/jpeg"}],"twitter_card":"summary_large_image","schema":{"@context":"https:\/\/schema.org","@graph":[{"@type":"WebPage","@id":"https:\/\/cardinal-tapes.com\/fr\/rubans-adh\u00e9sifs\/bande-de-mousse-pe\/tesa-64958-adhesif-double-face-pe-mousse\/","url":"https:\/\/cardinal-tapes.com\/fr\/rubans-adh\u00e9sifs\/bande-de-mousse-pe\/tesa-64958-adhesif-double-face-pe-mousse\/","name":"Tesa 64958 Ruban adh\u00e9sif double face en mousse PE | Cardinal TAPES","isPartOf":{"@id":"https:\/\/cardinal-tapes.com\/#website"},"primaryImageOfPage":{"@id":"https:\/\/cardinal-tapes.com\/fr\/rubans-adh\u00e9sifs\/bande-de-mousse-pe\/tesa-64958-adhesif-double-face-pe-mousse\/#primaryimage"},"image":{"@id":"https:\/\/cardinal-tapes.com\/fr\/rubans-adh\u00e9sifs\/bande-de-mousse-pe\/tesa-64958-adhesif-double-face-pe-mousse\/#primaryimage"},"thumbnailUrl":"https:\/\/cardinal-tapes.com\/wp-content\/uploads\/tesa-double-sided-pe-foam-white-liner-yellow-pr-001172014_canvas1x1_6.jpg","datePublished":"2023-06-05T15:27:33+00:00","description":"Tesa 64958 est un ruban adh\u00e9sif double face en mousse PE \u00e0 base de caoutchouc synth\u00e9tique. Le produit poss\u00e8de un tr\u00e8s bon pouvoir adh\u00e9sif initial, m\u00eame sur des surfaces rugueuses.","breadcrumb":{"@id":"https:\/\/cardinal-tapes.com\/fr\/rubans-adh\u00e9sifs\/bande-de-mousse-pe\/tesa-64958-adhesif-double-face-pe-mousse\/#breadcrumb"},"inLanguage":"fr-FR","potentialAction":[{"@type":"ReadAction","target":["https:\/\/cardinal-tapes.com\/fr\/rubans-adh\u00e9sifs\/bande-de-mousse-pe\/tesa-64958-adhesif-double-face-pe-mousse\/"]}]},{"@type":"ImageObject","inLanguage":"fr-FR","@id":"https:\/\/cardinal-tapes.com\/fr\/rubans-adh\u00e9sifs\/bande-de-mousse-pe\/tesa-64958-adhesif-double-face-pe-mousse\/#primaryimage","url":"https:\/\/cardinal-tapes.com\/wp-content\/uploads\/tesa-double-sided-pe-foam-white-liner-yellow-pr-001172014_canvas1x1_6.jpg","contentUrl":"https:\/\/cardinal-tapes.com\/wp-content\/uploads\/tesa-double-sided-pe-foam-white-liner-yellow-pr-001172014_canvas1x1_6.jpg","width":640,"height":640,"caption":"tesa ruban adh\u00e9sif double face"},{"@type":"BreadcrumbList","@id":"https:\/\/cardinal-tapes.com\/fr\/rubans-adh\u00e9sifs\/bande-de-mousse-pe\/tesa-64958-adhesif-double-face-pe-mousse\/#breadcrumb","itemListElement":[{"@type":"ListItem","position":1,"name":"Startseite","item":"https:\/\/cardinal-tapes.com\/fr\/accueil\/"},{"@type":"ListItem","position":2,"name":"Rubans adh\u00e9sifs","item":"https:\/\/cardinal-tapes.com\/fr\/rubans-adhesifs-fr\/"},{"@type":"ListItem","position":3,"name":"Bande de mousse PE","item":"https:\/\/cardinal-tapes.com\/fr\/catgorie\/bande-de-mousse-pe\/"},{"@type":"ListItem","position":4,"name":"tesa\u00ae 64958 Ruban adh\u00e9sif double face en mousse PE"}]},{"@type":"WebSite","@id":"https:\/\/cardinal-tapes.com\/#website","url":"https:\/\/cardinal-tapes.com\/","name":"cardinal TAPES","description":"Klebetechnik aus Wuppertal","potentialAction":[{"@type":"SearchAction","target":{"@type":"EntryPoint","urlTemplate":"https:\/\/cardinal-tapes.com\/?s={search_term_string}"},"query-input":{"@type":"PropertyValueSpecification","valueRequired":true,"valueName":"search_term_string"}}],"inLanguage":"fr-FR"}]}},"brands":[{"id":2165,"name":"tesa","slug":"tesa-fr"}],"_links":{"self":[{"href":"https:\/\/cardinal-tapes.com\/fr\/wp-json\/wp\/v2\/product\/58530","targetHints":{"allow":["GET"]}}],"collection":[{"href":"https:\/\/cardinal-tapes.com\/fr\/wp-json\/wp\/v2\/product"}],"about":[{"href":"https:\/\/cardinal-tapes.com\/fr\/wp-json\/wp\/v2\/types\/product"}],"wp:featuredmedia":[{"embeddable":true,"href":"https:\/\/cardinal-tapes.com\/fr\/wp-json\/wp\/v2\/media\/26056"}],"wp:attachment":[{"href":"https:\/\/cardinal-tapes.com\/fr\/wp-json\/wp\/v2\/media?parent=58530"}],"wp:term":[{"taxonomy":"pwb-brand","embeddable":true,"href":"https:\/\/cardinal-tapes.com\/fr\/wp-json\/wp\/v2\/pwb-brand?post=58530"},{"taxonomy":"product_brand","embeddable":true,"href":"https:\/\/cardinal-tapes.com\/fr\/wp-json\/wp\/v2\/product_brand?post=58530"},{"taxonomy":"product_cat","embeddable":true,"href":"https:\/\/cardinal-tapes.com\/fr\/wp-json\/wp\/v2\/product_cat?post=58530"},{"taxonomy":"product_tag","embeddable":true,"href":"https:\/\/cardinal-tapes.com\/fr\/wp-json\/wp\/v2\/product_tag?post=58530"}],"curies":[{"name":"wp","href":"https:\/\/api.w.org\/{rel}","templated":true}]}}