{"id":58496,"date":"2018-02-20T10:29:23","date_gmt":"2023-06-05T15:27:32","guid":{"rendered":"https:\/\/cardinal.pixel-tal.de\/klebebaender\/non%20class\u00e9\/tesa-50575-ruban-adhesif-en-aluminium\/"},"modified":"2025-07-03T15:46:34","modified_gmt":"2025-07-03T13:46:34","slug":"tesa-50575-ruban-adhesif-en-aluminium","status":"publish","type":"product","link":"https:\/\/cardinal-tapes.com\/fr\/rubans-adh\u00e9sifs\/domaines-dapplication\/ruban-adhesif-en-aluminium\/tesa-50575-ruban-adhesif-en-aluminium\/","title":{"rendered":"tesa\u00ae 50575 Ruban adh\u00e9sif en aluminium"},"content":{"rendered":"<p><sup>tesa\u00ae<\/sup> 50575 est un ruban adh\u00e9sif en aluminium tr\u00e8s r\u00e9sistant compos\u00e9 d&#8217;une feuille d&#8217;aluminium de 80 \u00b5m et d&#8217;une masse adh\u00e9sive acrylique. Il est disponible sans liner (PV0) et avec liner (PV1). <sup>tesa\u00ae<\/sup> 50575 est certifi\u00e9 par AREVA selon les exigences de Siemens AG, standard TLV 9027\/01\/06 pour les centrales nucl\u00e9aires : contenu total en halog\u00e8ne. <\/p>\n<p><strong>Propri\u00e9t\u00e9s<\/strong><br \/>\n&#8211; Haute r\u00e9sistance \u00e0 la d\u00e9chirure.<br \/>\n&#8211; Bon pouvoir adh\u00e9sif<br \/>\n&#8211; R\u00e9sistance m\u00e9canique et \u00e0 l&#8217;humidit\u00e9<br \/>\n&#8211; R\u00e9sistance \u00e0 l&#8217;huile, aux bases et aux acides<br \/>\n&#8211; Haute conductivit\u00e9 thermique<br \/>\n&#8211; R\u00e9sistance au vieillissement.<br \/>\n&#8211; R\u00e9flexion de la chaleur et de la lumi\u00e8re<\/p>\n<p><strong>Applications<\/strong><br \/>\n&#8211; Montage de bobines de refroidissement<br \/>\n&#8211; Isolation de tuyauteries<br \/>\n&#8211; Isolations thermiques universelles<br \/>\n&#8211; Couvrir, prot\u00e9ger, r\u00e9parer, fermer, etc.<\/p>\n","protected":false},"excerpt":{"rendered":"<p>tesa\u00ae 50575 est un ruban adh\u00e9sif en aluminium tr\u00e8s r\u00e9sistant compos\u00e9 d&#8217;une feuille d&#8217;aluminium de 80 \u00b5m et d&#8217;une masse adh\u00e9sive acrylique. Il est disponible sans liner (PV0) et avec liner (PV1). tesa\u00ae 50575 est certifi\u00e9 par AREVA selon les exigences de Siemens AG, standard TLV 9027\/01\/06 pour les centrales nucl\u00e9aires : contenu total en [&hellip;]<\/p>\n","protected":false},"featured_media":26024,"template":"","meta":{"_acf_changed":false},"pwb-brand":[2165],"product_brand":[],"product_cat":[1666,1736,1836],"product_tag":[],"class_list":{"0":"post-58496","1":"product","2":"type-product","3":"status-publish","4":"has-post-thumbnail","6":"pwb-brand-tesa-fr","7":"product_cat-ruban-adhesif-en-aluminium","8":"product_cat-technique-de-chauffage-et-de-climatisation","9":"product_cat-rubans-adhesifs-simple-face","11":"first","12":"instock","13":"taxable","14":"shipping-taxable","15":"purchasable","16":"product-type-variable"},"acf":[],"yoast_head":"<!-- This site is optimized with the Yoast SEO plugin v27.3 - https:\/\/yoast.com\/product\/yoast-seo-wordpress\/ -->\n<title>Tesa 50575 Ruban adh\u00e9sif en aluminium | Cardinal TAPES<\/title>\n<meta name=\"description\" content=\"Tesa 50575 est un ruban adh\u00e9sif en aluminium tr\u00e8s r\u00e9sistant compos\u00e9 d&#039;une feuille d&#039;aluminium de 80 \u00b5m et d&#039;une masse adh\u00e9sive en acrylate. En savoir plus.\" \/>\n<meta name=\"robots\" content=\"index, follow, max-snippet:-1, max-image-preview:large, max-video-preview:-1\" \/>\n<link rel=\"canonical\" href=\"https:\/\/cardinal-tapes.com\/fr\/rubans-adh\u00e9sifs\/domaines-dapplication\/ruban-adhesif-en-aluminium\/tesa-50575-ruban-adhesif-en-aluminium\/\" \/>\n<meta property=\"og:locale\" content=\"fr_FR\" \/>\n<meta property=\"og:type\" content=\"article\" \/>\n<meta property=\"og:title\" content=\"Tesa 50575 Ruban adh\u00e9sif en aluminium | Cardinal TAPES\" \/>\n<meta property=\"og:description\" content=\"Tesa 50575 est un ruban adh\u00e9sif en aluminium tr\u00e8s r\u00e9sistant compos\u00e9 d&#039;une feuille d&#039;aluminium de 80 \u00b5m et d&#039;une masse adh\u00e9sive en acrylate. En savoir plus.\" \/>\n<meta property=\"og:url\" content=\"https:\/\/cardinal-tapes.com\/fr\/rubans-adh\u00e9sifs\/domaines-dapplication\/ruban-adhesif-en-aluminium\/tesa-50575-ruban-adhesif-en-aluminium\/\" \/>\n<meta property=\"og:site_name\" content=\"cardinal TAPES\" \/>\n<meta property=\"article:modified_time\" content=\"2025-07-03T13:46:34+00:00\" \/>\n<meta property=\"og:image\" content=\"https:\/\/cardinal-tapes.com\/wp-content\/uploads\/tesa-50575-pr-002172950_canvas1x1_6.jpg\" \/>\n\t<meta property=\"og:image:width\" content=\"640\" \/>\n\t<meta property=\"og:image:height\" content=\"640\" \/>\n\t<meta property=\"og:image:type\" content=\"image\/jpeg\" \/>\n<meta name=\"twitter:card\" content=\"summary_large_image\" \/>\n<meta name=\"twitter:label1\" content=\"Dur\u00e9e de lecture estim\u00e9e\" \/>\n\t<meta name=\"twitter:data1\" content=\"1 minute\" \/>\n<script type=\"application\/ld+json\" class=\"yoast-schema-graph\">{\"@context\":\"https:\\\/\\\/schema.org\",\"@graph\":[{\"@type\":\"WebPage\",\"@id\":\"https:\\\/\\\/cardinal-tapes.com\\\/fr\\\/rubans-adh\u00e9sifs\\\/domaines-dapplication\\\/ruban-adhesif-en-aluminium\\\/tesa-50575-ruban-adhesif-en-aluminium\\\/\",\"url\":\"https:\\\/\\\/cardinal-tapes.com\\\/fr\\\/rubans-adh\u00e9sifs\\\/domaines-dapplication\\\/ruban-adhesif-en-aluminium\\\/tesa-50575-ruban-adhesif-en-aluminium\\\/\",\"name\":\"Tesa 50575 Ruban adh\u00e9sif en aluminium | Cardinal TAPES\",\"isPartOf\":{\"@id\":\"https:\\\/\\\/cardinal-tapes.com\\\/#website\"},\"primaryImageOfPage\":{\"@id\":\"https:\\\/\\\/cardinal-tapes.com\\\/fr\\\/rubans-adh\u00e9sifs\\\/domaines-dapplication\\\/ruban-adhesif-en-aluminium\\\/tesa-50575-ruban-adhesif-en-aluminium\\\/#primaryimage\"},\"image\":{\"@id\":\"https:\\\/\\\/cardinal-tapes.com\\\/fr\\\/rubans-adh\u00e9sifs\\\/domaines-dapplication\\\/ruban-adhesif-en-aluminium\\\/tesa-50575-ruban-adhesif-en-aluminium\\\/#primaryimage\"},\"thumbnailUrl\":\"https:\\\/\\\/cardinal-tapes.com\\\/wp-content\\\/uploads\\\/tesa-50575-pr-002172950_canvas1x1_6.jpg\",\"datePublished\":\"2023-06-05T15:27:32+00:00\",\"dateModified\":\"2025-07-03T13:46:34+00:00\",\"description\":\"Tesa 50575 est un ruban adh\u00e9sif en aluminium tr\u00e8s r\u00e9sistant compos\u00e9 d'une feuille d'aluminium de 80 \u00b5m et d'une masse adh\u00e9sive en acrylate. En savoir plus.\",\"breadcrumb\":{\"@id\":\"https:\\\/\\\/cardinal-tapes.com\\\/fr\\\/rubans-adh\u00e9sifs\\\/domaines-dapplication\\\/ruban-adhesif-en-aluminium\\\/tesa-50575-ruban-adhesif-en-aluminium\\\/#breadcrumb\"},\"inLanguage\":\"fr-FR\",\"potentialAction\":[{\"@type\":\"ReadAction\",\"target\":[\"https:\\\/\\\/cardinal-tapes.com\\\/fr\\\/rubans-adh\u00e9sifs\\\/domaines-dapplication\\\/ruban-adhesif-en-aluminium\\\/tesa-50575-ruban-adhesif-en-aluminium\\\/\"]}]},{\"@type\":\"ImageObject\",\"inLanguage\":\"fr-FR\",\"@id\":\"https:\\\/\\\/cardinal-tapes.com\\\/fr\\\/rubans-adh\u00e9sifs\\\/domaines-dapplication\\\/ruban-adhesif-en-aluminium\\\/tesa-50575-ruban-adhesif-en-aluminium\\\/#primaryimage\",\"url\":\"https:\\\/\\\/cardinal-tapes.com\\\/wp-content\\\/uploads\\\/tesa-50575-pr-002172950_canvas1x1_6.jpg\",\"contentUrl\":\"https:\\\/\\\/cardinal-tapes.com\\\/wp-content\\\/uploads\\\/tesa-50575-pr-002172950_canvas1x1_6.jpg\",\"width\":640,\"height\":640,\"caption\":\"tesa 50575\"},{\"@type\":\"BreadcrumbList\",\"@id\":\"https:\\\/\\\/cardinal-tapes.com\\\/fr\\\/rubans-adh\u00e9sifs\\\/domaines-dapplication\\\/ruban-adhesif-en-aluminium\\\/tesa-50575-ruban-adhesif-en-aluminium\\\/#breadcrumb\",\"itemListElement\":[{\"@type\":\"ListItem\",\"position\":1,\"name\":\"Startseite\",\"item\":\"https:\\\/\\\/cardinal-tapes.com\\\/fr\\\/accueil\\\/\"},{\"@type\":\"ListItem\",\"position\":2,\"name\":\"Rubans adh\u00e9sifs\",\"item\":\"https:\\\/\\\/cardinal-tapes.com\\\/fr\\\/rubans-adhesifs-fr\\\/\"},{\"@type\":\"ListItem\",\"position\":3,\"name\":\"Domaines d&#039;application\",\"item\":\"https:\\\/\\\/cardinal-tapes.com\\\/fr\\\/catgorie\\\/domaines-dapplication\\\/\"},{\"@type\":\"ListItem\",\"position\":4,\"name\":\"Ruban adh\u00e9sif en aluminium\",\"item\":\"https:\\\/\\\/cardinal-tapes.com\\\/fr\\\/catgorie\\\/ruban-adhesif-en-aluminium\\\/\"},{\"@type\":\"ListItem\",\"position\":5,\"name\":\"tesa\u00ae 50575 Ruban adh\u00e9sif en aluminium\"}]},{\"@type\":\"WebSite\",\"@id\":\"https:\\\/\\\/cardinal-tapes.com\\\/#website\",\"url\":\"https:\\\/\\\/cardinal-tapes.com\\\/\",\"name\":\"cardinal TAPES\",\"description\":\"Klebetechnik aus Wuppertal\",\"potentialAction\":[{\"@type\":\"SearchAction\",\"target\":{\"@type\":\"EntryPoint\",\"urlTemplate\":\"https:\\\/\\\/cardinal-tapes.com\\\/?s={search_term_string}\"},\"query-input\":{\"@type\":\"PropertyValueSpecification\",\"valueRequired\":true,\"valueName\":\"search_term_string\"}}],\"inLanguage\":\"fr-FR\"}]}<\/script>\n<!-- \/ Yoast SEO plugin. -->","yoast_head_json":{"title":"Tesa 50575 Ruban adh\u00e9sif en aluminium | Cardinal TAPES","description":"Tesa 50575 est un ruban adh\u00e9sif en aluminium tr\u00e8s r\u00e9sistant compos\u00e9 d'une feuille d'aluminium de 80 \u00b5m et d'une masse adh\u00e9sive en acrylate. En savoir plus.","robots":{"index":"index","follow":"follow","max-snippet":"max-snippet:-1","max-image-preview":"max-image-preview:large","max-video-preview":"max-video-preview:-1"},"canonical":"https:\/\/cardinal-tapes.com\/fr\/rubans-adh\u00e9sifs\/domaines-dapplication\/ruban-adhesif-en-aluminium\/tesa-50575-ruban-adhesif-en-aluminium\/","og_locale":"fr_FR","og_type":"article","og_title":"Tesa 50575 Ruban adh\u00e9sif en aluminium | Cardinal TAPES","og_description":"Tesa 50575 est un ruban adh\u00e9sif en aluminium tr\u00e8s r\u00e9sistant compos\u00e9 d'une feuille d'aluminium de 80 \u00b5m et d'une masse adh\u00e9sive en acrylate. En savoir plus.","og_url":"https:\/\/cardinal-tapes.com\/fr\/rubans-adh\u00e9sifs\/domaines-dapplication\/ruban-adhesif-en-aluminium\/tesa-50575-ruban-adhesif-en-aluminium\/","og_site_name":"cardinal TAPES","article_modified_time":"2025-07-03T13:46:34+00:00","og_image":[{"width":640,"height":640,"url":"https:\/\/cardinal-tapes.com\/wp-content\/uploads\/tesa-50575-pr-002172950_canvas1x1_6.jpg","type":"image\/jpeg"}],"twitter_card":"summary_large_image","twitter_misc":{"Dur\u00e9e de lecture estim\u00e9e":"1 minute"},"schema":{"@context":"https:\/\/schema.org","@graph":[{"@type":"WebPage","@id":"https:\/\/cardinal-tapes.com\/fr\/rubans-adh\u00e9sifs\/domaines-dapplication\/ruban-adhesif-en-aluminium\/tesa-50575-ruban-adhesif-en-aluminium\/","url":"https:\/\/cardinal-tapes.com\/fr\/rubans-adh\u00e9sifs\/domaines-dapplication\/ruban-adhesif-en-aluminium\/tesa-50575-ruban-adhesif-en-aluminium\/","name":"Tesa 50575 Ruban adh\u00e9sif en aluminium | Cardinal TAPES","isPartOf":{"@id":"https:\/\/cardinal-tapes.com\/#website"},"primaryImageOfPage":{"@id":"https:\/\/cardinal-tapes.com\/fr\/rubans-adh\u00e9sifs\/domaines-dapplication\/ruban-adhesif-en-aluminium\/tesa-50575-ruban-adhesif-en-aluminium\/#primaryimage"},"image":{"@id":"https:\/\/cardinal-tapes.com\/fr\/rubans-adh\u00e9sifs\/domaines-dapplication\/ruban-adhesif-en-aluminium\/tesa-50575-ruban-adhesif-en-aluminium\/#primaryimage"},"thumbnailUrl":"https:\/\/cardinal-tapes.com\/wp-content\/uploads\/tesa-50575-pr-002172950_canvas1x1_6.jpg","datePublished":"2023-06-05T15:27:32+00:00","dateModified":"2025-07-03T13:46:34+00:00","description":"Tesa 50575 est un ruban adh\u00e9sif en aluminium tr\u00e8s r\u00e9sistant compos\u00e9 d'une feuille d'aluminium de 80 \u00b5m et d'une masse adh\u00e9sive en acrylate. En savoir plus.","breadcrumb":{"@id":"https:\/\/cardinal-tapes.com\/fr\/rubans-adh\u00e9sifs\/domaines-dapplication\/ruban-adhesif-en-aluminium\/tesa-50575-ruban-adhesif-en-aluminium\/#breadcrumb"},"inLanguage":"fr-FR","potentialAction":[{"@type":"ReadAction","target":["https:\/\/cardinal-tapes.com\/fr\/rubans-adh\u00e9sifs\/domaines-dapplication\/ruban-adhesif-en-aluminium\/tesa-50575-ruban-adhesif-en-aluminium\/"]}]},{"@type":"ImageObject","inLanguage":"fr-FR","@id":"https:\/\/cardinal-tapes.com\/fr\/rubans-adh\u00e9sifs\/domaines-dapplication\/ruban-adhesif-en-aluminium\/tesa-50575-ruban-adhesif-en-aluminium\/#primaryimage","url":"https:\/\/cardinal-tapes.com\/wp-content\/uploads\/tesa-50575-pr-002172950_canvas1x1_6.jpg","contentUrl":"https:\/\/cardinal-tapes.com\/wp-content\/uploads\/tesa-50575-pr-002172950_canvas1x1_6.jpg","width":640,"height":640,"caption":"tesa 50575"},{"@type":"BreadcrumbList","@id":"https:\/\/cardinal-tapes.com\/fr\/rubans-adh\u00e9sifs\/domaines-dapplication\/ruban-adhesif-en-aluminium\/tesa-50575-ruban-adhesif-en-aluminium\/#breadcrumb","itemListElement":[{"@type":"ListItem","position":1,"name":"Startseite","item":"https:\/\/cardinal-tapes.com\/fr\/accueil\/"},{"@type":"ListItem","position":2,"name":"Rubans adh\u00e9sifs","item":"https:\/\/cardinal-tapes.com\/fr\/rubans-adhesifs-fr\/"},{"@type":"ListItem","position":3,"name":"Domaines d&#039;application","item":"https:\/\/cardinal-tapes.com\/fr\/catgorie\/domaines-dapplication\/"},{"@type":"ListItem","position":4,"name":"Ruban adh\u00e9sif en aluminium","item":"https:\/\/cardinal-tapes.com\/fr\/catgorie\/ruban-adhesif-en-aluminium\/"},{"@type":"ListItem","position":5,"name":"tesa\u00ae 50575 Ruban adh\u00e9sif en aluminium"}]},{"@type":"WebSite","@id":"https:\/\/cardinal-tapes.com\/#website","url":"https:\/\/cardinal-tapes.com\/","name":"cardinal TAPES","description":"Klebetechnik aus Wuppertal","potentialAction":[{"@type":"SearchAction","target":{"@type":"EntryPoint","urlTemplate":"https:\/\/cardinal-tapes.com\/?s={search_term_string}"},"query-input":{"@type":"PropertyValueSpecification","valueRequired":true,"valueName":"search_term_string"}}],"inLanguage":"fr-FR"}]}},"brands":[{"id":2165,"name":"tesa","slug":"tesa-fr"}],"_links":{"self":[{"href":"https:\/\/cardinal-tapes.com\/fr\/wp-json\/wp\/v2\/product\/58496","targetHints":{"allow":["GET"]}}],"collection":[{"href":"https:\/\/cardinal-tapes.com\/fr\/wp-json\/wp\/v2\/product"}],"about":[{"href":"https:\/\/cardinal-tapes.com\/fr\/wp-json\/wp\/v2\/types\/product"}],"wp:featuredmedia":[{"embeddable":true,"href":"https:\/\/cardinal-tapes.com\/fr\/wp-json\/wp\/v2\/media\/26024"}],"wp:attachment":[{"href":"https:\/\/cardinal-tapes.com\/fr\/wp-json\/wp\/v2\/media?parent=58496"}],"wp:term":[{"taxonomy":"pwb-brand","embeddable":true,"href":"https:\/\/cardinal-tapes.com\/fr\/wp-json\/wp\/v2\/pwb-brand?post=58496"},{"taxonomy":"product_brand","embeddable":true,"href":"https:\/\/cardinal-tapes.com\/fr\/wp-json\/wp\/v2\/product_brand?post=58496"},{"taxonomy":"product_cat","embeddable":true,"href":"https:\/\/cardinal-tapes.com\/fr\/wp-json\/wp\/v2\/product_cat?post=58496"},{"taxonomy":"product_tag","embeddable":true,"href":"https:\/\/cardinal-tapes.com\/fr\/wp-json\/wp\/v2\/product_tag?post=58496"}],"curies":[{"name":"wp","href":"https:\/\/api.w.org\/{rel}","templated":true}]}}