{"id":58395,"date":"2018-02-20T09:35:33","date_gmt":"2023-06-05T15:27:30","guid":{"rendered":"https:\/\/cardinal.pixel-tal.de\/klebebaender\/non%20class\u00e9\/tesa-51026-ruban-en-tissu-pet\/"},"modified":"2025-07-03T15:35:12","modified_gmt":"2025-07-03T13:35:12","slug":"tesa-51026-pet-gewebeband","status":"publish","type":"product","link":"https:\/\/cardinal-tapes.com\/fr\/rubans-adh\u00e9sifs\/rubans-adhesifs-simple-face\/tesa-51026-pet-gewebeband\/","title":{"rendered":"tesa\u00ae 51026 Ruban en tissu PET"},"content":{"rendered":"<p><span class=\"lowercase\">tesa\u00ae 51026 est unruban en tissu PET noir tr\u00e8s<\/span>r\u00e9sistant \u00e0 l&#8217;abrasion avec une masse adh\u00e9sive acrylique, utilis\u00e9 principalement dans la construction automobile.<\/p>\n<p><strong>Caract\u00e9ristiques<\/strong><br \/>\n&#8211; Haute r\u00e9sistance \u00e0 la temp\u00e9rature 150\u00b0C \/ 3000h<br \/>\n&#8211; R\u00e9sistant au vieillissement, \u00e0 la d\u00e9composition et aux UV<br \/>\n&#8211; Flexible, tr\u00e8s r\u00e9sistant \u00e0 la d\u00e9chirure<br \/>\n&#8211; Sans halog\u00e8ne<\/p>\n<p><strong>Applications<\/strong><br \/>\n&#8211; Enroulement de faisceaux de c\u00e2bles du compartiment moteur.<\/p>\n","protected":false},"excerpt":{"rendered":"<p>tesa\u00ae 51026 est unruban en tissu PET noir tr\u00e8sr\u00e9sistant \u00e0 l&#8217;abrasion avec une masse adh\u00e9sive acrylique, utilis\u00e9 principalement dans la construction automobile. Caract\u00e9ristiques &#8211; Haute r\u00e9sistance \u00e0 la temp\u00e9rature 150\u00b0C \/ 3000h &#8211; R\u00e9sistant au vieillissement, \u00e0 la d\u00e9composition et aux UV &#8211; Flexible, tr\u00e8s r\u00e9sistant \u00e0 la d\u00e9chirure &#8211; Sans halog\u00e8ne Applications &#8211; Enroulement [&hellip;]<\/p>\n","protected":false},"featured_media":26048,"template":"","meta":{"_acf_changed":false},"pwb-brand":[2165],"product_brand":[],"product_cat":[1836],"product_tag":[],"class_list":{"0":"post-58395","1":"product","2":"type-product","3":"status-publish","4":"has-post-thumbnail","6":"pwb-brand-tesa-fr","7":"product_cat-rubans-adhesifs-simple-face","9":"first","10":"instock","11":"taxable","12":"shipping-taxable","13":"purchasable","14":"product-type-variable"},"acf":[],"yoast_head":"<!-- This site is optimized with the Yoast SEO plugin v27.3 - https:\/\/yoast.com\/product\/yoast-seo-wordpress\/ -->\n<title>Tesa 51026 Ruban en tissu PET | Cardinal TAPES<\/title>\n<meta name=\"description\" content=\"Le Tesa 51026 est un ruban en tissu PET tr\u00e8s r\u00e9sistant \u00e0 la temp\u00e9rature. De plus, il est r\u00e9sistant au vieillissement, \u00e0 la d\u00e9composition et aux UV.\" \/>\n<meta name=\"robots\" content=\"index, follow, max-snippet:-1, max-image-preview:large, max-video-preview:-1\" \/>\n<link rel=\"canonical\" href=\"https:\/\/cardinal-tapes.com\/fr\/rubans-adh\u00e9sifs\/rubans-adhesifs-simple-face\/tesa-51026-pet-gewebeband\/\" \/>\n<meta property=\"og:locale\" content=\"fr_FR\" \/>\n<meta property=\"og:type\" content=\"article\" \/>\n<meta property=\"og:title\" content=\"Tesa 51026 Ruban en tissu PET | Cardinal TAPES\" \/>\n<meta property=\"og:description\" content=\"Le Tesa 51026 est un ruban en tissu PET tr\u00e8s r\u00e9sistant \u00e0 la temp\u00e9rature. De plus, il est r\u00e9sistant au vieillissement, \u00e0 la d\u00e9composition et aux UV.\" \/>\n<meta property=\"og:url\" content=\"https:\/\/cardinal-tapes.com\/fr\/rubans-adh\u00e9sifs\/rubans-adhesifs-simple-face\/tesa-51026-pet-gewebeband\/\" \/>\n<meta property=\"og:site_name\" content=\"cardinal TAPES\" \/>\n<meta property=\"article:modified_time\" content=\"2025-07-03T13:35:12+00:00\" \/>\n<meta property=\"og:image\" content=\"https:\/\/cardinal-tapes.com\/wp-content\/uploads\/tesa-51026-pr-001458483_canvas1x1_6.jpg\" \/>\n\t<meta property=\"og:image:width\" content=\"640\" \/>\n\t<meta property=\"og:image:height\" content=\"427\" \/>\n\t<meta property=\"og:image:type\" content=\"image\/jpeg\" \/>\n<meta name=\"twitter:card\" content=\"summary_large_image\" \/>\n<script type=\"application\/ld+json\" class=\"yoast-schema-graph\">{\"@context\":\"https:\\\/\\\/schema.org\",\"@graph\":[{\"@type\":\"WebPage\",\"@id\":\"https:\\\/\\\/cardinal-tapes.com\\\/fr\\\/rubans-adh\u00e9sifs\\\/rubans-adhesifs-simple-face\\\/tesa-51026-pet-gewebeband\\\/\",\"url\":\"https:\\\/\\\/cardinal-tapes.com\\\/fr\\\/rubans-adh\u00e9sifs\\\/rubans-adhesifs-simple-face\\\/tesa-51026-pet-gewebeband\\\/\",\"name\":\"Tesa 51026 Ruban en tissu PET | Cardinal TAPES\",\"isPartOf\":{\"@id\":\"https:\\\/\\\/cardinal-tapes.com\\\/#website\"},\"primaryImageOfPage\":{\"@id\":\"https:\\\/\\\/cardinal-tapes.com\\\/fr\\\/rubans-adh\u00e9sifs\\\/rubans-adhesifs-simple-face\\\/tesa-51026-pet-gewebeband\\\/#primaryimage\"},\"image\":{\"@id\":\"https:\\\/\\\/cardinal-tapes.com\\\/fr\\\/rubans-adh\u00e9sifs\\\/rubans-adhesifs-simple-face\\\/tesa-51026-pet-gewebeband\\\/#primaryimage\"},\"thumbnailUrl\":\"https:\\\/\\\/cardinal-tapes.com\\\/wp-content\\\/uploads\\\/tesa-51026-pr-001458483_canvas1x1_6.jpg\",\"datePublished\":\"2023-06-05T15:27:30+00:00\",\"dateModified\":\"2025-07-03T13:35:12+00:00\",\"description\":\"Le Tesa 51026 est un ruban en tissu PET tr\u00e8s r\u00e9sistant \u00e0 la temp\u00e9rature. De plus, il est r\u00e9sistant au vieillissement, \u00e0 la d\u00e9composition et aux UV.\",\"breadcrumb\":{\"@id\":\"https:\\\/\\\/cardinal-tapes.com\\\/fr\\\/rubans-adh\u00e9sifs\\\/rubans-adhesifs-simple-face\\\/tesa-51026-pet-gewebeband\\\/#breadcrumb\"},\"inLanguage\":\"fr-FR\",\"potentialAction\":[{\"@type\":\"ReadAction\",\"target\":[\"https:\\\/\\\/cardinal-tapes.com\\\/fr\\\/rubans-adh\u00e9sifs\\\/rubans-adhesifs-simple-face\\\/tesa-51026-pet-gewebeband\\\/\"]}]},{\"@type\":\"ImageObject\",\"inLanguage\":\"fr-FR\",\"@id\":\"https:\\\/\\\/cardinal-tapes.com\\\/fr\\\/rubans-adh\u00e9sifs\\\/rubans-adhesifs-simple-face\\\/tesa-51026-pet-gewebeband\\\/#primaryimage\",\"url\":\"https:\\\/\\\/cardinal-tapes.com\\\/wp-content\\\/uploads\\\/tesa-51026-pr-001458483_canvas1x1_6.jpg\",\"contentUrl\":\"https:\\\/\\\/cardinal-tapes.com\\\/wp-content\\\/uploads\\\/tesa-51026-pr-001458483_canvas1x1_6.jpg\",\"width\":640,\"height\":427,\"caption\":\"tesa 51026\"},{\"@type\":\"BreadcrumbList\",\"@id\":\"https:\\\/\\\/cardinal-tapes.com\\\/fr\\\/rubans-adh\u00e9sifs\\\/rubans-adhesifs-simple-face\\\/tesa-51026-pet-gewebeband\\\/#breadcrumb\",\"itemListElement\":[{\"@type\":\"ListItem\",\"position\":1,\"name\":\"Startseite\",\"item\":\"https:\\\/\\\/cardinal-tapes.com\\\/fr\\\/accueil\\\/\"},{\"@type\":\"ListItem\",\"position\":2,\"name\":\"Rubans adh\u00e9sifs\",\"item\":\"https:\\\/\\\/cardinal-tapes.com\\\/fr\\\/rubans-adhesifs-fr\\\/\"},{\"@type\":\"ListItem\",\"position\":3,\"name\":\"Rubans adh\u00e9sifs simple face\",\"item\":\"https:\\\/\\\/cardinal-tapes.com\\\/fr\\\/catgorie\\\/rubans-adhesifs-simple-face\\\/\"},{\"@type\":\"ListItem\",\"position\":4,\"name\":\"tesa\u00ae 51026 Ruban en tissu PET\"}]},{\"@type\":\"WebSite\",\"@id\":\"https:\\\/\\\/cardinal-tapes.com\\\/#website\",\"url\":\"https:\\\/\\\/cardinal-tapes.com\\\/\",\"name\":\"cardinal TAPES\",\"description\":\"Klebetechnik aus Wuppertal\",\"potentialAction\":[{\"@type\":\"SearchAction\",\"target\":{\"@type\":\"EntryPoint\",\"urlTemplate\":\"https:\\\/\\\/cardinal-tapes.com\\\/?s={search_term_string}\"},\"query-input\":{\"@type\":\"PropertyValueSpecification\",\"valueRequired\":true,\"valueName\":\"search_term_string\"}}],\"inLanguage\":\"fr-FR\"}]}<\/script>\n<!-- \/ Yoast SEO plugin. -->","yoast_head_json":{"title":"Tesa 51026 Ruban en tissu PET | Cardinal TAPES","description":"Le Tesa 51026 est un ruban en tissu PET tr\u00e8s r\u00e9sistant \u00e0 la temp\u00e9rature. De plus, il est r\u00e9sistant au vieillissement, \u00e0 la d\u00e9composition et aux UV.","robots":{"index":"index","follow":"follow","max-snippet":"max-snippet:-1","max-image-preview":"max-image-preview:large","max-video-preview":"max-video-preview:-1"},"canonical":"https:\/\/cardinal-tapes.com\/fr\/rubans-adh\u00e9sifs\/rubans-adhesifs-simple-face\/tesa-51026-pet-gewebeband\/","og_locale":"fr_FR","og_type":"article","og_title":"Tesa 51026 Ruban en tissu PET | Cardinal TAPES","og_description":"Le Tesa 51026 est un ruban en tissu PET tr\u00e8s r\u00e9sistant \u00e0 la temp\u00e9rature. De plus, il est r\u00e9sistant au vieillissement, \u00e0 la d\u00e9composition et aux UV.","og_url":"https:\/\/cardinal-tapes.com\/fr\/rubans-adh\u00e9sifs\/rubans-adhesifs-simple-face\/tesa-51026-pet-gewebeband\/","og_site_name":"cardinal TAPES","article_modified_time":"2025-07-03T13:35:12+00:00","og_image":[{"width":640,"height":427,"url":"https:\/\/cardinal-tapes.com\/wp-content\/uploads\/tesa-51026-pr-001458483_canvas1x1_6.jpg","type":"image\/jpeg"}],"twitter_card":"summary_large_image","schema":{"@context":"https:\/\/schema.org","@graph":[{"@type":"WebPage","@id":"https:\/\/cardinal-tapes.com\/fr\/rubans-adh\u00e9sifs\/rubans-adhesifs-simple-face\/tesa-51026-pet-gewebeband\/","url":"https:\/\/cardinal-tapes.com\/fr\/rubans-adh\u00e9sifs\/rubans-adhesifs-simple-face\/tesa-51026-pet-gewebeband\/","name":"Tesa 51026 Ruban en tissu PET | Cardinal TAPES","isPartOf":{"@id":"https:\/\/cardinal-tapes.com\/#website"},"primaryImageOfPage":{"@id":"https:\/\/cardinal-tapes.com\/fr\/rubans-adh\u00e9sifs\/rubans-adhesifs-simple-face\/tesa-51026-pet-gewebeband\/#primaryimage"},"image":{"@id":"https:\/\/cardinal-tapes.com\/fr\/rubans-adh\u00e9sifs\/rubans-adhesifs-simple-face\/tesa-51026-pet-gewebeband\/#primaryimage"},"thumbnailUrl":"https:\/\/cardinal-tapes.com\/wp-content\/uploads\/tesa-51026-pr-001458483_canvas1x1_6.jpg","datePublished":"2023-06-05T15:27:30+00:00","dateModified":"2025-07-03T13:35:12+00:00","description":"Le Tesa 51026 est un ruban en tissu PET tr\u00e8s r\u00e9sistant \u00e0 la temp\u00e9rature. De plus, il est r\u00e9sistant au vieillissement, \u00e0 la d\u00e9composition et aux UV.","breadcrumb":{"@id":"https:\/\/cardinal-tapes.com\/fr\/rubans-adh\u00e9sifs\/rubans-adhesifs-simple-face\/tesa-51026-pet-gewebeband\/#breadcrumb"},"inLanguage":"fr-FR","potentialAction":[{"@type":"ReadAction","target":["https:\/\/cardinal-tapes.com\/fr\/rubans-adh\u00e9sifs\/rubans-adhesifs-simple-face\/tesa-51026-pet-gewebeband\/"]}]},{"@type":"ImageObject","inLanguage":"fr-FR","@id":"https:\/\/cardinal-tapes.com\/fr\/rubans-adh\u00e9sifs\/rubans-adhesifs-simple-face\/tesa-51026-pet-gewebeband\/#primaryimage","url":"https:\/\/cardinal-tapes.com\/wp-content\/uploads\/tesa-51026-pr-001458483_canvas1x1_6.jpg","contentUrl":"https:\/\/cardinal-tapes.com\/wp-content\/uploads\/tesa-51026-pr-001458483_canvas1x1_6.jpg","width":640,"height":427,"caption":"tesa 51026"},{"@type":"BreadcrumbList","@id":"https:\/\/cardinal-tapes.com\/fr\/rubans-adh\u00e9sifs\/rubans-adhesifs-simple-face\/tesa-51026-pet-gewebeband\/#breadcrumb","itemListElement":[{"@type":"ListItem","position":1,"name":"Startseite","item":"https:\/\/cardinal-tapes.com\/fr\/accueil\/"},{"@type":"ListItem","position":2,"name":"Rubans adh\u00e9sifs","item":"https:\/\/cardinal-tapes.com\/fr\/rubans-adhesifs-fr\/"},{"@type":"ListItem","position":3,"name":"Rubans adh\u00e9sifs simple face","item":"https:\/\/cardinal-tapes.com\/fr\/catgorie\/rubans-adhesifs-simple-face\/"},{"@type":"ListItem","position":4,"name":"tesa\u00ae 51026 Ruban en tissu PET"}]},{"@type":"WebSite","@id":"https:\/\/cardinal-tapes.com\/#website","url":"https:\/\/cardinal-tapes.com\/","name":"cardinal TAPES","description":"Klebetechnik aus Wuppertal","potentialAction":[{"@type":"SearchAction","target":{"@type":"EntryPoint","urlTemplate":"https:\/\/cardinal-tapes.com\/?s={search_term_string}"},"query-input":{"@type":"PropertyValueSpecification","valueRequired":true,"valueName":"search_term_string"}}],"inLanguage":"fr-FR"}]}},"brands":[{"id":2165,"name":"tesa","slug":"tesa-fr"}],"_links":{"self":[{"href":"https:\/\/cardinal-tapes.com\/fr\/wp-json\/wp\/v2\/product\/58395","targetHints":{"allow":["GET"]}}],"collection":[{"href":"https:\/\/cardinal-tapes.com\/fr\/wp-json\/wp\/v2\/product"}],"about":[{"href":"https:\/\/cardinal-tapes.com\/fr\/wp-json\/wp\/v2\/types\/product"}],"wp:featuredmedia":[{"embeddable":true,"href":"https:\/\/cardinal-tapes.com\/fr\/wp-json\/wp\/v2\/media\/26048"}],"wp:attachment":[{"href":"https:\/\/cardinal-tapes.com\/fr\/wp-json\/wp\/v2\/media?parent=58395"}],"wp:term":[{"taxonomy":"pwb-brand","embeddable":true,"href":"https:\/\/cardinal-tapes.com\/fr\/wp-json\/wp\/v2\/pwb-brand?post=58395"},{"taxonomy":"product_brand","embeddable":true,"href":"https:\/\/cardinal-tapes.com\/fr\/wp-json\/wp\/v2\/product_brand?post=58395"},{"taxonomy":"product_cat","embeddable":true,"href":"https:\/\/cardinal-tapes.com\/fr\/wp-json\/wp\/v2\/product_cat?post=58395"},{"taxonomy":"product_tag","embeddable":true,"href":"https:\/\/cardinal-tapes.com\/fr\/wp-json\/wp\/v2\/product_tag?post=58395"}],"curies":[{"name":"wp","href":"https:\/\/api.w.org\/{rel}","templated":true}]}}