{"id":58115,"date":"2018-02-20T09:49:18","date_gmt":"2023-06-05T15:27:27","guid":{"rendered":"https:\/\/cardinal.pixel-tal.de\/klebebaender\/non class\u00e9\/tesa-60760-ruban-de-marquage-au-sol-davertissement\/"},"modified":"2023-06-05T17:27:27","modified_gmt":"2023-06-05T15:27:27","slug":"tesa-60760-bande-de-signalisation-au-sol","status":"publish","type":"product","link":"https:\/\/cardinal-tapes.com\/fr\/rubans-adh\u00e9sifs\/domaines-dapplication\/ruban-adhesif-de-marquage-au-sol\/tesa-60760-bande-de-signalisation-au-sol\/","title":{"rendered":"tesa\u00ae 60760 Ruban de marquage au sol &amp; d&#8217;avertissement"},"content":{"rendered":"<section class=\"component js-toc-target\" data-style=\"components\/article-text\" data-toc-name=\"pages-product-product-description\">\n<div class=\"row\">\n<div class=\"col-default-12 col-sm-9\">\n<p><sup>tesa\u00ae<\/sup> 60760 est un ruban adh\u00e9sif robuste en PVC souple, dot\u00e9 d&#8217;une masse adh\u00e9sive en caoutchouc naturel modifi\u00e9, qui garantit un bon pouvoir adh\u00e9sif sur la plupart des supports. Le ruban adh\u00e9sif est parfaitement adapt\u00e9 \u00e0 la signalisation temporaire des dangers ainsi qu&#8217;au marquage de tout type d&#8217;objets mobiles ou fixes. Disponible en 7 couleurs &#8211; convient comme ruban de marquage ou d&#8217;avertissement selon le choix de la couleur et l&#8217;application.<\/p>\n<p><strong>Caract\u00e9ristiques<\/strong><br \/>\n&#8211; Bonne r\u00e9sistance au cisaillement<br \/>\n&#8211; Convient aux surfaces rugueuses<\/p>\n<p><strong>Applications<\/strong><br \/>\n&#8211; Signalisation temporaire et g\u00e9n\u00e9rale des dangers<br \/>\n&#8211; Marquage d&#8217;objets mobiles et fixes<br \/>\n&#8211; convient surtout pour l&#8217;int\u00e9rieur<\/p>\n<\/div>\n<\/div>\n<\/section>\n","protected":false},"excerpt":{"rendered":"<p>tesa\u00ae 60760 est un ruban adh\u00e9sif robuste en PVC souple, dot\u00e9 d&#8217;une masse adh\u00e9sive en caoutchouc naturel modifi\u00e9, qui garantit un bon pouvoir adh\u00e9sif sur la plupart des supports. Le ruban adh\u00e9sif est parfaitement adapt\u00e9 \u00e0 la signalisation temporaire des dangers ainsi qu&#8217;au marquage de tout type d&#8217;objets mobiles ou fixes. Disponible en 7 couleurs [&hellip;]<\/p>\n","protected":false},"featured_media":26064,"template":"","meta":{"_acf_changed":false},"pwb-brand":[2165],"product_brand":[],"product_cat":[1671,1836],"product_tag":[],"class_list":{"0":"post-58115","1":"product","2":"type-product","3":"status-publish","4":"has-post-thumbnail","6":"pwb-brand-tesa-fr","7":"product_cat-ruban-adhesif-de-marquage-au-sol","8":"product_cat-rubans-adhesifs-simple-face","10":"first","11":"instock","12":"taxable","13":"shipping-taxable","14":"purchasable","15":"product-type-variable"},"acf":[],"yoast_head":"<!-- This site is optimized with the Yoast SEO plugin v27.3 - https:\/\/yoast.com\/product\/yoast-seo-wordpress\/ -->\n<title>Tesa 60760 Ruban de marquage au sol &amp; d&#039;avertissement | Cardinal TAPES<\/title>\n<meta name=\"description\" content=\"Tesa 60760 est un ruban adh\u00e9sif robuste en PVC souple. Il poss\u00e8de un bon pouvoir adh\u00e9sif sur la plupart des supports. En savoir plus.\" \/>\n<meta name=\"robots\" content=\"index, follow, max-snippet:-1, max-image-preview:large, max-video-preview:-1\" \/>\n<link rel=\"canonical\" href=\"https:\/\/cardinal-tapes.com\/fr\/rubans-adh\u00e9sifs\/ruban-adhesif-de-marquage-au-sol\/tesa-60760-bande-de-signalisation-au-sol\/\" \/>\n<meta property=\"og:locale\" content=\"fr_FR\" \/>\n<meta property=\"og:type\" content=\"article\" \/>\n<meta property=\"og:title\" content=\"Tesa 60760 Ruban de marquage au sol &amp; d&#039;avertissement | Cardinal TAPES\" \/>\n<meta property=\"og:description\" content=\"Tesa 60760 est un ruban adh\u00e9sif robuste en PVC souple. Il poss\u00e8de un bon pouvoir adh\u00e9sif sur la plupart des supports. En savoir plus.\" \/>\n<meta property=\"og:url\" content=\"https:\/\/cardinal-tapes.com\/fr\/rubans-adh\u00e9sifs\/ruban-adhesif-de-marquage-au-sol\/tesa-60760-bande-de-signalisation-au-sol\/\" \/>\n<meta property=\"og:site_name\" content=\"cardinal TAPES\" \/>\n<meta property=\"og:image\" content=\"https:\/\/cardinal-tapes.com\/wp-content\/uploads\/tesa-60760-as-001-fullsize171958_canvas1x1_6.jpg\" \/>\n\t<meta property=\"og:image:width\" content=\"640\" \/>\n\t<meta property=\"og:image:height\" content=\"453\" \/>\n\t<meta property=\"og:image:type\" content=\"image\/jpeg\" \/>\n<meta name=\"twitter:card\" content=\"summary_large_image\" \/>\n<meta name=\"twitter:label1\" content=\"Dur\u00e9e de lecture estim\u00e9e\" \/>\n\t<meta name=\"twitter:data1\" content=\"1 minute\" \/>\n<script type=\"application\/ld+json\" class=\"yoast-schema-graph\">{\"@context\":\"https:\\\/\\\/schema.org\",\"@graph\":[{\"@type\":\"WebPage\",\"@id\":\"https:\\\/\\\/cardinal-tapes.com\\\/fr\\\/rubans-adh\u00e9sifs\\\/ruban-adhesif-de-marquage-au-sol\\\/tesa-60760-bande-de-signalisation-au-sol\\\/\",\"url\":\"https:\\\/\\\/cardinal-tapes.com\\\/fr\\\/rubans-adh\u00e9sifs\\\/ruban-adhesif-de-marquage-au-sol\\\/tesa-60760-bande-de-signalisation-au-sol\\\/\",\"name\":\"Tesa 60760 Ruban de marquage au sol & d'avertissement | Cardinal TAPES\",\"isPartOf\":{\"@id\":\"https:\\\/\\\/cardinal-tapes.com\\\/#website\"},\"primaryImageOfPage\":{\"@id\":\"https:\\\/\\\/cardinal-tapes.com\\\/fr\\\/rubans-adh\u00e9sifs\\\/ruban-adhesif-de-marquage-au-sol\\\/tesa-60760-bande-de-signalisation-au-sol\\\/#primaryimage\"},\"image\":{\"@id\":\"https:\\\/\\\/cardinal-tapes.com\\\/fr\\\/rubans-adh\u00e9sifs\\\/ruban-adhesif-de-marquage-au-sol\\\/tesa-60760-bande-de-signalisation-au-sol\\\/#primaryimage\"},\"thumbnailUrl\":\"https:\\\/\\\/cardinal-tapes.com\\\/wp-content\\\/uploads\\\/tesa-60760-as-001-fullsize171958_canvas1x1_6.jpg\",\"datePublished\":\"2023-06-05T15:27:27+00:00\",\"description\":\"Tesa 60760 est un ruban adh\u00e9sif robuste en PVC souple. Il poss\u00e8de un bon pouvoir adh\u00e9sif sur la plupart des supports. En savoir plus.\",\"breadcrumb\":{\"@id\":\"https:\\\/\\\/cardinal-tapes.com\\\/fr\\\/rubans-adh\u00e9sifs\\\/ruban-adhesif-de-marquage-au-sol\\\/tesa-60760-bande-de-signalisation-au-sol\\\/#breadcrumb\"},\"inLanguage\":\"fr-FR\",\"potentialAction\":[{\"@type\":\"ReadAction\",\"target\":[\"https:\\\/\\\/cardinal-tapes.com\\\/fr\\\/rubans-adh\u00e9sifs\\\/ruban-adhesif-de-marquage-au-sol\\\/tesa-60760-bande-de-signalisation-au-sol\\\/\"]}]},{\"@type\":\"ImageObject\",\"inLanguage\":\"fr-FR\",\"@id\":\"https:\\\/\\\/cardinal-tapes.com\\\/fr\\\/rubans-adh\u00e9sifs\\\/ruban-adhesif-de-marquage-au-sol\\\/tesa-60760-bande-de-signalisation-au-sol\\\/#primaryimage\",\"url\":\"https:\\\/\\\/cardinal-tapes.com\\\/wp-content\\\/uploads\\\/tesa-60760-as-001-fullsize171958_canvas1x1_6.jpg\",\"contentUrl\":\"https:\\\/\\\/cardinal-tapes.com\\\/wp-content\\\/uploads\\\/tesa-60760-as-001-fullsize171958_canvas1x1_6.jpg\",\"width\":640,\"height\":453,\"caption\":\"tesa 60760\"},{\"@type\":\"BreadcrumbList\",\"@id\":\"https:\\\/\\\/cardinal-tapes.com\\\/fr\\\/rubans-adh\u00e9sifs\\\/ruban-adhesif-de-marquage-au-sol\\\/tesa-60760-bande-de-signalisation-au-sol\\\/#breadcrumb\",\"itemListElement\":[{\"@type\":\"ListItem\",\"position\":1,\"name\":\"Startseite\",\"item\":\"https:\\\/\\\/cardinal-tapes.com\\\/fr\\\/accueil\\\/\"},{\"@type\":\"ListItem\",\"position\":2,\"name\":\"Rubans adh\u00e9sifs\",\"item\":\"https:\\\/\\\/cardinal-tapes.com\\\/fr\\\/rubans-adhesifs-fr\\\/\"},{\"@type\":\"ListItem\",\"position\":3,\"name\":\"Ruban adh\u00e9sif de marquage au sol\",\"item\":\"https:\\\/\\\/cardinal-tapes.com\\\/fr\\\/catgorie\\\/ruban-adhesif-de-marquage-au-sol\\\/\"},{\"@type\":\"ListItem\",\"position\":4,\"name\":\"tesa\u00ae 60760 Ruban de marquage au sol &amp; d&rsquo;avertissement\"}]},{\"@type\":\"WebSite\",\"@id\":\"https:\\\/\\\/cardinal-tapes.com\\\/#website\",\"url\":\"https:\\\/\\\/cardinal-tapes.com\\\/\",\"name\":\"cardinal TAPES\",\"description\":\"Klebetechnik aus Wuppertal\",\"potentialAction\":[{\"@type\":\"SearchAction\",\"target\":{\"@type\":\"EntryPoint\",\"urlTemplate\":\"https:\\\/\\\/cardinal-tapes.com\\\/?s={search_term_string}\"},\"query-input\":{\"@type\":\"PropertyValueSpecification\",\"valueRequired\":true,\"valueName\":\"search_term_string\"}}],\"inLanguage\":\"fr-FR\"}]}<\/script>\n<!-- \/ Yoast SEO plugin. -->","yoast_head_json":{"title":"Tesa 60760 Ruban de marquage au sol & d'avertissement | Cardinal TAPES","description":"Tesa 60760 est un ruban adh\u00e9sif robuste en PVC souple. Il poss\u00e8de un bon pouvoir adh\u00e9sif sur la plupart des supports. En savoir plus.","robots":{"index":"index","follow":"follow","max-snippet":"max-snippet:-1","max-image-preview":"max-image-preview:large","max-video-preview":"max-video-preview:-1"},"canonical":"https:\/\/cardinal-tapes.com\/fr\/rubans-adh\u00e9sifs\/ruban-adhesif-de-marquage-au-sol\/tesa-60760-bande-de-signalisation-au-sol\/","og_locale":"fr_FR","og_type":"article","og_title":"Tesa 60760 Ruban de marquage au sol & d'avertissement | Cardinal TAPES","og_description":"Tesa 60760 est un ruban adh\u00e9sif robuste en PVC souple. Il poss\u00e8de un bon pouvoir adh\u00e9sif sur la plupart des supports. En savoir plus.","og_url":"https:\/\/cardinal-tapes.com\/fr\/rubans-adh\u00e9sifs\/ruban-adhesif-de-marquage-au-sol\/tesa-60760-bande-de-signalisation-au-sol\/","og_site_name":"cardinal TAPES","og_image":[{"width":640,"height":453,"url":"https:\/\/cardinal-tapes.com\/wp-content\/uploads\/tesa-60760-as-001-fullsize171958_canvas1x1_6.jpg","type":"image\/jpeg"}],"twitter_card":"summary_large_image","twitter_misc":{"Dur\u00e9e de lecture estim\u00e9e":"1 minute"},"schema":{"@context":"https:\/\/schema.org","@graph":[{"@type":"WebPage","@id":"https:\/\/cardinal-tapes.com\/fr\/rubans-adh\u00e9sifs\/ruban-adhesif-de-marquage-au-sol\/tesa-60760-bande-de-signalisation-au-sol\/","url":"https:\/\/cardinal-tapes.com\/fr\/rubans-adh\u00e9sifs\/ruban-adhesif-de-marquage-au-sol\/tesa-60760-bande-de-signalisation-au-sol\/","name":"Tesa 60760 Ruban de marquage au sol & d'avertissement | Cardinal TAPES","isPartOf":{"@id":"https:\/\/cardinal-tapes.com\/#website"},"primaryImageOfPage":{"@id":"https:\/\/cardinal-tapes.com\/fr\/rubans-adh\u00e9sifs\/ruban-adhesif-de-marquage-au-sol\/tesa-60760-bande-de-signalisation-au-sol\/#primaryimage"},"image":{"@id":"https:\/\/cardinal-tapes.com\/fr\/rubans-adh\u00e9sifs\/ruban-adhesif-de-marquage-au-sol\/tesa-60760-bande-de-signalisation-au-sol\/#primaryimage"},"thumbnailUrl":"https:\/\/cardinal-tapes.com\/wp-content\/uploads\/tesa-60760-as-001-fullsize171958_canvas1x1_6.jpg","datePublished":"2023-06-05T15:27:27+00:00","description":"Tesa 60760 est un ruban adh\u00e9sif robuste en PVC souple. Il poss\u00e8de un bon pouvoir adh\u00e9sif sur la plupart des supports. En savoir plus.","breadcrumb":{"@id":"https:\/\/cardinal-tapes.com\/fr\/rubans-adh\u00e9sifs\/ruban-adhesif-de-marquage-au-sol\/tesa-60760-bande-de-signalisation-au-sol\/#breadcrumb"},"inLanguage":"fr-FR","potentialAction":[{"@type":"ReadAction","target":["https:\/\/cardinal-tapes.com\/fr\/rubans-adh\u00e9sifs\/ruban-adhesif-de-marquage-au-sol\/tesa-60760-bande-de-signalisation-au-sol\/"]}]},{"@type":"ImageObject","inLanguage":"fr-FR","@id":"https:\/\/cardinal-tapes.com\/fr\/rubans-adh\u00e9sifs\/ruban-adhesif-de-marquage-au-sol\/tesa-60760-bande-de-signalisation-au-sol\/#primaryimage","url":"https:\/\/cardinal-tapes.com\/wp-content\/uploads\/tesa-60760-as-001-fullsize171958_canvas1x1_6.jpg","contentUrl":"https:\/\/cardinal-tapes.com\/wp-content\/uploads\/tesa-60760-as-001-fullsize171958_canvas1x1_6.jpg","width":640,"height":453,"caption":"tesa 60760"},{"@type":"BreadcrumbList","@id":"https:\/\/cardinal-tapes.com\/fr\/rubans-adh\u00e9sifs\/ruban-adhesif-de-marquage-au-sol\/tesa-60760-bande-de-signalisation-au-sol\/#breadcrumb","itemListElement":[{"@type":"ListItem","position":1,"name":"Startseite","item":"https:\/\/cardinal-tapes.com\/fr\/accueil\/"},{"@type":"ListItem","position":2,"name":"Rubans adh\u00e9sifs","item":"https:\/\/cardinal-tapes.com\/fr\/rubans-adhesifs-fr\/"},{"@type":"ListItem","position":3,"name":"Ruban adh\u00e9sif de marquage au sol","item":"https:\/\/cardinal-tapes.com\/fr\/catgorie\/ruban-adhesif-de-marquage-au-sol\/"},{"@type":"ListItem","position":4,"name":"tesa\u00ae 60760 Ruban de marquage au sol &amp; d&rsquo;avertissement"}]},{"@type":"WebSite","@id":"https:\/\/cardinal-tapes.com\/#website","url":"https:\/\/cardinal-tapes.com\/","name":"cardinal TAPES","description":"Klebetechnik aus Wuppertal","potentialAction":[{"@type":"SearchAction","target":{"@type":"EntryPoint","urlTemplate":"https:\/\/cardinal-tapes.com\/?s={search_term_string}"},"query-input":{"@type":"PropertyValueSpecification","valueRequired":true,"valueName":"search_term_string"}}],"inLanguage":"fr-FR"}]}},"brands":[{"id":2165,"name":"tesa","slug":"tesa-fr"}],"_links":{"self":[{"href":"https:\/\/cardinal-tapes.com\/fr\/wp-json\/wp\/v2\/product\/58115","targetHints":{"allow":["GET"]}}],"collection":[{"href":"https:\/\/cardinal-tapes.com\/fr\/wp-json\/wp\/v2\/product"}],"about":[{"href":"https:\/\/cardinal-tapes.com\/fr\/wp-json\/wp\/v2\/types\/product"}],"wp:featuredmedia":[{"embeddable":true,"href":"https:\/\/cardinal-tapes.com\/fr\/wp-json\/wp\/v2\/media\/26064"}],"wp:attachment":[{"href":"https:\/\/cardinal-tapes.com\/fr\/wp-json\/wp\/v2\/media?parent=58115"}],"wp:term":[{"taxonomy":"pwb-brand","embeddable":true,"href":"https:\/\/cardinal-tapes.com\/fr\/wp-json\/wp\/v2\/pwb-brand?post=58115"},{"taxonomy":"product_brand","embeddable":true,"href":"https:\/\/cardinal-tapes.com\/fr\/wp-json\/wp\/v2\/product_brand?post=58115"},{"taxonomy":"product_cat","embeddable":true,"href":"https:\/\/cardinal-tapes.com\/fr\/wp-json\/wp\/v2\/product_cat?post=58115"},{"taxonomy":"product_tag","embeddable":true,"href":"https:\/\/cardinal-tapes.com\/fr\/wp-json\/wp\/v2\/product_tag?post=58115"}],"curies":[{"name":"wp","href":"https:\/\/api.w.org\/{rel}","templated":true}]}}