{"id":58112,"date":"2018-02-19T16:25:32","date_gmt":"2018-02-19T15:25:32","guid":{"rendered":"https:\/\/cardinal.pixel-tal.de\/klebebaender\/non%20class\u00e9\/tesa-50650-ruban-de-masquage-en-silicone-pet\/"},"modified":"2025-07-03T15:30:22","modified_gmt":"2025-07-03T13:30:22","slug":"tesa-50650-pet-ruban-de-masquage-en-silicone","status":"publish","type":"product","link":"https:\/\/cardinal-tapes.com\/fr\/rubans-adh\u00e9sifs\/rubans-adhesifs-simple-face\/film-pet\/tesa-50650-pet-ruban-de-masquage-en-silicone\/","title":{"rendered":"tesa\u00ae 50650 Ruban de masquage en silicone PET"},"content":{"rendered":"<p><sup>tesa<\/sup> <span class=\"lowercase\"> \u00ae 50650 est un ruban de masquage haute temp\u00e9rature bleu translucide avec un support polyester et un adh\u00e9sif silicone. <span class=\"lowercase\">tesa <\/span><sup>\u00ae<\/sup> 50650 est utilis\u00e9 pour diverses applications, notamment pour masquer pendant les processus de rev\u00eatement par poudre ou pour coller des mat\u00e9riaux non polaires.<\/span> Le ruban adh\u00e9sif fin s&#8217;adapte bien aux formes irr\u00e9guli\u00e8res, permet d&#8217;obtenir des bords de couleur nets et offre un excellent ancrage de la couleur. Le syst\u00e8me adh\u00e9sif au silicone du ruban de masquage le rend extr\u00eamement r\u00e9sistant \u00e0 la chaleur et peut supporter des temp\u00e9ratures extr\u00eames allant jusqu&#8217;\u00e0 220 \u00b0 C pendant 30 minutes \u00e0 la fois.<\/p>\n<p><strong>Propri\u00e9t\u00e9s<\/strong><br \/>\n&#8211; Haute flexibilit\u00e9, pour les bords extr\u00eamement tranchants<br \/>\n&#8211; Fort pouvoir adh\u00e9sif et haute r\u00e9sistance \u00e0 la temp\u00e9rature<br \/>\n&#8211; S&#8217;enl\u00e8ve sans laisser de traces<\/p>\n<p><strong>Applications<br \/>\n<\/strong>&#8211; Pour masquer les surfaces qui ne doivent pas \u00eatre recouvertes lors du rev\u00eatement par poudre.<\/p>\n","protected":false},"excerpt":{"rendered":"<p>tesa \u00ae 50650 est un ruban de masquage haute temp\u00e9rature bleu translucide avec un support polyester et un adh\u00e9sif silicone. tesa \u00ae 50650 est utilis\u00e9 pour diverses applications, notamment pour masquer pendant les processus de rev\u00eatement par poudre ou pour coller des mat\u00e9riaux non polaires. Le ruban adh\u00e9sif fin s&#8217;adapte bien aux formes irr\u00e9guli\u00e8res, permet [&hellip;]<\/p>\n","protected":false},"featured_media":79045,"template":"","meta":{"_acf_changed":false},"pwb-brand":[2165],"product_brand":[],"product_cat":[1836,1839],"product_tag":[],"class_list":{"0":"post-58112","1":"product","2":"type-product","3":"status-publish","4":"has-post-thumbnail","6":"pwb-brand-tesa-fr","7":"product_cat-rubans-adhesifs-simple-face","8":"product_cat-film-pet","10":"first","11":"instock","12":"taxable","13":"shipping-taxable","14":"purchasable","15":"product-type-variable"},"acf":[],"yoast_head":"<!-- This site is optimized with the Yoast SEO plugin v27.3 - https:\/\/yoast.com\/product\/yoast-seo-wordpress\/ -->\n<title>tesa\u00ae 50650 Ruban de masquage en silicone PET | Cardinal TAPES<\/title>\n<meta name=\"description\" content=\"tesa\u00ae 50650 est un ruban de masquage bleu en polyester, extr\u00eamement r\u00e9sistant \u00e0 la chaleur, avec une masse de silicone. Apprenez-en plus sur le ruban adh\u00e9sif ici.\" \/>\n<meta name=\"robots\" content=\"index, follow, max-snippet:-1, max-image-preview:large, max-video-preview:-1\" \/>\n<link rel=\"canonical\" href=\"https:\/\/cardinal-tapes.com\/fr\/rubans-adh\u00e9sifs\/rubans-adhesifs-simple-face\/film-pet\/tesa-50650-pet-ruban-de-masquage-en-silicone\/\" \/>\n<meta property=\"og:locale\" content=\"fr_FR\" \/>\n<meta property=\"og:type\" content=\"article\" \/>\n<meta property=\"og:title\" content=\"tesa\u00ae 50650 Ruban de masquage en silicone PET | Cardinal TAPES\" \/>\n<meta property=\"og:description\" content=\"tesa\u00ae 50650 est un ruban de masquage bleu en polyester, extr\u00eamement r\u00e9sistant \u00e0 la chaleur, avec une masse de silicone. Apprenez-en plus sur le ruban adh\u00e9sif ici.\" \/>\n<meta property=\"og:url\" content=\"https:\/\/cardinal-tapes.com\/fr\/rubans-adh\u00e9sifs\/rubans-adhesifs-simple-face\/film-pet\/tesa-50650-pet-ruban-de-masquage-en-silicone\/\" \/>\n<meta property=\"og:site_name\" content=\"cardinal TAPES\" \/>\n<meta property=\"article:modified_time\" content=\"2025-07-03T13:30:22+00:00\" \/>\n<meta property=\"og:image\" content=\"https:\/\/cardinal-tapes.com\/wp-content\/uploads\/medium-1117530211175302_canvas1x1_10.webp\" \/>\n\t<meta property=\"og:image:width\" content=\"1034\" \/>\n\t<meta property=\"og:image:height\" content=\"1034\" \/>\n\t<meta property=\"og:image:type\" content=\"image\/webp\" \/>\n<meta name=\"twitter:card\" content=\"summary_large_image\" \/>\n<meta name=\"twitter:label1\" content=\"Dur\u00e9e de lecture estim\u00e9e\" \/>\n\t<meta name=\"twitter:data1\" content=\"1 minute\" \/>\n<script type=\"application\/ld+json\" class=\"yoast-schema-graph\">{\"@context\":\"https:\\\/\\\/schema.org\",\"@graph\":[{\"@type\":\"WebPage\",\"@id\":\"https:\\\/\\\/cardinal-tapes.com\\\/fr\\\/rubans-adh\u00e9sifs\\\/rubans-adhesifs-simple-face\\\/film-pet\\\/tesa-50650-pet-ruban-de-masquage-en-silicone\\\/\",\"url\":\"https:\\\/\\\/cardinal-tapes.com\\\/fr\\\/rubans-adh\u00e9sifs\\\/rubans-adhesifs-simple-face\\\/film-pet\\\/tesa-50650-pet-ruban-de-masquage-en-silicone\\\/\",\"name\":\"tesa\u00ae 50650 Ruban de masquage en silicone PET | Cardinal TAPES\",\"isPartOf\":{\"@id\":\"https:\\\/\\\/cardinal-tapes.com\\\/#website\"},\"primaryImageOfPage\":{\"@id\":\"https:\\\/\\\/cardinal-tapes.com\\\/fr\\\/rubans-adh\u00e9sifs\\\/rubans-adhesifs-simple-face\\\/film-pet\\\/tesa-50650-pet-ruban-de-masquage-en-silicone\\\/#primaryimage\"},\"image\":{\"@id\":\"https:\\\/\\\/cardinal-tapes.com\\\/fr\\\/rubans-adh\u00e9sifs\\\/rubans-adhesifs-simple-face\\\/film-pet\\\/tesa-50650-pet-ruban-de-masquage-en-silicone\\\/#primaryimage\"},\"thumbnailUrl\":\"https:\\\/\\\/cardinal-tapes.com\\\/wp-content\\\/uploads\\\/medium-1117530211175302_canvas1x1_10.webp\",\"datePublished\":\"2018-02-19T15:25:32+00:00\",\"dateModified\":\"2025-07-03T13:30:22+00:00\",\"description\":\"tesa\u00ae 50650 est un ruban de masquage bleu en polyester, extr\u00eamement r\u00e9sistant \u00e0 la chaleur, avec une masse de silicone. Apprenez-en plus sur le ruban adh\u00e9sif ici.\",\"breadcrumb\":{\"@id\":\"https:\\\/\\\/cardinal-tapes.com\\\/fr\\\/rubans-adh\u00e9sifs\\\/rubans-adhesifs-simple-face\\\/film-pet\\\/tesa-50650-pet-ruban-de-masquage-en-silicone\\\/#breadcrumb\"},\"inLanguage\":\"fr-FR\",\"potentialAction\":[{\"@type\":\"ReadAction\",\"target\":[\"https:\\\/\\\/cardinal-tapes.com\\\/fr\\\/rubans-adh\u00e9sifs\\\/rubans-adhesifs-simple-face\\\/film-pet\\\/tesa-50650-pet-ruban-de-masquage-en-silicone\\\/\"]}]},{\"@type\":\"ImageObject\",\"inLanguage\":\"fr-FR\",\"@id\":\"https:\\\/\\\/cardinal-tapes.com\\\/fr\\\/rubans-adh\u00e9sifs\\\/rubans-adhesifs-simple-face\\\/film-pet\\\/tesa-50650-pet-ruban-de-masquage-en-silicone\\\/#primaryimage\",\"url\":\"https:\\\/\\\/cardinal-tapes.com\\\/wp-content\\\/uploads\\\/medium-1117530211175302_canvas1x1_10.webp\",\"contentUrl\":\"https:\\\/\\\/cardinal-tapes.com\\\/wp-content\\\/uploads\\\/medium-1117530211175302_canvas1x1_10.webp\",\"width\":1034,\"height\":1034},{\"@type\":\"BreadcrumbList\",\"@id\":\"https:\\\/\\\/cardinal-tapes.com\\\/fr\\\/rubans-adh\u00e9sifs\\\/rubans-adhesifs-simple-face\\\/film-pet\\\/tesa-50650-pet-ruban-de-masquage-en-silicone\\\/#breadcrumb\",\"itemListElement\":[{\"@type\":\"ListItem\",\"position\":1,\"name\":\"Startseite\",\"item\":\"https:\\\/\\\/cardinal-tapes.com\\\/fr\\\/accueil\\\/\"},{\"@type\":\"ListItem\",\"position\":2,\"name\":\"Rubans adh\u00e9sifs\",\"item\":\"https:\\\/\\\/cardinal-tapes.com\\\/fr\\\/rubans-adhesifs-fr\\\/\"},{\"@type\":\"ListItem\",\"position\":3,\"name\":\"Einseitige Klebeb\u00e4nder\",\"item\":\"https:\\\/\\\/cardinal-tapes.com\\\/kategorie\\\/einseitige-klebebaender\\\/\"},{\"@type\":\"ListItem\",\"position\":4,\"name\":\"tesa\u00ae 50650 Ruban de masquage en silicone PET\"}]},{\"@type\":\"WebSite\",\"@id\":\"https:\\\/\\\/cardinal-tapes.com\\\/#website\",\"url\":\"https:\\\/\\\/cardinal-tapes.com\\\/\",\"name\":\"cardinal TAPES\",\"description\":\"Klebetechnik aus Wuppertal\",\"potentialAction\":[{\"@type\":\"SearchAction\",\"target\":{\"@type\":\"EntryPoint\",\"urlTemplate\":\"https:\\\/\\\/cardinal-tapes.com\\\/?s={search_term_string}\"},\"query-input\":{\"@type\":\"PropertyValueSpecification\",\"valueRequired\":true,\"valueName\":\"search_term_string\"}}],\"inLanguage\":\"fr-FR\"}]}<\/script>\n<!-- \/ Yoast SEO plugin. -->","yoast_head_json":{"title":"tesa\u00ae 50650 Ruban de masquage en silicone PET | Cardinal TAPES","description":"tesa\u00ae 50650 est un ruban de masquage bleu en polyester, extr\u00eamement r\u00e9sistant \u00e0 la chaleur, avec une masse de silicone. Apprenez-en plus sur le ruban adh\u00e9sif ici.","robots":{"index":"index","follow":"follow","max-snippet":"max-snippet:-1","max-image-preview":"max-image-preview:large","max-video-preview":"max-video-preview:-1"},"canonical":"https:\/\/cardinal-tapes.com\/fr\/rubans-adh\u00e9sifs\/rubans-adhesifs-simple-face\/film-pet\/tesa-50650-pet-ruban-de-masquage-en-silicone\/","og_locale":"fr_FR","og_type":"article","og_title":"tesa\u00ae 50650 Ruban de masquage en silicone PET | Cardinal TAPES","og_description":"tesa\u00ae 50650 est un ruban de masquage bleu en polyester, extr\u00eamement r\u00e9sistant \u00e0 la chaleur, avec une masse de silicone. Apprenez-en plus sur le ruban adh\u00e9sif ici.","og_url":"https:\/\/cardinal-tapes.com\/fr\/rubans-adh\u00e9sifs\/rubans-adhesifs-simple-face\/film-pet\/tesa-50650-pet-ruban-de-masquage-en-silicone\/","og_site_name":"cardinal TAPES","article_modified_time":"2025-07-03T13:30:22+00:00","og_image":[{"width":1034,"height":1034,"url":"https:\/\/cardinal-tapes.com\/wp-content\/uploads\/medium-1117530211175302_canvas1x1_10.webp","type":"image\/webp"}],"twitter_card":"summary_large_image","twitter_misc":{"Dur\u00e9e de lecture estim\u00e9e":"1 minute"},"schema":{"@context":"https:\/\/schema.org","@graph":[{"@type":"WebPage","@id":"https:\/\/cardinal-tapes.com\/fr\/rubans-adh\u00e9sifs\/rubans-adhesifs-simple-face\/film-pet\/tesa-50650-pet-ruban-de-masquage-en-silicone\/","url":"https:\/\/cardinal-tapes.com\/fr\/rubans-adh\u00e9sifs\/rubans-adhesifs-simple-face\/film-pet\/tesa-50650-pet-ruban-de-masquage-en-silicone\/","name":"tesa\u00ae 50650 Ruban de masquage en silicone PET | Cardinal TAPES","isPartOf":{"@id":"https:\/\/cardinal-tapes.com\/#website"},"primaryImageOfPage":{"@id":"https:\/\/cardinal-tapes.com\/fr\/rubans-adh\u00e9sifs\/rubans-adhesifs-simple-face\/film-pet\/tesa-50650-pet-ruban-de-masquage-en-silicone\/#primaryimage"},"image":{"@id":"https:\/\/cardinal-tapes.com\/fr\/rubans-adh\u00e9sifs\/rubans-adhesifs-simple-face\/film-pet\/tesa-50650-pet-ruban-de-masquage-en-silicone\/#primaryimage"},"thumbnailUrl":"https:\/\/cardinal-tapes.com\/wp-content\/uploads\/medium-1117530211175302_canvas1x1_10.webp","datePublished":"2018-02-19T15:25:32+00:00","dateModified":"2025-07-03T13:30:22+00:00","description":"tesa\u00ae 50650 est un ruban de masquage bleu en polyester, extr\u00eamement r\u00e9sistant \u00e0 la chaleur, avec une masse de silicone. Apprenez-en plus sur le ruban adh\u00e9sif ici.","breadcrumb":{"@id":"https:\/\/cardinal-tapes.com\/fr\/rubans-adh\u00e9sifs\/rubans-adhesifs-simple-face\/film-pet\/tesa-50650-pet-ruban-de-masquage-en-silicone\/#breadcrumb"},"inLanguage":"fr-FR","potentialAction":[{"@type":"ReadAction","target":["https:\/\/cardinal-tapes.com\/fr\/rubans-adh\u00e9sifs\/rubans-adhesifs-simple-face\/film-pet\/tesa-50650-pet-ruban-de-masquage-en-silicone\/"]}]},{"@type":"ImageObject","inLanguage":"fr-FR","@id":"https:\/\/cardinal-tapes.com\/fr\/rubans-adh\u00e9sifs\/rubans-adhesifs-simple-face\/film-pet\/tesa-50650-pet-ruban-de-masquage-en-silicone\/#primaryimage","url":"https:\/\/cardinal-tapes.com\/wp-content\/uploads\/medium-1117530211175302_canvas1x1_10.webp","contentUrl":"https:\/\/cardinal-tapes.com\/wp-content\/uploads\/medium-1117530211175302_canvas1x1_10.webp","width":1034,"height":1034},{"@type":"BreadcrumbList","@id":"https:\/\/cardinal-tapes.com\/fr\/rubans-adh\u00e9sifs\/rubans-adhesifs-simple-face\/film-pet\/tesa-50650-pet-ruban-de-masquage-en-silicone\/#breadcrumb","itemListElement":[{"@type":"ListItem","position":1,"name":"Startseite","item":"https:\/\/cardinal-tapes.com\/fr\/accueil\/"},{"@type":"ListItem","position":2,"name":"Rubans adh\u00e9sifs","item":"https:\/\/cardinal-tapes.com\/fr\/rubans-adhesifs-fr\/"},{"@type":"ListItem","position":3,"name":"Einseitige Klebeb\u00e4nder","item":"https:\/\/cardinal-tapes.com\/kategorie\/einseitige-klebebaender\/"},{"@type":"ListItem","position":4,"name":"tesa\u00ae 50650 Ruban de masquage en silicone PET"}]},{"@type":"WebSite","@id":"https:\/\/cardinal-tapes.com\/#website","url":"https:\/\/cardinal-tapes.com\/","name":"cardinal TAPES","description":"Klebetechnik aus Wuppertal","potentialAction":[{"@type":"SearchAction","target":{"@type":"EntryPoint","urlTemplate":"https:\/\/cardinal-tapes.com\/?s={search_term_string}"},"query-input":{"@type":"PropertyValueSpecification","valueRequired":true,"valueName":"search_term_string"}}],"inLanguage":"fr-FR"}]}},"brands":[{"id":2165,"name":"tesa","slug":"tesa-fr"}],"_links":{"self":[{"href":"https:\/\/cardinal-tapes.com\/fr\/wp-json\/wp\/v2\/product\/58112","targetHints":{"allow":["GET"]}}],"collection":[{"href":"https:\/\/cardinal-tapes.com\/fr\/wp-json\/wp\/v2\/product"}],"about":[{"href":"https:\/\/cardinal-tapes.com\/fr\/wp-json\/wp\/v2\/types\/product"}],"wp:featuredmedia":[{"embeddable":true,"href":"https:\/\/cardinal-tapes.com\/fr\/wp-json\/wp\/v2\/media\/79045"}],"wp:attachment":[{"href":"https:\/\/cardinal-tapes.com\/fr\/wp-json\/wp\/v2\/media?parent=58112"}],"wp:term":[{"taxonomy":"pwb-brand","embeddable":true,"href":"https:\/\/cardinal-tapes.com\/fr\/wp-json\/wp\/v2\/pwb-brand?post=58112"},{"taxonomy":"product_brand","embeddable":true,"href":"https:\/\/cardinal-tapes.com\/fr\/wp-json\/wp\/v2\/product_brand?post=58112"},{"taxonomy":"product_cat","embeddable":true,"href":"https:\/\/cardinal-tapes.com\/fr\/wp-json\/wp\/v2\/product_cat?post=58112"},{"taxonomy":"product_tag","embeddable":true,"href":"https:\/\/cardinal-tapes.com\/fr\/wp-json\/wp\/v2\/product_tag?post=58112"}],"curies":[{"name":"wp","href":"https:\/\/api.w.org\/{rel}","templated":true}]}}