{"id":57057,"date":"2018-02-20T10:38:17","date_gmt":"2023-06-05T15:27:07","guid":{"rendered":"https:\/\/cardinal.pixel-tal.de\/klebebaender\/non class\u00e9\/tesafix-51970-ruban-adhesif-double-face-transparent-a-fort-pouvoir-adhesif\/"},"modified":"2023-06-05T17:27:07","modified_gmt":"2023-06-05T15:27:07","slug":"tesa-51970-ruban-adhesif-transparent-double-face-a-haut-pouvoir-adhesif","status":"publish","type":"product","link":"https:\/\/cardinal-tapes.com\/fr\/rubans-adh\u00e9sifs\/rubans-adhesifs-double-face\/tesa-51970-ruban-adhesif-transparent-double-face-a-haut-pouvoir-adhesif\/","title":{"rendered":"tesafix\u00ae 51970 Ruban adh\u00e9sif double face transparent \u00e0 fort pouvoir adh\u00e9sif"},"content":{"rendered":"<p><sup>tesafix\u00ae<\/sup> 51970 est une variante de <sup>tesafix\u00ae<\/sup> 4970, mais avec un support en film polypropyl\u00e8ne sp\u00e9cialement \u00e9tir\u00e9. Les propri\u00e9t\u00e9s \u00e9prouv\u00e9es du produit, comme par exemple le pouvoir adh\u00e9sif \u00e9lev\u00e9 pour un collage permanent, m\u00eame sur des surfaces d&#8217;adh\u00e9rence rugueuses, sont \u00e9galement respect\u00e9es ici.<\/p>\n<p><strong>Caract\u00e9ristiques<\/strong><br \/>\n&#8211; Haut pouvoir adh\u00e9sif<br \/>\n&#8211; Bonne r\u00e9sistance \u00e0 l&#8217;humidit\u00e9<\/p>\n<p><strong>Applications<\/strong><br \/>\n&#8211; Collage de profil\u00e9s en bois et en plastique.<br \/>\n&#8211; Pour le collage de pi\u00e8ces de d\u00e9coration et de pr\u00e9sentoirs lourds.<br \/>\n&#8211; Collage de graduations et d&#8217;enseignes.<br \/>\n&#8211; Collage en continu de t\u00f4les et de films fins<\/p>\n","protected":false},"excerpt":{"rendered":"<p>tesafix\u00ae 51970 est une variante de tesafix\u00ae 4970, mais avec un support en film polypropyl\u00e8ne sp\u00e9cialement \u00e9tir\u00e9. Les propri\u00e9t\u00e9s \u00e9prouv\u00e9es du produit, comme par exemple le pouvoir adh\u00e9sif \u00e9lev\u00e9 pour un collage permanent, m\u00eame sur des surfaces d&#8217;adh\u00e9rence rugueuses, sont \u00e9galement respect\u00e9es ici. Caract\u00e9ristiques &#8211; Haut pouvoir adh\u00e9sif &#8211; Bonne r\u00e9sistance \u00e0 l&#8217;humidit\u00e9 Applications &#8211; [&hellip;]<\/p>\n","protected":false},"featured_media":26104,"template":"","meta":{"_acf_changed":false},"pwb-brand":[2165],"product_brand":[],"product_cat":[1834],"product_tag":[],"class_list":{"0":"post-57057","1":"product","2":"type-product","3":"status-publish","4":"has-post-thumbnail","6":"pwb-brand-tesa-fr","7":"product_cat-rubans-adhesifs-double-face","9":"first","10":"instock","11":"taxable","12":"shipping-taxable","13":"purchasable","14":"product-type-variable"},"acf":[],"yoast_head":"<!-- This site is optimized with the Yoast SEO plugin v27.3 - https:\/\/yoast.com\/product\/yoast-seo-wordpress\/ -->\n<title>Tesa 51970 Ruban adh\u00e9sif double face transparent | Cardinal TAPES<\/title>\n<meta name=\"description\" content=\"Tesa 51970 est une variante de Tesa 4970, mais avec un support en film de polypropyl\u00e8ne sp\u00e9cialement \u00e9tir\u00e9. En savoir plus ici.\" \/>\n<meta name=\"robots\" content=\"index, follow, max-snippet:-1, max-image-preview:large, max-video-preview:-1\" \/>\n<link rel=\"canonical\" href=\"https:\/\/cardinal-tapes.com\/fr\/rubans-adh\u00e9sifs\/rubans-adhesifs-double-face\/tesa-51970-ruban-adhesif-transparent-double-face-a-haut-pouvoir-adhesif\/\" \/>\n<meta property=\"og:locale\" content=\"fr_FR\" \/>\n<meta property=\"og:type\" content=\"article\" \/>\n<meta property=\"og:title\" content=\"Tesa 51970 Ruban adh\u00e9sif double face transparent | Cardinal TAPES\" \/>\n<meta property=\"og:description\" content=\"Tesa 51970 est une variante de Tesa 4970, mais avec un support en film de polypropyl\u00e8ne sp\u00e9cialement \u00e9tir\u00e9. En savoir plus ici.\" \/>\n<meta property=\"og:url\" content=\"https:\/\/cardinal-tapes.com\/fr\/rubans-adh\u00e9sifs\/rubans-adhesifs-double-face\/tesa-51970-ruban-adhesif-transparent-double-face-a-haut-pouvoir-adhesif\/\" \/>\n<meta property=\"og:site_name\" content=\"cardinal TAPES\" \/>\n<meta property=\"og:image\" content=\"https:\/\/cardinal-tapes.com\/wp-content\/uploads\/tesa-04970.jpg\" \/>\n\t<meta property=\"og:image:width\" content=\"600\" \/>\n\t<meta property=\"og:image:height\" content=\"600\" \/>\n\t<meta property=\"og:image:type\" content=\"image\/jpeg\" \/>\n<meta name=\"twitter:card\" content=\"summary_large_image\" \/>\n<meta name=\"twitter:label1\" content=\"Dur\u00e9e de lecture estim\u00e9e\" \/>\n\t<meta name=\"twitter:data1\" content=\"1 minute\" \/>\n<script type=\"application\/ld+json\" class=\"yoast-schema-graph\">{\"@context\":\"https:\\\/\\\/schema.org\",\"@graph\":[{\"@type\":\"WebPage\",\"@id\":\"https:\\\/\\\/cardinal-tapes.com\\\/fr\\\/rubans-adh\u00e9sifs\\\/rubans-adhesifs-double-face\\\/tesa-51970-ruban-adhesif-transparent-double-face-a-haut-pouvoir-adhesif\\\/\",\"url\":\"https:\\\/\\\/cardinal-tapes.com\\\/fr\\\/rubans-adh\u00e9sifs\\\/rubans-adhesifs-double-face\\\/tesa-51970-ruban-adhesif-transparent-double-face-a-haut-pouvoir-adhesif\\\/\",\"name\":\"Tesa 51970 Ruban adh\u00e9sif double face transparent | Cardinal TAPES\",\"isPartOf\":{\"@id\":\"https:\\\/\\\/cardinal-tapes.com\\\/#website\"},\"primaryImageOfPage\":{\"@id\":\"https:\\\/\\\/cardinal-tapes.com\\\/fr\\\/rubans-adh\u00e9sifs\\\/rubans-adhesifs-double-face\\\/tesa-51970-ruban-adhesif-transparent-double-face-a-haut-pouvoir-adhesif\\\/#primaryimage\"},\"image\":{\"@id\":\"https:\\\/\\\/cardinal-tapes.com\\\/fr\\\/rubans-adh\u00e9sifs\\\/rubans-adhesifs-double-face\\\/tesa-51970-ruban-adhesif-transparent-double-face-a-haut-pouvoir-adhesif\\\/#primaryimage\"},\"thumbnailUrl\":\"https:\\\/\\\/cardinal-tapes.com\\\/wp-content\\\/uploads\\\/tesa-04970.jpg\",\"datePublished\":\"2023-06-05T15:27:07+00:00\",\"description\":\"Tesa 51970 est une variante de Tesa 4970, mais avec un support en film de polypropyl\u00e8ne sp\u00e9cialement \u00e9tir\u00e9. En savoir plus ici.\",\"breadcrumb\":{\"@id\":\"https:\\\/\\\/cardinal-tapes.com\\\/fr\\\/rubans-adh\u00e9sifs\\\/rubans-adhesifs-double-face\\\/tesa-51970-ruban-adhesif-transparent-double-face-a-haut-pouvoir-adhesif\\\/#breadcrumb\"},\"inLanguage\":\"fr-FR\",\"potentialAction\":[{\"@type\":\"ReadAction\",\"target\":[\"https:\\\/\\\/cardinal-tapes.com\\\/fr\\\/rubans-adh\u00e9sifs\\\/rubans-adhesifs-double-face\\\/tesa-51970-ruban-adhesif-transparent-double-face-a-haut-pouvoir-adhesif\\\/\"]}]},{\"@type\":\"ImageObject\",\"inLanguage\":\"fr-FR\",\"@id\":\"https:\\\/\\\/cardinal-tapes.com\\\/fr\\\/rubans-adh\u00e9sifs\\\/rubans-adhesifs-double-face\\\/tesa-51970-ruban-adhesif-transparent-double-face-a-haut-pouvoir-adhesif\\\/#primaryimage\",\"url\":\"https:\\\/\\\/cardinal-tapes.com\\\/wp-content\\\/uploads\\\/tesa-04970.jpg\",\"contentUrl\":\"https:\\\/\\\/cardinal-tapes.com\\\/wp-content\\\/uploads\\\/tesa-04970.jpg\",\"width\":600,\"height\":600,\"caption\":\"tesa 4970\"},{\"@type\":\"BreadcrumbList\",\"@id\":\"https:\\\/\\\/cardinal-tapes.com\\\/fr\\\/rubans-adh\u00e9sifs\\\/rubans-adhesifs-double-face\\\/tesa-51970-ruban-adhesif-transparent-double-face-a-haut-pouvoir-adhesif\\\/#breadcrumb\",\"itemListElement\":[{\"@type\":\"ListItem\",\"position\":1,\"name\":\"Startseite\",\"item\":\"https:\\\/\\\/cardinal-tapes.com\\\/fr\\\/accueil\\\/\"},{\"@type\":\"ListItem\",\"position\":2,\"name\":\"Rubans adh\u00e9sifs\",\"item\":\"https:\\\/\\\/cardinal-tapes.com\\\/fr\\\/rubans-adhesifs-fr\\\/\"},{\"@type\":\"ListItem\",\"position\":3,\"name\":\"Rubans adh\u00e9sifs double face\",\"item\":\"https:\\\/\\\/cardinal-tapes.com\\\/fr\\\/catgorie\\\/rubans-adhesifs-double-face\\\/\"},{\"@type\":\"ListItem\",\"position\":4,\"name\":\"tesafix\u00ae 51970 Ruban adh\u00e9sif double face transparent \u00e0 fort pouvoir adh\u00e9sif\"}]},{\"@type\":\"WebSite\",\"@id\":\"https:\\\/\\\/cardinal-tapes.com\\\/#website\",\"url\":\"https:\\\/\\\/cardinal-tapes.com\\\/\",\"name\":\"cardinal TAPES\",\"description\":\"Klebetechnik aus Wuppertal\",\"potentialAction\":[{\"@type\":\"SearchAction\",\"target\":{\"@type\":\"EntryPoint\",\"urlTemplate\":\"https:\\\/\\\/cardinal-tapes.com\\\/?s={search_term_string}\"},\"query-input\":{\"@type\":\"PropertyValueSpecification\",\"valueRequired\":true,\"valueName\":\"search_term_string\"}}],\"inLanguage\":\"fr-FR\"}]}<\/script>\n<!-- \/ Yoast SEO plugin. -->","yoast_head_json":{"title":"Tesa 51970 Ruban adh\u00e9sif double face transparent | Cardinal TAPES","description":"Tesa 51970 est une variante de Tesa 4970, mais avec un support en film de polypropyl\u00e8ne sp\u00e9cialement \u00e9tir\u00e9. En savoir plus ici.","robots":{"index":"index","follow":"follow","max-snippet":"max-snippet:-1","max-image-preview":"max-image-preview:large","max-video-preview":"max-video-preview:-1"},"canonical":"https:\/\/cardinal-tapes.com\/fr\/rubans-adh\u00e9sifs\/rubans-adhesifs-double-face\/tesa-51970-ruban-adhesif-transparent-double-face-a-haut-pouvoir-adhesif\/","og_locale":"fr_FR","og_type":"article","og_title":"Tesa 51970 Ruban adh\u00e9sif double face transparent | Cardinal TAPES","og_description":"Tesa 51970 est une variante de Tesa 4970, mais avec un support en film de polypropyl\u00e8ne sp\u00e9cialement \u00e9tir\u00e9. En savoir plus ici.","og_url":"https:\/\/cardinal-tapes.com\/fr\/rubans-adh\u00e9sifs\/rubans-adhesifs-double-face\/tesa-51970-ruban-adhesif-transparent-double-face-a-haut-pouvoir-adhesif\/","og_site_name":"cardinal TAPES","og_image":[{"width":600,"height":600,"url":"https:\/\/cardinal-tapes.com\/wp-content\/uploads\/tesa-04970.jpg","type":"image\/jpeg"}],"twitter_card":"summary_large_image","twitter_misc":{"Dur\u00e9e de lecture estim\u00e9e":"1 minute"},"schema":{"@context":"https:\/\/schema.org","@graph":[{"@type":"WebPage","@id":"https:\/\/cardinal-tapes.com\/fr\/rubans-adh\u00e9sifs\/rubans-adhesifs-double-face\/tesa-51970-ruban-adhesif-transparent-double-face-a-haut-pouvoir-adhesif\/","url":"https:\/\/cardinal-tapes.com\/fr\/rubans-adh\u00e9sifs\/rubans-adhesifs-double-face\/tesa-51970-ruban-adhesif-transparent-double-face-a-haut-pouvoir-adhesif\/","name":"Tesa 51970 Ruban adh\u00e9sif double face transparent | Cardinal TAPES","isPartOf":{"@id":"https:\/\/cardinal-tapes.com\/#website"},"primaryImageOfPage":{"@id":"https:\/\/cardinal-tapes.com\/fr\/rubans-adh\u00e9sifs\/rubans-adhesifs-double-face\/tesa-51970-ruban-adhesif-transparent-double-face-a-haut-pouvoir-adhesif\/#primaryimage"},"image":{"@id":"https:\/\/cardinal-tapes.com\/fr\/rubans-adh\u00e9sifs\/rubans-adhesifs-double-face\/tesa-51970-ruban-adhesif-transparent-double-face-a-haut-pouvoir-adhesif\/#primaryimage"},"thumbnailUrl":"https:\/\/cardinal-tapes.com\/wp-content\/uploads\/tesa-04970.jpg","datePublished":"2023-06-05T15:27:07+00:00","description":"Tesa 51970 est une variante de Tesa 4970, mais avec un support en film de polypropyl\u00e8ne sp\u00e9cialement \u00e9tir\u00e9. En savoir plus ici.","breadcrumb":{"@id":"https:\/\/cardinal-tapes.com\/fr\/rubans-adh\u00e9sifs\/rubans-adhesifs-double-face\/tesa-51970-ruban-adhesif-transparent-double-face-a-haut-pouvoir-adhesif\/#breadcrumb"},"inLanguage":"fr-FR","potentialAction":[{"@type":"ReadAction","target":["https:\/\/cardinal-tapes.com\/fr\/rubans-adh\u00e9sifs\/rubans-adhesifs-double-face\/tesa-51970-ruban-adhesif-transparent-double-face-a-haut-pouvoir-adhesif\/"]}]},{"@type":"ImageObject","inLanguage":"fr-FR","@id":"https:\/\/cardinal-tapes.com\/fr\/rubans-adh\u00e9sifs\/rubans-adhesifs-double-face\/tesa-51970-ruban-adhesif-transparent-double-face-a-haut-pouvoir-adhesif\/#primaryimage","url":"https:\/\/cardinal-tapes.com\/wp-content\/uploads\/tesa-04970.jpg","contentUrl":"https:\/\/cardinal-tapes.com\/wp-content\/uploads\/tesa-04970.jpg","width":600,"height":600,"caption":"tesa 4970"},{"@type":"BreadcrumbList","@id":"https:\/\/cardinal-tapes.com\/fr\/rubans-adh\u00e9sifs\/rubans-adhesifs-double-face\/tesa-51970-ruban-adhesif-transparent-double-face-a-haut-pouvoir-adhesif\/#breadcrumb","itemListElement":[{"@type":"ListItem","position":1,"name":"Startseite","item":"https:\/\/cardinal-tapes.com\/fr\/accueil\/"},{"@type":"ListItem","position":2,"name":"Rubans adh\u00e9sifs","item":"https:\/\/cardinal-tapes.com\/fr\/rubans-adhesifs-fr\/"},{"@type":"ListItem","position":3,"name":"Rubans adh\u00e9sifs double face","item":"https:\/\/cardinal-tapes.com\/fr\/catgorie\/rubans-adhesifs-double-face\/"},{"@type":"ListItem","position":4,"name":"tesafix\u00ae 51970 Ruban adh\u00e9sif double face transparent \u00e0 fort pouvoir adh\u00e9sif"}]},{"@type":"WebSite","@id":"https:\/\/cardinal-tapes.com\/#website","url":"https:\/\/cardinal-tapes.com\/","name":"cardinal TAPES","description":"Klebetechnik aus Wuppertal","potentialAction":[{"@type":"SearchAction","target":{"@type":"EntryPoint","urlTemplate":"https:\/\/cardinal-tapes.com\/?s={search_term_string}"},"query-input":{"@type":"PropertyValueSpecification","valueRequired":true,"valueName":"search_term_string"}}],"inLanguage":"fr-FR"}]}},"brands":[{"id":2165,"name":"tesa","slug":"tesa-fr"}],"_links":{"self":[{"href":"https:\/\/cardinal-tapes.com\/fr\/wp-json\/wp\/v2\/product\/57057","targetHints":{"allow":["GET"]}}],"collection":[{"href":"https:\/\/cardinal-tapes.com\/fr\/wp-json\/wp\/v2\/product"}],"about":[{"href":"https:\/\/cardinal-tapes.com\/fr\/wp-json\/wp\/v2\/types\/product"}],"wp:featuredmedia":[{"embeddable":true,"href":"https:\/\/cardinal-tapes.com\/fr\/wp-json\/wp\/v2\/media\/26104"}],"wp:attachment":[{"href":"https:\/\/cardinal-tapes.com\/fr\/wp-json\/wp\/v2\/media?parent=57057"}],"wp:term":[{"taxonomy":"pwb-brand","embeddable":true,"href":"https:\/\/cardinal-tapes.com\/fr\/wp-json\/wp\/v2\/pwb-brand?post=57057"},{"taxonomy":"product_brand","embeddable":true,"href":"https:\/\/cardinal-tapes.com\/fr\/wp-json\/wp\/v2\/product_brand?post=57057"},{"taxonomy":"product_cat","embeddable":true,"href":"https:\/\/cardinal-tapes.com\/fr\/wp-json\/wp\/v2\/product_cat?post=57057"},{"taxonomy":"product_tag","embeddable":true,"href":"https:\/\/cardinal-tapes.com\/fr\/wp-json\/wp\/v2\/product_tag?post=57057"}],"curies":[{"name":"wp","href":"https:\/\/api.w.org\/{rel}","templated":true}]}}