{"id":57045,"date":"2018-02-20T13:18:41","date_gmt":"2018-02-20T12:18:41","guid":{"rendered":"https:\/\/cardinal.pixel-tal.de\/klebebaender\/non%20class\u00e9\/tesa-4289-ruban-adhesif-pour-strapping\/"},"modified":"2025-07-03T15:59:41","modified_gmt":"2025-07-03T13:59:41","slug":"tesa-4289-strapping-tape","status":"publish","type":"product","link":"https:\/\/cardinal-tapes.com\/fr\/rubans-adh\u00e9sifs\/rubans-adhesifs-simple-face\/ruban-de-masquage\/tesa-4289-strapping-tape\/","title":{"rendered":"tesa\u00ae 4289 Ruban adh\u00e9sif pour strapping"},"content":{"rendered":"<p><sup>tesa\u00ae<\/sup> 4289 est un ruban adh\u00e9sif de strapping extr\u00eamement r\u00e9sistant \u00e0 la d\u00e9chirure, \u00e0 base d&#8217;un film MOPP avec une masse adh\u00e9sive en caoutchouc naturel.<\/p>\n<p><strong>Caract\u00e9ristiques<\/strong><br \/>\n&#8211; Tr\u00e8s grande r\u00e9sistance \u00e0 la d\u00e9chirure et faible allongement<br \/>\n&#8211; Film \u00e9pais et r\u00e9sistant \u00e0 l&#8217;abrasion<br \/>\n&#8211; Bonne r\u00e9sistance \u00e0 la chaleur et au froid<br \/>\n&#8211; Pouvoir adh\u00e9sif \u00e9lev\u00e9 pour les collages sur les supports les plus divers<br \/>\n&#8211; S&#8217;enl\u00e8ve facilement et proprement de nombreuses surfaces<\/p>\n<p><strong>Applications<\/strong><br \/>\n&#8211; Mise en faisceau des tubes les plus lourds.<br \/>\n&#8211; Fermeture des marchandises emball\u00e9es les plus lourdes.<br \/>\n&#8211; Cerclage des marchandises lourdes lors de la palettisation.<br \/>\n&#8211; Collage des extr\u00e9mit\u00e9s de bobines.<\/p>\n<p>&nbsp;<\/p>\n","protected":false},"excerpt":{"rendered":"<p>tesa\u00ae 4289 est un ruban adh\u00e9sif de strapping extr\u00eamement r\u00e9sistant \u00e0 la d\u00e9chirure, \u00e0 base d&#8217;un film MOPP avec une masse adh\u00e9sive en caoutchouc naturel. Caract\u00e9ristiques &#8211; Tr\u00e8s grande r\u00e9sistance \u00e0 la d\u00e9chirure et faible allongement &#8211; Film \u00e9pais et r\u00e9sistant \u00e0 l&#8217;abrasion &#8211; Bonne r\u00e9sistance \u00e0 la chaleur et au froid &#8211; Pouvoir adh\u00e9sif [&hellip;]<\/p>\n","protected":false},"featured_media":26456,"template":"","meta":{"_acf_changed":false},"pwb-brand":[2165],"product_brand":[],"product_cat":[1842,1768,1836],"product_tag":[],"class_list":{"0":"post-57045","1":"product","2":"type-product","3":"status-publish","4":"has-post-thumbnail","6":"pwb-brand-tesa-fr","7":"product_cat-ruban-de-masquage","8":"product_cat-acier-et-verre","9":"product_cat-rubans-adhesifs-simple-face","11":"first","12":"outofstock","13":"taxable","14":"shipping-taxable","15":"purchasable","16":"product-type-variable"},"acf":[],"yoast_head":"<!-- This site is optimized with the Yoast SEO plugin v27.3 - https:\/\/yoast.com\/product\/yoast-seo-wordpress\/ -->\n<title>Tesa 4289 Ruban adh\u00e9sif de cerclage | Cardinal TAPES<\/title>\n<meta name=\"description\" content=\"Tesa 4289 est un ruban adh\u00e9sif strapping extr\u00eamement r\u00e9sistant \u00e0 la d\u00e9chirure, \u00e0 base d&#039;un film MOPP avec une masse adh\u00e9sive en caoutchouc naturel. En savoir plus sur tesa 4289.\" \/>\n<meta name=\"robots\" content=\"index, follow, max-snippet:-1, max-image-preview:large, max-video-preview:-1\" \/>\n<link rel=\"canonical\" href=\"https:\/\/cardinal-tapes.com\/fr\/rubans-adh\u00e9sifs\/rubans-adhesifs-simple-face\/ruban-de-masquage\/tesa-4289-strapping-tape\/\" \/>\n<meta property=\"og:locale\" content=\"fr_FR\" \/>\n<meta property=\"og:type\" content=\"article\" \/>\n<meta property=\"og:title\" content=\"Tesa 4289 Ruban adh\u00e9sif de cerclage | Cardinal TAPES\" \/>\n<meta property=\"og:description\" content=\"Tesa 4289 est un ruban adh\u00e9sif strapping extr\u00eamement r\u00e9sistant \u00e0 la d\u00e9chirure, \u00e0 base d&#039;un film MOPP avec une masse adh\u00e9sive en caoutchouc naturel. En savoir plus sur tesa 4289.\" \/>\n<meta property=\"og:url\" content=\"https:\/\/cardinal-tapes.com\/fr\/rubans-adh\u00e9sifs\/rubans-adhesifs-simple-face\/ruban-de-masquage\/tesa-4289-strapping-tape\/\" \/>\n<meta property=\"og:site_name\" content=\"cardinal TAPES\" \/>\n<meta property=\"article:modified_time\" content=\"2025-07-03T13:59:41+00:00\" \/>\n<meta property=\"og:image\" content=\"https:\/\/cardinal-tapes.com\/wp-content\/uploads\/tesa-04289.jpg\" \/>\n\t<meta property=\"og:image:width\" content=\"600\" \/>\n\t<meta property=\"og:image:height\" content=\"600\" \/>\n\t<meta property=\"og:image:type\" content=\"image\/jpeg\" \/>\n<meta name=\"twitter:card\" content=\"summary_large_image\" \/>\n<meta name=\"twitter:label1\" content=\"Dur\u00e9e de lecture estim\u00e9e\" \/>\n\t<meta name=\"twitter:data1\" content=\"1 minute\" \/>\n<script type=\"application\/ld+json\" class=\"yoast-schema-graph\">{\"@context\":\"https:\\\/\\\/schema.org\",\"@graph\":[{\"@type\":\"WebPage\",\"@id\":\"https:\\\/\\\/cardinal-tapes.com\\\/fr\\\/rubans-adh\u00e9sifs\\\/rubans-adhesifs-simple-face\\\/ruban-de-masquage\\\/tesa-4289-strapping-tape\\\/\",\"url\":\"https:\\\/\\\/cardinal-tapes.com\\\/fr\\\/rubans-adh\u00e9sifs\\\/rubans-adhesifs-simple-face\\\/ruban-de-masquage\\\/tesa-4289-strapping-tape\\\/\",\"name\":\"Tesa 4289 Ruban adh\u00e9sif de cerclage | Cardinal TAPES\",\"isPartOf\":{\"@id\":\"https:\\\/\\\/cardinal-tapes.com\\\/#website\"},\"primaryImageOfPage\":{\"@id\":\"https:\\\/\\\/cardinal-tapes.com\\\/fr\\\/rubans-adh\u00e9sifs\\\/rubans-adhesifs-simple-face\\\/ruban-de-masquage\\\/tesa-4289-strapping-tape\\\/#primaryimage\"},\"image\":{\"@id\":\"https:\\\/\\\/cardinal-tapes.com\\\/fr\\\/rubans-adh\u00e9sifs\\\/rubans-adhesifs-simple-face\\\/ruban-de-masquage\\\/tesa-4289-strapping-tape\\\/#primaryimage\"},\"thumbnailUrl\":\"https:\\\/\\\/cardinal-tapes.com\\\/wp-content\\\/uploads\\\/tesa-04289.jpg\",\"datePublished\":\"2018-02-20T12:18:41+00:00\",\"dateModified\":\"2025-07-03T13:59:41+00:00\",\"description\":\"Tesa 4289 est un ruban adh\u00e9sif strapping extr\u00eamement r\u00e9sistant \u00e0 la d\u00e9chirure, \u00e0 base d'un film MOPP avec une masse adh\u00e9sive en caoutchouc naturel. En savoir plus sur tesa 4289.\",\"breadcrumb\":{\"@id\":\"https:\\\/\\\/cardinal-tapes.com\\\/fr\\\/rubans-adh\u00e9sifs\\\/rubans-adhesifs-simple-face\\\/ruban-de-masquage\\\/tesa-4289-strapping-tape\\\/#breadcrumb\"},\"inLanguage\":\"fr-FR\",\"potentialAction\":[{\"@type\":\"ReadAction\",\"target\":[\"https:\\\/\\\/cardinal-tapes.com\\\/fr\\\/rubans-adh\u00e9sifs\\\/rubans-adhesifs-simple-face\\\/ruban-de-masquage\\\/tesa-4289-strapping-tape\\\/\"]}]},{\"@type\":\"ImageObject\",\"inLanguage\":\"fr-FR\",\"@id\":\"https:\\\/\\\/cardinal-tapes.com\\\/fr\\\/rubans-adh\u00e9sifs\\\/rubans-adhesifs-simple-face\\\/ruban-de-masquage\\\/tesa-4289-strapping-tape\\\/#primaryimage\",\"url\":\"https:\\\/\\\/cardinal-tapes.com\\\/wp-content\\\/uploads\\\/tesa-04289.jpg\",\"contentUrl\":\"https:\\\/\\\/cardinal-tapes.com\\\/wp-content\\\/uploads\\\/tesa-04289.jpg\",\"width\":600,\"height\":600,\"caption\":\"tesa 4289 Ruban adh\u00e9sif\"},{\"@type\":\"BreadcrumbList\",\"@id\":\"https:\\\/\\\/cardinal-tapes.com\\\/fr\\\/rubans-adh\u00e9sifs\\\/rubans-adhesifs-simple-face\\\/ruban-de-masquage\\\/tesa-4289-strapping-tape\\\/#breadcrumb\",\"itemListElement\":[{\"@type\":\"ListItem\",\"position\":1,\"name\":\"Startseite\",\"item\":\"https:\\\/\\\/cardinal-tapes.com\\\/fr\\\/accueil\\\/\"},{\"@type\":\"ListItem\",\"position\":2,\"name\":\"Rubans adh\u00e9sifs\",\"item\":\"https:\\\/\\\/cardinal-tapes.com\\\/fr\\\/rubans-adhesifs-fr\\\/\"},{\"@type\":\"ListItem\",\"position\":3,\"name\":\"Domaines d&#039;application\",\"item\":\"https:\\\/\\\/cardinal-tapes.com\\\/fr\\\/catgorie\\\/domaines-dapplication\\\/\"},{\"@type\":\"ListItem\",\"position\":4,\"name\":\"Acier et verre\",\"item\":\"https:\\\/\\\/cardinal-tapes.com\\\/fr\\\/catgorie\\\/acier-et-verre\\\/\"},{\"@type\":\"ListItem\",\"position\":5,\"name\":\"tesa\u00ae 4289 Ruban adh\u00e9sif pour strapping\"}]},{\"@type\":\"WebSite\",\"@id\":\"https:\\\/\\\/cardinal-tapes.com\\\/#website\",\"url\":\"https:\\\/\\\/cardinal-tapes.com\\\/\",\"name\":\"cardinal TAPES\",\"description\":\"Klebetechnik aus Wuppertal\",\"potentialAction\":[{\"@type\":\"SearchAction\",\"target\":{\"@type\":\"EntryPoint\",\"urlTemplate\":\"https:\\\/\\\/cardinal-tapes.com\\\/?s={search_term_string}\"},\"query-input\":{\"@type\":\"PropertyValueSpecification\",\"valueRequired\":true,\"valueName\":\"search_term_string\"}}],\"inLanguage\":\"fr-FR\"}]}<\/script>\n<!-- \/ Yoast SEO plugin. -->","yoast_head_json":{"title":"Tesa 4289 Ruban adh\u00e9sif de cerclage | Cardinal TAPES","description":"Tesa 4289 est un ruban adh\u00e9sif strapping extr\u00eamement r\u00e9sistant \u00e0 la d\u00e9chirure, \u00e0 base d'un film MOPP avec une masse adh\u00e9sive en caoutchouc naturel. En savoir plus sur tesa 4289.","robots":{"index":"index","follow":"follow","max-snippet":"max-snippet:-1","max-image-preview":"max-image-preview:large","max-video-preview":"max-video-preview:-1"},"canonical":"https:\/\/cardinal-tapes.com\/fr\/rubans-adh\u00e9sifs\/rubans-adhesifs-simple-face\/ruban-de-masquage\/tesa-4289-strapping-tape\/","og_locale":"fr_FR","og_type":"article","og_title":"Tesa 4289 Ruban adh\u00e9sif de cerclage | Cardinal TAPES","og_description":"Tesa 4289 est un ruban adh\u00e9sif strapping extr\u00eamement r\u00e9sistant \u00e0 la d\u00e9chirure, \u00e0 base d'un film MOPP avec une masse adh\u00e9sive en caoutchouc naturel. En savoir plus sur tesa 4289.","og_url":"https:\/\/cardinal-tapes.com\/fr\/rubans-adh\u00e9sifs\/rubans-adhesifs-simple-face\/ruban-de-masquage\/tesa-4289-strapping-tape\/","og_site_name":"cardinal TAPES","article_modified_time":"2025-07-03T13:59:41+00:00","og_image":[{"width":600,"height":600,"url":"https:\/\/cardinal-tapes.com\/wp-content\/uploads\/tesa-04289.jpg","type":"image\/jpeg"}],"twitter_card":"summary_large_image","twitter_misc":{"Dur\u00e9e de lecture estim\u00e9e":"1 minute"},"schema":{"@context":"https:\/\/schema.org","@graph":[{"@type":"WebPage","@id":"https:\/\/cardinal-tapes.com\/fr\/rubans-adh\u00e9sifs\/rubans-adhesifs-simple-face\/ruban-de-masquage\/tesa-4289-strapping-tape\/","url":"https:\/\/cardinal-tapes.com\/fr\/rubans-adh\u00e9sifs\/rubans-adhesifs-simple-face\/ruban-de-masquage\/tesa-4289-strapping-tape\/","name":"Tesa 4289 Ruban adh\u00e9sif de cerclage | Cardinal TAPES","isPartOf":{"@id":"https:\/\/cardinal-tapes.com\/#website"},"primaryImageOfPage":{"@id":"https:\/\/cardinal-tapes.com\/fr\/rubans-adh\u00e9sifs\/rubans-adhesifs-simple-face\/ruban-de-masquage\/tesa-4289-strapping-tape\/#primaryimage"},"image":{"@id":"https:\/\/cardinal-tapes.com\/fr\/rubans-adh\u00e9sifs\/rubans-adhesifs-simple-face\/ruban-de-masquage\/tesa-4289-strapping-tape\/#primaryimage"},"thumbnailUrl":"https:\/\/cardinal-tapes.com\/wp-content\/uploads\/tesa-04289.jpg","datePublished":"2018-02-20T12:18:41+00:00","dateModified":"2025-07-03T13:59:41+00:00","description":"Tesa 4289 est un ruban adh\u00e9sif strapping extr\u00eamement r\u00e9sistant \u00e0 la d\u00e9chirure, \u00e0 base d'un film MOPP avec une masse adh\u00e9sive en caoutchouc naturel. En savoir plus sur tesa 4289.","breadcrumb":{"@id":"https:\/\/cardinal-tapes.com\/fr\/rubans-adh\u00e9sifs\/rubans-adhesifs-simple-face\/ruban-de-masquage\/tesa-4289-strapping-tape\/#breadcrumb"},"inLanguage":"fr-FR","potentialAction":[{"@type":"ReadAction","target":["https:\/\/cardinal-tapes.com\/fr\/rubans-adh\u00e9sifs\/rubans-adhesifs-simple-face\/ruban-de-masquage\/tesa-4289-strapping-tape\/"]}]},{"@type":"ImageObject","inLanguage":"fr-FR","@id":"https:\/\/cardinal-tapes.com\/fr\/rubans-adh\u00e9sifs\/rubans-adhesifs-simple-face\/ruban-de-masquage\/tesa-4289-strapping-tape\/#primaryimage","url":"https:\/\/cardinal-tapes.com\/wp-content\/uploads\/tesa-04289.jpg","contentUrl":"https:\/\/cardinal-tapes.com\/wp-content\/uploads\/tesa-04289.jpg","width":600,"height":600,"caption":"tesa 4289 Ruban adh\u00e9sif"},{"@type":"BreadcrumbList","@id":"https:\/\/cardinal-tapes.com\/fr\/rubans-adh\u00e9sifs\/rubans-adhesifs-simple-face\/ruban-de-masquage\/tesa-4289-strapping-tape\/#breadcrumb","itemListElement":[{"@type":"ListItem","position":1,"name":"Startseite","item":"https:\/\/cardinal-tapes.com\/fr\/accueil\/"},{"@type":"ListItem","position":2,"name":"Rubans adh\u00e9sifs","item":"https:\/\/cardinal-tapes.com\/fr\/rubans-adhesifs-fr\/"},{"@type":"ListItem","position":3,"name":"Domaines d&#039;application","item":"https:\/\/cardinal-tapes.com\/fr\/catgorie\/domaines-dapplication\/"},{"@type":"ListItem","position":4,"name":"Acier et verre","item":"https:\/\/cardinal-tapes.com\/fr\/catgorie\/acier-et-verre\/"},{"@type":"ListItem","position":5,"name":"tesa\u00ae 4289 Ruban adh\u00e9sif pour strapping"}]},{"@type":"WebSite","@id":"https:\/\/cardinal-tapes.com\/#website","url":"https:\/\/cardinal-tapes.com\/","name":"cardinal TAPES","description":"Klebetechnik aus Wuppertal","potentialAction":[{"@type":"SearchAction","target":{"@type":"EntryPoint","urlTemplate":"https:\/\/cardinal-tapes.com\/?s={search_term_string}"},"query-input":{"@type":"PropertyValueSpecification","valueRequired":true,"valueName":"search_term_string"}}],"inLanguage":"fr-FR"}]}},"brands":[{"id":2165,"name":"tesa","slug":"tesa-fr"}],"_links":{"self":[{"href":"https:\/\/cardinal-tapes.com\/fr\/wp-json\/wp\/v2\/product\/57045","targetHints":{"allow":["GET"]}}],"collection":[{"href":"https:\/\/cardinal-tapes.com\/fr\/wp-json\/wp\/v2\/product"}],"about":[{"href":"https:\/\/cardinal-tapes.com\/fr\/wp-json\/wp\/v2\/types\/product"}],"wp:featuredmedia":[{"embeddable":true,"href":"https:\/\/cardinal-tapes.com\/fr\/wp-json\/wp\/v2\/media\/26456"}],"wp:attachment":[{"href":"https:\/\/cardinal-tapes.com\/fr\/wp-json\/wp\/v2\/media?parent=57045"}],"wp:term":[{"taxonomy":"pwb-brand","embeddable":true,"href":"https:\/\/cardinal-tapes.com\/fr\/wp-json\/wp\/v2\/pwb-brand?post=57045"},{"taxonomy":"product_brand","embeddable":true,"href":"https:\/\/cardinal-tapes.com\/fr\/wp-json\/wp\/v2\/product_brand?post=57045"},{"taxonomy":"product_cat","embeddable":true,"href":"https:\/\/cardinal-tapes.com\/fr\/wp-json\/wp\/v2\/product_cat?post=57045"},{"taxonomy":"product_tag","embeddable":true,"href":"https:\/\/cardinal-tapes.com\/fr\/wp-json\/wp\/v2\/product_tag?post=57045"}],"curies":[{"name":"wp","href":"https:\/\/api.w.org\/{rel}","templated":true}]}}