{"id":57038,"date":"2018-02-20T12:17:47","date_gmt":"2023-06-05T15:27:07","guid":{"rendered":"https:\/\/cardinal.pixel-tal.de\/klebebaender\/non%20class\u00e9\/tesafilm-4129-produit-adhesif-simple-face-avec-support-polyester\/"},"modified":"2025-07-03T15:53:50","modified_gmt":"2025-07-03T13:53:50","slug":"tesa-4129-produit-adhesif-une-face-avec-trace-polyester","status":"publish","type":"product","link":"https:\/\/cardinal-tapes.com\/fr\/rubans-adh\u00e9sifs\/rubans-adhesifs-simple-face\/tesa-4129-produit-adhesif-une-face-avec-trace-polyester\/","title":{"rendered":"tesafilm\u00ae 4129 Produit adh\u00e9sif simple face avec support polyester"},"content":{"rendered":"<p><sup>tesafilm\u00ae<\/sup> 4129 se caract\u00e9rise par une grande r\u00e9sistance \u00e0 la lumi\u00e8re et \u00e0 la temp\u00e9rature. <sup>tesafilm\u00ae<\/sup> 4129 r\u00e9siste \u00e0 l&#8217;humidit\u00e9 et \u00e0 de nombreux produits chimiques. Il offre une force de d\u00e9chirement \u00e9lev\u00e9e et poss\u00e8de une masse adh\u00e9sive avec un tr\u00e8s bon pouvoir adh\u00e9sif initial.<\/p>\n<p><strong>Caract\u00e9ristiques<\/strong><br \/>\n&#8211; Tr\u00e8s grande r\u00e9sistance \u00e0 la lumi\u00e8re et \u00e0 la temp\u00e9rature<br \/>\n&#8211; R\u00e9siste \u00e0 l&#8217;humidit\u00e9 et \u00e0 de nombreux produits chimiques<\/p>\n<p><strong>Applications<\/strong><br \/>\n&#8211; collage en continu de films<br \/>\n&#8211; protection des bords et renforcement<br \/>\n&#8211; montage lithographique<br \/>\n&#8211; collage en continu de films n\u00e9gatifs avant le d\u00e9veloppement<\/p>\n","protected":false},"excerpt":{"rendered":"<p>tesafilm\u00ae 4129 se caract\u00e9rise par une grande r\u00e9sistance \u00e0 la lumi\u00e8re et \u00e0 la temp\u00e9rature. tesafilm\u00ae 4129 r\u00e9siste \u00e0 l&#8217;humidit\u00e9 et \u00e0 de nombreux produits chimiques. Il offre une force de d\u00e9chirement \u00e9lev\u00e9e et poss\u00e8de une masse adh\u00e9sive avec un tr\u00e8s bon pouvoir adh\u00e9sif initial. Caract\u00e9ristiques &#8211; Tr\u00e8s grande r\u00e9sistance \u00e0 la lumi\u00e8re et \u00e0 [&hellip;]<\/p>\n","protected":false},"featured_media":26448,"template":"","meta":{"_acf_changed":false},"pwb-brand":[2165],"product_brand":[],"product_cat":[1836],"product_tag":[],"class_list":{"0":"post-57038","1":"product","2":"type-product","3":"status-publish","4":"has-post-thumbnail","6":"pwb-brand-tesa-fr","7":"product_cat-rubans-adhesifs-simple-face","9":"first","10":"instock","11":"taxable","12":"shipping-taxable","13":"purchasable","14":"product-type-variable"},"acf":[],"yoast_head":"<!-- This site is optimized with the Yoast SEO plugin v27.3 - https:\/\/yoast.com\/product\/yoast-seo-wordpress\/ -->\n<title>Tesa 4129 Produit adh\u00e9sif simple face avec support polyester | Cardinal<\/title>\n<meta name=\"description\" content=\"Tesa 4129 se caract\u00e9rise par une grande r\u00e9sistance \u00e0 la lumi\u00e8re et \u00e0 la temp\u00e9rature. tesa 4129 r\u00e9siste \u00e0 l&#039;humidit\u00e9 et \u00e0 de nombreux produits chimiques.\" \/>\n<meta name=\"robots\" content=\"index, follow, max-snippet:-1, max-image-preview:large, max-video-preview:-1\" \/>\n<link rel=\"canonical\" href=\"https:\/\/cardinal-tapes.com\/fr\/rubans-adh\u00e9sifs\/rubans-adhesifs-simple-face\/tesa-4129-produit-adhesif-une-face-avec-trace-polyester\/\" \/>\n<meta property=\"og:locale\" content=\"fr_FR\" \/>\n<meta property=\"og:type\" content=\"article\" \/>\n<meta property=\"og:title\" content=\"Tesa 4129 Produit adh\u00e9sif simple face avec support polyester | Cardinal\" \/>\n<meta property=\"og:description\" content=\"Tesa 4129 se caract\u00e9rise par une grande r\u00e9sistance \u00e0 la lumi\u00e8re et \u00e0 la temp\u00e9rature. tesa 4129 r\u00e9siste \u00e0 l&#039;humidit\u00e9 et \u00e0 de nombreux produits chimiques.\" \/>\n<meta property=\"og:url\" content=\"https:\/\/cardinal-tapes.com\/fr\/rubans-adh\u00e9sifs\/rubans-adhesifs-simple-face\/tesa-4129-produit-adhesif-une-face-avec-trace-polyester\/\" \/>\n<meta property=\"og:site_name\" content=\"cardinal TAPES\" \/>\n<meta property=\"article:modified_time\" content=\"2025-07-03T13:53:50+00:00\" \/>\n<meta property=\"og:image\" content=\"https:\/\/cardinal-tapes.com\/wp-content\/uploads\/tesa-4129.jpg\" \/>\n\t<meta property=\"og:image:width\" content=\"600\" \/>\n\t<meta property=\"og:image:height\" content=\"600\" \/>\n\t<meta property=\"og:image:type\" content=\"image\/jpeg\" \/>\n<meta name=\"twitter:card\" content=\"summary_large_image\" \/>\n<meta name=\"twitter:label1\" content=\"Dur\u00e9e de lecture estim\u00e9e\" \/>\n\t<meta name=\"twitter:data1\" content=\"1 minute\" \/>\n<script type=\"application\/ld+json\" class=\"yoast-schema-graph\">{\"@context\":\"https:\\\/\\\/schema.org\",\"@graph\":[{\"@type\":\"WebPage\",\"@id\":\"https:\\\/\\\/cardinal-tapes.com\\\/fr\\\/rubans-adh\u00e9sifs\\\/rubans-adhesifs-simple-face\\\/tesa-4129-produit-adhesif-une-face-avec-trace-polyester\\\/\",\"url\":\"https:\\\/\\\/cardinal-tapes.com\\\/fr\\\/rubans-adh\u00e9sifs\\\/rubans-adhesifs-simple-face\\\/tesa-4129-produit-adhesif-une-face-avec-trace-polyester\\\/\",\"name\":\"Tesa 4129 Produit adh\u00e9sif simple face avec support polyester | Cardinal\",\"isPartOf\":{\"@id\":\"https:\\\/\\\/cardinal-tapes.com\\\/#website\"},\"primaryImageOfPage\":{\"@id\":\"https:\\\/\\\/cardinal-tapes.com\\\/fr\\\/rubans-adh\u00e9sifs\\\/rubans-adhesifs-simple-face\\\/tesa-4129-produit-adhesif-une-face-avec-trace-polyester\\\/#primaryimage\"},\"image\":{\"@id\":\"https:\\\/\\\/cardinal-tapes.com\\\/fr\\\/rubans-adh\u00e9sifs\\\/rubans-adhesifs-simple-face\\\/tesa-4129-produit-adhesif-une-face-avec-trace-polyester\\\/#primaryimage\"},\"thumbnailUrl\":\"https:\\\/\\\/cardinal-tapes.com\\\/wp-content\\\/uploads\\\/tesa-4129.jpg\",\"datePublished\":\"2023-06-05T15:27:07+00:00\",\"dateModified\":\"2025-07-03T13:53:50+00:00\",\"description\":\"Tesa 4129 se caract\u00e9rise par une grande r\u00e9sistance \u00e0 la lumi\u00e8re et \u00e0 la temp\u00e9rature. tesa 4129 r\u00e9siste \u00e0 l'humidit\u00e9 et \u00e0 de nombreux produits chimiques.\",\"breadcrumb\":{\"@id\":\"https:\\\/\\\/cardinal-tapes.com\\\/fr\\\/rubans-adh\u00e9sifs\\\/rubans-adhesifs-simple-face\\\/tesa-4129-produit-adhesif-une-face-avec-trace-polyester\\\/#breadcrumb\"},\"inLanguage\":\"fr-FR\",\"potentialAction\":[{\"@type\":\"ReadAction\",\"target\":[\"https:\\\/\\\/cardinal-tapes.com\\\/fr\\\/rubans-adh\u00e9sifs\\\/rubans-adhesifs-simple-face\\\/tesa-4129-produit-adhesif-une-face-avec-trace-polyester\\\/\"]}]},{\"@type\":\"ImageObject\",\"inLanguage\":\"fr-FR\",\"@id\":\"https:\\\/\\\/cardinal-tapes.com\\\/fr\\\/rubans-adh\u00e9sifs\\\/rubans-adhesifs-simple-face\\\/tesa-4129-produit-adhesif-une-face-avec-trace-polyester\\\/#primaryimage\",\"url\":\"https:\\\/\\\/cardinal-tapes.com\\\/wp-content\\\/uploads\\\/tesa-4129.jpg\",\"contentUrl\":\"https:\\\/\\\/cardinal-tapes.com\\\/wp-content\\\/uploads\\\/tesa-4129.jpg\",\"width\":600,\"height\":600,\"caption\":\"tesa 4129 Ruban adh\u00e9sif\"},{\"@type\":\"BreadcrumbList\",\"@id\":\"https:\\\/\\\/cardinal-tapes.com\\\/fr\\\/rubans-adh\u00e9sifs\\\/rubans-adhesifs-simple-face\\\/tesa-4129-produit-adhesif-une-face-avec-trace-polyester\\\/#breadcrumb\",\"itemListElement\":[{\"@type\":\"ListItem\",\"position\":1,\"name\":\"Startseite\",\"item\":\"https:\\\/\\\/cardinal-tapes.com\\\/fr\\\/accueil\\\/\"},{\"@type\":\"ListItem\",\"position\":2,\"name\":\"Rubans adh\u00e9sifs\",\"item\":\"https:\\\/\\\/cardinal-tapes.com\\\/fr\\\/rubans-adhesifs-fr\\\/\"},{\"@type\":\"ListItem\",\"position\":3,\"name\":\"Einseitige Klebeb\u00e4nder\",\"item\":\"https:\\\/\\\/cardinal-tapes.com\\\/kategorie\\\/einseitige-klebebaender\\\/\"},{\"@type\":\"ListItem\",\"position\":4,\"name\":\"tesafilm\u00ae 4129 Produit adh\u00e9sif simple face avec support polyester\"}]},{\"@type\":\"WebSite\",\"@id\":\"https:\\\/\\\/cardinal-tapes.com\\\/#website\",\"url\":\"https:\\\/\\\/cardinal-tapes.com\\\/\",\"name\":\"cardinal TAPES\",\"description\":\"Klebetechnik aus Wuppertal\",\"potentialAction\":[{\"@type\":\"SearchAction\",\"target\":{\"@type\":\"EntryPoint\",\"urlTemplate\":\"https:\\\/\\\/cardinal-tapes.com\\\/?s={search_term_string}\"},\"query-input\":{\"@type\":\"PropertyValueSpecification\",\"valueRequired\":true,\"valueName\":\"search_term_string\"}}],\"inLanguage\":\"fr-FR\"}]}<\/script>\n<!-- \/ Yoast SEO plugin. -->","yoast_head_json":{"title":"Tesa 4129 Produit adh\u00e9sif simple face avec support polyester | Cardinal","description":"Tesa 4129 se caract\u00e9rise par une grande r\u00e9sistance \u00e0 la lumi\u00e8re et \u00e0 la temp\u00e9rature. tesa 4129 r\u00e9siste \u00e0 l'humidit\u00e9 et \u00e0 de nombreux produits chimiques.","robots":{"index":"index","follow":"follow","max-snippet":"max-snippet:-1","max-image-preview":"max-image-preview:large","max-video-preview":"max-video-preview:-1"},"canonical":"https:\/\/cardinal-tapes.com\/fr\/rubans-adh\u00e9sifs\/rubans-adhesifs-simple-face\/tesa-4129-produit-adhesif-une-face-avec-trace-polyester\/","og_locale":"fr_FR","og_type":"article","og_title":"Tesa 4129 Produit adh\u00e9sif simple face avec support polyester | Cardinal","og_description":"Tesa 4129 se caract\u00e9rise par une grande r\u00e9sistance \u00e0 la lumi\u00e8re et \u00e0 la temp\u00e9rature. tesa 4129 r\u00e9siste \u00e0 l'humidit\u00e9 et \u00e0 de nombreux produits chimiques.","og_url":"https:\/\/cardinal-tapes.com\/fr\/rubans-adh\u00e9sifs\/rubans-adhesifs-simple-face\/tesa-4129-produit-adhesif-une-face-avec-trace-polyester\/","og_site_name":"cardinal TAPES","article_modified_time":"2025-07-03T13:53:50+00:00","og_image":[{"width":600,"height":600,"url":"https:\/\/cardinal-tapes.com\/wp-content\/uploads\/tesa-4129.jpg","type":"image\/jpeg"}],"twitter_card":"summary_large_image","twitter_misc":{"Dur\u00e9e de lecture estim\u00e9e":"1 minute"},"schema":{"@context":"https:\/\/schema.org","@graph":[{"@type":"WebPage","@id":"https:\/\/cardinal-tapes.com\/fr\/rubans-adh\u00e9sifs\/rubans-adhesifs-simple-face\/tesa-4129-produit-adhesif-une-face-avec-trace-polyester\/","url":"https:\/\/cardinal-tapes.com\/fr\/rubans-adh\u00e9sifs\/rubans-adhesifs-simple-face\/tesa-4129-produit-adhesif-une-face-avec-trace-polyester\/","name":"Tesa 4129 Produit adh\u00e9sif simple face avec support polyester | Cardinal","isPartOf":{"@id":"https:\/\/cardinal-tapes.com\/#website"},"primaryImageOfPage":{"@id":"https:\/\/cardinal-tapes.com\/fr\/rubans-adh\u00e9sifs\/rubans-adhesifs-simple-face\/tesa-4129-produit-adhesif-une-face-avec-trace-polyester\/#primaryimage"},"image":{"@id":"https:\/\/cardinal-tapes.com\/fr\/rubans-adh\u00e9sifs\/rubans-adhesifs-simple-face\/tesa-4129-produit-adhesif-une-face-avec-trace-polyester\/#primaryimage"},"thumbnailUrl":"https:\/\/cardinal-tapes.com\/wp-content\/uploads\/tesa-4129.jpg","datePublished":"2023-06-05T15:27:07+00:00","dateModified":"2025-07-03T13:53:50+00:00","description":"Tesa 4129 se caract\u00e9rise par une grande r\u00e9sistance \u00e0 la lumi\u00e8re et \u00e0 la temp\u00e9rature. tesa 4129 r\u00e9siste \u00e0 l'humidit\u00e9 et \u00e0 de nombreux produits chimiques.","breadcrumb":{"@id":"https:\/\/cardinal-tapes.com\/fr\/rubans-adh\u00e9sifs\/rubans-adhesifs-simple-face\/tesa-4129-produit-adhesif-une-face-avec-trace-polyester\/#breadcrumb"},"inLanguage":"fr-FR","potentialAction":[{"@type":"ReadAction","target":["https:\/\/cardinal-tapes.com\/fr\/rubans-adh\u00e9sifs\/rubans-adhesifs-simple-face\/tesa-4129-produit-adhesif-une-face-avec-trace-polyester\/"]}]},{"@type":"ImageObject","inLanguage":"fr-FR","@id":"https:\/\/cardinal-tapes.com\/fr\/rubans-adh\u00e9sifs\/rubans-adhesifs-simple-face\/tesa-4129-produit-adhesif-une-face-avec-trace-polyester\/#primaryimage","url":"https:\/\/cardinal-tapes.com\/wp-content\/uploads\/tesa-4129.jpg","contentUrl":"https:\/\/cardinal-tapes.com\/wp-content\/uploads\/tesa-4129.jpg","width":600,"height":600,"caption":"tesa 4129 Ruban adh\u00e9sif"},{"@type":"BreadcrumbList","@id":"https:\/\/cardinal-tapes.com\/fr\/rubans-adh\u00e9sifs\/rubans-adhesifs-simple-face\/tesa-4129-produit-adhesif-une-face-avec-trace-polyester\/#breadcrumb","itemListElement":[{"@type":"ListItem","position":1,"name":"Startseite","item":"https:\/\/cardinal-tapes.com\/fr\/accueil\/"},{"@type":"ListItem","position":2,"name":"Rubans adh\u00e9sifs","item":"https:\/\/cardinal-tapes.com\/fr\/rubans-adhesifs-fr\/"},{"@type":"ListItem","position":3,"name":"Einseitige Klebeb\u00e4nder","item":"https:\/\/cardinal-tapes.com\/kategorie\/einseitige-klebebaender\/"},{"@type":"ListItem","position":4,"name":"tesafilm\u00ae 4129 Produit adh\u00e9sif simple face avec support polyester"}]},{"@type":"WebSite","@id":"https:\/\/cardinal-tapes.com\/#website","url":"https:\/\/cardinal-tapes.com\/","name":"cardinal TAPES","description":"Klebetechnik aus Wuppertal","potentialAction":[{"@type":"SearchAction","target":{"@type":"EntryPoint","urlTemplate":"https:\/\/cardinal-tapes.com\/?s={search_term_string}"},"query-input":{"@type":"PropertyValueSpecification","valueRequired":true,"valueName":"search_term_string"}}],"inLanguage":"fr-FR"}]}},"brands":[{"id":2165,"name":"tesa","slug":"tesa-fr"}],"_links":{"self":[{"href":"https:\/\/cardinal-tapes.com\/fr\/wp-json\/wp\/v2\/product\/57038","targetHints":{"allow":["GET"]}}],"collection":[{"href":"https:\/\/cardinal-tapes.com\/fr\/wp-json\/wp\/v2\/product"}],"about":[{"href":"https:\/\/cardinal-tapes.com\/fr\/wp-json\/wp\/v2\/types\/product"}],"wp:featuredmedia":[{"embeddable":true,"href":"https:\/\/cardinal-tapes.com\/fr\/wp-json\/wp\/v2\/media\/26448"}],"wp:attachment":[{"href":"https:\/\/cardinal-tapes.com\/fr\/wp-json\/wp\/v2\/media?parent=57038"}],"wp:term":[{"taxonomy":"pwb-brand","embeddable":true,"href":"https:\/\/cardinal-tapes.com\/fr\/wp-json\/wp\/v2\/pwb-brand?post=57038"},{"taxonomy":"product_brand","embeddable":true,"href":"https:\/\/cardinal-tapes.com\/fr\/wp-json\/wp\/v2\/product_brand?post=57038"},{"taxonomy":"product_cat","embeddable":true,"href":"https:\/\/cardinal-tapes.com\/fr\/wp-json\/wp\/v2\/product_cat?post=57038"},{"taxonomy":"product_tag","embeddable":true,"href":"https:\/\/cardinal-tapes.com\/fr\/wp-json\/wp\/v2\/product_tag?post=57038"}],"curies":[{"name":"wp","href":"https:\/\/api.w.org\/{rel}","templated":true}]}}