{"id":56929,"date":"2018-02-20T14:31:34","date_gmt":"2023-06-05T15:27:05","guid":{"rendered":"https:\/\/cardinal.pixel-tal.de\/klebebaender\/non%20class\u00e9\/tesa-4600-ruban-silicone-autosoudable-pour-un-scellage-hermetique-immediat\/"},"modified":"2025-07-03T16:11:09","modified_gmt":"2025-07-03T14:11:09","slug":"tesa-4600-bande-de-reparation-auto-soudante-en-silicone","status":"publish","type":"product","link":"https:\/\/cardinal-tapes.com\/fr\/rubans-adh\u00e9sifs\/rubans-adhesifs-simple-face\/tesa-4600-bande-de-reparation-auto-soudante-en-silicone\/","title":{"rendered":"tesa\u00ae 4600 Ruban silicone autosoudable pour un scellage herm\u00e9tique imm\u00e9diat"},"content":{"rendered":"<p><sup>tesa\u00ae<\/sup> 4600 est un ruban silicone autosoudable sans masse adh\u00e9sive, qui se colle sur son propre support. Gr\u00e2ce \u00e0 la flexibilit\u00e9 du mat\u00e9riau, il s&#8217;adapte parfaitement aux diff\u00e9rentes surfaces et garantit un scellement herm\u00e9tique imm\u00e9diat. Ce produit donne \u00e9galement des r\u00e9sultats d&#8217;application fiables \u00e0 l&#8217;ext\u00e9rieur sur des surfaces huileuses, sales ou humides. Une application sous l&#8217;eau est \u00e9galement possible. Gr\u00e2ce \u00e0 son support en silicone, il pr\u00e9sente une excellente r\u00e9sistance \u00e0 divers produits chimiques, aux huiles, aux acides, aux solvants, \u00e0 l&#8217;eau sal\u00e9e, aux rayons UV et aux temp\u00e9ratures \u00e9lev\u00e9es. <sup>tesa\u00ae<\/sup> 4600 poss\u00e8de un liner et est disponible en noir et en transparent.<\/p>\n<p><strong>Caract\u00e9ristiques<\/strong><br \/>\n&#8211; Extr\u00eamement r\u00e9sistant aux produits chimiques et aux liquides<br \/>\n&#8211; R\u00e9sistance aux rayons UV et aux temp\u00e9ratures \u00e9lev\u00e9es<\/p>\n<p><strong>Applications<\/strong><br \/>\n&#8211; Isolation et protection des c\u00e2bles et des connexions<br \/>\n&#8211; Isolation et protection des c\u00e2bles et des connexions jusqu&#8217;\u00e0 8000V<\/p>\n","protected":false},"excerpt":{"rendered":"<p>tesa\u00ae 4600 est un ruban silicone autosoudable sans masse adh\u00e9sive, qui se colle sur son propre support. Gr\u00e2ce \u00e0 la flexibilit\u00e9 du mat\u00e9riau, il s&#8217;adapte parfaitement aux diff\u00e9rentes surfaces et garantit un scellement herm\u00e9tique imm\u00e9diat. Ce produit donne \u00e9galement des r\u00e9sultats d&#8217;application fiables \u00e0 l&#8217;ext\u00e9rieur sur des surfaces huileuses, sales ou humides. Une application sous [&hellip;]<\/p>\n","protected":false},"featured_media":26476,"template":"","meta":{"_acf_changed":false},"pwb-brand":[2165],"product_brand":[],"product_cat":[1836],"product_tag":[],"class_list":{"0":"post-56929","1":"product","2":"type-product","3":"status-publish","4":"has-post-thumbnail","6":"pwb-brand-tesa-fr","7":"product_cat-rubans-adhesifs-simple-face","9":"first","10":"instock","11":"taxable","12":"shipping-taxable","13":"purchasable","14":"product-type-variable"},"acf":[],"yoast_head":"<!-- This site is optimized with the Yoast SEO plugin v27.3 - https:\/\/yoast.com\/product\/yoast-seo-wordpress\/ -->\n<title>Tesa 4600 Ruban de r\u00e9paration en silicone autosoudable | Cardinal<\/title>\n<meta name=\"description\" content=\"Tesa 4600 est un ruban silicone autosoudable sans masse adh\u00e9sive, qui se colle sur son propre support. Apprenez-en plus sur tesa 4600 ici.\" \/>\n<meta name=\"robots\" content=\"index, follow, max-snippet:-1, max-image-preview:large, max-video-preview:-1\" \/>\n<link rel=\"canonical\" href=\"https:\/\/cardinal-tapes.com\/fr\/rubans-adh\u00e9sifs\/rubans-adhesifs-simple-face\/tesa-4600-bande-de-reparation-auto-soudante-en-silicone\/\" \/>\n<meta property=\"og:locale\" content=\"fr_FR\" \/>\n<meta property=\"og:type\" content=\"article\" \/>\n<meta property=\"og:title\" content=\"Tesa 4600 Ruban de r\u00e9paration en silicone autosoudable | Cardinal\" \/>\n<meta property=\"og:description\" content=\"Tesa 4600 est un ruban silicone autosoudable sans masse adh\u00e9sive, qui se colle sur son propre support. Apprenez-en plus sur tesa 4600 ici.\" \/>\n<meta property=\"og:url\" content=\"https:\/\/cardinal-tapes.com\/fr\/rubans-adh\u00e9sifs\/rubans-adhesifs-simple-face\/tesa-4600-bande-de-reparation-auto-soudante-en-silicone\/\" \/>\n<meta property=\"og:site_name\" content=\"cardinal TAPES\" \/>\n<meta property=\"article:modified_time\" content=\"2025-07-03T14:11:09+00:00\" \/>\n<meta property=\"og:image\" content=\"https:\/\/cardinal-tapes.com\/wp-content\/uploads\/tesa-professional-xtreme-conditions.jpg\" \/>\n\t<meta property=\"og:image:width\" content=\"600\" \/>\n\t<meta property=\"og:image:height\" content=\"600\" \/>\n\t<meta property=\"og:image:type\" content=\"image\/jpeg\" \/>\n<meta name=\"twitter:card\" content=\"summary_large_image\" \/>\n<meta name=\"twitter:label1\" content=\"Dur\u00e9e de lecture estim\u00e9e\" \/>\n\t<meta name=\"twitter:data1\" content=\"1 minute\" \/>\n<script type=\"application\/ld+json\" class=\"yoast-schema-graph\">{\"@context\":\"https:\\\/\\\/schema.org\",\"@graph\":[{\"@type\":\"WebPage\",\"@id\":\"https:\\\/\\\/cardinal-tapes.com\\\/fr\\\/rubans-adh\u00e9sifs\\\/rubans-adhesifs-simple-face\\\/tesa-4600-bande-de-reparation-auto-soudante-en-silicone\\\/\",\"url\":\"https:\\\/\\\/cardinal-tapes.com\\\/fr\\\/rubans-adh\u00e9sifs\\\/rubans-adhesifs-simple-face\\\/tesa-4600-bande-de-reparation-auto-soudante-en-silicone\\\/\",\"name\":\"Tesa 4600 Ruban de r\u00e9paration en silicone autosoudable | Cardinal\",\"isPartOf\":{\"@id\":\"https:\\\/\\\/cardinal-tapes.com\\\/#website\"},\"primaryImageOfPage\":{\"@id\":\"https:\\\/\\\/cardinal-tapes.com\\\/fr\\\/rubans-adh\u00e9sifs\\\/rubans-adhesifs-simple-face\\\/tesa-4600-bande-de-reparation-auto-soudante-en-silicone\\\/#primaryimage\"},\"image\":{\"@id\":\"https:\\\/\\\/cardinal-tapes.com\\\/fr\\\/rubans-adh\u00e9sifs\\\/rubans-adhesifs-simple-face\\\/tesa-4600-bande-de-reparation-auto-soudante-en-silicone\\\/#primaryimage\"},\"thumbnailUrl\":\"https:\\\/\\\/cardinal-tapes.com\\\/wp-content\\\/uploads\\\/tesa-professional-xtreme-conditions.jpg\",\"datePublished\":\"2023-06-05T15:27:05+00:00\",\"dateModified\":\"2025-07-03T14:11:09+00:00\",\"description\":\"Tesa 4600 est un ruban silicone autosoudable sans masse adh\u00e9sive, qui se colle sur son propre support. Apprenez-en plus sur tesa 4600 ici.\",\"breadcrumb\":{\"@id\":\"https:\\\/\\\/cardinal-tapes.com\\\/fr\\\/rubans-adh\u00e9sifs\\\/rubans-adhesifs-simple-face\\\/tesa-4600-bande-de-reparation-auto-soudante-en-silicone\\\/#breadcrumb\"},\"inLanguage\":\"fr-FR\",\"potentialAction\":[{\"@type\":\"ReadAction\",\"target\":[\"https:\\\/\\\/cardinal-tapes.com\\\/fr\\\/rubans-adh\u00e9sifs\\\/rubans-adhesifs-simple-face\\\/tesa-4600-bande-de-reparation-auto-soudante-en-silicone\\\/\"]}]},{\"@type\":\"ImageObject\",\"inLanguage\":\"fr-FR\",\"@id\":\"https:\\\/\\\/cardinal-tapes.com\\\/fr\\\/rubans-adh\u00e9sifs\\\/rubans-adhesifs-simple-face\\\/tesa-4600-bande-de-reparation-auto-soudante-en-silicone\\\/#primaryimage\",\"url\":\"https:\\\/\\\/cardinal-tapes.com\\\/wp-content\\\/uploads\\\/tesa-professional-xtreme-conditions.jpg\",\"contentUrl\":\"https:\\\/\\\/cardinal-tapes.com\\\/wp-content\\\/uploads\\\/tesa-professional-xtreme-conditions.jpg\",\"width\":600,\"height\":600,\"caption\":\"tesa Professional Xtreme Conditions\"},{\"@type\":\"BreadcrumbList\",\"@id\":\"https:\\\/\\\/cardinal-tapes.com\\\/fr\\\/rubans-adh\u00e9sifs\\\/rubans-adhesifs-simple-face\\\/tesa-4600-bande-de-reparation-auto-soudante-en-silicone\\\/#breadcrumb\",\"itemListElement\":[{\"@type\":\"ListItem\",\"position\":1,\"name\":\"Startseite\",\"item\":\"https:\\\/\\\/cardinal-tapes.com\\\/fr\\\/accueil\\\/\"},{\"@type\":\"ListItem\",\"position\":2,\"name\":\"Rubans adh\u00e9sifs\",\"item\":\"https:\\\/\\\/cardinal-tapes.com\\\/fr\\\/rubans-adhesifs-fr\\\/\"},{\"@type\":\"ListItem\",\"position\":3,\"name\":\"Rubans adh\u00e9sifs simple face\",\"item\":\"https:\\\/\\\/cardinal-tapes.com\\\/fr\\\/catgorie\\\/rubans-adhesifs-simple-face\\\/\"},{\"@type\":\"ListItem\",\"position\":4,\"name\":\"tesa\u00ae 4600 Ruban silicone autosoudable pour un scellage herm\u00e9tique imm\u00e9diat\"}]},{\"@type\":\"WebSite\",\"@id\":\"https:\\\/\\\/cardinal-tapes.com\\\/#website\",\"url\":\"https:\\\/\\\/cardinal-tapes.com\\\/\",\"name\":\"cardinal TAPES\",\"description\":\"Klebetechnik aus Wuppertal\",\"potentialAction\":[{\"@type\":\"SearchAction\",\"target\":{\"@type\":\"EntryPoint\",\"urlTemplate\":\"https:\\\/\\\/cardinal-tapes.com\\\/?s={search_term_string}\"},\"query-input\":{\"@type\":\"PropertyValueSpecification\",\"valueRequired\":true,\"valueName\":\"search_term_string\"}}],\"inLanguage\":\"fr-FR\"}]}<\/script>\n<!-- \/ Yoast SEO plugin. -->","yoast_head_json":{"title":"Tesa 4600 Ruban de r\u00e9paration en silicone autosoudable | Cardinal","description":"Tesa 4600 est un ruban silicone autosoudable sans masse adh\u00e9sive, qui se colle sur son propre support. Apprenez-en plus sur tesa 4600 ici.","robots":{"index":"index","follow":"follow","max-snippet":"max-snippet:-1","max-image-preview":"max-image-preview:large","max-video-preview":"max-video-preview:-1"},"canonical":"https:\/\/cardinal-tapes.com\/fr\/rubans-adh\u00e9sifs\/rubans-adhesifs-simple-face\/tesa-4600-bande-de-reparation-auto-soudante-en-silicone\/","og_locale":"fr_FR","og_type":"article","og_title":"Tesa 4600 Ruban de r\u00e9paration en silicone autosoudable | Cardinal","og_description":"Tesa 4600 est un ruban silicone autosoudable sans masse adh\u00e9sive, qui se colle sur son propre support. Apprenez-en plus sur tesa 4600 ici.","og_url":"https:\/\/cardinal-tapes.com\/fr\/rubans-adh\u00e9sifs\/rubans-adhesifs-simple-face\/tesa-4600-bande-de-reparation-auto-soudante-en-silicone\/","og_site_name":"cardinal TAPES","article_modified_time":"2025-07-03T14:11:09+00:00","og_image":[{"width":600,"height":600,"url":"https:\/\/cardinal-tapes.com\/wp-content\/uploads\/tesa-professional-xtreme-conditions.jpg","type":"image\/jpeg"}],"twitter_card":"summary_large_image","twitter_misc":{"Dur\u00e9e de lecture estim\u00e9e":"1 minute"},"schema":{"@context":"https:\/\/schema.org","@graph":[{"@type":"WebPage","@id":"https:\/\/cardinal-tapes.com\/fr\/rubans-adh\u00e9sifs\/rubans-adhesifs-simple-face\/tesa-4600-bande-de-reparation-auto-soudante-en-silicone\/","url":"https:\/\/cardinal-tapes.com\/fr\/rubans-adh\u00e9sifs\/rubans-adhesifs-simple-face\/tesa-4600-bande-de-reparation-auto-soudante-en-silicone\/","name":"Tesa 4600 Ruban de r\u00e9paration en silicone autosoudable | Cardinal","isPartOf":{"@id":"https:\/\/cardinal-tapes.com\/#website"},"primaryImageOfPage":{"@id":"https:\/\/cardinal-tapes.com\/fr\/rubans-adh\u00e9sifs\/rubans-adhesifs-simple-face\/tesa-4600-bande-de-reparation-auto-soudante-en-silicone\/#primaryimage"},"image":{"@id":"https:\/\/cardinal-tapes.com\/fr\/rubans-adh\u00e9sifs\/rubans-adhesifs-simple-face\/tesa-4600-bande-de-reparation-auto-soudante-en-silicone\/#primaryimage"},"thumbnailUrl":"https:\/\/cardinal-tapes.com\/wp-content\/uploads\/tesa-professional-xtreme-conditions.jpg","datePublished":"2023-06-05T15:27:05+00:00","dateModified":"2025-07-03T14:11:09+00:00","description":"Tesa 4600 est un ruban silicone autosoudable sans masse adh\u00e9sive, qui se colle sur son propre support. Apprenez-en plus sur tesa 4600 ici.","breadcrumb":{"@id":"https:\/\/cardinal-tapes.com\/fr\/rubans-adh\u00e9sifs\/rubans-adhesifs-simple-face\/tesa-4600-bande-de-reparation-auto-soudante-en-silicone\/#breadcrumb"},"inLanguage":"fr-FR","potentialAction":[{"@type":"ReadAction","target":["https:\/\/cardinal-tapes.com\/fr\/rubans-adh\u00e9sifs\/rubans-adhesifs-simple-face\/tesa-4600-bande-de-reparation-auto-soudante-en-silicone\/"]}]},{"@type":"ImageObject","inLanguage":"fr-FR","@id":"https:\/\/cardinal-tapes.com\/fr\/rubans-adh\u00e9sifs\/rubans-adhesifs-simple-face\/tesa-4600-bande-de-reparation-auto-soudante-en-silicone\/#primaryimage","url":"https:\/\/cardinal-tapes.com\/wp-content\/uploads\/tesa-professional-xtreme-conditions.jpg","contentUrl":"https:\/\/cardinal-tapes.com\/wp-content\/uploads\/tesa-professional-xtreme-conditions.jpg","width":600,"height":600,"caption":"tesa Professional Xtreme Conditions"},{"@type":"BreadcrumbList","@id":"https:\/\/cardinal-tapes.com\/fr\/rubans-adh\u00e9sifs\/rubans-adhesifs-simple-face\/tesa-4600-bande-de-reparation-auto-soudante-en-silicone\/#breadcrumb","itemListElement":[{"@type":"ListItem","position":1,"name":"Startseite","item":"https:\/\/cardinal-tapes.com\/fr\/accueil\/"},{"@type":"ListItem","position":2,"name":"Rubans adh\u00e9sifs","item":"https:\/\/cardinal-tapes.com\/fr\/rubans-adhesifs-fr\/"},{"@type":"ListItem","position":3,"name":"Rubans adh\u00e9sifs simple face","item":"https:\/\/cardinal-tapes.com\/fr\/catgorie\/rubans-adhesifs-simple-face\/"},{"@type":"ListItem","position":4,"name":"tesa\u00ae 4600 Ruban silicone autosoudable pour un scellage herm\u00e9tique imm\u00e9diat"}]},{"@type":"WebSite","@id":"https:\/\/cardinal-tapes.com\/#website","url":"https:\/\/cardinal-tapes.com\/","name":"cardinal TAPES","description":"Klebetechnik aus Wuppertal","potentialAction":[{"@type":"SearchAction","target":{"@type":"EntryPoint","urlTemplate":"https:\/\/cardinal-tapes.com\/?s={search_term_string}"},"query-input":{"@type":"PropertyValueSpecification","valueRequired":true,"valueName":"search_term_string"}}],"inLanguage":"fr-FR"}]}},"brands":[{"id":2165,"name":"tesa","slug":"tesa-fr"}],"_links":{"self":[{"href":"https:\/\/cardinal-tapes.com\/fr\/wp-json\/wp\/v2\/product\/56929","targetHints":{"allow":["GET"]}}],"collection":[{"href":"https:\/\/cardinal-tapes.com\/fr\/wp-json\/wp\/v2\/product"}],"about":[{"href":"https:\/\/cardinal-tapes.com\/fr\/wp-json\/wp\/v2\/types\/product"}],"wp:featuredmedia":[{"embeddable":true,"href":"https:\/\/cardinal-tapes.com\/fr\/wp-json\/wp\/v2\/media\/26476"}],"wp:attachment":[{"href":"https:\/\/cardinal-tapes.com\/fr\/wp-json\/wp\/v2\/media?parent=56929"}],"wp:term":[{"taxonomy":"pwb-brand","embeddable":true,"href":"https:\/\/cardinal-tapes.com\/fr\/wp-json\/wp\/v2\/pwb-brand?post=56929"},{"taxonomy":"product_brand","embeddable":true,"href":"https:\/\/cardinal-tapes.com\/fr\/wp-json\/wp\/v2\/product_brand?post=56929"},{"taxonomy":"product_cat","embeddable":true,"href":"https:\/\/cardinal-tapes.com\/fr\/wp-json\/wp\/v2\/product_cat?post=56929"},{"taxonomy":"product_tag","embeddable":true,"href":"https:\/\/cardinal-tapes.com\/fr\/wp-json\/wp\/v2\/product_tag?post=56929"}],"curies":[{"name":"wp","href":"https:\/\/api.w.org\/{rel}","templated":true}]}}