{"id":56905,"date":"2018-02-20T13:07:12","date_gmt":"2023-06-05T15:27:05","guid":{"rendered":"https:\/\/cardinal.pixel-tal.de\/klebebaender\/non%20class\u00e9\/tesafilm-4156-pv1-film-adhesif-special-pour-la-lithographie-couvrant\/"},"modified":"2025-07-03T15:58:12","modified_gmt":"2025-07-03T13:58:12","slug":"tesa-4156-film-adhesif-special-lithographie-couvrant","status":"publish","type":"product","link":"https:\/\/cardinal-tapes.com\/fr\/rubans-adh\u00e9sifs\/rubans-adhesifs-simple-face\/tesa-4156-film-adhesif-special-lithographie-couvrant\/","title":{"rendered":"tesafilm\u00ae 4156 PV1 Film adh\u00e9sif sp\u00e9cial pour la lithographie, couvrant"},"content":{"rendered":"<section class=\"component js-toc-target\" data-style=\"components\/article-text\" data-toc-name=\"toc-pages-product-product-description\">\n<div class=\"row\">\n<div class=\"col-default-12 col-sm-9\">\n<p><sup>tesafilm\u00ae<\/sup> 4156 PV1 est un film adh\u00e9sif sp\u00e9cial r\u00e9sistant \u00e0 la d\u00e9chirure pour les travaux de masquage et de masquage en lithographie. Le produit est disponible en rouge litho (57). En raison de leurs lames lisses, les d\u00e9rouleurs de litho <span class=\"lowercase\">tesa<\/span> 6082 et 6090 sont recommand\u00e9s comme outils de pose.<\/p>\n<p><strong>Propri\u00e9t\u00e9s<\/strong><br \/>\n&#8211; <sup>tesafilm\u00ae<\/sup> 4156 PV1 est r\u00e9sistant \u00e0 la lumi\u00e8re et au vieillissement et se retire rapidement et proprement.<br \/>\n&#8211; Gr\u00e2ce \u00e0 sa couche de vernis au verso, il se d\u00e9roule facilement et n&#8217;a pas tendance \u00e0 se soulever sur les bords.<br \/>\n&#8211; Gr\u00e2ce \u00e0 ses propri\u00e9t\u00e9s adh\u00e9sives particuli\u00e8res, <sup>tesa\u00ae<\/sup> 4156 PV1 convient tr\u00e8s bien pour le collage de films.<br \/>\n&#8211; Couverture s\u00fbre et nette sur les bords.<\/p>\n<p><strong>Applications<\/strong><br \/>\n&#8211; Travaux de masquage et de masquage en lithographie<\/p>\n<p>&nbsp;<\/p>\n<\/div>\n<\/div>\n<\/section>\n","protected":false},"excerpt":{"rendered":"<p>tesafilm\u00ae 4156 PV1 est un film adh\u00e9sif sp\u00e9cial r\u00e9sistant \u00e0 la d\u00e9chirure pour les travaux de masquage et de masquage en lithographie. Le produit est disponible en rouge litho (57). En raison de leurs lames lisses, les d\u00e9rouleurs de litho tesa 6082 et 6090 sont recommand\u00e9s comme outils de pose. Propri\u00e9t\u00e9s &#8211; tesafilm\u00ae 4156 PV1 [&hellip;]<\/p>\n","protected":false},"featured_media":26452,"template":"","meta":{"_acf_changed":false},"pwb-brand":[2165],"product_brand":[],"product_cat":[1836],"product_tag":[],"class_list":{"0":"post-56905","1":"product","2":"type-product","3":"status-publish","4":"has-post-thumbnail","6":"pwb-brand-tesa-fr","7":"product_cat-rubans-adhesifs-simple-face","9":"first","10":"instock","11":"taxable","12":"shipping-taxable","13":"purchasable","14":"product-type-variable"},"acf":[],"yoast_head":"<!-- This site is optimized with the Yoast SEO plugin v27.3 - https:\/\/yoast.com\/product\/yoast-seo-wordpress\/ -->\n<title>Tesa 4156 Film adh\u00e9sif sp\u00e9cial pour la lithographie | Cardinal TAPES<\/title>\n<meta name=\"description\" content=\"Le Tesa 4156 est un film adh\u00e9sif sp\u00e9cial r\u00e9sistant \u00e0 la d\u00e9chirure pour les travaux de masquage et de masquage en lithographie. En savoir plus ici.\" \/>\n<meta name=\"robots\" content=\"index, follow, max-snippet:-1, max-image-preview:large, max-video-preview:-1\" \/>\n<link rel=\"canonical\" href=\"https:\/\/cardinal-tapes.com\/fr\/rubans-adh\u00e9sifs\/rubans-adhesifs-simple-face\/tesa-4156-film-adhesif-special-lithographie-couvrant\/\" \/>\n<meta property=\"og:locale\" content=\"fr_FR\" \/>\n<meta property=\"og:type\" content=\"article\" \/>\n<meta property=\"og:title\" content=\"Tesa 4156 Film adh\u00e9sif sp\u00e9cial pour la lithographie | Cardinal TAPES\" \/>\n<meta property=\"og:description\" content=\"Le Tesa 4156 est un film adh\u00e9sif sp\u00e9cial r\u00e9sistant \u00e0 la d\u00e9chirure pour les travaux de masquage et de masquage en lithographie. En savoir plus ici.\" \/>\n<meta property=\"og:url\" content=\"https:\/\/cardinal-tapes.com\/fr\/rubans-adh\u00e9sifs\/rubans-adhesifs-simple-face\/tesa-4156-film-adhesif-special-lithographie-couvrant\/\" \/>\n<meta property=\"og:site_name\" content=\"cardinal TAPES\" \/>\n<meta property=\"article:modified_time\" content=\"2025-07-03T13:58:12+00:00\" \/>\n<meta property=\"og:image\" content=\"https:\/\/cardinal-tapes.com\/wp-content\/uploads\/tesa-04156.jpg\" \/>\n\t<meta property=\"og:image:width\" content=\"600\" \/>\n\t<meta property=\"og:image:height\" content=\"600\" \/>\n\t<meta property=\"og:image:type\" content=\"image\/jpeg\" \/>\n<meta name=\"twitter:card\" content=\"summary_large_image\" \/>\n<meta name=\"twitter:label1\" content=\"Dur\u00e9e de lecture estim\u00e9e\" \/>\n\t<meta name=\"twitter:data1\" content=\"1 minute\" \/>\n<script type=\"application\/ld+json\" class=\"yoast-schema-graph\">{\"@context\":\"https:\\\/\\\/schema.org\",\"@graph\":[{\"@type\":\"WebPage\",\"@id\":\"https:\\\/\\\/cardinal-tapes.com\\\/fr\\\/rubans-adh\u00e9sifs\\\/rubans-adhesifs-simple-face\\\/tesa-4156-film-adhesif-special-lithographie-couvrant\\\/\",\"url\":\"https:\\\/\\\/cardinal-tapes.com\\\/fr\\\/rubans-adh\u00e9sifs\\\/rubans-adhesifs-simple-face\\\/tesa-4156-film-adhesif-special-lithographie-couvrant\\\/\",\"name\":\"Tesa 4156 Film adh\u00e9sif sp\u00e9cial pour la lithographie | Cardinal TAPES\",\"isPartOf\":{\"@id\":\"https:\\\/\\\/cardinal-tapes.com\\\/#website\"},\"primaryImageOfPage\":{\"@id\":\"https:\\\/\\\/cardinal-tapes.com\\\/fr\\\/rubans-adh\u00e9sifs\\\/rubans-adhesifs-simple-face\\\/tesa-4156-film-adhesif-special-lithographie-couvrant\\\/#primaryimage\"},\"image\":{\"@id\":\"https:\\\/\\\/cardinal-tapes.com\\\/fr\\\/rubans-adh\u00e9sifs\\\/rubans-adhesifs-simple-face\\\/tesa-4156-film-adhesif-special-lithographie-couvrant\\\/#primaryimage\"},\"thumbnailUrl\":\"https:\\\/\\\/cardinal-tapes.com\\\/wp-content\\\/uploads\\\/tesa-04156.jpg\",\"datePublished\":\"2023-06-05T15:27:05+00:00\",\"dateModified\":\"2025-07-03T13:58:12+00:00\",\"description\":\"Le Tesa 4156 est un film adh\u00e9sif sp\u00e9cial r\u00e9sistant \u00e0 la d\u00e9chirure pour les travaux de masquage et de masquage en lithographie. En savoir plus ici.\",\"breadcrumb\":{\"@id\":\"https:\\\/\\\/cardinal-tapes.com\\\/fr\\\/rubans-adh\u00e9sifs\\\/rubans-adhesifs-simple-face\\\/tesa-4156-film-adhesif-special-lithographie-couvrant\\\/#breadcrumb\"},\"inLanguage\":\"fr-FR\",\"potentialAction\":[{\"@type\":\"ReadAction\",\"target\":[\"https:\\\/\\\/cardinal-tapes.com\\\/fr\\\/rubans-adh\u00e9sifs\\\/rubans-adhesifs-simple-face\\\/tesa-4156-film-adhesif-special-lithographie-couvrant\\\/\"]}]},{\"@type\":\"ImageObject\",\"inLanguage\":\"fr-FR\",\"@id\":\"https:\\\/\\\/cardinal-tapes.com\\\/fr\\\/rubans-adh\u00e9sifs\\\/rubans-adhesifs-simple-face\\\/tesa-4156-film-adhesif-special-lithographie-couvrant\\\/#primaryimage\",\"url\":\"https:\\\/\\\/cardinal-tapes.com\\\/wp-content\\\/uploads\\\/tesa-04156.jpg\",\"contentUrl\":\"https:\\\/\\\/cardinal-tapes.com\\\/wp-content\\\/uploads\\\/tesa-04156.jpg\",\"width\":600,\"height\":600,\"caption\":\"tesa 4156 Ruban adh\u00e9sif\"},{\"@type\":\"BreadcrumbList\",\"@id\":\"https:\\\/\\\/cardinal-tapes.com\\\/fr\\\/rubans-adh\u00e9sifs\\\/rubans-adhesifs-simple-face\\\/tesa-4156-film-adhesif-special-lithographie-couvrant\\\/#breadcrumb\",\"itemListElement\":[{\"@type\":\"ListItem\",\"position\":1,\"name\":\"Startseite\",\"item\":\"https:\\\/\\\/cardinal-tapes.com\\\/fr\\\/accueil\\\/\"},{\"@type\":\"ListItem\",\"position\":2,\"name\":\"Rubans adh\u00e9sifs\",\"item\":\"https:\\\/\\\/cardinal-tapes.com\\\/fr\\\/rubans-adhesifs-fr\\\/\"},{\"@type\":\"ListItem\",\"position\":3,\"name\":\"Rubans adh\u00e9sifs simple face\",\"item\":\"https:\\\/\\\/cardinal-tapes.com\\\/fr\\\/catgorie\\\/rubans-adhesifs-simple-face\\\/\"},{\"@type\":\"ListItem\",\"position\":4,\"name\":\"tesafilm\u00ae 4156 PV1 Film adh\u00e9sif sp\u00e9cial pour la lithographie, couvrant\"}]},{\"@type\":\"WebSite\",\"@id\":\"https:\\\/\\\/cardinal-tapes.com\\\/#website\",\"url\":\"https:\\\/\\\/cardinal-tapes.com\\\/\",\"name\":\"cardinal TAPES\",\"description\":\"Klebetechnik aus Wuppertal\",\"potentialAction\":[{\"@type\":\"SearchAction\",\"target\":{\"@type\":\"EntryPoint\",\"urlTemplate\":\"https:\\\/\\\/cardinal-tapes.com\\\/?s={search_term_string}\"},\"query-input\":{\"@type\":\"PropertyValueSpecification\",\"valueRequired\":true,\"valueName\":\"search_term_string\"}}],\"inLanguage\":\"fr-FR\"}]}<\/script>\n<!-- \/ Yoast SEO plugin. -->","yoast_head_json":{"title":"Tesa 4156 Film adh\u00e9sif sp\u00e9cial pour la lithographie | Cardinal TAPES","description":"Le Tesa 4156 est un film adh\u00e9sif sp\u00e9cial r\u00e9sistant \u00e0 la d\u00e9chirure pour les travaux de masquage et de masquage en lithographie. En savoir plus ici.","robots":{"index":"index","follow":"follow","max-snippet":"max-snippet:-1","max-image-preview":"max-image-preview:large","max-video-preview":"max-video-preview:-1"},"canonical":"https:\/\/cardinal-tapes.com\/fr\/rubans-adh\u00e9sifs\/rubans-adhesifs-simple-face\/tesa-4156-film-adhesif-special-lithographie-couvrant\/","og_locale":"fr_FR","og_type":"article","og_title":"Tesa 4156 Film adh\u00e9sif sp\u00e9cial pour la lithographie | Cardinal TAPES","og_description":"Le Tesa 4156 est un film adh\u00e9sif sp\u00e9cial r\u00e9sistant \u00e0 la d\u00e9chirure pour les travaux de masquage et de masquage en lithographie. En savoir plus ici.","og_url":"https:\/\/cardinal-tapes.com\/fr\/rubans-adh\u00e9sifs\/rubans-adhesifs-simple-face\/tesa-4156-film-adhesif-special-lithographie-couvrant\/","og_site_name":"cardinal TAPES","article_modified_time":"2025-07-03T13:58:12+00:00","og_image":[{"width":600,"height":600,"url":"https:\/\/cardinal-tapes.com\/wp-content\/uploads\/tesa-04156.jpg","type":"image\/jpeg"}],"twitter_card":"summary_large_image","twitter_misc":{"Dur\u00e9e de lecture estim\u00e9e":"1 minute"},"schema":{"@context":"https:\/\/schema.org","@graph":[{"@type":"WebPage","@id":"https:\/\/cardinal-tapes.com\/fr\/rubans-adh\u00e9sifs\/rubans-adhesifs-simple-face\/tesa-4156-film-adhesif-special-lithographie-couvrant\/","url":"https:\/\/cardinal-tapes.com\/fr\/rubans-adh\u00e9sifs\/rubans-adhesifs-simple-face\/tesa-4156-film-adhesif-special-lithographie-couvrant\/","name":"Tesa 4156 Film adh\u00e9sif sp\u00e9cial pour la lithographie | Cardinal TAPES","isPartOf":{"@id":"https:\/\/cardinal-tapes.com\/#website"},"primaryImageOfPage":{"@id":"https:\/\/cardinal-tapes.com\/fr\/rubans-adh\u00e9sifs\/rubans-adhesifs-simple-face\/tesa-4156-film-adhesif-special-lithographie-couvrant\/#primaryimage"},"image":{"@id":"https:\/\/cardinal-tapes.com\/fr\/rubans-adh\u00e9sifs\/rubans-adhesifs-simple-face\/tesa-4156-film-adhesif-special-lithographie-couvrant\/#primaryimage"},"thumbnailUrl":"https:\/\/cardinal-tapes.com\/wp-content\/uploads\/tesa-04156.jpg","datePublished":"2023-06-05T15:27:05+00:00","dateModified":"2025-07-03T13:58:12+00:00","description":"Le Tesa 4156 est un film adh\u00e9sif sp\u00e9cial r\u00e9sistant \u00e0 la d\u00e9chirure pour les travaux de masquage et de masquage en lithographie. En savoir plus ici.","breadcrumb":{"@id":"https:\/\/cardinal-tapes.com\/fr\/rubans-adh\u00e9sifs\/rubans-adhesifs-simple-face\/tesa-4156-film-adhesif-special-lithographie-couvrant\/#breadcrumb"},"inLanguage":"fr-FR","potentialAction":[{"@type":"ReadAction","target":["https:\/\/cardinal-tapes.com\/fr\/rubans-adh\u00e9sifs\/rubans-adhesifs-simple-face\/tesa-4156-film-adhesif-special-lithographie-couvrant\/"]}]},{"@type":"ImageObject","inLanguage":"fr-FR","@id":"https:\/\/cardinal-tapes.com\/fr\/rubans-adh\u00e9sifs\/rubans-adhesifs-simple-face\/tesa-4156-film-adhesif-special-lithographie-couvrant\/#primaryimage","url":"https:\/\/cardinal-tapes.com\/wp-content\/uploads\/tesa-04156.jpg","contentUrl":"https:\/\/cardinal-tapes.com\/wp-content\/uploads\/tesa-04156.jpg","width":600,"height":600,"caption":"tesa 4156 Ruban adh\u00e9sif"},{"@type":"BreadcrumbList","@id":"https:\/\/cardinal-tapes.com\/fr\/rubans-adh\u00e9sifs\/rubans-adhesifs-simple-face\/tesa-4156-film-adhesif-special-lithographie-couvrant\/#breadcrumb","itemListElement":[{"@type":"ListItem","position":1,"name":"Startseite","item":"https:\/\/cardinal-tapes.com\/fr\/accueil\/"},{"@type":"ListItem","position":2,"name":"Rubans adh\u00e9sifs","item":"https:\/\/cardinal-tapes.com\/fr\/rubans-adhesifs-fr\/"},{"@type":"ListItem","position":3,"name":"Rubans adh\u00e9sifs simple face","item":"https:\/\/cardinal-tapes.com\/fr\/catgorie\/rubans-adhesifs-simple-face\/"},{"@type":"ListItem","position":4,"name":"tesafilm\u00ae 4156 PV1 Film adh\u00e9sif sp\u00e9cial pour la lithographie, couvrant"}]},{"@type":"WebSite","@id":"https:\/\/cardinal-tapes.com\/#website","url":"https:\/\/cardinal-tapes.com\/","name":"cardinal TAPES","description":"Klebetechnik aus Wuppertal","potentialAction":[{"@type":"SearchAction","target":{"@type":"EntryPoint","urlTemplate":"https:\/\/cardinal-tapes.com\/?s={search_term_string}"},"query-input":{"@type":"PropertyValueSpecification","valueRequired":true,"valueName":"search_term_string"}}],"inLanguage":"fr-FR"}]}},"brands":[{"id":2165,"name":"tesa","slug":"tesa-fr"}],"_links":{"self":[{"href":"https:\/\/cardinal-tapes.com\/fr\/wp-json\/wp\/v2\/product\/56905","targetHints":{"allow":["GET"]}}],"collection":[{"href":"https:\/\/cardinal-tapes.com\/fr\/wp-json\/wp\/v2\/product"}],"about":[{"href":"https:\/\/cardinal-tapes.com\/fr\/wp-json\/wp\/v2\/types\/product"}],"wp:featuredmedia":[{"embeddable":true,"href":"https:\/\/cardinal-tapes.com\/fr\/wp-json\/wp\/v2\/media\/26452"}],"wp:attachment":[{"href":"https:\/\/cardinal-tapes.com\/fr\/wp-json\/wp\/v2\/media?parent=56905"}],"wp:term":[{"taxonomy":"pwb-brand","embeddable":true,"href":"https:\/\/cardinal-tapes.com\/fr\/wp-json\/wp\/v2\/pwb-brand?post=56905"},{"taxonomy":"product_brand","embeddable":true,"href":"https:\/\/cardinal-tapes.com\/fr\/wp-json\/wp\/v2\/product_brand?post=56905"},{"taxonomy":"product_cat","embeddable":true,"href":"https:\/\/cardinal-tapes.com\/fr\/wp-json\/wp\/v2\/product_cat?post=56905"},{"taxonomy":"product_tag","embeddable":true,"href":"https:\/\/cardinal-tapes.com\/fr\/wp-json\/wp\/v2\/product_tag?post=56905"}],"curies":[{"name":"wp","href":"https:\/\/api.w.org\/{rel}","templated":true}]}}