{"id":56897,"date":"2018-02-20T11:11:59","date_gmt":"2023-06-05T15:27:05","guid":{"rendered":"https:\/\/cardinal.pixel-tal.de\/klebebaender\/non%20class\u00e9\/tesaband-53949-ruban-tisse-mat-non-reflechissant\/"},"modified":"2025-07-03T15:52:05","modified_gmt":"2025-07-03T13:52:05","slug":"tesa-53949-bande-tissee-mate-non-reflechissante","status":"publish","type":"product","link":"https:\/\/cardinal-tapes.com\/fr\/rubans-adh\u00e9sifs\/domaines-dapplication\/industrie-du-batiment\/tesa-53949-bande-tissee-mate-non-reflechissante\/","title":{"rendered":"tesaband\u00ae 53949 Ruban tiss\u00e9 mat, non r\u00e9fl\u00e9chissant"},"content":{"rendered":"<p><sup>tesa\u00ae<\/sup> 53949 PV2 est un ruban tiss\u00e9 enduit de PE mat. Il se compose d&#8217;un tissu en PET\/coton de 80 mesh avec une masse adh\u00e9sive en caoutchouc naturel. Il offre la solution id\u00e9ale pour toutes les applications o\u00f9 les r\u00e9flexions doivent \u00eatre \u00e9vit\u00e9es. La bande tiss\u00e9e dispose d&#8217;un bon pouvoir adh\u00e9sif (m\u00eame sur des surfaces rugueuses) et absorbe la lumi\u00e8re, c&#8217;est-\u00e0-dire qu&#8217;elle n&#8217;est pas r\u00e9fl\u00e9chissante. Il se d\u00e9chire facilement \u00e0 la main et s&#8217;enl\u00e8ve rapidement. En outre, il est hydrofuge et r\u00e9sistant aux intemp\u00e9ries.<\/p>\n<p><strong>Propri\u00e9t\u00e9s<\/strong><br \/>\n&#8211; Bon pouvoir adh\u00e9sif, m\u00eame sur des surfaces rugueuses<br \/>\n&#8211; Absorbe la lumi\u00e8re \/ ne r\u00e9fl\u00e9chit pas<br \/>\n&#8211; Facile \u00e0 d\u00e9chirer \u00e0 la main<br \/>\n&#8211; Facile et rapide \u00e0 enlever<br \/>\n&#8211; R\u00e9sistant \u00e0 l&#8217;abrasion et lisse<br \/>\n&#8211; Hydrophobe et r\u00e9sistant aux intemp\u00e9ries<br \/>\n&#8211; Souple et conformable<\/p>\n<p><strong>Applications<\/strong><br \/>\n&#8211; Applications sur sc\u00e8ne et en coulisses dans le domaine du th\u00e9\u00e2tre, de l&#8217;op\u00e9ra, de la sc\u00e8ne et du cin\u00e9ma<br \/>\n&#8211; Pour le masquage de supports brillants et r\u00e9fl\u00e9chissants<br \/>\n&#8211; Fixation temporaire, par ex. de c\u00e2bles sur les sols, les tapis ou les murs<br \/>\n&#8211; Surcollage de joints et de fentes<br \/>\n&#8211; Marquage au sol, par ex. marquage de points de vue<\/p>\n<section class=\"component js-controller js-toc-target\" data-style=\"components\/article-slider\" data-controller=\"components\/ArticleSliderController\" data-tracking-disabled=\"\" data-toc-name=\"toc-media-gallery\">\n<div class=\"row\">\n<div class=\"col-default-12 col-sm-9 slider-column-wrapper\">\n<div class=\"main-slider-wrapper\">\n<div class=\"js-main-slider slick-initialized slick-slider\">\n<div class=\"slick-list draggable\" aria-live=\"polite\">\n<div class=\"slick-track\"><\/div>\n<\/div>\n<\/div>\n<\/div>\n<\/div>\n<\/div>\n<\/section>\n","protected":false},"excerpt":{"rendered":"<p>tesa\u00ae 53949 PV2 est un ruban tiss\u00e9 enduit de PE mat. Il se compose d&#8217;un tissu en PET\/coton de 80 mesh avec une masse adh\u00e9sive en caoutchouc naturel. Il offre la solution id\u00e9ale pour toutes les applications o\u00f9 les r\u00e9flexions doivent \u00eatre \u00e9vit\u00e9es. La bande tiss\u00e9e dispose d&#8217;un bon pouvoir adh\u00e9sif (m\u00eame sur des surfaces [&hellip;]<\/p>\n","protected":false},"featured_media":26032,"template":"","meta":{"_acf_changed":false},"pwb-brand":[2165],"product_brand":[],"product_cat":[1669,1735,1836],"product_tag":[],"class_list":{"0":"post-56897","1":"product","2":"type-product","3":"status-publish","4":"has-post-thumbnail","6":"pwb-brand-tesa-fr","7":"product_cat-industrie-du-batiment","8":"product_cat-ruban-adhesif-en-tissu","9":"product_cat-rubans-adhesifs-simple-face","11":"first","12":"instock","13":"taxable","14":"shipping-taxable","15":"purchasable","16":"product-type-variable"},"acf":[],"yoast_head":"<!-- This site is optimized with the Yoast SEO plugin v27.3 - https:\/\/yoast.com\/product\/yoast-seo-wordpress\/ -->\n<title>Tesa 53949 Bande tiss\u00e9e mate non r\u00e9fl\u00e9chissante | Cardinal TAPES<\/title>\n<meta name=\"description\" content=\"Le Tesa 53949 est un ruban tiss\u00e9 rev\u00eatu de PE mat. Il se compose d&#039;un tissu en PET\/coton de 80 mesh avec une masse adh\u00e9sive en caoutchouc naturel.\" \/>\n<meta name=\"robots\" content=\"index, follow, max-snippet:-1, max-image-preview:large, max-video-preview:-1\" \/>\n<link rel=\"canonical\" href=\"https:\/\/cardinal-tapes.com\/fr\/rubans-adh\u00e9sifs\/domaines-dapplication\/industrie-du-batiment\/tesa-53949-bande-tissee-mate-non-reflechissante\/\" \/>\n<meta property=\"og:locale\" content=\"fr_FR\" \/>\n<meta property=\"og:type\" content=\"article\" \/>\n<meta property=\"og:title\" content=\"Tesa 53949 Bande tiss\u00e9e mate non r\u00e9fl\u00e9chissante | Cardinal TAPES\" \/>\n<meta property=\"og:description\" content=\"Le Tesa 53949 est un ruban tiss\u00e9 rev\u00eatu de PE mat. Il se compose d&#039;un tissu en PET\/coton de 80 mesh avec une masse adh\u00e9sive en caoutchouc naturel.\" \/>\n<meta property=\"og:url\" content=\"https:\/\/cardinal-tapes.com\/fr\/rubans-adh\u00e9sifs\/domaines-dapplication\/industrie-du-batiment\/tesa-53949-bande-tissee-mate-non-reflechissante\/\" \/>\n<meta property=\"og:site_name\" content=\"cardinal TAPES\" \/>\n<meta property=\"article:modified_time\" content=\"2025-07-03T13:52:05+00:00\" \/>\n<meta property=\"og:image\" content=\"https:\/\/cardinal-tapes.com\/wp-content\/uploads\/tesa-53949-as-001-fullsize173244_canvas1x1_6.jpg\" \/>\n\t<meta property=\"og:image:width\" content=\"640\" \/>\n\t<meta property=\"og:image:height\" content=\"453\" \/>\n\t<meta property=\"og:image:type\" content=\"image\/jpeg\" \/>\n<meta name=\"twitter:card\" content=\"summary_large_image\" \/>\n<meta name=\"twitter:label1\" content=\"Dur\u00e9e de lecture estim\u00e9e\" \/>\n\t<meta name=\"twitter:data1\" content=\"1 minute\" \/>\n<script type=\"application\/ld+json\" class=\"yoast-schema-graph\">{\"@context\":\"https:\\\/\\\/schema.org\",\"@graph\":[{\"@type\":\"WebPage\",\"@id\":\"https:\\\/\\\/cardinal-tapes.com\\\/fr\\\/rubans-adh\u00e9sifs\\\/domaines-dapplication\\\/industrie-du-batiment\\\/tesa-53949-bande-tissee-mate-non-reflechissante\\\/\",\"url\":\"https:\\\/\\\/cardinal-tapes.com\\\/fr\\\/rubans-adh\u00e9sifs\\\/domaines-dapplication\\\/industrie-du-batiment\\\/tesa-53949-bande-tissee-mate-non-reflechissante\\\/\",\"name\":\"Tesa 53949 Bande tiss\u00e9e mate non r\u00e9fl\u00e9chissante | Cardinal TAPES\",\"isPartOf\":{\"@id\":\"https:\\\/\\\/cardinal-tapes.com\\\/#website\"},\"primaryImageOfPage\":{\"@id\":\"https:\\\/\\\/cardinal-tapes.com\\\/fr\\\/rubans-adh\u00e9sifs\\\/domaines-dapplication\\\/industrie-du-batiment\\\/tesa-53949-bande-tissee-mate-non-reflechissante\\\/#primaryimage\"},\"image\":{\"@id\":\"https:\\\/\\\/cardinal-tapes.com\\\/fr\\\/rubans-adh\u00e9sifs\\\/domaines-dapplication\\\/industrie-du-batiment\\\/tesa-53949-bande-tissee-mate-non-reflechissante\\\/#primaryimage\"},\"thumbnailUrl\":\"https:\\\/\\\/cardinal-tapes.com\\\/wp-content\\\/uploads\\\/tesa-53949-as-001-fullsize173244_canvas1x1_6.jpg\",\"datePublished\":\"2023-06-05T15:27:05+00:00\",\"dateModified\":\"2025-07-03T13:52:05+00:00\",\"description\":\"Le Tesa 53949 est un ruban tiss\u00e9 rev\u00eatu de PE mat. Il se compose d'un tissu en PET\\\/coton de 80 mesh avec une masse adh\u00e9sive en caoutchouc naturel.\",\"breadcrumb\":{\"@id\":\"https:\\\/\\\/cardinal-tapes.com\\\/fr\\\/rubans-adh\u00e9sifs\\\/domaines-dapplication\\\/industrie-du-batiment\\\/tesa-53949-bande-tissee-mate-non-reflechissante\\\/#breadcrumb\"},\"inLanguage\":\"fr-FR\",\"potentialAction\":[{\"@type\":\"ReadAction\",\"target\":[\"https:\\\/\\\/cardinal-tapes.com\\\/fr\\\/rubans-adh\u00e9sifs\\\/domaines-dapplication\\\/industrie-du-batiment\\\/tesa-53949-bande-tissee-mate-non-reflechissante\\\/\"]}]},{\"@type\":\"ImageObject\",\"inLanguage\":\"fr-FR\",\"@id\":\"https:\\\/\\\/cardinal-tapes.com\\\/fr\\\/rubans-adh\u00e9sifs\\\/domaines-dapplication\\\/industrie-du-batiment\\\/tesa-53949-bande-tissee-mate-non-reflechissante\\\/#primaryimage\",\"url\":\"https:\\\/\\\/cardinal-tapes.com\\\/wp-content\\\/uploads\\\/tesa-53949-as-001-fullsize173244_canvas1x1_6.jpg\",\"contentUrl\":\"https:\\\/\\\/cardinal-tapes.com\\\/wp-content\\\/uploads\\\/tesa-53949-as-001-fullsize173244_canvas1x1_6.jpg\",\"width\":640,\"height\":453,\"caption\":\"tesa 53949\"},{\"@type\":\"BreadcrumbList\",\"@id\":\"https:\\\/\\\/cardinal-tapes.com\\\/fr\\\/rubans-adh\u00e9sifs\\\/domaines-dapplication\\\/industrie-du-batiment\\\/tesa-53949-bande-tissee-mate-non-reflechissante\\\/#breadcrumb\",\"itemListElement\":[{\"@type\":\"ListItem\",\"position\":1,\"name\":\"Startseite\",\"item\":\"https:\\\/\\\/cardinal-tapes.com\\\/fr\\\/accueil\\\/\"},{\"@type\":\"ListItem\",\"position\":2,\"name\":\"Rubans adh\u00e9sifs\",\"item\":\"https:\\\/\\\/cardinal-tapes.com\\\/fr\\\/rubans-adhesifs-fr\\\/\"},{\"@type\":\"ListItem\",\"position\":3,\"name\":\"Einseitige Klebeb\u00e4nder\",\"item\":\"https:\\\/\\\/cardinal-tapes.com\\\/kategorie\\\/einseitige-klebebaender\\\/\"},{\"@type\":\"ListItem\",\"position\":4,\"name\":\"tesaband\u00ae 53949 Ruban tiss\u00e9 mat, non r\u00e9fl\u00e9chissant\"}]},{\"@type\":\"WebSite\",\"@id\":\"https:\\\/\\\/cardinal-tapes.com\\\/#website\",\"url\":\"https:\\\/\\\/cardinal-tapes.com\\\/\",\"name\":\"cardinal TAPES\",\"description\":\"Klebetechnik aus Wuppertal\",\"potentialAction\":[{\"@type\":\"SearchAction\",\"target\":{\"@type\":\"EntryPoint\",\"urlTemplate\":\"https:\\\/\\\/cardinal-tapes.com\\\/?s={search_term_string}\"},\"query-input\":{\"@type\":\"PropertyValueSpecification\",\"valueRequired\":true,\"valueName\":\"search_term_string\"}}],\"inLanguage\":\"fr-FR\"}]}<\/script>\n<!-- \/ Yoast SEO plugin. -->","yoast_head_json":{"title":"Tesa 53949 Bande tiss\u00e9e mate non r\u00e9fl\u00e9chissante | Cardinal TAPES","description":"Le Tesa 53949 est un ruban tiss\u00e9 rev\u00eatu de PE mat. Il se compose d'un tissu en PET\/coton de 80 mesh avec une masse adh\u00e9sive en caoutchouc naturel.","robots":{"index":"index","follow":"follow","max-snippet":"max-snippet:-1","max-image-preview":"max-image-preview:large","max-video-preview":"max-video-preview:-1"},"canonical":"https:\/\/cardinal-tapes.com\/fr\/rubans-adh\u00e9sifs\/domaines-dapplication\/industrie-du-batiment\/tesa-53949-bande-tissee-mate-non-reflechissante\/","og_locale":"fr_FR","og_type":"article","og_title":"Tesa 53949 Bande tiss\u00e9e mate non r\u00e9fl\u00e9chissante | Cardinal TAPES","og_description":"Le Tesa 53949 est un ruban tiss\u00e9 rev\u00eatu de PE mat. Il se compose d'un tissu en PET\/coton de 80 mesh avec une masse adh\u00e9sive en caoutchouc naturel.","og_url":"https:\/\/cardinal-tapes.com\/fr\/rubans-adh\u00e9sifs\/domaines-dapplication\/industrie-du-batiment\/tesa-53949-bande-tissee-mate-non-reflechissante\/","og_site_name":"cardinal TAPES","article_modified_time":"2025-07-03T13:52:05+00:00","og_image":[{"width":640,"height":453,"url":"https:\/\/cardinal-tapes.com\/wp-content\/uploads\/tesa-53949-as-001-fullsize173244_canvas1x1_6.jpg","type":"image\/jpeg"}],"twitter_card":"summary_large_image","twitter_misc":{"Dur\u00e9e de lecture estim\u00e9e":"1 minute"},"schema":{"@context":"https:\/\/schema.org","@graph":[{"@type":"WebPage","@id":"https:\/\/cardinal-tapes.com\/fr\/rubans-adh\u00e9sifs\/domaines-dapplication\/industrie-du-batiment\/tesa-53949-bande-tissee-mate-non-reflechissante\/","url":"https:\/\/cardinal-tapes.com\/fr\/rubans-adh\u00e9sifs\/domaines-dapplication\/industrie-du-batiment\/tesa-53949-bande-tissee-mate-non-reflechissante\/","name":"Tesa 53949 Bande tiss\u00e9e mate non r\u00e9fl\u00e9chissante | Cardinal TAPES","isPartOf":{"@id":"https:\/\/cardinal-tapes.com\/#website"},"primaryImageOfPage":{"@id":"https:\/\/cardinal-tapes.com\/fr\/rubans-adh\u00e9sifs\/domaines-dapplication\/industrie-du-batiment\/tesa-53949-bande-tissee-mate-non-reflechissante\/#primaryimage"},"image":{"@id":"https:\/\/cardinal-tapes.com\/fr\/rubans-adh\u00e9sifs\/domaines-dapplication\/industrie-du-batiment\/tesa-53949-bande-tissee-mate-non-reflechissante\/#primaryimage"},"thumbnailUrl":"https:\/\/cardinal-tapes.com\/wp-content\/uploads\/tesa-53949-as-001-fullsize173244_canvas1x1_6.jpg","datePublished":"2023-06-05T15:27:05+00:00","dateModified":"2025-07-03T13:52:05+00:00","description":"Le Tesa 53949 est un ruban tiss\u00e9 rev\u00eatu de PE mat. Il se compose d'un tissu en PET\/coton de 80 mesh avec une masse adh\u00e9sive en caoutchouc naturel.","breadcrumb":{"@id":"https:\/\/cardinal-tapes.com\/fr\/rubans-adh\u00e9sifs\/domaines-dapplication\/industrie-du-batiment\/tesa-53949-bande-tissee-mate-non-reflechissante\/#breadcrumb"},"inLanguage":"fr-FR","potentialAction":[{"@type":"ReadAction","target":["https:\/\/cardinal-tapes.com\/fr\/rubans-adh\u00e9sifs\/domaines-dapplication\/industrie-du-batiment\/tesa-53949-bande-tissee-mate-non-reflechissante\/"]}]},{"@type":"ImageObject","inLanguage":"fr-FR","@id":"https:\/\/cardinal-tapes.com\/fr\/rubans-adh\u00e9sifs\/domaines-dapplication\/industrie-du-batiment\/tesa-53949-bande-tissee-mate-non-reflechissante\/#primaryimage","url":"https:\/\/cardinal-tapes.com\/wp-content\/uploads\/tesa-53949-as-001-fullsize173244_canvas1x1_6.jpg","contentUrl":"https:\/\/cardinal-tapes.com\/wp-content\/uploads\/tesa-53949-as-001-fullsize173244_canvas1x1_6.jpg","width":640,"height":453,"caption":"tesa 53949"},{"@type":"BreadcrumbList","@id":"https:\/\/cardinal-tapes.com\/fr\/rubans-adh\u00e9sifs\/domaines-dapplication\/industrie-du-batiment\/tesa-53949-bande-tissee-mate-non-reflechissante\/#breadcrumb","itemListElement":[{"@type":"ListItem","position":1,"name":"Startseite","item":"https:\/\/cardinal-tapes.com\/fr\/accueil\/"},{"@type":"ListItem","position":2,"name":"Rubans adh\u00e9sifs","item":"https:\/\/cardinal-tapes.com\/fr\/rubans-adhesifs-fr\/"},{"@type":"ListItem","position":3,"name":"Einseitige Klebeb\u00e4nder","item":"https:\/\/cardinal-tapes.com\/kategorie\/einseitige-klebebaender\/"},{"@type":"ListItem","position":4,"name":"tesaband\u00ae 53949 Ruban tiss\u00e9 mat, non r\u00e9fl\u00e9chissant"}]},{"@type":"WebSite","@id":"https:\/\/cardinal-tapes.com\/#website","url":"https:\/\/cardinal-tapes.com\/","name":"cardinal TAPES","description":"Klebetechnik aus Wuppertal","potentialAction":[{"@type":"SearchAction","target":{"@type":"EntryPoint","urlTemplate":"https:\/\/cardinal-tapes.com\/?s={search_term_string}"},"query-input":{"@type":"PropertyValueSpecification","valueRequired":true,"valueName":"search_term_string"}}],"inLanguage":"fr-FR"}]}},"brands":[{"id":2165,"name":"tesa","slug":"tesa-fr"}],"_links":{"self":[{"href":"https:\/\/cardinal-tapes.com\/fr\/wp-json\/wp\/v2\/product\/56897","targetHints":{"allow":["GET"]}}],"collection":[{"href":"https:\/\/cardinal-tapes.com\/fr\/wp-json\/wp\/v2\/product"}],"about":[{"href":"https:\/\/cardinal-tapes.com\/fr\/wp-json\/wp\/v2\/types\/product"}],"wp:featuredmedia":[{"embeddable":true,"href":"https:\/\/cardinal-tapes.com\/fr\/wp-json\/wp\/v2\/media\/26032"}],"wp:attachment":[{"href":"https:\/\/cardinal-tapes.com\/fr\/wp-json\/wp\/v2\/media?parent=56897"}],"wp:term":[{"taxonomy":"pwb-brand","embeddable":true,"href":"https:\/\/cardinal-tapes.com\/fr\/wp-json\/wp\/v2\/pwb-brand?post=56897"},{"taxonomy":"product_brand","embeddable":true,"href":"https:\/\/cardinal-tapes.com\/fr\/wp-json\/wp\/v2\/product_brand?post=56897"},{"taxonomy":"product_cat","embeddable":true,"href":"https:\/\/cardinal-tapes.com\/fr\/wp-json\/wp\/v2\/product_cat?post=56897"},{"taxonomy":"product_tag","embeddable":true,"href":"https:\/\/cardinal-tapes.com\/fr\/wp-json\/wp\/v2\/product_tag?post=56897"}],"curies":[{"name":"wp","href":"https:\/\/api.w.org\/{rel}","templated":true}]}}