{"id":56788,"date":"2018-02-20T14:21:32","date_gmt":"2018-02-20T13:21:32","guid":{"rendered":"https:\/\/cardinal.pixel-tal.de\/klebebaender\/non%20class\u00e9\/tesa-professional-4370-ruban-a-enduire-uv\/"},"modified":"2025-07-03T16:03:36","modified_gmt":"2025-07-03T14:03:36","slug":"tesa-4370-uv-bande-de-protection-pour-platre-et-batiment","status":"publish","type":"product","link":"https:\/\/cardinal-tapes.com\/fr\/rubans-adh\u00e9sifs\/domaines-dapplication\/industrie-du-batiment\/tesa-4370-uv-bande-de-protection-pour-platre-et-batiment\/","title":{"rendered":"tesa\u00ae Professional 4370 Ruban \u00e0 enduire UV"},"content":{"rendered":"<p><sup>tesa\u00ae<\/sup> Ruban de masquage 4370 UV Ruban de masquage et de protection des b\u00e2timents extra est compos\u00e9 d&#8217;un support en tissu PET\/coton de 70 mesh avec un bloqueur d&#8217;UV noir et une masse de caoutchouc naturel.<\/p>\n<p><strong>Caract\u00e9ristiques<\/strong><br \/>\n&#8211; Utilisable \u00e0 l&#8217;ext\u00e9rieur jusqu&#8217;\u00e0 8 semaines<br \/>\n&#8211; Flexible<br \/>\n&#8211; R\u00e9sistant \u00e0 l&#8217;eau<br \/>\n&#8211; Bon pouvoir adh\u00e9sif, m\u00eame sur des surfaces rugueuses<br \/>\n&#8211; S&#8217;enl\u00e8ve facilement et proprement<br \/>\n&#8211; Se d\u00e9roule facilement<\/p>\n<p><strong>Applications<br \/>\n<\/strong>&#8211; Couvrir et prot\u00e9ger les surfaces sensibles<br \/>\n&#8211; Utilis\u00e9 pour les travaux de pl\u00e2trage, de gypserie et de r\u00e9novation de fa\u00e7ades<\/p>\n","protected":false},"excerpt":{"rendered":"<p>tesa\u00ae Ruban de masquage 4370 UV Ruban de masquage et de protection des b\u00e2timents extra est compos\u00e9 d&#8217;un support en tissu PET\/coton de 70 mesh avec un bloqueur d&#8217;UV noir et une masse de caoutchouc naturel. Caract\u00e9ristiques &#8211; Utilisable \u00e0 l&#8217;ext\u00e9rieur jusqu&#8217;\u00e0 8 semaines &#8211; Flexible &#8211; R\u00e9sistant \u00e0 l&#8217;eau &#8211; Bon pouvoir adh\u00e9sif, m\u00eame [&hellip;]<\/p>\n","protected":false},"featured_media":26464,"template":"","meta":{"_acf_changed":false},"pwb-brand":[2165],"product_brand":[],"product_cat":[1669,1836],"product_tag":[],"class_list":{"0":"post-56788","1":"product","2":"type-product","3":"status-publish","4":"has-post-thumbnail","6":"pwb-brand-tesa-fr","7":"product_cat-industrie-du-batiment","8":"product_cat-rubans-adhesifs-simple-face","10":"first","11":"instock","12":"taxable","13":"shipping-taxable","14":"purchasable","15":"product-type-variable"},"acf":[],"yoast_head":"<!-- This site is optimized with the Yoast SEO plugin v27.3 - https:\/\/yoast.com\/product\/yoast-seo-wordpress\/ -->\n<title>Tesa 4370 ruban de protection des enduits et des constructions r\u00e9sistant aux UV | Cardinal TAPES<\/title>\n<meta name=\"description\" content=\"Le ruban Tesa 4370 UV Extra de protection des enduits et des constructions est compos\u00e9 d&#039;un support en tissu PET\/coton avec un bloqueur d&#039;UV noir et d&#039;une masse de caoutchouc naturel.\" \/>\n<meta name=\"robots\" content=\"index, follow, max-snippet:-1, max-image-preview:large, max-video-preview:-1\" \/>\n<link rel=\"canonical\" href=\"https:\/\/cardinal-tapes.com\/fr\/rubans-adh\u00e9sifs\/domaines-dapplication\/industrie-du-batiment\/tesa-4370-uv-bande-de-protection-pour-platre-et-batiment\/\" \/>\n<meta property=\"og:locale\" content=\"fr_FR\" \/>\n<meta property=\"og:type\" content=\"article\" \/>\n<meta property=\"og:title\" content=\"Tesa 4370 ruban de protection des enduits et des constructions r\u00e9sistant aux UV | Cardinal TAPES\" \/>\n<meta property=\"og:description\" content=\"Le ruban Tesa 4370 UV Extra de protection des enduits et des constructions est compos\u00e9 d&#039;un support en tissu PET\/coton avec un bloqueur d&#039;UV noir et d&#039;une masse de caoutchouc naturel.\" \/>\n<meta property=\"og:url\" content=\"https:\/\/cardinal-tapes.com\/fr\/rubans-adh\u00e9sifs\/domaines-dapplication\/industrie-du-batiment\/tesa-4370-uv-bande-de-protection-pour-platre-et-batiment\/\" \/>\n<meta property=\"og:site_name\" content=\"cardinal TAPES\" \/>\n<meta property=\"article:modified_time\" content=\"2025-07-03T14:03:36+00:00\" \/>\n<meta property=\"og:image\" content=\"https:\/\/cardinal-tapes.com\/wp-content\/uploads\/tesa-04370.jpg\" \/>\n\t<meta property=\"og:image:width\" content=\"600\" \/>\n\t<meta property=\"og:image:height\" content=\"600\" \/>\n\t<meta property=\"og:image:type\" content=\"image\/jpeg\" \/>\n<meta name=\"twitter:card\" content=\"summary_large_image\" \/>\n<script type=\"application\/ld+json\" class=\"yoast-schema-graph\">{\"@context\":\"https:\\\/\\\/schema.org\",\"@graph\":[{\"@type\":\"WebPage\",\"@id\":\"https:\\\/\\\/cardinal-tapes.com\\\/fr\\\/rubans-adh\u00e9sifs\\\/domaines-dapplication\\\/industrie-du-batiment\\\/tesa-4370-uv-bande-de-protection-pour-platre-et-batiment\\\/\",\"url\":\"https:\\\/\\\/cardinal-tapes.com\\\/fr\\\/rubans-adh\u00e9sifs\\\/domaines-dapplication\\\/industrie-du-batiment\\\/tesa-4370-uv-bande-de-protection-pour-platre-et-batiment\\\/\",\"name\":\"Tesa 4370 ruban de protection des enduits et des constructions r\u00e9sistant aux UV | Cardinal TAPES\",\"isPartOf\":{\"@id\":\"https:\\\/\\\/cardinal-tapes.com\\\/#website\"},\"primaryImageOfPage\":{\"@id\":\"https:\\\/\\\/cardinal-tapes.com\\\/fr\\\/rubans-adh\u00e9sifs\\\/domaines-dapplication\\\/industrie-du-batiment\\\/tesa-4370-uv-bande-de-protection-pour-platre-et-batiment\\\/#primaryimage\"},\"image\":{\"@id\":\"https:\\\/\\\/cardinal-tapes.com\\\/fr\\\/rubans-adh\u00e9sifs\\\/domaines-dapplication\\\/industrie-du-batiment\\\/tesa-4370-uv-bande-de-protection-pour-platre-et-batiment\\\/#primaryimage\"},\"thumbnailUrl\":\"https:\\\/\\\/cardinal-tapes.com\\\/wp-content\\\/uploads\\\/tesa-04370.jpg\",\"datePublished\":\"2018-02-20T13:21:32+00:00\",\"dateModified\":\"2025-07-03T14:03:36+00:00\",\"description\":\"Le ruban Tesa 4370 UV Extra de protection des enduits et des constructions est compos\u00e9 d'un support en tissu PET\\\/coton avec un bloqueur d'UV noir et d'une masse de caoutchouc naturel.\",\"breadcrumb\":{\"@id\":\"https:\\\/\\\/cardinal-tapes.com\\\/fr\\\/rubans-adh\u00e9sifs\\\/domaines-dapplication\\\/industrie-du-batiment\\\/tesa-4370-uv-bande-de-protection-pour-platre-et-batiment\\\/#breadcrumb\"},\"inLanguage\":\"fr-FR\",\"potentialAction\":[{\"@type\":\"ReadAction\",\"target\":[\"https:\\\/\\\/cardinal-tapes.com\\\/fr\\\/rubans-adh\u00e9sifs\\\/domaines-dapplication\\\/industrie-du-batiment\\\/tesa-4370-uv-bande-de-protection-pour-platre-et-batiment\\\/\"]}]},{\"@type\":\"ImageObject\",\"inLanguage\":\"fr-FR\",\"@id\":\"https:\\\/\\\/cardinal-tapes.com\\\/fr\\\/rubans-adh\u00e9sifs\\\/domaines-dapplication\\\/industrie-du-batiment\\\/tesa-4370-uv-bande-de-protection-pour-platre-et-batiment\\\/#primaryimage\",\"url\":\"https:\\\/\\\/cardinal-tapes.com\\\/wp-content\\\/uploads\\\/tesa-04370.jpg\",\"contentUrl\":\"https:\\\/\\\/cardinal-tapes.com\\\/wp-content\\\/uploads\\\/tesa-04370.jpg\",\"width\":600,\"height\":600,\"caption\":\"tesa 4370 Ruban adh\u00e9sif\"},{\"@type\":\"BreadcrumbList\",\"@id\":\"https:\\\/\\\/cardinal-tapes.com\\\/fr\\\/rubans-adh\u00e9sifs\\\/domaines-dapplication\\\/industrie-du-batiment\\\/tesa-4370-uv-bande-de-protection-pour-platre-et-batiment\\\/#breadcrumb\",\"itemListElement\":[{\"@type\":\"ListItem\",\"position\":1,\"name\":\"Startseite\",\"item\":\"https:\\\/\\\/cardinal-tapes.com\\\/fr\\\/accueil\\\/\"},{\"@type\":\"ListItem\",\"position\":2,\"name\":\"Rubans adh\u00e9sifs\",\"item\":\"https:\\\/\\\/cardinal-tapes.com\\\/fr\\\/rubans-adhesifs-fr\\\/\"},{\"@type\":\"ListItem\",\"position\":3,\"name\":\"Domaines d&#039;application\",\"item\":\"https:\\\/\\\/cardinal-tapes.com\\\/fr\\\/catgorie\\\/domaines-dapplication\\\/\"},{\"@type\":\"ListItem\",\"position\":4,\"name\":\"Industrie du b\u00e2timent\",\"item\":\"https:\\\/\\\/cardinal-tapes.com\\\/fr\\\/catgorie\\\/industrie-du-batiment\\\/\"},{\"@type\":\"ListItem\",\"position\":5,\"name\":\"tesa\u00ae Professional 4370 Ruban \u00e0 enduire UV\"}]},{\"@type\":\"WebSite\",\"@id\":\"https:\\\/\\\/cardinal-tapes.com\\\/#website\",\"url\":\"https:\\\/\\\/cardinal-tapes.com\\\/\",\"name\":\"cardinal TAPES\",\"description\":\"Klebetechnik aus Wuppertal\",\"potentialAction\":[{\"@type\":\"SearchAction\",\"target\":{\"@type\":\"EntryPoint\",\"urlTemplate\":\"https:\\\/\\\/cardinal-tapes.com\\\/?s={search_term_string}\"},\"query-input\":{\"@type\":\"PropertyValueSpecification\",\"valueRequired\":true,\"valueName\":\"search_term_string\"}}],\"inLanguage\":\"fr-FR\"}]}<\/script>\n<!-- \/ Yoast SEO plugin. -->","yoast_head_json":{"title":"Tesa 4370 ruban de protection des enduits et des constructions r\u00e9sistant aux UV | Cardinal TAPES","description":"Le ruban Tesa 4370 UV Extra de protection des enduits et des constructions est compos\u00e9 d'un support en tissu PET\/coton avec un bloqueur d'UV noir et d'une masse de caoutchouc naturel.","robots":{"index":"index","follow":"follow","max-snippet":"max-snippet:-1","max-image-preview":"max-image-preview:large","max-video-preview":"max-video-preview:-1"},"canonical":"https:\/\/cardinal-tapes.com\/fr\/rubans-adh\u00e9sifs\/domaines-dapplication\/industrie-du-batiment\/tesa-4370-uv-bande-de-protection-pour-platre-et-batiment\/","og_locale":"fr_FR","og_type":"article","og_title":"Tesa 4370 ruban de protection des enduits et des constructions r\u00e9sistant aux UV | Cardinal TAPES","og_description":"Le ruban Tesa 4370 UV Extra de protection des enduits et des constructions est compos\u00e9 d'un support en tissu PET\/coton avec un bloqueur d'UV noir et d'une masse de caoutchouc naturel.","og_url":"https:\/\/cardinal-tapes.com\/fr\/rubans-adh\u00e9sifs\/domaines-dapplication\/industrie-du-batiment\/tesa-4370-uv-bande-de-protection-pour-platre-et-batiment\/","og_site_name":"cardinal TAPES","article_modified_time":"2025-07-03T14:03:36+00:00","og_image":[{"width":600,"height":600,"url":"https:\/\/cardinal-tapes.com\/wp-content\/uploads\/tesa-04370.jpg","type":"image\/jpeg"}],"twitter_card":"summary_large_image","schema":{"@context":"https:\/\/schema.org","@graph":[{"@type":"WebPage","@id":"https:\/\/cardinal-tapes.com\/fr\/rubans-adh\u00e9sifs\/domaines-dapplication\/industrie-du-batiment\/tesa-4370-uv-bande-de-protection-pour-platre-et-batiment\/","url":"https:\/\/cardinal-tapes.com\/fr\/rubans-adh\u00e9sifs\/domaines-dapplication\/industrie-du-batiment\/tesa-4370-uv-bande-de-protection-pour-platre-et-batiment\/","name":"Tesa 4370 ruban de protection des enduits et des constructions r\u00e9sistant aux UV | Cardinal TAPES","isPartOf":{"@id":"https:\/\/cardinal-tapes.com\/#website"},"primaryImageOfPage":{"@id":"https:\/\/cardinal-tapes.com\/fr\/rubans-adh\u00e9sifs\/domaines-dapplication\/industrie-du-batiment\/tesa-4370-uv-bande-de-protection-pour-platre-et-batiment\/#primaryimage"},"image":{"@id":"https:\/\/cardinal-tapes.com\/fr\/rubans-adh\u00e9sifs\/domaines-dapplication\/industrie-du-batiment\/tesa-4370-uv-bande-de-protection-pour-platre-et-batiment\/#primaryimage"},"thumbnailUrl":"https:\/\/cardinal-tapes.com\/wp-content\/uploads\/tesa-04370.jpg","datePublished":"2018-02-20T13:21:32+00:00","dateModified":"2025-07-03T14:03:36+00:00","description":"Le ruban Tesa 4370 UV Extra de protection des enduits et des constructions est compos\u00e9 d'un support en tissu PET\/coton avec un bloqueur d'UV noir et d'une masse de caoutchouc naturel.","breadcrumb":{"@id":"https:\/\/cardinal-tapes.com\/fr\/rubans-adh\u00e9sifs\/domaines-dapplication\/industrie-du-batiment\/tesa-4370-uv-bande-de-protection-pour-platre-et-batiment\/#breadcrumb"},"inLanguage":"fr-FR","potentialAction":[{"@type":"ReadAction","target":["https:\/\/cardinal-tapes.com\/fr\/rubans-adh\u00e9sifs\/domaines-dapplication\/industrie-du-batiment\/tesa-4370-uv-bande-de-protection-pour-platre-et-batiment\/"]}]},{"@type":"ImageObject","inLanguage":"fr-FR","@id":"https:\/\/cardinal-tapes.com\/fr\/rubans-adh\u00e9sifs\/domaines-dapplication\/industrie-du-batiment\/tesa-4370-uv-bande-de-protection-pour-platre-et-batiment\/#primaryimage","url":"https:\/\/cardinal-tapes.com\/wp-content\/uploads\/tesa-04370.jpg","contentUrl":"https:\/\/cardinal-tapes.com\/wp-content\/uploads\/tesa-04370.jpg","width":600,"height":600,"caption":"tesa 4370 Ruban adh\u00e9sif"},{"@type":"BreadcrumbList","@id":"https:\/\/cardinal-tapes.com\/fr\/rubans-adh\u00e9sifs\/domaines-dapplication\/industrie-du-batiment\/tesa-4370-uv-bande-de-protection-pour-platre-et-batiment\/#breadcrumb","itemListElement":[{"@type":"ListItem","position":1,"name":"Startseite","item":"https:\/\/cardinal-tapes.com\/fr\/accueil\/"},{"@type":"ListItem","position":2,"name":"Rubans adh\u00e9sifs","item":"https:\/\/cardinal-tapes.com\/fr\/rubans-adhesifs-fr\/"},{"@type":"ListItem","position":3,"name":"Domaines d&#039;application","item":"https:\/\/cardinal-tapes.com\/fr\/catgorie\/domaines-dapplication\/"},{"@type":"ListItem","position":4,"name":"Industrie du b\u00e2timent","item":"https:\/\/cardinal-tapes.com\/fr\/catgorie\/industrie-du-batiment\/"},{"@type":"ListItem","position":5,"name":"tesa\u00ae Professional 4370 Ruban \u00e0 enduire UV"}]},{"@type":"WebSite","@id":"https:\/\/cardinal-tapes.com\/#website","url":"https:\/\/cardinal-tapes.com\/","name":"cardinal TAPES","description":"Klebetechnik aus Wuppertal","potentialAction":[{"@type":"SearchAction","target":{"@type":"EntryPoint","urlTemplate":"https:\/\/cardinal-tapes.com\/?s={search_term_string}"},"query-input":{"@type":"PropertyValueSpecification","valueRequired":true,"valueName":"search_term_string"}}],"inLanguage":"fr-FR"}]}},"brands":[{"id":2165,"name":"tesa","slug":"tesa-fr"}],"_links":{"self":[{"href":"https:\/\/cardinal-tapes.com\/fr\/wp-json\/wp\/v2\/product\/56788","targetHints":{"allow":["GET"]}}],"collection":[{"href":"https:\/\/cardinal-tapes.com\/fr\/wp-json\/wp\/v2\/product"}],"about":[{"href":"https:\/\/cardinal-tapes.com\/fr\/wp-json\/wp\/v2\/types\/product"}],"wp:featuredmedia":[{"embeddable":true,"href":"https:\/\/cardinal-tapes.com\/fr\/wp-json\/wp\/v2\/media\/26464"}],"wp:attachment":[{"href":"https:\/\/cardinal-tapes.com\/fr\/wp-json\/wp\/v2\/media?parent=56788"}],"wp:term":[{"taxonomy":"pwb-brand","embeddable":true,"href":"https:\/\/cardinal-tapes.com\/fr\/wp-json\/wp\/v2\/pwb-brand?post=56788"},{"taxonomy":"product_brand","embeddable":true,"href":"https:\/\/cardinal-tapes.com\/fr\/wp-json\/wp\/v2\/product_brand?post=56788"},{"taxonomy":"product_cat","embeddable":true,"href":"https:\/\/cardinal-tapes.com\/fr\/wp-json\/wp\/v2\/product_cat?post=56788"},{"taxonomy":"product_tag","embeddable":true,"href":"https:\/\/cardinal-tapes.com\/fr\/wp-json\/wp\/v2\/product_tag?post=56788"}],"curies":[{"name":"wp","href":"https:\/\/api.w.org\/{rel}","templated":true}]}}