{"id":55807,"date":"2018-02-21T07:43:42","date_gmt":"2023-06-05T15:25:25","guid":{"rendered":"https:\/\/cardinal.pixel-tal.de\/klebebaender\/non%20class\u00e9\/ca-14-ruban-de-masquage-pour-peinture\/"},"modified":"2025-07-03T10:08:06","modified_gmt":"2025-07-03T08:08:06","slug":"ca-14-bande-de-masquage-pour-peinture","status":"publish","type":"product","link":"https:\/\/cardinal-tapes.com\/fr\/rubans-adh\u00e9sifs\/domaines-dapplication\/industrie-automobile\/ca-14-bande-de-masquage-pour-peinture\/","title":{"rendered":"CA-14 Ruban de masquage pour peinture"},"content":{"rendered":"<p>Le ruban de masquage pour peinture CA-14 est un ruban papier faiblement cr\u00eap\u00e9, dot\u00e9 d&#8217;un bon pouvoir adh\u00e9sif. Cela garantit une s\u00e9curit\u00e9 de collage rapide et \u00e9lev\u00e9e, m\u00eame sur le caoutchouc, le verre et diverses autres surfaces.<\/p>\n<p>Le support est extr\u00eamement flexible, permet un collage pr\u00e9cis sur les longues lignes droites ainsi que dans les virages difficiles et favorise des r\u00e9sultats de peinture propres avec des bords de peinture nets et pr\u00e9cis. En outre, le CA-14 se caract\u00e9rise par le fait qu&#8217;il peut \u00eatre utilis\u00e9 pour une dur\u00e9e de max. 4 jours \u00e0 l&#8217;ext\u00e9rieur sans laisser de r\u00e9sidus de colle. M\u00eame apr\u00e8s le s\u00e9chage, le ruban adh\u00e9sif se retire habituellement facilement.<\/p>\n","protected":false},"excerpt":{"rendered":"<p>Le ruban de masquage pour peinture CA-14 est un ruban papier faiblement cr\u00eap\u00e9, dot\u00e9 d&#8217;un bon pouvoir adh\u00e9sif. Cela garantit une s\u00e9curit\u00e9 de collage rapide et \u00e9lev\u00e9e, m\u00eame sur le caoutchouc, le verre et diverses autres surfaces. Le support est extr\u00eamement flexible, permet un collage pr\u00e9cis sur les longues lignes droites ainsi que dans les [&hellip;]<\/p>\n","protected":false},"featured_media":26956,"template":"","meta":{"_acf_changed":false},"pwb-brand":[2171],"product_brand":[],"product_cat":[1667,1739,1741,1766,1836],"product_tag":[],"class_list":{"0":"post-55807","1":"product","2":"type-product","3":"status-publish","4":"has-post-thumbnail","6":"pwb-brand-cardinal-gmbh-fr","7":"product_cat-industrie-automobile","8":"product_cat-ruban-de-masquage-pour-peinture","9":"product_cat-construction-de-machines","10":"product_cat-ruban-adhesif-en-papier","11":"product_cat-rubans-adhesifs-simple-face","13":"first","14":"instock","15":"taxable","16":"shipping-taxable","17":"purchasable","18":"product-type-variable"},"acf":[],"yoast_head":"<!-- This site is optimized with the Yoast SEO plugin v27.3 - https:\/\/yoast.com\/product\/yoast-seo-wordpress\/ -->\n<title>CA-14 Ruban de masquage pour peinture | Cardinal TAPES<\/title>\n<meta name=\"description\" content=\"CA-14 est un ruban de masquage pour peinture qui pr\u00e9sente un pouvoir adh\u00e9sif \u00e9lev\u00e9 sur le caoutchouc, le verre et diverses autres surfaces. En savoir plus ici.\" \/>\n<meta name=\"robots\" content=\"index, follow, max-snippet:-1, max-image-preview:large, max-video-preview:-1\" \/>\n<link rel=\"canonical\" href=\"https:\/\/cardinal-tapes.com\/fr\/rubans-adh\u00e9sifs\/domaines-dapplication\/industrie-automobile\/ca-14-bande-de-masquage-pour-peinture\/\" \/>\n<meta property=\"og:locale\" content=\"fr_FR\" \/>\n<meta property=\"og:type\" content=\"article\" \/>\n<meta property=\"og:title\" content=\"CA-14 Ruban de masquage pour peinture | Cardinal TAPES\" \/>\n<meta property=\"og:description\" content=\"CA-14 est un ruban de masquage pour peinture qui pr\u00e9sente un pouvoir adh\u00e9sif \u00e9lev\u00e9 sur le caoutchouc, le verre et diverses autres surfaces. En savoir plus ici.\" \/>\n<meta property=\"og:url\" content=\"https:\/\/cardinal-tapes.com\/fr\/rubans-adh\u00e9sifs\/domaines-dapplication\/industrie-automobile\/ca-14-bande-de-masquage-pour-peinture\/\" \/>\n<meta property=\"og:site_name\" content=\"cardinal TAPES\" \/>\n<meta property=\"article:modified_time\" content=\"2025-07-03T08:08:06+00:00\" \/>\n<meta property=\"og:image\" content=\"https:\/\/cardinal-tapes.com\/wp-content\/uploads\/CA_14.jpg\" \/>\n\t<meta property=\"og:image:width\" content=\"1400\" \/>\n\t<meta property=\"og:image:height\" content=\"1400\" \/>\n\t<meta property=\"og:image:type\" content=\"image\/jpeg\" \/>\n<meta name=\"twitter:card\" content=\"summary_large_image\" \/>\n<meta name=\"twitter:label1\" content=\"Dur\u00e9e de lecture estim\u00e9e\" \/>\n\t<meta name=\"twitter:data1\" content=\"1 minute\" \/>\n<script type=\"application\/ld+json\" class=\"yoast-schema-graph\">{\"@context\":\"https:\\\/\\\/schema.org\",\"@graph\":[{\"@type\":\"WebPage\",\"@id\":\"https:\\\/\\\/cardinal-tapes.com\\\/fr\\\/rubans-adh\u00e9sifs\\\/domaines-dapplication\\\/industrie-automobile\\\/ca-14-bande-de-masquage-pour-peinture\\\/\",\"url\":\"https:\\\/\\\/cardinal-tapes.com\\\/fr\\\/rubans-adh\u00e9sifs\\\/domaines-dapplication\\\/industrie-automobile\\\/ca-14-bande-de-masquage-pour-peinture\\\/\",\"name\":\"CA-14 Ruban de masquage pour peinture | Cardinal TAPES\",\"isPartOf\":{\"@id\":\"https:\\\/\\\/cardinal-tapes.com\\\/#website\"},\"primaryImageOfPage\":{\"@id\":\"https:\\\/\\\/cardinal-tapes.com\\\/fr\\\/rubans-adh\u00e9sifs\\\/domaines-dapplication\\\/industrie-automobile\\\/ca-14-bande-de-masquage-pour-peinture\\\/#primaryimage\"},\"image\":{\"@id\":\"https:\\\/\\\/cardinal-tapes.com\\\/fr\\\/rubans-adh\u00e9sifs\\\/domaines-dapplication\\\/industrie-automobile\\\/ca-14-bande-de-masquage-pour-peinture\\\/#primaryimage\"},\"thumbnailUrl\":\"https:\\\/\\\/cardinal-tapes.com\\\/wp-content\\\/uploads\\\/CA_14.jpg\",\"datePublished\":\"2023-06-05T15:25:25+00:00\",\"dateModified\":\"2025-07-03T08:08:06+00:00\",\"description\":\"CA-14 est un ruban de masquage pour peinture qui pr\u00e9sente un pouvoir adh\u00e9sif \u00e9lev\u00e9 sur le caoutchouc, le verre et diverses autres surfaces. En savoir plus ici.\",\"breadcrumb\":{\"@id\":\"https:\\\/\\\/cardinal-tapes.com\\\/fr\\\/rubans-adh\u00e9sifs\\\/domaines-dapplication\\\/industrie-automobile\\\/ca-14-bande-de-masquage-pour-peinture\\\/#breadcrumb\"},\"inLanguage\":\"fr-FR\",\"potentialAction\":[{\"@type\":\"ReadAction\",\"target\":[\"https:\\\/\\\/cardinal-tapes.com\\\/fr\\\/rubans-adh\u00e9sifs\\\/domaines-dapplication\\\/industrie-automobile\\\/ca-14-bande-de-masquage-pour-peinture\\\/\"]}]},{\"@type\":\"ImageObject\",\"inLanguage\":\"fr-FR\",\"@id\":\"https:\\\/\\\/cardinal-tapes.com\\\/fr\\\/rubans-adh\u00e9sifs\\\/domaines-dapplication\\\/industrie-automobile\\\/ca-14-bande-de-masquage-pour-peinture\\\/#primaryimage\",\"url\":\"https:\\\/\\\/cardinal-tapes.com\\\/wp-content\\\/uploads\\\/CA_14.jpg\",\"contentUrl\":\"https:\\\/\\\/cardinal-tapes.com\\\/wp-content\\\/uploads\\\/CA_14.jpg\",\"width\":1400,\"height\":1400,\"caption\":\"CA 14\"},{\"@type\":\"BreadcrumbList\",\"@id\":\"https:\\\/\\\/cardinal-tapes.com\\\/fr\\\/rubans-adh\u00e9sifs\\\/domaines-dapplication\\\/industrie-automobile\\\/ca-14-bande-de-masquage-pour-peinture\\\/#breadcrumb\",\"itemListElement\":[{\"@type\":\"ListItem\",\"position\":1,\"name\":\"Startseite\",\"item\":\"https:\\\/\\\/cardinal-tapes.com\\\/fr\\\/accueil\\\/\"},{\"@type\":\"ListItem\",\"position\":2,\"name\":\"Rubans adh\u00e9sifs\",\"item\":\"https:\\\/\\\/cardinal-tapes.com\\\/fr\\\/rubans-adhesifs-fr\\\/\"},{\"@type\":\"ListItem\",\"position\":3,\"name\":\"Domaines d&#039;application\",\"item\":\"https:\\\/\\\/cardinal-tapes.com\\\/fr\\\/catgorie\\\/domaines-dapplication\\\/\"},{\"@type\":\"ListItem\",\"position\":4,\"name\":\"Industrie automobile\",\"item\":\"https:\\\/\\\/cardinal-tapes.com\\\/fr\\\/catgorie\\\/industrie-automobile\\\/\"},{\"@type\":\"ListItem\",\"position\":5,\"name\":\"CA-14 Ruban de masquage pour peinture\"}]},{\"@type\":\"WebSite\",\"@id\":\"https:\\\/\\\/cardinal-tapes.com\\\/#website\",\"url\":\"https:\\\/\\\/cardinal-tapes.com\\\/\",\"name\":\"cardinal TAPES\",\"description\":\"Klebetechnik aus Wuppertal\",\"potentialAction\":[{\"@type\":\"SearchAction\",\"target\":{\"@type\":\"EntryPoint\",\"urlTemplate\":\"https:\\\/\\\/cardinal-tapes.com\\\/?s={search_term_string}\"},\"query-input\":{\"@type\":\"PropertyValueSpecification\",\"valueRequired\":true,\"valueName\":\"search_term_string\"}}],\"inLanguage\":\"fr-FR\"}]}<\/script>\n<!-- \/ Yoast SEO plugin. -->","yoast_head_json":{"title":"CA-14 Ruban de masquage pour peinture | Cardinal TAPES","description":"CA-14 est un ruban de masquage pour peinture qui pr\u00e9sente un pouvoir adh\u00e9sif \u00e9lev\u00e9 sur le caoutchouc, le verre et diverses autres surfaces. En savoir plus ici.","robots":{"index":"index","follow":"follow","max-snippet":"max-snippet:-1","max-image-preview":"max-image-preview:large","max-video-preview":"max-video-preview:-1"},"canonical":"https:\/\/cardinal-tapes.com\/fr\/rubans-adh\u00e9sifs\/domaines-dapplication\/industrie-automobile\/ca-14-bande-de-masquage-pour-peinture\/","og_locale":"fr_FR","og_type":"article","og_title":"CA-14 Ruban de masquage pour peinture | Cardinal TAPES","og_description":"CA-14 est un ruban de masquage pour peinture qui pr\u00e9sente un pouvoir adh\u00e9sif \u00e9lev\u00e9 sur le caoutchouc, le verre et diverses autres surfaces. En savoir plus ici.","og_url":"https:\/\/cardinal-tapes.com\/fr\/rubans-adh\u00e9sifs\/domaines-dapplication\/industrie-automobile\/ca-14-bande-de-masquage-pour-peinture\/","og_site_name":"cardinal TAPES","article_modified_time":"2025-07-03T08:08:06+00:00","og_image":[{"width":1400,"height":1400,"url":"https:\/\/cardinal-tapes.com\/wp-content\/uploads\/CA_14.jpg","type":"image\/jpeg"}],"twitter_card":"summary_large_image","twitter_misc":{"Dur\u00e9e de lecture estim\u00e9e":"1 minute"},"schema":{"@context":"https:\/\/schema.org","@graph":[{"@type":"WebPage","@id":"https:\/\/cardinal-tapes.com\/fr\/rubans-adh\u00e9sifs\/domaines-dapplication\/industrie-automobile\/ca-14-bande-de-masquage-pour-peinture\/","url":"https:\/\/cardinal-tapes.com\/fr\/rubans-adh\u00e9sifs\/domaines-dapplication\/industrie-automobile\/ca-14-bande-de-masquage-pour-peinture\/","name":"CA-14 Ruban de masquage pour peinture | Cardinal TAPES","isPartOf":{"@id":"https:\/\/cardinal-tapes.com\/#website"},"primaryImageOfPage":{"@id":"https:\/\/cardinal-tapes.com\/fr\/rubans-adh\u00e9sifs\/domaines-dapplication\/industrie-automobile\/ca-14-bande-de-masquage-pour-peinture\/#primaryimage"},"image":{"@id":"https:\/\/cardinal-tapes.com\/fr\/rubans-adh\u00e9sifs\/domaines-dapplication\/industrie-automobile\/ca-14-bande-de-masquage-pour-peinture\/#primaryimage"},"thumbnailUrl":"https:\/\/cardinal-tapes.com\/wp-content\/uploads\/CA_14.jpg","datePublished":"2023-06-05T15:25:25+00:00","dateModified":"2025-07-03T08:08:06+00:00","description":"CA-14 est un ruban de masquage pour peinture qui pr\u00e9sente un pouvoir adh\u00e9sif \u00e9lev\u00e9 sur le caoutchouc, le verre et diverses autres surfaces. En savoir plus ici.","breadcrumb":{"@id":"https:\/\/cardinal-tapes.com\/fr\/rubans-adh\u00e9sifs\/domaines-dapplication\/industrie-automobile\/ca-14-bande-de-masquage-pour-peinture\/#breadcrumb"},"inLanguage":"fr-FR","potentialAction":[{"@type":"ReadAction","target":["https:\/\/cardinal-tapes.com\/fr\/rubans-adh\u00e9sifs\/domaines-dapplication\/industrie-automobile\/ca-14-bande-de-masquage-pour-peinture\/"]}]},{"@type":"ImageObject","inLanguage":"fr-FR","@id":"https:\/\/cardinal-tapes.com\/fr\/rubans-adh\u00e9sifs\/domaines-dapplication\/industrie-automobile\/ca-14-bande-de-masquage-pour-peinture\/#primaryimage","url":"https:\/\/cardinal-tapes.com\/wp-content\/uploads\/CA_14.jpg","contentUrl":"https:\/\/cardinal-tapes.com\/wp-content\/uploads\/CA_14.jpg","width":1400,"height":1400,"caption":"CA 14"},{"@type":"BreadcrumbList","@id":"https:\/\/cardinal-tapes.com\/fr\/rubans-adh\u00e9sifs\/domaines-dapplication\/industrie-automobile\/ca-14-bande-de-masquage-pour-peinture\/#breadcrumb","itemListElement":[{"@type":"ListItem","position":1,"name":"Startseite","item":"https:\/\/cardinal-tapes.com\/fr\/accueil\/"},{"@type":"ListItem","position":2,"name":"Rubans adh\u00e9sifs","item":"https:\/\/cardinal-tapes.com\/fr\/rubans-adhesifs-fr\/"},{"@type":"ListItem","position":3,"name":"Domaines d&#039;application","item":"https:\/\/cardinal-tapes.com\/fr\/catgorie\/domaines-dapplication\/"},{"@type":"ListItem","position":4,"name":"Industrie automobile","item":"https:\/\/cardinal-tapes.com\/fr\/catgorie\/industrie-automobile\/"},{"@type":"ListItem","position":5,"name":"CA-14 Ruban de masquage pour peinture"}]},{"@type":"WebSite","@id":"https:\/\/cardinal-tapes.com\/#website","url":"https:\/\/cardinal-tapes.com\/","name":"cardinal TAPES","description":"Klebetechnik aus Wuppertal","potentialAction":[{"@type":"SearchAction","target":{"@type":"EntryPoint","urlTemplate":"https:\/\/cardinal-tapes.com\/?s={search_term_string}"},"query-input":{"@type":"PropertyValueSpecification","valueRequired":true,"valueName":"search_term_string"}}],"inLanguage":"fr-FR"}]}},"brands":[{"id":2171,"name":"cardinal GmbH","slug":"cardinal-gmbh-fr"}],"_links":{"self":[{"href":"https:\/\/cardinal-tapes.com\/fr\/wp-json\/wp\/v2\/product\/55807","targetHints":{"allow":["GET"]}}],"collection":[{"href":"https:\/\/cardinal-tapes.com\/fr\/wp-json\/wp\/v2\/product"}],"about":[{"href":"https:\/\/cardinal-tapes.com\/fr\/wp-json\/wp\/v2\/types\/product"}],"wp:featuredmedia":[{"embeddable":true,"href":"https:\/\/cardinal-tapes.com\/fr\/wp-json\/wp\/v2\/media\/26956"}],"wp:attachment":[{"href":"https:\/\/cardinal-tapes.com\/fr\/wp-json\/wp\/v2\/media?parent=55807"}],"wp:term":[{"taxonomy":"pwb-brand","embeddable":true,"href":"https:\/\/cardinal-tapes.com\/fr\/wp-json\/wp\/v2\/pwb-brand?post=55807"},{"taxonomy":"product_brand","embeddable":true,"href":"https:\/\/cardinal-tapes.com\/fr\/wp-json\/wp\/v2\/product_brand?post=55807"},{"taxonomy":"product_cat","embeddable":true,"href":"https:\/\/cardinal-tapes.com\/fr\/wp-json\/wp\/v2\/product_cat?post=55807"},{"taxonomy":"product_tag","embeddable":true,"href":"https:\/\/cardinal-tapes.com\/fr\/wp-json\/wp\/v2\/product_tag?post=55807"}],"curies":[{"name":"wp","href":"https:\/\/api.w.org\/{rel}","templated":true}]}}