{"id":55641,"date":"2018-02-20T16:04:27","date_gmt":"2023-06-05T15:25:22","guid":{"rendered":"https:\/\/cardinal.pixel-tal.de\/klebebaender\/non class\u00e9\/ca-11-ruban-adhesif-crepe-plat\/"},"modified":"2023-06-05T17:25:22","modified_gmt":"2023-06-05T15:25:22","slug":"ca-11-bande-adhesive-en-crepe-plat","status":"publish","type":"product","link":"https:\/\/cardinal-tapes.com\/fr\/rubans-adh\u00e9sifs\/domaines-dapplication\/technique-de-chauffage-et-de-climatisation\/ca-11-bande-adhesive-en-crepe-plat\/","title":{"rendered":"CA-11 Ruban adh\u00e9sif cr\u00eape plat"},"content":{"rendered":"<p>CA-11 est un ruban adh\u00e9sif cr\u00eap\u00e9 \u00e0 usage g\u00e9n\u00e9ral qui convient pour le masquage, la protection et la fixation.<br \/>\nIl peut \u00eatre retir\u00e9 sans laisser de traces d&#8217;adh\u00e9sif.<\/p>\n","protected":false},"excerpt":{"rendered":"<p>CA-11 est un ruban adh\u00e9sif cr\u00eap\u00e9 \u00e0 usage g\u00e9n\u00e9ral qui convient pour le masquage, la protection et la fixation. Il peut \u00eatre retir\u00e9 sans laisser de traces d&#8217;adh\u00e9sif.<\/p>\n","protected":false},"featured_media":26820,"template":"","meta":{"_acf_changed":false},"pwb-brand":[2171],"product_brand":[],"product_cat":[1836,1736,1741,1766,1768],"product_tag":[],"class_list":{"0":"post-55641","1":"product","2":"type-product","3":"status-publish","4":"has-post-thumbnail","6":"pwb-brand-cardinal-gmbh-fr","7":"product_cat-rubans-adhesifs-simple-face","8":"product_cat-technique-de-chauffage-et-de-climatisation","9":"product_cat-construction-de-machines","10":"product_cat-ruban-adhesif-en-papier","11":"product_cat-acier-et-verre","13":"first","14":"instock","15":"taxable","16":"shipping-taxable","17":"purchasable","18":"product-type-variable"},"acf":[],"yoast_head":"<!-- This site is optimized with the Yoast SEO plugin v27.3 - https:\/\/yoast.com\/product\/yoast-seo-wordpress\/ -->\n<title>CA-11 Ruban adh\u00e9sif cr\u00eape plat | Cardinal TAPES<\/title>\n<meta name=\"description\" content=\"CA-11 est un ruban adh\u00e9sif cr\u00eap\u00e9 \u00e0 usage g\u00e9n\u00e9ral qui convient pour le masquage, la protection et la fixation. Il peut \u00eatre retir\u00e9 sans laisser de traces d&#039;adh\u00e9sif.\" \/>\n<meta name=\"robots\" content=\"index, follow, max-snippet:-1, max-image-preview:large, max-video-preview:-1\" \/>\n<link rel=\"canonical\" href=\"https:\/\/cardinal-tapes.com\/fr\/rubans-adh\u00e9sifs\/technique-de-chauffage-et-de-climatisation\/ca-11-bande-adhesive-en-crepe-plat\/\" \/>\n<meta property=\"og:locale\" content=\"fr_FR\" \/>\n<meta property=\"og:type\" content=\"article\" \/>\n<meta property=\"og:title\" content=\"CA-11 Ruban adh\u00e9sif cr\u00eape plat | Cardinal TAPES\" \/>\n<meta property=\"og:description\" content=\"CA-11 est un ruban adh\u00e9sif cr\u00eap\u00e9 \u00e0 usage g\u00e9n\u00e9ral qui convient pour le masquage, la protection et la fixation. Il peut \u00eatre retir\u00e9 sans laisser de traces d&#039;adh\u00e9sif.\" \/>\n<meta property=\"og:url\" content=\"https:\/\/cardinal-tapes.com\/fr\/rubans-adh\u00e9sifs\/technique-de-chauffage-et-de-climatisation\/ca-11-bande-adhesive-en-crepe-plat\/\" \/>\n<meta property=\"og:site_name\" content=\"cardinal TAPES\" \/>\n<meta property=\"og:image\" content=\"https:\/\/cardinal-tapes.com\/wp-content\/uploads\/CA_11-12.jpg\" \/>\n\t<meta property=\"og:image:width\" content=\"1400\" \/>\n\t<meta property=\"og:image:height\" content=\"1400\" \/>\n\t<meta property=\"og:image:type\" content=\"image\/jpeg\" \/>\n<meta name=\"twitter:card\" content=\"summary_large_image\" \/>\n<script type=\"application\/ld+json\" class=\"yoast-schema-graph\">{\"@context\":\"https:\\\/\\\/schema.org\",\"@graph\":[{\"@type\":\"WebPage\",\"@id\":\"https:\\\/\\\/cardinal-tapes.com\\\/fr\\\/rubans-adh\u00e9sifs\\\/technique-de-chauffage-et-de-climatisation\\\/ca-11-bande-adhesive-en-crepe-plat\\\/\",\"url\":\"https:\\\/\\\/cardinal-tapes.com\\\/fr\\\/rubans-adh\u00e9sifs\\\/technique-de-chauffage-et-de-climatisation\\\/ca-11-bande-adhesive-en-crepe-plat\\\/\",\"name\":\"CA-11 Ruban adh\u00e9sif cr\u00eape plat | Cardinal TAPES\",\"isPartOf\":{\"@id\":\"https:\\\/\\\/cardinal-tapes.com\\\/#website\"},\"primaryImageOfPage\":{\"@id\":\"https:\\\/\\\/cardinal-tapes.com\\\/fr\\\/rubans-adh\u00e9sifs\\\/technique-de-chauffage-et-de-climatisation\\\/ca-11-bande-adhesive-en-crepe-plat\\\/#primaryimage\"},\"image\":{\"@id\":\"https:\\\/\\\/cardinal-tapes.com\\\/fr\\\/rubans-adh\u00e9sifs\\\/technique-de-chauffage-et-de-climatisation\\\/ca-11-bande-adhesive-en-crepe-plat\\\/#primaryimage\"},\"thumbnailUrl\":\"https:\\\/\\\/cardinal-tapes.com\\\/wp-content\\\/uploads\\\/CA_11-12.jpg\",\"datePublished\":\"2023-06-05T15:25:22+00:00\",\"description\":\"CA-11 est un ruban adh\u00e9sif cr\u00eap\u00e9 \u00e0 usage g\u00e9n\u00e9ral qui convient pour le masquage, la protection et la fixation. Il peut \u00eatre retir\u00e9 sans laisser de traces d'adh\u00e9sif.\",\"breadcrumb\":{\"@id\":\"https:\\\/\\\/cardinal-tapes.com\\\/fr\\\/rubans-adh\u00e9sifs\\\/technique-de-chauffage-et-de-climatisation\\\/ca-11-bande-adhesive-en-crepe-plat\\\/#breadcrumb\"},\"inLanguage\":\"fr-FR\",\"potentialAction\":[{\"@type\":\"ReadAction\",\"target\":[\"https:\\\/\\\/cardinal-tapes.com\\\/fr\\\/rubans-adh\u00e9sifs\\\/technique-de-chauffage-et-de-climatisation\\\/ca-11-bande-adhesive-en-crepe-plat\\\/\"]}]},{\"@type\":\"ImageObject\",\"inLanguage\":\"fr-FR\",\"@id\":\"https:\\\/\\\/cardinal-tapes.com\\\/fr\\\/rubans-adh\u00e9sifs\\\/technique-de-chauffage-et-de-climatisation\\\/ca-11-bande-adhesive-en-crepe-plat\\\/#primaryimage\",\"url\":\"https:\\\/\\\/cardinal-tapes.com\\\/wp-content\\\/uploads\\\/CA_11-12.jpg\",\"contentUrl\":\"https:\\\/\\\/cardinal-tapes.com\\\/wp-content\\\/uploads\\\/CA_11-12.jpg\",\"width\":1400,\"height\":1400,\"caption\":\"CA_11-12\"},{\"@type\":\"BreadcrumbList\",\"@id\":\"https:\\\/\\\/cardinal-tapes.com\\\/fr\\\/rubans-adh\u00e9sifs\\\/technique-de-chauffage-et-de-climatisation\\\/ca-11-bande-adhesive-en-crepe-plat\\\/#breadcrumb\",\"itemListElement\":[{\"@type\":\"ListItem\",\"position\":1,\"name\":\"Startseite\",\"item\":\"https:\\\/\\\/cardinal-tapes.com\\\/fr\\\/accueil\\\/\"},{\"@type\":\"ListItem\",\"position\":2,\"name\":\"Rubans adh\u00e9sifs\",\"item\":\"https:\\\/\\\/cardinal-tapes.com\\\/fr\\\/rubans-adhesifs-fr\\\/\"},{\"@type\":\"ListItem\",\"position\":3,\"name\":\"Technique de chauffage et de climatisation\",\"item\":\"https:\\\/\\\/cardinal-tapes.com\\\/fr\\\/catgorie\\\/technique-de-chauffage-et-de-climatisation\\\/\"},{\"@type\":\"ListItem\",\"position\":4,\"name\":\"CA-11 Ruban adh\u00e9sif cr\u00eape plat\"}]},{\"@type\":\"WebSite\",\"@id\":\"https:\\\/\\\/cardinal-tapes.com\\\/#website\",\"url\":\"https:\\\/\\\/cardinal-tapes.com\\\/\",\"name\":\"cardinal TAPES\",\"description\":\"Klebetechnik aus Wuppertal\",\"potentialAction\":[{\"@type\":\"SearchAction\",\"target\":{\"@type\":\"EntryPoint\",\"urlTemplate\":\"https:\\\/\\\/cardinal-tapes.com\\\/?s={search_term_string}\"},\"query-input\":{\"@type\":\"PropertyValueSpecification\",\"valueRequired\":true,\"valueName\":\"search_term_string\"}}],\"inLanguage\":\"fr-FR\"}]}<\/script>\n<!-- \/ Yoast SEO plugin. -->","yoast_head_json":{"title":"CA-11 Ruban adh\u00e9sif cr\u00eape plat | Cardinal TAPES","description":"CA-11 est un ruban adh\u00e9sif cr\u00eap\u00e9 \u00e0 usage g\u00e9n\u00e9ral qui convient pour le masquage, la protection et la fixation. Il peut \u00eatre retir\u00e9 sans laisser de traces d'adh\u00e9sif.","robots":{"index":"index","follow":"follow","max-snippet":"max-snippet:-1","max-image-preview":"max-image-preview:large","max-video-preview":"max-video-preview:-1"},"canonical":"https:\/\/cardinal-tapes.com\/fr\/rubans-adh\u00e9sifs\/technique-de-chauffage-et-de-climatisation\/ca-11-bande-adhesive-en-crepe-plat\/","og_locale":"fr_FR","og_type":"article","og_title":"CA-11 Ruban adh\u00e9sif cr\u00eape plat | Cardinal TAPES","og_description":"CA-11 est un ruban adh\u00e9sif cr\u00eap\u00e9 \u00e0 usage g\u00e9n\u00e9ral qui convient pour le masquage, la protection et la fixation. Il peut \u00eatre retir\u00e9 sans laisser de traces d'adh\u00e9sif.","og_url":"https:\/\/cardinal-tapes.com\/fr\/rubans-adh\u00e9sifs\/technique-de-chauffage-et-de-climatisation\/ca-11-bande-adhesive-en-crepe-plat\/","og_site_name":"cardinal TAPES","og_image":[{"width":1400,"height":1400,"url":"https:\/\/cardinal-tapes.com\/wp-content\/uploads\/CA_11-12.jpg","type":"image\/jpeg"}],"twitter_card":"summary_large_image","schema":{"@context":"https:\/\/schema.org","@graph":[{"@type":"WebPage","@id":"https:\/\/cardinal-tapes.com\/fr\/rubans-adh\u00e9sifs\/technique-de-chauffage-et-de-climatisation\/ca-11-bande-adhesive-en-crepe-plat\/","url":"https:\/\/cardinal-tapes.com\/fr\/rubans-adh\u00e9sifs\/technique-de-chauffage-et-de-climatisation\/ca-11-bande-adhesive-en-crepe-plat\/","name":"CA-11 Ruban adh\u00e9sif cr\u00eape plat | Cardinal TAPES","isPartOf":{"@id":"https:\/\/cardinal-tapes.com\/#website"},"primaryImageOfPage":{"@id":"https:\/\/cardinal-tapes.com\/fr\/rubans-adh\u00e9sifs\/technique-de-chauffage-et-de-climatisation\/ca-11-bande-adhesive-en-crepe-plat\/#primaryimage"},"image":{"@id":"https:\/\/cardinal-tapes.com\/fr\/rubans-adh\u00e9sifs\/technique-de-chauffage-et-de-climatisation\/ca-11-bande-adhesive-en-crepe-plat\/#primaryimage"},"thumbnailUrl":"https:\/\/cardinal-tapes.com\/wp-content\/uploads\/CA_11-12.jpg","datePublished":"2023-06-05T15:25:22+00:00","description":"CA-11 est un ruban adh\u00e9sif cr\u00eap\u00e9 \u00e0 usage g\u00e9n\u00e9ral qui convient pour le masquage, la protection et la fixation. Il peut \u00eatre retir\u00e9 sans laisser de traces d'adh\u00e9sif.","breadcrumb":{"@id":"https:\/\/cardinal-tapes.com\/fr\/rubans-adh\u00e9sifs\/technique-de-chauffage-et-de-climatisation\/ca-11-bande-adhesive-en-crepe-plat\/#breadcrumb"},"inLanguage":"fr-FR","potentialAction":[{"@type":"ReadAction","target":["https:\/\/cardinal-tapes.com\/fr\/rubans-adh\u00e9sifs\/technique-de-chauffage-et-de-climatisation\/ca-11-bande-adhesive-en-crepe-plat\/"]}]},{"@type":"ImageObject","inLanguage":"fr-FR","@id":"https:\/\/cardinal-tapes.com\/fr\/rubans-adh\u00e9sifs\/technique-de-chauffage-et-de-climatisation\/ca-11-bande-adhesive-en-crepe-plat\/#primaryimage","url":"https:\/\/cardinal-tapes.com\/wp-content\/uploads\/CA_11-12.jpg","contentUrl":"https:\/\/cardinal-tapes.com\/wp-content\/uploads\/CA_11-12.jpg","width":1400,"height":1400,"caption":"CA_11-12"},{"@type":"BreadcrumbList","@id":"https:\/\/cardinal-tapes.com\/fr\/rubans-adh\u00e9sifs\/technique-de-chauffage-et-de-climatisation\/ca-11-bande-adhesive-en-crepe-plat\/#breadcrumb","itemListElement":[{"@type":"ListItem","position":1,"name":"Startseite","item":"https:\/\/cardinal-tapes.com\/fr\/accueil\/"},{"@type":"ListItem","position":2,"name":"Rubans adh\u00e9sifs","item":"https:\/\/cardinal-tapes.com\/fr\/rubans-adhesifs-fr\/"},{"@type":"ListItem","position":3,"name":"Technique de chauffage et de climatisation","item":"https:\/\/cardinal-tapes.com\/fr\/catgorie\/technique-de-chauffage-et-de-climatisation\/"},{"@type":"ListItem","position":4,"name":"CA-11 Ruban adh\u00e9sif cr\u00eape plat"}]},{"@type":"WebSite","@id":"https:\/\/cardinal-tapes.com\/#website","url":"https:\/\/cardinal-tapes.com\/","name":"cardinal TAPES","description":"Klebetechnik aus Wuppertal","potentialAction":[{"@type":"SearchAction","target":{"@type":"EntryPoint","urlTemplate":"https:\/\/cardinal-tapes.com\/?s={search_term_string}"},"query-input":{"@type":"PropertyValueSpecification","valueRequired":true,"valueName":"search_term_string"}}],"inLanguage":"fr-FR"}]}},"brands":[{"id":2171,"name":"cardinal GmbH","slug":"cardinal-gmbh-fr"}],"_links":{"self":[{"href":"https:\/\/cardinal-tapes.com\/fr\/wp-json\/wp\/v2\/product\/55641","targetHints":{"allow":["GET"]}}],"collection":[{"href":"https:\/\/cardinal-tapes.com\/fr\/wp-json\/wp\/v2\/product"}],"about":[{"href":"https:\/\/cardinal-tapes.com\/fr\/wp-json\/wp\/v2\/types\/product"}],"wp:featuredmedia":[{"embeddable":true,"href":"https:\/\/cardinal-tapes.com\/fr\/wp-json\/wp\/v2\/media\/26820"}],"wp:attachment":[{"href":"https:\/\/cardinal-tapes.com\/fr\/wp-json\/wp\/v2\/media?parent=55641"}],"wp:term":[{"taxonomy":"pwb-brand","embeddable":true,"href":"https:\/\/cardinal-tapes.com\/fr\/wp-json\/wp\/v2\/pwb-brand?post=55641"},{"taxonomy":"product_brand","embeddable":true,"href":"https:\/\/cardinal-tapes.com\/fr\/wp-json\/wp\/v2\/product_brand?post=55641"},{"taxonomy":"product_cat","embeddable":true,"href":"https:\/\/cardinal-tapes.com\/fr\/wp-json\/wp\/v2\/product_cat?post=55641"},{"taxonomy":"product_tag","embeddable":true,"href":"https:\/\/cardinal-tapes.com\/fr\/wp-json\/wp\/v2\/product_tag?post=55641"}],"curies":[{"name":"wp","href":"https:\/\/api.w.org\/{rel}","templated":true}]}}