{"id":55639,"date":"2018-02-21T07:29:45","date_gmt":"2023-06-05T15:25:22","guid":{"rendered":"https:\/\/cardinal.pixel-tal.de\/klebebaender\/non class\u00e9\/ca-12-ruban-adhesif-crepe-plat\/"},"modified":"2023-06-05T17:25:22","modified_gmt":"2023-06-05T15:25:22","slug":"ca-12-bande-adhesive-en-crepe","status":"publish","type":"product","link":"https:\/\/cardinal-tapes.com\/fr\/rubans-adh\u00e9sifs\/domaines-dapplication\/technique-de-chauffage-et-de-climatisation\/ca-12-bande-adhesive-en-crepe\/","title":{"rendered":"CA-12 Ruban adh\u00e9sif cr\u00eape plat"},"content":{"rendered":"<p style=\"text-align: left;\">Le CA-12 se compose d&#8217;un support papier dont une face est enduite d&#8217;un adh\u00e9sif en caoutchouc naturel.<br \/>\nLe produit est un ruban adh\u00e9sif cr\u00eap\u00e9 \u00e0 usage g\u00e9n\u00e9ral, qui convient pour le masquage, la protection et la fixation et pour les<br \/>\nles travaux de recouvrement de peinture.<br \/>\nIl peut \u00e9galement \u00eatre repris sans r\u00e9sidus de colle, selon le domaine d&#8217;utilisation.<\/p>\n","protected":false},"excerpt":{"rendered":"<p>Le CA-12 se compose d&#8217;un support papier dont une face est enduite d&#8217;un adh\u00e9sif en caoutchouc naturel. Le produit est un ruban adh\u00e9sif cr\u00eap\u00e9 \u00e0 usage g\u00e9n\u00e9ral, qui convient pour le masquage, la protection et la fixation et pour les les travaux de recouvrement de peinture. Il peut \u00e9galement \u00eatre repris sans r\u00e9sidus de colle, [&hellip;]<\/p>\n","protected":false},"featured_media":26820,"template":"","meta":{"_acf_changed":false},"pwb-brand":[2171],"product_brand":[],"product_cat":[1664,1736,1741,1743,1766,1768,1836],"product_tag":[],"class_list":{"0":"post-55639","1":"product","2":"type-product","3":"status-publish","4":"has-post-thumbnail","6":"pwb-brand-cardinal-gmbh-fr","7":"product_cat-domaines-dapplication","8":"product_cat-technique-de-chauffage-et-de-climatisation","9":"product_cat-construction-de-machines","10":"product_cat-industrie-du-meuble","11":"product_cat-ruban-adhesif-en-papier","12":"product_cat-acier-et-verre","13":"product_cat-rubans-adhesifs-simple-face","15":"first","16":"instock","17":"taxable","18":"shipping-taxable","19":"purchasable","20":"product-type-variable"},"acf":[],"yoast_head":"<!-- This site is optimized with the Yoast SEO plugin v27.3 - https:\/\/yoast.com\/product\/yoast-seo-wordpress\/ -->\n<title>CA-12 Ruban adh\u00e9sif cr\u00eap\u00e9 | Cardinal TAPES<\/title>\n<meta name=\"description\" content=\"CA-12 est un ruban adh\u00e9sif cr\u00eap\u00e9 qui convient aux peintres, aux artisans du b\u00e2timent ainsi qu&#039;aux applications dans l&#039;industrie et la r\u00e9paration automobile.\" \/>\n<meta name=\"robots\" content=\"index, follow, max-snippet:-1, max-image-preview:large, max-video-preview:-1\" \/>\n<link rel=\"canonical\" href=\"https:\/\/cardinal-tapes.com\/fr\/rubans-adh\u00e9sifs\/domaines-dapplication\/ca-12-bande-adhesive-en-crepe\/\" \/>\n<meta property=\"og:locale\" content=\"fr_FR\" \/>\n<meta property=\"og:type\" content=\"article\" \/>\n<meta property=\"og:title\" content=\"CA-12 Ruban adh\u00e9sif cr\u00eap\u00e9 | Cardinal TAPES\" \/>\n<meta property=\"og:description\" content=\"CA-12 est un ruban adh\u00e9sif cr\u00eap\u00e9 qui convient aux peintres, aux artisans du b\u00e2timent ainsi qu&#039;aux applications dans l&#039;industrie et la r\u00e9paration automobile.\" \/>\n<meta property=\"og:url\" content=\"https:\/\/cardinal-tapes.com\/fr\/rubans-adh\u00e9sifs\/domaines-dapplication\/ca-12-bande-adhesive-en-crepe\/\" \/>\n<meta property=\"og:site_name\" content=\"cardinal TAPES\" \/>\n<meta property=\"og:image\" content=\"https:\/\/cardinal-tapes.com\/wp-content\/uploads\/CA_11-12.jpg\" \/>\n\t<meta property=\"og:image:width\" content=\"1400\" \/>\n\t<meta property=\"og:image:height\" content=\"1400\" \/>\n\t<meta property=\"og:image:type\" content=\"image\/jpeg\" \/>\n<meta name=\"twitter:card\" content=\"summary_large_image\" \/>\n<script type=\"application\/ld+json\" class=\"yoast-schema-graph\">{\"@context\":\"https:\\\/\\\/schema.org\",\"@graph\":[{\"@type\":\"WebPage\",\"@id\":\"https:\\\/\\\/cardinal-tapes.com\\\/fr\\\/rubans-adh\u00e9sifs\\\/domaines-dapplication\\\/ca-12-bande-adhesive-en-crepe\\\/\",\"url\":\"https:\\\/\\\/cardinal-tapes.com\\\/fr\\\/rubans-adh\u00e9sifs\\\/domaines-dapplication\\\/ca-12-bande-adhesive-en-crepe\\\/\",\"name\":\"CA-12 Ruban adh\u00e9sif cr\u00eap\u00e9 | Cardinal TAPES\",\"isPartOf\":{\"@id\":\"https:\\\/\\\/cardinal-tapes.com\\\/#website\"},\"primaryImageOfPage\":{\"@id\":\"https:\\\/\\\/cardinal-tapes.com\\\/fr\\\/rubans-adh\u00e9sifs\\\/domaines-dapplication\\\/ca-12-bande-adhesive-en-crepe\\\/#primaryimage\"},\"image\":{\"@id\":\"https:\\\/\\\/cardinal-tapes.com\\\/fr\\\/rubans-adh\u00e9sifs\\\/domaines-dapplication\\\/ca-12-bande-adhesive-en-crepe\\\/#primaryimage\"},\"thumbnailUrl\":\"https:\\\/\\\/cardinal-tapes.com\\\/wp-content\\\/uploads\\\/CA_11-12.jpg\",\"datePublished\":\"2023-06-05T15:25:22+00:00\",\"description\":\"CA-12 est un ruban adh\u00e9sif cr\u00eap\u00e9 qui convient aux peintres, aux artisans du b\u00e2timent ainsi qu'aux applications dans l'industrie et la r\u00e9paration automobile.\",\"breadcrumb\":{\"@id\":\"https:\\\/\\\/cardinal-tapes.com\\\/fr\\\/rubans-adh\u00e9sifs\\\/domaines-dapplication\\\/ca-12-bande-adhesive-en-crepe\\\/#breadcrumb\"},\"inLanguage\":\"fr-FR\",\"potentialAction\":[{\"@type\":\"ReadAction\",\"target\":[\"https:\\\/\\\/cardinal-tapes.com\\\/fr\\\/rubans-adh\u00e9sifs\\\/domaines-dapplication\\\/ca-12-bande-adhesive-en-crepe\\\/\"]}]},{\"@type\":\"ImageObject\",\"inLanguage\":\"fr-FR\",\"@id\":\"https:\\\/\\\/cardinal-tapes.com\\\/fr\\\/rubans-adh\u00e9sifs\\\/domaines-dapplication\\\/ca-12-bande-adhesive-en-crepe\\\/#primaryimage\",\"url\":\"https:\\\/\\\/cardinal-tapes.com\\\/wp-content\\\/uploads\\\/CA_11-12.jpg\",\"contentUrl\":\"https:\\\/\\\/cardinal-tapes.com\\\/wp-content\\\/uploads\\\/CA_11-12.jpg\",\"width\":1400,\"height\":1400,\"caption\":\"CA_11-12\"},{\"@type\":\"BreadcrumbList\",\"@id\":\"https:\\\/\\\/cardinal-tapes.com\\\/fr\\\/rubans-adh\u00e9sifs\\\/domaines-dapplication\\\/ca-12-bande-adhesive-en-crepe\\\/#breadcrumb\",\"itemListElement\":[{\"@type\":\"ListItem\",\"position\":1,\"name\":\"Startseite\",\"item\":\"https:\\\/\\\/cardinal-tapes.com\\\/fr\\\/accueil\\\/\"},{\"@type\":\"ListItem\",\"position\":2,\"name\":\"Rubans adh\u00e9sifs\",\"item\":\"https:\\\/\\\/cardinal-tapes.com\\\/fr\\\/rubans-adhesifs-fr\\\/\"},{\"@type\":\"ListItem\",\"position\":3,\"name\":\"Domaines d&#039;application\",\"item\":\"https:\\\/\\\/cardinal-tapes.com\\\/fr\\\/catgorie\\\/domaines-dapplication\\\/\"},{\"@type\":\"ListItem\",\"position\":4,\"name\":\"CA-12 Ruban adh\u00e9sif cr\u00eape plat\"}]},{\"@type\":\"WebSite\",\"@id\":\"https:\\\/\\\/cardinal-tapes.com\\\/#website\",\"url\":\"https:\\\/\\\/cardinal-tapes.com\\\/\",\"name\":\"cardinal TAPES\",\"description\":\"Klebetechnik aus Wuppertal\",\"potentialAction\":[{\"@type\":\"SearchAction\",\"target\":{\"@type\":\"EntryPoint\",\"urlTemplate\":\"https:\\\/\\\/cardinal-tapes.com\\\/?s={search_term_string}\"},\"query-input\":{\"@type\":\"PropertyValueSpecification\",\"valueRequired\":true,\"valueName\":\"search_term_string\"}}],\"inLanguage\":\"fr-FR\"}]}<\/script>\n<!-- \/ Yoast SEO plugin. -->","yoast_head_json":{"title":"CA-12 Ruban adh\u00e9sif cr\u00eap\u00e9 | Cardinal TAPES","description":"CA-12 est un ruban adh\u00e9sif cr\u00eap\u00e9 qui convient aux peintres, aux artisans du b\u00e2timent ainsi qu'aux applications dans l'industrie et la r\u00e9paration automobile.","robots":{"index":"index","follow":"follow","max-snippet":"max-snippet:-1","max-image-preview":"max-image-preview:large","max-video-preview":"max-video-preview:-1"},"canonical":"https:\/\/cardinal-tapes.com\/fr\/rubans-adh\u00e9sifs\/domaines-dapplication\/ca-12-bande-adhesive-en-crepe\/","og_locale":"fr_FR","og_type":"article","og_title":"CA-12 Ruban adh\u00e9sif cr\u00eap\u00e9 | Cardinal TAPES","og_description":"CA-12 est un ruban adh\u00e9sif cr\u00eap\u00e9 qui convient aux peintres, aux artisans du b\u00e2timent ainsi qu'aux applications dans l'industrie et la r\u00e9paration automobile.","og_url":"https:\/\/cardinal-tapes.com\/fr\/rubans-adh\u00e9sifs\/domaines-dapplication\/ca-12-bande-adhesive-en-crepe\/","og_site_name":"cardinal TAPES","og_image":[{"width":1400,"height":1400,"url":"https:\/\/cardinal-tapes.com\/wp-content\/uploads\/CA_11-12.jpg","type":"image\/jpeg"}],"twitter_card":"summary_large_image","schema":{"@context":"https:\/\/schema.org","@graph":[{"@type":"WebPage","@id":"https:\/\/cardinal-tapes.com\/fr\/rubans-adh\u00e9sifs\/domaines-dapplication\/ca-12-bande-adhesive-en-crepe\/","url":"https:\/\/cardinal-tapes.com\/fr\/rubans-adh\u00e9sifs\/domaines-dapplication\/ca-12-bande-adhesive-en-crepe\/","name":"CA-12 Ruban adh\u00e9sif cr\u00eap\u00e9 | Cardinal TAPES","isPartOf":{"@id":"https:\/\/cardinal-tapes.com\/#website"},"primaryImageOfPage":{"@id":"https:\/\/cardinal-tapes.com\/fr\/rubans-adh\u00e9sifs\/domaines-dapplication\/ca-12-bande-adhesive-en-crepe\/#primaryimage"},"image":{"@id":"https:\/\/cardinal-tapes.com\/fr\/rubans-adh\u00e9sifs\/domaines-dapplication\/ca-12-bande-adhesive-en-crepe\/#primaryimage"},"thumbnailUrl":"https:\/\/cardinal-tapes.com\/wp-content\/uploads\/CA_11-12.jpg","datePublished":"2023-06-05T15:25:22+00:00","description":"CA-12 est un ruban adh\u00e9sif cr\u00eap\u00e9 qui convient aux peintres, aux artisans du b\u00e2timent ainsi qu'aux applications dans l'industrie et la r\u00e9paration automobile.","breadcrumb":{"@id":"https:\/\/cardinal-tapes.com\/fr\/rubans-adh\u00e9sifs\/domaines-dapplication\/ca-12-bande-adhesive-en-crepe\/#breadcrumb"},"inLanguage":"fr-FR","potentialAction":[{"@type":"ReadAction","target":["https:\/\/cardinal-tapes.com\/fr\/rubans-adh\u00e9sifs\/domaines-dapplication\/ca-12-bande-adhesive-en-crepe\/"]}]},{"@type":"ImageObject","inLanguage":"fr-FR","@id":"https:\/\/cardinal-tapes.com\/fr\/rubans-adh\u00e9sifs\/domaines-dapplication\/ca-12-bande-adhesive-en-crepe\/#primaryimage","url":"https:\/\/cardinal-tapes.com\/wp-content\/uploads\/CA_11-12.jpg","contentUrl":"https:\/\/cardinal-tapes.com\/wp-content\/uploads\/CA_11-12.jpg","width":1400,"height":1400,"caption":"CA_11-12"},{"@type":"BreadcrumbList","@id":"https:\/\/cardinal-tapes.com\/fr\/rubans-adh\u00e9sifs\/domaines-dapplication\/ca-12-bande-adhesive-en-crepe\/#breadcrumb","itemListElement":[{"@type":"ListItem","position":1,"name":"Startseite","item":"https:\/\/cardinal-tapes.com\/fr\/accueil\/"},{"@type":"ListItem","position":2,"name":"Rubans adh\u00e9sifs","item":"https:\/\/cardinal-tapes.com\/fr\/rubans-adhesifs-fr\/"},{"@type":"ListItem","position":3,"name":"Domaines d&#039;application","item":"https:\/\/cardinal-tapes.com\/fr\/catgorie\/domaines-dapplication\/"},{"@type":"ListItem","position":4,"name":"CA-12 Ruban adh\u00e9sif cr\u00eape plat"}]},{"@type":"WebSite","@id":"https:\/\/cardinal-tapes.com\/#website","url":"https:\/\/cardinal-tapes.com\/","name":"cardinal TAPES","description":"Klebetechnik aus Wuppertal","potentialAction":[{"@type":"SearchAction","target":{"@type":"EntryPoint","urlTemplate":"https:\/\/cardinal-tapes.com\/?s={search_term_string}"},"query-input":{"@type":"PropertyValueSpecification","valueRequired":true,"valueName":"search_term_string"}}],"inLanguage":"fr-FR"}]}},"brands":[{"id":2171,"name":"cardinal GmbH","slug":"cardinal-gmbh-fr"}],"_links":{"self":[{"href":"https:\/\/cardinal-tapes.com\/fr\/wp-json\/wp\/v2\/product\/55639","targetHints":{"allow":["GET"]}}],"collection":[{"href":"https:\/\/cardinal-tapes.com\/fr\/wp-json\/wp\/v2\/product"}],"about":[{"href":"https:\/\/cardinal-tapes.com\/fr\/wp-json\/wp\/v2\/types\/product"}],"wp:featuredmedia":[{"embeddable":true,"href":"https:\/\/cardinal-tapes.com\/fr\/wp-json\/wp\/v2\/media\/26820"}],"wp:attachment":[{"href":"https:\/\/cardinal-tapes.com\/fr\/wp-json\/wp\/v2\/media?parent=55639"}],"wp:term":[{"taxonomy":"pwb-brand","embeddable":true,"href":"https:\/\/cardinal-tapes.com\/fr\/wp-json\/wp\/v2\/pwb-brand?post=55639"},{"taxonomy":"product_brand","embeddable":true,"href":"https:\/\/cardinal-tapes.com\/fr\/wp-json\/wp\/v2\/product_brand?post=55639"},{"taxonomy":"product_cat","embeddable":true,"href":"https:\/\/cardinal-tapes.com\/fr\/wp-json\/wp\/v2\/product_cat?post=55639"},{"taxonomy":"product_tag","embeddable":true,"href":"https:\/\/cardinal-tapes.com\/fr\/wp-json\/wp\/v2\/product_tag?post=55639"}],"curies":[{"name":"wp","href":"https:\/\/api.w.org\/{rel}","templated":true}]}}