{"id":55630,"date":"2018-02-21T09:29:50","date_gmt":"2018-02-21T08:29:50","guid":{"rendered":"https:\/\/cardinal.pixel-tal.de\/klebebaender\/non%20class\u00e9\/ca-221-ruban-adhesif-filament-renforce-en-longueur-en-largeur\/"},"modified":"2025-07-03T10:43:26","modified_gmt":"2025-07-03T08:43:26","slug":"ca-221-bande-filament-adhesive-longue-verticale-2","status":"publish","type":"product","link":"https:\/\/cardinal-tapes.com\/fr\/rubans-adh\u00e9sifs\/domaines-dapplication\/production-daluminium-traitement\/ca-221-bande-filament-adhesive-longue-verticale-2\/","title":{"rendered":"CA-221 Ruban adh\u00e9sif filament, renforc\u00e9 en longueur &amp; en largeur"},"content":{"rendered":"<p>CA-221 est un ruban adh\u00e9sif filamentaire qui est renforc\u00e9 dans le sens de la longueur et de la largeur.<\/p>\n<p>Les rubans adh\u00e9sifs en filaments sont des rubans polyvalents et robustes qui offrent une grande r\u00e9sistance \u00e0 la traction gr\u00e2ce \u00e0 leur renforcement en fibres de verre. Ils sont id\u00e9aux pour les applications n\u00e9cessitant des assemblages solides et s\u00fbrs, comme le bottelage d&#8217;objets lourds, le cerclage de cartons, la s\u00e9curisation de palettes ainsi que la fixation et le renforcement d&#8217;emballages. En outre, ils sont souvent utilis\u00e9s dans la logistique, la construction et l&#8217;industrie pour s\u00e9curiser les mat\u00e9riaux pendant le transport ou le stockage.  <\/p>\n","protected":false},"excerpt":{"rendered":"<p>CA-221 est un ruban adh\u00e9sif filamentaire qui est renforc\u00e9 dans le sens de la longueur et de la largeur. Les rubans adh\u00e9sifs en filaments sont des rubans polyvalents et robustes qui offrent une grande r\u00e9sistance \u00e0 la traction gr\u00e2ce \u00e0 leur renforcement en fibres de verre. Ils sont id\u00e9aux pour les applications n\u00e9cessitant des assemblages [&hellip;]<\/p>\n","protected":false},"featured_media":26888,"template":"","meta":{"_acf_changed":false},"pwb-brand":[2171],"product_brand":[],"product_cat":[1768,1772,1836,1665,1670,1738],"product_tag":[],"class_list":{"0":"post-55630","1":"product","2":"type-product","3":"status-publish","4":"has-post-thumbnail","6":"pwb-brand-cardinal-gmbh-fr","7":"product_cat-acier-et-verre","8":"product_cat-secteur-du-transport","9":"product_cat-rubans-adhesifs-simple-face","10":"product_cat-production-daluminium-traitement","11":"product_cat-industrie-du-beton","12":"product_cat-industrie-des-matieres-plastiques","14":"first","15":"instock","16":"taxable","17":"shipping-taxable","18":"purchasable","19":"product-type-variable"},"acf":[],"yoast_head":"<!-- This site is optimized with the Yoast SEO plugin v27.3 - https:\/\/yoast.com\/product\/yoast-seo-wordpress\/ -->\n<title>CA-221 Ruban adh\u00e9sif pour filaments, renforc\u00e9 en longueur &amp; en largeur | Cardinal TAPES<\/title>\n<meta name=\"description\" content=\"CA-221 est un ruban adh\u00e9sif filamentaire qui est renforc\u00e9 dans le sens de la longueur et de la largeur. Apprenez-en plus ici sur le ruban adh\u00e9sif de haute qualit\u00e9.\" \/>\n<meta name=\"robots\" content=\"index, follow, max-snippet:-1, max-image-preview:large, max-video-preview:-1\" \/>\n<link rel=\"canonical\" href=\"https:\/\/cardinal-tapes.com\/fr\/rubans-adh\u00e9sifs\/domaines-dapplication\/production-daluminium-traitement\/ca-221-bande-filament-adhesive-longue-verticale-2\/\" \/>\n<meta property=\"og:locale\" content=\"fr_FR\" \/>\n<meta property=\"og:type\" content=\"article\" \/>\n<meta property=\"og:title\" content=\"CA-221 Ruban adh\u00e9sif pour filaments, renforc\u00e9 en longueur &amp; en largeur | Cardinal TAPES\" \/>\n<meta property=\"og:description\" content=\"CA-221 est un ruban adh\u00e9sif filamentaire qui est renforc\u00e9 dans le sens de la longueur et de la largeur. Apprenez-en plus ici sur le ruban adh\u00e9sif de haute qualit\u00e9.\" \/>\n<meta property=\"og:url\" content=\"https:\/\/cardinal-tapes.com\/fr\/rubans-adh\u00e9sifs\/domaines-dapplication\/production-daluminium-traitement\/ca-221-bande-filament-adhesive-longue-verticale-2\/\" \/>\n<meta property=\"og:site_name\" content=\"cardinal TAPES\" \/>\n<meta property=\"article:modified_time\" content=\"2025-07-03T08:43:26+00:00\" \/>\n<meta property=\"og:image\" content=\"https:\/\/cardinal-tapes.com\/wp-content\/uploads\/CA_221.jpg\" \/>\n\t<meta property=\"og:image:width\" content=\"1400\" \/>\n\t<meta property=\"og:image:height\" content=\"1400\" \/>\n\t<meta property=\"og:image:type\" content=\"image\/jpeg\" \/>\n<meta name=\"twitter:card\" content=\"summary_large_image\" \/>\n<meta name=\"twitter:label1\" content=\"Dur\u00e9e de lecture estim\u00e9e\" \/>\n\t<meta name=\"twitter:data1\" content=\"1 minute\" \/>\n<script type=\"application\/ld+json\" class=\"yoast-schema-graph\">{\"@context\":\"https:\\\/\\\/schema.org\",\"@graph\":[{\"@type\":\"WebPage\",\"@id\":\"https:\\\/\\\/cardinal-tapes.com\\\/fr\\\/rubans-adh\u00e9sifs\\\/domaines-dapplication\\\/production-daluminium-traitement\\\/ca-221-bande-filament-adhesive-longue-verticale-2\\\/\",\"url\":\"https:\\\/\\\/cardinal-tapes.com\\\/fr\\\/rubans-adh\u00e9sifs\\\/domaines-dapplication\\\/production-daluminium-traitement\\\/ca-221-bande-filament-adhesive-longue-verticale-2\\\/\",\"name\":\"CA-221 Ruban adh\u00e9sif pour filaments, renforc\u00e9 en longueur & en largeur | Cardinal TAPES\",\"isPartOf\":{\"@id\":\"https:\\\/\\\/cardinal-tapes.com\\\/#website\"},\"primaryImageOfPage\":{\"@id\":\"https:\\\/\\\/cardinal-tapes.com\\\/fr\\\/rubans-adh\u00e9sifs\\\/domaines-dapplication\\\/production-daluminium-traitement\\\/ca-221-bande-filament-adhesive-longue-verticale-2\\\/#primaryimage\"},\"image\":{\"@id\":\"https:\\\/\\\/cardinal-tapes.com\\\/fr\\\/rubans-adh\u00e9sifs\\\/domaines-dapplication\\\/production-daluminium-traitement\\\/ca-221-bande-filament-adhesive-longue-verticale-2\\\/#primaryimage\"},\"thumbnailUrl\":\"https:\\\/\\\/cardinal-tapes.com\\\/wp-content\\\/uploads\\\/CA_221.jpg\",\"datePublished\":\"2018-02-21T08:29:50+00:00\",\"dateModified\":\"2025-07-03T08:43:26+00:00\",\"description\":\"CA-221 est un ruban adh\u00e9sif filamentaire qui est renforc\u00e9 dans le sens de la longueur et de la largeur. Apprenez-en plus ici sur le ruban adh\u00e9sif de haute qualit\u00e9.\",\"breadcrumb\":{\"@id\":\"https:\\\/\\\/cardinal-tapes.com\\\/fr\\\/rubans-adh\u00e9sifs\\\/domaines-dapplication\\\/production-daluminium-traitement\\\/ca-221-bande-filament-adhesive-longue-verticale-2\\\/#breadcrumb\"},\"inLanguage\":\"fr-FR\",\"potentialAction\":[{\"@type\":\"ReadAction\",\"target\":[\"https:\\\/\\\/cardinal-tapes.com\\\/fr\\\/rubans-adh\u00e9sifs\\\/domaines-dapplication\\\/production-daluminium-traitement\\\/ca-221-bande-filament-adhesive-longue-verticale-2\\\/\"]}]},{\"@type\":\"ImageObject\",\"inLanguage\":\"fr-FR\",\"@id\":\"https:\\\/\\\/cardinal-tapes.com\\\/fr\\\/rubans-adh\u00e9sifs\\\/domaines-dapplication\\\/production-daluminium-traitement\\\/ca-221-bande-filament-adhesive-longue-verticale-2\\\/#primaryimage\",\"url\":\"https:\\\/\\\/cardinal-tapes.com\\\/wp-content\\\/uploads\\\/CA_221.jpg\",\"contentUrl\":\"https:\\\/\\\/cardinal-tapes.com\\\/wp-content\\\/uploads\\\/CA_221.jpg\",\"width\":1400,\"height\":1400,\"caption\":\"CA_221\"},{\"@type\":\"BreadcrumbList\",\"@id\":\"https:\\\/\\\/cardinal-tapes.com\\\/fr\\\/rubans-adh\u00e9sifs\\\/domaines-dapplication\\\/production-daluminium-traitement\\\/ca-221-bande-filament-adhesive-longue-verticale-2\\\/#breadcrumb\",\"itemListElement\":[{\"@type\":\"ListItem\",\"position\":1,\"name\":\"Startseite\",\"item\":\"https:\\\/\\\/cardinal-tapes.com\\\/fr\\\/accueil\\\/\"},{\"@type\":\"ListItem\",\"position\":2,\"name\":\"Rubans adh\u00e9sifs\",\"item\":\"https:\\\/\\\/cardinal-tapes.com\\\/fr\\\/rubans-adhesifs-fr\\\/\"},{\"@type\":\"ListItem\",\"position\":3,\"name\":\"Domaines d&#039;application\",\"item\":\"https:\\\/\\\/cardinal-tapes.com\\\/fr\\\/catgorie\\\/domaines-dapplication\\\/\"},{\"@type\":\"ListItem\",\"position\":4,\"name\":\"Production d&#039;aluminium \\\/ traitement\",\"item\":\"https:\\\/\\\/cardinal-tapes.com\\\/fr\\\/catgorie\\\/production-daluminium-traitement\\\/\"},{\"@type\":\"ListItem\",\"position\":5,\"name\":\"CA-221 Ruban adh\u00e9sif filament, renforc\u00e9 en longueur &amp; en largeur\"}]},{\"@type\":\"WebSite\",\"@id\":\"https:\\\/\\\/cardinal-tapes.com\\\/#website\",\"url\":\"https:\\\/\\\/cardinal-tapes.com\\\/\",\"name\":\"cardinal TAPES\",\"description\":\"Klebetechnik aus Wuppertal\",\"potentialAction\":[{\"@type\":\"SearchAction\",\"target\":{\"@type\":\"EntryPoint\",\"urlTemplate\":\"https:\\\/\\\/cardinal-tapes.com\\\/?s={search_term_string}\"},\"query-input\":{\"@type\":\"PropertyValueSpecification\",\"valueRequired\":true,\"valueName\":\"search_term_string\"}}],\"inLanguage\":\"fr-FR\"}]}<\/script>\n<!-- \/ Yoast SEO plugin. -->","yoast_head_json":{"title":"CA-221 Ruban adh\u00e9sif pour filaments, renforc\u00e9 en longueur & en largeur | Cardinal TAPES","description":"CA-221 est un ruban adh\u00e9sif filamentaire qui est renforc\u00e9 dans le sens de la longueur et de la largeur. Apprenez-en plus ici sur le ruban adh\u00e9sif de haute qualit\u00e9.","robots":{"index":"index","follow":"follow","max-snippet":"max-snippet:-1","max-image-preview":"max-image-preview:large","max-video-preview":"max-video-preview:-1"},"canonical":"https:\/\/cardinal-tapes.com\/fr\/rubans-adh\u00e9sifs\/domaines-dapplication\/production-daluminium-traitement\/ca-221-bande-filament-adhesive-longue-verticale-2\/","og_locale":"fr_FR","og_type":"article","og_title":"CA-221 Ruban adh\u00e9sif pour filaments, renforc\u00e9 en longueur & en largeur | Cardinal TAPES","og_description":"CA-221 est un ruban adh\u00e9sif filamentaire qui est renforc\u00e9 dans le sens de la longueur et de la largeur. Apprenez-en plus ici sur le ruban adh\u00e9sif de haute qualit\u00e9.","og_url":"https:\/\/cardinal-tapes.com\/fr\/rubans-adh\u00e9sifs\/domaines-dapplication\/production-daluminium-traitement\/ca-221-bande-filament-adhesive-longue-verticale-2\/","og_site_name":"cardinal TAPES","article_modified_time":"2025-07-03T08:43:26+00:00","og_image":[{"width":1400,"height":1400,"url":"https:\/\/cardinal-tapes.com\/wp-content\/uploads\/CA_221.jpg","type":"image\/jpeg"}],"twitter_card":"summary_large_image","twitter_misc":{"Dur\u00e9e de lecture estim\u00e9e":"1 minute"},"schema":{"@context":"https:\/\/schema.org","@graph":[{"@type":"WebPage","@id":"https:\/\/cardinal-tapes.com\/fr\/rubans-adh\u00e9sifs\/domaines-dapplication\/production-daluminium-traitement\/ca-221-bande-filament-adhesive-longue-verticale-2\/","url":"https:\/\/cardinal-tapes.com\/fr\/rubans-adh\u00e9sifs\/domaines-dapplication\/production-daluminium-traitement\/ca-221-bande-filament-adhesive-longue-verticale-2\/","name":"CA-221 Ruban adh\u00e9sif pour filaments, renforc\u00e9 en longueur & en largeur | Cardinal TAPES","isPartOf":{"@id":"https:\/\/cardinal-tapes.com\/#website"},"primaryImageOfPage":{"@id":"https:\/\/cardinal-tapes.com\/fr\/rubans-adh\u00e9sifs\/domaines-dapplication\/production-daluminium-traitement\/ca-221-bande-filament-adhesive-longue-verticale-2\/#primaryimage"},"image":{"@id":"https:\/\/cardinal-tapes.com\/fr\/rubans-adh\u00e9sifs\/domaines-dapplication\/production-daluminium-traitement\/ca-221-bande-filament-adhesive-longue-verticale-2\/#primaryimage"},"thumbnailUrl":"https:\/\/cardinal-tapes.com\/wp-content\/uploads\/CA_221.jpg","datePublished":"2018-02-21T08:29:50+00:00","dateModified":"2025-07-03T08:43:26+00:00","description":"CA-221 est un ruban adh\u00e9sif filamentaire qui est renforc\u00e9 dans le sens de la longueur et de la largeur. Apprenez-en plus ici sur le ruban adh\u00e9sif de haute qualit\u00e9.","breadcrumb":{"@id":"https:\/\/cardinal-tapes.com\/fr\/rubans-adh\u00e9sifs\/domaines-dapplication\/production-daluminium-traitement\/ca-221-bande-filament-adhesive-longue-verticale-2\/#breadcrumb"},"inLanguage":"fr-FR","potentialAction":[{"@type":"ReadAction","target":["https:\/\/cardinal-tapes.com\/fr\/rubans-adh\u00e9sifs\/domaines-dapplication\/production-daluminium-traitement\/ca-221-bande-filament-adhesive-longue-verticale-2\/"]}]},{"@type":"ImageObject","inLanguage":"fr-FR","@id":"https:\/\/cardinal-tapes.com\/fr\/rubans-adh\u00e9sifs\/domaines-dapplication\/production-daluminium-traitement\/ca-221-bande-filament-adhesive-longue-verticale-2\/#primaryimage","url":"https:\/\/cardinal-tapes.com\/wp-content\/uploads\/CA_221.jpg","contentUrl":"https:\/\/cardinal-tapes.com\/wp-content\/uploads\/CA_221.jpg","width":1400,"height":1400,"caption":"CA_221"},{"@type":"BreadcrumbList","@id":"https:\/\/cardinal-tapes.com\/fr\/rubans-adh\u00e9sifs\/domaines-dapplication\/production-daluminium-traitement\/ca-221-bande-filament-adhesive-longue-verticale-2\/#breadcrumb","itemListElement":[{"@type":"ListItem","position":1,"name":"Startseite","item":"https:\/\/cardinal-tapes.com\/fr\/accueil\/"},{"@type":"ListItem","position":2,"name":"Rubans adh\u00e9sifs","item":"https:\/\/cardinal-tapes.com\/fr\/rubans-adhesifs-fr\/"},{"@type":"ListItem","position":3,"name":"Domaines d&#039;application","item":"https:\/\/cardinal-tapes.com\/fr\/catgorie\/domaines-dapplication\/"},{"@type":"ListItem","position":4,"name":"Production d&#039;aluminium \/ traitement","item":"https:\/\/cardinal-tapes.com\/fr\/catgorie\/production-daluminium-traitement\/"},{"@type":"ListItem","position":5,"name":"CA-221 Ruban adh\u00e9sif filament, renforc\u00e9 en longueur &amp; en largeur"}]},{"@type":"WebSite","@id":"https:\/\/cardinal-tapes.com\/#website","url":"https:\/\/cardinal-tapes.com\/","name":"cardinal TAPES","description":"Klebetechnik aus Wuppertal","potentialAction":[{"@type":"SearchAction","target":{"@type":"EntryPoint","urlTemplate":"https:\/\/cardinal-tapes.com\/?s={search_term_string}"},"query-input":{"@type":"PropertyValueSpecification","valueRequired":true,"valueName":"search_term_string"}}],"inLanguage":"fr-FR"}]}},"brands":[{"id":2171,"name":"cardinal GmbH","slug":"cardinal-gmbh-fr"}],"_links":{"self":[{"href":"https:\/\/cardinal-tapes.com\/fr\/wp-json\/wp\/v2\/product\/55630","targetHints":{"allow":["GET"]}}],"collection":[{"href":"https:\/\/cardinal-tapes.com\/fr\/wp-json\/wp\/v2\/product"}],"about":[{"href":"https:\/\/cardinal-tapes.com\/fr\/wp-json\/wp\/v2\/types\/product"}],"wp:featuredmedia":[{"embeddable":true,"href":"https:\/\/cardinal-tapes.com\/fr\/wp-json\/wp\/v2\/media\/26888"}],"wp:attachment":[{"href":"https:\/\/cardinal-tapes.com\/fr\/wp-json\/wp\/v2\/media?parent=55630"}],"wp:term":[{"taxonomy":"pwb-brand","embeddable":true,"href":"https:\/\/cardinal-tapes.com\/fr\/wp-json\/wp\/v2\/pwb-brand?post=55630"},{"taxonomy":"product_brand","embeddable":true,"href":"https:\/\/cardinal-tapes.com\/fr\/wp-json\/wp\/v2\/product_brand?post=55630"},{"taxonomy":"product_cat","embeddable":true,"href":"https:\/\/cardinal-tapes.com\/fr\/wp-json\/wp\/v2\/product_cat?post=55630"},{"taxonomy":"product_tag","embeddable":true,"href":"https:\/\/cardinal-tapes.com\/fr\/wp-json\/wp\/v2\/product_tag?post=55630"}],"curies":[{"name":"wp","href":"https:\/\/api.w.org\/{rel}","templated":true}]}}