{"id":55629,"date":"2018-02-21T09:05:22","date_gmt":"2023-06-05T15:25:22","guid":{"rendered":"https:\/\/cardinal.pixel-tal.de\/klebebaender\/non class\u00e9\/ca-34-ruban-adhesif-en-tissu-enduit-de-pe\/"},"modified":"2023-06-05T17:25:22","modified_gmt":"2023-06-05T15:25:22","slug":"ca-34-pe-bande-adhesive-tissee-enduite","status":"publish","type":"product","link":"https:\/\/cardinal-tapes.com\/fr\/rubans-adh\u00e9sifs\/rubans-adhesifs-simple-face\/gaffer-tape-fr\/ca-34-pe-bande-adhesive-tissee-enduite\/","title":{"rendered":"CA-34 Ruban adh\u00e9sif en tissu enduit de PE"},"content":{"rendered":"<p>Le CA-34 est un ruban adh\u00e9sif tiss\u00e9 enduit de PE, qui est dot\u00e9 d&#8217;un rev\u00eatement particuli\u00e8rement r\u00e9sistant.<br \/>\nest \u00e9quip\u00e9 d&#8217;une colle agressive et sensible \u00e0 la pression.<\/p>\n","protected":false},"excerpt":{"rendered":"<p>Le CA-34 est un ruban adh\u00e9sif tiss\u00e9 enduit de PE, qui est dot\u00e9 d&#8217;un rev\u00eatement particuli\u00e8rement r\u00e9sistant. est \u00e9quip\u00e9 d&#8217;une colle agressive et sensible \u00e0 la pression.<\/p>\n","protected":false},"featured_media":26856,"template":"","meta":{"_acf_changed":false},"pwb-brand":[2171],"product_brand":[],"product_cat":[1837,1669,1670,1735,1770,1836],"product_tag":[],"class_list":{"0":"post-55629","1":"product","2":"type-product","3":"status-publish","4":"has-post-thumbnail","6":"pwb-brand-cardinal-gmbh-fr","7":"product_cat-gaffer-tape-fr","8":"product_cat-industrie-du-batiment","9":"product_cat-industrie-du-beton","10":"product_cat-ruban-adhesif-en-tissu","11":"product_cat-industrie-textile","12":"product_cat-rubans-adhesifs-simple-face","14":"first","15":"instock","16":"taxable","17":"shipping-taxable","18":"purchasable","19":"product-type-variable"},"acf":[],"yoast_head":"<!-- This site is optimized with the Yoast SEO plugin v27.3 - https:\/\/yoast.com\/product\/yoast-seo-wordpress\/ -->\n<title>CA-34 Bande adh\u00e9sive tiss\u00e9e rev\u00eatue de PE | Cardinal TAPES<\/title>\n<meta name=\"description\" content=\"CA-34 est un ruban adh\u00e9sif en tissu enduit de PE. Il s&#039;agit d&#039;un ruban adh\u00e9sif \u00e0 usage g\u00e9n\u00e9ral qui est perm\u00e9able \u00e0 l&#039;eau et qui est utilis\u00e9 de mani\u00e8re polyvalente.\" \/>\n<meta name=\"robots\" content=\"index, follow, max-snippet:-1, max-image-preview:large, max-video-preview:-1\" \/>\n<link rel=\"canonical\" href=\"https:\/\/cardinal-tapes.com\/fr\/rubans-adh\u00e9sifs\/industrie-du-batiment\/ca-34-pe-bande-adhesive-tissee-enduite\/\" \/>\n<meta property=\"og:locale\" content=\"fr_FR\" \/>\n<meta property=\"og:type\" content=\"article\" \/>\n<meta property=\"og:title\" content=\"CA-34 Bande adh\u00e9sive tiss\u00e9e rev\u00eatue de PE | Cardinal TAPES\" \/>\n<meta property=\"og:description\" content=\"CA-34 est un ruban adh\u00e9sif en tissu enduit de PE. Il s&#039;agit d&#039;un ruban adh\u00e9sif \u00e0 usage g\u00e9n\u00e9ral qui est perm\u00e9able \u00e0 l&#039;eau et qui est utilis\u00e9 de mani\u00e8re polyvalente.\" \/>\n<meta property=\"og:url\" content=\"https:\/\/cardinal-tapes.com\/fr\/rubans-adh\u00e9sifs\/industrie-du-batiment\/ca-34-pe-bande-adhesive-tissee-enduite\/\" \/>\n<meta property=\"og:site_name\" content=\"cardinal TAPES\" \/>\n<meta property=\"og:image\" content=\"https:\/\/cardinal-tapes.com\/wp-content\/uploads\/CA_34_02_retouched.jpg\" \/>\n\t<meta property=\"og:image:width\" content=\"1277\" \/>\n\t<meta property=\"og:image:height\" content=\"1400\" \/>\n\t<meta property=\"og:image:type\" content=\"image\/jpeg\" \/>\n<meta name=\"twitter:card\" content=\"summary_large_image\" \/>\n<script type=\"application\/ld+json\" class=\"yoast-schema-graph\">{\"@context\":\"https:\\\/\\\/schema.org\",\"@graph\":[{\"@type\":\"WebPage\",\"@id\":\"https:\\\/\\\/cardinal-tapes.com\\\/fr\\\/rubans-adh\u00e9sifs\\\/industrie-du-batiment\\\/ca-34-pe-bande-adhesive-tissee-enduite\\\/\",\"url\":\"https:\\\/\\\/cardinal-tapes.com\\\/fr\\\/rubans-adh\u00e9sifs\\\/industrie-du-batiment\\\/ca-34-pe-bande-adhesive-tissee-enduite\\\/\",\"name\":\"CA-34 Bande adh\u00e9sive tiss\u00e9e rev\u00eatue de PE | Cardinal TAPES\",\"isPartOf\":{\"@id\":\"https:\\\/\\\/cardinal-tapes.com\\\/#website\"},\"primaryImageOfPage\":{\"@id\":\"https:\\\/\\\/cardinal-tapes.com\\\/fr\\\/rubans-adh\u00e9sifs\\\/industrie-du-batiment\\\/ca-34-pe-bande-adhesive-tissee-enduite\\\/#primaryimage\"},\"image\":{\"@id\":\"https:\\\/\\\/cardinal-tapes.com\\\/fr\\\/rubans-adh\u00e9sifs\\\/industrie-du-batiment\\\/ca-34-pe-bande-adhesive-tissee-enduite\\\/#primaryimage\"},\"thumbnailUrl\":\"https:\\\/\\\/cardinal-tapes.com\\\/wp-content\\\/uploads\\\/CA_34_02_retouched.jpg\",\"datePublished\":\"2023-06-05T15:25:22+00:00\",\"description\":\"CA-34 est un ruban adh\u00e9sif en tissu enduit de PE. Il s'agit d'un ruban adh\u00e9sif \u00e0 usage g\u00e9n\u00e9ral qui est perm\u00e9able \u00e0 l'eau et qui est utilis\u00e9 de mani\u00e8re polyvalente.\",\"breadcrumb\":{\"@id\":\"https:\\\/\\\/cardinal-tapes.com\\\/fr\\\/rubans-adh\u00e9sifs\\\/industrie-du-batiment\\\/ca-34-pe-bande-adhesive-tissee-enduite\\\/#breadcrumb\"},\"inLanguage\":\"fr-FR\",\"potentialAction\":[{\"@type\":\"ReadAction\",\"target\":[\"https:\\\/\\\/cardinal-tapes.com\\\/fr\\\/rubans-adh\u00e9sifs\\\/industrie-du-batiment\\\/ca-34-pe-bande-adhesive-tissee-enduite\\\/\"]}]},{\"@type\":\"ImageObject\",\"inLanguage\":\"fr-FR\",\"@id\":\"https:\\\/\\\/cardinal-tapes.com\\\/fr\\\/rubans-adh\u00e9sifs\\\/industrie-du-batiment\\\/ca-34-pe-bande-adhesive-tissee-enduite\\\/#primaryimage\",\"url\":\"https:\\\/\\\/cardinal-tapes.com\\\/wp-content\\\/uploads\\\/CA_34_02_retouched.jpg\",\"contentUrl\":\"https:\\\/\\\/cardinal-tapes.com\\\/wp-content\\\/uploads\\\/CA_34_02_retouched.jpg\",\"width\":1277,\"height\":1400,\"caption\":\"CA_34\"},{\"@type\":\"BreadcrumbList\",\"@id\":\"https:\\\/\\\/cardinal-tapes.com\\\/fr\\\/rubans-adh\u00e9sifs\\\/industrie-du-batiment\\\/ca-34-pe-bande-adhesive-tissee-enduite\\\/#breadcrumb\",\"itemListElement\":[{\"@type\":\"ListItem\",\"position\":1,\"name\":\"Startseite\",\"item\":\"https:\\\/\\\/cardinal-tapes.com\\\/fr\\\/accueil\\\/\"},{\"@type\":\"ListItem\",\"position\":2,\"name\":\"Rubans adh\u00e9sifs\",\"item\":\"https:\\\/\\\/cardinal-tapes.com\\\/fr\\\/rubans-adhesifs-fr\\\/\"},{\"@type\":\"ListItem\",\"position\":3,\"name\":\"Industrie du b\u00e2timent\",\"item\":\"https:\\\/\\\/cardinal-tapes.com\\\/fr\\\/catgorie\\\/industrie-du-batiment\\\/\"},{\"@type\":\"ListItem\",\"position\":4,\"name\":\"CA-34 Ruban adh\u00e9sif en tissu enduit de PE\"}]},{\"@type\":\"WebSite\",\"@id\":\"https:\\\/\\\/cardinal-tapes.com\\\/#website\",\"url\":\"https:\\\/\\\/cardinal-tapes.com\\\/\",\"name\":\"cardinal TAPES\",\"description\":\"Klebetechnik aus Wuppertal\",\"potentialAction\":[{\"@type\":\"SearchAction\",\"target\":{\"@type\":\"EntryPoint\",\"urlTemplate\":\"https:\\\/\\\/cardinal-tapes.com\\\/?s={search_term_string}\"},\"query-input\":{\"@type\":\"PropertyValueSpecification\",\"valueRequired\":true,\"valueName\":\"search_term_string\"}}],\"inLanguage\":\"fr-FR\"}]}<\/script>\n<!-- \/ Yoast SEO plugin. -->","yoast_head_json":{"title":"CA-34 Bande adh\u00e9sive tiss\u00e9e rev\u00eatue de PE | Cardinal TAPES","description":"CA-34 est un ruban adh\u00e9sif en tissu enduit de PE. Il s'agit d'un ruban adh\u00e9sif \u00e0 usage g\u00e9n\u00e9ral qui est perm\u00e9able \u00e0 l'eau et qui est utilis\u00e9 de mani\u00e8re polyvalente.","robots":{"index":"index","follow":"follow","max-snippet":"max-snippet:-1","max-image-preview":"max-image-preview:large","max-video-preview":"max-video-preview:-1"},"canonical":"https:\/\/cardinal-tapes.com\/fr\/rubans-adh\u00e9sifs\/industrie-du-batiment\/ca-34-pe-bande-adhesive-tissee-enduite\/","og_locale":"fr_FR","og_type":"article","og_title":"CA-34 Bande adh\u00e9sive tiss\u00e9e rev\u00eatue de PE | Cardinal TAPES","og_description":"CA-34 est un ruban adh\u00e9sif en tissu enduit de PE. Il s'agit d'un ruban adh\u00e9sif \u00e0 usage g\u00e9n\u00e9ral qui est perm\u00e9able \u00e0 l'eau et qui est utilis\u00e9 de mani\u00e8re polyvalente.","og_url":"https:\/\/cardinal-tapes.com\/fr\/rubans-adh\u00e9sifs\/industrie-du-batiment\/ca-34-pe-bande-adhesive-tissee-enduite\/","og_site_name":"cardinal TAPES","og_image":[{"width":1277,"height":1400,"url":"https:\/\/cardinal-tapes.com\/wp-content\/uploads\/CA_34_02_retouched.jpg","type":"image\/jpeg"}],"twitter_card":"summary_large_image","schema":{"@context":"https:\/\/schema.org","@graph":[{"@type":"WebPage","@id":"https:\/\/cardinal-tapes.com\/fr\/rubans-adh\u00e9sifs\/industrie-du-batiment\/ca-34-pe-bande-adhesive-tissee-enduite\/","url":"https:\/\/cardinal-tapes.com\/fr\/rubans-adh\u00e9sifs\/industrie-du-batiment\/ca-34-pe-bande-adhesive-tissee-enduite\/","name":"CA-34 Bande adh\u00e9sive tiss\u00e9e rev\u00eatue de PE | Cardinal TAPES","isPartOf":{"@id":"https:\/\/cardinal-tapes.com\/#website"},"primaryImageOfPage":{"@id":"https:\/\/cardinal-tapes.com\/fr\/rubans-adh\u00e9sifs\/industrie-du-batiment\/ca-34-pe-bande-adhesive-tissee-enduite\/#primaryimage"},"image":{"@id":"https:\/\/cardinal-tapes.com\/fr\/rubans-adh\u00e9sifs\/industrie-du-batiment\/ca-34-pe-bande-adhesive-tissee-enduite\/#primaryimage"},"thumbnailUrl":"https:\/\/cardinal-tapes.com\/wp-content\/uploads\/CA_34_02_retouched.jpg","datePublished":"2023-06-05T15:25:22+00:00","description":"CA-34 est un ruban adh\u00e9sif en tissu enduit de PE. Il s'agit d'un ruban adh\u00e9sif \u00e0 usage g\u00e9n\u00e9ral qui est perm\u00e9able \u00e0 l'eau et qui est utilis\u00e9 de mani\u00e8re polyvalente.","breadcrumb":{"@id":"https:\/\/cardinal-tapes.com\/fr\/rubans-adh\u00e9sifs\/industrie-du-batiment\/ca-34-pe-bande-adhesive-tissee-enduite\/#breadcrumb"},"inLanguage":"fr-FR","potentialAction":[{"@type":"ReadAction","target":["https:\/\/cardinal-tapes.com\/fr\/rubans-adh\u00e9sifs\/industrie-du-batiment\/ca-34-pe-bande-adhesive-tissee-enduite\/"]}]},{"@type":"ImageObject","inLanguage":"fr-FR","@id":"https:\/\/cardinal-tapes.com\/fr\/rubans-adh\u00e9sifs\/industrie-du-batiment\/ca-34-pe-bande-adhesive-tissee-enduite\/#primaryimage","url":"https:\/\/cardinal-tapes.com\/wp-content\/uploads\/CA_34_02_retouched.jpg","contentUrl":"https:\/\/cardinal-tapes.com\/wp-content\/uploads\/CA_34_02_retouched.jpg","width":1277,"height":1400,"caption":"CA_34"},{"@type":"BreadcrumbList","@id":"https:\/\/cardinal-tapes.com\/fr\/rubans-adh\u00e9sifs\/industrie-du-batiment\/ca-34-pe-bande-adhesive-tissee-enduite\/#breadcrumb","itemListElement":[{"@type":"ListItem","position":1,"name":"Startseite","item":"https:\/\/cardinal-tapes.com\/fr\/accueil\/"},{"@type":"ListItem","position":2,"name":"Rubans adh\u00e9sifs","item":"https:\/\/cardinal-tapes.com\/fr\/rubans-adhesifs-fr\/"},{"@type":"ListItem","position":3,"name":"Industrie du b\u00e2timent","item":"https:\/\/cardinal-tapes.com\/fr\/catgorie\/industrie-du-batiment\/"},{"@type":"ListItem","position":4,"name":"CA-34 Ruban adh\u00e9sif en tissu enduit de PE"}]},{"@type":"WebSite","@id":"https:\/\/cardinal-tapes.com\/#website","url":"https:\/\/cardinal-tapes.com\/","name":"cardinal TAPES","description":"Klebetechnik aus Wuppertal","potentialAction":[{"@type":"SearchAction","target":{"@type":"EntryPoint","urlTemplate":"https:\/\/cardinal-tapes.com\/?s={search_term_string}"},"query-input":{"@type":"PropertyValueSpecification","valueRequired":true,"valueName":"search_term_string"}}],"inLanguage":"fr-FR"}]}},"brands":[{"id":2171,"name":"cardinal GmbH","slug":"cardinal-gmbh-fr"}],"_links":{"self":[{"href":"https:\/\/cardinal-tapes.com\/fr\/wp-json\/wp\/v2\/product\/55629","targetHints":{"allow":["GET"]}}],"collection":[{"href":"https:\/\/cardinal-tapes.com\/fr\/wp-json\/wp\/v2\/product"}],"about":[{"href":"https:\/\/cardinal-tapes.com\/fr\/wp-json\/wp\/v2\/types\/product"}],"wp:featuredmedia":[{"embeddable":true,"href":"https:\/\/cardinal-tapes.com\/fr\/wp-json\/wp\/v2\/media\/26856"}],"wp:attachment":[{"href":"https:\/\/cardinal-tapes.com\/fr\/wp-json\/wp\/v2\/media?parent=55629"}],"wp:term":[{"taxonomy":"pwb-brand","embeddable":true,"href":"https:\/\/cardinal-tapes.com\/fr\/wp-json\/wp\/v2\/pwb-brand?post=55629"},{"taxonomy":"product_brand","embeddable":true,"href":"https:\/\/cardinal-tapes.com\/fr\/wp-json\/wp\/v2\/product_brand?post=55629"},{"taxonomy":"product_cat","embeddable":true,"href":"https:\/\/cardinal-tapes.com\/fr\/wp-json\/wp\/v2\/product_cat?post=55629"},{"taxonomy":"product_tag","embeddable":true,"href":"https:\/\/cardinal-tapes.com\/fr\/wp-json\/wp\/v2\/product_tag?post=55629"}],"curies":[{"name":"wp","href":"https:\/\/api.w.org\/{rel}","templated":true}]}}