{"id":55626,"date":"2018-02-21T09:23:23","date_gmt":"2023-06-05T15:25:22","guid":{"rendered":"https:\/\/cardinal.pixel-tal.de\/klebebaender\/non%20class\u00e9\/ca-32-ruban-adhesif-en-tissu-non-enduit\/"},"modified":"2023-06-05T17:28:54","modified_gmt":"2023-06-05T15:28:54","slug":"ca-32-bande-adhesive-en-tissu-non-revetue","status":"publish","type":"product","link":"https:\/\/cardinal-tapes.com\/fr\/rubans-adh\u00e9sifs\/domaines-dapplication\/ruban-adhesif-en-tissu\/ca-32-bande-adhesive-en-tissu-non-revetue\/","title":{"rendered":"CA-32 Ruban adh\u00e9sif en tissu non enduit"},"content":{"rendered":"<p>CA-32 est un tissu en viscose de haute qualit\u00e9, combin\u00e9 \u00e0 un adh\u00e9sif autocollant particuli\u00e8rement fort \u00e0 base de caoutchouc synth\u00e9tique. Le tissu est notamment destin\u00e9 au bandage des faisceaux de c\u00e2bles. En outre, il peut \u00e9galement \u00eatre utilis\u00e9 dans le domaine de la technique \u00e9v\u00e9nementielle, par exemple pour la fixation de rideaux et le marquage g\u00e9n\u00e9ral sur le plateau.<\/p>\n","protected":false},"excerpt":{"rendered":"<p>CA-32 est un tissu en viscose de haute qualit\u00e9, combin\u00e9 \u00e0 un adh\u00e9sif autocollant particuli\u00e8rement fort \u00e0 base de caoutchouc synth\u00e9tique. Le tissu est notamment destin\u00e9 au bandage des faisceaux de c\u00e2bles. En outre, il peut \u00e9galement \u00eatre utilis\u00e9 dans le domaine de la technique \u00e9v\u00e9nementielle, par exemple pour la fixation de rideaux et le [&hellip;]<\/p>\n","protected":false},"featured_media":26852,"template":"","meta":{"_acf_changed":false},"pwb-brand":[2171],"product_brand":[],"product_cat":[1836,1735,1770],"product_tag":[],"class_list":{"0":"post-55626","1":"product","2":"type-product","3":"status-publish","4":"has-post-thumbnail","6":"pwb-brand-cardinal-gmbh-fr","7":"product_cat-rubans-adhesifs-simple-face","8":"product_cat-ruban-adhesif-en-tissu","9":"product_cat-industrie-textile","11":"first","12":"instock","13":"taxable","14":"shipping-taxable","15":"purchasable","16":"product-type-variable"},"acf":[],"yoast_head":"<!-- This site is optimized with the Yoast SEO plugin v27.3 - https:\/\/yoast.com\/product\/yoast-seo-wordpress\/ -->\n<title>CA-32 Ruban adh\u00e9sif en tissu non enduit | Cardinal TAPES<\/title>\n<meta name=\"description\" content=\"CA-32 est un tissu en viscose de haute qualit\u00e9, combin\u00e9 \u00e0 un adh\u00e9sif autocollant particuli\u00e8rement fort \u00e0 base de caoutchouc synth\u00e9tique.\" \/>\n<meta name=\"robots\" content=\"index, follow, max-snippet:-1, max-image-preview:large, max-video-preview:-1\" \/>\n<link rel=\"canonical\" href=\"https:\/\/cardinal-tapes.com\/fr\/rubans-adh\u00e9sifs\/ruban-adhesif-en-tissu\/ca-32-bande-adhesive-en-tissu-non-revetue\/\" \/>\n<meta property=\"og:locale\" content=\"fr_FR\" \/>\n<meta property=\"og:type\" content=\"article\" \/>\n<meta property=\"og:title\" content=\"CA-32 Ruban adh\u00e9sif en tissu non enduit | Cardinal TAPES\" \/>\n<meta property=\"og:description\" content=\"CA-32 est un tissu en viscose de haute qualit\u00e9, combin\u00e9 \u00e0 un adh\u00e9sif autocollant particuli\u00e8rement fort \u00e0 base de caoutchouc synth\u00e9tique.\" \/>\n<meta property=\"og:url\" content=\"https:\/\/cardinal-tapes.com\/fr\/rubans-adh\u00e9sifs\/ruban-adhesif-en-tissu\/ca-32-bande-adhesive-en-tissu-non-revetue\/\" \/>\n<meta property=\"og:site_name\" content=\"cardinal TAPES\" \/>\n<meta property=\"article:modified_time\" content=\"2023-06-05T15:28:54+00:00\" \/>\n<meta property=\"og:image\" content=\"https:\/\/cardinal-tapes.com\/wp-content\/uploads\/CA_32_02-2.jpg\" \/>\n\t<meta property=\"og:image:width\" content=\"1400\" \/>\n\t<meta property=\"og:image:height\" content=\"1400\" \/>\n\t<meta property=\"og:image:type\" content=\"image\/jpeg\" \/>\n<meta name=\"twitter:card\" content=\"summary_large_image\" \/>\n<script type=\"application\/ld+json\" class=\"yoast-schema-graph\">{\"@context\":\"https:\\\/\\\/schema.org\",\"@graph\":[{\"@type\":\"WebPage\",\"@id\":\"https:\\\/\\\/cardinal-tapes.com\\\/fr\\\/rubans-adh\u00e9sifs\\\/ruban-adhesif-en-tissu\\\/ca-32-bande-adhesive-en-tissu-non-revetue\\\/\",\"url\":\"https:\\\/\\\/cardinal-tapes.com\\\/fr\\\/rubans-adh\u00e9sifs\\\/ruban-adhesif-en-tissu\\\/ca-32-bande-adhesive-en-tissu-non-revetue\\\/\",\"name\":\"CA-32 Ruban adh\u00e9sif en tissu non enduit | Cardinal TAPES\",\"isPartOf\":{\"@id\":\"https:\\\/\\\/cardinal-tapes.com\\\/#website\"},\"primaryImageOfPage\":{\"@id\":\"https:\\\/\\\/cardinal-tapes.com\\\/fr\\\/rubans-adh\u00e9sifs\\\/ruban-adhesif-en-tissu\\\/ca-32-bande-adhesive-en-tissu-non-revetue\\\/#primaryimage\"},\"image\":{\"@id\":\"https:\\\/\\\/cardinal-tapes.com\\\/fr\\\/rubans-adh\u00e9sifs\\\/ruban-adhesif-en-tissu\\\/ca-32-bande-adhesive-en-tissu-non-revetue\\\/#primaryimage\"},\"thumbnailUrl\":\"https:\\\/\\\/cardinal-tapes.com\\\/wp-content\\\/uploads\\\/CA_32_02-2.jpg\",\"datePublished\":\"2023-06-05T15:25:22+00:00\",\"dateModified\":\"2023-06-05T15:28:54+00:00\",\"description\":\"CA-32 est un tissu en viscose de haute qualit\u00e9, combin\u00e9 \u00e0 un adh\u00e9sif autocollant particuli\u00e8rement fort \u00e0 base de caoutchouc synth\u00e9tique.\",\"breadcrumb\":{\"@id\":\"https:\\\/\\\/cardinal-tapes.com\\\/fr\\\/rubans-adh\u00e9sifs\\\/ruban-adhesif-en-tissu\\\/ca-32-bande-adhesive-en-tissu-non-revetue\\\/#breadcrumb\"},\"inLanguage\":\"fr-FR\",\"potentialAction\":[{\"@type\":\"ReadAction\",\"target\":[\"https:\\\/\\\/cardinal-tapes.com\\\/fr\\\/rubans-adh\u00e9sifs\\\/ruban-adhesif-en-tissu\\\/ca-32-bande-adhesive-en-tissu-non-revetue\\\/\"]}]},{\"@type\":\"ImageObject\",\"inLanguage\":\"fr-FR\",\"@id\":\"https:\\\/\\\/cardinal-tapes.com\\\/fr\\\/rubans-adh\u00e9sifs\\\/ruban-adhesif-en-tissu\\\/ca-32-bande-adhesive-en-tissu-non-revetue\\\/#primaryimage\",\"url\":\"https:\\\/\\\/cardinal-tapes.com\\\/wp-content\\\/uploads\\\/CA_32_02-2.jpg\",\"contentUrl\":\"https:\\\/\\\/cardinal-tapes.com\\\/wp-content\\\/uploads\\\/CA_32_02-2.jpg\",\"width\":1400,\"height\":1400,\"caption\":\"CA_32\"},{\"@type\":\"BreadcrumbList\",\"@id\":\"https:\\\/\\\/cardinal-tapes.com\\\/fr\\\/rubans-adh\u00e9sifs\\\/ruban-adhesif-en-tissu\\\/ca-32-bande-adhesive-en-tissu-non-revetue\\\/#breadcrumb\",\"itemListElement\":[{\"@type\":\"ListItem\",\"position\":1,\"name\":\"Startseite\",\"item\":\"https:\\\/\\\/cardinal-tapes.com\\\/fr\\\/accueil\\\/\"},{\"@type\":\"ListItem\",\"position\":2,\"name\":\"Rubans adh\u00e9sifs\",\"item\":\"https:\\\/\\\/cardinal-tapes.com\\\/fr\\\/rubans-adhesifs-fr\\\/\"},{\"@type\":\"ListItem\",\"position\":3,\"name\":\"Ruban adh\u00e9sif en tissu\",\"item\":\"https:\\\/\\\/cardinal-tapes.com\\\/fr\\\/catgorie\\\/ruban-adhesif-en-tissu\\\/\"},{\"@type\":\"ListItem\",\"position\":4,\"name\":\"CA-32 Ruban adh\u00e9sif en tissu non enduit\"}]},{\"@type\":\"WebSite\",\"@id\":\"https:\\\/\\\/cardinal-tapes.com\\\/#website\",\"url\":\"https:\\\/\\\/cardinal-tapes.com\\\/\",\"name\":\"cardinal TAPES\",\"description\":\"Klebetechnik aus Wuppertal\",\"potentialAction\":[{\"@type\":\"SearchAction\",\"target\":{\"@type\":\"EntryPoint\",\"urlTemplate\":\"https:\\\/\\\/cardinal-tapes.com\\\/?s={search_term_string}\"},\"query-input\":{\"@type\":\"PropertyValueSpecification\",\"valueRequired\":true,\"valueName\":\"search_term_string\"}}],\"inLanguage\":\"fr-FR\"}]}<\/script>\n<!-- \/ Yoast SEO plugin. -->","yoast_head_json":{"title":"CA-32 Ruban adh\u00e9sif en tissu non enduit | Cardinal TAPES","description":"CA-32 est un tissu en viscose de haute qualit\u00e9, combin\u00e9 \u00e0 un adh\u00e9sif autocollant particuli\u00e8rement fort \u00e0 base de caoutchouc synth\u00e9tique.","robots":{"index":"index","follow":"follow","max-snippet":"max-snippet:-1","max-image-preview":"max-image-preview:large","max-video-preview":"max-video-preview:-1"},"canonical":"https:\/\/cardinal-tapes.com\/fr\/rubans-adh\u00e9sifs\/ruban-adhesif-en-tissu\/ca-32-bande-adhesive-en-tissu-non-revetue\/","og_locale":"fr_FR","og_type":"article","og_title":"CA-32 Ruban adh\u00e9sif en tissu non enduit | Cardinal TAPES","og_description":"CA-32 est un tissu en viscose de haute qualit\u00e9, combin\u00e9 \u00e0 un adh\u00e9sif autocollant particuli\u00e8rement fort \u00e0 base de caoutchouc synth\u00e9tique.","og_url":"https:\/\/cardinal-tapes.com\/fr\/rubans-adh\u00e9sifs\/ruban-adhesif-en-tissu\/ca-32-bande-adhesive-en-tissu-non-revetue\/","og_site_name":"cardinal TAPES","article_modified_time":"2023-06-05T15:28:54+00:00","og_image":[{"width":1400,"height":1400,"url":"https:\/\/cardinal-tapes.com\/wp-content\/uploads\/CA_32_02-2.jpg","type":"image\/jpeg"}],"twitter_card":"summary_large_image","schema":{"@context":"https:\/\/schema.org","@graph":[{"@type":"WebPage","@id":"https:\/\/cardinal-tapes.com\/fr\/rubans-adh\u00e9sifs\/ruban-adhesif-en-tissu\/ca-32-bande-adhesive-en-tissu-non-revetue\/","url":"https:\/\/cardinal-tapes.com\/fr\/rubans-adh\u00e9sifs\/ruban-adhesif-en-tissu\/ca-32-bande-adhesive-en-tissu-non-revetue\/","name":"CA-32 Ruban adh\u00e9sif en tissu non enduit | Cardinal TAPES","isPartOf":{"@id":"https:\/\/cardinal-tapes.com\/#website"},"primaryImageOfPage":{"@id":"https:\/\/cardinal-tapes.com\/fr\/rubans-adh\u00e9sifs\/ruban-adhesif-en-tissu\/ca-32-bande-adhesive-en-tissu-non-revetue\/#primaryimage"},"image":{"@id":"https:\/\/cardinal-tapes.com\/fr\/rubans-adh\u00e9sifs\/ruban-adhesif-en-tissu\/ca-32-bande-adhesive-en-tissu-non-revetue\/#primaryimage"},"thumbnailUrl":"https:\/\/cardinal-tapes.com\/wp-content\/uploads\/CA_32_02-2.jpg","datePublished":"2023-06-05T15:25:22+00:00","dateModified":"2023-06-05T15:28:54+00:00","description":"CA-32 est un tissu en viscose de haute qualit\u00e9, combin\u00e9 \u00e0 un adh\u00e9sif autocollant particuli\u00e8rement fort \u00e0 base de caoutchouc synth\u00e9tique.","breadcrumb":{"@id":"https:\/\/cardinal-tapes.com\/fr\/rubans-adh\u00e9sifs\/ruban-adhesif-en-tissu\/ca-32-bande-adhesive-en-tissu-non-revetue\/#breadcrumb"},"inLanguage":"fr-FR","potentialAction":[{"@type":"ReadAction","target":["https:\/\/cardinal-tapes.com\/fr\/rubans-adh\u00e9sifs\/ruban-adhesif-en-tissu\/ca-32-bande-adhesive-en-tissu-non-revetue\/"]}]},{"@type":"ImageObject","inLanguage":"fr-FR","@id":"https:\/\/cardinal-tapes.com\/fr\/rubans-adh\u00e9sifs\/ruban-adhesif-en-tissu\/ca-32-bande-adhesive-en-tissu-non-revetue\/#primaryimage","url":"https:\/\/cardinal-tapes.com\/wp-content\/uploads\/CA_32_02-2.jpg","contentUrl":"https:\/\/cardinal-tapes.com\/wp-content\/uploads\/CA_32_02-2.jpg","width":1400,"height":1400,"caption":"CA_32"},{"@type":"BreadcrumbList","@id":"https:\/\/cardinal-tapes.com\/fr\/rubans-adh\u00e9sifs\/ruban-adhesif-en-tissu\/ca-32-bande-adhesive-en-tissu-non-revetue\/#breadcrumb","itemListElement":[{"@type":"ListItem","position":1,"name":"Startseite","item":"https:\/\/cardinal-tapes.com\/fr\/accueil\/"},{"@type":"ListItem","position":2,"name":"Rubans adh\u00e9sifs","item":"https:\/\/cardinal-tapes.com\/fr\/rubans-adhesifs-fr\/"},{"@type":"ListItem","position":3,"name":"Ruban adh\u00e9sif en tissu","item":"https:\/\/cardinal-tapes.com\/fr\/catgorie\/ruban-adhesif-en-tissu\/"},{"@type":"ListItem","position":4,"name":"CA-32 Ruban adh\u00e9sif en tissu non enduit"}]},{"@type":"WebSite","@id":"https:\/\/cardinal-tapes.com\/#website","url":"https:\/\/cardinal-tapes.com\/","name":"cardinal TAPES","description":"Klebetechnik aus Wuppertal","potentialAction":[{"@type":"SearchAction","target":{"@type":"EntryPoint","urlTemplate":"https:\/\/cardinal-tapes.com\/?s={search_term_string}"},"query-input":{"@type":"PropertyValueSpecification","valueRequired":true,"valueName":"search_term_string"}}],"inLanguage":"fr-FR"}]}},"brands":[{"id":2171,"name":"cardinal GmbH","slug":"cardinal-gmbh-fr"}],"_links":{"self":[{"href":"https:\/\/cardinal-tapes.com\/fr\/wp-json\/wp\/v2\/product\/55626","targetHints":{"allow":["GET"]}}],"collection":[{"href":"https:\/\/cardinal-tapes.com\/fr\/wp-json\/wp\/v2\/product"}],"about":[{"href":"https:\/\/cardinal-tapes.com\/fr\/wp-json\/wp\/v2\/types\/product"}],"wp:featuredmedia":[{"embeddable":true,"href":"https:\/\/cardinal-tapes.com\/fr\/wp-json\/wp\/v2\/media\/26852"}],"wp:attachment":[{"href":"https:\/\/cardinal-tapes.com\/fr\/wp-json\/wp\/v2\/media?parent=55626"}],"wp:term":[{"taxonomy":"pwb-brand","embeddable":true,"href":"https:\/\/cardinal-tapes.com\/fr\/wp-json\/wp\/v2\/pwb-brand?post=55626"},{"taxonomy":"product_brand","embeddable":true,"href":"https:\/\/cardinal-tapes.com\/fr\/wp-json\/wp\/v2\/product_brand?post=55626"},{"taxonomy":"product_cat","embeddable":true,"href":"https:\/\/cardinal-tapes.com\/fr\/wp-json\/wp\/v2\/product_cat?post=55626"},{"taxonomy":"product_tag","embeddable":true,"href":"https:\/\/cardinal-tapes.com\/fr\/wp-json\/wp\/v2\/product_tag?post=55626"}],"curies":[{"name":"wp","href":"https:\/\/api.w.org\/{rel}","templated":true}]}}