{"id":55187,"date":"2018-02-22T11:12:12","date_gmt":"2023-06-05T15:24:27","guid":{"rendered":"https:\/\/cardinal.pixel-tal.de\/klebebaender\/non%20class\u00e9\/ca-457-pv1-ruban-adhesif-en-coton-tisse-fort-ouvert-faible\/"},"modified":"2025-07-03T10:52:07","modified_gmt":"2025-07-03T08:52:07","slug":"ca-457-bande-adhesive-en-tissu-de-coton","status":"publish","type":"product","link":"https:\/\/cardinal-tapes.com\/fr\/rubans-adh\u00e9sifs\/rubans-adhesifs-double-face\/ruban-adhesif-double-face-en-tissu\/ca-457-bande-adhesive-en-tissu-de-coton\/","title":{"rendered":"CA-457 PV1 Ruban adh\u00e9sif en coton tiss\u00e9, fort (ouvert) \/ faible"},"content":{"rendered":"<p>CA-457 est un ruban adh\u00e9sif tiss\u00e9 qui est utilis\u00e9 en particulier lorsque des collages avec fonction de reprise sont exig\u00e9s. De multiples collages peuvent \u00eatre r\u00e9alis\u00e9s, par exemple pour les aides au processus dans l&#8217;industrie, la r\u00e9novation d&#8217;objets, la technique \u00e9v\u00e9nementielle ou la construction de stands. En raison des modifications optiques, les collages sur des sols en pierre ou en parquet de haute qualit\u00e9 sont exclus.<\/p>\n","protected":false},"excerpt":{"rendered":"<p>CA-457 est un ruban adh\u00e9sif tiss\u00e9 qui est utilis\u00e9 en particulier lorsque des collages avec fonction de reprise sont exig\u00e9s. De multiples collages peuvent \u00eatre r\u00e9alis\u00e9s, par exemple pour les aides au processus dans l&#8217;industrie, la r\u00e9novation d&#8217;objets, la technique \u00e9v\u00e9nementielle ou la construction de stands. En raison des modifications optiques, les collages sur des [&hellip;]<\/p>\n","protected":false},"featured_media":27136,"template":"","meta":{"_acf_changed":false},"pwb-brand":[2171],"product_brand":[],"product_cat":[1835,1834],"product_tag":[],"class_list":{"0":"post-55187","1":"product","2":"type-product","3":"status-publish","4":"has-post-thumbnail","6":"pwb-brand-cardinal-gmbh-fr","7":"product_cat-ruban-adhesif-double-face-en-tissu","8":"product_cat-rubans-adhesifs-double-face","10":"first","11":"instock","12":"taxable","13":"shipping-taxable","14":"purchasable","15":"product-type-variable"},"acf":[],"yoast_head":"<!-- This site is optimized with the Yoast SEO plugin v27.3 - https:\/\/yoast.com\/product\/yoast-seo-wordpress\/ -->\n<title>Notre ruban adh\u00e9sif toil\u00e9 CA-457 | Cardinal TAPES<\/title>\n<meta name=\"description\" content=\"Le ruban adh\u00e9sif en tissu CA-457 convient pour les collages avec fonction de reprise. Le CA-457 est donc id\u00e9al pour les applications industrielles. S&#039;informer maintenant.\" \/>\n<meta name=\"robots\" content=\"index, follow, max-snippet:-1, max-image-preview:large, max-video-preview:-1\" \/>\n<link rel=\"canonical\" href=\"https:\/\/cardinal-tapes.com\/fr\/rubans-adh\u00e9sifs\/rubans-adhesifs-double-face\/ruban-adhesif-double-face-en-tissu\/ca-457-bande-adhesive-en-tissu-de-coton\/\" \/>\n<meta property=\"og:locale\" content=\"fr_FR\" \/>\n<meta property=\"og:type\" content=\"article\" \/>\n<meta property=\"og:title\" content=\"Notre ruban adh\u00e9sif toil\u00e9 CA-457 | Cardinal TAPES\" \/>\n<meta property=\"og:description\" content=\"Le ruban adh\u00e9sif en tissu CA-457 convient pour les collages avec fonction de reprise. Le CA-457 est donc id\u00e9al pour les applications industrielles. S&#039;informer maintenant.\" \/>\n<meta property=\"og:url\" content=\"https:\/\/cardinal-tapes.com\/fr\/rubans-adh\u00e9sifs\/rubans-adhesifs-double-face\/ruban-adhesif-double-face-en-tissu\/ca-457-bande-adhesive-en-tissu-de-coton\/\" \/>\n<meta property=\"og:site_name\" content=\"cardinal TAPES\" \/>\n<meta property=\"article:modified_time\" content=\"2025-07-03T08:52:07+00:00\" \/>\n<meta property=\"og:image\" content=\"https:\/\/cardinal-tapes.com\/wp-content\/uploads\/CA_457_retouched.jpg\" \/>\n\t<meta property=\"og:image:width\" content=\"1221\" \/>\n\t<meta property=\"og:image:height\" content=\"1400\" \/>\n\t<meta property=\"og:image:type\" content=\"image\/jpeg\" \/>\n<meta name=\"twitter:card\" content=\"summary_large_image\" \/>\n<script type=\"application\/ld+json\" class=\"yoast-schema-graph\">{\"@context\":\"https:\\\/\\\/schema.org\",\"@graph\":[{\"@type\":\"WebPage\",\"@id\":\"https:\\\/\\\/cardinal-tapes.com\\\/fr\\\/rubans-adh\u00e9sifs\\\/rubans-adhesifs-double-face\\\/ruban-adhesif-double-face-en-tissu\\\/ca-457-bande-adhesive-en-tissu-de-coton\\\/\",\"url\":\"https:\\\/\\\/cardinal-tapes.com\\\/fr\\\/rubans-adh\u00e9sifs\\\/rubans-adhesifs-double-face\\\/ruban-adhesif-double-face-en-tissu\\\/ca-457-bande-adhesive-en-tissu-de-coton\\\/\",\"name\":\"Notre ruban adh\u00e9sif toil\u00e9 CA-457 | Cardinal TAPES\",\"isPartOf\":{\"@id\":\"https:\\\/\\\/cardinal-tapes.com\\\/#website\"},\"primaryImageOfPage\":{\"@id\":\"https:\\\/\\\/cardinal-tapes.com\\\/fr\\\/rubans-adh\u00e9sifs\\\/rubans-adhesifs-double-face\\\/ruban-adhesif-double-face-en-tissu\\\/ca-457-bande-adhesive-en-tissu-de-coton\\\/#primaryimage\"},\"image\":{\"@id\":\"https:\\\/\\\/cardinal-tapes.com\\\/fr\\\/rubans-adh\u00e9sifs\\\/rubans-adhesifs-double-face\\\/ruban-adhesif-double-face-en-tissu\\\/ca-457-bande-adhesive-en-tissu-de-coton\\\/#primaryimage\"},\"thumbnailUrl\":\"https:\\\/\\\/cardinal-tapes.com\\\/wp-content\\\/uploads\\\/CA_457_retouched.jpg\",\"datePublished\":\"2023-06-05T15:24:27+00:00\",\"dateModified\":\"2025-07-03T08:52:07+00:00\",\"description\":\"Le ruban adh\u00e9sif en tissu CA-457 convient pour les collages avec fonction de reprise. Le CA-457 est donc id\u00e9al pour les applications industrielles. S'informer maintenant.\",\"breadcrumb\":{\"@id\":\"https:\\\/\\\/cardinal-tapes.com\\\/fr\\\/rubans-adh\u00e9sifs\\\/rubans-adhesifs-double-face\\\/ruban-adhesif-double-face-en-tissu\\\/ca-457-bande-adhesive-en-tissu-de-coton\\\/#breadcrumb\"},\"inLanguage\":\"fr-FR\",\"potentialAction\":[{\"@type\":\"ReadAction\",\"target\":[\"https:\\\/\\\/cardinal-tapes.com\\\/fr\\\/rubans-adh\u00e9sifs\\\/rubans-adhesifs-double-face\\\/ruban-adhesif-double-face-en-tissu\\\/ca-457-bande-adhesive-en-tissu-de-coton\\\/\"]}]},{\"@type\":\"ImageObject\",\"inLanguage\":\"fr-FR\",\"@id\":\"https:\\\/\\\/cardinal-tapes.com\\\/fr\\\/rubans-adh\u00e9sifs\\\/rubans-adhesifs-double-face\\\/ruban-adhesif-double-face-en-tissu\\\/ca-457-bande-adhesive-en-tissu-de-coton\\\/#primaryimage\",\"url\":\"https:\\\/\\\/cardinal-tapes.com\\\/wp-content\\\/uploads\\\/CA_457_retouched.jpg\",\"contentUrl\":\"https:\\\/\\\/cardinal-tapes.com\\\/wp-content\\\/uploads\\\/CA_457_retouched.jpg\",\"width\":1221,\"height\":1400,\"caption\":\"Ruban adh\u00e9sif CA 457\"},{\"@type\":\"BreadcrumbList\",\"@id\":\"https:\\\/\\\/cardinal-tapes.com\\\/fr\\\/rubans-adh\u00e9sifs\\\/rubans-adhesifs-double-face\\\/ruban-adhesif-double-face-en-tissu\\\/ca-457-bande-adhesive-en-tissu-de-coton\\\/#breadcrumb\",\"itemListElement\":[{\"@type\":\"ListItem\",\"position\":1,\"name\":\"Startseite\",\"item\":\"https:\\\/\\\/cardinal-tapes.com\\\/fr\\\/accueil\\\/\"},{\"@type\":\"ListItem\",\"position\":2,\"name\":\"Rubans adh\u00e9sifs\",\"item\":\"https:\\\/\\\/cardinal-tapes.com\\\/fr\\\/rubans-adhesifs-fr\\\/\"},{\"@type\":\"ListItem\",\"position\":3,\"name\":\"Rubans adh\u00e9sifs double face\",\"item\":\"https:\\\/\\\/cardinal-tapes.com\\\/fr\\\/catgorie\\\/rubans-adhesifs-double-face\\\/\"},{\"@type\":\"ListItem\",\"position\":4,\"name\":\"Ruban adh\u00e9sif double face en tissu\",\"item\":\"https:\\\/\\\/cardinal-tapes.com\\\/fr\\\/catgorie\\\/ruban-adhesif-double-face-en-tissu\\\/\"},{\"@type\":\"ListItem\",\"position\":5,\"name\":\"CA-457 PV1 Ruban adh\u00e9sif en coton tiss\u00e9, fort (ouvert) \\\/ faible\"}]},{\"@type\":\"WebSite\",\"@id\":\"https:\\\/\\\/cardinal-tapes.com\\\/#website\",\"url\":\"https:\\\/\\\/cardinal-tapes.com\\\/\",\"name\":\"cardinal TAPES\",\"description\":\"Klebetechnik aus Wuppertal\",\"potentialAction\":[{\"@type\":\"SearchAction\",\"target\":{\"@type\":\"EntryPoint\",\"urlTemplate\":\"https:\\\/\\\/cardinal-tapes.com\\\/?s={search_term_string}\"},\"query-input\":{\"@type\":\"PropertyValueSpecification\",\"valueRequired\":true,\"valueName\":\"search_term_string\"}}],\"inLanguage\":\"fr-FR\"}]}<\/script>\n<!-- \/ Yoast SEO plugin. -->","yoast_head_json":{"title":"Notre ruban adh\u00e9sif toil\u00e9 CA-457 | Cardinal TAPES","description":"Le ruban adh\u00e9sif en tissu CA-457 convient pour les collages avec fonction de reprise. Le CA-457 est donc id\u00e9al pour les applications industrielles. S'informer maintenant.","robots":{"index":"index","follow":"follow","max-snippet":"max-snippet:-1","max-image-preview":"max-image-preview:large","max-video-preview":"max-video-preview:-1"},"canonical":"https:\/\/cardinal-tapes.com\/fr\/rubans-adh\u00e9sifs\/rubans-adhesifs-double-face\/ruban-adhesif-double-face-en-tissu\/ca-457-bande-adhesive-en-tissu-de-coton\/","og_locale":"fr_FR","og_type":"article","og_title":"Notre ruban adh\u00e9sif toil\u00e9 CA-457 | Cardinal TAPES","og_description":"Le ruban adh\u00e9sif en tissu CA-457 convient pour les collages avec fonction de reprise. Le CA-457 est donc id\u00e9al pour les applications industrielles. S'informer maintenant.","og_url":"https:\/\/cardinal-tapes.com\/fr\/rubans-adh\u00e9sifs\/rubans-adhesifs-double-face\/ruban-adhesif-double-face-en-tissu\/ca-457-bande-adhesive-en-tissu-de-coton\/","og_site_name":"cardinal TAPES","article_modified_time":"2025-07-03T08:52:07+00:00","og_image":[{"width":1221,"height":1400,"url":"https:\/\/cardinal-tapes.com\/wp-content\/uploads\/CA_457_retouched.jpg","type":"image\/jpeg"}],"twitter_card":"summary_large_image","schema":{"@context":"https:\/\/schema.org","@graph":[{"@type":"WebPage","@id":"https:\/\/cardinal-tapes.com\/fr\/rubans-adh\u00e9sifs\/rubans-adhesifs-double-face\/ruban-adhesif-double-face-en-tissu\/ca-457-bande-adhesive-en-tissu-de-coton\/","url":"https:\/\/cardinal-tapes.com\/fr\/rubans-adh\u00e9sifs\/rubans-adhesifs-double-face\/ruban-adhesif-double-face-en-tissu\/ca-457-bande-adhesive-en-tissu-de-coton\/","name":"Notre ruban adh\u00e9sif toil\u00e9 CA-457 | Cardinal TAPES","isPartOf":{"@id":"https:\/\/cardinal-tapes.com\/#website"},"primaryImageOfPage":{"@id":"https:\/\/cardinal-tapes.com\/fr\/rubans-adh\u00e9sifs\/rubans-adhesifs-double-face\/ruban-adhesif-double-face-en-tissu\/ca-457-bande-adhesive-en-tissu-de-coton\/#primaryimage"},"image":{"@id":"https:\/\/cardinal-tapes.com\/fr\/rubans-adh\u00e9sifs\/rubans-adhesifs-double-face\/ruban-adhesif-double-face-en-tissu\/ca-457-bande-adhesive-en-tissu-de-coton\/#primaryimage"},"thumbnailUrl":"https:\/\/cardinal-tapes.com\/wp-content\/uploads\/CA_457_retouched.jpg","datePublished":"2023-06-05T15:24:27+00:00","dateModified":"2025-07-03T08:52:07+00:00","description":"Le ruban adh\u00e9sif en tissu CA-457 convient pour les collages avec fonction de reprise. Le CA-457 est donc id\u00e9al pour les applications industrielles. S'informer maintenant.","breadcrumb":{"@id":"https:\/\/cardinal-tapes.com\/fr\/rubans-adh\u00e9sifs\/rubans-adhesifs-double-face\/ruban-adhesif-double-face-en-tissu\/ca-457-bande-adhesive-en-tissu-de-coton\/#breadcrumb"},"inLanguage":"fr-FR","potentialAction":[{"@type":"ReadAction","target":["https:\/\/cardinal-tapes.com\/fr\/rubans-adh\u00e9sifs\/rubans-adhesifs-double-face\/ruban-adhesif-double-face-en-tissu\/ca-457-bande-adhesive-en-tissu-de-coton\/"]}]},{"@type":"ImageObject","inLanguage":"fr-FR","@id":"https:\/\/cardinal-tapes.com\/fr\/rubans-adh\u00e9sifs\/rubans-adhesifs-double-face\/ruban-adhesif-double-face-en-tissu\/ca-457-bande-adhesive-en-tissu-de-coton\/#primaryimage","url":"https:\/\/cardinal-tapes.com\/wp-content\/uploads\/CA_457_retouched.jpg","contentUrl":"https:\/\/cardinal-tapes.com\/wp-content\/uploads\/CA_457_retouched.jpg","width":1221,"height":1400,"caption":"Ruban adh\u00e9sif CA 457"},{"@type":"BreadcrumbList","@id":"https:\/\/cardinal-tapes.com\/fr\/rubans-adh\u00e9sifs\/rubans-adhesifs-double-face\/ruban-adhesif-double-face-en-tissu\/ca-457-bande-adhesive-en-tissu-de-coton\/#breadcrumb","itemListElement":[{"@type":"ListItem","position":1,"name":"Startseite","item":"https:\/\/cardinal-tapes.com\/fr\/accueil\/"},{"@type":"ListItem","position":2,"name":"Rubans adh\u00e9sifs","item":"https:\/\/cardinal-tapes.com\/fr\/rubans-adhesifs-fr\/"},{"@type":"ListItem","position":3,"name":"Rubans adh\u00e9sifs double face","item":"https:\/\/cardinal-tapes.com\/fr\/catgorie\/rubans-adhesifs-double-face\/"},{"@type":"ListItem","position":4,"name":"Ruban adh\u00e9sif double face en tissu","item":"https:\/\/cardinal-tapes.com\/fr\/catgorie\/ruban-adhesif-double-face-en-tissu\/"},{"@type":"ListItem","position":5,"name":"CA-457 PV1 Ruban adh\u00e9sif en coton tiss\u00e9, fort (ouvert) \/ faible"}]},{"@type":"WebSite","@id":"https:\/\/cardinal-tapes.com\/#website","url":"https:\/\/cardinal-tapes.com\/","name":"cardinal TAPES","description":"Klebetechnik aus Wuppertal","potentialAction":[{"@type":"SearchAction","target":{"@type":"EntryPoint","urlTemplate":"https:\/\/cardinal-tapes.com\/?s={search_term_string}"},"query-input":{"@type":"PropertyValueSpecification","valueRequired":true,"valueName":"search_term_string"}}],"inLanguage":"fr-FR"}]}},"brands":[{"id":2171,"name":"cardinal GmbH","slug":"cardinal-gmbh-fr"}],"_links":{"self":[{"href":"https:\/\/cardinal-tapes.com\/fr\/wp-json\/wp\/v2\/product\/55187","targetHints":{"allow":["GET"]}}],"collection":[{"href":"https:\/\/cardinal-tapes.com\/fr\/wp-json\/wp\/v2\/product"}],"about":[{"href":"https:\/\/cardinal-tapes.com\/fr\/wp-json\/wp\/v2\/types\/product"}],"wp:featuredmedia":[{"embeddable":true,"href":"https:\/\/cardinal-tapes.com\/fr\/wp-json\/wp\/v2\/media\/27136"}],"wp:attachment":[{"href":"https:\/\/cardinal-tapes.com\/fr\/wp-json\/wp\/v2\/media?parent=55187"}],"wp:term":[{"taxonomy":"pwb-brand","embeddable":true,"href":"https:\/\/cardinal-tapes.com\/fr\/wp-json\/wp\/v2\/pwb-brand?post=55187"},{"taxonomy":"product_brand","embeddable":true,"href":"https:\/\/cardinal-tapes.com\/fr\/wp-json\/wp\/v2\/product_brand?post=55187"},{"taxonomy":"product_cat","embeddable":true,"href":"https:\/\/cardinal-tapes.com\/fr\/wp-json\/wp\/v2\/product_cat?post=55187"},{"taxonomy":"product_tag","embeddable":true,"href":"https:\/\/cardinal-tapes.com\/fr\/wp-json\/wp\/v2\/product_tag?post=55187"}],"curies":[{"name":"wp","href":"https:\/\/api.w.org\/{rel}","templated":true}]}}