{"id":55184,"date":"2018-02-21T10:28:37","date_gmt":"2018-02-21T09:28:37","guid":{"rendered":"https:\/\/cardinal.pixel-tal.de\/klebebaender\/non%20class\u00e9\/ca-537-ruban-adhesif-de-marquage-au-sol-en-pvc\/"},"modified":"2025-07-03T10:43:24","modified_gmt":"2025-07-03T08:43:24","slug":"ca-537-bande-adhesive-de-marquage-de-sol-en-pvc","status":"publish","type":"product","link":"https:\/\/cardinal-tapes.com\/fr\/rubans-adh\u00e9sifs\/domaines-dapplication\/ruban-adhesif-de-marquage-au-sol\/ca-537-bande-adhesive-de-marquage-de-sol-en-pvc\/","title":{"rendered":"CA-537 Ruban adh\u00e9sif de marquage au sol en PVC"},"content":{"rendered":"<p>CA-537 est un ruban en PVC souple avec un adh\u00e9sif caoutchouc agressif et sensible \u00e0 la pression. Il combine une bonne r\u00e9sistance m\u00e9canique, un d\u00e9chirement transversal facile et une r\u00e9sistance \u00e0 l&#8217;abrasion avec une excellente conformabilit\u00e9 pour le marquage des chemins et les rev\u00eatements de sol.<\/p>\n","protected":false},"excerpt":{"rendered":"<p>CA-537 est un ruban en PVC souple avec un adh\u00e9sif caoutchouc agressif et sensible \u00e0 la pression. Il combine une bonne r\u00e9sistance m\u00e9canique, un d\u00e9chirement transversal facile et une r\u00e9sistance \u00e0 l&#8217;abrasion avec une excellente conformabilit\u00e9 pour le marquage des chemins et les rev\u00eatements de sol.<\/p>\n","protected":false},"featured_media":26936,"template":"","meta":{"_acf_changed":false},"pwb-brand":[2171],"product_brand":[],"product_cat":[1671,1836],"product_tag":[],"class_list":{"0":"post-55184","1":"product","2":"type-product","3":"status-publish","4":"has-post-thumbnail","6":"pwb-brand-cardinal-gmbh-fr","7":"product_cat-ruban-adhesif-de-marquage-au-sol","8":"product_cat-rubans-adhesifs-simple-face","10":"first","11":"instock","12":"taxable","13":"shipping-taxable","14":"purchasable","15":"product-type-variable"},"acf":[],"yoast_head":"<!-- This site is optimized with the Yoast SEO plugin v27.3 - https:\/\/yoast.com\/product\/yoast-seo-wordpress\/ -->\n<title>CA-537 Ruban adh\u00e9sif de marquage au sol en PVC | Cardinal TAPES<\/title>\n<meta name=\"description\" content=\"CA-537 est un ruban adh\u00e9sif de marquage au sol qui est flexible, se d\u00e9roule facilement et adh\u00e8re bien sur diff\u00e9rents supports.\" \/>\n<meta name=\"robots\" content=\"index, follow, max-snippet:-1, max-image-preview:large, max-video-preview:-1\" \/>\n<link rel=\"canonical\" href=\"https:\/\/cardinal-tapes.com\/fr\/rubans-adh\u00e9sifs\/domaines-dapplication\/ruban-adhesif-de-marquage-au-sol\/ca-537-bande-adhesive-de-marquage-de-sol-en-pvc\/\" \/>\n<meta property=\"og:locale\" content=\"fr_FR\" \/>\n<meta property=\"og:type\" content=\"article\" \/>\n<meta property=\"og:title\" content=\"CA-537 Ruban adh\u00e9sif de marquage au sol en PVC | Cardinal TAPES\" \/>\n<meta property=\"og:description\" content=\"CA-537 est un ruban adh\u00e9sif de marquage au sol qui est flexible, se d\u00e9roule facilement et adh\u00e8re bien sur diff\u00e9rents supports.\" \/>\n<meta property=\"og:url\" content=\"https:\/\/cardinal-tapes.com\/fr\/rubans-adh\u00e9sifs\/domaines-dapplication\/ruban-adhesif-de-marquage-au-sol\/ca-537-bande-adhesive-de-marquage-de-sol-en-pvc\/\" \/>\n<meta property=\"og:site_name\" content=\"cardinal TAPES\" \/>\n<meta property=\"article:modified_time\" content=\"2025-07-03T08:43:24+00:00\" \/>\n<meta property=\"og:image\" content=\"https:\/\/cardinal-tapes.com\/wp-content\/uploads\/CA_Mix02_01.jpg\" \/>\n\t<meta property=\"og:image:width\" content=\"1400\" \/>\n\t<meta property=\"og:image:height\" content=\"1032\" \/>\n\t<meta property=\"og:image:type\" content=\"image\/jpeg\" \/>\n<meta name=\"twitter:card\" content=\"summary_large_image\" \/>\n<script type=\"application\/ld+json\" class=\"yoast-schema-graph\">{\"@context\":\"https:\\\/\\\/schema.org\",\"@graph\":[{\"@type\":\"WebPage\",\"@id\":\"https:\\\/\\\/cardinal-tapes.com\\\/fr\\\/rubans-adh\u00e9sifs\\\/domaines-dapplication\\\/ruban-adhesif-de-marquage-au-sol\\\/ca-537-bande-adhesive-de-marquage-de-sol-en-pvc\\\/\",\"url\":\"https:\\\/\\\/cardinal-tapes.com\\\/fr\\\/rubans-adh\u00e9sifs\\\/domaines-dapplication\\\/ruban-adhesif-de-marquage-au-sol\\\/ca-537-bande-adhesive-de-marquage-de-sol-en-pvc\\\/\",\"name\":\"CA-537 Ruban adh\u00e9sif de marquage au sol en PVC | Cardinal TAPES\",\"isPartOf\":{\"@id\":\"https:\\\/\\\/cardinal-tapes.com\\\/#website\"},\"primaryImageOfPage\":{\"@id\":\"https:\\\/\\\/cardinal-tapes.com\\\/fr\\\/rubans-adh\u00e9sifs\\\/domaines-dapplication\\\/ruban-adhesif-de-marquage-au-sol\\\/ca-537-bande-adhesive-de-marquage-de-sol-en-pvc\\\/#primaryimage\"},\"image\":{\"@id\":\"https:\\\/\\\/cardinal-tapes.com\\\/fr\\\/rubans-adh\u00e9sifs\\\/domaines-dapplication\\\/ruban-adhesif-de-marquage-au-sol\\\/ca-537-bande-adhesive-de-marquage-de-sol-en-pvc\\\/#primaryimage\"},\"thumbnailUrl\":\"https:\\\/\\\/cardinal-tapes.com\\\/wp-content\\\/uploads\\\/CA_Mix02_01.jpg\",\"datePublished\":\"2018-02-21T09:28:37+00:00\",\"dateModified\":\"2025-07-03T08:43:24+00:00\",\"description\":\"CA-537 est un ruban adh\u00e9sif de marquage au sol qui est flexible, se d\u00e9roule facilement et adh\u00e8re bien sur diff\u00e9rents supports.\",\"breadcrumb\":{\"@id\":\"https:\\\/\\\/cardinal-tapes.com\\\/fr\\\/rubans-adh\u00e9sifs\\\/domaines-dapplication\\\/ruban-adhesif-de-marquage-au-sol\\\/ca-537-bande-adhesive-de-marquage-de-sol-en-pvc\\\/#breadcrumb\"},\"inLanguage\":\"fr-FR\",\"potentialAction\":[{\"@type\":\"ReadAction\",\"target\":[\"https:\\\/\\\/cardinal-tapes.com\\\/fr\\\/rubans-adh\u00e9sifs\\\/domaines-dapplication\\\/ruban-adhesif-de-marquage-au-sol\\\/ca-537-bande-adhesive-de-marquage-de-sol-en-pvc\\\/\"]}]},{\"@type\":\"ImageObject\",\"inLanguage\":\"fr-FR\",\"@id\":\"https:\\\/\\\/cardinal-tapes.com\\\/fr\\\/rubans-adh\u00e9sifs\\\/domaines-dapplication\\\/ruban-adhesif-de-marquage-au-sol\\\/ca-537-bande-adhesive-de-marquage-de-sol-en-pvc\\\/#primaryimage\",\"url\":\"https:\\\/\\\/cardinal-tapes.com\\\/wp-content\\\/uploads\\\/CA_Mix02_01.jpg\",\"contentUrl\":\"https:\\\/\\\/cardinal-tapes.com\\\/wp-content\\\/uploads\\\/CA_Mix02_01.jpg\",\"width\":1400,\"height\":1032,\"caption\":\"CA_Mix02_01\"},{\"@type\":\"BreadcrumbList\",\"@id\":\"https:\\\/\\\/cardinal-tapes.com\\\/fr\\\/rubans-adh\u00e9sifs\\\/domaines-dapplication\\\/ruban-adhesif-de-marquage-au-sol\\\/ca-537-bande-adhesive-de-marquage-de-sol-en-pvc\\\/#breadcrumb\",\"itemListElement\":[{\"@type\":\"ListItem\",\"position\":1,\"name\":\"Startseite\",\"item\":\"https:\\\/\\\/cardinal-tapes.com\\\/fr\\\/accueil\\\/\"},{\"@type\":\"ListItem\",\"position\":2,\"name\":\"Rubans adh\u00e9sifs\",\"item\":\"https:\\\/\\\/cardinal-tapes.com\\\/fr\\\/rubans-adhesifs-fr\\\/\"},{\"@type\":\"ListItem\",\"position\":3,\"name\":\"Domaines d&#039;application\",\"item\":\"https:\\\/\\\/cardinal-tapes.com\\\/fr\\\/catgorie\\\/domaines-dapplication\\\/\"},{\"@type\":\"ListItem\",\"position\":4,\"name\":\"Ruban adh\u00e9sif de marquage au sol\",\"item\":\"https:\\\/\\\/cardinal-tapes.com\\\/fr\\\/catgorie\\\/ruban-adhesif-de-marquage-au-sol\\\/\"},{\"@type\":\"ListItem\",\"position\":5,\"name\":\"CA-537 Ruban adh\u00e9sif de marquage au sol en PVC\"}]},{\"@type\":\"WebSite\",\"@id\":\"https:\\\/\\\/cardinal-tapes.com\\\/#website\",\"url\":\"https:\\\/\\\/cardinal-tapes.com\\\/\",\"name\":\"cardinal TAPES\",\"description\":\"Klebetechnik aus Wuppertal\",\"potentialAction\":[{\"@type\":\"SearchAction\",\"target\":{\"@type\":\"EntryPoint\",\"urlTemplate\":\"https:\\\/\\\/cardinal-tapes.com\\\/?s={search_term_string}\"},\"query-input\":{\"@type\":\"PropertyValueSpecification\",\"valueRequired\":true,\"valueName\":\"search_term_string\"}}],\"inLanguage\":\"fr-FR\"}]}<\/script>\n<!-- \/ Yoast SEO plugin. -->","yoast_head_json":{"title":"CA-537 Ruban adh\u00e9sif de marquage au sol en PVC | Cardinal TAPES","description":"CA-537 est un ruban adh\u00e9sif de marquage au sol qui est flexible, se d\u00e9roule facilement et adh\u00e8re bien sur diff\u00e9rents supports.","robots":{"index":"index","follow":"follow","max-snippet":"max-snippet:-1","max-image-preview":"max-image-preview:large","max-video-preview":"max-video-preview:-1"},"canonical":"https:\/\/cardinal-tapes.com\/fr\/rubans-adh\u00e9sifs\/domaines-dapplication\/ruban-adhesif-de-marquage-au-sol\/ca-537-bande-adhesive-de-marquage-de-sol-en-pvc\/","og_locale":"fr_FR","og_type":"article","og_title":"CA-537 Ruban adh\u00e9sif de marquage au sol en PVC | Cardinal TAPES","og_description":"CA-537 est un ruban adh\u00e9sif de marquage au sol qui est flexible, se d\u00e9roule facilement et adh\u00e8re bien sur diff\u00e9rents supports.","og_url":"https:\/\/cardinal-tapes.com\/fr\/rubans-adh\u00e9sifs\/domaines-dapplication\/ruban-adhesif-de-marquage-au-sol\/ca-537-bande-adhesive-de-marquage-de-sol-en-pvc\/","og_site_name":"cardinal TAPES","article_modified_time":"2025-07-03T08:43:24+00:00","og_image":[{"width":1400,"height":1032,"url":"https:\/\/cardinal-tapes.com\/wp-content\/uploads\/CA_Mix02_01.jpg","type":"image\/jpeg"}],"twitter_card":"summary_large_image","schema":{"@context":"https:\/\/schema.org","@graph":[{"@type":"WebPage","@id":"https:\/\/cardinal-tapes.com\/fr\/rubans-adh\u00e9sifs\/domaines-dapplication\/ruban-adhesif-de-marquage-au-sol\/ca-537-bande-adhesive-de-marquage-de-sol-en-pvc\/","url":"https:\/\/cardinal-tapes.com\/fr\/rubans-adh\u00e9sifs\/domaines-dapplication\/ruban-adhesif-de-marquage-au-sol\/ca-537-bande-adhesive-de-marquage-de-sol-en-pvc\/","name":"CA-537 Ruban adh\u00e9sif de marquage au sol en PVC | Cardinal TAPES","isPartOf":{"@id":"https:\/\/cardinal-tapes.com\/#website"},"primaryImageOfPage":{"@id":"https:\/\/cardinal-tapes.com\/fr\/rubans-adh\u00e9sifs\/domaines-dapplication\/ruban-adhesif-de-marquage-au-sol\/ca-537-bande-adhesive-de-marquage-de-sol-en-pvc\/#primaryimage"},"image":{"@id":"https:\/\/cardinal-tapes.com\/fr\/rubans-adh\u00e9sifs\/domaines-dapplication\/ruban-adhesif-de-marquage-au-sol\/ca-537-bande-adhesive-de-marquage-de-sol-en-pvc\/#primaryimage"},"thumbnailUrl":"https:\/\/cardinal-tapes.com\/wp-content\/uploads\/CA_Mix02_01.jpg","datePublished":"2018-02-21T09:28:37+00:00","dateModified":"2025-07-03T08:43:24+00:00","description":"CA-537 est un ruban adh\u00e9sif de marquage au sol qui est flexible, se d\u00e9roule facilement et adh\u00e8re bien sur diff\u00e9rents supports.","breadcrumb":{"@id":"https:\/\/cardinal-tapes.com\/fr\/rubans-adh\u00e9sifs\/domaines-dapplication\/ruban-adhesif-de-marquage-au-sol\/ca-537-bande-adhesive-de-marquage-de-sol-en-pvc\/#breadcrumb"},"inLanguage":"fr-FR","potentialAction":[{"@type":"ReadAction","target":["https:\/\/cardinal-tapes.com\/fr\/rubans-adh\u00e9sifs\/domaines-dapplication\/ruban-adhesif-de-marquage-au-sol\/ca-537-bande-adhesive-de-marquage-de-sol-en-pvc\/"]}]},{"@type":"ImageObject","inLanguage":"fr-FR","@id":"https:\/\/cardinal-tapes.com\/fr\/rubans-adh\u00e9sifs\/domaines-dapplication\/ruban-adhesif-de-marquage-au-sol\/ca-537-bande-adhesive-de-marquage-de-sol-en-pvc\/#primaryimage","url":"https:\/\/cardinal-tapes.com\/wp-content\/uploads\/CA_Mix02_01.jpg","contentUrl":"https:\/\/cardinal-tapes.com\/wp-content\/uploads\/CA_Mix02_01.jpg","width":1400,"height":1032,"caption":"CA_Mix02_01"},{"@type":"BreadcrumbList","@id":"https:\/\/cardinal-tapes.com\/fr\/rubans-adh\u00e9sifs\/domaines-dapplication\/ruban-adhesif-de-marquage-au-sol\/ca-537-bande-adhesive-de-marquage-de-sol-en-pvc\/#breadcrumb","itemListElement":[{"@type":"ListItem","position":1,"name":"Startseite","item":"https:\/\/cardinal-tapes.com\/fr\/accueil\/"},{"@type":"ListItem","position":2,"name":"Rubans adh\u00e9sifs","item":"https:\/\/cardinal-tapes.com\/fr\/rubans-adhesifs-fr\/"},{"@type":"ListItem","position":3,"name":"Domaines d&#039;application","item":"https:\/\/cardinal-tapes.com\/fr\/catgorie\/domaines-dapplication\/"},{"@type":"ListItem","position":4,"name":"Ruban adh\u00e9sif de marquage au sol","item":"https:\/\/cardinal-tapes.com\/fr\/catgorie\/ruban-adhesif-de-marquage-au-sol\/"},{"@type":"ListItem","position":5,"name":"CA-537 Ruban adh\u00e9sif de marquage au sol en PVC"}]},{"@type":"WebSite","@id":"https:\/\/cardinal-tapes.com\/#website","url":"https:\/\/cardinal-tapes.com\/","name":"cardinal TAPES","description":"Klebetechnik aus Wuppertal","potentialAction":[{"@type":"SearchAction","target":{"@type":"EntryPoint","urlTemplate":"https:\/\/cardinal-tapes.com\/?s={search_term_string}"},"query-input":{"@type":"PropertyValueSpecification","valueRequired":true,"valueName":"search_term_string"}}],"inLanguage":"fr-FR"}]}},"brands":[{"id":2171,"name":"cardinal GmbH","slug":"cardinal-gmbh-fr"}],"_links":{"self":[{"href":"https:\/\/cardinal-tapes.com\/fr\/wp-json\/wp\/v2\/product\/55184","targetHints":{"allow":["GET"]}}],"collection":[{"href":"https:\/\/cardinal-tapes.com\/fr\/wp-json\/wp\/v2\/product"}],"about":[{"href":"https:\/\/cardinal-tapes.com\/fr\/wp-json\/wp\/v2\/types\/product"}],"wp:featuredmedia":[{"embeddable":true,"href":"https:\/\/cardinal-tapes.com\/fr\/wp-json\/wp\/v2\/media\/26936"}],"wp:attachment":[{"href":"https:\/\/cardinal-tapes.com\/fr\/wp-json\/wp\/v2\/media?parent=55184"}],"wp:term":[{"taxonomy":"pwb-brand","embeddable":true,"href":"https:\/\/cardinal-tapes.com\/fr\/wp-json\/wp\/v2\/pwb-brand?post=55184"},{"taxonomy":"product_brand","embeddable":true,"href":"https:\/\/cardinal-tapes.com\/fr\/wp-json\/wp\/v2\/product_brand?post=55184"},{"taxonomy":"product_cat","embeddable":true,"href":"https:\/\/cardinal-tapes.com\/fr\/wp-json\/wp\/v2\/product_cat?post=55184"},{"taxonomy":"product_tag","embeddable":true,"href":"https:\/\/cardinal-tapes.com\/fr\/wp-json\/wp\/v2\/product_tag?post=55184"}],"curies":[{"name":"wp","href":"https:\/\/api.w.org\/{rel}","templated":true}]}}