{"id":55181,"date":"2018-02-23T09:54:25","date_gmt":"2018-02-23T08:54:25","guid":{"rendered":"https:\/\/cardinal.pixel-tal.de\/klebebaender\/non class\u00e9\/ca-418-ruban-adhesif-en-pet\/"},"modified":"2023-06-05T17:24:27","modified_gmt":"2023-06-05T15:24:27","slug":"ca-418-bande-adhesive-pour-animaux","status":"publish","type":"product","link":"https:\/\/cardinal-tapes.com\/fr\/rubans-adh\u00e9sifs\/domaines-dapplication\/production-daluminium-traitement\/ca-418-bande-adhesive-pour-animaux\/","title":{"rendered":"CA-418 Ruban adh\u00e9sif en PET"},"content":{"rendered":"<p>CA-418 est un ruban adh\u00e9sif universel exceptionnellement performant, compos\u00e9 d&#8217;un support en film polyester avec une tr\u00e8s haute r\u00e9sistance \u00e0 la temp\u00e9rature. Le produit est utilis\u00e9 pour le collage de r\u00e9troviseurs ext\u00e9rieurs de voitures et de camions dans des bo\u00eetiers en plastique tout en assurant une protection contre les \u00e9clats. \u00c9quipement autocollant de plinthes, d&#8217;enjoliveurs et de chemins de c\u00e2bles. Mise \u00e0 longueur et \u00e9pissure de papier, textile, films plastiques et m\u00e9talliques, pour lesquels une tr\u00e8s grande r\u00e9sistance au cisaillement et \u00e0 l&#8217;adh\u00e9sion est n\u00e9cessaire.<\/p>\n","protected":false},"excerpt":{"rendered":"<p>CA-418 est un ruban adh\u00e9sif universel exceptionnellement performant, compos\u00e9 d&#8217;un support en film polyester avec une tr\u00e8s haute r\u00e9sistance \u00e0 la temp\u00e9rature. Le produit est utilis\u00e9 pour le collage de r\u00e9troviseurs ext\u00e9rieurs de voitures et de camions dans des bo\u00eetiers en plastique tout en assurant une protection contre les \u00e9clats. \u00c9quipement autocollant de plinthes, d&#8217;enjoliveurs [&hellip;]<\/p>\n","protected":false},"featured_media":81355,"template":"","meta":{"_acf_changed":false},"pwb-brand":[2171],"product_brand":[],"product_cat":[1665,1673,1734,1738,1741,1770,1834],"product_tag":[],"class_list":{"0":"post-55181","1":"product","2":"type-product","3":"status-publish","4":"has-post-thumbnail","6":"pwb-brand-cardinal-gmbh-fr","7":"product_cat-production-daluminium-traitement","8":"product_cat-industrie-electrique","9":"product_cat-fabrication-de-films","10":"product_cat-industrie-des-matieres-plastiques","11":"product_cat-construction-de-machines","12":"product_cat-industrie-textile","13":"product_cat-rubans-adhesifs-double-face","15":"first","16":"instock","17":"taxable","18":"shipping-taxable","19":"purchasable","20":"product-type-variable"},"acf":[],"yoast_head":"<!-- This site is optimized with the Yoast SEO plugin v27.3 - https:\/\/yoast.com\/product\/yoast-seo-wordpress\/ -->\n<title>Le CA-418 est un ruban universel performant | Cardinal TAPES<\/title>\n<meta name=\"description\" content=\"Performant &amp; r\u00e9sistant \u00e0 la temp\u00e9rature : notre ruban adh\u00e9sif universel CA-418. Le CA-418 convient \u00e0 de nombreuses applications exigeantes. S&#039;informer maintenant.\" \/>\n<meta name=\"robots\" content=\"index, follow, max-snippet:-1, max-image-preview:large, max-video-preview:-1\" \/>\n<link rel=\"canonical\" href=\"https:\/\/cardinal-tapes.com\/fr\/rubans-adh\u00e9sifs\/domaines-dapplication\/production-daluminium-traitement\/ca-418-bande-adhesive-pour-animaux\/\" \/>\n<meta property=\"og:locale\" content=\"fr_FR\" \/>\n<meta property=\"og:type\" content=\"article\" \/>\n<meta property=\"og:title\" content=\"Le CA-418 est un ruban universel performant | Cardinal TAPES\" \/>\n<meta property=\"og:description\" content=\"Performant &amp; r\u00e9sistant \u00e0 la temp\u00e9rature : notre ruban adh\u00e9sif universel CA-418. Le CA-418 convient \u00e0 de nombreuses applications exigeantes. S&#039;informer maintenant.\" \/>\n<meta property=\"og:url\" content=\"https:\/\/cardinal-tapes.com\/fr\/rubans-adh\u00e9sifs\/domaines-dapplication\/production-daluminium-traitement\/ca-418-bande-adhesive-pour-animaux\/\" \/>\n<meta property=\"og:site_name\" content=\"cardinal TAPES\" \/>\n<meta property=\"article:modified_time\" content=\"2023-06-05T15:24:27+00:00\" \/>\n<meta property=\"og:image\" content=\"https:\/\/cardinal-tapes.com\/wp-content\/uploads\/ca_420_19x50mm.jpg\" \/>\n\t<meta property=\"og:image:width\" content=\"380\" \/>\n\t<meta property=\"og:image:height\" content=\"380\" \/>\n\t<meta property=\"og:image:type\" content=\"image\/jpeg\" \/>\n<meta name=\"twitter:card\" content=\"summary_large_image\" \/>\n<script type=\"application\/ld+json\" class=\"yoast-schema-graph\">{\"@context\":\"https:\\\/\\\/schema.org\",\"@graph\":[{\"@type\":\"WebPage\",\"@id\":\"https:\\\/\\\/cardinal-tapes.com\\\/fr\\\/rubans-adh\u00e9sifs\\\/domaines-dapplication\\\/production-daluminium-traitement\\\/ca-418-bande-adhesive-pour-animaux\\\/\",\"url\":\"https:\\\/\\\/cardinal-tapes.com\\\/fr\\\/rubans-adh\u00e9sifs\\\/domaines-dapplication\\\/production-daluminium-traitement\\\/ca-418-bande-adhesive-pour-animaux\\\/\",\"name\":\"Le CA-418 est un ruban universel performant | Cardinal TAPES\",\"isPartOf\":{\"@id\":\"https:\\\/\\\/cardinal-tapes.com\\\/#website\"},\"primaryImageOfPage\":{\"@id\":\"https:\\\/\\\/cardinal-tapes.com\\\/fr\\\/rubans-adh\u00e9sifs\\\/domaines-dapplication\\\/production-daluminium-traitement\\\/ca-418-bande-adhesive-pour-animaux\\\/#primaryimage\"},\"image\":{\"@id\":\"https:\\\/\\\/cardinal-tapes.com\\\/fr\\\/rubans-adh\u00e9sifs\\\/domaines-dapplication\\\/production-daluminium-traitement\\\/ca-418-bande-adhesive-pour-animaux\\\/#primaryimage\"},\"thumbnailUrl\":\"https:\\\/\\\/cardinal-tapes.com\\\/wp-content\\\/uploads\\\/ca_420_19x50mm.jpg\",\"datePublished\":\"2018-02-23T08:54:25+00:00\",\"dateModified\":\"2023-06-05T15:24:27+00:00\",\"description\":\"Performant & r\u00e9sistant \u00e0 la temp\u00e9rature : notre ruban adh\u00e9sif universel CA-418. Le CA-418 convient \u00e0 de nombreuses applications exigeantes. S'informer maintenant.\",\"breadcrumb\":{\"@id\":\"https:\\\/\\\/cardinal-tapes.com\\\/fr\\\/rubans-adh\u00e9sifs\\\/domaines-dapplication\\\/production-daluminium-traitement\\\/ca-418-bande-adhesive-pour-animaux\\\/#breadcrumb\"},\"inLanguage\":\"fr-FR\",\"potentialAction\":[{\"@type\":\"ReadAction\",\"target\":[\"https:\\\/\\\/cardinal-tapes.com\\\/fr\\\/rubans-adh\u00e9sifs\\\/domaines-dapplication\\\/production-daluminium-traitement\\\/ca-418-bande-adhesive-pour-animaux\\\/\"]}]},{\"@type\":\"ImageObject\",\"inLanguage\":\"fr-FR\",\"@id\":\"https:\\\/\\\/cardinal-tapes.com\\\/fr\\\/rubans-adh\u00e9sifs\\\/domaines-dapplication\\\/production-daluminium-traitement\\\/ca-418-bande-adhesive-pour-animaux\\\/#primaryimage\",\"url\":\"https:\\\/\\\/cardinal-tapes.com\\\/wp-content\\\/uploads\\\/ca_420_19x50mm.jpg\",\"contentUrl\":\"https:\\\/\\\/cardinal-tapes.com\\\/wp-content\\\/uploads\\\/ca_420_19x50mm.jpg\",\"width\":380,\"height\":380},{\"@type\":\"BreadcrumbList\",\"@id\":\"https:\\\/\\\/cardinal-tapes.com\\\/fr\\\/rubans-adh\u00e9sifs\\\/domaines-dapplication\\\/production-daluminium-traitement\\\/ca-418-bande-adhesive-pour-animaux\\\/#breadcrumb\",\"itemListElement\":[{\"@type\":\"ListItem\",\"position\":1,\"name\":\"Startseite\",\"item\":\"https:\\\/\\\/cardinal-tapes.com\\\/fr\\\/accueil\\\/\"},{\"@type\":\"ListItem\",\"position\":2,\"name\":\"Rubans adh\u00e9sifs\",\"item\":\"https:\\\/\\\/cardinal-tapes.com\\\/fr\\\/rubans-adhesifs-fr\\\/\"},{\"@type\":\"ListItem\",\"position\":3,\"name\":\"Doppelseitige Klebeb\u00e4nder\",\"item\":\"https:\\\/\\\/cardinal-tapes.com\\\/kategorie\\\/doppelseitige-klebebaender\\\/\"},{\"@type\":\"ListItem\",\"position\":4,\"name\":\"CA-418 Ruban adh\u00e9sif en PET\"}]},{\"@type\":\"WebSite\",\"@id\":\"https:\\\/\\\/cardinal-tapes.com\\\/#website\",\"url\":\"https:\\\/\\\/cardinal-tapes.com\\\/\",\"name\":\"cardinal TAPES\",\"description\":\"Klebetechnik aus Wuppertal\",\"potentialAction\":[{\"@type\":\"SearchAction\",\"target\":{\"@type\":\"EntryPoint\",\"urlTemplate\":\"https:\\\/\\\/cardinal-tapes.com\\\/?s={search_term_string}\"},\"query-input\":{\"@type\":\"PropertyValueSpecification\",\"valueRequired\":true,\"valueName\":\"search_term_string\"}}],\"inLanguage\":\"fr-FR\"}]}<\/script>\n<!-- \/ Yoast SEO plugin. -->","yoast_head_json":{"title":"Le CA-418 est un ruban universel performant | Cardinal TAPES","description":"Performant & r\u00e9sistant \u00e0 la temp\u00e9rature : notre ruban adh\u00e9sif universel CA-418. Le CA-418 convient \u00e0 de nombreuses applications exigeantes. S'informer maintenant.","robots":{"index":"index","follow":"follow","max-snippet":"max-snippet:-1","max-image-preview":"max-image-preview:large","max-video-preview":"max-video-preview:-1"},"canonical":"https:\/\/cardinal-tapes.com\/fr\/rubans-adh\u00e9sifs\/domaines-dapplication\/production-daluminium-traitement\/ca-418-bande-adhesive-pour-animaux\/","og_locale":"fr_FR","og_type":"article","og_title":"Le CA-418 est un ruban universel performant | Cardinal TAPES","og_description":"Performant & r\u00e9sistant \u00e0 la temp\u00e9rature : notre ruban adh\u00e9sif universel CA-418. Le CA-418 convient \u00e0 de nombreuses applications exigeantes. S'informer maintenant.","og_url":"https:\/\/cardinal-tapes.com\/fr\/rubans-adh\u00e9sifs\/domaines-dapplication\/production-daluminium-traitement\/ca-418-bande-adhesive-pour-animaux\/","og_site_name":"cardinal TAPES","article_modified_time":"2023-06-05T15:24:27+00:00","og_image":[{"width":380,"height":380,"url":"https:\/\/cardinal-tapes.com\/wp-content\/uploads\/ca_420_19x50mm.jpg","type":"image\/jpeg"}],"twitter_card":"summary_large_image","schema":{"@context":"https:\/\/schema.org","@graph":[{"@type":"WebPage","@id":"https:\/\/cardinal-tapes.com\/fr\/rubans-adh\u00e9sifs\/domaines-dapplication\/production-daluminium-traitement\/ca-418-bande-adhesive-pour-animaux\/","url":"https:\/\/cardinal-tapes.com\/fr\/rubans-adh\u00e9sifs\/domaines-dapplication\/production-daluminium-traitement\/ca-418-bande-adhesive-pour-animaux\/","name":"Le CA-418 est un ruban universel performant | Cardinal TAPES","isPartOf":{"@id":"https:\/\/cardinal-tapes.com\/#website"},"primaryImageOfPage":{"@id":"https:\/\/cardinal-tapes.com\/fr\/rubans-adh\u00e9sifs\/domaines-dapplication\/production-daluminium-traitement\/ca-418-bande-adhesive-pour-animaux\/#primaryimage"},"image":{"@id":"https:\/\/cardinal-tapes.com\/fr\/rubans-adh\u00e9sifs\/domaines-dapplication\/production-daluminium-traitement\/ca-418-bande-adhesive-pour-animaux\/#primaryimage"},"thumbnailUrl":"https:\/\/cardinal-tapes.com\/wp-content\/uploads\/ca_420_19x50mm.jpg","datePublished":"2018-02-23T08:54:25+00:00","dateModified":"2023-06-05T15:24:27+00:00","description":"Performant & r\u00e9sistant \u00e0 la temp\u00e9rature : notre ruban adh\u00e9sif universel CA-418. Le CA-418 convient \u00e0 de nombreuses applications exigeantes. S'informer maintenant.","breadcrumb":{"@id":"https:\/\/cardinal-tapes.com\/fr\/rubans-adh\u00e9sifs\/domaines-dapplication\/production-daluminium-traitement\/ca-418-bande-adhesive-pour-animaux\/#breadcrumb"},"inLanguage":"fr-FR","potentialAction":[{"@type":"ReadAction","target":["https:\/\/cardinal-tapes.com\/fr\/rubans-adh\u00e9sifs\/domaines-dapplication\/production-daluminium-traitement\/ca-418-bande-adhesive-pour-animaux\/"]}]},{"@type":"ImageObject","inLanguage":"fr-FR","@id":"https:\/\/cardinal-tapes.com\/fr\/rubans-adh\u00e9sifs\/domaines-dapplication\/production-daluminium-traitement\/ca-418-bande-adhesive-pour-animaux\/#primaryimage","url":"https:\/\/cardinal-tapes.com\/wp-content\/uploads\/ca_420_19x50mm.jpg","contentUrl":"https:\/\/cardinal-tapes.com\/wp-content\/uploads\/ca_420_19x50mm.jpg","width":380,"height":380},{"@type":"BreadcrumbList","@id":"https:\/\/cardinal-tapes.com\/fr\/rubans-adh\u00e9sifs\/domaines-dapplication\/production-daluminium-traitement\/ca-418-bande-adhesive-pour-animaux\/#breadcrumb","itemListElement":[{"@type":"ListItem","position":1,"name":"Startseite","item":"https:\/\/cardinal-tapes.com\/fr\/accueil\/"},{"@type":"ListItem","position":2,"name":"Rubans adh\u00e9sifs","item":"https:\/\/cardinal-tapes.com\/fr\/rubans-adhesifs-fr\/"},{"@type":"ListItem","position":3,"name":"Doppelseitige Klebeb\u00e4nder","item":"https:\/\/cardinal-tapes.com\/kategorie\/doppelseitige-klebebaender\/"},{"@type":"ListItem","position":4,"name":"CA-418 Ruban adh\u00e9sif en PET"}]},{"@type":"WebSite","@id":"https:\/\/cardinal-tapes.com\/#website","url":"https:\/\/cardinal-tapes.com\/","name":"cardinal TAPES","description":"Klebetechnik aus Wuppertal","potentialAction":[{"@type":"SearchAction","target":{"@type":"EntryPoint","urlTemplate":"https:\/\/cardinal-tapes.com\/?s={search_term_string}"},"query-input":{"@type":"PropertyValueSpecification","valueRequired":true,"valueName":"search_term_string"}}],"inLanguage":"fr-FR"}]}},"brands":[{"id":2171,"name":"cardinal GmbH","slug":"cardinal-gmbh-fr"}],"_links":{"self":[{"href":"https:\/\/cardinal-tapes.com\/fr\/wp-json\/wp\/v2\/product\/55181","targetHints":{"allow":["GET"]}}],"collection":[{"href":"https:\/\/cardinal-tapes.com\/fr\/wp-json\/wp\/v2\/product"}],"about":[{"href":"https:\/\/cardinal-tapes.com\/fr\/wp-json\/wp\/v2\/types\/product"}],"wp:featuredmedia":[{"embeddable":true,"href":"https:\/\/cardinal-tapes.com\/fr\/wp-json\/wp\/v2\/media\/81355"}],"wp:attachment":[{"href":"https:\/\/cardinal-tapes.com\/fr\/wp-json\/wp\/v2\/media?parent=55181"}],"wp:term":[{"taxonomy":"pwb-brand","embeddable":true,"href":"https:\/\/cardinal-tapes.com\/fr\/wp-json\/wp\/v2\/pwb-brand?post=55181"},{"taxonomy":"product_brand","embeddable":true,"href":"https:\/\/cardinal-tapes.com\/fr\/wp-json\/wp\/v2\/product_brand?post=55181"},{"taxonomy":"product_cat","embeddable":true,"href":"https:\/\/cardinal-tapes.com\/fr\/wp-json\/wp\/v2\/product_cat?post=55181"},{"taxonomy":"product_tag","embeddable":true,"href":"https:\/\/cardinal-tapes.com\/fr\/wp-json\/wp\/v2\/product_tag?post=55181"}],"curies":[{"name":"wp","href":"https:\/\/api.w.org\/{rel}","templated":true}]}}