{"id":55169,"date":"2018-02-23T10:26:40","date_gmt":"2023-06-05T15:24:27","guid":{"rendered":"https:\/\/cardinal.pixel-tal.de\/klebebaender\/non%20class\u00e9\/ca-345-ruban-adhesif-en-tissu-enduit-de-pe-bande-de-signalisation\/"},"modified":"2025-07-03T10:52:01","modified_gmt":"2025-07-03T08:52:01","slug":"ca-345-pe-bande-adhesive-tissu-revetue","status":"publish","type":"product","link":"https:\/\/cardinal-tapes.com\/fr\/rubans-adh\u00e9sifs\/domaines-dapplication\/ruban-adhesif-de-marquage-au-sol\/ca-345-pe-bande-adhesive-tissu-revetue\/","title":{"rendered":"CA-345 Ruban adh\u00e9sif en tissu enduit de PE -Bande de signalisation"},"content":{"rendered":"<p>CA-345 est une bande d&#8217;avertissement \u00e0 base de tissu pour le marquage des pi\u00e8ces mobiles et dangereuses. Peut \u00e9galement \u00eatre utilis\u00e9 comme ruban de marquage au sol.<\/p>\n","protected":false},"excerpt":{"rendered":"<p>CA-345 est une bande d&#8217;avertissement \u00e0 base de tissu pour le marquage des pi\u00e8ces mobiles et dangereuses. Peut \u00e9galement \u00eatre utilis\u00e9 comme ruban de marquage au sol.<\/p>\n","protected":false},"featured_media":27116,"template":"","meta":{"_acf_changed":false},"pwb-brand":[2171],"product_brand":[],"product_cat":[1671,1735,1836],"product_tag":[],"class_list":{"0":"post-55169","1":"product","2":"type-product","3":"status-publish","4":"has-post-thumbnail","6":"pwb-brand-cardinal-gmbh-fr","7":"product_cat-ruban-adhesif-de-marquage-au-sol","8":"product_cat-ruban-adhesif-en-tissu","9":"product_cat-rubans-adhesifs-simple-face","11":"first","12":"instock","13":"taxable","14":"shipping-taxable","15":"purchasable","16":"product-type-variable"},"acf":[],"yoast_head":"<!-- This site is optimized with the Yoast SEO plugin v27.3 - https:\/\/yoast.com\/product\/yoast-seo-wordpress\/ -->\n<title>CA-345 Bande adh\u00e9sive tiss\u00e9e rev\u00eatue de PE | Cardinal TAPES<\/title>\n<meta name=\"description\" content=\"CA-345 est une bande d&#039;avertissement \u00e0 base de tissu pour le marquage des pi\u00e8ces mobiles et dangereuses. Peut \u00e9galement \u00eatre utilis\u00e9 comme ruban de marquage au sol.\" \/>\n<meta name=\"robots\" content=\"index, follow, max-snippet:-1, max-image-preview:large, max-video-preview:-1\" \/>\n<link rel=\"canonical\" href=\"https:\/\/cardinal-tapes.com\/fr\/rubans-adh\u00e9sifs\/domaines-dapplication\/ruban-adhesif-de-marquage-au-sol\/ca-345-pe-bande-adhesive-tissu-revetue\/\" \/>\n<meta property=\"og:locale\" content=\"fr_FR\" \/>\n<meta property=\"og:type\" content=\"article\" \/>\n<meta property=\"og:title\" content=\"CA-345 Bande adh\u00e9sive tiss\u00e9e rev\u00eatue de PE | Cardinal TAPES\" \/>\n<meta property=\"og:description\" content=\"CA-345 est une bande d&#039;avertissement \u00e0 base de tissu pour le marquage des pi\u00e8ces mobiles et dangereuses. Peut \u00e9galement \u00eatre utilis\u00e9 comme ruban de marquage au sol.\" \/>\n<meta property=\"og:url\" content=\"https:\/\/cardinal-tapes.com\/fr\/rubans-adh\u00e9sifs\/domaines-dapplication\/ruban-adhesif-de-marquage-au-sol\/ca-345-pe-bande-adhesive-tissu-revetue\/\" \/>\n<meta property=\"og:site_name\" content=\"cardinal TAPES\" \/>\n<meta property=\"article:modified_time\" content=\"2025-07-03T08:52:01+00:00\" \/>\n<meta property=\"og:image\" content=\"https:\/\/cardinal-tapes.com\/wp-content\/uploads\/CA_345_retouched.jpg\" \/>\n\t<meta property=\"og:image:width\" content=\"1299\" \/>\n\t<meta property=\"og:image:height\" content=\"1400\" \/>\n\t<meta property=\"og:image:type\" content=\"image\/jpeg\" \/>\n<meta name=\"twitter:card\" content=\"summary_large_image\" \/>\n<script type=\"application\/ld+json\" class=\"yoast-schema-graph\">{\"@context\":\"https:\\\/\\\/schema.org\",\"@graph\":[{\"@type\":\"WebPage\",\"@id\":\"https:\\\/\\\/cardinal-tapes.com\\\/fr\\\/rubans-adh\u00e9sifs\\\/domaines-dapplication\\\/ruban-adhesif-de-marquage-au-sol\\\/ca-345-pe-bande-adhesive-tissu-revetue\\\/\",\"url\":\"https:\\\/\\\/cardinal-tapes.com\\\/fr\\\/rubans-adh\u00e9sifs\\\/domaines-dapplication\\\/ruban-adhesif-de-marquage-au-sol\\\/ca-345-pe-bande-adhesive-tissu-revetue\\\/\",\"name\":\"CA-345 Bande adh\u00e9sive tiss\u00e9e rev\u00eatue de PE | Cardinal TAPES\",\"isPartOf\":{\"@id\":\"https:\\\/\\\/cardinal-tapes.com\\\/#website\"},\"primaryImageOfPage\":{\"@id\":\"https:\\\/\\\/cardinal-tapes.com\\\/fr\\\/rubans-adh\u00e9sifs\\\/domaines-dapplication\\\/ruban-adhesif-de-marquage-au-sol\\\/ca-345-pe-bande-adhesive-tissu-revetue\\\/#primaryimage\"},\"image\":{\"@id\":\"https:\\\/\\\/cardinal-tapes.com\\\/fr\\\/rubans-adh\u00e9sifs\\\/domaines-dapplication\\\/ruban-adhesif-de-marquage-au-sol\\\/ca-345-pe-bande-adhesive-tissu-revetue\\\/#primaryimage\"},\"thumbnailUrl\":\"https:\\\/\\\/cardinal-tapes.com\\\/wp-content\\\/uploads\\\/CA_345_retouched.jpg\",\"datePublished\":\"2023-06-05T15:24:27+00:00\",\"dateModified\":\"2025-07-03T08:52:01+00:00\",\"description\":\"CA-345 est une bande d'avertissement \u00e0 base de tissu pour le marquage des pi\u00e8ces mobiles et dangereuses. Peut \u00e9galement \u00eatre utilis\u00e9 comme ruban de marquage au sol.\",\"breadcrumb\":{\"@id\":\"https:\\\/\\\/cardinal-tapes.com\\\/fr\\\/rubans-adh\u00e9sifs\\\/domaines-dapplication\\\/ruban-adhesif-de-marquage-au-sol\\\/ca-345-pe-bande-adhesive-tissu-revetue\\\/#breadcrumb\"},\"inLanguage\":\"fr-FR\",\"potentialAction\":[{\"@type\":\"ReadAction\",\"target\":[\"https:\\\/\\\/cardinal-tapes.com\\\/fr\\\/rubans-adh\u00e9sifs\\\/domaines-dapplication\\\/ruban-adhesif-de-marquage-au-sol\\\/ca-345-pe-bande-adhesive-tissu-revetue\\\/\"]}]},{\"@type\":\"ImageObject\",\"inLanguage\":\"fr-FR\",\"@id\":\"https:\\\/\\\/cardinal-tapes.com\\\/fr\\\/rubans-adh\u00e9sifs\\\/domaines-dapplication\\\/ruban-adhesif-de-marquage-au-sol\\\/ca-345-pe-bande-adhesive-tissu-revetue\\\/#primaryimage\",\"url\":\"https:\\\/\\\/cardinal-tapes.com\\\/wp-content\\\/uploads\\\/CA_345_retouched.jpg\",\"contentUrl\":\"https:\\\/\\\/cardinal-tapes.com\\\/wp-content\\\/uploads\\\/CA_345_retouched.jpg\",\"width\":1299,\"height\":1400,\"caption\":\"Ruban adh\u00e9sif CA 345\"},{\"@type\":\"BreadcrumbList\",\"@id\":\"https:\\\/\\\/cardinal-tapes.com\\\/fr\\\/rubans-adh\u00e9sifs\\\/domaines-dapplication\\\/ruban-adhesif-de-marquage-au-sol\\\/ca-345-pe-bande-adhesive-tissu-revetue\\\/#breadcrumb\",\"itemListElement\":[{\"@type\":\"ListItem\",\"position\":1,\"name\":\"Startseite\",\"item\":\"https:\\\/\\\/cardinal-tapes.com\\\/fr\\\/accueil\\\/\"},{\"@type\":\"ListItem\",\"position\":2,\"name\":\"Rubans adh\u00e9sifs\",\"item\":\"https:\\\/\\\/cardinal-tapes.com\\\/fr\\\/rubans-adhesifs-fr\\\/\"},{\"@type\":\"ListItem\",\"position\":3,\"name\":\"Domaines d&#039;application\",\"item\":\"https:\\\/\\\/cardinal-tapes.com\\\/fr\\\/catgorie\\\/domaines-dapplication\\\/\"},{\"@type\":\"ListItem\",\"position\":4,\"name\":\"Ruban adh\u00e9sif de marquage au sol\",\"item\":\"https:\\\/\\\/cardinal-tapes.com\\\/fr\\\/catgorie\\\/ruban-adhesif-de-marquage-au-sol\\\/\"},{\"@type\":\"ListItem\",\"position\":5,\"name\":\"CA-345 Ruban adh\u00e9sif en tissu enduit de PE -Bande de signalisation\"}]},{\"@type\":\"WebSite\",\"@id\":\"https:\\\/\\\/cardinal-tapes.com\\\/#website\",\"url\":\"https:\\\/\\\/cardinal-tapes.com\\\/\",\"name\":\"cardinal TAPES\",\"description\":\"Klebetechnik aus Wuppertal\",\"potentialAction\":[{\"@type\":\"SearchAction\",\"target\":{\"@type\":\"EntryPoint\",\"urlTemplate\":\"https:\\\/\\\/cardinal-tapes.com\\\/?s={search_term_string}\"},\"query-input\":{\"@type\":\"PropertyValueSpecification\",\"valueRequired\":true,\"valueName\":\"search_term_string\"}}],\"inLanguage\":\"fr-FR\"}]}<\/script>\n<!-- \/ Yoast SEO plugin. -->","yoast_head_json":{"title":"CA-345 Bande adh\u00e9sive tiss\u00e9e rev\u00eatue de PE | Cardinal TAPES","description":"CA-345 est une bande d'avertissement \u00e0 base de tissu pour le marquage des pi\u00e8ces mobiles et dangereuses. Peut \u00e9galement \u00eatre utilis\u00e9 comme ruban de marquage au sol.","robots":{"index":"index","follow":"follow","max-snippet":"max-snippet:-1","max-image-preview":"max-image-preview:large","max-video-preview":"max-video-preview:-1"},"canonical":"https:\/\/cardinal-tapes.com\/fr\/rubans-adh\u00e9sifs\/domaines-dapplication\/ruban-adhesif-de-marquage-au-sol\/ca-345-pe-bande-adhesive-tissu-revetue\/","og_locale":"fr_FR","og_type":"article","og_title":"CA-345 Bande adh\u00e9sive tiss\u00e9e rev\u00eatue de PE | Cardinal TAPES","og_description":"CA-345 est une bande d'avertissement \u00e0 base de tissu pour le marquage des pi\u00e8ces mobiles et dangereuses. Peut \u00e9galement \u00eatre utilis\u00e9 comme ruban de marquage au sol.","og_url":"https:\/\/cardinal-tapes.com\/fr\/rubans-adh\u00e9sifs\/domaines-dapplication\/ruban-adhesif-de-marquage-au-sol\/ca-345-pe-bande-adhesive-tissu-revetue\/","og_site_name":"cardinal TAPES","article_modified_time":"2025-07-03T08:52:01+00:00","og_image":[{"width":1299,"height":1400,"url":"https:\/\/cardinal-tapes.com\/wp-content\/uploads\/CA_345_retouched.jpg","type":"image\/jpeg"}],"twitter_card":"summary_large_image","schema":{"@context":"https:\/\/schema.org","@graph":[{"@type":"WebPage","@id":"https:\/\/cardinal-tapes.com\/fr\/rubans-adh\u00e9sifs\/domaines-dapplication\/ruban-adhesif-de-marquage-au-sol\/ca-345-pe-bande-adhesive-tissu-revetue\/","url":"https:\/\/cardinal-tapes.com\/fr\/rubans-adh\u00e9sifs\/domaines-dapplication\/ruban-adhesif-de-marquage-au-sol\/ca-345-pe-bande-adhesive-tissu-revetue\/","name":"CA-345 Bande adh\u00e9sive tiss\u00e9e rev\u00eatue de PE | Cardinal TAPES","isPartOf":{"@id":"https:\/\/cardinal-tapes.com\/#website"},"primaryImageOfPage":{"@id":"https:\/\/cardinal-tapes.com\/fr\/rubans-adh\u00e9sifs\/domaines-dapplication\/ruban-adhesif-de-marquage-au-sol\/ca-345-pe-bande-adhesive-tissu-revetue\/#primaryimage"},"image":{"@id":"https:\/\/cardinal-tapes.com\/fr\/rubans-adh\u00e9sifs\/domaines-dapplication\/ruban-adhesif-de-marquage-au-sol\/ca-345-pe-bande-adhesive-tissu-revetue\/#primaryimage"},"thumbnailUrl":"https:\/\/cardinal-tapes.com\/wp-content\/uploads\/CA_345_retouched.jpg","datePublished":"2023-06-05T15:24:27+00:00","dateModified":"2025-07-03T08:52:01+00:00","description":"CA-345 est une bande d'avertissement \u00e0 base de tissu pour le marquage des pi\u00e8ces mobiles et dangereuses. Peut \u00e9galement \u00eatre utilis\u00e9 comme ruban de marquage au sol.","breadcrumb":{"@id":"https:\/\/cardinal-tapes.com\/fr\/rubans-adh\u00e9sifs\/domaines-dapplication\/ruban-adhesif-de-marquage-au-sol\/ca-345-pe-bande-adhesive-tissu-revetue\/#breadcrumb"},"inLanguage":"fr-FR","potentialAction":[{"@type":"ReadAction","target":["https:\/\/cardinal-tapes.com\/fr\/rubans-adh\u00e9sifs\/domaines-dapplication\/ruban-adhesif-de-marquage-au-sol\/ca-345-pe-bande-adhesive-tissu-revetue\/"]}]},{"@type":"ImageObject","inLanguage":"fr-FR","@id":"https:\/\/cardinal-tapes.com\/fr\/rubans-adh\u00e9sifs\/domaines-dapplication\/ruban-adhesif-de-marquage-au-sol\/ca-345-pe-bande-adhesive-tissu-revetue\/#primaryimage","url":"https:\/\/cardinal-tapes.com\/wp-content\/uploads\/CA_345_retouched.jpg","contentUrl":"https:\/\/cardinal-tapes.com\/wp-content\/uploads\/CA_345_retouched.jpg","width":1299,"height":1400,"caption":"Ruban adh\u00e9sif CA 345"},{"@type":"BreadcrumbList","@id":"https:\/\/cardinal-tapes.com\/fr\/rubans-adh\u00e9sifs\/domaines-dapplication\/ruban-adhesif-de-marquage-au-sol\/ca-345-pe-bande-adhesive-tissu-revetue\/#breadcrumb","itemListElement":[{"@type":"ListItem","position":1,"name":"Startseite","item":"https:\/\/cardinal-tapes.com\/fr\/accueil\/"},{"@type":"ListItem","position":2,"name":"Rubans adh\u00e9sifs","item":"https:\/\/cardinal-tapes.com\/fr\/rubans-adhesifs-fr\/"},{"@type":"ListItem","position":3,"name":"Domaines d&#039;application","item":"https:\/\/cardinal-tapes.com\/fr\/catgorie\/domaines-dapplication\/"},{"@type":"ListItem","position":4,"name":"Ruban adh\u00e9sif de marquage au sol","item":"https:\/\/cardinal-tapes.com\/fr\/catgorie\/ruban-adhesif-de-marquage-au-sol\/"},{"@type":"ListItem","position":5,"name":"CA-345 Ruban adh\u00e9sif en tissu enduit de PE -Bande de signalisation"}]},{"@type":"WebSite","@id":"https:\/\/cardinal-tapes.com\/#website","url":"https:\/\/cardinal-tapes.com\/","name":"cardinal TAPES","description":"Klebetechnik aus Wuppertal","potentialAction":[{"@type":"SearchAction","target":{"@type":"EntryPoint","urlTemplate":"https:\/\/cardinal-tapes.com\/?s={search_term_string}"},"query-input":{"@type":"PropertyValueSpecification","valueRequired":true,"valueName":"search_term_string"}}],"inLanguage":"fr-FR"}]}},"brands":[{"id":2171,"name":"cardinal GmbH","slug":"cardinal-gmbh-fr"}],"_links":{"self":[{"href":"https:\/\/cardinal-tapes.com\/fr\/wp-json\/wp\/v2\/product\/55169","targetHints":{"allow":["GET"]}}],"collection":[{"href":"https:\/\/cardinal-tapes.com\/fr\/wp-json\/wp\/v2\/product"}],"about":[{"href":"https:\/\/cardinal-tapes.com\/fr\/wp-json\/wp\/v2\/types\/product"}],"wp:featuredmedia":[{"embeddable":true,"href":"https:\/\/cardinal-tapes.com\/fr\/wp-json\/wp\/v2\/media\/27116"}],"wp:attachment":[{"href":"https:\/\/cardinal-tapes.com\/fr\/wp-json\/wp\/v2\/media?parent=55169"}],"wp:term":[{"taxonomy":"pwb-brand","embeddable":true,"href":"https:\/\/cardinal-tapes.com\/fr\/wp-json\/wp\/v2\/pwb-brand?post=55169"},{"taxonomy":"product_brand","embeddable":true,"href":"https:\/\/cardinal-tapes.com\/fr\/wp-json\/wp\/v2\/product_brand?post=55169"},{"taxonomy":"product_cat","embeddable":true,"href":"https:\/\/cardinal-tapes.com\/fr\/wp-json\/wp\/v2\/product_cat?post=55169"},{"taxonomy":"product_tag","embeddable":true,"href":"https:\/\/cardinal-tapes.com\/fr\/wp-json\/wp\/v2\/product_tag?post=55169"}],"curies":[{"name":"wp","href":"https:\/\/api.w.org\/{rel}","templated":true}]}}