{"id":55087,"date":"2017-12-22T16:13:02","date_gmt":"2023-06-05T15:24:07","guid":{"rendered":"https:\/\/cardinal.pixel-tal.de\/klebebaender\/non class\u00e9\/3m-898-ruban-adhesif-a-filaments\/"},"modified":"2023-06-05T17:24:07","modified_gmt":"2023-06-05T15:24:07","slug":"3m-898-bande-adhesive-a-filament","status":"publish","type":"product","link":"https:\/\/cardinal-tapes.com\/fr\/rubans-adh\u00e9sifs\/systemes-demballage\/3m-898-bande-adhesive-a-filament\/","title":{"rendered":"3M\u2122 898 Ruban adh\u00e9sif \u00e0 filaments"},"content":{"rendered":"<p>Le ruban adh\u00e9sif \u00e0 filaments 3M\u2122 898 est utilis\u00e9 dans de nombreux domaines diff\u00e9rents, notamment en raison de sa grande r\u00e9sistance \u00e0 la d\u00e9chirure. Cette r\u00e9sistance \u00e0 la d\u00e9chirure est due \u00e0 la pr\u00e9sence de fibres de verre continues dans le ruban adh\u00e9sif. Le 3M 898 a \u00e9t\u00e9 sp\u00e9cialement con\u00e7u pour obtenir un m\u00e9lange d&#8217;adh\u00e9rence \u00e0 long terme et d&#8217;adh\u00e9rence imm\u00e9diate \u00e9lev\u00e9e.<\/p>\n<p>Ce produit n&#8217;est malheureusement plus disponible. Sur <a href=\"https:\/\/cardinal-tapes.com\/ueber-cardinal\/kontakt\/\">demande<\/a>, nous vous proposerons volontiers une alternative adapt\u00e9e.<\/p>\n<p><strong>Caract\u00e9ristiques<\/strong><br \/>\nLe ruban adh\u00e9sif est tr\u00e8s facile \u00e0 utiliser et r\u00e9siste \u00e0 l&#8217;eau. En outre, il se caract\u00e9rise par une force de cisaillement \u00e9lev\u00e9e et une tr\u00e8s bonne r\u00e9sistance au vieillissement.<\/p>\n<p><strong>Applications<\/strong><br \/>\n&#8211; Le 3M\u2122 898 convient pour une utilisation sur des supports huileux.<br \/>\n&#8211; Fermeture s\u00fbre des conteneurs pendant les op\u00e9rations normales de l&#8217;entrep\u00f4t<\/p>\n","protected":false},"excerpt":{"rendered":"<p>Le ruban adh\u00e9sif \u00e0 filaments 3M\u2122 898 est utilis\u00e9 dans de nombreux domaines diff\u00e9rents, notamment en raison de sa grande r\u00e9sistance \u00e0 la d\u00e9chirure. Cette r\u00e9sistance \u00e0 la d\u00e9chirure est due \u00e0 la pr\u00e9sence de fibres de verre continues dans le ruban adh\u00e9sif. Le 3M 898 a \u00e9t\u00e9 sp\u00e9cialement con\u00e7u pour obtenir un m\u00e9lange d&#8217;adh\u00e9rence [&hellip;]<\/p>\n","protected":false},"featured_media":25436,"template":"","meta":{"_acf_changed":false},"pwb-brand":[2167],"product_brand":[],"product_cat":[1859],"product_tag":[],"class_list":{"0":"post-55087","1":"product","2":"type-product","3":"status-publish","4":"has-post-thumbnail","6":"pwb-brand-3m-fr","7":"product_cat-systemes-demballage","9":"first","10":"instock","11":"taxable","12":"shipping-taxable","13":"purchasable","14":"product-type-variable"},"acf":[],"yoast_head":"<!-- This site is optimized with the Yoast SEO plugin v27.3 - https:\/\/yoast.com\/product\/yoast-seo-wordpress\/ -->\n<title>Le ruban adh\u00e9sif \u00e0 filaments 3M 898 r\u00e9sistant \u00e0 la d\u00e9chirure | Cardinal TAPES<\/title>\n<meta name=\"description\" content=\"Le ruban adh\u00e9sif \u00e0 filaments 3M 898 est utilis\u00e9 dans de nombreux domaines, notamment en raison de sa grande r\u00e9sistance \u00e0 la d\u00e9chirure. En savoir plus.\" \/>\n<meta name=\"robots\" content=\"index, follow, max-snippet:-1, max-image-preview:large, max-video-preview:-1\" \/>\n<link rel=\"canonical\" href=\"https:\/\/cardinal-tapes.com\/fr\/rubans-adh\u00e9sifs\/systemes-demballage\/3m-898-bande-adhesive-a-filament\/\" \/>\n<meta property=\"og:locale\" content=\"fr_FR\" \/>\n<meta property=\"og:type\" content=\"article\" \/>\n<meta property=\"og:title\" content=\"Le ruban adh\u00e9sif \u00e0 filaments 3M 898 r\u00e9sistant \u00e0 la d\u00e9chirure | Cardinal TAPES\" \/>\n<meta property=\"og:description\" content=\"Le ruban adh\u00e9sif \u00e0 filaments 3M 898 est utilis\u00e9 dans de nombreux domaines, notamment en raison de sa grande r\u00e9sistance \u00e0 la d\u00e9chirure. En savoir plus.\" \/>\n<meta property=\"og:url\" content=\"https:\/\/cardinal-tapes.com\/fr\/rubans-adh\u00e9sifs\/systemes-demballage\/3m-898-bande-adhesive-a-filament\/\" \/>\n<meta property=\"og:site_name\" content=\"cardinal TAPES\" \/>\n<meta property=\"og:image\" content=\"https:\/\/cardinal-tapes.com\/wp-content\/uploads\/3m_filamentklebeband_898.jpg\" \/>\n\t<meta property=\"og:image:width\" content=\"600\" \/>\n\t<meta property=\"og:image:height\" content=\"600\" \/>\n\t<meta property=\"og:image:type\" content=\"image\/jpeg\" \/>\n<meta name=\"twitter:card\" content=\"summary_large_image\" \/>\n<meta name=\"twitter:label1\" content=\"Dur\u00e9e de lecture estim\u00e9e\" \/>\n\t<meta name=\"twitter:data1\" content=\"1 minute\" \/>\n<script type=\"application\/ld+json\" class=\"yoast-schema-graph\">{\"@context\":\"https:\\\/\\\/schema.org\",\"@graph\":[{\"@type\":\"WebPage\",\"@id\":\"https:\\\/\\\/cardinal-tapes.com\\\/fr\\\/rubans-adh\u00e9sifs\\\/systemes-demballage\\\/3m-898-bande-adhesive-a-filament\\\/\",\"url\":\"https:\\\/\\\/cardinal-tapes.com\\\/fr\\\/rubans-adh\u00e9sifs\\\/systemes-demballage\\\/3m-898-bande-adhesive-a-filament\\\/\",\"name\":\"Le ruban adh\u00e9sif \u00e0 filaments 3M 898 r\u00e9sistant \u00e0 la d\u00e9chirure | Cardinal TAPES\",\"isPartOf\":{\"@id\":\"https:\\\/\\\/cardinal-tapes.com\\\/#website\"},\"primaryImageOfPage\":{\"@id\":\"https:\\\/\\\/cardinal-tapes.com\\\/fr\\\/rubans-adh\u00e9sifs\\\/systemes-demballage\\\/3m-898-bande-adhesive-a-filament\\\/#primaryimage\"},\"image\":{\"@id\":\"https:\\\/\\\/cardinal-tapes.com\\\/fr\\\/rubans-adh\u00e9sifs\\\/systemes-demballage\\\/3m-898-bande-adhesive-a-filament\\\/#primaryimage\"},\"thumbnailUrl\":\"https:\\\/\\\/cardinal-tapes.com\\\/wp-content\\\/uploads\\\/3m_filamentklebeband_898.jpg\",\"datePublished\":\"2023-06-05T15:24:07+00:00\",\"description\":\"Le ruban adh\u00e9sif \u00e0 filaments 3M 898 est utilis\u00e9 dans de nombreux domaines, notamment en raison de sa grande r\u00e9sistance \u00e0 la d\u00e9chirure. En savoir plus.\",\"breadcrumb\":{\"@id\":\"https:\\\/\\\/cardinal-tapes.com\\\/fr\\\/rubans-adh\u00e9sifs\\\/systemes-demballage\\\/3m-898-bande-adhesive-a-filament\\\/#breadcrumb\"},\"inLanguage\":\"fr-FR\",\"potentialAction\":[{\"@type\":\"ReadAction\",\"target\":[\"https:\\\/\\\/cardinal-tapes.com\\\/fr\\\/rubans-adh\u00e9sifs\\\/systemes-demballage\\\/3m-898-bande-adhesive-a-filament\\\/\"]}]},{\"@type\":\"ImageObject\",\"inLanguage\":\"fr-FR\",\"@id\":\"https:\\\/\\\/cardinal-tapes.com\\\/fr\\\/rubans-adh\u00e9sifs\\\/systemes-demballage\\\/3m-898-bande-adhesive-a-filament\\\/#primaryimage\",\"url\":\"https:\\\/\\\/cardinal-tapes.com\\\/wp-content\\\/uploads\\\/3m_filamentklebeband_898.jpg\",\"contentUrl\":\"https:\\\/\\\/cardinal-tapes.com\\\/wp-content\\\/uploads\\\/3m_filamentklebeband_898.jpg\",\"width\":600,\"height\":600,\"caption\":\"Ruban adh\u00e9sif filament 3M 898\"},{\"@type\":\"BreadcrumbList\",\"@id\":\"https:\\\/\\\/cardinal-tapes.com\\\/fr\\\/rubans-adh\u00e9sifs\\\/systemes-demballage\\\/3m-898-bande-adhesive-a-filament\\\/#breadcrumb\",\"itemListElement\":[{\"@type\":\"ListItem\",\"position\":1,\"name\":\"Startseite\",\"item\":\"https:\\\/\\\/cardinal-tapes.com\\\/fr\\\/accueil\\\/\"},{\"@type\":\"ListItem\",\"position\":2,\"name\":\"Rubans adh\u00e9sifs\",\"item\":\"https:\\\/\\\/cardinal-tapes.com\\\/fr\\\/rubans-adhesifs-fr\\\/\"},{\"@type\":\"ListItem\",\"position\":3,\"name\":\"Syst\u00e8mes d&#039;emballage\",\"item\":\"https:\\\/\\\/cardinal-tapes.com\\\/fr\\\/catgorie\\\/systemes-demballage\\\/\"},{\"@type\":\"ListItem\",\"position\":4,\"name\":\"3M\u2122 898 Ruban adh\u00e9sif \u00e0 filaments\"}]},{\"@type\":\"WebSite\",\"@id\":\"https:\\\/\\\/cardinal-tapes.com\\\/#website\",\"url\":\"https:\\\/\\\/cardinal-tapes.com\\\/\",\"name\":\"cardinal TAPES\",\"description\":\"Klebetechnik aus Wuppertal\",\"potentialAction\":[{\"@type\":\"SearchAction\",\"target\":{\"@type\":\"EntryPoint\",\"urlTemplate\":\"https:\\\/\\\/cardinal-tapes.com\\\/?s={search_term_string}\"},\"query-input\":{\"@type\":\"PropertyValueSpecification\",\"valueRequired\":true,\"valueName\":\"search_term_string\"}}],\"inLanguage\":\"fr-FR\"}]}<\/script>\n<!-- \/ Yoast SEO plugin. -->","yoast_head_json":{"title":"Le ruban adh\u00e9sif \u00e0 filaments 3M 898 r\u00e9sistant \u00e0 la d\u00e9chirure | Cardinal TAPES","description":"Le ruban adh\u00e9sif \u00e0 filaments 3M 898 est utilis\u00e9 dans de nombreux domaines, notamment en raison de sa grande r\u00e9sistance \u00e0 la d\u00e9chirure. En savoir plus.","robots":{"index":"index","follow":"follow","max-snippet":"max-snippet:-1","max-image-preview":"max-image-preview:large","max-video-preview":"max-video-preview:-1"},"canonical":"https:\/\/cardinal-tapes.com\/fr\/rubans-adh\u00e9sifs\/systemes-demballage\/3m-898-bande-adhesive-a-filament\/","og_locale":"fr_FR","og_type":"article","og_title":"Le ruban adh\u00e9sif \u00e0 filaments 3M 898 r\u00e9sistant \u00e0 la d\u00e9chirure | Cardinal TAPES","og_description":"Le ruban adh\u00e9sif \u00e0 filaments 3M 898 est utilis\u00e9 dans de nombreux domaines, notamment en raison de sa grande r\u00e9sistance \u00e0 la d\u00e9chirure. En savoir plus.","og_url":"https:\/\/cardinal-tapes.com\/fr\/rubans-adh\u00e9sifs\/systemes-demballage\/3m-898-bande-adhesive-a-filament\/","og_site_name":"cardinal TAPES","og_image":[{"width":600,"height":600,"url":"https:\/\/cardinal-tapes.com\/wp-content\/uploads\/3m_filamentklebeband_898.jpg","type":"image\/jpeg"}],"twitter_card":"summary_large_image","twitter_misc":{"Dur\u00e9e de lecture estim\u00e9e":"1 minute"},"schema":{"@context":"https:\/\/schema.org","@graph":[{"@type":"WebPage","@id":"https:\/\/cardinal-tapes.com\/fr\/rubans-adh\u00e9sifs\/systemes-demballage\/3m-898-bande-adhesive-a-filament\/","url":"https:\/\/cardinal-tapes.com\/fr\/rubans-adh\u00e9sifs\/systemes-demballage\/3m-898-bande-adhesive-a-filament\/","name":"Le ruban adh\u00e9sif \u00e0 filaments 3M 898 r\u00e9sistant \u00e0 la d\u00e9chirure | Cardinal TAPES","isPartOf":{"@id":"https:\/\/cardinal-tapes.com\/#website"},"primaryImageOfPage":{"@id":"https:\/\/cardinal-tapes.com\/fr\/rubans-adh\u00e9sifs\/systemes-demballage\/3m-898-bande-adhesive-a-filament\/#primaryimage"},"image":{"@id":"https:\/\/cardinal-tapes.com\/fr\/rubans-adh\u00e9sifs\/systemes-demballage\/3m-898-bande-adhesive-a-filament\/#primaryimage"},"thumbnailUrl":"https:\/\/cardinal-tapes.com\/wp-content\/uploads\/3m_filamentklebeband_898.jpg","datePublished":"2023-06-05T15:24:07+00:00","description":"Le ruban adh\u00e9sif \u00e0 filaments 3M 898 est utilis\u00e9 dans de nombreux domaines, notamment en raison de sa grande r\u00e9sistance \u00e0 la d\u00e9chirure. En savoir plus.","breadcrumb":{"@id":"https:\/\/cardinal-tapes.com\/fr\/rubans-adh\u00e9sifs\/systemes-demballage\/3m-898-bande-adhesive-a-filament\/#breadcrumb"},"inLanguage":"fr-FR","potentialAction":[{"@type":"ReadAction","target":["https:\/\/cardinal-tapes.com\/fr\/rubans-adh\u00e9sifs\/systemes-demballage\/3m-898-bande-adhesive-a-filament\/"]}]},{"@type":"ImageObject","inLanguage":"fr-FR","@id":"https:\/\/cardinal-tapes.com\/fr\/rubans-adh\u00e9sifs\/systemes-demballage\/3m-898-bande-adhesive-a-filament\/#primaryimage","url":"https:\/\/cardinal-tapes.com\/wp-content\/uploads\/3m_filamentklebeband_898.jpg","contentUrl":"https:\/\/cardinal-tapes.com\/wp-content\/uploads\/3m_filamentklebeband_898.jpg","width":600,"height":600,"caption":"Ruban adh\u00e9sif filament 3M 898"},{"@type":"BreadcrumbList","@id":"https:\/\/cardinal-tapes.com\/fr\/rubans-adh\u00e9sifs\/systemes-demballage\/3m-898-bande-adhesive-a-filament\/#breadcrumb","itemListElement":[{"@type":"ListItem","position":1,"name":"Startseite","item":"https:\/\/cardinal-tapes.com\/fr\/accueil\/"},{"@type":"ListItem","position":2,"name":"Rubans adh\u00e9sifs","item":"https:\/\/cardinal-tapes.com\/fr\/rubans-adhesifs-fr\/"},{"@type":"ListItem","position":3,"name":"Syst\u00e8mes d&#039;emballage","item":"https:\/\/cardinal-tapes.com\/fr\/catgorie\/systemes-demballage\/"},{"@type":"ListItem","position":4,"name":"3M\u2122 898 Ruban adh\u00e9sif \u00e0 filaments"}]},{"@type":"WebSite","@id":"https:\/\/cardinal-tapes.com\/#website","url":"https:\/\/cardinal-tapes.com\/","name":"cardinal TAPES","description":"Klebetechnik aus Wuppertal","potentialAction":[{"@type":"SearchAction","target":{"@type":"EntryPoint","urlTemplate":"https:\/\/cardinal-tapes.com\/?s={search_term_string}"},"query-input":{"@type":"PropertyValueSpecification","valueRequired":true,"valueName":"search_term_string"}}],"inLanguage":"fr-FR"}]}},"brands":[{"id":2167,"name":"3M","slug":"3m-fr"}],"_links":{"self":[{"href":"https:\/\/cardinal-tapes.com\/fr\/wp-json\/wp\/v2\/product\/55087","targetHints":{"allow":["GET"]}}],"collection":[{"href":"https:\/\/cardinal-tapes.com\/fr\/wp-json\/wp\/v2\/product"}],"about":[{"href":"https:\/\/cardinal-tapes.com\/fr\/wp-json\/wp\/v2\/types\/product"}],"wp:featuredmedia":[{"embeddable":true,"href":"https:\/\/cardinal-tapes.com\/fr\/wp-json\/wp\/v2\/media\/25436"}],"wp:attachment":[{"href":"https:\/\/cardinal-tapes.com\/fr\/wp-json\/wp\/v2\/media?parent=55087"}],"wp:term":[{"taxonomy":"pwb-brand","embeddable":true,"href":"https:\/\/cardinal-tapes.com\/fr\/wp-json\/wp\/v2\/pwb-brand?post=55087"},{"taxonomy":"product_brand","embeddable":true,"href":"https:\/\/cardinal-tapes.com\/fr\/wp-json\/wp\/v2\/product_brand?post=55087"},{"taxonomy":"product_cat","embeddable":true,"href":"https:\/\/cardinal-tapes.com\/fr\/wp-json\/wp\/v2\/product_cat?post=55087"},{"taxonomy":"product_tag","embeddable":true,"href":"https:\/\/cardinal-tapes.com\/fr\/wp-json\/wp\/v2\/product_tag?post=55087"}],"curies":[{"name":"wp","href":"https:\/\/api.w.org\/{rel}","templated":true}]}}