{"id":55086,"date":"2017-12-22T16:05:42","date_gmt":"2023-06-05T15:24:07","guid":{"rendered":"https:\/\/cardinal.pixel-tal.de\/klebebaender\/non class\u00e9\/3m-30-adhesif-de-contact-a-base-de-polychloroprene\/"},"modified":"2023-06-05T17:24:07","modified_gmt":"2023-06-05T15:24:07","slug":"3m-30-adhesif-de-contact-a-base-de-polychloroprene","status":"publish","type":"product","link":"https:\/\/cardinal-tapes.com\/fr\/rubans-adh\u00e9sifs\/colle-liquide\/adhesifs\/3m-30-adhesif-de-contact-a-base-de-polychloroprene\/","title":{"rendered":"3M\u2122 30 Adh\u00e9sif de contact \u00e0 base de polychloropr\u00e8ne"},"content":{"rendered":"<p>La colle de contact 3M\u2122 30 \u00e0 base de polychloropr\u00e8ne convient pour le collage du carton, du li\u00e8ge, du b\u00e9ton, du verre et de nombreux autres mat\u00e9riaux. Les propri\u00e9t\u00e9s particuli\u00e8res de la colle sont sa grande flexibilit\u00e9, sa grande r\u00e9sistance \u00e0 l&#8217;eau, \u00e0 la lumi\u00e8re et \u00e0 la temp\u00e9rature et sa tr\u00e8s forte adh\u00e9rence imm\u00e9diate. Vous pouvez donc utiliser la colle de contact 3M\u2122 30 dans de nombreux domaines d&#8217;application.<\/p>\n","protected":false},"excerpt":{"rendered":"<p>La colle de contact 3M\u2122 30 \u00e0 base de polychloropr\u00e8ne convient pour le collage du carton, du li\u00e8ge, du b\u00e9ton, du verre et de nombreux autres mat\u00e9riaux. Les propri\u00e9t\u00e9s particuli\u00e8res de la colle sont sa grande flexibilit\u00e9, sa grande r\u00e9sistance \u00e0 l&#8217;eau, \u00e0 la lumi\u00e8re et \u00e0 la temp\u00e9rature et sa tr\u00e8s forte adh\u00e9rence imm\u00e9diate. [&hellip;]<\/p>\n","protected":false},"featured_media":25464,"template":"","meta":{"_acf_changed":false},"pwb-brand":[2167],"product_brand":[],"product_cat":[1857],"product_tag":[],"class_list":{"0":"post-55086","1":"product","2":"type-product","3":"status-publish","4":"has-post-thumbnail","6":"pwb-brand-3m-fr","7":"product_cat-adhesifs","9":"first","10":"instock","11":"taxable","12":"shipping-taxable","13":"purchasable","14":"product-type-simple"},"acf":[],"yoast_head":"<!-- This site is optimized with the Yoast SEO plugin v27.3 - https:\/\/yoast.com\/product\/yoast-seo-wordpress\/ -->\n<title>3M 30 Adh\u00e9sif de contact \u00e0 base de polychloropr\u00e8ne | Cardinal TAPES<\/title>\n<meta name=\"description\" content=\"La colle de contact 3M 30 \u00e0 base de polychloropr\u00e8ne convient pour le collage du carton, du li\u00e8ge, du b\u00e9ton, du verre &amp; de nombreux autres mat\u00e9riaux. En savoir plus.\" \/>\n<meta name=\"robots\" content=\"index, follow, max-snippet:-1, max-image-preview:large, max-video-preview:-1\" \/>\n<link rel=\"canonical\" href=\"https:\/\/cardinal-tapes.com\/fr\/rubans-adh\u00e9sifs\/adhesifs\/3m-30-adhesif-de-contact-a-base-de-polychloroprene\/\" \/>\n<meta property=\"og:locale\" content=\"fr_FR\" \/>\n<meta property=\"og:type\" content=\"article\" \/>\n<meta property=\"og:title\" content=\"3M 30 Adh\u00e9sif de contact \u00e0 base de polychloropr\u00e8ne | Cardinal TAPES\" \/>\n<meta property=\"og:description\" content=\"La colle de contact 3M 30 \u00e0 base de polychloropr\u00e8ne convient pour le collage du carton, du li\u00e8ge, du b\u00e9ton, du verre &amp; de nombreux autres mat\u00e9riaux. En savoir plus.\" \/>\n<meta property=\"og:url\" content=\"https:\/\/cardinal-tapes.com\/fr\/rubans-adh\u00e9sifs\/adhesifs\/3m-30-adhesif-de-contact-a-base-de-polychloroprene\/\" \/>\n<meta property=\"og:site_name\" content=\"cardinal TAPES\" \/>\n<meta property=\"og:image\" content=\"https:\/\/cardinal-tapes.com\/wp-content\/uploads\/3m_kontakt-klebstoff_30.jpg\" \/>\n\t<meta property=\"og:image:width\" content=\"600\" \/>\n\t<meta property=\"og:image:height\" content=\"600\" \/>\n\t<meta property=\"og:image:type\" content=\"image\/jpeg\" \/>\n<meta name=\"twitter:card\" content=\"summary_large_image\" \/>\n<script type=\"application\/ld+json\" class=\"yoast-schema-graph\">{\"@context\":\"https:\\\/\\\/schema.org\",\"@graph\":[{\"@type\":\"WebPage\",\"@id\":\"https:\\\/\\\/cardinal-tapes.com\\\/fr\\\/rubans-adh\u00e9sifs\\\/adhesifs\\\/3m-30-adhesif-de-contact-a-base-de-polychloroprene\\\/\",\"url\":\"https:\\\/\\\/cardinal-tapes.com\\\/fr\\\/rubans-adh\u00e9sifs\\\/adhesifs\\\/3m-30-adhesif-de-contact-a-base-de-polychloroprene\\\/\",\"name\":\"3M 30 Adh\u00e9sif de contact \u00e0 base de polychloropr\u00e8ne | Cardinal TAPES\",\"isPartOf\":{\"@id\":\"https:\\\/\\\/cardinal-tapes.com\\\/#website\"},\"primaryImageOfPage\":{\"@id\":\"https:\\\/\\\/cardinal-tapes.com\\\/fr\\\/rubans-adh\u00e9sifs\\\/adhesifs\\\/3m-30-adhesif-de-contact-a-base-de-polychloroprene\\\/#primaryimage\"},\"image\":{\"@id\":\"https:\\\/\\\/cardinal-tapes.com\\\/fr\\\/rubans-adh\u00e9sifs\\\/adhesifs\\\/3m-30-adhesif-de-contact-a-base-de-polychloroprene\\\/#primaryimage\"},\"thumbnailUrl\":\"https:\\\/\\\/cardinal-tapes.com\\\/wp-content\\\/uploads\\\/3m_kontakt-klebstoff_30.jpg\",\"datePublished\":\"2023-06-05T15:24:07+00:00\",\"description\":\"La colle de contact 3M 30 \u00e0 base de polychloropr\u00e8ne convient pour le collage du carton, du li\u00e8ge, du b\u00e9ton, du verre & de nombreux autres mat\u00e9riaux. En savoir plus.\",\"breadcrumb\":{\"@id\":\"https:\\\/\\\/cardinal-tapes.com\\\/fr\\\/rubans-adh\u00e9sifs\\\/adhesifs\\\/3m-30-adhesif-de-contact-a-base-de-polychloroprene\\\/#breadcrumb\"},\"inLanguage\":\"fr-FR\",\"potentialAction\":[{\"@type\":\"ReadAction\",\"target\":[\"https:\\\/\\\/cardinal-tapes.com\\\/fr\\\/rubans-adh\u00e9sifs\\\/adhesifs\\\/3m-30-adhesif-de-contact-a-base-de-polychloroprene\\\/\"]}]},{\"@type\":\"ImageObject\",\"inLanguage\":\"fr-FR\",\"@id\":\"https:\\\/\\\/cardinal-tapes.com\\\/fr\\\/rubans-adh\u00e9sifs\\\/adhesifs\\\/3m-30-adhesif-de-contact-a-base-de-polychloroprene\\\/#primaryimage\",\"url\":\"https:\\\/\\\/cardinal-tapes.com\\\/wp-content\\\/uploads\\\/3m_kontakt-klebstoff_30.jpg\",\"contentUrl\":\"https:\\\/\\\/cardinal-tapes.com\\\/wp-content\\\/uploads\\\/3m_kontakt-klebstoff_30.jpg\",\"width\":600,\"height\":600,\"caption\":\"Colle de contact 3M 30\"},{\"@type\":\"BreadcrumbList\",\"@id\":\"https:\\\/\\\/cardinal-tapes.com\\\/fr\\\/rubans-adh\u00e9sifs\\\/adhesifs\\\/3m-30-adhesif-de-contact-a-base-de-polychloroprene\\\/#breadcrumb\",\"itemListElement\":[{\"@type\":\"ListItem\",\"position\":1,\"name\":\"Startseite\",\"item\":\"https:\\\/\\\/cardinal-tapes.com\\\/fr\\\/accueil\\\/\"},{\"@type\":\"ListItem\",\"position\":2,\"name\":\"Rubans adh\u00e9sifs\",\"item\":\"https:\\\/\\\/cardinal-tapes.com\\\/fr\\\/rubans-adhesifs-fr\\\/\"},{\"@type\":\"ListItem\",\"position\":3,\"name\":\"Adh\u00e9sifs\",\"item\":\"https:\\\/\\\/cardinal-tapes.com\\\/fr\\\/catgorie\\\/adhesifs\\\/\"},{\"@type\":\"ListItem\",\"position\":4,\"name\":\"3M\u2122 30 Adh\u00e9sif de contact \u00e0 base de polychloropr\u00e8ne\"}]},{\"@type\":\"WebSite\",\"@id\":\"https:\\\/\\\/cardinal-tapes.com\\\/#website\",\"url\":\"https:\\\/\\\/cardinal-tapes.com\\\/\",\"name\":\"cardinal TAPES\",\"description\":\"Klebetechnik aus Wuppertal\",\"potentialAction\":[{\"@type\":\"SearchAction\",\"target\":{\"@type\":\"EntryPoint\",\"urlTemplate\":\"https:\\\/\\\/cardinal-tapes.com\\\/?s={search_term_string}\"},\"query-input\":{\"@type\":\"PropertyValueSpecification\",\"valueRequired\":true,\"valueName\":\"search_term_string\"}}],\"inLanguage\":\"fr-FR\"}]}<\/script>\n<!-- \/ Yoast SEO plugin. -->","yoast_head_json":{"title":"3M 30 Adh\u00e9sif de contact \u00e0 base de polychloropr\u00e8ne | Cardinal TAPES","description":"La colle de contact 3M 30 \u00e0 base de polychloropr\u00e8ne convient pour le collage du carton, du li\u00e8ge, du b\u00e9ton, du verre & de nombreux autres mat\u00e9riaux. En savoir plus.","robots":{"index":"index","follow":"follow","max-snippet":"max-snippet:-1","max-image-preview":"max-image-preview:large","max-video-preview":"max-video-preview:-1"},"canonical":"https:\/\/cardinal-tapes.com\/fr\/rubans-adh\u00e9sifs\/adhesifs\/3m-30-adhesif-de-contact-a-base-de-polychloroprene\/","og_locale":"fr_FR","og_type":"article","og_title":"3M 30 Adh\u00e9sif de contact \u00e0 base de polychloropr\u00e8ne | Cardinal TAPES","og_description":"La colle de contact 3M 30 \u00e0 base de polychloropr\u00e8ne convient pour le collage du carton, du li\u00e8ge, du b\u00e9ton, du verre & de nombreux autres mat\u00e9riaux. En savoir plus.","og_url":"https:\/\/cardinal-tapes.com\/fr\/rubans-adh\u00e9sifs\/adhesifs\/3m-30-adhesif-de-contact-a-base-de-polychloroprene\/","og_site_name":"cardinal TAPES","og_image":[{"width":600,"height":600,"url":"https:\/\/cardinal-tapes.com\/wp-content\/uploads\/3m_kontakt-klebstoff_30.jpg","type":"image\/jpeg"}],"twitter_card":"summary_large_image","schema":{"@context":"https:\/\/schema.org","@graph":[{"@type":"WebPage","@id":"https:\/\/cardinal-tapes.com\/fr\/rubans-adh\u00e9sifs\/adhesifs\/3m-30-adhesif-de-contact-a-base-de-polychloroprene\/","url":"https:\/\/cardinal-tapes.com\/fr\/rubans-adh\u00e9sifs\/adhesifs\/3m-30-adhesif-de-contact-a-base-de-polychloroprene\/","name":"3M 30 Adh\u00e9sif de contact \u00e0 base de polychloropr\u00e8ne | Cardinal TAPES","isPartOf":{"@id":"https:\/\/cardinal-tapes.com\/#website"},"primaryImageOfPage":{"@id":"https:\/\/cardinal-tapes.com\/fr\/rubans-adh\u00e9sifs\/adhesifs\/3m-30-adhesif-de-contact-a-base-de-polychloroprene\/#primaryimage"},"image":{"@id":"https:\/\/cardinal-tapes.com\/fr\/rubans-adh\u00e9sifs\/adhesifs\/3m-30-adhesif-de-contact-a-base-de-polychloroprene\/#primaryimage"},"thumbnailUrl":"https:\/\/cardinal-tapes.com\/wp-content\/uploads\/3m_kontakt-klebstoff_30.jpg","datePublished":"2023-06-05T15:24:07+00:00","description":"La colle de contact 3M 30 \u00e0 base de polychloropr\u00e8ne convient pour le collage du carton, du li\u00e8ge, du b\u00e9ton, du verre & de nombreux autres mat\u00e9riaux. En savoir plus.","breadcrumb":{"@id":"https:\/\/cardinal-tapes.com\/fr\/rubans-adh\u00e9sifs\/adhesifs\/3m-30-adhesif-de-contact-a-base-de-polychloroprene\/#breadcrumb"},"inLanguage":"fr-FR","potentialAction":[{"@type":"ReadAction","target":["https:\/\/cardinal-tapes.com\/fr\/rubans-adh\u00e9sifs\/adhesifs\/3m-30-adhesif-de-contact-a-base-de-polychloroprene\/"]}]},{"@type":"ImageObject","inLanguage":"fr-FR","@id":"https:\/\/cardinal-tapes.com\/fr\/rubans-adh\u00e9sifs\/adhesifs\/3m-30-adhesif-de-contact-a-base-de-polychloroprene\/#primaryimage","url":"https:\/\/cardinal-tapes.com\/wp-content\/uploads\/3m_kontakt-klebstoff_30.jpg","contentUrl":"https:\/\/cardinal-tapes.com\/wp-content\/uploads\/3m_kontakt-klebstoff_30.jpg","width":600,"height":600,"caption":"Colle de contact 3M 30"},{"@type":"BreadcrumbList","@id":"https:\/\/cardinal-tapes.com\/fr\/rubans-adh\u00e9sifs\/adhesifs\/3m-30-adhesif-de-contact-a-base-de-polychloroprene\/#breadcrumb","itemListElement":[{"@type":"ListItem","position":1,"name":"Startseite","item":"https:\/\/cardinal-tapes.com\/fr\/accueil\/"},{"@type":"ListItem","position":2,"name":"Rubans adh\u00e9sifs","item":"https:\/\/cardinal-tapes.com\/fr\/rubans-adhesifs-fr\/"},{"@type":"ListItem","position":3,"name":"Adh\u00e9sifs","item":"https:\/\/cardinal-tapes.com\/fr\/catgorie\/adhesifs\/"},{"@type":"ListItem","position":4,"name":"3M\u2122 30 Adh\u00e9sif de contact \u00e0 base de polychloropr\u00e8ne"}]},{"@type":"WebSite","@id":"https:\/\/cardinal-tapes.com\/#website","url":"https:\/\/cardinal-tapes.com\/","name":"cardinal TAPES","description":"Klebetechnik aus Wuppertal","potentialAction":[{"@type":"SearchAction","target":{"@type":"EntryPoint","urlTemplate":"https:\/\/cardinal-tapes.com\/?s={search_term_string}"},"query-input":{"@type":"PropertyValueSpecification","valueRequired":true,"valueName":"search_term_string"}}],"inLanguage":"fr-FR"}]}},"brands":[{"id":2167,"name":"3M","slug":"3m-fr"}],"_links":{"self":[{"href":"https:\/\/cardinal-tapes.com\/fr\/wp-json\/wp\/v2\/product\/55086","targetHints":{"allow":["GET"]}}],"collection":[{"href":"https:\/\/cardinal-tapes.com\/fr\/wp-json\/wp\/v2\/product"}],"about":[{"href":"https:\/\/cardinal-tapes.com\/fr\/wp-json\/wp\/v2\/types\/product"}],"wp:featuredmedia":[{"embeddable":true,"href":"https:\/\/cardinal-tapes.com\/fr\/wp-json\/wp\/v2\/media\/25464"}],"wp:attachment":[{"href":"https:\/\/cardinal-tapes.com\/fr\/wp-json\/wp\/v2\/media?parent=55086"}],"wp:term":[{"taxonomy":"pwb-brand","embeddable":true,"href":"https:\/\/cardinal-tapes.com\/fr\/wp-json\/wp\/v2\/pwb-brand?post=55086"},{"taxonomy":"product_brand","embeddable":true,"href":"https:\/\/cardinal-tapes.com\/fr\/wp-json\/wp\/v2\/product_brand?post=55086"},{"taxonomy":"product_cat","embeddable":true,"href":"https:\/\/cardinal-tapes.com\/fr\/wp-json\/wp\/v2\/product_cat?post=55086"},{"taxonomy":"product_tag","embeddable":true,"href":"https:\/\/cardinal-tapes.com\/fr\/wp-json\/wp\/v2\/product_tag?post=55086"}],"curies":[{"name":"wp","href":"https:\/\/api.w.org\/{rel}","templated":true}]}}