{"id":55072,"date":"2017-12-22T16:05:05","date_gmt":"2023-06-05T15:24:05","guid":{"rendered":"https:\/\/cardinal.pixel-tal.de\/klebebaender\/non class\u00e9\/3m-40-adhesif-de-contact-a-base-de-polychloroprene\/"},"modified":"2023-06-05T17:24:05","modified_gmt":"2023-06-05T15:24:05","slug":"3m-40-adhesif-de-contact-a-base-de-polychloroprene","status":"publish","type":"product","link":"https:\/\/cardinal-tapes.com\/fr\/rubans-adh\u00e9sifs\/colle-liquide\/adhesifs\/3m-40-adhesif-de-contact-a-base-de-polychloroprene\/","title":{"rendered":"3M\u2122 40 Adh\u00e9sif de contact \u00e0 base de polychloropr\u00e8ne"},"content":{"rendered":"<p>L&#8217;adh\u00e9sif de contact 3M\u2122 40 \u00e0 base de polychloropr\u00e8ne convient \u00e0 un grand nombre de mat\u00e9riaux, y compris divers mat\u00e9riaux d&#8217;isolation et de calfeutrage. Outre sa grande r\u00e9sistance \u00e0 l&#8217;eau et \u00e0 la temp\u00e9rature, cette colle se distingue par sa r\u00e9sistance m\u00e9canique pour les collages de stratifi\u00e9s. Dans ce contexte, la colle du 3M\u2122 40 convient \u00e9galement aux mat\u00e9riaux poreux et absorbants gr\u00e2ce \u00e0 sa faible fluidit\u00e9.<\/p>\n","protected":false},"excerpt":{"rendered":"<p>L&#8217;adh\u00e9sif de contact 3M\u2122 40 \u00e0 base de polychloropr\u00e8ne convient \u00e0 un grand nombre de mat\u00e9riaux, y compris divers mat\u00e9riaux d&#8217;isolation et de calfeutrage. Outre sa grande r\u00e9sistance \u00e0 l&#8217;eau et \u00e0 la temp\u00e9rature, cette colle se distingue par sa r\u00e9sistance m\u00e9canique pour les collages de stratifi\u00e9s. Dans ce contexte, la colle du 3M\u2122 40 [&hellip;]<\/p>\n","protected":false},"featured_media":25468,"template":"","meta":{"_acf_changed":false},"pwb-brand":[2167],"product_brand":[],"product_cat":[1857],"product_tag":[],"class_list":{"0":"post-55072","1":"product","2":"type-product","3":"status-publish","4":"has-post-thumbnail","6":"pwb-brand-3m-fr","7":"product_cat-adhesifs","9":"first","10":"instock","11":"taxable","12":"shipping-taxable","13":"purchasable","14":"product-type-simple"},"acf":[],"yoast_head":"<!-- This site is optimized with the Yoast SEO plugin v27.3 - https:\/\/yoast.com\/product\/yoast-seo-wordpress\/ -->\n<title>3M 40 Adh\u00e9sif de contact \u00e0 base de polychloropr\u00e8ne | Cardinal TAPES<\/title>\n<meta name=\"description\" content=\"L&#039;adh\u00e9sif de contact 3M 40 \u00e0 base de polychloropr\u00e8ne convient \u00e0 de nombreux mat\u00e9riaux, y compris divers mat\u00e9riaux d&#039;isolation et de calfeutrage. En savoir plus.\" \/>\n<meta name=\"robots\" content=\"index, follow, max-snippet:-1, max-image-preview:large, max-video-preview:-1\" \/>\n<link rel=\"canonical\" href=\"https:\/\/cardinal-tapes.com\/fr\/rubans-adh\u00e9sifs\/adhesifs\/3m-40-adhesif-de-contact-a-base-de-polychloroprene\/\" \/>\n<meta property=\"og:locale\" content=\"fr_FR\" \/>\n<meta property=\"og:type\" content=\"article\" \/>\n<meta property=\"og:title\" content=\"3M 40 Adh\u00e9sif de contact \u00e0 base de polychloropr\u00e8ne | Cardinal TAPES\" \/>\n<meta property=\"og:description\" content=\"L&#039;adh\u00e9sif de contact 3M 40 \u00e0 base de polychloropr\u00e8ne convient \u00e0 de nombreux mat\u00e9riaux, y compris divers mat\u00e9riaux d&#039;isolation et de calfeutrage. En savoir plus.\" \/>\n<meta property=\"og:url\" content=\"https:\/\/cardinal-tapes.com\/fr\/rubans-adh\u00e9sifs\/adhesifs\/3m-40-adhesif-de-contact-a-base-de-polychloroprene\/\" \/>\n<meta property=\"og:site_name\" content=\"cardinal TAPES\" \/>\n<meta property=\"og:image\" content=\"https:\/\/cardinal-tapes.com\/wp-content\/uploads\/3m_kontakt-klebstoff_40.jpg\" \/>\n\t<meta property=\"og:image:width\" content=\"600\" \/>\n\t<meta property=\"og:image:height\" content=\"600\" \/>\n\t<meta property=\"og:image:type\" content=\"image\/jpeg\" \/>\n<meta name=\"twitter:card\" content=\"summary_large_image\" \/>\n<script type=\"application\/ld+json\" class=\"yoast-schema-graph\">{\"@context\":\"https:\\\/\\\/schema.org\",\"@graph\":[{\"@type\":\"WebPage\",\"@id\":\"https:\\\/\\\/cardinal-tapes.com\\\/fr\\\/rubans-adh\u00e9sifs\\\/adhesifs\\\/3m-40-adhesif-de-contact-a-base-de-polychloroprene\\\/\",\"url\":\"https:\\\/\\\/cardinal-tapes.com\\\/fr\\\/rubans-adh\u00e9sifs\\\/adhesifs\\\/3m-40-adhesif-de-contact-a-base-de-polychloroprene\\\/\",\"name\":\"3M 40 Adh\u00e9sif de contact \u00e0 base de polychloropr\u00e8ne | Cardinal TAPES\",\"isPartOf\":{\"@id\":\"https:\\\/\\\/cardinal-tapes.com\\\/#website\"},\"primaryImageOfPage\":{\"@id\":\"https:\\\/\\\/cardinal-tapes.com\\\/fr\\\/rubans-adh\u00e9sifs\\\/adhesifs\\\/3m-40-adhesif-de-contact-a-base-de-polychloroprene\\\/#primaryimage\"},\"image\":{\"@id\":\"https:\\\/\\\/cardinal-tapes.com\\\/fr\\\/rubans-adh\u00e9sifs\\\/adhesifs\\\/3m-40-adhesif-de-contact-a-base-de-polychloroprene\\\/#primaryimage\"},\"thumbnailUrl\":\"https:\\\/\\\/cardinal-tapes.com\\\/wp-content\\\/uploads\\\/3m_kontakt-klebstoff_40.jpg\",\"datePublished\":\"2023-06-05T15:24:05+00:00\",\"description\":\"L'adh\u00e9sif de contact 3M 40 \u00e0 base de polychloropr\u00e8ne convient \u00e0 de nombreux mat\u00e9riaux, y compris divers mat\u00e9riaux d'isolation et de calfeutrage. En savoir plus.\",\"breadcrumb\":{\"@id\":\"https:\\\/\\\/cardinal-tapes.com\\\/fr\\\/rubans-adh\u00e9sifs\\\/adhesifs\\\/3m-40-adhesif-de-contact-a-base-de-polychloroprene\\\/#breadcrumb\"},\"inLanguage\":\"fr-FR\",\"potentialAction\":[{\"@type\":\"ReadAction\",\"target\":[\"https:\\\/\\\/cardinal-tapes.com\\\/fr\\\/rubans-adh\u00e9sifs\\\/adhesifs\\\/3m-40-adhesif-de-contact-a-base-de-polychloroprene\\\/\"]}]},{\"@type\":\"ImageObject\",\"inLanguage\":\"fr-FR\",\"@id\":\"https:\\\/\\\/cardinal-tapes.com\\\/fr\\\/rubans-adh\u00e9sifs\\\/adhesifs\\\/3m-40-adhesif-de-contact-a-base-de-polychloroprene\\\/#primaryimage\",\"url\":\"https:\\\/\\\/cardinal-tapes.com\\\/wp-content\\\/uploads\\\/3m_kontakt-klebstoff_40.jpg\",\"contentUrl\":\"https:\\\/\\\/cardinal-tapes.com\\\/wp-content\\\/uploads\\\/3m_kontakt-klebstoff_40.jpg\",\"width\":600,\"height\":600,\"caption\":\"Colle de contact 3M 40\"},{\"@type\":\"BreadcrumbList\",\"@id\":\"https:\\\/\\\/cardinal-tapes.com\\\/fr\\\/rubans-adh\u00e9sifs\\\/adhesifs\\\/3m-40-adhesif-de-contact-a-base-de-polychloroprene\\\/#breadcrumb\",\"itemListElement\":[{\"@type\":\"ListItem\",\"position\":1,\"name\":\"Startseite\",\"item\":\"https:\\\/\\\/cardinal-tapes.com\\\/fr\\\/accueil\\\/\"},{\"@type\":\"ListItem\",\"position\":2,\"name\":\"Rubans adh\u00e9sifs\",\"item\":\"https:\\\/\\\/cardinal-tapes.com\\\/fr\\\/rubans-adhesifs-fr\\\/\"},{\"@type\":\"ListItem\",\"position\":3,\"name\":\"Adh\u00e9sifs\",\"item\":\"https:\\\/\\\/cardinal-tapes.com\\\/fr\\\/catgorie\\\/adhesifs\\\/\"},{\"@type\":\"ListItem\",\"position\":4,\"name\":\"3M\u2122 40 Adh\u00e9sif de contact \u00e0 base de polychloropr\u00e8ne\"}]},{\"@type\":\"WebSite\",\"@id\":\"https:\\\/\\\/cardinal-tapes.com\\\/#website\",\"url\":\"https:\\\/\\\/cardinal-tapes.com\\\/\",\"name\":\"cardinal TAPES\",\"description\":\"Klebetechnik aus Wuppertal\",\"potentialAction\":[{\"@type\":\"SearchAction\",\"target\":{\"@type\":\"EntryPoint\",\"urlTemplate\":\"https:\\\/\\\/cardinal-tapes.com\\\/?s={search_term_string}\"},\"query-input\":{\"@type\":\"PropertyValueSpecification\",\"valueRequired\":true,\"valueName\":\"search_term_string\"}}],\"inLanguage\":\"fr-FR\"}]}<\/script>\n<!-- \/ Yoast SEO plugin. -->","yoast_head_json":{"title":"3M 40 Adh\u00e9sif de contact \u00e0 base de polychloropr\u00e8ne | Cardinal TAPES","description":"L'adh\u00e9sif de contact 3M 40 \u00e0 base de polychloropr\u00e8ne convient \u00e0 de nombreux mat\u00e9riaux, y compris divers mat\u00e9riaux d'isolation et de calfeutrage. En savoir plus.","robots":{"index":"index","follow":"follow","max-snippet":"max-snippet:-1","max-image-preview":"max-image-preview:large","max-video-preview":"max-video-preview:-1"},"canonical":"https:\/\/cardinal-tapes.com\/fr\/rubans-adh\u00e9sifs\/adhesifs\/3m-40-adhesif-de-contact-a-base-de-polychloroprene\/","og_locale":"fr_FR","og_type":"article","og_title":"3M 40 Adh\u00e9sif de contact \u00e0 base de polychloropr\u00e8ne | Cardinal TAPES","og_description":"L'adh\u00e9sif de contact 3M 40 \u00e0 base de polychloropr\u00e8ne convient \u00e0 de nombreux mat\u00e9riaux, y compris divers mat\u00e9riaux d'isolation et de calfeutrage. En savoir plus.","og_url":"https:\/\/cardinal-tapes.com\/fr\/rubans-adh\u00e9sifs\/adhesifs\/3m-40-adhesif-de-contact-a-base-de-polychloroprene\/","og_site_name":"cardinal TAPES","og_image":[{"width":600,"height":600,"url":"https:\/\/cardinal-tapes.com\/wp-content\/uploads\/3m_kontakt-klebstoff_40.jpg","type":"image\/jpeg"}],"twitter_card":"summary_large_image","schema":{"@context":"https:\/\/schema.org","@graph":[{"@type":"WebPage","@id":"https:\/\/cardinal-tapes.com\/fr\/rubans-adh\u00e9sifs\/adhesifs\/3m-40-adhesif-de-contact-a-base-de-polychloroprene\/","url":"https:\/\/cardinal-tapes.com\/fr\/rubans-adh\u00e9sifs\/adhesifs\/3m-40-adhesif-de-contact-a-base-de-polychloroprene\/","name":"3M 40 Adh\u00e9sif de contact \u00e0 base de polychloropr\u00e8ne | Cardinal TAPES","isPartOf":{"@id":"https:\/\/cardinal-tapes.com\/#website"},"primaryImageOfPage":{"@id":"https:\/\/cardinal-tapes.com\/fr\/rubans-adh\u00e9sifs\/adhesifs\/3m-40-adhesif-de-contact-a-base-de-polychloroprene\/#primaryimage"},"image":{"@id":"https:\/\/cardinal-tapes.com\/fr\/rubans-adh\u00e9sifs\/adhesifs\/3m-40-adhesif-de-contact-a-base-de-polychloroprene\/#primaryimage"},"thumbnailUrl":"https:\/\/cardinal-tapes.com\/wp-content\/uploads\/3m_kontakt-klebstoff_40.jpg","datePublished":"2023-06-05T15:24:05+00:00","description":"L'adh\u00e9sif de contact 3M 40 \u00e0 base de polychloropr\u00e8ne convient \u00e0 de nombreux mat\u00e9riaux, y compris divers mat\u00e9riaux d'isolation et de calfeutrage. En savoir plus.","breadcrumb":{"@id":"https:\/\/cardinal-tapes.com\/fr\/rubans-adh\u00e9sifs\/adhesifs\/3m-40-adhesif-de-contact-a-base-de-polychloroprene\/#breadcrumb"},"inLanguage":"fr-FR","potentialAction":[{"@type":"ReadAction","target":["https:\/\/cardinal-tapes.com\/fr\/rubans-adh\u00e9sifs\/adhesifs\/3m-40-adhesif-de-contact-a-base-de-polychloroprene\/"]}]},{"@type":"ImageObject","inLanguage":"fr-FR","@id":"https:\/\/cardinal-tapes.com\/fr\/rubans-adh\u00e9sifs\/adhesifs\/3m-40-adhesif-de-contact-a-base-de-polychloroprene\/#primaryimage","url":"https:\/\/cardinal-tapes.com\/wp-content\/uploads\/3m_kontakt-klebstoff_40.jpg","contentUrl":"https:\/\/cardinal-tapes.com\/wp-content\/uploads\/3m_kontakt-klebstoff_40.jpg","width":600,"height":600,"caption":"Colle de contact 3M 40"},{"@type":"BreadcrumbList","@id":"https:\/\/cardinal-tapes.com\/fr\/rubans-adh\u00e9sifs\/adhesifs\/3m-40-adhesif-de-contact-a-base-de-polychloroprene\/#breadcrumb","itemListElement":[{"@type":"ListItem","position":1,"name":"Startseite","item":"https:\/\/cardinal-tapes.com\/fr\/accueil\/"},{"@type":"ListItem","position":2,"name":"Rubans adh\u00e9sifs","item":"https:\/\/cardinal-tapes.com\/fr\/rubans-adhesifs-fr\/"},{"@type":"ListItem","position":3,"name":"Adh\u00e9sifs","item":"https:\/\/cardinal-tapes.com\/fr\/catgorie\/adhesifs\/"},{"@type":"ListItem","position":4,"name":"3M\u2122 40 Adh\u00e9sif de contact \u00e0 base de polychloropr\u00e8ne"}]},{"@type":"WebSite","@id":"https:\/\/cardinal-tapes.com\/#website","url":"https:\/\/cardinal-tapes.com\/","name":"cardinal TAPES","description":"Klebetechnik aus Wuppertal","potentialAction":[{"@type":"SearchAction","target":{"@type":"EntryPoint","urlTemplate":"https:\/\/cardinal-tapes.com\/?s={search_term_string}"},"query-input":{"@type":"PropertyValueSpecification","valueRequired":true,"valueName":"search_term_string"}}],"inLanguage":"fr-FR"}]}},"brands":[{"id":2167,"name":"3M","slug":"3m-fr"}],"_links":{"self":[{"href":"https:\/\/cardinal-tapes.com\/fr\/wp-json\/wp\/v2\/product\/55072","targetHints":{"allow":["GET"]}}],"collection":[{"href":"https:\/\/cardinal-tapes.com\/fr\/wp-json\/wp\/v2\/product"}],"about":[{"href":"https:\/\/cardinal-tapes.com\/fr\/wp-json\/wp\/v2\/types\/product"}],"wp:featuredmedia":[{"embeddable":true,"href":"https:\/\/cardinal-tapes.com\/fr\/wp-json\/wp\/v2\/media\/25468"}],"wp:attachment":[{"href":"https:\/\/cardinal-tapes.com\/fr\/wp-json\/wp\/v2\/media?parent=55072"}],"wp:term":[{"taxonomy":"pwb-brand","embeddable":true,"href":"https:\/\/cardinal-tapes.com\/fr\/wp-json\/wp\/v2\/pwb-brand?post=55072"},{"taxonomy":"product_brand","embeddable":true,"href":"https:\/\/cardinal-tapes.com\/fr\/wp-json\/wp\/v2\/product_brand?post=55072"},{"taxonomy":"product_cat","embeddable":true,"href":"https:\/\/cardinal-tapes.com\/fr\/wp-json\/wp\/v2\/product_cat?post=55072"},{"taxonomy":"product_tag","embeddable":true,"href":"https:\/\/cardinal-tapes.com\/fr\/wp-json\/wp\/v2\/product_tag?post=55072"}],"curies":[{"name":"wp","href":"https:\/\/api.w.org\/{rel}","templated":true}]}}