{"id":55070,"date":"2017-12-22T16:03:55","date_gmt":"2023-06-05T15:24:05","guid":{"rendered":"https:\/\/cardinal.pixel-tal.de\/klebebaender\/non class\u00e9\/3m-4235-adhesif-epi-a-base-dacrylique\/"},"modified":"2023-06-05T17:24:05","modified_gmt":"2023-06-05T15:24:05","slug":"3m-4235-psa-adhesif-a-base-dacrylate","status":"publish","type":"product","link":"https:\/\/cardinal-tapes.com\/fr\/rubans-adh\u00e9sifs\/colle-liquide\/adhesifs\/3m-4235-psa-adhesif-a-base-dacrylate\/","title":{"rendered":"3M\u2122 4235 Adh\u00e9sif EPI \u00e0 base d&#8217;acrylique"},"content":{"rendered":"<p>L&#8217;adh\u00e9sif 3M\u2122 4235 PSA \u00e0 base d&#8217;acrylate convient \u00e9galement pour le collage de plastiques translucides gr\u00e2ce \u00e0 sa grande transparence. En outre, la colle convient \u00e0 un traitement tr\u00e8s flexible dans la production en raison de sa longue dur\u00e9e de collage et de son adh\u00e9rence permanente. Les mat\u00e9riaux tels que le polystyr\u00e8ne, la laine de verre, les textiles, le bois, le papier et de nombreux autres mat\u00e9riaux se pr\u00eatent au collage avec cette colle.<\/p>\n","protected":false},"excerpt":{"rendered":"<p>L&#8217;adh\u00e9sif 3M\u2122 4235 PSA \u00e0 base d&#8217;acrylate convient \u00e9galement pour le collage de plastiques translucides gr\u00e2ce \u00e0 sa grande transparence. En outre, la colle convient \u00e0 un traitement tr\u00e8s flexible dans la production en raison de sa longue dur\u00e9e de collage et de son adh\u00e9rence permanente. Les mat\u00e9riaux tels que le polystyr\u00e8ne, la laine de [&hellip;]<\/p>\n","protected":false},"featured_media":25472,"template":"","meta":{"_acf_changed":false},"pwb-brand":[2167],"product_brand":[],"product_cat":[1857],"product_tag":[],"class_list":{"0":"post-55070","1":"product","2":"type-product","3":"status-publish","4":"has-post-thumbnail","6":"pwb-brand-3m-fr","7":"product_cat-adhesifs","9":"first","10":"instock","11":"taxable","12":"shipping-taxable","13":"purchasable","14":"product-type-simple"},"acf":[],"yoast_head":"<!-- This site is optimized with the Yoast SEO plugin v27.3 - https:\/\/yoast.com\/product\/yoast-seo-wordpress\/ -->\n<title>3M 4235 Adh\u00e9sif EPI \u00e0 base d&#039;acrylate | Cardinal TAPES<\/title>\n<meta name=\"description\" content=\"Gr\u00e2ce \u00e0 sa grande transparence, l&#039;adh\u00e9sif 3M 4235 PSA \u00e0 base d&#039;acrylate convient \u00e9galement pour le collage de plastiques translucides. En savoir plus.\" \/>\n<meta name=\"robots\" content=\"index, follow, max-snippet:-1, max-image-preview:large, max-video-preview:-1\" \/>\n<link rel=\"canonical\" href=\"https:\/\/cardinal-tapes.com\/fr\/rubans-adh\u00e9sifs\/adhesifs\/3m-4235-psa-adhesif-a-base-dacrylate\/\" \/>\n<meta property=\"og:locale\" content=\"fr_FR\" \/>\n<meta property=\"og:type\" content=\"article\" \/>\n<meta property=\"og:title\" content=\"3M 4235 Adh\u00e9sif EPI \u00e0 base d&#039;acrylate | Cardinal TAPES\" \/>\n<meta property=\"og:description\" content=\"Gr\u00e2ce \u00e0 sa grande transparence, l&#039;adh\u00e9sif 3M 4235 PSA \u00e0 base d&#039;acrylate convient \u00e9galement pour le collage de plastiques translucides. En savoir plus.\" \/>\n<meta property=\"og:url\" content=\"https:\/\/cardinal-tapes.com\/fr\/rubans-adh\u00e9sifs\/adhesifs\/3m-4235-psa-adhesif-a-base-dacrylate\/\" \/>\n<meta property=\"og:site_name\" content=\"cardinal TAPES\" \/>\n<meta property=\"og:image\" content=\"https:\/\/cardinal-tapes.com\/wp-content\/uploads\/3m_psa-klebstoff_4235.jpg\" \/>\n\t<meta property=\"og:image:width\" content=\"600\" \/>\n\t<meta property=\"og:image:height\" content=\"600\" \/>\n\t<meta property=\"og:image:type\" content=\"image\/jpeg\" \/>\n<meta name=\"twitter:card\" content=\"summary_large_image\" \/>\n<script type=\"application\/ld+json\" class=\"yoast-schema-graph\">{\"@context\":\"https:\\\/\\\/schema.org\",\"@graph\":[{\"@type\":\"WebPage\",\"@id\":\"https:\\\/\\\/cardinal-tapes.com\\\/fr\\\/rubans-adh\u00e9sifs\\\/adhesifs\\\/3m-4235-psa-adhesif-a-base-dacrylate\\\/\",\"url\":\"https:\\\/\\\/cardinal-tapes.com\\\/fr\\\/rubans-adh\u00e9sifs\\\/adhesifs\\\/3m-4235-psa-adhesif-a-base-dacrylate\\\/\",\"name\":\"3M 4235 Adh\u00e9sif EPI \u00e0 base d'acrylate | Cardinal TAPES\",\"isPartOf\":{\"@id\":\"https:\\\/\\\/cardinal-tapes.com\\\/#website\"},\"primaryImageOfPage\":{\"@id\":\"https:\\\/\\\/cardinal-tapes.com\\\/fr\\\/rubans-adh\u00e9sifs\\\/adhesifs\\\/3m-4235-psa-adhesif-a-base-dacrylate\\\/#primaryimage\"},\"image\":{\"@id\":\"https:\\\/\\\/cardinal-tapes.com\\\/fr\\\/rubans-adh\u00e9sifs\\\/adhesifs\\\/3m-4235-psa-adhesif-a-base-dacrylate\\\/#primaryimage\"},\"thumbnailUrl\":\"https:\\\/\\\/cardinal-tapes.com\\\/wp-content\\\/uploads\\\/3m_psa-klebstoff_4235.jpg\",\"datePublished\":\"2023-06-05T15:24:05+00:00\",\"description\":\"Gr\u00e2ce \u00e0 sa grande transparence, l'adh\u00e9sif 3M 4235 PSA \u00e0 base d'acrylate convient \u00e9galement pour le collage de plastiques translucides. En savoir plus.\",\"breadcrumb\":{\"@id\":\"https:\\\/\\\/cardinal-tapes.com\\\/fr\\\/rubans-adh\u00e9sifs\\\/adhesifs\\\/3m-4235-psa-adhesif-a-base-dacrylate\\\/#breadcrumb\"},\"inLanguage\":\"fr-FR\",\"potentialAction\":[{\"@type\":\"ReadAction\",\"target\":[\"https:\\\/\\\/cardinal-tapes.com\\\/fr\\\/rubans-adh\u00e9sifs\\\/adhesifs\\\/3m-4235-psa-adhesif-a-base-dacrylate\\\/\"]}]},{\"@type\":\"ImageObject\",\"inLanguage\":\"fr-FR\",\"@id\":\"https:\\\/\\\/cardinal-tapes.com\\\/fr\\\/rubans-adh\u00e9sifs\\\/adhesifs\\\/3m-4235-psa-adhesif-a-base-dacrylate\\\/#primaryimage\",\"url\":\"https:\\\/\\\/cardinal-tapes.com\\\/wp-content\\\/uploads\\\/3m_psa-klebstoff_4235.jpg\",\"contentUrl\":\"https:\\\/\\\/cardinal-tapes.com\\\/wp-content\\\/uploads\\\/3m_psa-klebstoff_4235.jpg\",\"width\":600,\"height\":600,\"caption\":\"3M PSA Adh\u00e9sif 4235\"},{\"@type\":\"BreadcrumbList\",\"@id\":\"https:\\\/\\\/cardinal-tapes.com\\\/fr\\\/rubans-adh\u00e9sifs\\\/adhesifs\\\/3m-4235-psa-adhesif-a-base-dacrylate\\\/#breadcrumb\",\"itemListElement\":[{\"@type\":\"ListItem\",\"position\":1,\"name\":\"Startseite\",\"item\":\"https:\\\/\\\/cardinal-tapes.com\\\/fr\\\/accueil\\\/\"},{\"@type\":\"ListItem\",\"position\":2,\"name\":\"Rubans adh\u00e9sifs\",\"item\":\"https:\\\/\\\/cardinal-tapes.com\\\/fr\\\/rubans-adhesifs-fr\\\/\"},{\"@type\":\"ListItem\",\"position\":3,\"name\":\"Adh\u00e9sifs\",\"item\":\"https:\\\/\\\/cardinal-tapes.com\\\/fr\\\/catgorie\\\/adhesifs\\\/\"},{\"@type\":\"ListItem\",\"position\":4,\"name\":\"3M\u2122 4235 Adh\u00e9sif EPI \u00e0 base d&rsquo;acrylique\"}]},{\"@type\":\"WebSite\",\"@id\":\"https:\\\/\\\/cardinal-tapes.com\\\/#website\",\"url\":\"https:\\\/\\\/cardinal-tapes.com\\\/\",\"name\":\"cardinal TAPES\",\"description\":\"Klebetechnik aus Wuppertal\",\"potentialAction\":[{\"@type\":\"SearchAction\",\"target\":{\"@type\":\"EntryPoint\",\"urlTemplate\":\"https:\\\/\\\/cardinal-tapes.com\\\/?s={search_term_string}\"},\"query-input\":{\"@type\":\"PropertyValueSpecification\",\"valueRequired\":true,\"valueName\":\"search_term_string\"}}],\"inLanguage\":\"fr-FR\"}]}<\/script>\n<!-- \/ Yoast SEO plugin. -->","yoast_head_json":{"title":"3M 4235 Adh\u00e9sif EPI \u00e0 base d'acrylate | Cardinal TAPES","description":"Gr\u00e2ce \u00e0 sa grande transparence, l'adh\u00e9sif 3M 4235 PSA \u00e0 base d'acrylate convient \u00e9galement pour le collage de plastiques translucides. En savoir plus.","robots":{"index":"index","follow":"follow","max-snippet":"max-snippet:-1","max-image-preview":"max-image-preview:large","max-video-preview":"max-video-preview:-1"},"canonical":"https:\/\/cardinal-tapes.com\/fr\/rubans-adh\u00e9sifs\/adhesifs\/3m-4235-psa-adhesif-a-base-dacrylate\/","og_locale":"fr_FR","og_type":"article","og_title":"3M 4235 Adh\u00e9sif EPI \u00e0 base d'acrylate | Cardinal TAPES","og_description":"Gr\u00e2ce \u00e0 sa grande transparence, l'adh\u00e9sif 3M 4235 PSA \u00e0 base d'acrylate convient \u00e9galement pour le collage de plastiques translucides. En savoir plus.","og_url":"https:\/\/cardinal-tapes.com\/fr\/rubans-adh\u00e9sifs\/adhesifs\/3m-4235-psa-adhesif-a-base-dacrylate\/","og_site_name":"cardinal TAPES","og_image":[{"width":600,"height":600,"url":"https:\/\/cardinal-tapes.com\/wp-content\/uploads\/3m_psa-klebstoff_4235.jpg","type":"image\/jpeg"}],"twitter_card":"summary_large_image","schema":{"@context":"https:\/\/schema.org","@graph":[{"@type":"WebPage","@id":"https:\/\/cardinal-tapes.com\/fr\/rubans-adh\u00e9sifs\/adhesifs\/3m-4235-psa-adhesif-a-base-dacrylate\/","url":"https:\/\/cardinal-tapes.com\/fr\/rubans-adh\u00e9sifs\/adhesifs\/3m-4235-psa-adhesif-a-base-dacrylate\/","name":"3M 4235 Adh\u00e9sif EPI \u00e0 base d'acrylate | Cardinal TAPES","isPartOf":{"@id":"https:\/\/cardinal-tapes.com\/#website"},"primaryImageOfPage":{"@id":"https:\/\/cardinal-tapes.com\/fr\/rubans-adh\u00e9sifs\/adhesifs\/3m-4235-psa-adhesif-a-base-dacrylate\/#primaryimage"},"image":{"@id":"https:\/\/cardinal-tapes.com\/fr\/rubans-adh\u00e9sifs\/adhesifs\/3m-4235-psa-adhesif-a-base-dacrylate\/#primaryimage"},"thumbnailUrl":"https:\/\/cardinal-tapes.com\/wp-content\/uploads\/3m_psa-klebstoff_4235.jpg","datePublished":"2023-06-05T15:24:05+00:00","description":"Gr\u00e2ce \u00e0 sa grande transparence, l'adh\u00e9sif 3M 4235 PSA \u00e0 base d'acrylate convient \u00e9galement pour le collage de plastiques translucides. En savoir plus.","breadcrumb":{"@id":"https:\/\/cardinal-tapes.com\/fr\/rubans-adh\u00e9sifs\/adhesifs\/3m-4235-psa-adhesif-a-base-dacrylate\/#breadcrumb"},"inLanguage":"fr-FR","potentialAction":[{"@type":"ReadAction","target":["https:\/\/cardinal-tapes.com\/fr\/rubans-adh\u00e9sifs\/adhesifs\/3m-4235-psa-adhesif-a-base-dacrylate\/"]}]},{"@type":"ImageObject","inLanguage":"fr-FR","@id":"https:\/\/cardinal-tapes.com\/fr\/rubans-adh\u00e9sifs\/adhesifs\/3m-4235-psa-adhesif-a-base-dacrylate\/#primaryimage","url":"https:\/\/cardinal-tapes.com\/wp-content\/uploads\/3m_psa-klebstoff_4235.jpg","contentUrl":"https:\/\/cardinal-tapes.com\/wp-content\/uploads\/3m_psa-klebstoff_4235.jpg","width":600,"height":600,"caption":"3M PSA Adh\u00e9sif 4235"},{"@type":"BreadcrumbList","@id":"https:\/\/cardinal-tapes.com\/fr\/rubans-adh\u00e9sifs\/adhesifs\/3m-4235-psa-adhesif-a-base-dacrylate\/#breadcrumb","itemListElement":[{"@type":"ListItem","position":1,"name":"Startseite","item":"https:\/\/cardinal-tapes.com\/fr\/accueil\/"},{"@type":"ListItem","position":2,"name":"Rubans adh\u00e9sifs","item":"https:\/\/cardinal-tapes.com\/fr\/rubans-adhesifs-fr\/"},{"@type":"ListItem","position":3,"name":"Adh\u00e9sifs","item":"https:\/\/cardinal-tapes.com\/fr\/catgorie\/adhesifs\/"},{"@type":"ListItem","position":4,"name":"3M\u2122 4235 Adh\u00e9sif EPI \u00e0 base d&rsquo;acrylique"}]},{"@type":"WebSite","@id":"https:\/\/cardinal-tapes.com\/#website","url":"https:\/\/cardinal-tapes.com\/","name":"cardinal TAPES","description":"Klebetechnik aus Wuppertal","potentialAction":[{"@type":"SearchAction","target":{"@type":"EntryPoint","urlTemplate":"https:\/\/cardinal-tapes.com\/?s={search_term_string}"},"query-input":{"@type":"PropertyValueSpecification","valueRequired":true,"valueName":"search_term_string"}}],"inLanguage":"fr-FR"}]}},"brands":[{"id":2167,"name":"3M","slug":"3m-fr"}],"_links":{"self":[{"href":"https:\/\/cardinal-tapes.com\/fr\/wp-json\/wp\/v2\/product\/55070","targetHints":{"allow":["GET"]}}],"collection":[{"href":"https:\/\/cardinal-tapes.com\/fr\/wp-json\/wp\/v2\/product"}],"about":[{"href":"https:\/\/cardinal-tapes.com\/fr\/wp-json\/wp\/v2\/types\/product"}],"wp:featuredmedia":[{"embeddable":true,"href":"https:\/\/cardinal-tapes.com\/fr\/wp-json\/wp\/v2\/media\/25472"}],"wp:attachment":[{"href":"https:\/\/cardinal-tapes.com\/fr\/wp-json\/wp\/v2\/media?parent=55070"}],"wp:term":[{"taxonomy":"pwb-brand","embeddable":true,"href":"https:\/\/cardinal-tapes.com\/fr\/wp-json\/wp\/v2\/pwb-brand?post=55070"},{"taxonomy":"product_brand","embeddable":true,"href":"https:\/\/cardinal-tapes.com\/fr\/wp-json\/wp\/v2\/product_brand?post=55070"},{"taxonomy":"product_cat","embeddable":true,"href":"https:\/\/cardinal-tapes.com\/fr\/wp-json\/wp\/v2\/product_cat?post=55070"},{"taxonomy":"product_tag","embeddable":true,"href":"https:\/\/cardinal-tapes.com\/fr\/wp-json\/wp\/v2\/product_tag?post=55070"}],"curies":[{"name":"wp","href":"https:\/\/api.w.org\/{rel}","templated":true}]}}