{"id":54944,"date":"2017-12-22T16:25:54","date_gmt":"2023-06-05T15:23:54","guid":{"rendered":"https:\/\/cardinal.pixel-tal.de\/klebebaender\/non class\u00e9\/3m-ruban-adhesif-pour-filaments-8959\/"},"modified":"2023-06-05T17:23:54","modified_gmt":"2023-06-05T15:23:54","slug":"3m-8959-filament-klebeband","status":"publish","type":"product","link":"https:\/\/cardinal-tapes.com\/fr\/rubans-adh\u00e9sifs\/systemes-demballage\/3m-8959-filament-klebeband\/","title":{"rendered":"3M\u2122 Ruban adh\u00e9sif pour filaments 8959"},"content":{"rendered":"<p>Le ruban adh\u00e9sif \u00e0 filaments 3M\u2122 8959 est renforc\u00e9 par un tissage crois\u00e9 de fibres de verre, ce qui lui conf\u00e8re une tr\u00e8s grande r\u00e9sistance \u00e0 la d\u00e9chirure, tant dans le sens longitudinal que dans le sens transversal. En outre, le ruban adh\u00e9sif se caract\u00e9rise par une grande r\u00e9sistance \u00e0 l&#8217;abrasion et \u00e0 l&#8217;humidit\u00e9. De ce fait, les domaines d&#8217;application sont tr\u00e8s vari\u00e9s. Par exemple, il est utilis\u00e9 pour s\u00e9curiser les palettes et pour regrouper des produits l\u00e9gers.<\/p>\n<p><strong>Caract\u00e9ristiques<\/strong><br \/>\n&#8211; Excellente r\u00e9sistance pour les colis lourds et l&#8217;emballage d&#8217;exportation<br \/>\n&#8211; Forte adh\u00e9rence sur les panneaux de fibres et autres surfaces<\/p>\n<p><strong>Applications<\/strong><br \/>\n&#8211; Fermeture et scellage de cartons<br \/>\n&#8211; Fixation, s\u00e9curisation et emballage g\u00e9n\u00e9ral<\/p>\n","protected":false},"excerpt":{"rendered":"<p>Le ruban adh\u00e9sif \u00e0 filaments 3M\u2122 8959 est renforc\u00e9 par un tissage crois\u00e9 de fibres de verre, ce qui lui conf\u00e8re une tr\u00e8s grande r\u00e9sistance \u00e0 la d\u00e9chirure, tant dans le sens longitudinal que dans le sens transversal. En outre, le ruban adh\u00e9sif se caract\u00e9rise par une grande r\u00e9sistance \u00e0 l&#8217;abrasion et \u00e0 l&#8217;humidit\u00e9. De [&hellip;]<\/p>\n","protected":false},"featured_media":25412,"template":"","meta":{"_acf_changed":false},"pwb-brand":[2167],"product_brand":[],"product_cat":[1859],"product_tag":[],"class_list":{"0":"post-54944","1":"product","2":"type-product","3":"status-publish","4":"has-post-thumbnail","6":"pwb-brand-3m-fr","7":"product_cat-systemes-demballage","9":"first","10":"instock","11":"taxable","12":"shipping-taxable","13":"purchasable","14":"product-type-variable"},"acf":[],"yoast_head":"<!-- This site is optimized with the Yoast SEO plugin v27.3 - https:\/\/yoast.com\/product\/yoast-seo-wordpress\/ -->\n<title>3M 8959 Ruban adh\u00e9sif pour filaments | Cardinal TAPES<\/title>\n<meta name=\"description\" content=\"Le ruban adh\u00e9sif \u00e0 filaments 3M 8959 est renforc\u00e9 par un tissage crois\u00e9 de fibres de verre, ce qui lui conf\u00e8re une tr\u00e8s grande r\u00e9sistance \u00e0 la d\u00e9chirure, tant dans le sens de la longueur que dans celui de la largeur.\" \/>\n<meta name=\"robots\" content=\"index, follow, max-snippet:-1, max-image-preview:large, max-video-preview:-1\" \/>\n<link rel=\"canonical\" href=\"https:\/\/cardinal-tapes.com\/fr\/rubans-adh\u00e9sifs\/systemes-demballage\/3m-8959-filament-klebeband\/\" \/>\n<meta property=\"og:locale\" content=\"fr_FR\" \/>\n<meta property=\"og:type\" content=\"article\" \/>\n<meta property=\"og:title\" content=\"3M 8959 Ruban adh\u00e9sif pour filaments | Cardinal TAPES\" \/>\n<meta property=\"og:description\" content=\"Le ruban adh\u00e9sif \u00e0 filaments 3M 8959 est renforc\u00e9 par un tissage crois\u00e9 de fibres de verre, ce qui lui conf\u00e8re une tr\u00e8s grande r\u00e9sistance \u00e0 la d\u00e9chirure, tant dans le sens de la longueur que dans celui de la largeur.\" \/>\n<meta property=\"og:url\" content=\"https:\/\/cardinal-tapes.com\/fr\/rubans-adh\u00e9sifs\/systemes-demballage\/3m-8959-filament-klebeband\/\" \/>\n<meta property=\"og:site_name\" content=\"cardinal TAPES\" \/>\n<meta property=\"og:image\" content=\"https:\/\/cardinal-tapes.com\/wp-content\/uploads\/3m_filamentklebeband_8959.jpg\" \/>\n\t<meta property=\"og:image:width\" content=\"600\" \/>\n\t<meta property=\"og:image:height\" content=\"600\" \/>\n\t<meta property=\"og:image:type\" content=\"image\/jpeg\" \/>\n<meta name=\"twitter:card\" content=\"summary_large_image\" \/>\n<meta name=\"twitter:label1\" content=\"Dur\u00e9e de lecture estim\u00e9e\" \/>\n\t<meta name=\"twitter:data1\" content=\"1 minute\" \/>\n<script type=\"application\/ld+json\" class=\"yoast-schema-graph\">{\"@context\":\"https:\\\/\\\/schema.org\",\"@graph\":[{\"@type\":\"WebPage\",\"@id\":\"https:\\\/\\\/cardinal-tapes.com\\\/fr\\\/rubans-adh\u00e9sifs\\\/systemes-demballage\\\/3m-8959-filament-klebeband\\\/\",\"url\":\"https:\\\/\\\/cardinal-tapes.com\\\/fr\\\/rubans-adh\u00e9sifs\\\/systemes-demballage\\\/3m-8959-filament-klebeband\\\/\",\"name\":\"3M 8959 Ruban adh\u00e9sif pour filaments | Cardinal TAPES\",\"isPartOf\":{\"@id\":\"https:\\\/\\\/cardinal-tapes.com\\\/#website\"},\"primaryImageOfPage\":{\"@id\":\"https:\\\/\\\/cardinal-tapes.com\\\/fr\\\/rubans-adh\u00e9sifs\\\/systemes-demballage\\\/3m-8959-filament-klebeband\\\/#primaryimage\"},\"image\":{\"@id\":\"https:\\\/\\\/cardinal-tapes.com\\\/fr\\\/rubans-adh\u00e9sifs\\\/systemes-demballage\\\/3m-8959-filament-klebeband\\\/#primaryimage\"},\"thumbnailUrl\":\"https:\\\/\\\/cardinal-tapes.com\\\/wp-content\\\/uploads\\\/3m_filamentklebeband_8959.jpg\",\"datePublished\":\"2023-06-05T15:23:54+00:00\",\"description\":\"Le ruban adh\u00e9sif \u00e0 filaments 3M 8959 est renforc\u00e9 par un tissage crois\u00e9 de fibres de verre, ce qui lui conf\u00e8re une tr\u00e8s grande r\u00e9sistance \u00e0 la d\u00e9chirure, tant dans le sens de la longueur que dans celui de la largeur.\",\"breadcrumb\":{\"@id\":\"https:\\\/\\\/cardinal-tapes.com\\\/fr\\\/rubans-adh\u00e9sifs\\\/systemes-demballage\\\/3m-8959-filament-klebeband\\\/#breadcrumb\"},\"inLanguage\":\"fr-FR\",\"potentialAction\":[{\"@type\":\"ReadAction\",\"target\":[\"https:\\\/\\\/cardinal-tapes.com\\\/fr\\\/rubans-adh\u00e9sifs\\\/systemes-demballage\\\/3m-8959-filament-klebeband\\\/\"]}]},{\"@type\":\"ImageObject\",\"inLanguage\":\"fr-FR\",\"@id\":\"https:\\\/\\\/cardinal-tapes.com\\\/fr\\\/rubans-adh\u00e9sifs\\\/systemes-demballage\\\/3m-8959-filament-klebeband\\\/#primaryimage\",\"url\":\"https:\\\/\\\/cardinal-tapes.com\\\/wp-content\\\/uploads\\\/3m_filamentklebeband_8959.jpg\",\"contentUrl\":\"https:\\\/\\\/cardinal-tapes.com\\\/wp-content\\\/uploads\\\/3m_filamentklebeband_8959.jpg\",\"width\":600,\"height\":600,\"caption\":\"Ruban adh\u00e9sif \u00e0 filaments 3M 8959\"},{\"@type\":\"BreadcrumbList\",\"@id\":\"https:\\\/\\\/cardinal-tapes.com\\\/fr\\\/rubans-adh\u00e9sifs\\\/systemes-demballage\\\/3m-8959-filament-klebeband\\\/#breadcrumb\",\"itemListElement\":[{\"@type\":\"ListItem\",\"position\":1,\"name\":\"Startseite\",\"item\":\"https:\\\/\\\/cardinal-tapes.com\\\/fr\\\/accueil\\\/\"},{\"@type\":\"ListItem\",\"position\":2,\"name\":\"Rubans adh\u00e9sifs\",\"item\":\"https:\\\/\\\/cardinal-tapes.com\\\/fr\\\/rubans-adhesifs-fr\\\/\"},{\"@type\":\"ListItem\",\"position\":3,\"name\":\"Syst\u00e8mes d&#039;emballage\",\"item\":\"https:\\\/\\\/cardinal-tapes.com\\\/fr\\\/catgorie\\\/systemes-demballage\\\/\"},{\"@type\":\"ListItem\",\"position\":4,\"name\":\"3M\u2122 Ruban adh\u00e9sif pour filaments 8959\"}]},{\"@type\":\"WebSite\",\"@id\":\"https:\\\/\\\/cardinal-tapes.com\\\/#website\",\"url\":\"https:\\\/\\\/cardinal-tapes.com\\\/\",\"name\":\"cardinal TAPES\",\"description\":\"Klebetechnik aus Wuppertal\",\"potentialAction\":[{\"@type\":\"SearchAction\",\"target\":{\"@type\":\"EntryPoint\",\"urlTemplate\":\"https:\\\/\\\/cardinal-tapes.com\\\/?s={search_term_string}\"},\"query-input\":{\"@type\":\"PropertyValueSpecification\",\"valueRequired\":true,\"valueName\":\"search_term_string\"}}],\"inLanguage\":\"fr-FR\"}]}<\/script>\n<!-- \/ Yoast SEO plugin. -->","yoast_head_json":{"title":"3M 8959 Ruban adh\u00e9sif pour filaments | Cardinal TAPES","description":"Le ruban adh\u00e9sif \u00e0 filaments 3M 8959 est renforc\u00e9 par un tissage crois\u00e9 de fibres de verre, ce qui lui conf\u00e8re une tr\u00e8s grande r\u00e9sistance \u00e0 la d\u00e9chirure, tant dans le sens de la longueur que dans celui de la largeur.","robots":{"index":"index","follow":"follow","max-snippet":"max-snippet:-1","max-image-preview":"max-image-preview:large","max-video-preview":"max-video-preview:-1"},"canonical":"https:\/\/cardinal-tapes.com\/fr\/rubans-adh\u00e9sifs\/systemes-demballage\/3m-8959-filament-klebeband\/","og_locale":"fr_FR","og_type":"article","og_title":"3M 8959 Ruban adh\u00e9sif pour filaments | Cardinal TAPES","og_description":"Le ruban adh\u00e9sif \u00e0 filaments 3M 8959 est renforc\u00e9 par un tissage crois\u00e9 de fibres de verre, ce qui lui conf\u00e8re une tr\u00e8s grande r\u00e9sistance \u00e0 la d\u00e9chirure, tant dans le sens de la longueur que dans celui de la largeur.","og_url":"https:\/\/cardinal-tapes.com\/fr\/rubans-adh\u00e9sifs\/systemes-demballage\/3m-8959-filament-klebeband\/","og_site_name":"cardinal TAPES","og_image":[{"width":600,"height":600,"url":"https:\/\/cardinal-tapes.com\/wp-content\/uploads\/3m_filamentklebeband_8959.jpg","type":"image\/jpeg"}],"twitter_card":"summary_large_image","twitter_misc":{"Dur\u00e9e de lecture estim\u00e9e":"1 minute"},"schema":{"@context":"https:\/\/schema.org","@graph":[{"@type":"WebPage","@id":"https:\/\/cardinal-tapes.com\/fr\/rubans-adh\u00e9sifs\/systemes-demballage\/3m-8959-filament-klebeband\/","url":"https:\/\/cardinal-tapes.com\/fr\/rubans-adh\u00e9sifs\/systemes-demballage\/3m-8959-filament-klebeband\/","name":"3M 8959 Ruban adh\u00e9sif pour filaments | Cardinal TAPES","isPartOf":{"@id":"https:\/\/cardinal-tapes.com\/#website"},"primaryImageOfPage":{"@id":"https:\/\/cardinal-tapes.com\/fr\/rubans-adh\u00e9sifs\/systemes-demballage\/3m-8959-filament-klebeband\/#primaryimage"},"image":{"@id":"https:\/\/cardinal-tapes.com\/fr\/rubans-adh\u00e9sifs\/systemes-demballage\/3m-8959-filament-klebeband\/#primaryimage"},"thumbnailUrl":"https:\/\/cardinal-tapes.com\/wp-content\/uploads\/3m_filamentklebeband_8959.jpg","datePublished":"2023-06-05T15:23:54+00:00","description":"Le ruban adh\u00e9sif \u00e0 filaments 3M 8959 est renforc\u00e9 par un tissage crois\u00e9 de fibres de verre, ce qui lui conf\u00e8re une tr\u00e8s grande r\u00e9sistance \u00e0 la d\u00e9chirure, tant dans le sens de la longueur que dans celui de la largeur.","breadcrumb":{"@id":"https:\/\/cardinal-tapes.com\/fr\/rubans-adh\u00e9sifs\/systemes-demballage\/3m-8959-filament-klebeband\/#breadcrumb"},"inLanguage":"fr-FR","potentialAction":[{"@type":"ReadAction","target":["https:\/\/cardinal-tapes.com\/fr\/rubans-adh\u00e9sifs\/systemes-demballage\/3m-8959-filament-klebeband\/"]}]},{"@type":"ImageObject","inLanguage":"fr-FR","@id":"https:\/\/cardinal-tapes.com\/fr\/rubans-adh\u00e9sifs\/systemes-demballage\/3m-8959-filament-klebeband\/#primaryimage","url":"https:\/\/cardinal-tapes.com\/wp-content\/uploads\/3m_filamentklebeband_8959.jpg","contentUrl":"https:\/\/cardinal-tapes.com\/wp-content\/uploads\/3m_filamentklebeband_8959.jpg","width":600,"height":600,"caption":"Ruban adh\u00e9sif \u00e0 filaments 3M 8959"},{"@type":"BreadcrumbList","@id":"https:\/\/cardinal-tapes.com\/fr\/rubans-adh\u00e9sifs\/systemes-demballage\/3m-8959-filament-klebeband\/#breadcrumb","itemListElement":[{"@type":"ListItem","position":1,"name":"Startseite","item":"https:\/\/cardinal-tapes.com\/fr\/accueil\/"},{"@type":"ListItem","position":2,"name":"Rubans adh\u00e9sifs","item":"https:\/\/cardinal-tapes.com\/fr\/rubans-adhesifs-fr\/"},{"@type":"ListItem","position":3,"name":"Syst\u00e8mes d&#039;emballage","item":"https:\/\/cardinal-tapes.com\/fr\/catgorie\/systemes-demballage\/"},{"@type":"ListItem","position":4,"name":"3M\u2122 Ruban adh\u00e9sif pour filaments 8959"}]},{"@type":"WebSite","@id":"https:\/\/cardinal-tapes.com\/#website","url":"https:\/\/cardinal-tapes.com\/","name":"cardinal TAPES","description":"Klebetechnik aus Wuppertal","potentialAction":[{"@type":"SearchAction","target":{"@type":"EntryPoint","urlTemplate":"https:\/\/cardinal-tapes.com\/?s={search_term_string}"},"query-input":{"@type":"PropertyValueSpecification","valueRequired":true,"valueName":"search_term_string"}}],"inLanguage":"fr-FR"}]}},"brands":[{"id":2167,"name":"3M","slug":"3m-fr"}],"_links":{"self":[{"href":"https:\/\/cardinal-tapes.com\/fr\/wp-json\/wp\/v2\/product\/54944","targetHints":{"allow":["GET"]}}],"collection":[{"href":"https:\/\/cardinal-tapes.com\/fr\/wp-json\/wp\/v2\/product"}],"about":[{"href":"https:\/\/cardinal-tapes.com\/fr\/wp-json\/wp\/v2\/types\/product"}],"wp:featuredmedia":[{"embeddable":true,"href":"https:\/\/cardinal-tapes.com\/fr\/wp-json\/wp\/v2\/media\/25412"}],"wp:attachment":[{"href":"https:\/\/cardinal-tapes.com\/fr\/wp-json\/wp\/v2\/media?parent=54944"}],"wp:term":[{"taxonomy":"pwb-brand","embeddable":true,"href":"https:\/\/cardinal-tapes.com\/fr\/wp-json\/wp\/v2\/pwb-brand?post=54944"},{"taxonomy":"product_brand","embeddable":true,"href":"https:\/\/cardinal-tapes.com\/fr\/wp-json\/wp\/v2\/product_brand?post=54944"},{"taxonomy":"product_cat","embeddable":true,"href":"https:\/\/cardinal-tapes.com\/fr\/wp-json\/wp\/v2\/product_cat?post=54944"},{"taxonomy":"product_tag","embeddable":true,"href":"https:\/\/cardinal-tapes.com\/fr\/wp-json\/wp\/v2\/product_tag?post=54944"}],"curies":[{"name":"wp","href":"https:\/\/api.w.org\/{rel}","templated":true}]}}