{"id":54906,"date":"2017-12-22T16:32:53","date_gmt":"2017-12-22T15:32:53","guid":{"rendered":"https:\/\/cardinal.pixel-tal.de\/klebebaender\/non%20class\u00e9\/3m-ruban-adhesif-pour-pochette-8242\/"},"modified":"2024-03-15T12:27:32","modified_gmt":"2024-03-15T11:27:32","slug":"3m-8242-pouch-tape-pour-documents","status":"publish","type":"product","link":"https:\/\/cardinal-tapes.com\/fr\/rubans-adh\u00e9sifs\/rubans-adhesifs-simple-face\/3m-8242-pouch-tape-pour-documents\/","title":{"rendered":"3M\u2122 Ruban adh\u00e9sif pour pochette 8242"},"content":{"rendered":"<p>Gr\u00e2ce \u00e0 ses propri\u00e9t\u00e9s particuli\u00e8res, le ruban adh\u00e9sif 3M\u2122 8242 peut r\u00e9duire les risques d&#8217;erreur dans le domaine du transport et augmenter la productivit\u00e9. Le ruban adh\u00e9sif se distingue notamment par sa bonne adh\u00e9rence sur de nombreuses surfaces diff\u00e9rentes. De plus, le support est tr\u00e8s r\u00e9sistant \u00e0 l&#8217;abrasion, ce qui permet de tr\u00e8s bien prot\u00e9ger les colis contre les dommages pendant le transport.<\/p>\n<div class=\"content--title\"><strong>Caract\u00e9ristiques<\/strong><br \/>\n&#8211; Tr\u00e8s bonne adh\u00e9rence sur de nombreuses surfaces diff\u00e9rentes<br \/>\n&#8211; Peut \u00eatre utilis\u00e9 avec le d\u00e9rouleur de protection de documents M777<\/div>\n<div><\/div>\n<div class=\"content--title\"><strong>Applications<\/strong><\/div>\n<div>&#8211; Pour recevoir des documents d&#8217;exp\u00e9dition au format DIN A6<\/div>\n","protected":false},"excerpt":{"rendered":"<p>Gr\u00e2ce \u00e0 ses propri\u00e9t\u00e9s particuli\u00e8res, le ruban adh\u00e9sif 3M\u2122 8242 peut r\u00e9duire les risques d&#8217;erreur dans le domaine du transport et augmenter la productivit\u00e9. Le ruban adh\u00e9sif se distingue notamment par sa bonne adh\u00e9rence sur de nombreuses surfaces diff\u00e9rentes. De plus, le support est tr\u00e8s r\u00e9sistant \u00e0 l&#8217;abrasion, ce qui permet de tr\u00e8s bien prot\u00e9ger [&hellip;]<\/p>\n","protected":false},"featured_media":25396,"template":"","meta":{"_acf_changed":false},"pwb-brand":[2167],"product_brand":[],"product_cat":[1858,1836],"product_tag":[],"class_list":{"0":"post-54906","1":"product","2":"type-product","3":"status-publish","4":"has-post-thumbnail","6":"pwb-brand-3m-fr","7":"product_cat-non-categorise","8":"product_cat-rubans-adhesifs-simple-face","10":"first","11":"instock","12":"taxable","13":"shipping-taxable","14":"purchasable","15":"product-type-simple"},"acf":[],"yoast_head":"<!-- This site is optimized with the Yoast SEO plugin v27.3 - https:\/\/yoast.com\/product\/yoast-seo-wordpress\/ -->\n<title>3M 8242 Pouch Tape Protection de documents | Cardinal TAPES<\/title>\n<meta name=\"description\" content=\"Gr\u00e2ce \u00e0 ses propri\u00e9t\u00e9s particuli\u00e8res, le ruban adh\u00e9sif 3M 8242 peut r\u00e9duire le risque d&#039;erreurs dans le domaine du transport et augmenter la productivit\u00e9. En savoir plus.\" \/>\n<meta name=\"robots\" content=\"index, follow, max-snippet:-1, max-image-preview:large, max-video-preview:-1\" \/>\n<link rel=\"canonical\" href=\"https:\/\/cardinal-tapes.com\/fr\/rubans-adh\u00e9sifs\/rubans-adhesifs-simple-face\/3m-8242-pouch-tape-pour-documents\/\" \/>\n<meta property=\"og:locale\" content=\"fr_FR\" \/>\n<meta property=\"og:type\" content=\"article\" \/>\n<meta property=\"og:title\" content=\"3M 8242 Pouch Tape Protection de documents | Cardinal TAPES\" \/>\n<meta property=\"og:description\" content=\"Gr\u00e2ce \u00e0 ses propri\u00e9t\u00e9s particuli\u00e8res, le ruban adh\u00e9sif 3M 8242 peut r\u00e9duire le risque d&#039;erreurs dans le domaine du transport et augmenter la productivit\u00e9. En savoir plus.\" \/>\n<meta property=\"og:url\" content=\"https:\/\/cardinal-tapes.com\/fr\/rubans-adh\u00e9sifs\/rubans-adhesifs-simple-face\/3m-8242-pouch-tape-pour-documents\/\" \/>\n<meta property=\"og:site_name\" content=\"cardinal TAPES\" \/>\n<meta property=\"article:modified_time\" content=\"2024-03-15T11:27:32+00:00\" \/>\n<meta property=\"og:image\" content=\"https:\/\/cardinal-tapes.com\/wp-content\/uploads\/3m_dokumentenschutz_8242.jpg\" \/>\n\t<meta property=\"og:image:width\" content=\"600\" \/>\n\t<meta property=\"og:image:height\" content=\"600\" \/>\n\t<meta property=\"og:image:type\" content=\"image\/jpeg\" \/>\n<meta name=\"twitter:card\" content=\"summary_large_image\" \/>\n<meta name=\"twitter:label1\" content=\"Dur\u00e9e de lecture estim\u00e9e\" \/>\n\t<meta name=\"twitter:data1\" content=\"1 minute\" \/>\n<script type=\"application\/ld+json\" class=\"yoast-schema-graph\">{\"@context\":\"https:\\\/\\\/schema.org\",\"@graph\":[{\"@type\":\"WebPage\",\"@id\":\"https:\\\/\\\/cardinal-tapes.com\\\/fr\\\/rubans-adh\u00e9sifs\\\/rubans-adhesifs-simple-face\\\/3m-8242-pouch-tape-pour-documents\\\/\",\"url\":\"https:\\\/\\\/cardinal-tapes.com\\\/fr\\\/rubans-adh\u00e9sifs\\\/rubans-adhesifs-simple-face\\\/3m-8242-pouch-tape-pour-documents\\\/\",\"name\":\"3M 8242 Pouch Tape Protection de documents | Cardinal TAPES\",\"isPartOf\":{\"@id\":\"https:\\\/\\\/cardinal-tapes.com\\\/#website\"},\"primaryImageOfPage\":{\"@id\":\"https:\\\/\\\/cardinal-tapes.com\\\/fr\\\/rubans-adh\u00e9sifs\\\/rubans-adhesifs-simple-face\\\/3m-8242-pouch-tape-pour-documents\\\/#primaryimage\"},\"image\":{\"@id\":\"https:\\\/\\\/cardinal-tapes.com\\\/fr\\\/rubans-adh\u00e9sifs\\\/rubans-adhesifs-simple-face\\\/3m-8242-pouch-tape-pour-documents\\\/#primaryimage\"},\"thumbnailUrl\":\"https:\\\/\\\/cardinal-tapes.com\\\/wp-content\\\/uploads\\\/3m_dokumentenschutz_8242.jpg\",\"datePublished\":\"2017-12-22T15:32:53+00:00\",\"dateModified\":\"2024-03-15T11:27:32+00:00\",\"description\":\"Gr\u00e2ce \u00e0 ses propri\u00e9t\u00e9s particuli\u00e8res, le ruban adh\u00e9sif 3M 8242 peut r\u00e9duire le risque d'erreurs dans le domaine du transport et augmenter la productivit\u00e9. En savoir plus.\",\"breadcrumb\":{\"@id\":\"https:\\\/\\\/cardinal-tapes.com\\\/fr\\\/rubans-adh\u00e9sifs\\\/rubans-adhesifs-simple-face\\\/3m-8242-pouch-tape-pour-documents\\\/#breadcrumb\"},\"inLanguage\":\"fr-FR\",\"potentialAction\":[{\"@type\":\"ReadAction\",\"target\":[\"https:\\\/\\\/cardinal-tapes.com\\\/fr\\\/rubans-adh\u00e9sifs\\\/rubans-adhesifs-simple-face\\\/3m-8242-pouch-tape-pour-documents\\\/\"]}]},{\"@type\":\"ImageObject\",\"inLanguage\":\"fr-FR\",\"@id\":\"https:\\\/\\\/cardinal-tapes.com\\\/fr\\\/rubans-adh\u00e9sifs\\\/rubans-adhesifs-simple-face\\\/3m-8242-pouch-tape-pour-documents\\\/#primaryimage\",\"url\":\"https:\\\/\\\/cardinal-tapes.com\\\/wp-content\\\/uploads\\\/3m_dokumentenschutz_8242.jpg\",\"contentUrl\":\"https:\\\/\\\/cardinal-tapes.com\\\/wp-content\\\/uploads\\\/3m_dokumentenschutz_8242.jpg\",\"width\":600,\"height\":600,\"caption\":\"Ruban adh\u00e9sif 3M pour la protection des documents 8242\"},{\"@type\":\"BreadcrumbList\",\"@id\":\"https:\\\/\\\/cardinal-tapes.com\\\/fr\\\/rubans-adh\u00e9sifs\\\/rubans-adhesifs-simple-face\\\/3m-8242-pouch-tape-pour-documents\\\/#breadcrumb\",\"itemListElement\":[{\"@type\":\"ListItem\",\"position\":1,\"name\":\"Startseite\",\"item\":\"https:\\\/\\\/cardinal-tapes.com\\\/fr\\\/accueil\\\/\"},{\"@type\":\"ListItem\",\"position\":2,\"name\":\"Rubans adh\u00e9sifs\",\"item\":\"https:\\\/\\\/cardinal-tapes.com\\\/fr\\\/rubans-adhesifs-fr\\\/\"},{\"@type\":\"ListItem\",\"position\":3,\"name\":\"Rubans adh\u00e9sifs simple face\",\"item\":\"https:\\\/\\\/cardinal-tapes.com\\\/fr\\\/catgorie\\\/rubans-adhesifs-simple-face\\\/\"},{\"@type\":\"ListItem\",\"position\":4,\"name\":\"3M\u2122 Ruban adh\u00e9sif pour pochette 8242\"}]},{\"@type\":\"WebSite\",\"@id\":\"https:\\\/\\\/cardinal-tapes.com\\\/#website\",\"url\":\"https:\\\/\\\/cardinal-tapes.com\\\/\",\"name\":\"cardinal TAPES\",\"description\":\"Klebetechnik aus Wuppertal\",\"potentialAction\":[{\"@type\":\"SearchAction\",\"target\":{\"@type\":\"EntryPoint\",\"urlTemplate\":\"https:\\\/\\\/cardinal-tapes.com\\\/?s={search_term_string}\"},\"query-input\":{\"@type\":\"PropertyValueSpecification\",\"valueRequired\":true,\"valueName\":\"search_term_string\"}}],\"inLanguage\":\"fr-FR\"}]}<\/script>\n<!-- \/ Yoast SEO plugin. -->","yoast_head_json":{"title":"3M 8242 Pouch Tape Protection de documents | Cardinal TAPES","description":"Gr\u00e2ce \u00e0 ses propri\u00e9t\u00e9s particuli\u00e8res, le ruban adh\u00e9sif 3M 8242 peut r\u00e9duire le risque d'erreurs dans le domaine du transport et augmenter la productivit\u00e9. En savoir plus.","robots":{"index":"index","follow":"follow","max-snippet":"max-snippet:-1","max-image-preview":"max-image-preview:large","max-video-preview":"max-video-preview:-1"},"canonical":"https:\/\/cardinal-tapes.com\/fr\/rubans-adh\u00e9sifs\/rubans-adhesifs-simple-face\/3m-8242-pouch-tape-pour-documents\/","og_locale":"fr_FR","og_type":"article","og_title":"3M 8242 Pouch Tape Protection de documents | Cardinal TAPES","og_description":"Gr\u00e2ce \u00e0 ses propri\u00e9t\u00e9s particuli\u00e8res, le ruban adh\u00e9sif 3M 8242 peut r\u00e9duire le risque d'erreurs dans le domaine du transport et augmenter la productivit\u00e9. En savoir plus.","og_url":"https:\/\/cardinal-tapes.com\/fr\/rubans-adh\u00e9sifs\/rubans-adhesifs-simple-face\/3m-8242-pouch-tape-pour-documents\/","og_site_name":"cardinal TAPES","article_modified_time":"2024-03-15T11:27:32+00:00","og_image":[{"width":600,"height":600,"url":"https:\/\/cardinal-tapes.com\/wp-content\/uploads\/3m_dokumentenschutz_8242.jpg","type":"image\/jpeg"}],"twitter_card":"summary_large_image","twitter_misc":{"Dur\u00e9e de lecture estim\u00e9e":"1 minute"},"schema":{"@context":"https:\/\/schema.org","@graph":[{"@type":"WebPage","@id":"https:\/\/cardinal-tapes.com\/fr\/rubans-adh\u00e9sifs\/rubans-adhesifs-simple-face\/3m-8242-pouch-tape-pour-documents\/","url":"https:\/\/cardinal-tapes.com\/fr\/rubans-adh\u00e9sifs\/rubans-adhesifs-simple-face\/3m-8242-pouch-tape-pour-documents\/","name":"3M 8242 Pouch Tape Protection de documents | Cardinal TAPES","isPartOf":{"@id":"https:\/\/cardinal-tapes.com\/#website"},"primaryImageOfPage":{"@id":"https:\/\/cardinal-tapes.com\/fr\/rubans-adh\u00e9sifs\/rubans-adhesifs-simple-face\/3m-8242-pouch-tape-pour-documents\/#primaryimage"},"image":{"@id":"https:\/\/cardinal-tapes.com\/fr\/rubans-adh\u00e9sifs\/rubans-adhesifs-simple-face\/3m-8242-pouch-tape-pour-documents\/#primaryimage"},"thumbnailUrl":"https:\/\/cardinal-tapes.com\/wp-content\/uploads\/3m_dokumentenschutz_8242.jpg","datePublished":"2017-12-22T15:32:53+00:00","dateModified":"2024-03-15T11:27:32+00:00","description":"Gr\u00e2ce \u00e0 ses propri\u00e9t\u00e9s particuli\u00e8res, le ruban adh\u00e9sif 3M 8242 peut r\u00e9duire le risque d'erreurs dans le domaine du transport et augmenter la productivit\u00e9. En savoir plus.","breadcrumb":{"@id":"https:\/\/cardinal-tapes.com\/fr\/rubans-adh\u00e9sifs\/rubans-adhesifs-simple-face\/3m-8242-pouch-tape-pour-documents\/#breadcrumb"},"inLanguage":"fr-FR","potentialAction":[{"@type":"ReadAction","target":["https:\/\/cardinal-tapes.com\/fr\/rubans-adh\u00e9sifs\/rubans-adhesifs-simple-face\/3m-8242-pouch-tape-pour-documents\/"]}]},{"@type":"ImageObject","inLanguage":"fr-FR","@id":"https:\/\/cardinal-tapes.com\/fr\/rubans-adh\u00e9sifs\/rubans-adhesifs-simple-face\/3m-8242-pouch-tape-pour-documents\/#primaryimage","url":"https:\/\/cardinal-tapes.com\/wp-content\/uploads\/3m_dokumentenschutz_8242.jpg","contentUrl":"https:\/\/cardinal-tapes.com\/wp-content\/uploads\/3m_dokumentenschutz_8242.jpg","width":600,"height":600,"caption":"Ruban adh\u00e9sif 3M pour la protection des documents 8242"},{"@type":"BreadcrumbList","@id":"https:\/\/cardinal-tapes.com\/fr\/rubans-adh\u00e9sifs\/rubans-adhesifs-simple-face\/3m-8242-pouch-tape-pour-documents\/#breadcrumb","itemListElement":[{"@type":"ListItem","position":1,"name":"Startseite","item":"https:\/\/cardinal-tapes.com\/fr\/accueil\/"},{"@type":"ListItem","position":2,"name":"Rubans adh\u00e9sifs","item":"https:\/\/cardinal-tapes.com\/fr\/rubans-adhesifs-fr\/"},{"@type":"ListItem","position":3,"name":"Rubans adh\u00e9sifs simple face","item":"https:\/\/cardinal-tapes.com\/fr\/catgorie\/rubans-adhesifs-simple-face\/"},{"@type":"ListItem","position":4,"name":"3M\u2122 Ruban adh\u00e9sif pour pochette 8242"}]},{"@type":"WebSite","@id":"https:\/\/cardinal-tapes.com\/#website","url":"https:\/\/cardinal-tapes.com\/","name":"cardinal TAPES","description":"Klebetechnik aus Wuppertal","potentialAction":[{"@type":"SearchAction","target":{"@type":"EntryPoint","urlTemplate":"https:\/\/cardinal-tapes.com\/?s={search_term_string}"},"query-input":{"@type":"PropertyValueSpecification","valueRequired":true,"valueName":"search_term_string"}}],"inLanguage":"fr-FR"}]}},"brands":[{"id":2167,"name":"3M","slug":"3m-fr"}],"_links":{"self":[{"href":"https:\/\/cardinal-tapes.com\/fr\/wp-json\/wp\/v2\/product\/54906","targetHints":{"allow":["GET"]}}],"collection":[{"href":"https:\/\/cardinal-tapes.com\/fr\/wp-json\/wp\/v2\/product"}],"about":[{"href":"https:\/\/cardinal-tapes.com\/fr\/wp-json\/wp\/v2\/types\/product"}],"wp:featuredmedia":[{"embeddable":true,"href":"https:\/\/cardinal-tapes.com\/fr\/wp-json\/wp\/v2\/media\/25396"}],"wp:attachment":[{"href":"https:\/\/cardinal-tapes.com\/fr\/wp-json\/wp\/v2\/media?parent=54906"}],"wp:term":[{"taxonomy":"pwb-brand","embeddable":true,"href":"https:\/\/cardinal-tapes.com\/fr\/wp-json\/wp\/v2\/pwb-brand?post=54906"},{"taxonomy":"product_brand","embeddable":true,"href":"https:\/\/cardinal-tapes.com\/fr\/wp-json\/wp\/v2\/product_brand?post=54906"},{"taxonomy":"product_cat","embeddable":true,"href":"https:\/\/cardinal-tapes.com\/fr\/wp-json\/wp\/v2\/product_cat?post=54906"},{"taxonomy":"product_tag","embeddable":true,"href":"https:\/\/cardinal-tapes.com\/fr\/wp-json\/wp\/v2\/product_tag?post=54906"}],"curies":[{"name":"wp","href":"https:\/\/api.w.org\/{rel}","templated":true}]}}