{"id":54869,"date":"2018-02-06T12:15:27","date_gmt":"2023-06-05T15:23:50","guid":{"rendered":"https:\/\/cardinal.pixel-tal.de\/klebebaender\/non class\u00e9\/tesa-4610-basic-ruban-de-conduit\/"},"modified":"2023-06-05T17:23:50","modified_gmt":"2023-06-05T15:23:50","slug":"tesa-4610-duct-tabe","status":"publish","type":"product","link":"https:\/\/cardinal-tapes.com\/fr\/rubans-adh\u00e9sifs\/domaines-dapplication\/ruban-adhesif-en-tissu\/tesa-4610-duct-tabe\/","title":{"rendered":"tesa\u00ae 4610 Basic ruban de conduit"},"content":{"rendered":"<p><sup>tesa\u00ae<\/sup> 4610 Basic duct tape est un ruban tiss\u00e9 simple avec de bonnes propri\u00e9t\u00e9s adh\u00e9sives. Le ruban adh\u00e9sif poss\u00e8de un support en PE renforc\u00e9 par un tissu en PET de 18 mesh. Le caoutchouc synth\u00e9tique utilis\u00e9 comme masse adh\u00e9sive conf\u00e8re au ruban adh\u00e9sif un bon pouvoir adh\u00e9sif initial. Le Basis duct tape atteint de bonnes propri\u00e9t\u00e9s adh\u00e9sives sur diff\u00e9rentes surfaces.<\/p>\n<p><strong>Caract\u00e9ristiques<\/strong><br \/>\n&#8211; Haut pouvoir adh\u00e9sif initial<br \/>\n&#8211; Bonne d\u00e9chirabilit\u00e9 \u00e0 la main<br \/>\n&#8211; Bon pouvoir adh\u00e9sif sur diff\u00e9rents mat\u00e9riaux<br \/>\n&#8211; Facile \u00e0 d\u00e9rouler<\/p>\n<p><strong>Applications<\/strong><br \/>\n&#8211; Fixation de mat\u00e9riaux de couverture<br \/>\n&#8211; Ficeler, sceller, emballer et autres applications<br \/>\n&#8211; Utilisation universelle dans l&#8217;industrie et l&#8217;artisanat<\/p>\n<p>&nbsp;<\/p>\n","protected":false},"excerpt":{"rendered":"<p>tesa\u00ae 4610 Basic duct tape est un ruban tiss\u00e9 simple avec de bonnes propri\u00e9t\u00e9s adh\u00e9sives. Le ruban adh\u00e9sif poss\u00e8de un support en PE renforc\u00e9 par un tissu en PET de 18 mesh. Le caoutchouc synth\u00e9tique utilis\u00e9 comme masse adh\u00e9sive conf\u00e8re au ruban adh\u00e9sif un bon pouvoir adh\u00e9sif initial. Le Basis duct tape atteint de bonnes [&hellip;]<\/p>\n","protected":false},"featured_media":26076,"template":"","meta":{"_acf_changed":false},"pwb-brand":[2165],"product_brand":[],"product_cat":[1735,1836],"product_tag":[],"class_list":{"0":"post-54869","1":"product","2":"type-product","3":"status-publish","4":"has-post-thumbnail","6":"pwb-brand-tesa-fr","7":"product_cat-ruban-adhesif-en-tissu","8":"product_cat-rubans-adhesifs-simple-face","10":"first","11":"instock","12":"taxable","13":"shipping-taxable","14":"purchasable","15":"product-type-variable"},"acf":[],"yoast_head":"<!-- This site is optimized with the Yoast SEO plugin v27.3 - https:\/\/yoast.com\/product\/yoast-seo-wordpress\/ -->\n<title>Tesa 4610 Duct Tape | Cardinal TAPES<\/title>\n<meta name=\"description\" content=\"Le Basic duct tape 4610 est un ruban tiss\u00e9 simple avec de bonnes propri\u00e9t\u00e9s adh\u00e9sives de Tesa. Apprenez-en plus sur le ruban adh\u00e9sif ici.\" \/>\n<meta name=\"robots\" content=\"index, follow, max-snippet:-1, max-image-preview:large, max-video-preview:-1\" \/>\n<link rel=\"canonical\" href=\"https:\/\/cardinal-tapes.com\/fr\/rubans-adh\u00e9sifs\/ruban-adhesif-en-tissu\/tesa-4610-duct-tabe\/\" \/>\n<meta property=\"og:locale\" content=\"fr_FR\" \/>\n<meta property=\"og:type\" content=\"article\" \/>\n<meta property=\"og:title\" content=\"Tesa 4610 Duct Tape | Cardinal TAPES\" \/>\n<meta property=\"og:description\" content=\"Le Basic duct tape 4610 est un ruban tiss\u00e9 simple avec de bonnes propri\u00e9t\u00e9s adh\u00e9sives de Tesa. Apprenez-en plus sur le ruban adh\u00e9sif ici.\" \/>\n<meta property=\"og:url\" content=\"https:\/\/cardinal-tapes.com\/fr\/rubans-adh\u00e9sifs\/ruban-adhesif-en-tissu\/tesa-4610-duct-tabe\/\" \/>\n<meta property=\"og:site_name\" content=\"cardinal TAPES\" \/>\n<meta property=\"og:image\" content=\"https:\/\/cardinal-tapes.com\/wp-content\/uploads\/tesa-04610.jpg\" \/>\n\t<meta property=\"og:image:width\" content=\"600\" \/>\n\t<meta property=\"og:image:height\" content=\"600\" \/>\n\t<meta property=\"og:image:type\" content=\"image\/jpeg\" \/>\n<meta name=\"twitter:card\" content=\"summary_large_image\" \/>\n<meta name=\"twitter:label1\" content=\"Dur\u00e9e de lecture estim\u00e9e\" \/>\n\t<meta name=\"twitter:data1\" content=\"1 minute\" \/>\n<script type=\"application\/ld+json\" class=\"yoast-schema-graph\">{\"@context\":\"https:\\\/\\\/schema.org\",\"@graph\":[{\"@type\":\"WebPage\",\"@id\":\"https:\\\/\\\/cardinal-tapes.com\\\/fr\\\/rubans-adh\u00e9sifs\\\/ruban-adhesif-en-tissu\\\/tesa-4610-duct-tabe\\\/\",\"url\":\"https:\\\/\\\/cardinal-tapes.com\\\/fr\\\/rubans-adh\u00e9sifs\\\/ruban-adhesif-en-tissu\\\/tesa-4610-duct-tabe\\\/\",\"name\":\"Tesa 4610 Duct Tape | Cardinal TAPES\",\"isPartOf\":{\"@id\":\"https:\\\/\\\/cardinal-tapes.com\\\/#website\"},\"primaryImageOfPage\":{\"@id\":\"https:\\\/\\\/cardinal-tapes.com\\\/fr\\\/rubans-adh\u00e9sifs\\\/ruban-adhesif-en-tissu\\\/tesa-4610-duct-tabe\\\/#primaryimage\"},\"image\":{\"@id\":\"https:\\\/\\\/cardinal-tapes.com\\\/fr\\\/rubans-adh\u00e9sifs\\\/ruban-adhesif-en-tissu\\\/tesa-4610-duct-tabe\\\/#primaryimage\"},\"thumbnailUrl\":\"https:\\\/\\\/cardinal-tapes.com\\\/wp-content\\\/uploads\\\/tesa-04610.jpg\",\"datePublished\":\"2023-06-05T15:23:50+00:00\",\"description\":\"Le Basic duct tape 4610 est un ruban tiss\u00e9 simple avec de bonnes propri\u00e9t\u00e9s adh\u00e9sives de Tesa. Apprenez-en plus sur le ruban adh\u00e9sif ici.\",\"breadcrumb\":{\"@id\":\"https:\\\/\\\/cardinal-tapes.com\\\/fr\\\/rubans-adh\u00e9sifs\\\/ruban-adhesif-en-tissu\\\/tesa-4610-duct-tabe\\\/#breadcrumb\"},\"inLanguage\":\"fr-FR\",\"potentialAction\":[{\"@type\":\"ReadAction\",\"target\":[\"https:\\\/\\\/cardinal-tapes.com\\\/fr\\\/rubans-adh\u00e9sifs\\\/ruban-adhesif-en-tissu\\\/tesa-4610-duct-tabe\\\/\"]}]},{\"@type\":\"ImageObject\",\"inLanguage\":\"fr-FR\",\"@id\":\"https:\\\/\\\/cardinal-tapes.com\\\/fr\\\/rubans-adh\u00e9sifs\\\/ruban-adhesif-en-tissu\\\/tesa-4610-duct-tabe\\\/#primaryimage\",\"url\":\"https:\\\/\\\/cardinal-tapes.com\\\/wp-content\\\/uploads\\\/tesa-04610.jpg\",\"contentUrl\":\"https:\\\/\\\/cardinal-tapes.com\\\/wp-content\\\/uploads\\\/tesa-04610.jpg\",\"width\":600,\"height\":600,\"caption\":\"tesa 4610\"},{\"@type\":\"BreadcrumbList\",\"@id\":\"https:\\\/\\\/cardinal-tapes.com\\\/fr\\\/rubans-adh\u00e9sifs\\\/ruban-adhesif-en-tissu\\\/tesa-4610-duct-tabe\\\/#breadcrumb\",\"itemListElement\":[{\"@type\":\"ListItem\",\"position\":1,\"name\":\"Startseite\",\"item\":\"https:\\\/\\\/cardinal-tapes.com\\\/fr\\\/accueil\\\/\"},{\"@type\":\"ListItem\",\"position\":2,\"name\":\"Rubans adh\u00e9sifs\",\"item\":\"https:\\\/\\\/cardinal-tapes.com\\\/fr\\\/rubans-adhesifs-fr\\\/\"},{\"@type\":\"ListItem\",\"position\":3,\"name\":\"Ruban adh\u00e9sif en tissu\",\"item\":\"https:\\\/\\\/cardinal-tapes.com\\\/fr\\\/catgorie\\\/ruban-adhesif-en-tissu\\\/\"},{\"@type\":\"ListItem\",\"position\":4,\"name\":\"tesa\u00ae 4610 Basic ruban de conduit\"}]},{\"@type\":\"WebSite\",\"@id\":\"https:\\\/\\\/cardinal-tapes.com\\\/#website\",\"url\":\"https:\\\/\\\/cardinal-tapes.com\\\/\",\"name\":\"cardinal TAPES\",\"description\":\"Klebetechnik aus Wuppertal\",\"potentialAction\":[{\"@type\":\"SearchAction\",\"target\":{\"@type\":\"EntryPoint\",\"urlTemplate\":\"https:\\\/\\\/cardinal-tapes.com\\\/?s={search_term_string}\"},\"query-input\":{\"@type\":\"PropertyValueSpecification\",\"valueRequired\":true,\"valueName\":\"search_term_string\"}}],\"inLanguage\":\"fr-FR\"}]}<\/script>\n<!-- \/ Yoast SEO plugin. -->","yoast_head_json":{"title":"Tesa 4610 Duct Tape | Cardinal TAPES","description":"Le Basic duct tape 4610 est un ruban tiss\u00e9 simple avec de bonnes propri\u00e9t\u00e9s adh\u00e9sives de Tesa. Apprenez-en plus sur le ruban adh\u00e9sif ici.","robots":{"index":"index","follow":"follow","max-snippet":"max-snippet:-1","max-image-preview":"max-image-preview:large","max-video-preview":"max-video-preview:-1"},"canonical":"https:\/\/cardinal-tapes.com\/fr\/rubans-adh\u00e9sifs\/ruban-adhesif-en-tissu\/tesa-4610-duct-tabe\/","og_locale":"fr_FR","og_type":"article","og_title":"Tesa 4610 Duct Tape | Cardinal TAPES","og_description":"Le Basic duct tape 4610 est un ruban tiss\u00e9 simple avec de bonnes propri\u00e9t\u00e9s adh\u00e9sives de Tesa. Apprenez-en plus sur le ruban adh\u00e9sif ici.","og_url":"https:\/\/cardinal-tapes.com\/fr\/rubans-adh\u00e9sifs\/ruban-adhesif-en-tissu\/tesa-4610-duct-tabe\/","og_site_name":"cardinal TAPES","og_image":[{"width":600,"height":600,"url":"https:\/\/cardinal-tapes.com\/wp-content\/uploads\/tesa-04610.jpg","type":"image\/jpeg"}],"twitter_card":"summary_large_image","twitter_misc":{"Dur\u00e9e de lecture estim\u00e9e":"1 minute"},"schema":{"@context":"https:\/\/schema.org","@graph":[{"@type":"WebPage","@id":"https:\/\/cardinal-tapes.com\/fr\/rubans-adh\u00e9sifs\/ruban-adhesif-en-tissu\/tesa-4610-duct-tabe\/","url":"https:\/\/cardinal-tapes.com\/fr\/rubans-adh\u00e9sifs\/ruban-adhesif-en-tissu\/tesa-4610-duct-tabe\/","name":"Tesa 4610 Duct Tape | Cardinal TAPES","isPartOf":{"@id":"https:\/\/cardinal-tapes.com\/#website"},"primaryImageOfPage":{"@id":"https:\/\/cardinal-tapes.com\/fr\/rubans-adh\u00e9sifs\/ruban-adhesif-en-tissu\/tesa-4610-duct-tabe\/#primaryimage"},"image":{"@id":"https:\/\/cardinal-tapes.com\/fr\/rubans-adh\u00e9sifs\/ruban-adhesif-en-tissu\/tesa-4610-duct-tabe\/#primaryimage"},"thumbnailUrl":"https:\/\/cardinal-tapes.com\/wp-content\/uploads\/tesa-04610.jpg","datePublished":"2023-06-05T15:23:50+00:00","description":"Le Basic duct tape 4610 est un ruban tiss\u00e9 simple avec de bonnes propri\u00e9t\u00e9s adh\u00e9sives de Tesa. Apprenez-en plus sur le ruban adh\u00e9sif ici.","breadcrumb":{"@id":"https:\/\/cardinal-tapes.com\/fr\/rubans-adh\u00e9sifs\/ruban-adhesif-en-tissu\/tesa-4610-duct-tabe\/#breadcrumb"},"inLanguage":"fr-FR","potentialAction":[{"@type":"ReadAction","target":["https:\/\/cardinal-tapes.com\/fr\/rubans-adh\u00e9sifs\/ruban-adhesif-en-tissu\/tesa-4610-duct-tabe\/"]}]},{"@type":"ImageObject","inLanguage":"fr-FR","@id":"https:\/\/cardinal-tapes.com\/fr\/rubans-adh\u00e9sifs\/ruban-adhesif-en-tissu\/tesa-4610-duct-tabe\/#primaryimage","url":"https:\/\/cardinal-tapes.com\/wp-content\/uploads\/tesa-04610.jpg","contentUrl":"https:\/\/cardinal-tapes.com\/wp-content\/uploads\/tesa-04610.jpg","width":600,"height":600,"caption":"tesa 4610"},{"@type":"BreadcrumbList","@id":"https:\/\/cardinal-tapes.com\/fr\/rubans-adh\u00e9sifs\/ruban-adhesif-en-tissu\/tesa-4610-duct-tabe\/#breadcrumb","itemListElement":[{"@type":"ListItem","position":1,"name":"Startseite","item":"https:\/\/cardinal-tapes.com\/fr\/accueil\/"},{"@type":"ListItem","position":2,"name":"Rubans adh\u00e9sifs","item":"https:\/\/cardinal-tapes.com\/fr\/rubans-adhesifs-fr\/"},{"@type":"ListItem","position":3,"name":"Ruban adh\u00e9sif en tissu","item":"https:\/\/cardinal-tapes.com\/fr\/catgorie\/ruban-adhesif-en-tissu\/"},{"@type":"ListItem","position":4,"name":"tesa\u00ae 4610 Basic ruban de conduit"}]},{"@type":"WebSite","@id":"https:\/\/cardinal-tapes.com\/#website","url":"https:\/\/cardinal-tapes.com\/","name":"cardinal TAPES","description":"Klebetechnik aus Wuppertal","potentialAction":[{"@type":"SearchAction","target":{"@type":"EntryPoint","urlTemplate":"https:\/\/cardinal-tapes.com\/?s={search_term_string}"},"query-input":{"@type":"PropertyValueSpecification","valueRequired":true,"valueName":"search_term_string"}}],"inLanguage":"fr-FR"}]}},"brands":[{"id":2165,"name":"tesa","slug":"tesa-fr"}],"_links":{"self":[{"href":"https:\/\/cardinal-tapes.com\/fr\/wp-json\/wp\/v2\/product\/54869","targetHints":{"allow":["GET"]}}],"collection":[{"href":"https:\/\/cardinal-tapes.com\/fr\/wp-json\/wp\/v2\/product"}],"about":[{"href":"https:\/\/cardinal-tapes.com\/fr\/wp-json\/wp\/v2\/types\/product"}],"wp:featuredmedia":[{"embeddable":true,"href":"https:\/\/cardinal-tapes.com\/fr\/wp-json\/wp\/v2\/media\/26076"}],"wp:attachment":[{"href":"https:\/\/cardinal-tapes.com\/fr\/wp-json\/wp\/v2\/media?parent=54869"}],"wp:term":[{"taxonomy":"pwb-brand","embeddable":true,"href":"https:\/\/cardinal-tapes.com\/fr\/wp-json\/wp\/v2\/pwb-brand?post=54869"},{"taxonomy":"product_brand","embeddable":true,"href":"https:\/\/cardinal-tapes.com\/fr\/wp-json\/wp\/v2\/product_brand?post=54869"},{"taxonomy":"product_cat","embeddable":true,"href":"https:\/\/cardinal-tapes.com\/fr\/wp-json\/wp\/v2\/product_cat?post=54869"},{"taxonomy":"product_tag","embeddable":true,"href":"https:\/\/cardinal-tapes.com\/fr\/wp-json\/wp\/v2\/product_tag?post=54869"}],"curies":[{"name":"wp","href":"https:\/\/api.w.org\/{rel}","templated":true}]}}