{"id":54454,"date":"2018-03-19T10:22:51","date_gmt":"2023-06-05T15:22:23","guid":{"rendered":"https:\/\/cardinal.pixel-tal.de\/klebebaender\/non%20class\u00e9\/tesa-acxplus-70740-ruban-adhesif-acrylique-double-face\/"},"modified":"2025-07-02T17:41:55","modified_gmt":"2025-07-02T15:41:55","slug":"tesa-70740-acx-adhesif-double-face-a-ame-acrylique","status":"publish","type":"product","link":"https:\/\/cardinal-tapes.com\/fr\/rubans-adh\u00e9sifs\/rubans-adhesifs-double-face\/tesa-70740-acx-adhesif-double-face-a-ame-acrylique\/","title":{"rendered":"tesa\u00ae ACXplus 70740 ruban adh\u00e9sif acrylique double face"},"content":{"rendered":"<p><sup>tesa\u00ae<\/sup> <sup class=\"lowercase\">ACXplus<\/sup> 70740 est un ruban adh\u00e9sif en mousse acrylique.<\/p>\n<p>Gr\u00e2ce \u00e0 sa composition unique, ce ruban poss\u00e8de une tr\u00e8s bonne r\u00e9sistance \u00e0 la temp\u00e9rature, combin\u00e9e \u00e0 une excellente r\u00e9sistance au froid et aux chocs.<br \/>\nCe produit est particuli\u00e8rement adapt\u00e9 au collage en ext\u00e9rieur, notamment en combinaison avec le <span class=\"lowercase\">tesa<\/span> Adhesion Promoter.<\/p>\n<p>Un noyau acrylique visco\u00e9lastique expans\u00e9 permet au ruban adh\u00e9sif de compenser les diff\u00e9rences de dilatation thermique de mat\u00e9riaux diff\u00e9rents.<\/p>\n<p><strong>Propri\u00e9t\u00e9s<\/strong><br \/>\n&#8211; Compensation de la dilatation thermique de mat\u00e9riaux dissemblables<br \/>\n&#8211; Adh\u00e9sion initiale et force de pelage tr\u00e8s \u00e9lev\u00e9es<br \/>\n&#8211; R\u00e9sistance aux temp\u00e9ratures \u00e9lev\u00e9es<\/p>\n<p><strong>Applications<\/strong><br \/>\n&#8211; Fixation permanente de surfaces difficiles \u00e0 coller, telles que les surfaces rev\u00eatues de poudre ou les baguettes et profil\u00e9s en plastique.<\/p>\n","protected":false},"excerpt":{"rendered":"<p>tesa\u00ae ACXplus 70740 est un ruban adh\u00e9sif en mousse acrylique. Gr\u00e2ce \u00e0 sa composition unique, ce ruban poss\u00e8de une tr\u00e8s bonne r\u00e9sistance \u00e0 la temp\u00e9rature, combin\u00e9e \u00e0 une excellente r\u00e9sistance au froid et aux chocs. Ce produit est particuli\u00e8rement adapt\u00e9 au collage en ext\u00e9rieur, notamment en combinaison avec le tesa Adhesion Promoter. Un noyau acrylique [&hellip;]<\/p>\n","protected":false},"featured_media":26696,"template":"","meta":{"_acf_changed":false},"pwb-brand":[2165],"product_brand":[],"product_cat":[1834],"product_tag":[],"class_list":{"0":"post-54454","1":"product","2":"type-product","3":"status-publish","4":"has-post-thumbnail","6":"pwb-brand-tesa-fr","7":"product_cat-rubans-adhesifs-double-face","9":"first","10":"instock","11":"taxable","12":"shipping-taxable","13":"purchasable","14":"product-type-variable"},"acf":[],"yoast_head":"<!-- This site is optimized with the Yoast SEO plugin v27.3 - https:\/\/yoast.com\/product\/yoast-seo-wordpress\/ -->\n<title>tesa\u00ae 70740 ACXplus ruban adh\u00e9sif acrylique double face | Cardinal TAPES<\/title>\n<meta name=\"description\" content=\"tesa\u00ae ACXplus 70740 est un ruban adh\u00e9sif en mousse acrylique. Apprenez-en plus ici sur le ruban adh\u00e9sif polyvalent.\" \/>\n<meta name=\"robots\" content=\"index, follow, max-snippet:-1, max-image-preview:large, max-video-preview:-1\" \/>\n<link rel=\"canonical\" href=\"https:\/\/cardinal-tapes.com\/fr\/rubans-adh\u00e9sifs\/rubans-adhesifs-double-face\/tesa-70740-acx-adhesif-double-face-a-ame-acrylique\/\" \/>\n<meta property=\"og:locale\" content=\"fr_FR\" \/>\n<meta property=\"og:type\" content=\"article\" \/>\n<meta property=\"og:title\" content=\"tesa\u00ae 70740 ACXplus ruban adh\u00e9sif acrylique double face | Cardinal TAPES\" \/>\n<meta property=\"og:description\" content=\"tesa\u00ae ACXplus 70740 est un ruban adh\u00e9sif en mousse acrylique. Apprenez-en plus ici sur le ruban adh\u00e9sif polyvalent.\" \/>\n<meta property=\"og:url\" content=\"https:\/\/cardinal-tapes.com\/fr\/rubans-adh\u00e9sifs\/rubans-adhesifs-double-face\/tesa-70740-acx-adhesif-double-face-a-ame-acrylique\/\" \/>\n<meta property=\"og:site_name\" content=\"cardinal TAPES\" \/>\n<meta property=\"article:modified_time\" content=\"2025-07-02T15:41:55+00:00\" \/>\n<meta property=\"og:image\" content=\"https:\/\/cardinal-tapes.com\/wp-content\/uploads\/tesa-70740-pv24-pr-001173550_canvas1x1_6.jpg\" \/>\n\t<meta property=\"og:image:width\" content=\"453\" \/>\n\t<meta property=\"og:image:height\" content=\"640\" \/>\n\t<meta property=\"og:image:type\" content=\"image\/jpeg\" \/>\n<meta name=\"twitter:card\" content=\"summary_large_image\" \/>\n<meta name=\"twitter:label1\" content=\"Dur\u00e9e de lecture estim\u00e9e\" \/>\n\t<meta name=\"twitter:data1\" content=\"1 minute\" \/>\n<script type=\"application\/ld+json\" class=\"yoast-schema-graph\">{\"@context\":\"https:\\\/\\\/schema.org\",\"@graph\":[{\"@type\":\"WebPage\",\"@id\":\"https:\\\/\\\/cardinal-tapes.com\\\/fr\\\/rubans-adh\u00e9sifs\\\/rubans-adhesifs-double-face\\\/tesa-70740-acx-adhesif-double-face-a-ame-acrylique\\\/\",\"url\":\"https:\\\/\\\/cardinal-tapes.com\\\/fr\\\/rubans-adh\u00e9sifs\\\/rubans-adhesifs-double-face\\\/tesa-70740-acx-adhesif-double-face-a-ame-acrylique\\\/\",\"name\":\"tesa\u00ae 70740 ACXplus ruban adh\u00e9sif acrylique double face | Cardinal TAPES\",\"isPartOf\":{\"@id\":\"https:\\\/\\\/cardinal-tapes.com\\\/#website\"},\"primaryImageOfPage\":{\"@id\":\"https:\\\/\\\/cardinal-tapes.com\\\/fr\\\/rubans-adh\u00e9sifs\\\/rubans-adhesifs-double-face\\\/tesa-70740-acx-adhesif-double-face-a-ame-acrylique\\\/#primaryimage\"},\"image\":{\"@id\":\"https:\\\/\\\/cardinal-tapes.com\\\/fr\\\/rubans-adh\u00e9sifs\\\/rubans-adhesifs-double-face\\\/tesa-70740-acx-adhesif-double-face-a-ame-acrylique\\\/#primaryimage\"},\"thumbnailUrl\":\"https:\\\/\\\/cardinal-tapes.com\\\/wp-content\\\/uploads\\\/tesa-70740-pv24-pr-001173550_canvas1x1_6.jpg\",\"datePublished\":\"2023-06-05T15:22:23+00:00\",\"dateModified\":\"2025-07-02T15:41:55+00:00\",\"description\":\"tesa\u00ae ACXplus 70740 est un ruban adh\u00e9sif en mousse acrylique. Apprenez-en plus ici sur le ruban adh\u00e9sif polyvalent.\",\"breadcrumb\":{\"@id\":\"https:\\\/\\\/cardinal-tapes.com\\\/fr\\\/rubans-adh\u00e9sifs\\\/rubans-adhesifs-double-face\\\/tesa-70740-acx-adhesif-double-face-a-ame-acrylique\\\/#breadcrumb\"},\"inLanguage\":\"fr-FR\",\"potentialAction\":[{\"@type\":\"ReadAction\",\"target\":[\"https:\\\/\\\/cardinal-tapes.com\\\/fr\\\/rubans-adh\u00e9sifs\\\/rubans-adhesifs-double-face\\\/tesa-70740-acx-adhesif-double-face-a-ame-acrylique\\\/\"]}]},{\"@type\":\"ImageObject\",\"inLanguage\":\"fr-FR\",\"@id\":\"https:\\\/\\\/cardinal-tapes.com\\\/fr\\\/rubans-adh\u00e9sifs\\\/rubans-adhesifs-double-face\\\/tesa-70740-acx-adhesif-double-face-a-ame-acrylique\\\/#primaryimage\",\"url\":\"https:\\\/\\\/cardinal-tapes.com\\\/wp-content\\\/uploads\\\/tesa-70740-pv24-pr-001173550_canvas1x1_6.jpg\",\"contentUrl\":\"https:\\\/\\\/cardinal-tapes.com\\\/wp-content\\\/uploads\\\/tesa-70740-pv24-pr-001173550_canvas1x1_6.jpg\",\"width\":453,\"height\":640,\"caption\":\"tesa-70740\"},{\"@type\":\"BreadcrumbList\",\"@id\":\"https:\\\/\\\/cardinal-tapes.com\\\/fr\\\/rubans-adh\u00e9sifs\\\/rubans-adhesifs-double-face\\\/tesa-70740-acx-adhesif-double-face-a-ame-acrylique\\\/#breadcrumb\",\"itemListElement\":[{\"@type\":\"ListItem\",\"position\":1,\"name\":\"Startseite\",\"item\":\"https:\\\/\\\/cardinal-tapes.com\\\/fr\\\/accueil\\\/\"},{\"@type\":\"ListItem\",\"position\":2,\"name\":\"Rubans adh\u00e9sifs\",\"item\":\"https:\\\/\\\/cardinal-tapes.com\\\/fr\\\/rubans-adhesifs-fr\\\/\"},{\"@type\":\"ListItem\",\"position\":3,\"name\":\"Doppelseitige Klebeb\u00e4nder\",\"item\":\"https:\\\/\\\/cardinal-tapes.com\\\/kategorie\\\/doppelseitige-klebebaender\\\/\"},{\"@type\":\"ListItem\",\"position\":4,\"name\":\"tesa\u00ae ACXplus 70740 ruban adh\u00e9sif acrylique double face\"}]},{\"@type\":\"WebSite\",\"@id\":\"https:\\\/\\\/cardinal-tapes.com\\\/#website\",\"url\":\"https:\\\/\\\/cardinal-tapes.com\\\/\",\"name\":\"cardinal TAPES\",\"description\":\"Klebetechnik aus Wuppertal\",\"potentialAction\":[{\"@type\":\"SearchAction\",\"target\":{\"@type\":\"EntryPoint\",\"urlTemplate\":\"https:\\\/\\\/cardinal-tapes.com\\\/?s={search_term_string}\"},\"query-input\":{\"@type\":\"PropertyValueSpecification\",\"valueRequired\":true,\"valueName\":\"search_term_string\"}}],\"inLanguage\":\"fr-FR\"}]}<\/script>\n<!-- \/ Yoast SEO plugin. -->","yoast_head_json":{"title":"tesa\u00ae 70740 ACXplus ruban adh\u00e9sif acrylique double face | Cardinal TAPES","description":"tesa\u00ae ACXplus 70740 est un ruban adh\u00e9sif en mousse acrylique. Apprenez-en plus ici sur le ruban adh\u00e9sif polyvalent.","robots":{"index":"index","follow":"follow","max-snippet":"max-snippet:-1","max-image-preview":"max-image-preview:large","max-video-preview":"max-video-preview:-1"},"canonical":"https:\/\/cardinal-tapes.com\/fr\/rubans-adh\u00e9sifs\/rubans-adhesifs-double-face\/tesa-70740-acx-adhesif-double-face-a-ame-acrylique\/","og_locale":"fr_FR","og_type":"article","og_title":"tesa\u00ae 70740 ACXplus ruban adh\u00e9sif acrylique double face | Cardinal TAPES","og_description":"tesa\u00ae ACXplus 70740 est un ruban adh\u00e9sif en mousse acrylique. Apprenez-en plus ici sur le ruban adh\u00e9sif polyvalent.","og_url":"https:\/\/cardinal-tapes.com\/fr\/rubans-adh\u00e9sifs\/rubans-adhesifs-double-face\/tesa-70740-acx-adhesif-double-face-a-ame-acrylique\/","og_site_name":"cardinal TAPES","article_modified_time":"2025-07-02T15:41:55+00:00","og_image":[{"width":453,"height":640,"url":"https:\/\/cardinal-tapes.com\/wp-content\/uploads\/tesa-70740-pv24-pr-001173550_canvas1x1_6.jpg","type":"image\/jpeg"}],"twitter_card":"summary_large_image","twitter_misc":{"Dur\u00e9e de lecture estim\u00e9e":"1 minute"},"schema":{"@context":"https:\/\/schema.org","@graph":[{"@type":"WebPage","@id":"https:\/\/cardinal-tapes.com\/fr\/rubans-adh\u00e9sifs\/rubans-adhesifs-double-face\/tesa-70740-acx-adhesif-double-face-a-ame-acrylique\/","url":"https:\/\/cardinal-tapes.com\/fr\/rubans-adh\u00e9sifs\/rubans-adhesifs-double-face\/tesa-70740-acx-adhesif-double-face-a-ame-acrylique\/","name":"tesa\u00ae 70740 ACXplus ruban adh\u00e9sif acrylique double face | Cardinal TAPES","isPartOf":{"@id":"https:\/\/cardinal-tapes.com\/#website"},"primaryImageOfPage":{"@id":"https:\/\/cardinal-tapes.com\/fr\/rubans-adh\u00e9sifs\/rubans-adhesifs-double-face\/tesa-70740-acx-adhesif-double-face-a-ame-acrylique\/#primaryimage"},"image":{"@id":"https:\/\/cardinal-tapes.com\/fr\/rubans-adh\u00e9sifs\/rubans-adhesifs-double-face\/tesa-70740-acx-adhesif-double-face-a-ame-acrylique\/#primaryimage"},"thumbnailUrl":"https:\/\/cardinal-tapes.com\/wp-content\/uploads\/tesa-70740-pv24-pr-001173550_canvas1x1_6.jpg","datePublished":"2023-06-05T15:22:23+00:00","dateModified":"2025-07-02T15:41:55+00:00","description":"tesa\u00ae ACXplus 70740 est un ruban adh\u00e9sif en mousse acrylique. Apprenez-en plus ici sur le ruban adh\u00e9sif polyvalent.","breadcrumb":{"@id":"https:\/\/cardinal-tapes.com\/fr\/rubans-adh\u00e9sifs\/rubans-adhesifs-double-face\/tesa-70740-acx-adhesif-double-face-a-ame-acrylique\/#breadcrumb"},"inLanguage":"fr-FR","potentialAction":[{"@type":"ReadAction","target":["https:\/\/cardinal-tapes.com\/fr\/rubans-adh\u00e9sifs\/rubans-adhesifs-double-face\/tesa-70740-acx-adhesif-double-face-a-ame-acrylique\/"]}]},{"@type":"ImageObject","inLanguage":"fr-FR","@id":"https:\/\/cardinal-tapes.com\/fr\/rubans-adh\u00e9sifs\/rubans-adhesifs-double-face\/tesa-70740-acx-adhesif-double-face-a-ame-acrylique\/#primaryimage","url":"https:\/\/cardinal-tapes.com\/wp-content\/uploads\/tesa-70740-pv24-pr-001173550_canvas1x1_6.jpg","contentUrl":"https:\/\/cardinal-tapes.com\/wp-content\/uploads\/tesa-70740-pv24-pr-001173550_canvas1x1_6.jpg","width":453,"height":640,"caption":"tesa-70740"},{"@type":"BreadcrumbList","@id":"https:\/\/cardinal-tapes.com\/fr\/rubans-adh\u00e9sifs\/rubans-adhesifs-double-face\/tesa-70740-acx-adhesif-double-face-a-ame-acrylique\/#breadcrumb","itemListElement":[{"@type":"ListItem","position":1,"name":"Startseite","item":"https:\/\/cardinal-tapes.com\/fr\/accueil\/"},{"@type":"ListItem","position":2,"name":"Rubans adh\u00e9sifs","item":"https:\/\/cardinal-tapes.com\/fr\/rubans-adhesifs-fr\/"},{"@type":"ListItem","position":3,"name":"Doppelseitige Klebeb\u00e4nder","item":"https:\/\/cardinal-tapes.com\/kategorie\/doppelseitige-klebebaender\/"},{"@type":"ListItem","position":4,"name":"tesa\u00ae ACXplus 70740 ruban adh\u00e9sif acrylique double face"}]},{"@type":"WebSite","@id":"https:\/\/cardinal-tapes.com\/#website","url":"https:\/\/cardinal-tapes.com\/","name":"cardinal TAPES","description":"Klebetechnik aus Wuppertal","potentialAction":[{"@type":"SearchAction","target":{"@type":"EntryPoint","urlTemplate":"https:\/\/cardinal-tapes.com\/?s={search_term_string}"},"query-input":{"@type":"PropertyValueSpecification","valueRequired":true,"valueName":"search_term_string"}}],"inLanguage":"fr-FR"}]}},"brands":[{"id":2165,"name":"tesa","slug":"tesa-fr"}],"_links":{"self":[{"href":"https:\/\/cardinal-tapes.com\/fr\/wp-json\/wp\/v2\/product\/54454","targetHints":{"allow":["GET"]}}],"collection":[{"href":"https:\/\/cardinal-tapes.com\/fr\/wp-json\/wp\/v2\/product"}],"about":[{"href":"https:\/\/cardinal-tapes.com\/fr\/wp-json\/wp\/v2\/types\/product"}],"wp:featuredmedia":[{"embeddable":true,"href":"https:\/\/cardinal-tapes.com\/fr\/wp-json\/wp\/v2\/media\/26696"}],"wp:attachment":[{"href":"https:\/\/cardinal-tapes.com\/fr\/wp-json\/wp\/v2\/media?parent=54454"}],"wp:term":[{"taxonomy":"pwb-brand","embeddable":true,"href":"https:\/\/cardinal-tapes.com\/fr\/wp-json\/wp\/v2\/pwb-brand?post=54454"},{"taxonomy":"product_brand","embeddable":true,"href":"https:\/\/cardinal-tapes.com\/fr\/wp-json\/wp\/v2\/product_brand?post=54454"},{"taxonomy":"product_cat","embeddable":true,"href":"https:\/\/cardinal-tapes.com\/fr\/wp-json\/wp\/v2\/product_cat?post=54454"},{"taxonomy":"product_tag","embeddable":true,"href":"https:\/\/cardinal-tapes.com\/fr\/wp-json\/wp\/v2\/product_tag?post=54454"}],"curies":[{"name":"wp","href":"https:\/\/api.w.org\/{rel}","templated":true}]}}