{"id":54453,"date":"2018-03-16T12:03:54","date_gmt":"2018-03-16T11:03:54","guid":{"rendered":"https:\/\/cardinal.pixel-tal.de\/klebebaender\/non%20class\u00e9\/3m-vhb-ruban-adhesif-5915f\/"},"modified":"2025-07-03T09:48:32","modified_gmt":"2025-07-03T07:48:32","slug":"3m-5915-vhb-klebeband","status":"publish","type":"product","link":"https:\/\/cardinal-tapes.com\/fr\/rubans-adh\u00e9sifs\/rubans-adhesifs-double-face\/3m-5915-vhb-klebeband\/","title":{"rendered":"3M\u2122 VHB\u2122 Ruban adh\u00e9sif 5915F"},"content":{"rendered":"<p>Le ruban adh\u00e9sif 3M\u2122 VHB\u2122 5915, noir, est un ruban adh\u00e9sif double face haute performance de 0,4 mm d&#8217;\u00e9paisseur, extr\u00eamement adaptable, fabriqu\u00e9 \u00e0 partir d&#8217;un adh\u00e9sif acrylique modifi\u00e9. Il peut \u00eatre coll\u00e9 rapidement et facilement et offre une durabilit\u00e9 performante et durable. Les rivets, les soudures et les vis peuvent ainsi \u00eatre remplac\u00e9s. Utilisez ce ruban adh\u00e9sif VHB visco\u00e9lastique performant sur les surfaces les plus diverses, comme par exemple les rev\u00eatements en poudre.<\/p>\n<p><strong>Caract\u00e9ristiques<\/strong><br \/>\nLe ruban adh\u00e9sif 5915 se caract\u00e9rise par sa durabilit\u00e9 et sa facilit\u00e9 d&#8217;application. De plus, gr\u00e2ce \u00e0 l&#8217;adh\u00e9sif acrylique, le ruban adh\u00e9sif adh\u00e8re \u00e0 diff\u00e9rents mat\u00e9riaux tels que l&#8217;aluminium, l&#8217;acier inoxydable, l&#8217;acier galvanis\u00e9, les mat\u00e9riaux composites et les plastiques, l&#8217;acrylique, le polycarbonate, l&#8217;ABS ainsi que le bois peint ou vitrifi\u00e9.<\/p>\n<p><strong>Applications<\/strong><br \/>\n&#8211; \u00c9tanch\u00e9it\u00e9 permanente \u00e0 l&#8217;humidit\u00e9<br \/>\n&#8211; Utilisation de mat\u00e9riaux plus fins, plus l\u00e9gers et in\u00e9gaux<br \/>\n&#8211; R\u00e9duction des vibrations et des chocs<\/p>\n","protected":false},"excerpt":{"rendered":"<p>Le ruban adh\u00e9sif 3M\u2122 VHB\u2122 5915, noir, est un ruban adh\u00e9sif double face haute performance de 0,4 mm d&#8217;\u00e9paisseur, extr\u00eamement adaptable, fabriqu\u00e9 \u00e0 partir d&#8217;un adh\u00e9sif acrylique modifi\u00e9. Il peut \u00eatre coll\u00e9 rapidement et facilement et offre une durabilit\u00e9 performante et durable. Les rivets, les soudures et les vis peuvent ainsi \u00eatre remplac\u00e9s. Utilisez ce [&hellip;]<\/p>\n","protected":false},"featured_media":26644,"template":"","meta":{"_acf_changed":false},"pwb-brand":[2167],"product_brand":[],"product_cat":[7586,1834],"product_tag":[],"class_list":{"0":"post-54453","1":"product","2":"type-product","3":"status-publish","4":"has-post-thumbnail","6":"pwb-brand-3m-fr","7":"product_cat-presentation-de-la-contribution","8":"product_cat-rubans-adhesifs-double-face","10":"first","11":"instock","12":"taxable","13":"shipping-taxable","14":"purchasable","15":"product-type-variable"},"acf":[],"yoast_head":"<!-- This site is optimized with the Yoast SEO plugin v27.3 - https:\/\/yoast.com\/product\/yoast-seo-wordpress\/ -->\n<title>3M 5915 VHB ruban adh\u00e9sif | Cardinal TAPES<\/title>\n<meta name=\"description\" content=\"Le ruban adh\u00e9sif 3M\u2122 VHB\u2122 5915, noir, est un ruban adh\u00e9sif double face haute performance de 0,4 mm d&#039;\u00e9paisseur, extr\u00eamement adaptable, fabriqu\u00e9 \u00e0 partir d&#039;un adh\u00e9sif acrylique modifi\u00e9.\" \/>\n<meta name=\"robots\" content=\"index, follow, max-snippet:-1, max-image-preview:large, max-video-preview:-1\" \/>\n<link rel=\"canonical\" href=\"https:\/\/cardinal-tapes.com\/fr\/rubans-adh\u00e9sifs\/rubans-adhesifs-double-face\/3m-5915-vhb-klebeband\/\" \/>\n<meta property=\"og:locale\" content=\"fr_FR\" \/>\n<meta property=\"og:type\" content=\"article\" \/>\n<meta property=\"og:title\" content=\"3M 5915 VHB ruban adh\u00e9sif | Cardinal TAPES\" \/>\n<meta property=\"og:description\" content=\"Le ruban adh\u00e9sif 3M\u2122 VHB\u2122 5915, noir, est un ruban adh\u00e9sif double face haute performance de 0,4 mm d&#039;\u00e9paisseur, extr\u00eamement adaptable, fabriqu\u00e9 \u00e0 partir d&#039;un adh\u00e9sif acrylique modifi\u00e9.\" \/>\n<meta property=\"og:url\" content=\"https:\/\/cardinal-tapes.com\/fr\/rubans-adh\u00e9sifs\/rubans-adhesifs-double-face\/3m-5915-vhb-klebeband\/\" \/>\n<meta property=\"og:site_name\" content=\"cardinal TAPES\" \/>\n<meta property=\"article:modified_time\" content=\"2025-07-03T07:48:32+00:00\" \/>\n<meta property=\"og:image\" content=\"https:\/\/cardinal-tapes.com\/wp-content\/uploads\/3m-5952f-scaled.jpg\" \/>\n\t<meta property=\"og:image:width\" content=\"2560\" \/>\n\t<meta property=\"og:image:height\" content=\"1398\" \/>\n\t<meta property=\"og:image:type\" content=\"image\/jpeg\" \/>\n<meta name=\"twitter:card\" content=\"summary_large_image\" \/>\n<meta name=\"twitter:label1\" content=\"Dur\u00e9e de lecture estim\u00e9e\" \/>\n\t<meta name=\"twitter:data1\" content=\"1 minute\" \/>\n<script type=\"application\/ld+json\" class=\"yoast-schema-graph\">{\"@context\":\"https:\\\/\\\/schema.org\",\"@graph\":[{\"@type\":\"WebPage\",\"@id\":\"https:\\\/\\\/cardinal-tapes.com\\\/fr\\\/rubans-adh\u00e9sifs\\\/rubans-adhesifs-double-face\\\/3m-5915-vhb-klebeband\\\/\",\"url\":\"https:\\\/\\\/cardinal-tapes.com\\\/fr\\\/rubans-adh\u00e9sifs\\\/rubans-adhesifs-double-face\\\/3m-5915-vhb-klebeband\\\/\",\"name\":\"3M 5915 VHB ruban adh\u00e9sif | Cardinal TAPES\",\"isPartOf\":{\"@id\":\"https:\\\/\\\/cardinal-tapes.com\\\/#website\"},\"primaryImageOfPage\":{\"@id\":\"https:\\\/\\\/cardinal-tapes.com\\\/fr\\\/rubans-adh\u00e9sifs\\\/rubans-adhesifs-double-face\\\/3m-5915-vhb-klebeband\\\/#primaryimage\"},\"image\":{\"@id\":\"https:\\\/\\\/cardinal-tapes.com\\\/fr\\\/rubans-adh\u00e9sifs\\\/rubans-adhesifs-double-face\\\/3m-5915-vhb-klebeband\\\/#primaryimage\"},\"thumbnailUrl\":\"https:\\\/\\\/cardinal-tapes.com\\\/wp-content\\\/uploads\\\/3m-5952f-scaled.jpg\",\"datePublished\":\"2018-03-16T11:03:54+00:00\",\"dateModified\":\"2025-07-03T07:48:32+00:00\",\"description\":\"Le ruban adh\u00e9sif 3M\u2122 VHB\u2122 5915, noir, est un ruban adh\u00e9sif double face haute performance de 0,4 mm d'\u00e9paisseur, extr\u00eamement adaptable, fabriqu\u00e9 \u00e0 partir d'un adh\u00e9sif acrylique modifi\u00e9.\",\"breadcrumb\":{\"@id\":\"https:\\\/\\\/cardinal-tapes.com\\\/fr\\\/rubans-adh\u00e9sifs\\\/rubans-adhesifs-double-face\\\/3m-5915-vhb-klebeband\\\/#breadcrumb\"},\"inLanguage\":\"fr-FR\",\"potentialAction\":[{\"@type\":\"ReadAction\",\"target\":[\"https:\\\/\\\/cardinal-tapes.com\\\/fr\\\/rubans-adh\u00e9sifs\\\/rubans-adhesifs-double-face\\\/3m-5915-vhb-klebeband\\\/\"]}]},{\"@type\":\"ImageObject\",\"inLanguage\":\"fr-FR\",\"@id\":\"https:\\\/\\\/cardinal-tapes.com\\\/fr\\\/rubans-adh\u00e9sifs\\\/rubans-adhesifs-double-face\\\/3m-5915-vhb-klebeband\\\/#primaryimage\",\"url\":\"https:\\\/\\\/cardinal-tapes.com\\\/wp-content\\\/uploads\\\/3m-5952f-scaled.jpg\",\"contentUrl\":\"https:\\\/\\\/cardinal-tapes.com\\\/wp-content\\\/uploads\\\/3m-5952f-scaled.jpg\",\"width\":2560,\"height\":1398,\"caption\":\"3m 5952f\"},{\"@type\":\"BreadcrumbList\",\"@id\":\"https:\\\/\\\/cardinal-tapes.com\\\/fr\\\/rubans-adh\u00e9sifs\\\/rubans-adhesifs-double-face\\\/3m-5915-vhb-klebeband\\\/#breadcrumb\",\"itemListElement\":[{\"@type\":\"ListItem\",\"position\":1,\"name\":\"Startseite\",\"item\":\"https:\\\/\\\/cardinal-tapes.com\\\/fr\\\/accueil\\\/\"},{\"@type\":\"ListItem\",\"position\":2,\"name\":\"Rubans adh\u00e9sifs\",\"item\":\"https:\\\/\\\/cardinal-tapes.com\\\/fr\\\/rubans-adhesifs-fr\\\/\"},{\"@type\":\"ListItem\",\"position\":3,\"name\":\"Beitrag-Vorstellung\",\"item\":\"https:\\\/\\\/cardinal-tapes.com\\\/kategorie\\\/beitrag-vorstellung\\\/\"},{\"@type\":\"ListItem\",\"position\":4,\"name\":\"3M\u2122 VHB\u2122 Ruban adh\u00e9sif 5915F\"}]},{\"@type\":\"WebSite\",\"@id\":\"https:\\\/\\\/cardinal-tapes.com\\\/#website\",\"url\":\"https:\\\/\\\/cardinal-tapes.com\\\/\",\"name\":\"cardinal TAPES\",\"description\":\"Klebetechnik aus Wuppertal\",\"potentialAction\":[{\"@type\":\"SearchAction\",\"target\":{\"@type\":\"EntryPoint\",\"urlTemplate\":\"https:\\\/\\\/cardinal-tapes.com\\\/?s={search_term_string}\"},\"query-input\":{\"@type\":\"PropertyValueSpecification\",\"valueRequired\":true,\"valueName\":\"search_term_string\"}}],\"inLanguage\":\"fr-FR\"}]}<\/script>\n<!-- \/ Yoast SEO plugin. -->","yoast_head_json":{"title":"3M 5915 VHB ruban adh\u00e9sif | Cardinal TAPES","description":"Le ruban adh\u00e9sif 3M\u2122 VHB\u2122 5915, noir, est un ruban adh\u00e9sif double face haute performance de 0,4 mm d'\u00e9paisseur, extr\u00eamement adaptable, fabriqu\u00e9 \u00e0 partir d'un adh\u00e9sif acrylique modifi\u00e9.","robots":{"index":"index","follow":"follow","max-snippet":"max-snippet:-1","max-image-preview":"max-image-preview:large","max-video-preview":"max-video-preview:-1"},"canonical":"https:\/\/cardinal-tapes.com\/fr\/rubans-adh\u00e9sifs\/rubans-adhesifs-double-face\/3m-5915-vhb-klebeband\/","og_locale":"fr_FR","og_type":"article","og_title":"3M 5915 VHB ruban adh\u00e9sif | Cardinal TAPES","og_description":"Le ruban adh\u00e9sif 3M\u2122 VHB\u2122 5915, noir, est un ruban adh\u00e9sif double face haute performance de 0,4 mm d'\u00e9paisseur, extr\u00eamement adaptable, fabriqu\u00e9 \u00e0 partir d'un adh\u00e9sif acrylique modifi\u00e9.","og_url":"https:\/\/cardinal-tapes.com\/fr\/rubans-adh\u00e9sifs\/rubans-adhesifs-double-face\/3m-5915-vhb-klebeband\/","og_site_name":"cardinal TAPES","article_modified_time":"2025-07-03T07:48:32+00:00","og_image":[{"width":2560,"height":1398,"url":"https:\/\/cardinal-tapes.com\/wp-content\/uploads\/3m-5952f-scaled.jpg","type":"image\/jpeg"}],"twitter_card":"summary_large_image","twitter_misc":{"Dur\u00e9e de lecture estim\u00e9e":"1 minute"},"schema":{"@context":"https:\/\/schema.org","@graph":[{"@type":"WebPage","@id":"https:\/\/cardinal-tapes.com\/fr\/rubans-adh\u00e9sifs\/rubans-adhesifs-double-face\/3m-5915-vhb-klebeband\/","url":"https:\/\/cardinal-tapes.com\/fr\/rubans-adh\u00e9sifs\/rubans-adhesifs-double-face\/3m-5915-vhb-klebeband\/","name":"3M 5915 VHB ruban adh\u00e9sif | Cardinal TAPES","isPartOf":{"@id":"https:\/\/cardinal-tapes.com\/#website"},"primaryImageOfPage":{"@id":"https:\/\/cardinal-tapes.com\/fr\/rubans-adh\u00e9sifs\/rubans-adhesifs-double-face\/3m-5915-vhb-klebeband\/#primaryimage"},"image":{"@id":"https:\/\/cardinal-tapes.com\/fr\/rubans-adh\u00e9sifs\/rubans-adhesifs-double-face\/3m-5915-vhb-klebeband\/#primaryimage"},"thumbnailUrl":"https:\/\/cardinal-tapes.com\/wp-content\/uploads\/3m-5952f-scaled.jpg","datePublished":"2018-03-16T11:03:54+00:00","dateModified":"2025-07-03T07:48:32+00:00","description":"Le ruban adh\u00e9sif 3M\u2122 VHB\u2122 5915, noir, est un ruban adh\u00e9sif double face haute performance de 0,4 mm d'\u00e9paisseur, extr\u00eamement adaptable, fabriqu\u00e9 \u00e0 partir d'un adh\u00e9sif acrylique modifi\u00e9.","breadcrumb":{"@id":"https:\/\/cardinal-tapes.com\/fr\/rubans-adh\u00e9sifs\/rubans-adhesifs-double-face\/3m-5915-vhb-klebeband\/#breadcrumb"},"inLanguage":"fr-FR","potentialAction":[{"@type":"ReadAction","target":["https:\/\/cardinal-tapes.com\/fr\/rubans-adh\u00e9sifs\/rubans-adhesifs-double-face\/3m-5915-vhb-klebeband\/"]}]},{"@type":"ImageObject","inLanguage":"fr-FR","@id":"https:\/\/cardinal-tapes.com\/fr\/rubans-adh\u00e9sifs\/rubans-adhesifs-double-face\/3m-5915-vhb-klebeband\/#primaryimage","url":"https:\/\/cardinal-tapes.com\/wp-content\/uploads\/3m-5952f-scaled.jpg","contentUrl":"https:\/\/cardinal-tapes.com\/wp-content\/uploads\/3m-5952f-scaled.jpg","width":2560,"height":1398,"caption":"3m 5952f"},{"@type":"BreadcrumbList","@id":"https:\/\/cardinal-tapes.com\/fr\/rubans-adh\u00e9sifs\/rubans-adhesifs-double-face\/3m-5915-vhb-klebeband\/#breadcrumb","itemListElement":[{"@type":"ListItem","position":1,"name":"Startseite","item":"https:\/\/cardinal-tapes.com\/fr\/accueil\/"},{"@type":"ListItem","position":2,"name":"Rubans adh\u00e9sifs","item":"https:\/\/cardinal-tapes.com\/fr\/rubans-adhesifs-fr\/"},{"@type":"ListItem","position":3,"name":"Beitrag-Vorstellung","item":"https:\/\/cardinal-tapes.com\/kategorie\/beitrag-vorstellung\/"},{"@type":"ListItem","position":4,"name":"3M\u2122 VHB\u2122 Ruban adh\u00e9sif 5915F"}]},{"@type":"WebSite","@id":"https:\/\/cardinal-tapes.com\/#website","url":"https:\/\/cardinal-tapes.com\/","name":"cardinal TAPES","description":"Klebetechnik aus Wuppertal","potentialAction":[{"@type":"SearchAction","target":{"@type":"EntryPoint","urlTemplate":"https:\/\/cardinal-tapes.com\/?s={search_term_string}"},"query-input":{"@type":"PropertyValueSpecification","valueRequired":true,"valueName":"search_term_string"}}],"inLanguage":"fr-FR"}]}},"brands":[{"id":2167,"name":"3M","slug":"3m-fr"}],"_links":{"self":[{"href":"https:\/\/cardinal-tapes.com\/fr\/wp-json\/wp\/v2\/product\/54453","targetHints":{"allow":["GET"]}}],"collection":[{"href":"https:\/\/cardinal-tapes.com\/fr\/wp-json\/wp\/v2\/product"}],"about":[{"href":"https:\/\/cardinal-tapes.com\/fr\/wp-json\/wp\/v2\/types\/product"}],"wp:featuredmedia":[{"embeddable":true,"href":"https:\/\/cardinal-tapes.com\/fr\/wp-json\/wp\/v2\/media\/26644"}],"wp:attachment":[{"href":"https:\/\/cardinal-tapes.com\/fr\/wp-json\/wp\/v2\/media?parent=54453"}],"wp:term":[{"taxonomy":"pwb-brand","embeddable":true,"href":"https:\/\/cardinal-tapes.com\/fr\/wp-json\/wp\/v2\/pwb-brand?post=54453"},{"taxonomy":"product_brand","embeddable":true,"href":"https:\/\/cardinal-tapes.com\/fr\/wp-json\/wp\/v2\/product_brand?post=54453"},{"taxonomy":"product_cat","embeddable":true,"href":"https:\/\/cardinal-tapes.com\/fr\/wp-json\/wp\/v2\/product_cat?post=54453"},{"taxonomy":"product_tag","embeddable":true,"href":"https:\/\/cardinal-tapes.com\/fr\/wp-json\/wp\/v2\/product_tag?post=54453"}],"curies":[{"name":"wp","href":"https:\/\/api.w.org\/{rel}","templated":true}]}}