{"id":54449,"date":"2018-03-20T14:14:23","date_gmt":"2023-06-05T15:22:23","guid":{"rendered":"https:\/\/cardinal.pixel-tal.de\/klebebaender\/non class\u00e9\/ca-25-ruban-adhesif-de-strapping-pp\/"},"modified":"2023-06-05T17:22:23","modified_gmt":"2023-06-05T15:22:23","slug":"ca-25-pp-strapping-bande-adhesive","status":"publish","type":"product","link":"https:\/\/cardinal-tapes.com\/fr\/rubans-adh\u00e9sifs\/rubans-adhesifs-simple-face\/film-pp-fr\/ca-25-pp-strapping-bande-adhesive\/","title":{"rendered":"CA-25 Ruban adh\u00e9sif de strapping PP"},"content":{"rendered":"<p>CA-25 est un ruban adh\u00e9sif de cerclage, d&#8217;une tr\u00e8s grande r\u00e9sistance \u00e0 la traction, pour le cerclage de marchandises lourdes et la fixation de<br \/>\nComposants pour les produits blancs pendant le transport et le stockage. Le produit peut \u00eatre retir\u00e9 de nombreux supports<br \/>\nsans laisser de traces.<\/p>\n<p>&nbsp;<\/p>\n","protected":false},"excerpt":{"rendered":"<p>CA-25 est un ruban adh\u00e9sif de cerclage, d&#8217;une tr\u00e8s grande r\u00e9sistance \u00e0 la traction, pour le cerclage de marchandises lourdes et la fixation de Composants pour les produits blancs pendant le transport et le stockage. Le produit peut \u00eatre retir\u00e9 de nombreux supports sans laisser de traces. &nbsp;<\/p>\n","protected":false},"featured_media":26840,"template":"","meta":{"_acf_changed":false},"pwb-brand":[2171],"product_brand":[],"product_cat":[1768,1836,1840,1842,1665,1667,1670,1738],"product_tag":[],"class_list":{"0":"post-54449","1":"product","2":"type-product","3":"status-publish","4":"has-post-thumbnail","6":"pwb-brand-cardinal-gmbh-fr","7":"product_cat-acier-et-verre","8":"product_cat-rubans-adhesifs-simple-face","9":"product_cat-film-pp-fr","10":"product_cat-ruban-de-masquage","11":"product_cat-production-daluminium-traitement","12":"product_cat-industrie-automobile","13":"product_cat-industrie-du-beton","14":"product_cat-industrie-des-matieres-plastiques","16":"first","17":"instock","18":"taxable","19":"shipping-taxable","20":"purchasable","21":"product-type-variable"},"acf":[],"yoast_head":"<!-- This site is optimized with the Yoast SEO plugin v27.3 - https:\/\/yoast.com\/product\/yoast-seo-wordpress\/ -->\n<title>CA-25 Ruban adh\u00e9sif de strapping PP | Cardinal TAPES<\/title>\n<meta name=\"description\" content=\"CA-25 est un ruban adh\u00e9sif de strapping \u00e0 tr\u00e8s haute r\u00e9sistance \u00e0 la traction pour le bottelage de marchandises lourdes et la fixation d&#039;\u00e9l\u00e9ments de construction pendant le transport et le stockage.\" \/>\n<meta name=\"robots\" content=\"index, follow, max-snippet:-1, max-image-preview:large, max-video-preview:-1\" \/>\n<link rel=\"canonical\" href=\"https:\/\/cardinal-tapes.com\/fr\/rubans-adh\u00e9sifs\/production-daluminium-traitement\/ca-25-pp-strapping-bande-adhesive\/\" \/>\n<meta property=\"og:locale\" content=\"fr_FR\" \/>\n<meta property=\"og:type\" content=\"article\" \/>\n<meta property=\"og:title\" content=\"CA-25 Ruban adh\u00e9sif de strapping PP | Cardinal TAPES\" \/>\n<meta property=\"og:description\" content=\"CA-25 est un ruban adh\u00e9sif de strapping \u00e0 tr\u00e8s haute r\u00e9sistance \u00e0 la traction pour le bottelage de marchandises lourdes et la fixation d&#039;\u00e9l\u00e9ments de construction pendant le transport et le stockage.\" \/>\n<meta property=\"og:url\" content=\"https:\/\/cardinal-tapes.com\/fr\/rubans-adh\u00e9sifs\/production-daluminium-traitement\/ca-25-pp-strapping-bande-adhesive\/\" \/>\n<meta property=\"og:site_name\" content=\"cardinal TAPES\" \/>\n<meta property=\"og:image\" content=\"https:\/\/cardinal-tapes.com\/wp-content\/uploads\/CA_25-1.jpg\" \/>\n\t<meta property=\"og:image:width\" content=\"1400\" \/>\n\t<meta property=\"og:image:height\" content=\"1400\" \/>\n\t<meta property=\"og:image:type\" content=\"image\/jpeg\" \/>\n<meta name=\"twitter:card\" content=\"summary_large_image\" \/>\n<script type=\"application\/ld+json\" class=\"yoast-schema-graph\">{\"@context\":\"https:\\\/\\\/schema.org\",\"@graph\":[{\"@type\":\"WebPage\",\"@id\":\"https:\\\/\\\/cardinal-tapes.com\\\/fr\\\/rubans-adh\u00e9sifs\\\/production-daluminium-traitement\\\/ca-25-pp-strapping-bande-adhesive\\\/\",\"url\":\"https:\\\/\\\/cardinal-tapes.com\\\/fr\\\/rubans-adh\u00e9sifs\\\/production-daluminium-traitement\\\/ca-25-pp-strapping-bande-adhesive\\\/\",\"name\":\"CA-25 Ruban adh\u00e9sif de strapping PP | Cardinal TAPES\",\"isPartOf\":{\"@id\":\"https:\\\/\\\/cardinal-tapes.com\\\/#website\"},\"primaryImageOfPage\":{\"@id\":\"https:\\\/\\\/cardinal-tapes.com\\\/fr\\\/rubans-adh\u00e9sifs\\\/production-daluminium-traitement\\\/ca-25-pp-strapping-bande-adhesive\\\/#primaryimage\"},\"image\":{\"@id\":\"https:\\\/\\\/cardinal-tapes.com\\\/fr\\\/rubans-adh\u00e9sifs\\\/production-daluminium-traitement\\\/ca-25-pp-strapping-bande-adhesive\\\/#primaryimage\"},\"thumbnailUrl\":\"https:\\\/\\\/cardinal-tapes.com\\\/wp-content\\\/uploads\\\/CA_25-1.jpg\",\"datePublished\":\"2023-06-05T15:22:23+00:00\",\"description\":\"CA-25 est un ruban adh\u00e9sif de strapping \u00e0 tr\u00e8s haute r\u00e9sistance \u00e0 la traction pour le bottelage de marchandises lourdes et la fixation d'\u00e9l\u00e9ments de construction pendant le transport et le stockage.\",\"breadcrumb\":{\"@id\":\"https:\\\/\\\/cardinal-tapes.com\\\/fr\\\/rubans-adh\u00e9sifs\\\/production-daluminium-traitement\\\/ca-25-pp-strapping-bande-adhesive\\\/#breadcrumb\"},\"inLanguage\":\"fr-FR\",\"potentialAction\":[{\"@type\":\"ReadAction\",\"target\":[\"https:\\\/\\\/cardinal-tapes.com\\\/fr\\\/rubans-adh\u00e9sifs\\\/production-daluminium-traitement\\\/ca-25-pp-strapping-bande-adhesive\\\/\"]}]},{\"@type\":\"ImageObject\",\"inLanguage\":\"fr-FR\",\"@id\":\"https:\\\/\\\/cardinal-tapes.com\\\/fr\\\/rubans-adh\u00e9sifs\\\/production-daluminium-traitement\\\/ca-25-pp-strapping-bande-adhesive\\\/#primaryimage\",\"url\":\"https:\\\/\\\/cardinal-tapes.com\\\/wp-content\\\/uploads\\\/CA_25-1.jpg\",\"contentUrl\":\"https:\\\/\\\/cardinal-tapes.com\\\/wp-content\\\/uploads\\\/CA_25-1.jpg\",\"width\":1400,\"height\":1400,\"caption\":\"CA_25\"},{\"@type\":\"BreadcrumbList\",\"@id\":\"https:\\\/\\\/cardinal-tapes.com\\\/fr\\\/rubans-adh\u00e9sifs\\\/production-daluminium-traitement\\\/ca-25-pp-strapping-bande-adhesive\\\/#breadcrumb\",\"itemListElement\":[{\"@type\":\"ListItem\",\"position\":1,\"name\":\"Startseite\",\"item\":\"https:\\\/\\\/cardinal-tapes.com\\\/fr\\\/accueil\\\/\"},{\"@type\":\"ListItem\",\"position\":2,\"name\":\"Rubans adh\u00e9sifs\",\"item\":\"https:\\\/\\\/cardinal-tapes.com\\\/fr\\\/rubans-adhesifs-fr\\\/\"},{\"@type\":\"ListItem\",\"position\":3,\"name\":\"Production d&#039;aluminium \\\/ traitement\",\"item\":\"https:\\\/\\\/cardinal-tapes.com\\\/fr\\\/catgorie\\\/production-daluminium-traitement\\\/\"},{\"@type\":\"ListItem\",\"position\":4,\"name\":\"CA-25 Ruban adh\u00e9sif de strapping PP\"}]},{\"@type\":\"WebSite\",\"@id\":\"https:\\\/\\\/cardinal-tapes.com\\\/#website\",\"url\":\"https:\\\/\\\/cardinal-tapes.com\\\/\",\"name\":\"cardinal TAPES\",\"description\":\"Klebetechnik aus Wuppertal\",\"potentialAction\":[{\"@type\":\"SearchAction\",\"target\":{\"@type\":\"EntryPoint\",\"urlTemplate\":\"https:\\\/\\\/cardinal-tapes.com\\\/?s={search_term_string}\"},\"query-input\":{\"@type\":\"PropertyValueSpecification\",\"valueRequired\":true,\"valueName\":\"search_term_string\"}}],\"inLanguage\":\"fr-FR\"}]}<\/script>\n<!-- \/ Yoast SEO plugin. -->","yoast_head_json":{"title":"CA-25 Ruban adh\u00e9sif de strapping PP | Cardinal TAPES","description":"CA-25 est un ruban adh\u00e9sif de strapping \u00e0 tr\u00e8s haute r\u00e9sistance \u00e0 la traction pour le bottelage de marchandises lourdes et la fixation d'\u00e9l\u00e9ments de construction pendant le transport et le stockage.","robots":{"index":"index","follow":"follow","max-snippet":"max-snippet:-1","max-image-preview":"max-image-preview:large","max-video-preview":"max-video-preview:-1"},"canonical":"https:\/\/cardinal-tapes.com\/fr\/rubans-adh\u00e9sifs\/production-daluminium-traitement\/ca-25-pp-strapping-bande-adhesive\/","og_locale":"fr_FR","og_type":"article","og_title":"CA-25 Ruban adh\u00e9sif de strapping PP | Cardinal TAPES","og_description":"CA-25 est un ruban adh\u00e9sif de strapping \u00e0 tr\u00e8s haute r\u00e9sistance \u00e0 la traction pour le bottelage de marchandises lourdes et la fixation d'\u00e9l\u00e9ments de construction pendant le transport et le stockage.","og_url":"https:\/\/cardinal-tapes.com\/fr\/rubans-adh\u00e9sifs\/production-daluminium-traitement\/ca-25-pp-strapping-bande-adhesive\/","og_site_name":"cardinal TAPES","og_image":[{"width":1400,"height":1400,"url":"https:\/\/cardinal-tapes.com\/wp-content\/uploads\/CA_25-1.jpg","type":"image\/jpeg"}],"twitter_card":"summary_large_image","schema":{"@context":"https:\/\/schema.org","@graph":[{"@type":"WebPage","@id":"https:\/\/cardinal-tapes.com\/fr\/rubans-adh\u00e9sifs\/production-daluminium-traitement\/ca-25-pp-strapping-bande-adhesive\/","url":"https:\/\/cardinal-tapes.com\/fr\/rubans-adh\u00e9sifs\/production-daluminium-traitement\/ca-25-pp-strapping-bande-adhesive\/","name":"CA-25 Ruban adh\u00e9sif de strapping PP | Cardinal TAPES","isPartOf":{"@id":"https:\/\/cardinal-tapes.com\/#website"},"primaryImageOfPage":{"@id":"https:\/\/cardinal-tapes.com\/fr\/rubans-adh\u00e9sifs\/production-daluminium-traitement\/ca-25-pp-strapping-bande-adhesive\/#primaryimage"},"image":{"@id":"https:\/\/cardinal-tapes.com\/fr\/rubans-adh\u00e9sifs\/production-daluminium-traitement\/ca-25-pp-strapping-bande-adhesive\/#primaryimage"},"thumbnailUrl":"https:\/\/cardinal-tapes.com\/wp-content\/uploads\/CA_25-1.jpg","datePublished":"2023-06-05T15:22:23+00:00","description":"CA-25 est un ruban adh\u00e9sif de strapping \u00e0 tr\u00e8s haute r\u00e9sistance \u00e0 la traction pour le bottelage de marchandises lourdes et la fixation d'\u00e9l\u00e9ments de construction pendant le transport et le stockage.","breadcrumb":{"@id":"https:\/\/cardinal-tapes.com\/fr\/rubans-adh\u00e9sifs\/production-daluminium-traitement\/ca-25-pp-strapping-bande-adhesive\/#breadcrumb"},"inLanguage":"fr-FR","potentialAction":[{"@type":"ReadAction","target":["https:\/\/cardinal-tapes.com\/fr\/rubans-adh\u00e9sifs\/production-daluminium-traitement\/ca-25-pp-strapping-bande-adhesive\/"]}]},{"@type":"ImageObject","inLanguage":"fr-FR","@id":"https:\/\/cardinal-tapes.com\/fr\/rubans-adh\u00e9sifs\/production-daluminium-traitement\/ca-25-pp-strapping-bande-adhesive\/#primaryimage","url":"https:\/\/cardinal-tapes.com\/wp-content\/uploads\/CA_25-1.jpg","contentUrl":"https:\/\/cardinal-tapes.com\/wp-content\/uploads\/CA_25-1.jpg","width":1400,"height":1400,"caption":"CA_25"},{"@type":"BreadcrumbList","@id":"https:\/\/cardinal-tapes.com\/fr\/rubans-adh\u00e9sifs\/production-daluminium-traitement\/ca-25-pp-strapping-bande-adhesive\/#breadcrumb","itemListElement":[{"@type":"ListItem","position":1,"name":"Startseite","item":"https:\/\/cardinal-tapes.com\/fr\/accueil\/"},{"@type":"ListItem","position":2,"name":"Rubans adh\u00e9sifs","item":"https:\/\/cardinal-tapes.com\/fr\/rubans-adhesifs-fr\/"},{"@type":"ListItem","position":3,"name":"Production d&#039;aluminium \/ traitement","item":"https:\/\/cardinal-tapes.com\/fr\/catgorie\/production-daluminium-traitement\/"},{"@type":"ListItem","position":4,"name":"CA-25 Ruban adh\u00e9sif de strapping PP"}]},{"@type":"WebSite","@id":"https:\/\/cardinal-tapes.com\/#website","url":"https:\/\/cardinal-tapes.com\/","name":"cardinal TAPES","description":"Klebetechnik aus Wuppertal","potentialAction":[{"@type":"SearchAction","target":{"@type":"EntryPoint","urlTemplate":"https:\/\/cardinal-tapes.com\/?s={search_term_string}"},"query-input":{"@type":"PropertyValueSpecification","valueRequired":true,"valueName":"search_term_string"}}],"inLanguage":"fr-FR"}]}},"brands":[{"id":2171,"name":"cardinal GmbH","slug":"cardinal-gmbh-fr"}],"_links":{"self":[{"href":"https:\/\/cardinal-tapes.com\/fr\/wp-json\/wp\/v2\/product\/54449","targetHints":{"allow":["GET"]}}],"collection":[{"href":"https:\/\/cardinal-tapes.com\/fr\/wp-json\/wp\/v2\/product"}],"about":[{"href":"https:\/\/cardinal-tapes.com\/fr\/wp-json\/wp\/v2\/types\/product"}],"wp:featuredmedia":[{"embeddable":true,"href":"https:\/\/cardinal-tapes.com\/fr\/wp-json\/wp\/v2\/media\/26840"}],"wp:attachment":[{"href":"https:\/\/cardinal-tapes.com\/fr\/wp-json\/wp\/v2\/media?parent=54449"}],"wp:term":[{"taxonomy":"pwb-brand","embeddable":true,"href":"https:\/\/cardinal-tapes.com\/fr\/wp-json\/wp\/v2\/pwb-brand?post=54449"},{"taxonomy":"product_brand","embeddable":true,"href":"https:\/\/cardinal-tapes.com\/fr\/wp-json\/wp\/v2\/product_brand?post=54449"},{"taxonomy":"product_cat","embeddable":true,"href":"https:\/\/cardinal-tapes.com\/fr\/wp-json\/wp\/v2\/product_cat?post=54449"},{"taxonomy":"product_tag","embeddable":true,"href":"https:\/\/cardinal-tapes.com\/fr\/wp-json\/wp\/v2\/product_tag?post=54449"}],"curies":[{"name":"wp","href":"https:\/\/api.w.org\/{rel}","templated":true}]}}