{"id":54440,"date":"2018-03-15T09:50:55","date_gmt":"2023-06-05T15:22:23","guid":{"rendered":"https:\/\/cardinal.pixel-tal.de\/klebebaender\/non%20class\u00e9\/3m-double-verrouillage\/"},"modified":"2025-07-03T09:57:27","modified_gmt":"2025-07-03T07:57:27","slug":"3m-5909-f-vhb-klebeband","status":"publish","type":"product","link":"https:\/\/cardinal-tapes.com\/fr\/rubans-adh\u00e9sifs\/rubans-adhesifs-simple-face\/3m-5909-f-vhb-klebeband\/","title":{"rendered":"3M\u2122 Double verrouillage"},"content":{"rendered":"<p>Le 3M\u2122 Dual Lock est une fermeture \u00e0 pression autocollante et flexible sous forme de rouleau. Le syst\u00e8me brevet\u00e9 se compose de bandes de polyol\u00e9fine noires avec des t\u00eates h\u00e9misph\u00e9riques sur un tronc court. En les pressant l&#8217;un contre l&#8217;autre, on obtient une liaison solide mais amovible. Contrairement aux syst\u00e8mes de fixation traditionnels tels que les vis ou les rivets, le 3M\u2122 Dual Lock ne n\u00e9cessite aucun trou qui pourrait nuire \u00e0 l&#8217;aspect visuel de la surface. Ainsi, le produit convient \u00e9galement \u00e0 une multitude d&#8217;applications.<\/p>\n<p><strong>Caract\u00e9ristiques<\/strong><br \/>\n&#8211; R\u00e9siste aux temp\u00e9ratures \u00e9lev\u00e9es et aux solvants<br \/>\n&#8211; Se replie de mani\u00e8re audible<br \/>\n&#8211; Forte force de maintien<\/p>\n<p><strong>Applications<\/strong><br \/>\n&#8211; Alternative aux m\u00e9thodes de fixation traditionnelles, telles que le vissage, le rivetage, etc.<\/p>\n","protected":false},"excerpt":{"rendered":"<p>Le 3M\u2122 Dual Lock est une fermeture \u00e0 pression autocollante et flexible sous forme de rouleau. Le syst\u00e8me brevet\u00e9 se compose de bandes de polyol\u00e9fine noires avec des t\u00eates h\u00e9misph\u00e9riques sur un tronc court. En les pressant l&#8217;un contre l&#8217;autre, on obtient une liaison solide mais amovible. Contrairement aux syst\u00e8mes de fixation traditionnels tels que [&hellip;]<\/p>\n","protected":false},"featured_media":26724,"template":"","meta":{"_acf_changed":false},"pwb-brand":[2167],"product_brand":[],"product_cat":[1836],"product_tag":[],"class_list":{"0":"post-54440","1":"product","2":"type-product","3":"status-publish","4":"has-post-thumbnail","6":"pwb-brand-3m-fr","7":"product_cat-rubans-adhesifs-simple-face","9":"first","10":"instock","11":"taxable","12":"shipping-taxable","13":"purchasable","14":"product-type-variable"},"acf":[],"yoast_head":"<!-- This site is optimized with the Yoast SEO plugin v27.3 - https:\/\/yoast.com\/product\/yoast-seo-wordpress\/ -->\n<title>Le syst\u00e8me brevet\u00e9 3M Dual Lock | Cardinal TAPES<\/title>\n<meta name=\"description\" content=\"3M\u2122Dual Lock\u2122 est une fermeture \u00e0 pression autocollante et flexible sous forme de rouleau. Apprenez-en plus sur le syst\u00e8me brevet\u00e9 3M Dual Lock.\" \/>\n<meta name=\"robots\" content=\"index, follow, max-snippet:-1, max-image-preview:large, max-video-preview:-1\" \/>\n<link rel=\"canonical\" href=\"https:\/\/cardinal-tapes.com\/fr\/rubans-adh\u00e9sifs\/rubans-adhesifs-simple-face\/3m-5909-f-vhb-klebeband\/\" \/>\n<meta property=\"og:locale\" content=\"fr_FR\" \/>\n<meta property=\"og:type\" content=\"article\" \/>\n<meta property=\"og:title\" content=\"Le syst\u00e8me brevet\u00e9 3M Dual Lock | Cardinal TAPES\" \/>\n<meta property=\"og:description\" content=\"3M\u2122Dual Lock\u2122 est une fermeture \u00e0 pression autocollante et flexible sous forme de rouleau. Apprenez-en plus sur le syst\u00e8me brevet\u00e9 3M Dual Lock.\" \/>\n<meta property=\"og:url\" content=\"https:\/\/cardinal-tapes.com\/fr\/rubans-adh\u00e9sifs\/rubans-adhesifs-simple-face\/3m-5909-f-vhb-klebeband\/\" \/>\n<meta property=\"og:site_name\" content=\"cardinal TAPES\" \/>\n<meta property=\"article:modified_time\" content=\"2025-07-03T07:57:27+00:00\" \/>\n<meta property=\"og:image\" content=\"https:\/\/cardinal-tapes.com\/wp-content\/uploads\/3m-sj-3871-scaled.jpg\" \/>\n\t<meta property=\"og:image:width\" content=\"2560\" \/>\n\t<meta property=\"og:image:height\" content=\"1843\" \/>\n\t<meta property=\"og:image:type\" content=\"image\/jpeg\" \/>\n<meta name=\"twitter:card\" content=\"summary_large_image\" \/>\n<meta name=\"twitter:label1\" content=\"Dur\u00e9e de lecture estim\u00e9e\" \/>\n\t<meta name=\"twitter:data1\" content=\"1 minute\" \/>\n<script type=\"application\/ld+json\" class=\"yoast-schema-graph\">{\"@context\":\"https:\\\/\\\/schema.org\",\"@graph\":[{\"@type\":\"WebPage\",\"@id\":\"https:\\\/\\\/cardinal-tapes.com\\\/fr\\\/rubans-adh\u00e9sifs\\\/rubans-adhesifs-simple-face\\\/3m-5909-f-vhb-klebeband\\\/\",\"url\":\"https:\\\/\\\/cardinal-tapes.com\\\/fr\\\/rubans-adh\u00e9sifs\\\/rubans-adhesifs-simple-face\\\/3m-5909-f-vhb-klebeband\\\/\",\"name\":\"Le syst\u00e8me brevet\u00e9 3M Dual Lock | Cardinal TAPES\",\"isPartOf\":{\"@id\":\"https:\\\/\\\/cardinal-tapes.com\\\/#website\"},\"primaryImageOfPage\":{\"@id\":\"https:\\\/\\\/cardinal-tapes.com\\\/fr\\\/rubans-adh\u00e9sifs\\\/rubans-adhesifs-simple-face\\\/3m-5909-f-vhb-klebeband\\\/#primaryimage\"},\"image\":{\"@id\":\"https:\\\/\\\/cardinal-tapes.com\\\/fr\\\/rubans-adh\u00e9sifs\\\/rubans-adhesifs-simple-face\\\/3m-5909-f-vhb-klebeband\\\/#primaryimage\"},\"thumbnailUrl\":\"https:\\\/\\\/cardinal-tapes.com\\\/wp-content\\\/uploads\\\/3m-sj-3871-scaled.jpg\",\"datePublished\":\"2023-06-05T15:22:23+00:00\",\"dateModified\":\"2025-07-03T07:57:27+00:00\",\"description\":\"3M\u2122Dual Lock\u2122 est une fermeture \u00e0 pression autocollante et flexible sous forme de rouleau. Apprenez-en plus sur le syst\u00e8me brevet\u00e9 3M Dual Lock.\",\"breadcrumb\":{\"@id\":\"https:\\\/\\\/cardinal-tapes.com\\\/fr\\\/rubans-adh\u00e9sifs\\\/rubans-adhesifs-simple-face\\\/3m-5909-f-vhb-klebeband\\\/#breadcrumb\"},\"inLanguage\":\"fr-FR\",\"potentialAction\":[{\"@type\":\"ReadAction\",\"target\":[\"https:\\\/\\\/cardinal-tapes.com\\\/fr\\\/rubans-adh\u00e9sifs\\\/rubans-adhesifs-simple-face\\\/3m-5909-f-vhb-klebeband\\\/\"]}]},{\"@type\":\"ImageObject\",\"inLanguage\":\"fr-FR\",\"@id\":\"https:\\\/\\\/cardinal-tapes.com\\\/fr\\\/rubans-adh\u00e9sifs\\\/rubans-adhesifs-simple-face\\\/3m-5909-f-vhb-klebeband\\\/#primaryimage\",\"url\":\"https:\\\/\\\/cardinal-tapes.com\\\/wp-content\\\/uploads\\\/3m-sj-3871-scaled.jpg\",\"contentUrl\":\"https:\\\/\\\/cardinal-tapes.com\\\/wp-content\\\/uploads\\\/3m-sj-3871-scaled.jpg\",\"width\":2560,\"height\":1843,\"caption\":\"3m-sj-3871\"},{\"@type\":\"BreadcrumbList\",\"@id\":\"https:\\\/\\\/cardinal-tapes.com\\\/fr\\\/rubans-adh\u00e9sifs\\\/rubans-adhesifs-simple-face\\\/3m-5909-f-vhb-klebeband\\\/#breadcrumb\",\"itemListElement\":[{\"@type\":\"ListItem\",\"position\":1,\"name\":\"Startseite\",\"item\":\"https:\\\/\\\/cardinal-tapes.com\\\/fr\\\/accueil\\\/\"},{\"@type\":\"ListItem\",\"position\":2,\"name\":\"Rubans adh\u00e9sifs\",\"item\":\"https:\\\/\\\/cardinal-tapes.com\\\/fr\\\/rubans-adhesifs-fr\\\/\"},{\"@type\":\"ListItem\",\"position\":3,\"name\":\"Rubans adh\u00e9sifs simple face\",\"item\":\"https:\\\/\\\/cardinal-tapes.com\\\/fr\\\/catgorie\\\/rubans-adhesifs-simple-face\\\/\"},{\"@type\":\"ListItem\",\"position\":4,\"name\":\"3M\u2122 Double verrouillage\"}]},{\"@type\":\"WebSite\",\"@id\":\"https:\\\/\\\/cardinal-tapes.com\\\/#website\",\"url\":\"https:\\\/\\\/cardinal-tapes.com\\\/\",\"name\":\"cardinal TAPES\",\"description\":\"Klebetechnik aus Wuppertal\",\"potentialAction\":[{\"@type\":\"SearchAction\",\"target\":{\"@type\":\"EntryPoint\",\"urlTemplate\":\"https:\\\/\\\/cardinal-tapes.com\\\/?s={search_term_string}\"},\"query-input\":{\"@type\":\"PropertyValueSpecification\",\"valueRequired\":true,\"valueName\":\"search_term_string\"}}],\"inLanguage\":\"fr-FR\"}]}<\/script>\n<!-- \/ Yoast SEO plugin. -->","yoast_head_json":{"title":"Le syst\u00e8me brevet\u00e9 3M Dual Lock | Cardinal TAPES","description":"3M\u2122Dual Lock\u2122 est une fermeture \u00e0 pression autocollante et flexible sous forme de rouleau. Apprenez-en plus sur le syst\u00e8me brevet\u00e9 3M Dual Lock.","robots":{"index":"index","follow":"follow","max-snippet":"max-snippet:-1","max-image-preview":"max-image-preview:large","max-video-preview":"max-video-preview:-1"},"canonical":"https:\/\/cardinal-tapes.com\/fr\/rubans-adh\u00e9sifs\/rubans-adhesifs-simple-face\/3m-5909-f-vhb-klebeband\/","og_locale":"fr_FR","og_type":"article","og_title":"Le syst\u00e8me brevet\u00e9 3M Dual Lock | Cardinal TAPES","og_description":"3M\u2122Dual Lock\u2122 est une fermeture \u00e0 pression autocollante et flexible sous forme de rouleau. Apprenez-en plus sur le syst\u00e8me brevet\u00e9 3M Dual Lock.","og_url":"https:\/\/cardinal-tapes.com\/fr\/rubans-adh\u00e9sifs\/rubans-adhesifs-simple-face\/3m-5909-f-vhb-klebeband\/","og_site_name":"cardinal TAPES","article_modified_time":"2025-07-03T07:57:27+00:00","og_image":[{"width":2560,"height":1843,"url":"https:\/\/cardinal-tapes.com\/wp-content\/uploads\/3m-sj-3871-scaled.jpg","type":"image\/jpeg"}],"twitter_card":"summary_large_image","twitter_misc":{"Dur\u00e9e de lecture estim\u00e9e":"1 minute"},"schema":{"@context":"https:\/\/schema.org","@graph":[{"@type":"WebPage","@id":"https:\/\/cardinal-tapes.com\/fr\/rubans-adh\u00e9sifs\/rubans-adhesifs-simple-face\/3m-5909-f-vhb-klebeband\/","url":"https:\/\/cardinal-tapes.com\/fr\/rubans-adh\u00e9sifs\/rubans-adhesifs-simple-face\/3m-5909-f-vhb-klebeband\/","name":"Le syst\u00e8me brevet\u00e9 3M Dual Lock | Cardinal TAPES","isPartOf":{"@id":"https:\/\/cardinal-tapes.com\/#website"},"primaryImageOfPage":{"@id":"https:\/\/cardinal-tapes.com\/fr\/rubans-adh\u00e9sifs\/rubans-adhesifs-simple-face\/3m-5909-f-vhb-klebeband\/#primaryimage"},"image":{"@id":"https:\/\/cardinal-tapes.com\/fr\/rubans-adh\u00e9sifs\/rubans-adhesifs-simple-face\/3m-5909-f-vhb-klebeband\/#primaryimage"},"thumbnailUrl":"https:\/\/cardinal-tapes.com\/wp-content\/uploads\/3m-sj-3871-scaled.jpg","datePublished":"2023-06-05T15:22:23+00:00","dateModified":"2025-07-03T07:57:27+00:00","description":"3M\u2122Dual Lock\u2122 est une fermeture \u00e0 pression autocollante et flexible sous forme de rouleau. Apprenez-en plus sur le syst\u00e8me brevet\u00e9 3M Dual Lock.","breadcrumb":{"@id":"https:\/\/cardinal-tapes.com\/fr\/rubans-adh\u00e9sifs\/rubans-adhesifs-simple-face\/3m-5909-f-vhb-klebeband\/#breadcrumb"},"inLanguage":"fr-FR","potentialAction":[{"@type":"ReadAction","target":["https:\/\/cardinal-tapes.com\/fr\/rubans-adh\u00e9sifs\/rubans-adhesifs-simple-face\/3m-5909-f-vhb-klebeband\/"]}]},{"@type":"ImageObject","inLanguage":"fr-FR","@id":"https:\/\/cardinal-tapes.com\/fr\/rubans-adh\u00e9sifs\/rubans-adhesifs-simple-face\/3m-5909-f-vhb-klebeband\/#primaryimage","url":"https:\/\/cardinal-tapes.com\/wp-content\/uploads\/3m-sj-3871-scaled.jpg","contentUrl":"https:\/\/cardinal-tapes.com\/wp-content\/uploads\/3m-sj-3871-scaled.jpg","width":2560,"height":1843,"caption":"3m-sj-3871"},{"@type":"BreadcrumbList","@id":"https:\/\/cardinal-tapes.com\/fr\/rubans-adh\u00e9sifs\/rubans-adhesifs-simple-face\/3m-5909-f-vhb-klebeband\/#breadcrumb","itemListElement":[{"@type":"ListItem","position":1,"name":"Startseite","item":"https:\/\/cardinal-tapes.com\/fr\/accueil\/"},{"@type":"ListItem","position":2,"name":"Rubans adh\u00e9sifs","item":"https:\/\/cardinal-tapes.com\/fr\/rubans-adhesifs-fr\/"},{"@type":"ListItem","position":3,"name":"Rubans adh\u00e9sifs simple face","item":"https:\/\/cardinal-tapes.com\/fr\/catgorie\/rubans-adhesifs-simple-face\/"},{"@type":"ListItem","position":4,"name":"3M\u2122 Double verrouillage"}]},{"@type":"WebSite","@id":"https:\/\/cardinal-tapes.com\/#website","url":"https:\/\/cardinal-tapes.com\/","name":"cardinal TAPES","description":"Klebetechnik aus Wuppertal","potentialAction":[{"@type":"SearchAction","target":{"@type":"EntryPoint","urlTemplate":"https:\/\/cardinal-tapes.com\/?s={search_term_string}"},"query-input":{"@type":"PropertyValueSpecification","valueRequired":true,"valueName":"search_term_string"}}],"inLanguage":"fr-FR"}]}},"brands":[{"id":2167,"name":"3M","slug":"3m-fr"}],"_links":{"self":[{"href":"https:\/\/cardinal-tapes.com\/fr\/wp-json\/wp\/v2\/product\/54440","targetHints":{"allow":["GET"]}}],"collection":[{"href":"https:\/\/cardinal-tapes.com\/fr\/wp-json\/wp\/v2\/product"}],"about":[{"href":"https:\/\/cardinal-tapes.com\/fr\/wp-json\/wp\/v2\/types\/product"}],"wp:featuredmedia":[{"embeddable":true,"href":"https:\/\/cardinal-tapes.com\/fr\/wp-json\/wp\/v2\/media\/26724"}],"wp:attachment":[{"href":"https:\/\/cardinal-tapes.com\/fr\/wp-json\/wp\/v2\/media?parent=54440"}],"wp:term":[{"taxonomy":"pwb-brand","embeddable":true,"href":"https:\/\/cardinal-tapes.com\/fr\/wp-json\/wp\/v2\/pwb-brand?post=54440"},{"taxonomy":"product_brand","embeddable":true,"href":"https:\/\/cardinal-tapes.com\/fr\/wp-json\/wp\/v2\/product_brand?post=54440"},{"taxonomy":"product_cat","embeddable":true,"href":"https:\/\/cardinal-tapes.com\/fr\/wp-json\/wp\/v2\/product_cat?post=54440"},{"taxonomy":"product_tag","embeddable":true,"href":"https:\/\/cardinal-tapes.com\/fr\/wp-json\/wp\/v2\/product_tag?post=54440"}],"curies":[{"name":"wp","href":"https:\/\/api.w.org\/{rel}","templated":true}]}}