{"id":54388,"date":"2018-03-20T08:29:35","date_gmt":"2023-06-05T15:22:22","guid":{"rendered":"https:\/\/cardinal.pixel-tal.de\/klebebaender\/non%20class\u00e9\/tesa-haf-8402-film-reactif-activable-par-la-chaleur\/"},"modified":"2025-07-02T13:57:54","modified_gmt":"2025-07-02T11:57:54","slug":"tesa-8402-haf-film-reactif-activable-par-la-chaleur","status":"publish","type":"product","link":"https:\/\/cardinal-tapes.com\/fr\/rubans-adh\u00e9sifs\/domaines-dapplication\/industrie-electrique\/tesa-8402-haf-film-reactif-activable-par-la-chaleur\/","title":{"rendered":"tesa HAF\u00ae 8402 film r\u00e9actif activable par la chaleur"},"content":{"rendered":"<p><span class=\"lowercase\">tesa<\/span> <sup>HAF\u00ae<\/sup> 8401 est un film activable par la chaleur \u00e0 base de caoutchouc nitrile et de r\u00e9sine ph\u00e9nolique. Le mat\u00e9riau ambr\u00e9, sans support, est recouvert d&#8217;un liner en papier et se d\u00e9coupe et s&#8217;estompe facilement. A temp\u00e9rature ambiante, <span class=\"lowercase\">tesa<\/span> <sup>HAF\u00ae<\/sup> 8401 n&#8217;est pas adh\u00e9sif. La temp\u00e9rature d&#8217;activation pour la pr\u00e9fixation est d&#8217;environ 90\u00b0C. Dans une deuxi\u00e8me \u00e9tape de traitement, le produit est appliqu\u00e9 sous pression et \u00e0 la chaleur.<\/p>\n<p><strong>Propri\u00e9t\u00e9s<\/strong><br \/>\n&#8211; R\u00e9sistance composite extr\u00eamement \u00e9lev\u00e9e<br \/>\n&#8211; Tr\u00e8s haute r\u00e9sistance \u00e0 la temp\u00e9rature<br \/>\n&#8211; Excellente r\u00e9sistance aux produits chimiques.<\/p>\n<p><strong>Applications<\/strong><br \/>\n&#8211; Collage d&#8217;aimants dans les moteurs \u00e9lectriques<br \/>\n&#8211; Collage de coussinets et de garnitures de frein.<br \/>\n&#8211; Collage structurel<\/p>\n","protected":false},"excerpt":{"rendered":"<p>tesa HAF\u00ae 8401 est un film activable par la chaleur \u00e0 base de caoutchouc nitrile et de r\u00e9sine ph\u00e9nolique. Le mat\u00e9riau ambr\u00e9, sans support, est recouvert d&#8217;un liner en papier et se d\u00e9coupe et s&#8217;estompe facilement. A temp\u00e9rature ambiante, tesa HAF\u00ae 8401 n&#8217;est pas adh\u00e9sif. La temp\u00e9rature d&#8217;activation pour la pr\u00e9fixation est d&#8217;environ 90\u00b0C. Dans [&hellip;]<\/p>\n","protected":false},"featured_media":26812,"template":"","meta":{"_acf_changed":false},"pwb-brand":[2165],"product_brand":[],"product_cat":[1673,1834],"product_tag":[],"class_list":{"0":"post-54388","1":"product","2":"type-product","3":"status-publish","4":"has-post-thumbnail","6":"pwb-brand-tesa-fr","7":"product_cat-industrie-electrique","8":"product_cat-rubans-adhesifs-double-face","10":"first","11":"instock","12":"taxable","13":"shipping-taxable","14":"purchasable","15":"product-type-variable"},"acf":[],"yoast_head":"<!-- This site is optimized with the Yoast SEO plugin v27.3 - https:\/\/yoast.com\/product\/yoast-seo-wordpress\/ -->\n<title>tesa HAF\u00ae 8402 film r\u00e9actif activable par la chaleur | Cardinal TAPES<\/title>\n<meta name=\"description\" content=\"tesa HAF\u00ae 8402 est un film sans support activable par la chaleur \u00e0 base de caoutchouc nitrile et de r\u00e9sine ph\u00e9nolique. En savoir plus ici.\" \/>\n<meta name=\"robots\" content=\"index, follow, max-snippet:-1, max-image-preview:large, max-video-preview:-1\" \/>\n<link rel=\"canonical\" href=\"https:\/\/cardinal-tapes.com\/fr\/rubans-adh\u00e9sifs\/domaines-dapplication\/industrie-electrique\/tesa-8402-haf-film-reactif-activable-par-la-chaleur\/\" \/>\n<meta property=\"og:locale\" content=\"fr_FR\" \/>\n<meta property=\"og:type\" content=\"article\" \/>\n<meta property=\"og:title\" content=\"tesa HAF\u00ae 8402 film r\u00e9actif activable par la chaleur | Cardinal TAPES\" \/>\n<meta property=\"og:description\" content=\"tesa HAF\u00ae 8402 est un film sans support activable par la chaleur \u00e0 base de caoutchouc nitrile et de r\u00e9sine ph\u00e9nolique. En savoir plus ici.\" \/>\n<meta property=\"og:url\" content=\"https:\/\/cardinal-tapes.com\/fr\/rubans-adh\u00e9sifs\/domaines-dapplication\/industrie-electrique\/tesa-8402-haf-film-reactif-activable-par-la-chaleur\/\" \/>\n<meta property=\"og:site_name\" content=\"cardinal TAPES\" \/>\n<meta property=\"article:modified_time\" content=\"2025-07-02T11:57:54+00:00\" \/>\n<meta property=\"og:image\" content=\"https:\/\/cardinal-tapes.com\/wp-content\/uploads\/08402_pr-scaled.jpg\" \/>\n\t<meta property=\"og:image:width\" content=\"1920\" \/>\n\t<meta property=\"og:image:height\" content=\"2560\" \/>\n\t<meta property=\"og:image:type\" content=\"image\/jpeg\" \/>\n<meta name=\"twitter:card\" content=\"summary_large_image\" \/>\n<meta name=\"twitter:label1\" content=\"Dur\u00e9e de lecture estim\u00e9e\" \/>\n\t<meta name=\"twitter:data1\" content=\"1 minute\" \/>\n<script type=\"application\/ld+json\" class=\"yoast-schema-graph\">{\"@context\":\"https:\\\/\\\/schema.org\",\"@graph\":[{\"@type\":\"WebPage\",\"@id\":\"https:\\\/\\\/cardinal-tapes.com\\\/fr\\\/rubans-adh\u00e9sifs\\\/domaines-dapplication\\\/industrie-electrique\\\/tesa-8402-haf-film-reactif-activable-par-la-chaleur\\\/\",\"url\":\"https:\\\/\\\/cardinal-tapes.com\\\/fr\\\/rubans-adh\u00e9sifs\\\/domaines-dapplication\\\/industrie-electrique\\\/tesa-8402-haf-film-reactif-activable-par-la-chaleur\\\/\",\"name\":\"tesa HAF\u00ae 8402 film r\u00e9actif activable par la chaleur | Cardinal TAPES\",\"isPartOf\":{\"@id\":\"https:\\\/\\\/cardinal-tapes.com\\\/#website\"},\"primaryImageOfPage\":{\"@id\":\"https:\\\/\\\/cardinal-tapes.com\\\/fr\\\/rubans-adh\u00e9sifs\\\/domaines-dapplication\\\/industrie-electrique\\\/tesa-8402-haf-film-reactif-activable-par-la-chaleur\\\/#primaryimage\"},\"image\":{\"@id\":\"https:\\\/\\\/cardinal-tapes.com\\\/fr\\\/rubans-adh\u00e9sifs\\\/domaines-dapplication\\\/industrie-electrique\\\/tesa-8402-haf-film-reactif-activable-par-la-chaleur\\\/#primaryimage\"},\"thumbnailUrl\":\"https:\\\/\\\/cardinal-tapes.com\\\/wp-content\\\/uploads\\\/08402_pr-scaled.jpg\",\"datePublished\":\"2023-06-05T15:22:22+00:00\",\"dateModified\":\"2025-07-02T11:57:54+00:00\",\"description\":\"tesa HAF\u00ae 8402 est un film sans support activable par la chaleur \u00e0 base de caoutchouc nitrile et de r\u00e9sine ph\u00e9nolique. En savoir plus ici.\",\"breadcrumb\":{\"@id\":\"https:\\\/\\\/cardinal-tapes.com\\\/fr\\\/rubans-adh\u00e9sifs\\\/domaines-dapplication\\\/industrie-electrique\\\/tesa-8402-haf-film-reactif-activable-par-la-chaleur\\\/#breadcrumb\"},\"inLanguage\":\"fr-FR\",\"potentialAction\":[{\"@type\":\"ReadAction\",\"target\":[\"https:\\\/\\\/cardinal-tapes.com\\\/fr\\\/rubans-adh\u00e9sifs\\\/domaines-dapplication\\\/industrie-electrique\\\/tesa-8402-haf-film-reactif-activable-par-la-chaleur\\\/\"]}]},{\"@type\":\"ImageObject\",\"inLanguage\":\"fr-FR\",\"@id\":\"https:\\\/\\\/cardinal-tapes.com\\\/fr\\\/rubans-adh\u00e9sifs\\\/domaines-dapplication\\\/industrie-electrique\\\/tesa-8402-haf-film-reactif-activable-par-la-chaleur\\\/#primaryimage\",\"url\":\"https:\\\/\\\/cardinal-tapes.com\\\/wp-content\\\/uploads\\\/08402_pr-scaled.jpg\",\"contentUrl\":\"https:\\\/\\\/cardinal-tapes.com\\\/wp-content\\\/uploads\\\/08402_pr-scaled.jpg\",\"width\":1920,\"height\":2560},{\"@type\":\"BreadcrumbList\",\"@id\":\"https:\\\/\\\/cardinal-tapes.com\\\/fr\\\/rubans-adh\u00e9sifs\\\/domaines-dapplication\\\/industrie-electrique\\\/tesa-8402-haf-film-reactif-activable-par-la-chaleur\\\/#breadcrumb\",\"itemListElement\":[{\"@type\":\"ListItem\",\"position\":1,\"name\":\"Startseite\",\"item\":\"https:\\\/\\\/cardinal-tapes.com\\\/fr\\\/accueil\\\/\"},{\"@type\":\"ListItem\",\"position\":2,\"name\":\"Rubans adh\u00e9sifs\",\"item\":\"https:\\\/\\\/cardinal-tapes.com\\\/fr\\\/rubans-adhesifs-fr\\\/\"},{\"@type\":\"ListItem\",\"position\":3,\"name\":\"Domaines d&#039;application\",\"item\":\"https:\\\/\\\/cardinal-tapes.com\\\/fr\\\/catgorie\\\/domaines-dapplication\\\/\"},{\"@type\":\"ListItem\",\"position\":4,\"name\":\"Industrie \u00e9lectrique\",\"item\":\"https:\\\/\\\/cardinal-tapes.com\\\/fr\\\/catgorie\\\/industrie-electrique\\\/\"},{\"@type\":\"ListItem\",\"position\":5,\"name\":\"tesa HAF\u00ae 8402 film r\u00e9actif activable par la chaleur\"}]},{\"@type\":\"WebSite\",\"@id\":\"https:\\\/\\\/cardinal-tapes.com\\\/#website\",\"url\":\"https:\\\/\\\/cardinal-tapes.com\\\/\",\"name\":\"cardinal TAPES\",\"description\":\"Klebetechnik aus Wuppertal\",\"potentialAction\":[{\"@type\":\"SearchAction\",\"target\":{\"@type\":\"EntryPoint\",\"urlTemplate\":\"https:\\\/\\\/cardinal-tapes.com\\\/?s={search_term_string}\"},\"query-input\":{\"@type\":\"PropertyValueSpecification\",\"valueRequired\":true,\"valueName\":\"search_term_string\"}}],\"inLanguage\":\"fr-FR\"}]}<\/script>\n<!-- \/ Yoast SEO plugin. -->","yoast_head_json":{"title":"tesa HAF\u00ae 8402 film r\u00e9actif activable par la chaleur | Cardinal TAPES","description":"tesa HAF\u00ae 8402 est un film sans support activable par la chaleur \u00e0 base de caoutchouc nitrile et de r\u00e9sine ph\u00e9nolique. En savoir plus ici.","robots":{"index":"index","follow":"follow","max-snippet":"max-snippet:-1","max-image-preview":"max-image-preview:large","max-video-preview":"max-video-preview:-1"},"canonical":"https:\/\/cardinal-tapes.com\/fr\/rubans-adh\u00e9sifs\/domaines-dapplication\/industrie-electrique\/tesa-8402-haf-film-reactif-activable-par-la-chaleur\/","og_locale":"fr_FR","og_type":"article","og_title":"tesa HAF\u00ae 8402 film r\u00e9actif activable par la chaleur | Cardinal TAPES","og_description":"tesa HAF\u00ae 8402 est un film sans support activable par la chaleur \u00e0 base de caoutchouc nitrile et de r\u00e9sine ph\u00e9nolique. En savoir plus ici.","og_url":"https:\/\/cardinal-tapes.com\/fr\/rubans-adh\u00e9sifs\/domaines-dapplication\/industrie-electrique\/tesa-8402-haf-film-reactif-activable-par-la-chaleur\/","og_site_name":"cardinal TAPES","article_modified_time":"2025-07-02T11:57:54+00:00","og_image":[{"width":1920,"height":2560,"url":"https:\/\/cardinal-tapes.com\/wp-content\/uploads\/08402_pr-scaled.jpg","type":"image\/jpeg"}],"twitter_card":"summary_large_image","twitter_misc":{"Dur\u00e9e de lecture estim\u00e9e":"1 minute"},"schema":{"@context":"https:\/\/schema.org","@graph":[{"@type":"WebPage","@id":"https:\/\/cardinal-tapes.com\/fr\/rubans-adh\u00e9sifs\/domaines-dapplication\/industrie-electrique\/tesa-8402-haf-film-reactif-activable-par-la-chaleur\/","url":"https:\/\/cardinal-tapes.com\/fr\/rubans-adh\u00e9sifs\/domaines-dapplication\/industrie-electrique\/tesa-8402-haf-film-reactif-activable-par-la-chaleur\/","name":"tesa HAF\u00ae 8402 film r\u00e9actif activable par la chaleur | Cardinal TAPES","isPartOf":{"@id":"https:\/\/cardinal-tapes.com\/#website"},"primaryImageOfPage":{"@id":"https:\/\/cardinal-tapes.com\/fr\/rubans-adh\u00e9sifs\/domaines-dapplication\/industrie-electrique\/tesa-8402-haf-film-reactif-activable-par-la-chaleur\/#primaryimage"},"image":{"@id":"https:\/\/cardinal-tapes.com\/fr\/rubans-adh\u00e9sifs\/domaines-dapplication\/industrie-electrique\/tesa-8402-haf-film-reactif-activable-par-la-chaleur\/#primaryimage"},"thumbnailUrl":"https:\/\/cardinal-tapes.com\/wp-content\/uploads\/08402_pr-scaled.jpg","datePublished":"2023-06-05T15:22:22+00:00","dateModified":"2025-07-02T11:57:54+00:00","description":"tesa HAF\u00ae 8402 est un film sans support activable par la chaleur \u00e0 base de caoutchouc nitrile et de r\u00e9sine ph\u00e9nolique. En savoir plus ici.","breadcrumb":{"@id":"https:\/\/cardinal-tapes.com\/fr\/rubans-adh\u00e9sifs\/domaines-dapplication\/industrie-electrique\/tesa-8402-haf-film-reactif-activable-par-la-chaleur\/#breadcrumb"},"inLanguage":"fr-FR","potentialAction":[{"@type":"ReadAction","target":["https:\/\/cardinal-tapes.com\/fr\/rubans-adh\u00e9sifs\/domaines-dapplication\/industrie-electrique\/tesa-8402-haf-film-reactif-activable-par-la-chaleur\/"]}]},{"@type":"ImageObject","inLanguage":"fr-FR","@id":"https:\/\/cardinal-tapes.com\/fr\/rubans-adh\u00e9sifs\/domaines-dapplication\/industrie-electrique\/tesa-8402-haf-film-reactif-activable-par-la-chaleur\/#primaryimage","url":"https:\/\/cardinal-tapes.com\/wp-content\/uploads\/08402_pr-scaled.jpg","contentUrl":"https:\/\/cardinal-tapes.com\/wp-content\/uploads\/08402_pr-scaled.jpg","width":1920,"height":2560},{"@type":"BreadcrumbList","@id":"https:\/\/cardinal-tapes.com\/fr\/rubans-adh\u00e9sifs\/domaines-dapplication\/industrie-electrique\/tesa-8402-haf-film-reactif-activable-par-la-chaleur\/#breadcrumb","itemListElement":[{"@type":"ListItem","position":1,"name":"Startseite","item":"https:\/\/cardinal-tapes.com\/fr\/accueil\/"},{"@type":"ListItem","position":2,"name":"Rubans adh\u00e9sifs","item":"https:\/\/cardinal-tapes.com\/fr\/rubans-adhesifs-fr\/"},{"@type":"ListItem","position":3,"name":"Domaines d&#039;application","item":"https:\/\/cardinal-tapes.com\/fr\/catgorie\/domaines-dapplication\/"},{"@type":"ListItem","position":4,"name":"Industrie \u00e9lectrique","item":"https:\/\/cardinal-tapes.com\/fr\/catgorie\/industrie-electrique\/"},{"@type":"ListItem","position":5,"name":"tesa HAF\u00ae 8402 film r\u00e9actif activable par la chaleur"}]},{"@type":"WebSite","@id":"https:\/\/cardinal-tapes.com\/#website","url":"https:\/\/cardinal-tapes.com\/","name":"cardinal TAPES","description":"Klebetechnik aus Wuppertal","potentialAction":[{"@type":"SearchAction","target":{"@type":"EntryPoint","urlTemplate":"https:\/\/cardinal-tapes.com\/?s={search_term_string}"},"query-input":{"@type":"PropertyValueSpecification","valueRequired":true,"valueName":"search_term_string"}}],"inLanguage":"fr-FR"}]}},"brands":[{"id":2165,"name":"tesa","slug":"tesa-fr"}],"_links":{"self":[{"href":"https:\/\/cardinal-tapes.com\/fr\/wp-json\/wp\/v2\/product\/54388","targetHints":{"allow":["GET"]}}],"collection":[{"href":"https:\/\/cardinal-tapes.com\/fr\/wp-json\/wp\/v2\/product"}],"about":[{"href":"https:\/\/cardinal-tapes.com\/fr\/wp-json\/wp\/v2\/types\/product"}],"wp:featuredmedia":[{"embeddable":true,"href":"https:\/\/cardinal-tapes.com\/fr\/wp-json\/wp\/v2\/media\/26812"}],"wp:attachment":[{"href":"https:\/\/cardinal-tapes.com\/fr\/wp-json\/wp\/v2\/media?parent=54388"}],"wp:term":[{"taxonomy":"pwb-brand","embeddable":true,"href":"https:\/\/cardinal-tapes.com\/fr\/wp-json\/wp\/v2\/pwb-brand?post=54388"},{"taxonomy":"product_brand","embeddable":true,"href":"https:\/\/cardinal-tapes.com\/fr\/wp-json\/wp\/v2\/product_brand?post=54388"},{"taxonomy":"product_cat","embeddable":true,"href":"https:\/\/cardinal-tapes.com\/fr\/wp-json\/wp\/v2\/product_cat?post=54388"},{"taxonomy":"product_tag","embeddable":true,"href":"https:\/\/cardinal-tapes.com\/fr\/wp-json\/wp\/v2\/product_tag?post=54388"}],"curies":[{"name":"wp","href":"https:\/\/api.w.org\/{rel}","templated":true}]}}