{"id":53684,"date":"2018-03-22T09:01:02","date_gmt":"2023-06-05T15:22:04","guid":{"rendered":"https:\/\/cardinal.pixel-tal.de\/klebebaender\/non%20class\u00e9\/ca-985-ruban-adhesif-en-mousse-de-pvc-rigide\/"},"modified":"2025-07-02T14:05:36","modified_gmt":"2025-07-02T12:05:36","slug":"ca-985-bande-adhesive-en-mousse-de-pvc-rigide","status":"publish","type":"product","link":"https:\/\/cardinal-tapes.com\/fr\/rubans-adh\u00e9sifs\/rubans-adhesifs-simple-face\/ca-985-bande-adhesive-en-mousse-de-pvc-rigide\/","title":{"rendered":"CA-985 Ruban adh\u00e9sif en mousse de PVC rigide"},"content":{"rendered":"<p>Le CA-985 est une bande de mousse qui poss\u00e8de une structure principalement \u00e0 cellules ferm\u00e9es et se compose d&#8217;une mousse de duret\u00e9 moyenne. Une face est recouverte d&#8217;un adh\u00e9sif acrylique et l&#8217;autre face, non adh\u00e9sive, est recouverte d&#8217;un papier d\u00e9tachable. Lorsqu&#8217;il est comprim\u00e9, il fait office de joint d&#8217;\u00e9tanch\u00e9it\u00e9 contre l&#8217;eau, l&#8217;air et la poussi\u00e8re.<\/p>\n","protected":false},"excerpt":{"rendered":"<p>Le CA-985 est une bande de mousse qui poss\u00e8de une structure principalement \u00e0 cellules ferm\u00e9es et se compose d&#8217;une mousse de duret\u00e9 moyenne. Une face est recouverte d&#8217;un adh\u00e9sif acrylique et l&#8217;autre face, non adh\u00e9sive, est recouverte d&#8217;un papier d\u00e9tachable. Lorsqu&#8217;il est comprim\u00e9, il fait office de joint d&#8217;\u00e9tanch\u00e9it\u00e9 contre l&#8217;eau, l&#8217;air et la poussi\u00e8re.<\/p>\n","protected":false},"featured_media":26928,"template":"","meta":{"_acf_changed":false},"pwb-brand":[2171],"product_brand":[],"product_cat":[1836],"product_tag":[],"class_list":{"0":"post-53684","1":"product","2":"type-product","3":"status-publish","4":"has-post-thumbnail","6":"pwb-brand-cardinal-gmbh-fr","7":"product_cat-rubans-adhesifs-simple-face","9":"first","10":"instock","11":"taxable","12":"shipping-taxable","13":"purchasable","14":"product-type-variable"},"acf":[],"yoast_head":"<!-- This site is optimized with the Yoast SEO plugin v27.3 - https:\/\/yoast.com\/product\/yoast-seo-wordpress\/ -->\n<title>CA-985 Ruban adh\u00e9sif en mousse de PVC rigide | Cardinal TAPES<\/title>\n<meta name=\"description\" content=\"CA-985 est un ruban adh\u00e9sif rigide en PVC expans\u00e9 \u00e0 cellules ferm\u00e9es, utilis\u00e9 comme ruban d&#039;\u00e9tanch\u00e9it\u00e9 contre l&#039;humidit\u00e9, la poussi\u00e8re et bien d&#039;autres choses encore.\" \/>\n<meta name=\"robots\" content=\"index, follow, max-snippet:-1, max-image-preview:large, max-video-preview:-1\" \/>\n<link rel=\"canonical\" href=\"https:\/\/cardinal-tapes.com\/fr\/rubans-adh\u00e9sifs\/rubans-adhesifs-simple-face\/ca-985-bande-adhesive-en-mousse-de-pvc-rigide\/\" \/>\n<meta property=\"og:locale\" content=\"fr_FR\" \/>\n<meta property=\"og:type\" content=\"article\" \/>\n<meta property=\"og:title\" content=\"CA-985 Ruban adh\u00e9sif en mousse de PVC rigide | Cardinal TAPES\" \/>\n<meta property=\"og:description\" content=\"CA-985 est un ruban adh\u00e9sif rigide en PVC expans\u00e9 \u00e0 cellules ferm\u00e9es, utilis\u00e9 comme ruban d&#039;\u00e9tanch\u00e9it\u00e9 contre l&#039;humidit\u00e9, la poussi\u00e8re et bien d&#039;autres choses encore.\" \/>\n<meta property=\"og:url\" content=\"https:\/\/cardinal-tapes.com\/fr\/rubans-adh\u00e9sifs\/rubans-adhesifs-simple-face\/ca-985-bande-adhesive-en-mousse-de-pvc-rigide\/\" \/>\n<meta property=\"og:site_name\" content=\"cardinal TAPES\" \/>\n<meta property=\"article:modified_time\" content=\"2025-07-02T12:05:36+00:00\" \/>\n<meta property=\"og:image\" content=\"https:\/\/cardinal-tapes.com\/wp-content\/uploads\/CA_985_02_retouched.jpg\" \/>\n\t<meta property=\"og:image:width\" content=\"1109\" \/>\n\t<meta property=\"og:image:height\" content=\"1400\" \/>\n\t<meta property=\"og:image:type\" content=\"image\/jpeg\" \/>\n<meta name=\"twitter:card\" content=\"summary_large_image\" \/>\n<script type=\"application\/ld+json\" class=\"yoast-schema-graph\">{\"@context\":\"https:\\\/\\\/schema.org\",\"@graph\":[{\"@type\":\"WebPage\",\"@id\":\"https:\\\/\\\/cardinal-tapes.com\\\/fr\\\/rubans-adh\u00e9sifs\\\/rubans-adhesifs-simple-face\\\/ca-985-bande-adhesive-en-mousse-de-pvc-rigide\\\/\",\"url\":\"https:\\\/\\\/cardinal-tapes.com\\\/fr\\\/rubans-adh\u00e9sifs\\\/rubans-adhesifs-simple-face\\\/ca-985-bande-adhesive-en-mousse-de-pvc-rigide\\\/\",\"name\":\"CA-985 Ruban adh\u00e9sif en mousse de PVC rigide | Cardinal TAPES\",\"isPartOf\":{\"@id\":\"https:\\\/\\\/cardinal-tapes.com\\\/#website\"},\"primaryImageOfPage\":{\"@id\":\"https:\\\/\\\/cardinal-tapes.com\\\/fr\\\/rubans-adh\u00e9sifs\\\/rubans-adhesifs-simple-face\\\/ca-985-bande-adhesive-en-mousse-de-pvc-rigide\\\/#primaryimage\"},\"image\":{\"@id\":\"https:\\\/\\\/cardinal-tapes.com\\\/fr\\\/rubans-adh\u00e9sifs\\\/rubans-adhesifs-simple-face\\\/ca-985-bande-adhesive-en-mousse-de-pvc-rigide\\\/#primaryimage\"},\"thumbnailUrl\":\"https:\\\/\\\/cardinal-tapes.com\\\/wp-content\\\/uploads\\\/CA_985_02_retouched.jpg\",\"datePublished\":\"2023-06-05T15:22:04+00:00\",\"dateModified\":\"2025-07-02T12:05:36+00:00\",\"description\":\"CA-985 est un ruban adh\u00e9sif rigide en PVC expans\u00e9 \u00e0 cellules ferm\u00e9es, utilis\u00e9 comme ruban d'\u00e9tanch\u00e9it\u00e9 contre l'humidit\u00e9, la poussi\u00e8re et bien d'autres choses encore.\",\"breadcrumb\":{\"@id\":\"https:\\\/\\\/cardinal-tapes.com\\\/fr\\\/rubans-adh\u00e9sifs\\\/rubans-adhesifs-simple-face\\\/ca-985-bande-adhesive-en-mousse-de-pvc-rigide\\\/#breadcrumb\"},\"inLanguage\":\"fr-FR\",\"potentialAction\":[{\"@type\":\"ReadAction\",\"target\":[\"https:\\\/\\\/cardinal-tapes.com\\\/fr\\\/rubans-adh\u00e9sifs\\\/rubans-adhesifs-simple-face\\\/ca-985-bande-adhesive-en-mousse-de-pvc-rigide\\\/\"]}]},{\"@type\":\"ImageObject\",\"inLanguage\":\"fr-FR\",\"@id\":\"https:\\\/\\\/cardinal-tapes.com\\\/fr\\\/rubans-adh\u00e9sifs\\\/rubans-adhesifs-simple-face\\\/ca-985-bande-adhesive-en-mousse-de-pvc-rigide\\\/#primaryimage\",\"url\":\"https:\\\/\\\/cardinal-tapes.com\\\/wp-content\\\/uploads\\\/CA_985_02_retouched.jpg\",\"contentUrl\":\"https:\\\/\\\/cardinal-tapes.com\\\/wp-content\\\/uploads\\\/CA_985_02_retouched.jpg\",\"width\":1109,\"height\":1400,\"caption\":\"CA_985\"},{\"@type\":\"BreadcrumbList\",\"@id\":\"https:\\\/\\\/cardinal-tapes.com\\\/fr\\\/rubans-adh\u00e9sifs\\\/rubans-adhesifs-simple-face\\\/ca-985-bande-adhesive-en-mousse-de-pvc-rigide\\\/#breadcrumb\",\"itemListElement\":[{\"@type\":\"ListItem\",\"position\":1,\"name\":\"Startseite\",\"item\":\"https:\\\/\\\/cardinal-tapes.com\\\/fr\\\/accueil\\\/\"},{\"@type\":\"ListItem\",\"position\":2,\"name\":\"Rubans adh\u00e9sifs\",\"item\":\"https:\\\/\\\/cardinal-tapes.com\\\/fr\\\/rubans-adhesifs-fr\\\/\"},{\"@type\":\"ListItem\",\"position\":3,\"name\":\"Rubans adh\u00e9sifs simple face\",\"item\":\"https:\\\/\\\/cardinal-tapes.com\\\/fr\\\/catgorie\\\/rubans-adhesifs-simple-face\\\/\"},{\"@type\":\"ListItem\",\"position\":4,\"name\":\"CA-985 Ruban adh\u00e9sif en mousse de PVC rigide\"}]},{\"@type\":\"WebSite\",\"@id\":\"https:\\\/\\\/cardinal-tapes.com\\\/#website\",\"url\":\"https:\\\/\\\/cardinal-tapes.com\\\/\",\"name\":\"cardinal TAPES\",\"description\":\"Klebetechnik aus Wuppertal\",\"potentialAction\":[{\"@type\":\"SearchAction\",\"target\":{\"@type\":\"EntryPoint\",\"urlTemplate\":\"https:\\\/\\\/cardinal-tapes.com\\\/?s={search_term_string}\"},\"query-input\":{\"@type\":\"PropertyValueSpecification\",\"valueRequired\":true,\"valueName\":\"search_term_string\"}}],\"inLanguage\":\"fr-FR\"}]}<\/script>\n<!-- \/ Yoast SEO plugin. -->","yoast_head_json":{"title":"CA-985 Ruban adh\u00e9sif en mousse de PVC rigide | Cardinal TAPES","description":"CA-985 est un ruban adh\u00e9sif rigide en PVC expans\u00e9 \u00e0 cellules ferm\u00e9es, utilis\u00e9 comme ruban d'\u00e9tanch\u00e9it\u00e9 contre l'humidit\u00e9, la poussi\u00e8re et bien d'autres choses encore.","robots":{"index":"index","follow":"follow","max-snippet":"max-snippet:-1","max-image-preview":"max-image-preview:large","max-video-preview":"max-video-preview:-1"},"canonical":"https:\/\/cardinal-tapes.com\/fr\/rubans-adh\u00e9sifs\/rubans-adhesifs-simple-face\/ca-985-bande-adhesive-en-mousse-de-pvc-rigide\/","og_locale":"fr_FR","og_type":"article","og_title":"CA-985 Ruban adh\u00e9sif en mousse de PVC rigide | Cardinal TAPES","og_description":"CA-985 est un ruban adh\u00e9sif rigide en PVC expans\u00e9 \u00e0 cellules ferm\u00e9es, utilis\u00e9 comme ruban d'\u00e9tanch\u00e9it\u00e9 contre l'humidit\u00e9, la poussi\u00e8re et bien d'autres choses encore.","og_url":"https:\/\/cardinal-tapes.com\/fr\/rubans-adh\u00e9sifs\/rubans-adhesifs-simple-face\/ca-985-bande-adhesive-en-mousse-de-pvc-rigide\/","og_site_name":"cardinal TAPES","article_modified_time":"2025-07-02T12:05:36+00:00","og_image":[{"width":1109,"height":1400,"url":"https:\/\/cardinal-tapes.com\/wp-content\/uploads\/CA_985_02_retouched.jpg","type":"image\/jpeg"}],"twitter_card":"summary_large_image","schema":{"@context":"https:\/\/schema.org","@graph":[{"@type":"WebPage","@id":"https:\/\/cardinal-tapes.com\/fr\/rubans-adh\u00e9sifs\/rubans-adhesifs-simple-face\/ca-985-bande-adhesive-en-mousse-de-pvc-rigide\/","url":"https:\/\/cardinal-tapes.com\/fr\/rubans-adh\u00e9sifs\/rubans-adhesifs-simple-face\/ca-985-bande-adhesive-en-mousse-de-pvc-rigide\/","name":"CA-985 Ruban adh\u00e9sif en mousse de PVC rigide | Cardinal TAPES","isPartOf":{"@id":"https:\/\/cardinal-tapes.com\/#website"},"primaryImageOfPage":{"@id":"https:\/\/cardinal-tapes.com\/fr\/rubans-adh\u00e9sifs\/rubans-adhesifs-simple-face\/ca-985-bande-adhesive-en-mousse-de-pvc-rigide\/#primaryimage"},"image":{"@id":"https:\/\/cardinal-tapes.com\/fr\/rubans-adh\u00e9sifs\/rubans-adhesifs-simple-face\/ca-985-bande-adhesive-en-mousse-de-pvc-rigide\/#primaryimage"},"thumbnailUrl":"https:\/\/cardinal-tapes.com\/wp-content\/uploads\/CA_985_02_retouched.jpg","datePublished":"2023-06-05T15:22:04+00:00","dateModified":"2025-07-02T12:05:36+00:00","description":"CA-985 est un ruban adh\u00e9sif rigide en PVC expans\u00e9 \u00e0 cellules ferm\u00e9es, utilis\u00e9 comme ruban d'\u00e9tanch\u00e9it\u00e9 contre l'humidit\u00e9, la poussi\u00e8re et bien d'autres choses encore.","breadcrumb":{"@id":"https:\/\/cardinal-tapes.com\/fr\/rubans-adh\u00e9sifs\/rubans-adhesifs-simple-face\/ca-985-bande-adhesive-en-mousse-de-pvc-rigide\/#breadcrumb"},"inLanguage":"fr-FR","potentialAction":[{"@type":"ReadAction","target":["https:\/\/cardinal-tapes.com\/fr\/rubans-adh\u00e9sifs\/rubans-adhesifs-simple-face\/ca-985-bande-adhesive-en-mousse-de-pvc-rigide\/"]}]},{"@type":"ImageObject","inLanguage":"fr-FR","@id":"https:\/\/cardinal-tapes.com\/fr\/rubans-adh\u00e9sifs\/rubans-adhesifs-simple-face\/ca-985-bande-adhesive-en-mousse-de-pvc-rigide\/#primaryimage","url":"https:\/\/cardinal-tapes.com\/wp-content\/uploads\/CA_985_02_retouched.jpg","contentUrl":"https:\/\/cardinal-tapes.com\/wp-content\/uploads\/CA_985_02_retouched.jpg","width":1109,"height":1400,"caption":"CA_985"},{"@type":"BreadcrumbList","@id":"https:\/\/cardinal-tapes.com\/fr\/rubans-adh\u00e9sifs\/rubans-adhesifs-simple-face\/ca-985-bande-adhesive-en-mousse-de-pvc-rigide\/#breadcrumb","itemListElement":[{"@type":"ListItem","position":1,"name":"Startseite","item":"https:\/\/cardinal-tapes.com\/fr\/accueil\/"},{"@type":"ListItem","position":2,"name":"Rubans adh\u00e9sifs","item":"https:\/\/cardinal-tapes.com\/fr\/rubans-adhesifs-fr\/"},{"@type":"ListItem","position":3,"name":"Rubans adh\u00e9sifs simple face","item":"https:\/\/cardinal-tapes.com\/fr\/catgorie\/rubans-adhesifs-simple-face\/"},{"@type":"ListItem","position":4,"name":"CA-985 Ruban adh\u00e9sif en mousse de PVC rigide"}]},{"@type":"WebSite","@id":"https:\/\/cardinal-tapes.com\/#website","url":"https:\/\/cardinal-tapes.com\/","name":"cardinal TAPES","description":"Klebetechnik aus Wuppertal","potentialAction":[{"@type":"SearchAction","target":{"@type":"EntryPoint","urlTemplate":"https:\/\/cardinal-tapes.com\/?s={search_term_string}"},"query-input":{"@type":"PropertyValueSpecification","valueRequired":true,"valueName":"search_term_string"}}],"inLanguage":"fr-FR"}]}},"brands":[{"id":2171,"name":"cardinal GmbH","slug":"cardinal-gmbh-fr"}],"_links":{"self":[{"href":"https:\/\/cardinal-tapes.com\/fr\/wp-json\/wp\/v2\/product\/53684","targetHints":{"allow":["GET"]}}],"collection":[{"href":"https:\/\/cardinal-tapes.com\/fr\/wp-json\/wp\/v2\/product"}],"about":[{"href":"https:\/\/cardinal-tapes.com\/fr\/wp-json\/wp\/v2\/types\/product"}],"wp:featuredmedia":[{"embeddable":true,"href":"https:\/\/cardinal-tapes.com\/fr\/wp-json\/wp\/v2\/media\/26928"}],"wp:attachment":[{"href":"https:\/\/cardinal-tapes.com\/fr\/wp-json\/wp\/v2\/media?parent=53684"}],"wp:term":[{"taxonomy":"pwb-brand","embeddable":true,"href":"https:\/\/cardinal-tapes.com\/fr\/wp-json\/wp\/v2\/pwb-brand?post=53684"},{"taxonomy":"product_brand","embeddable":true,"href":"https:\/\/cardinal-tapes.com\/fr\/wp-json\/wp\/v2\/product_brand?post=53684"},{"taxonomy":"product_cat","embeddable":true,"href":"https:\/\/cardinal-tapes.com\/fr\/wp-json\/wp\/v2\/product_cat?post=53684"},{"taxonomy":"product_tag","embeddable":true,"href":"https:\/\/cardinal-tapes.com\/fr\/wp-json\/wp\/v2\/product_tag?post=53684"}],"curies":[{"name":"wp","href":"https:\/\/api.w.org\/{rel}","templated":true}]}}