{"id":53683,"date":"2018-03-21T13:25:24","date_gmt":"2023-06-05T15:22:04","guid":{"rendered":"https:\/\/cardinal.pixel-tal.de\/klebebaender\/non class\u00e9\/ca-20-ruban-adhesif-en-papier\/"},"modified":"2023-06-05T17:22:04","modified_gmt":"2023-06-05T15:22:04","slug":"ruban-adhesif-papier-ca-20","status":"publish","type":"product","link":"https:\/\/cardinal-tapes.com\/fr\/rubans-adh\u00e9sifs\/domaines-dapplication\/ruban-adhesif-en-papier\/ruban-adhesif-papier-ca-20\/","title":{"rendered":"CA-20 Ruban adh\u00e9sif en papier"},"content":{"rendered":"<p>CA-20 est un ruban adh\u00e9sif industriel de haute qualit\u00e9, adapt\u00e9 aux applications d&#8217;\u00e9pissures exigeantes,<br \/>\npour le collage de d\u00e9but et de fin de rouleau dans l&#8217;industrie du papier, comme ruban de masquage lors du sablage et comme ruban adh\u00e9sif d&#8217;emballage<br \/>\nen cas de sollicitation particuli\u00e8re.<\/p>\n","protected":false},"excerpt":{"rendered":"<p>CA-20 est un ruban adh\u00e9sif industriel de haute qualit\u00e9, adapt\u00e9 aux applications d&#8217;\u00e9pissures exigeantes, pour le collage de d\u00e9but et de fin de rouleau dans l&#8217;industrie du papier, comme ruban de masquage lors du sablage et comme ruban adh\u00e9sif d&#8217;emballage en cas de sollicitation particuli\u00e8re.<\/p>\n","protected":false},"featured_media":26828,"template":"","meta":{"_acf_changed":false},"pwb-brand":[2171],"product_brand":[],"product_cat":[1766,1836],"product_tag":[],"class_list":{"0":"post-53683","1":"product","2":"type-product","3":"status-publish","4":"has-post-thumbnail","6":"pwb-brand-cardinal-gmbh-fr","7":"product_cat-ruban-adhesif-en-papier","8":"product_cat-rubans-adhesifs-simple-face","10":"first","11":"instock","12":"taxable","13":"shipping-taxable","14":"purchasable","15":"product-type-variable"},"acf":[],"yoast_head":"<!-- This site is optimized with the Yoast SEO plugin v27.3 - https:\/\/yoast.com\/product\/yoast-seo-wordpress\/ -->\n<title>CA-20 Ruban adh\u00e9sif en papier | Cardinal TAPES<\/title>\n<meta name=\"description\" content=\"CA-20 est un ruban adh\u00e9sif industriel de haute qualit\u00e9, adapt\u00e9 aux applications de raccordement exigeantes, pour le collage de d\u00e9but et de fin de rouleau dans l&#039;industrie du papier.\" \/>\n<meta name=\"robots\" content=\"index, follow, max-snippet:-1, max-image-preview:large, max-video-preview:-1\" \/>\n<link rel=\"canonical\" href=\"https:\/\/cardinal-tapes.com\/fr\/rubans-adh\u00e9sifs\/ruban-adhesif-en-papier\/ruban-adhesif-papier-ca-20\/\" \/>\n<meta property=\"og:locale\" content=\"fr_FR\" \/>\n<meta property=\"og:type\" content=\"article\" \/>\n<meta property=\"og:title\" content=\"CA-20 Ruban adh\u00e9sif en papier | Cardinal TAPES\" \/>\n<meta property=\"og:description\" content=\"CA-20 est un ruban adh\u00e9sif industriel de haute qualit\u00e9, adapt\u00e9 aux applications de raccordement exigeantes, pour le collage de d\u00e9but et de fin de rouleau dans l&#039;industrie du papier.\" \/>\n<meta property=\"og:url\" content=\"https:\/\/cardinal-tapes.com\/fr\/rubans-adh\u00e9sifs\/ruban-adhesif-en-papier\/ruban-adhesif-papier-ca-20\/\" \/>\n<meta property=\"og:site_name\" content=\"cardinal TAPES\" \/>\n<meta property=\"og:image\" content=\"https:\/\/cardinal-tapes.com\/wp-content\/uploads\/CA_20.jpg\" \/>\n\t<meta property=\"og:image:width\" content=\"1400\" \/>\n\t<meta property=\"og:image:height\" content=\"1400\" \/>\n\t<meta property=\"og:image:type\" content=\"image\/jpeg\" \/>\n<meta name=\"twitter:card\" content=\"summary_large_image\" \/>\n<script type=\"application\/ld+json\" class=\"yoast-schema-graph\">{\"@context\":\"https:\\\/\\\/schema.org\",\"@graph\":[{\"@type\":\"WebPage\",\"@id\":\"https:\\\/\\\/cardinal-tapes.com\\\/fr\\\/rubans-adh\u00e9sifs\\\/ruban-adhesif-en-papier\\\/ruban-adhesif-papier-ca-20\\\/\",\"url\":\"https:\\\/\\\/cardinal-tapes.com\\\/fr\\\/rubans-adh\u00e9sifs\\\/ruban-adhesif-en-papier\\\/ruban-adhesif-papier-ca-20\\\/\",\"name\":\"CA-20 Ruban adh\u00e9sif en papier | Cardinal TAPES\",\"isPartOf\":{\"@id\":\"https:\\\/\\\/cardinal-tapes.com\\\/#website\"},\"primaryImageOfPage\":{\"@id\":\"https:\\\/\\\/cardinal-tapes.com\\\/fr\\\/rubans-adh\u00e9sifs\\\/ruban-adhesif-en-papier\\\/ruban-adhesif-papier-ca-20\\\/#primaryimage\"},\"image\":{\"@id\":\"https:\\\/\\\/cardinal-tapes.com\\\/fr\\\/rubans-adh\u00e9sifs\\\/ruban-adhesif-en-papier\\\/ruban-adhesif-papier-ca-20\\\/#primaryimage\"},\"thumbnailUrl\":\"https:\\\/\\\/cardinal-tapes.com\\\/wp-content\\\/uploads\\\/CA_20.jpg\",\"datePublished\":\"2023-06-05T15:22:04+00:00\",\"description\":\"CA-20 est un ruban adh\u00e9sif industriel de haute qualit\u00e9, adapt\u00e9 aux applications de raccordement exigeantes, pour le collage de d\u00e9but et de fin de rouleau dans l'industrie du papier.\",\"breadcrumb\":{\"@id\":\"https:\\\/\\\/cardinal-tapes.com\\\/fr\\\/rubans-adh\u00e9sifs\\\/ruban-adhesif-en-papier\\\/ruban-adhesif-papier-ca-20\\\/#breadcrumb\"},\"inLanguage\":\"fr-FR\",\"potentialAction\":[{\"@type\":\"ReadAction\",\"target\":[\"https:\\\/\\\/cardinal-tapes.com\\\/fr\\\/rubans-adh\u00e9sifs\\\/ruban-adhesif-en-papier\\\/ruban-adhesif-papier-ca-20\\\/\"]}]},{\"@type\":\"ImageObject\",\"inLanguage\":\"fr-FR\",\"@id\":\"https:\\\/\\\/cardinal-tapes.com\\\/fr\\\/rubans-adh\u00e9sifs\\\/ruban-adhesif-en-papier\\\/ruban-adhesif-papier-ca-20\\\/#primaryimage\",\"url\":\"https:\\\/\\\/cardinal-tapes.com\\\/wp-content\\\/uploads\\\/CA_20.jpg\",\"contentUrl\":\"https:\\\/\\\/cardinal-tapes.com\\\/wp-content\\\/uploads\\\/CA_20.jpg\",\"width\":1400,\"height\":1400,\"caption\":\"CA_20\"},{\"@type\":\"BreadcrumbList\",\"@id\":\"https:\\\/\\\/cardinal-tapes.com\\\/fr\\\/rubans-adh\u00e9sifs\\\/ruban-adhesif-en-papier\\\/ruban-adhesif-papier-ca-20\\\/#breadcrumb\",\"itemListElement\":[{\"@type\":\"ListItem\",\"position\":1,\"name\":\"Startseite\",\"item\":\"https:\\\/\\\/cardinal-tapes.com\\\/fr\\\/accueil\\\/\"},{\"@type\":\"ListItem\",\"position\":2,\"name\":\"Rubans adh\u00e9sifs\",\"item\":\"https:\\\/\\\/cardinal-tapes.com\\\/fr\\\/rubans-adhesifs-fr\\\/\"},{\"@type\":\"ListItem\",\"position\":3,\"name\":\"Ruban adh\u00e9sif en papier\",\"item\":\"https:\\\/\\\/cardinal-tapes.com\\\/fr\\\/catgorie\\\/ruban-adhesif-en-papier\\\/\"},{\"@type\":\"ListItem\",\"position\":4,\"name\":\"CA-20 Ruban adh\u00e9sif en papier\"}]},{\"@type\":\"WebSite\",\"@id\":\"https:\\\/\\\/cardinal-tapes.com\\\/#website\",\"url\":\"https:\\\/\\\/cardinal-tapes.com\\\/\",\"name\":\"cardinal TAPES\",\"description\":\"Klebetechnik aus Wuppertal\",\"potentialAction\":[{\"@type\":\"SearchAction\",\"target\":{\"@type\":\"EntryPoint\",\"urlTemplate\":\"https:\\\/\\\/cardinal-tapes.com\\\/?s={search_term_string}\"},\"query-input\":{\"@type\":\"PropertyValueSpecification\",\"valueRequired\":true,\"valueName\":\"search_term_string\"}}],\"inLanguage\":\"fr-FR\"}]}<\/script>\n<!-- \/ Yoast SEO plugin. -->","yoast_head_json":{"title":"CA-20 Ruban adh\u00e9sif en papier | Cardinal TAPES","description":"CA-20 est un ruban adh\u00e9sif industriel de haute qualit\u00e9, adapt\u00e9 aux applications de raccordement exigeantes, pour le collage de d\u00e9but et de fin de rouleau dans l'industrie du papier.","robots":{"index":"index","follow":"follow","max-snippet":"max-snippet:-1","max-image-preview":"max-image-preview:large","max-video-preview":"max-video-preview:-1"},"canonical":"https:\/\/cardinal-tapes.com\/fr\/rubans-adh\u00e9sifs\/ruban-adhesif-en-papier\/ruban-adhesif-papier-ca-20\/","og_locale":"fr_FR","og_type":"article","og_title":"CA-20 Ruban adh\u00e9sif en papier | Cardinal TAPES","og_description":"CA-20 est un ruban adh\u00e9sif industriel de haute qualit\u00e9, adapt\u00e9 aux applications de raccordement exigeantes, pour le collage de d\u00e9but et de fin de rouleau dans l'industrie du papier.","og_url":"https:\/\/cardinal-tapes.com\/fr\/rubans-adh\u00e9sifs\/ruban-adhesif-en-papier\/ruban-adhesif-papier-ca-20\/","og_site_name":"cardinal TAPES","og_image":[{"width":1400,"height":1400,"url":"https:\/\/cardinal-tapes.com\/wp-content\/uploads\/CA_20.jpg","type":"image\/jpeg"}],"twitter_card":"summary_large_image","schema":{"@context":"https:\/\/schema.org","@graph":[{"@type":"WebPage","@id":"https:\/\/cardinal-tapes.com\/fr\/rubans-adh\u00e9sifs\/ruban-adhesif-en-papier\/ruban-adhesif-papier-ca-20\/","url":"https:\/\/cardinal-tapes.com\/fr\/rubans-adh\u00e9sifs\/ruban-adhesif-en-papier\/ruban-adhesif-papier-ca-20\/","name":"CA-20 Ruban adh\u00e9sif en papier | Cardinal TAPES","isPartOf":{"@id":"https:\/\/cardinal-tapes.com\/#website"},"primaryImageOfPage":{"@id":"https:\/\/cardinal-tapes.com\/fr\/rubans-adh\u00e9sifs\/ruban-adhesif-en-papier\/ruban-adhesif-papier-ca-20\/#primaryimage"},"image":{"@id":"https:\/\/cardinal-tapes.com\/fr\/rubans-adh\u00e9sifs\/ruban-adhesif-en-papier\/ruban-adhesif-papier-ca-20\/#primaryimage"},"thumbnailUrl":"https:\/\/cardinal-tapes.com\/wp-content\/uploads\/CA_20.jpg","datePublished":"2023-06-05T15:22:04+00:00","description":"CA-20 est un ruban adh\u00e9sif industriel de haute qualit\u00e9, adapt\u00e9 aux applications de raccordement exigeantes, pour le collage de d\u00e9but et de fin de rouleau dans l'industrie du papier.","breadcrumb":{"@id":"https:\/\/cardinal-tapes.com\/fr\/rubans-adh\u00e9sifs\/ruban-adhesif-en-papier\/ruban-adhesif-papier-ca-20\/#breadcrumb"},"inLanguage":"fr-FR","potentialAction":[{"@type":"ReadAction","target":["https:\/\/cardinal-tapes.com\/fr\/rubans-adh\u00e9sifs\/ruban-adhesif-en-papier\/ruban-adhesif-papier-ca-20\/"]}]},{"@type":"ImageObject","inLanguage":"fr-FR","@id":"https:\/\/cardinal-tapes.com\/fr\/rubans-adh\u00e9sifs\/ruban-adhesif-en-papier\/ruban-adhesif-papier-ca-20\/#primaryimage","url":"https:\/\/cardinal-tapes.com\/wp-content\/uploads\/CA_20.jpg","contentUrl":"https:\/\/cardinal-tapes.com\/wp-content\/uploads\/CA_20.jpg","width":1400,"height":1400,"caption":"CA_20"},{"@type":"BreadcrumbList","@id":"https:\/\/cardinal-tapes.com\/fr\/rubans-adh\u00e9sifs\/ruban-adhesif-en-papier\/ruban-adhesif-papier-ca-20\/#breadcrumb","itemListElement":[{"@type":"ListItem","position":1,"name":"Startseite","item":"https:\/\/cardinal-tapes.com\/fr\/accueil\/"},{"@type":"ListItem","position":2,"name":"Rubans adh\u00e9sifs","item":"https:\/\/cardinal-tapes.com\/fr\/rubans-adhesifs-fr\/"},{"@type":"ListItem","position":3,"name":"Ruban adh\u00e9sif en papier","item":"https:\/\/cardinal-tapes.com\/fr\/catgorie\/ruban-adhesif-en-papier\/"},{"@type":"ListItem","position":4,"name":"CA-20 Ruban adh\u00e9sif en papier"}]},{"@type":"WebSite","@id":"https:\/\/cardinal-tapes.com\/#website","url":"https:\/\/cardinal-tapes.com\/","name":"cardinal TAPES","description":"Klebetechnik aus Wuppertal","potentialAction":[{"@type":"SearchAction","target":{"@type":"EntryPoint","urlTemplate":"https:\/\/cardinal-tapes.com\/?s={search_term_string}"},"query-input":{"@type":"PropertyValueSpecification","valueRequired":true,"valueName":"search_term_string"}}],"inLanguage":"fr-FR"}]}},"brands":[{"id":2171,"name":"cardinal GmbH","slug":"cardinal-gmbh-fr"}],"_links":{"self":[{"href":"https:\/\/cardinal-tapes.com\/fr\/wp-json\/wp\/v2\/product\/53683","targetHints":{"allow":["GET"]}}],"collection":[{"href":"https:\/\/cardinal-tapes.com\/fr\/wp-json\/wp\/v2\/product"}],"about":[{"href":"https:\/\/cardinal-tapes.com\/fr\/wp-json\/wp\/v2\/types\/product"}],"wp:featuredmedia":[{"embeddable":true,"href":"https:\/\/cardinal-tapes.com\/fr\/wp-json\/wp\/v2\/media\/26828"}],"wp:attachment":[{"href":"https:\/\/cardinal-tapes.com\/fr\/wp-json\/wp\/v2\/media?parent=53683"}],"wp:term":[{"taxonomy":"pwb-brand","embeddable":true,"href":"https:\/\/cardinal-tapes.com\/fr\/wp-json\/wp\/v2\/pwb-brand?post=53683"},{"taxonomy":"product_brand","embeddable":true,"href":"https:\/\/cardinal-tapes.com\/fr\/wp-json\/wp\/v2\/product_brand?post=53683"},{"taxonomy":"product_cat","embeddable":true,"href":"https:\/\/cardinal-tapes.com\/fr\/wp-json\/wp\/v2\/product_cat?post=53683"},{"taxonomy":"product_tag","embeddable":true,"href":"https:\/\/cardinal-tapes.com\/fr\/wp-json\/wp\/v2\/product_tag?post=53683"}],"curies":[{"name":"wp","href":"https:\/\/api.w.org\/{rel}","templated":true}]}}