{"id":53677,"date":"2018-03-27T14:21:37","date_gmt":"2023-06-05T15:22:04","guid":{"rendered":"https:\/\/cardinal.pixel-tal.de\/klebebaender\/non%20class\u00e9\/ca-987-ruban-adhesif-en-caoutchouc-cellulaire\/"},"modified":"2025-07-02T14:18:16","modified_gmt":"2025-07-02T12:18:16","slug":"ca-987-bande-adhesive-en-caoutchouc-cellulaire","status":"publish","type":"product","link":"https:\/\/cardinal-tapes.com\/fr\/rubans-adh\u00e9sifs\/rubans-adhesifs-simple-face\/ca-987-bande-adhesive-en-caoutchouc-cellulaire\/","title":{"rendered":"CA-987 Ruban adh\u00e9sif en caoutchouc cellulaire"},"content":{"rendered":"<p>La bande en caoutchouc cellulaire EPDM est utilis\u00e9e comme bande adh\u00e9sive universelle pour l&#8217;\u00e9tanch\u00e9it\u00e9 \u00e0 l&#8217;humidit\u00e9 et \u00e0 la poussi\u00e8re sur les surfaces lisses courantes, par exemple les murs et les plafonds. sur le bois, le m\u00e9tal, le verre, les surfaces min\u00e9rales ou les mati\u00e8res plastiques. Elle peut \u00e9galement \u00eatre utilis\u00e9e comme bande d&#8217;\u00e9tanch\u00e9it\u00e9 pour les fen\u00eatres et les portes. L&#8217;EPDM est particuli\u00e8rement utilis\u00e9 \u00e0 l&#8217;ext\u00e9rieur, car il se caract\u00e9rise par une grande r\u00e9sistance au vieillissement et aux intemp\u00e9ries.<\/p>\n","protected":false},"excerpt":{"rendered":"<p>La bande en caoutchouc cellulaire EPDM est utilis\u00e9e comme bande adh\u00e9sive universelle pour l&#8217;\u00e9tanch\u00e9it\u00e9 \u00e0 l&#8217;humidit\u00e9 et \u00e0 la poussi\u00e8re sur les surfaces lisses courantes, par exemple les murs et les plafonds. sur le bois, le m\u00e9tal, le verre, les surfaces min\u00e9rales ou les mati\u00e8res plastiques. Elle peut \u00e9galement \u00eatre utilis\u00e9e comme bande d&#8217;\u00e9tanch\u00e9it\u00e9 pour [&hellip;]<\/p>\n","protected":false},"featured_media":27184,"template":"","meta":{"_acf_changed":false},"pwb-brand":[2171],"product_brand":[],"product_cat":[1836],"product_tag":[],"class_list":{"0":"post-53677","1":"product","2":"type-product","3":"status-publish","4":"has-post-thumbnail","6":"pwb-brand-cardinal-gmbh-fr","7":"product_cat-rubans-adhesifs-simple-face","9":"first","10":"instock","11":"taxable","12":"shipping-taxable","13":"purchasable","14":"product-type-variable"},"acf":[],"yoast_head":"<!-- This site is optimized with the Yoast SEO plugin v27.3 - https:\/\/yoast.com\/product\/yoast-seo-wordpress\/ -->\n<title>CA-987 Ruban adh\u00e9sif cellulaire | Cardinal TAPES<\/title>\n<meta name=\"description\" content=\"CA-987 est un ruban en caoutchouc cellulaire EPDM, utilis\u00e9 comme ruban adh\u00e9sif universel pour l&#039;\u00e9tanch\u00e9it\u00e9 \u00e0 l&#039;humidit\u00e9, \u00e0 la poussi\u00e8re et bien d&#039;autres choses encore.\" \/>\n<meta name=\"robots\" content=\"index, follow, max-snippet:-1, max-image-preview:large, max-video-preview:-1\" \/>\n<link rel=\"canonical\" href=\"https:\/\/cardinal-tapes.com\/fr\/rubans-adh\u00e9sifs\/rubans-adhesifs-simple-face\/ca-987-bande-adhesive-en-caoutchouc-cellulaire\/\" \/>\n<meta property=\"og:locale\" content=\"fr_FR\" \/>\n<meta property=\"og:type\" content=\"article\" \/>\n<meta property=\"og:title\" content=\"CA-987 Ruban adh\u00e9sif cellulaire | Cardinal TAPES\" \/>\n<meta property=\"og:description\" content=\"CA-987 est un ruban en caoutchouc cellulaire EPDM, utilis\u00e9 comme ruban adh\u00e9sif universel pour l&#039;\u00e9tanch\u00e9it\u00e9 \u00e0 l&#039;humidit\u00e9, \u00e0 la poussi\u00e8re et bien d&#039;autres choses encore.\" \/>\n<meta property=\"og:url\" content=\"https:\/\/cardinal-tapes.com\/fr\/rubans-adh\u00e9sifs\/rubans-adhesifs-simple-face\/ca-987-bande-adhesive-en-caoutchouc-cellulaire\/\" \/>\n<meta property=\"og:site_name\" content=\"cardinal TAPES\" \/>\n<meta property=\"article:modified_time\" content=\"2025-07-02T12:18:16+00:00\" \/>\n<meta property=\"og:image\" content=\"https:\/\/cardinal-tapes.com\/wp-content\/uploads\/CA_987_retouched.jpg\" \/>\n\t<meta property=\"og:image:width\" content=\"1162\" \/>\n\t<meta property=\"og:image:height\" content=\"1400\" \/>\n\t<meta property=\"og:image:type\" content=\"image\/jpeg\" \/>\n<meta name=\"twitter:card\" content=\"summary_large_image\" \/>\n<script type=\"application\/ld+json\" class=\"yoast-schema-graph\">{\"@context\":\"https:\\\/\\\/schema.org\",\"@graph\":[{\"@type\":\"WebPage\",\"@id\":\"https:\\\/\\\/cardinal-tapes.com\\\/fr\\\/rubans-adh\u00e9sifs\\\/rubans-adhesifs-simple-face\\\/ca-987-bande-adhesive-en-caoutchouc-cellulaire\\\/\",\"url\":\"https:\\\/\\\/cardinal-tapes.com\\\/fr\\\/rubans-adh\u00e9sifs\\\/rubans-adhesifs-simple-face\\\/ca-987-bande-adhesive-en-caoutchouc-cellulaire\\\/\",\"name\":\"CA-987 Ruban adh\u00e9sif cellulaire | Cardinal TAPES\",\"isPartOf\":{\"@id\":\"https:\\\/\\\/cardinal-tapes.com\\\/#website\"},\"primaryImageOfPage\":{\"@id\":\"https:\\\/\\\/cardinal-tapes.com\\\/fr\\\/rubans-adh\u00e9sifs\\\/rubans-adhesifs-simple-face\\\/ca-987-bande-adhesive-en-caoutchouc-cellulaire\\\/#primaryimage\"},\"image\":{\"@id\":\"https:\\\/\\\/cardinal-tapes.com\\\/fr\\\/rubans-adh\u00e9sifs\\\/rubans-adhesifs-simple-face\\\/ca-987-bande-adhesive-en-caoutchouc-cellulaire\\\/#primaryimage\"},\"thumbnailUrl\":\"https:\\\/\\\/cardinal-tapes.com\\\/wp-content\\\/uploads\\\/CA_987_retouched.jpg\",\"datePublished\":\"2023-06-05T15:22:04+00:00\",\"dateModified\":\"2025-07-02T12:18:16+00:00\",\"description\":\"CA-987 est un ruban en caoutchouc cellulaire EPDM, utilis\u00e9 comme ruban adh\u00e9sif universel pour l'\u00e9tanch\u00e9it\u00e9 \u00e0 l'humidit\u00e9, \u00e0 la poussi\u00e8re et bien d'autres choses encore.\",\"breadcrumb\":{\"@id\":\"https:\\\/\\\/cardinal-tapes.com\\\/fr\\\/rubans-adh\u00e9sifs\\\/rubans-adhesifs-simple-face\\\/ca-987-bande-adhesive-en-caoutchouc-cellulaire\\\/#breadcrumb\"},\"inLanguage\":\"fr-FR\",\"potentialAction\":[{\"@type\":\"ReadAction\",\"target\":[\"https:\\\/\\\/cardinal-tapes.com\\\/fr\\\/rubans-adh\u00e9sifs\\\/rubans-adhesifs-simple-face\\\/ca-987-bande-adhesive-en-caoutchouc-cellulaire\\\/\"]}]},{\"@type\":\"ImageObject\",\"inLanguage\":\"fr-FR\",\"@id\":\"https:\\\/\\\/cardinal-tapes.com\\\/fr\\\/rubans-adh\u00e9sifs\\\/rubans-adhesifs-simple-face\\\/ca-987-bande-adhesive-en-caoutchouc-cellulaire\\\/#primaryimage\",\"url\":\"https:\\\/\\\/cardinal-tapes.com\\\/wp-content\\\/uploads\\\/CA_987_retouched.jpg\",\"contentUrl\":\"https:\\\/\\\/cardinal-tapes.com\\\/wp-content\\\/uploads\\\/CA_987_retouched.jpg\",\"width\":1162,\"height\":1400,\"caption\":\"Ruban adh\u00e9sif CA 987\"},{\"@type\":\"BreadcrumbList\",\"@id\":\"https:\\\/\\\/cardinal-tapes.com\\\/fr\\\/rubans-adh\u00e9sifs\\\/rubans-adhesifs-simple-face\\\/ca-987-bande-adhesive-en-caoutchouc-cellulaire\\\/#breadcrumb\",\"itemListElement\":[{\"@type\":\"ListItem\",\"position\":1,\"name\":\"Startseite\",\"item\":\"https:\\\/\\\/cardinal-tapes.com\\\/fr\\\/accueil\\\/\"},{\"@type\":\"ListItem\",\"position\":2,\"name\":\"Rubans adh\u00e9sifs\",\"item\":\"https:\\\/\\\/cardinal-tapes.com\\\/fr\\\/rubans-adhesifs-fr\\\/\"},{\"@type\":\"ListItem\",\"position\":3,\"name\":\"Einseitige Klebeb\u00e4nder\",\"item\":\"https:\\\/\\\/cardinal-tapes.com\\\/kategorie\\\/einseitige-klebebaender\\\/\"},{\"@type\":\"ListItem\",\"position\":4,\"name\":\"CA-987 Ruban adh\u00e9sif en caoutchouc cellulaire\"}]},{\"@type\":\"WebSite\",\"@id\":\"https:\\\/\\\/cardinal-tapes.com\\\/#website\",\"url\":\"https:\\\/\\\/cardinal-tapes.com\\\/\",\"name\":\"cardinal TAPES\",\"description\":\"Klebetechnik aus Wuppertal\",\"potentialAction\":[{\"@type\":\"SearchAction\",\"target\":{\"@type\":\"EntryPoint\",\"urlTemplate\":\"https:\\\/\\\/cardinal-tapes.com\\\/?s={search_term_string}\"},\"query-input\":{\"@type\":\"PropertyValueSpecification\",\"valueRequired\":true,\"valueName\":\"search_term_string\"}}],\"inLanguage\":\"fr-FR\"}]}<\/script>\n<!-- \/ Yoast SEO plugin. -->","yoast_head_json":{"title":"CA-987 Ruban adh\u00e9sif cellulaire | Cardinal TAPES","description":"CA-987 est un ruban en caoutchouc cellulaire EPDM, utilis\u00e9 comme ruban adh\u00e9sif universel pour l'\u00e9tanch\u00e9it\u00e9 \u00e0 l'humidit\u00e9, \u00e0 la poussi\u00e8re et bien d'autres choses encore.","robots":{"index":"index","follow":"follow","max-snippet":"max-snippet:-1","max-image-preview":"max-image-preview:large","max-video-preview":"max-video-preview:-1"},"canonical":"https:\/\/cardinal-tapes.com\/fr\/rubans-adh\u00e9sifs\/rubans-adhesifs-simple-face\/ca-987-bande-adhesive-en-caoutchouc-cellulaire\/","og_locale":"fr_FR","og_type":"article","og_title":"CA-987 Ruban adh\u00e9sif cellulaire | Cardinal TAPES","og_description":"CA-987 est un ruban en caoutchouc cellulaire EPDM, utilis\u00e9 comme ruban adh\u00e9sif universel pour l'\u00e9tanch\u00e9it\u00e9 \u00e0 l'humidit\u00e9, \u00e0 la poussi\u00e8re et bien d'autres choses encore.","og_url":"https:\/\/cardinal-tapes.com\/fr\/rubans-adh\u00e9sifs\/rubans-adhesifs-simple-face\/ca-987-bande-adhesive-en-caoutchouc-cellulaire\/","og_site_name":"cardinal TAPES","article_modified_time":"2025-07-02T12:18:16+00:00","og_image":[{"width":1162,"height":1400,"url":"https:\/\/cardinal-tapes.com\/wp-content\/uploads\/CA_987_retouched.jpg","type":"image\/jpeg"}],"twitter_card":"summary_large_image","schema":{"@context":"https:\/\/schema.org","@graph":[{"@type":"WebPage","@id":"https:\/\/cardinal-tapes.com\/fr\/rubans-adh\u00e9sifs\/rubans-adhesifs-simple-face\/ca-987-bande-adhesive-en-caoutchouc-cellulaire\/","url":"https:\/\/cardinal-tapes.com\/fr\/rubans-adh\u00e9sifs\/rubans-adhesifs-simple-face\/ca-987-bande-adhesive-en-caoutchouc-cellulaire\/","name":"CA-987 Ruban adh\u00e9sif cellulaire | Cardinal TAPES","isPartOf":{"@id":"https:\/\/cardinal-tapes.com\/#website"},"primaryImageOfPage":{"@id":"https:\/\/cardinal-tapes.com\/fr\/rubans-adh\u00e9sifs\/rubans-adhesifs-simple-face\/ca-987-bande-adhesive-en-caoutchouc-cellulaire\/#primaryimage"},"image":{"@id":"https:\/\/cardinal-tapes.com\/fr\/rubans-adh\u00e9sifs\/rubans-adhesifs-simple-face\/ca-987-bande-adhesive-en-caoutchouc-cellulaire\/#primaryimage"},"thumbnailUrl":"https:\/\/cardinal-tapes.com\/wp-content\/uploads\/CA_987_retouched.jpg","datePublished":"2023-06-05T15:22:04+00:00","dateModified":"2025-07-02T12:18:16+00:00","description":"CA-987 est un ruban en caoutchouc cellulaire EPDM, utilis\u00e9 comme ruban adh\u00e9sif universel pour l'\u00e9tanch\u00e9it\u00e9 \u00e0 l'humidit\u00e9, \u00e0 la poussi\u00e8re et bien d'autres choses encore.","breadcrumb":{"@id":"https:\/\/cardinal-tapes.com\/fr\/rubans-adh\u00e9sifs\/rubans-adhesifs-simple-face\/ca-987-bande-adhesive-en-caoutchouc-cellulaire\/#breadcrumb"},"inLanguage":"fr-FR","potentialAction":[{"@type":"ReadAction","target":["https:\/\/cardinal-tapes.com\/fr\/rubans-adh\u00e9sifs\/rubans-adhesifs-simple-face\/ca-987-bande-adhesive-en-caoutchouc-cellulaire\/"]}]},{"@type":"ImageObject","inLanguage":"fr-FR","@id":"https:\/\/cardinal-tapes.com\/fr\/rubans-adh\u00e9sifs\/rubans-adhesifs-simple-face\/ca-987-bande-adhesive-en-caoutchouc-cellulaire\/#primaryimage","url":"https:\/\/cardinal-tapes.com\/wp-content\/uploads\/CA_987_retouched.jpg","contentUrl":"https:\/\/cardinal-tapes.com\/wp-content\/uploads\/CA_987_retouched.jpg","width":1162,"height":1400,"caption":"Ruban adh\u00e9sif CA 987"},{"@type":"BreadcrumbList","@id":"https:\/\/cardinal-tapes.com\/fr\/rubans-adh\u00e9sifs\/rubans-adhesifs-simple-face\/ca-987-bande-adhesive-en-caoutchouc-cellulaire\/#breadcrumb","itemListElement":[{"@type":"ListItem","position":1,"name":"Startseite","item":"https:\/\/cardinal-tapes.com\/fr\/accueil\/"},{"@type":"ListItem","position":2,"name":"Rubans adh\u00e9sifs","item":"https:\/\/cardinal-tapes.com\/fr\/rubans-adhesifs-fr\/"},{"@type":"ListItem","position":3,"name":"Einseitige Klebeb\u00e4nder","item":"https:\/\/cardinal-tapes.com\/kategorie\/einseitige-klebebaender\/"},{"@type":"ListItem","position":4,"name":"CA-987 Ruban adh\u00e9sif en caoutchouc cellulaire"}]},{"@type":"WebSite","@id":"https:\/\/cardinal-tapes.com\/#website","url":"https:\/\/cardinal-tapes.com\/","name":"cardinal TAPES","description":"Klebetechnik aus Wuppertal","potentialAction":[{"@type":"SearchAction","target":{"@type":"EntryPoint","urlTemplate":"https:\/\/cardinal-tapes.com\/?s={search_term_string}"},"query-input":{"@type":"PropertyValueSpecification","valueRequired":true,"valueName":"search_term_string"}}],"inLanguage":"fr-FR"}]}},"brands":[{"id":2171,"name":"cardinal GmbH","slug":"cardinal-gmbh-fr"}],"_links":{"self":[{"href":"https:\/\/cardinal-tapes.com\/fr\/wp-json\/wp\/v2\/product\/53677","targetHints":{"allow":["GET"]}}],"collection":[{"href":"https:\/\/cardinal-tapes.com\/fr\/wp-json\/wp\/v2\/product"}],"about":[{"href":"https:\/\/cardinal-tapes.com\/fr\/wp-json\/wp\/v2\/types\/product"}],"wp:featuredmedia":[{"embeddable":true,"href":"https:\/\/cardinal-tapes.com\/fr\/wp-json\/wp\/v2\/media\/27184"}],"wp:attachment":[{"href":"https:\/\/cardinal-tapes.com\/fr\/wp-json\/wp\/v2\/media?parent=53677"}],"wp:term":[{"taxonomy":"pwb-brand","embeddable":true,"href":"https:\/\/cardinal-tapes.com\/fr\/wp-json\/wp\/v2\/pwb-brand?post=53677"},{"taxonomy":"product_brand","embeddable":true,"href":"https:\/\/cardinal-tapes.com\/fr\/wp-json\/wp\/v2\/product_brand?post=53677"},{"taxonomy":"product_cat","embeddable":true,"href":"https:\/\/cardinal-tapes.com\/fr\/wp-json\/wp\/v2\/product_cat?post=53677"},{"taxonomy":"product_tag","embeddable":true,"href":"https:\/\/cardinal-tapes.com\/fr\/wp-json\/wp\/v2\/product_tag?post=53677"}],"curies":[{"name":"wp","href":"https:\/\/api.w.org\/{rel}","templated":true}]}}