{"id":52898,"date":"2017-12-22T16:20:48","date_gmt":"2023-06-05T15:20:34","guid":{"rendered":"https:\/\/cardinal.pixel-tal.de\/klebebaender\/non class\u00e9\/3m-ruban-adhesif-en-fibre-de-verre-8953\/"},"modified":"2023-06-05T17:20:34","modified_gmt":"2023-06-05T15:20:34","slug":"3m-8953-bande-adhesive","status":"publish","type":"product","link":"https:\/\/cardinal-tapes.com\/fr\/rubans-adh\u00e9sifs\/systemes-demballage\/3m-8953-bande-adhesive\/","title":{"rendered":"3M\u2122 Ruban adh\u00e9sif en fibre de verre 8953"},"content":{"rendered":"<p>Le ruban adh\u00e9sif 3M\u2122 8953 est compos\u00e9 d&#8217;un support en film de polypropyl\u00e8ne ScotchPro, enduit d&#8217;un adh\u00e9sif en caoutchouc synth\u00e9tique sans solvant. Il est ainsi possible d&#8217;obtenir une bonne r\u00e9sistance \u00e0 l&#8217;abrasion et \u00e0 l&#8217;humidit\u00e9. En raison de ces propri\u00e9t\u00e9s, le ruban adh\u00e9sif est surtout utilis\u00e9 pour s\u00e9curiser les palettes, pour regrouper des produits l\u00e9gers et pour fermer des cartons l\u00e9gers. Ce faisant, la colle conserve sa fonctionnalit\u00e9 \u00e0 toutes les temp\u00e9ratures habituelles lors du transport.<\/p>\n<p><strong>Caract\u00e9ristiques<\/strong><br \/>\n&#8211; Haute r\u00e9sistance \u00e0 la d\u00e9chirure<br \/>\n&#8211; R\u00e9siste aux petits dommages<\/p>\n<p><strong>Applications<\/strong><br \/>\n&#8211; Pour s\u00e9curiser les palettes, regrouper les produits, fermer ou renforcer les cartons<\/p>\n","protected":false},"excerpt":{"rendered":"<p>Le ruban adh\u00e9sif 3M\u2122 8953 est compos\u00e9 d&#8217;un support en film de polypropyl\u00e8ne ScotchPro, enduit d&#8217;un adh\u00e9sif en caoutchouc synth\u00e9tique sans solvant. Il est ainsi possible d&#8217;obtenir une bonne r\u00e9sistance \u00e0 l&#8217;abrasion et \u00e0 l&#8217;humidit\u00e9. En raison de ces propri\u00e9t\u00e9s, le ruban adh\u00e9sif est surtout utilis\u00e9 pour s\u00e9curiser les palettes, pour regrouper des produits l\u00e9gers [&hellip;]<\/p>\n","protected":false},"featured_media":25416,"template":"","meta":{"_acf_changed":false},"pwb-brand":[2167],"product_brand":[],"product_cat":[1859],"product_tag":[],"class_list":{"0":"post-52898","1":"product","2":"type-product","3":"status-publish","4":"has-post-thumbnail","6":"pwb-brand-3m-fr","7":"product_cat-systemes-demballage","9":"first","10":"instock","11":"taxable","12":"shipping-taxable","13":"purchasable","14":"product-type-variable"},"acf":[],"yoast_head":"<!-- This site is optimized with the Yoast SEO plugin v27.3 - https:\/\/yoast.com\/product\/yoast-seo-wordpress\/ -->\n<title>3M 8953 Ruban adh\u00e9sif | Cardinal TAPES<\/title>\n<meta name=\"description\" content=\"Le ruban adh\u00e9sif 3M 8953 se compose d&#039;un support enduit d&#039;un adh\u00e9sif compos\u00e9 d&#039;un caoutchouc synth\u00e9tique sans solvant. En savoir plus.\" \/>\n<meta name=\"robots\" content=\"index, follow, max-snippet:-1, max-image-preview:large, max-video-preview:-1\" \/>\n<link rel=\"canonical\" href=\"https:\/\/cardinal-tapes.com\/fr\/rubans-adh\u00e9sifs\/systemes-demballage\/3m-8953-bande-adhesive\/\" \/>\n<meta property=\"og:locale\" content=\"fr_FR\" \/>\n<meta property=\"og:type\" content=\"article\" \/>\n<meta property=\"og:title\" content=\"3M 8953 Ruban adh\u00e9sif | Cardinal TAPES\" \/>\n<meta property=\"og:description\" content=\"Le ruban adh\u00e9sif 3M 8953 se compose d&#039;un support enduit d&#039;un adh\u00e9sif compos\u00e9 d&#039;un caoutchouc synth\u00e9tique sans solvant. En savoir plus.\" \/>\n<meta property=\"og:url\" content=\"https:\/\/cardinal-tapes.com\/fr\/rubans-adh\u00e9sifs\/systemes-demballage\/3m-8953-bande-adhesive\/\" \/>\n<meta property=\"og:site_name\" content=\"cardinal TAPES\" \/>\n<meta property=\"og:image\" content=\"https:\/\/cardinal-tapes.com\/wp-content\/uploads\/3m_klebeband_8953.jpg\" \/>\n\t<meta property=\"og:image:width\" content=\"600\" \/>\n\t<meta property=\"og:image:height\" content=\"600\" \/>\n\t<meta property=\"og:image:type\" content=\"image\/jpeg\" \/>\n<meta name=\"twitter:card\" content=\"summary_large_image\" \/>\n<meta name=\"twitter:label1\" content=\"Dur\u00e9e de lecture estim\u00e9e\" \/>\n\t<meta name=\"twitter:data1\" content=\"1 minute\" \/>\n<script type=\"application\/ld+json\" class=\"yoast-schema-graph\">{\"@context\":\"https:\\\/\\\/schema.org\",\"@graph\":[{\"@type\":\"WebPage\",\"@id\":\"https:\\\/\\\/cardinal-tapes.com\\\/fr\\\/rubans-adh\u00e9sifs\\\/systemes-demballage\\\/3m-8953-bande-adhesive\\\/\",\"url\":\"https:\\\/\\\/cardinal-tapes.com\\\/fr\\\/rubans-adh\u00e9sifs\\\/systemes-demballage\\\/3m-8953-bande-adhesive\\\/\",\"name\":\"3M 8953 Ruban adh\u00e9sif | Cardinal TAPES\",\"isPartOf\":{\"@id\":\"https:\\\/\\\/cardinal-tapes.com\\\/#website\"},\"primaryImageOfPage\":{\"@id\":\"https:\\\/\\\/cardinal-tapes.com\\\/fr\\\/rubans-adh\u00e9sifs\\\/systemes-demballage\\\/3m-8953-bande-adhesive\\\/#primaryimage\"},\"image\":{\"@id\":\"https:\\\/\\\/cardinal-tapes.com\\\/fr\\\/rubans-adh\u00e9sifs\\\/systemes-demballage\\\/3m-8953-bande-adhesive\\\/#primaryimage\"},\"thumbnailUrl\":\"https:\\\/\\\/cardinal-tapes.com\\\/wp-content\\\/uploads\\\/3m_klebeband_8953.jpg\",\"datePublished\":\"2023-06-05T15:20:34+00:00\",\"description\":\"Le ruban adh\u00e9sif 3M 8953 se compose d'un support enduit d'un adh\u00e9sif compos\u00e9 d'un caoutchouc synth\u00e9tique sans solvant. En savoir plus.\",\"breadcrumb\":{\"@id\":\"https:\\\/\\\/cardinal-tapes.com\\\/fr\\\/rubans-adh\u00e9sifs\\\/systemes-demballage\\\/3m-8953-bande-adhesive\\\/#breadcrumb\"},\"inLanguage\":\"fr-FR\",\"potentialAction\":[{\"@type\":\"ReadAction\",\"target\":[\"https:\\\/\\\/cardinal-tapes.com\\\/fr\\\/rubans-adh\u00e9sifs\\\/systemes-demballage\\\/3m-8953-bande-adhesive\\\/\"]}]},{\"@type\":\"ImageObject\",\"inLanguage\":\"fr-FR\",\"@id\":\"https:\\\/\\\/cardinal-tapes.com\\\/fr\\\/rubans-adh\u00e9sifs\\\/systemes-demballage\\\/3m-8953-bande-adhesive\\\/#primaryimage\",\"url\":\"https:\\\/\\\/cardinal-tapes.com\\\/wp-content\\\/uploads\\\/3m_klebeband_8953.jpg\",\"contentUrl\":\"https:\\\/\\\/cardinal-tapes.com\\\/wp-content\\\/uploads\\\/3m_klebeband_8953.jpg\",\"width\":600,\"height\":600,\"caption\":\"Ruban adh\u00e9sif 3M 8953\"},{\"@type\":\"BreadcrumbList\",\"@id\":\"https:\\\/\\\/cardinal-tapes.com\\\/fr\\\/rubans-adh\u00e9sifs\\\/systemes-demballage\\\/3m-8953-bande-adhesive\\\/#breadcrumb\",\"itemListElement\":[{\"@type\":\"ListItem\",\"position\":1,\"name\":\"Startseite\",\"item\":\"https:\\\/\\\/cardinal-tapes.com\\\/fr\\\/accueil\\\/\"},{\"@type\":\"ListItem\",\"position\":2,\"name\":\"Rubans adh\u00e9sifs\",\"item\":\"https:\\\/\\\/cardinal-tapes.com\\\/fr\\\/rubans-adhesifs-fr\\\/\"},{\"@type\":\"ListItem\",\"position\":3,\"name\":\"Syst\u00e8mes d&#039;emballage\",\"item\":\"https:\\\/\\\/cardinal-tapes.com\\\/fr\\\/catgorie\\\/systemes-demballage\\\/\"},{\"@type\":\"ListItem\",\"position\":4,\"name\":\"3M\u2122 Ruban adh\u00e9sif en fibre de verre 8953\"}]},{\"@type\":\"WebSite\",\"@id\":\"https:\\\/\\\/cardinal-tapes.com\\\/#website\",\"url\":\"https:\\\/\\\/cardinal-tapes.com\\\/\",\"name\":\"cardinal TAPES\",\"description\":\"Klebetechnik aus Wuppertal\",\"potentialAction\":[{\"@type\":\"SearchAction\",\"target\":{\"@type\":\"EntryPoint\",\"urlTemplate\":\"https:\\\/\\\/cardinal-tapes.com\\\/?s={search_term_string}\"},\"query-input\":{\"@type\":\"PropertyValueSpecification\",\"valueRequired\":true,\"valueName\":\"search_term_string\"}}],\"inLanguage\":\"fr-FR\"}]}<\/script>\n<!-- \/ Yoast SEO plugin. -->","yoast_head_json":{"title":"3M 8953 Ruban adh\u00e9sif | Cardinal TAPES","description":"Le ruban adh\u00e9sif 3M 8953 se compose d'un support enduit d'un adh\u00e9sif compos\u00e9 d'un caoutchouc synth\u00e9tique sans solvant. En savoir plus.","robots":{"index":"index","follow":"follow","max-snippet":"max-snippet:-1","max-image-preview":"max-image-preview:large","max-video-preview":"max-video-preview:-1"},"canonical":"https:\/\/cardinal-tapes.com\/fr\/rubans-adh\u00e9sifs\/systemes-demballage\/3m-8953-bande-adhesive\/","og_locale":"fr_FR","og_type":"article","og_title":"3M 8953 Ruban adh\u00e9sif | Cardinal TAPES","og_description":"Le ruban adh\u00e9sif 3M 8953 se compose d'un support enduit d'un adh\u00e9sif compos\u00e9 d'un caoutchouc synth\u00e9tique sans solvant. En savoir plus.","og_url":"https:\/\/cardinal-tapes.com\/fr\/rubans-adh\u00e9sifs\/systemes-demballage\/3m-8953-bande-adhesive\/","og_site_name":"cardinal TAPES","og_image":[{"width":600,"height":600,"url":"https:\/\/cardinal-tapes.com\/wp-content\/uploads\/3m_klebeband_8953.jpg","type":"image\/jpeg"}],"twitter_card":"summary_large_image","twitter_misc":{"Dur\u00e9e de lecture estim\u00e9e":"1 minute"},"schema":{"@context":"https:\/\/schema.org","@graph":[{"@type":"WebPage","@id":"https:\/\/cardinal-tapes.com\/fr\/rubans-adh\u00e9sifs\/systemes-demballage\/3m-8953-bande-adhesive\/","url":"https:\/\/cardinal-tapes.com\/fr\/rubans-adh\u00e9sifs\/systemes-demballage\/3m-8953-bande-adhesive\/","name":"3M 8953 Ruban adh\u00e9sif | Cardinal TAPES","isPartOf":{"@id":"https:\/\/cardinal-tapes.com\/#website"},"primaryImageOfPage":{"@id":"https:\/\/cardinal-tapes.com\/fr\/rubans-adh\u00e9sifs\/systemes-demballage\/3m-8953-bande-adhesive\/#primaryimage"},"image":{"@id":"https:\/\/cardinal-tapes.com\/fr\/rubans-adh\u00e9sifs\/systemes-demballage\/3m-8953-bande-adhesive\/#primaryimage"},"thumbnailUrl":"https:\/\/cardinal-tapes.com\/wp-content\/uploads\/3m_klebeband_8953.jpg","datePublished":"2023-06-05T15:20:34+00:00","description":"Le ruban adh\u00e9sif 3M 8953 se compose d'un support enduit d'un adh\u00e9sif compos\u00e9 d'un caoutchouc synth\u00e9tique sans solvant. En savoir plus.","breadcrumb":{"@id":"https:\/\/cardinal-tapes.com\/fr\/rubans-adh\u00e9sifs\/systemes-demballage\/3m-8953-bande-adhesive\/#breadcrumb"},"inLanguage":"fr-FR","potentialAction":[{"@type":"ReadAction","target":["https:\/\/cardinal-tapes.com\/fr\/rubans-adh\u00e9sifs\/systemes-demballage\/3m-8953-bande-adhesive\/"]}]},{"@type":"ImageObject","inLanguage":"fr-FR","@id":"https:\/\/cardinal-tapes.com\/fr\/rubans-adh\u00e9sifs\/systemes-demballage\/3m-8953-bande-adhesive\/#primaryimage","url":"https:\/\/cardinal-tapes.com\/wp-content\/uploads\/3m_klebeband_8953.jpg","contentUrl":"https:\/\/cardinal-tapes.com\/wp-content\/uploads\/3m_klebeband_8953.jpg","width":600,"height":600,"caption":"Ruban adh\u00e9sif 3M 8953"},{"@type":"BreadcrumbList","@id":"https:\/\/cardinal-tapes.com\/fr\/rubans-adh\u00e9sifs\/systemes-demballage\/3m-8953-bande-adhesive\/#breadcrumb","itemListElement":[{"@type":"ListItem","position":1,"name":"Startseite","item":"https:\/\/cardinal-tapes.com\/fr\/accueil\/"},{"@type":"ListItem","position":2,"name":"Rubans adh\u00e9sifs","item":"https:\/\/cardinal-tapes.com\/fr\/rubans-adhesifs-fr\/"},{"@type":"ListItem","position":3,"name":"Syst\u00e8mes d&#039;emballage","item":"https:\/\/cardinal-tapes.com\/fr\/catgorie\/systemes-demballage\/"},{"@type":"ListItem","position":4,"name":"3M\u2122 Ruban adh\u00e9sif en fibre de verre 8953"}]},{"@type":"WebSite","@id":"https:\/\/cardinal-tapes.com\/#website","url":"https:\/\/cardinal-tapes.com\/","name":"cardinal TAPES","description":"Klebetechnik aus Wuppertal","potentialAction":[{"@type":"SearchAction","target":{"@type":"EntryPoint","urlTemplate":"https:\/\/cardinal-tapes.com\/?s={search_term_string}"},"query-input":{"@type":"PropertyValueSpecification","valueRequired":true,"valueName":"search_term_string"}}],"inLanguage":"fr-FR"}]}},"brands":[{"id":2167,"name":"3M","slug":"3m-fr"}],"_links":{"self":[{"href":"https:\/\/cardinal-tapes.com\/fr\/wp-json\/wp\/v2\/product\/52898","targetHints":{"allow":["GET"]}}],"collection":[{"href":"https:\/\/cardinal-tapes.com\/fr\/wp-json\/wp\/v2\/product"}],"about":[{"href":"https:\/\/cardinal-tapes.com\/fr\/wp-json\/wp\/v2\/types\/product"}],"wp:featuredmedia":[{"embeddable":true,"href":"https:\/\/cardinal-tapes.com\/fr\/wp-json\/wp\/v2\/media\/25416"}],"wp:attachment":[{"href":"https:\/\/cardinal-tapes.com\/fr\/wp-json\/wp\/v2\/media?parent=52898"}],"wp:term":[{"taxonomy":"pwb-brand","embeddable":true,"href":"https:\/\/cardinal-tapes.com\/fr\/wp-json\/wp\/v2\/pwb-brand?post=52898"},{"taxonomy":"product_brand","embeddable":true,"href":"https:\/\/cardinal-tapes.com\/fr\/wp-json\/wp\/v2\/product_brand?post=52898"},{"taxonomy":"product_cat","embeddable":true,"href":"https:\/\/cardinal-tapes.com\/fr\/wp-json\/wp\/v2\/product_cat?post=52898"},{"taxonomy":"product_tag","embeddable":true,"href":"https:\/\/cardinal-tapes.com\/fr\/wp-json\/wp\/v2\/product_tag?post=52898"}],"curies":[{"name":"wp","href":"https:\/\/api.w.org\/{rel}","templated":true}]}}