{"id":52897,"date":"2018-01-26T15:11:24","date_gmt":"2023-06-05T15:20:34","guid":{"rendered":"https:\/\/cardinal.pixel-tal.de\/klebebaender\/non%20class\u00e9\/ruban-adhesif-polyester-3m-850-850-f\/"},"modified":"2025-07-03T14:09:07","modified_gmt":"2025-07-03T12:09:07","slug":"ruban-adhesif-en-polyester-de-3m-850","status":"publish","type":"product","link":"https:\/\/cardinal-tapes.com\/fr\/rubans-adh\u00e9sifs\/rubans-adhesifs-simple-face\/ruban-adhesif-en-polyester-de-3m-850\/","title":{"rendered":"Ruban adh\u00e9sif polyester 3M\u2122 850\/850 F"},"content":{"rendered":"<p>Gr\u00e2ce \u00e0 ses nombreux avantages, le ruban adh\u00e9sif en polyester 3M\u2122 850 peut \u00eatre utilis\u00e9 dans de nombreux domaines. Les nombreuses applications sont par exemple le maintien, l&#8217;\u00e9pissure, le renforcement, la r\u00e9paration, l&#8217;emballage et bien d&#8217;autres encore. Les supports pr\u00e9sentent une r\u00e9sistance \u00e9lev\u00e9e \u00e0 la d\u00e9chirure, aux produits chimiques et \u00e0 l&#8217;abrasion. Ainsi, le travail peut \u00eatre consid\u00e9rablement facilit\u00e9 dans certains domaines.<\/p>\n<p><strong>Caract\u00e9ristiques<\/strong><br \/>\n&#8211; Haute r\u00e9sistance \u00e0 la d\u00e9chirure, aux produits chimiques et \u00e0 l&#8217;abrasion<\/p>\n<p><strong>Applications<\/strong><br \/>\n&#8211; Pour fixer, couvrir, prot\u00e9ger, isoler, renforcer ou \u00e9pisser<\/p>\n","protected":false},"excerpt":{"rendered":"<p>Gr\u00e2ce \u00e0 ses nombreux avantages, le ruban adh\u00e9sif en polyester 3M\u2122 850 peut \u00eatre utilis\u00e9 dans de nombreux domaines. Les nombreuses applications sont par exemple le maintien, l&#8217;\u00e9pissure, le renforcement, la r\u00e9paration, l&#8217;emballage et bien d&#8217;autres encore. Les supports pr\u00e9sentent une r\u00e9sistance \u00e9lev\u00e9e \u00e0 la d\u00e9chirure, aux produits chimiques et \u00e0 l&#8217;abrasion. Ainsi, le travail [&hellip;]<\/p>\n","protected":false},"featured_media":24436,"template":"","meta":{"_acf_changed":false},"pwb-brand":[2167],"product_brand":[],"product_cat":[1836],"product_tag":[],"class_list":{"0":"post-52897","1":"product","2":"type-product","3":"status-publish","4":"has-post-thumbnail","6":"pwb-brand-3m-fr","7":"product_cat-rubans-adhesifs-simple-face","9":"first","10":"instock","11":"taxable","12":"shipping-taxable","13":"purchasable","14":"product-type-variable"},"acf":[],"yoast_head":"<!-- This site is optimized with the Yoast SEO plugin v27.3 - https:\/\/yoast.com\/product\/yoast-seo-wordpress\/ -->\n<title>3M\u2122 850\/850 F Bande adh\u00e9sive en polyester | Cardinal TAPES<\/title>\n<meta name=\"description\" content=\"Gr\u00e2ce \u00e0 ses nombreux avantages, le ruban adh\u00e9sif en polyester 3M 850 peut \u00eatre utilis\u00e9 dans de nombreux domaines. En savoir plus ici.\" \/>\n<meta name=\"robots\" content=\"index, follow, max-snippet:-1, max-image-preview:large, max-video-preview:-1\" \/>\n<link rel=\"canonical\" href=\"https:\/\/cardinal-tapes.com\/fr\/rubans-adh\u00e9sifs\/rubans-adhesifs-simple-face\/ruban-adhesif-en-polyester-de-3m-850\/\" \/>\n<meta property=\"og:locale\" content=\"fr_FR\" \/>\n<meta property=\"og:type\" content=\"article\" \/>\n<meta property=\"og:title\" content=\"3M\u2122 850\/850 F Bande adh\u00e9sive en polyester | Cardinal TAPES\" \/>\n<meta property=\"og:description\" content=\"Gr\u00e2ce \u00e0 ses nombreux avantages, le ruban adh\u00e9sif en polyester 3M 850 peut \u00eatre utilis\u00e9 dans de nombreux domaines. En savoir plus ici.\" \/>\n<meta property=\"og:url\" content=\"https:\/\/cardinal-tapes.com\/fr\/rubans-adh\u00e9sifs\/rubans-adhesifs-simple-face\/ruban-adhesif-en-polyester-de-3m-850\/\" \/>\n<meta property=\"og:site_name\" content=\"cardinal TAPES\" \/>\n<meta property=\"article:modified_time\" content=\"2025-07-03T12:09:07+00:00\" \/>\n<meta property=\"og:image\" content=\"https:\/\/cardinal-tapes.com\/wp-content\/uploads\/3m_polyesterklebeband_396.jpg\" \/>\n\t<meta property=\"og:image:width\" content=\"600\" \/>\n\t<meta property=\"og:image:height\" content=\"600\" \/>\n\t<meta property=\"og:image:type\" content=\"image\/jpeg\" \/>\n<meta name=\"twitter:card\" content=\"summary_large_image\" \/>\n<script type=\"application\/ld+json\" class=\"yoast-schema-graph\">{\"@context\":\"https:\\\/\\\/schema.org\",\"@graph\":[{\"@type\":\"WebPage\",\"@id\":\"https:\\\/\\\/cardinal-tapes.com\\\/fr\\\/rubans-adh\u00e9sifs\\\/rubans-adhesifs-simple-face\\\/ruban-adhesif-en-polyester-de-3m-850\\\/\",\"url\":\"https:\\\/\\\/cardinal-tapes.com\\\/fr\\\/rubans-adh\u00e9sifs\\\/rubans-adhesifs-simple-face\\\/ruban-adhesif-en-polyester-de-3m-850\\\/\",\"name\":\"3M\u2122 850\\\/850 F Bande adh\u00e9sive en polyester | Cardinal TAPES\",\"isPartOf\":{\"@id\":\"https:\\\/\\\/cardinal-tapes.com\\\/#website\"},\"primaryImageOfPage\":{\"@id\":\"https:\\\/\\\/cardinal-tapes.com\\\/fr\\\/rubans-adh\u00e9sifs\\\/rubans-adhesifs-simple-face\\\/ruban-adhesif-en-polyester-de-3m-850\\\/#primaryimage\"},\"image\":{\"@id\":\"https:\\\/\\\/cardinal-tapes.com\\\/fr\\\/rubans-adh\u00e9sifs\\\/rubans-adhesifs-simple-face\\\/ruban-adhesif-en-polyester-de-3m-850\\\/#primaryimage\"},\"thumbnailUrl\":\"https:\\\/\\\/cardinal-tapes.com\\\/wp-content\\\/uploads\\\/3m_polyesterklebeband_396.jpg\",\"datePublished\":\"2023-06-05T15:20:34+00:00\",\"dateModified\":\"2025-07-03T12:09:07+00:00\",\"description\":\"Gr\u00e2ce \u00e0 ses nombreux avantages, le ruban adh\u00e9sif en polyester 3M 850 peut \u00eatre utilis\u00e9 dans de nombreux domaines. En savoir plus ici.\",\"breadcrumb\":{\"@id\":\"https:\\\/\\\/cardinal-tapes.com\\\/fr\\\/rubans-adh\u00e9sifs\\\/rubans-adhesifs-simple-face\\\/ruban-adhesif-en-polyester-de-3m-850\\\/#breadcrumb\"},\"inLanguage\":\"fr-FR\",\"potentialAction\":[{\"@type\":\"ReadAction\",\"target\":[\"https:\\\/\\\/cardinal-tapes.com\\\/fr\\\/rubans-adh\u00e9sifs\\\/rubans-adhesifs-simple-face\\\/ruban-adhesif-en-polyester-de-3m-850\\\/\"]}]},{\"@type\":\"ImageObject\",\"inLanguage\":\"fr-FR\",\"@id\":\"https:\\\/\\\/cardinal-tapes.com\\\/fr\\\/rubans-adh\u00e9sifs\\\/rubans-adhesifs-simple-face\\\/ruban-adhesif-en-polyester-de-3m-850\\\/#primaryimage\",\"url\":\"https:\\\/\\\/cardinal-tapes.com\\\/wp-content\\\/uploads\\\/3m_polyesterklebeband_396.jpg\",\"contentUrl\":\"https:\\\/\\\/cardinal-tapes.com\\\/wp-content\\\/uploads\\\/3m_polyesterklebeband_396.jpg\",\"width\":600,\"height\":600,\"caption\":\"Ruban adh\u00e9sif polyester 3M 396\"},{\"@type\":\"BreadcrumbList\",\"@id\":\"https:\\\/\\\/cardinal-tapes.com\\\/fr\\\/rubans-adh\u00e9sifs\\\/rubans-adhesifs-simple-face\\\/ruban-adhesif-en-polyester-de-3m-850\\\/#breadcrumb\",\"itemListElement\":[{\"@type\":\"ListItem\",\"position\":1,\"name\":\"Startseite\",\"item\":\"https:\\\/\\\/cardinal-tapes.com\\\/fr\\\/accueil\\\/\"},{\"@type\":\"ListItem\",\"position\":2,\"name\":\"Rubans adh\u00e9sifs\",\"item\":\"https:\\\/\\\/cardinal-tapes.com\\\/fr\\\/rubans-adhesifs-fr\\\/\"},{\"@type\":\"ListItem\",\"position\":3,\"name\":\"Rubans adh\u00e9sifs simple face\",\"item\":\"https:\\\/\\\/cardinal-tapes.com\\\/fr\\\/catgorie\\\/rubans-adhesifs-simple-face\\\/\"},{\"@type\":\"ListItem\",\"position\":4,\"name\":\"Ruban adh\u00e9sif polyester 3M\u2122 850\\\/850 F\"}]},{\"@type\":\"WebSite\",\"@id\":\"https:\\\/\\\/cardinal-tapes.com\\\/#website\",\"url\":\"https:\\\/\\\/cardinal-tapes.com\\\/\",\"name\":\"cardinal TAPES\",\"description\":\"Klebetechnik aus Wuppertal\",\"potentialAction\":[{\"@type\":\"SearchAction\",\"target\":{\"@type\":\"EntryPoint\",\"urlTemplate\":\"https:\\\/\\\/cardinal-tapes.com\\\/?s={search_term_string}\"},\"query-input\":{\"@type\":\"PropertyValueSpecification\",\"valueRequired\":true,\"valueName\":\"search_term_string\"}}],\"inLanguage\":\"fr-FR\"}]}<\/script>\n<!-- \/ Yoast SEO plugin. -->","yoast_head_json":{"title":"3M\u2122 850\/850 F Bande adh\u00e9sive en polyester | Cardinal TAPES","description":"Gr\u00e2ce \u00e0 ses nombreux avantages, le ruban adh\u00e9sif en polyester 3M 850 peut \u00eatre utilis\u00e9 dans de nombreux domaines. En savoir plus ici.","robots":{"index":"index","follow":"follow","max-snippet":"max-snippet:-1","max-image-preview":"max-image-preview:large","max-video-preview":"max-video-preview:-1"},"canonical":"https:\/\/cardinal-tapes.com\/fr\/rubans-adh\u00e9sifs\/rubans-adhesifs-simple-face\/ruban-adhesif-en-polyester-de-3m-850\/","og_locale":"fr_FR","og_type":"article","og_title":"3M\u2122 850\/850 F Bande adh\u00e9sive en polyester | Cardinal TAPES","og_description":"Gr\u00e2ce \u00e0 ses nombreux avantages, le ruban adh\u00e9sif en polyester 3M 850 peut \u00eatre utilis\u00e9 dans de nombreux domaines. En savoir plus ici.","og_url":"https:\/\/cardinal-tapes.com\/fr\/rubans-adh\u00e9sifs\/rubans-adhesifs-simple-face\/ruban-adhesif-en-polyester-de-3m-850\/","og_site_name":"cardinal TAPES","article_modified_time":"2025-07-03T12:09:07+00:00","og_image":[{"width":600,"height":600,"url":"https:\/\/cardinal-tapes.com\/wp-content\/uploads\/3m_polyesterklebeband_396.jpg","type":"image\/jpeg"}],"twitter_card":"summary_large_image","schema":{"@context":"https:\/\/schema.org","@graph":[{"@type":"WebPage","@id":"https:\/\/cardinal-tapes.com\/fr\/rubans-adh\u00e9sifs\/rubans-adhesifs-simple-face\/ruban-adhesif-en-polyester-de-3m-850\/","url":"https:\/\/cardinal-tapes.com\/fr\/rubans-adh\u00e9sifs\/rubans-adhesifs-simple-face\/ruban-adhesif-en-polyester-de-3m-850\/","name":"3M\u2122 850\/850 F Bande adh\u00e9sive en polyester | Cardinal TAPES","isPartOf":{"@id":"https:\/\/cardinal-tapes.com\/#website"},"primaryImageOfPage":{"@id":"https:\/\/cardinal-tapes.com\/fr\/rubans-adh\u00e9sifs\/rubans-adhesifs-simple-face\/ruban-adhesif-en-polyester-de-3m-850\/#primaryimage"},"image":{"@id":"https:\/\/cardinal-tapes.com\/fr\/rubans-adh\u00e9sifs\/rubans-adhesifs-simple-face\/ruban-adhesif-en-polyester-de-3m-850\/#primaryimage"},"thumbnailUrl":"https:\/\/cardinal-tapes.com\/wp-content\/uploads\/3m_polyesterklebeband_396.jpg","datePublished":"2023-06-05T15:20:34+00:00","dateModified":"2025-07-03T12:09:07+00:00","description":"Gr\u00e2ce \u00e0 ses nombreux avantages, le ruban adh\u00e9sif en polyester 3M 850 peut \u00eatre utilis\u00e9 dans de nombreux domaines. En savoir plus ici.","breadcrumb":{"@id":"https:\/\/cardinal-tapes.com\/fr\/rubans-adh\u00e9sifs\/rubans-adhesifs-simple-face\/ruban-adhesif-en-polyester-de-3m-850\/#breadcrumb"},"inLanguage":"fr-FR","potentialAction":[{"@type":"ReadAction","target":["https:\/\/cardinal-tapes.com\/fr\/rubans-adh\u00e9sifs\/rubans-adhesifs-simple-face\/ruban-adhesif-en-polyester-de-3m-850\/"]}]},{"@type":"ImageObject","inLanguage":"fr-FR","@id":"https:\/\/cardinal-tapes.com\/fr\/rubans-adh\u00e9sifs\/rubans-adhesifs-simple-face\/ruban-adhesif-en-polyester-de-3m-850\/#primaryimage","url":"https:\/\/cardinal-tapes.com\/wp-content\/uploads\/3m_polyesterklebeband_396.jpg","contentUrl":"https:\/\/cardinal-tapes.com\/wp-content\/uploads\/3m_polyesterklebeband_396.jpg","width":600,"height":600,"caption":"Ruban adh\u00e9sif polyester 3M 396"},{"@type":"BreadcrumbList","@id":"https:\/\/cardinal-tapes.com\/fr\/rubans-adh\u00e9sifs\/rubans-adhesifs-simple-face\/ruban-adhesif-en-polyester-de-3m-850\/#breadcrumb","itemListElement":[{"@type":"ListItem","position":1,"name":"Startseite","item":"https:\/\/cardinal-tapes.com\/fr\/accueil\/"},{"@type":"ListItem","position":2,"name":"Rubans adh\u00e9sifs","item":"https:\/\/cardinal-tapes.com\/fr\/rubans-adhesifs-fr\/"},{"@type":"ListItem","position":3,"name":"Rubans adh\u00e9sifs simple face","item":"https:\/\/cardinal-tapes.com\/fr\/catgorie\/rubans-adhesifs-simple-face\/"},{"@type":"ListItem","position":4,"name":"Ruban adh\u00e9sif polyester 3M\u2122 850\/850 F"}]},{"@type":"WebSite","@id":"https:\/\/cardinal-tapes.com\/#website","url":"https:\/\/cardinal-tapes.com\/","name":"cardinal TAPES","description":"Klebetechnik aus Wuppertal","potentialAction":[{"@type":"SearchAction","target":{"@type":"EntryPoint","urlTemplate":"https:\/\/cardinal-tapes.com\/?s={search_term_string}"},"query-input":{"@type":"PropertyValueSpecification","valueRequired":true,"valueName":"search_term_string"}}],"inLanguage":"fr-FR"}]}},"brands":[{"id":2167,"name":"3M","slug":"3m-fr"}],"_links":{"self":[{"href":"https:\/\/cardinal-tapes.com\/fr\/wp-json\/wp\/v2\/product\/52897","targetHints":{"allow":["GET"]}}],"collection":[{"href":"https:\/\/cardinal-tapes.com\/fr\/wp-json\/wp\/v2\/product"}],"about":[{"href":"https:\/\/cardinal-tapes.com\/fr\/wp-json\/wp\/v2\/types\/product"}],"wp:featuredmedia":[{"embeddable":true,"href":"https:\/\/cardinal-tapes.com\/fr\/wp-json\/wp\/v2\/media\/24436"}],"wp:attachment":[{"href":"https:\/\/cardinal-tapes.com\/fr\/wp-json\/wp\/v2\/media?parent=52897"}],"wp:term":[{"taxonomy":"pwb-brand","embeddable":true,"href":"https:\/\/cardinal-tapes.com\/fr\/wp-json\/wp\/v2\/pwb-brand?post=52897"},{"taxonomy":"product_brand","embeddable":true,"href":"https:\/\/cardinal-tapes.com\/fr\/wp-json\/wp\/v2\/product_brand?post=52897"},{"taxonomy":"product_cat","embeddable":true,"href":"https:\/\/cardinal-tapes.com\/fr\/wp-json\/wp\/v2\/product_cat?post=52897"},{"taxonomy":"product_tag","embeddable":true,"href":"https:\/\/cardinal-tapes.com\/fr\/wp-json\/wp\/v2\/product_tag?post=52897"}],"curies":[{"name":"wp","href":"https:\/\/api.w.org\/{rel}","templated":true}]}}